{"id":77,"date":"2018-08-09T14:01:56","date_gmt":"2018-08-09T11:01:56","guid":{"rendered":"https:\/\/rotary.fi\/klubi2\/?page_id=77"},"modified":"2025-02-02T10:06:15","modified_gmt":"2025-02-02T08:06:15","slug":"mita-teemme","status":"publish","type":"page","link":"https:\/\/rotary.fi\/tamperehervanta\/mita-teemme\/","title":{"rendered":"Mit\u00e4 teemme"},"content":{"rendered":"<div class=\"et_pb_module et_pb_text et_pb_text_1 et_pb_bg_layout_light et_pb_text_align_center\">\n<div class=\"et_pb_text_inner\" style=\"text-align: left\">Tampere-Hervannan rotaryklubin toiminta painottuu sivistykselliseen toimintaan, sill\u00e4 viikkokokouksissa kuullaan esitelmi\u00e4 p\u00e4\u00e4asiassa ajankohtaisista yhteiskunnallisista aiheista. Tampereen seudun kehitt\u00e4minen on klubin erityinen kiinnostuksenkohde.<\/div>\n<\/div>\n<div><\/div>\n<div>Toinen palvelualue, johon klubi on viime vuosina panostanut, on kansainv\u00e4linen katastrofiapu. Klubi osallistui vuonna 2022 rotarypiirien D1390 ja D9940 (Uusi-Seelanti) yhteiseen projektiin, jossa kuusi kentt\u00e4ambulanssia varusteineen matkasi Suomesta Ukrainaan ja luovutettiin Kharkiv New Level -rotaryklubille. Lue lis\u00e4\u00e4 <a href=\"https:\/\/rotary.fi\/d1390\/blog\/ajankohtaiset\/rotarypiirien-d1390-ja-d9940-uusi-seelanti-yhteinen-projekti-on-saatu-toimitettua-perille-ukrainaan\/\">t\u00e4\u00e4lt\u00e4<\/a>. Syyskaudella 2024 klubi hankki ns, k\u00e4velev\u00e4 veripankki -laitteistoja Harkovaan, miss\u00e4 alaan perehtynyt erikoisl\u00e4\u00e4k\u00e4rin osoitti niille k\u00e4ytt\u00f6paikan haavoittuneiden hoitoon. Lue lis\u00e4\u00e4 <a href=\"https:\/\/rotary.fi\/tamperehervanta\/ajankohtaiset\/kaveleva-veripankki-avustusprojekti-kaynnissa\/\">t\u00e4\u00e4lt\u00e4<\/a>.<\/div>\n<div class=\"et_pb_module et_pb_text et_pb_text_2 et_pb_bg_layout_light et_pb_text_align_left\">\n<div class=\"et_pb_text_inner\"><\/div>\n<\/div>\n","protected":false},"excerpt":{"rendered":"<p>Tampere-Hervannan rotaryklubin toiminta painottuu sivistykselliseen toimintaan, sill\u00e4 viikkokokouksissa kuullaan esitelmi\u00e4 p\u00e4\u00e4asiassa ajankohtaisista yhteiskunnallisista aiheista. Tampereen seudun kehitt\u00e4minen on klubin erityinen kiinnostuksenkohde. Toinen palvelualue, johon klubi on viime vuosina panostanut, on kansainv\u00e4linen katastrofiapu. Klubi osallistui vuonna 2022 rotarypiirien D1390 ja D9940 (Uusi-Seelanti) yhteiseen projektiin, jossa kuusi kentt\u00e4ambulanssia varusteineen matkasi Suomesta Ukrainaan ja luovutettiin Kharkiv New Level [&hellip;]<\/p>\n","protected":false},"author":1,"featured_media":0,"parent":0,"menu_order":2,"comment_status":"closed","ping_status":"closed","template":"","meta":{"_acf_changed":false,"_et_pb_use_builder":"off","_et_pb_old_content":"","_et_gb_content_width":"","footnotes":""},"class_list":["post-77","page","type-page","status-publish","hentry"],"acf":[],"yoast_head":"<!-- This site is optimized with the Yoast SEO plugin v27.4 - https:\/\/yoast.com\/product\/yoast-seo-wordpress\/ -->\n<title>Mit\u00e4 teemme - Tampere-Hervannan Rotaryklubi<\/title>\n<meta name=\"robots\" content=\"index, follow, max-snippet:-1, max-image-preview:large, max-video-preview:-1\" \/>\n<link rel=\"canonical\" href=\"https:\/\/rotary.fi\/tamperehervanta\/mita-teemme\/\" \/>\n<meta property=\"og:locale\" content=\"fi_FI\" \/>\n<meta property=\"og:type\" content=\"article\" \/>\n<meta property=\"og:title\" content=\"Mit\u00e4 teemme - Tampere-Hervannan Rotaryklubi\" \/>\n<meta property=\"og:description\" content=\"Tampere-Hervannan rotaryklubin toiminta painottuu sivistykselliseen toimintaan, sill\u00e4 viikkokokouksissa kuullaan esitelmi\u00e4 p\u00e4\u00e4asiassa ajankohtaisista yhteiskunnallisista aiheista. Tampereen seudun kehitt\u00e4minen on klubin erityinen kiinnostuksenkohde. Toinen palvelualue, johon klubi on viime vuosina panostanut, on kansainv\u00e4linen katastrofiapu. Klubi osallistui vuonna 2022 rotarypiirien D1390 ja D9940 (Uusi-Seelanti) yhteiseen projektiin, jossa kuusi kentt\u00e4ambulanssia varusteineen matkasi Suomesta Ukrainaan ja luovutettiin Kharkiv New Level [&hellip;]\" \/>\n<meta property=\"og:url\" content=\"https:\/\/rotary.fi\/tamperehervanta\/mita-teemme\/\" \/>\n<meta property=\"og:site_name\" content=\"Tampere-Hervannan Rotaryklubi\" \/>\n<meta property=\"article:modified_time\" content=\"2025-02-02T08:06:15+00:00\" \/>\n<meta name=\"twitter:card\" content=\"summary_large_image\" \/>\n<meta name=\"twitter:label1\" content=\"Arvioitu lukuaika\" \/>\n\t<meta name=\"twitter:data1\" content=\"1 minuutti\" \/>\n<script type=\"application\/ld+json\" class=\"yoast-schema-graph\">{\"@context\":\"https:\\\/\\\/schema.org\",\"@graph\":[{\"@type\":\"WebPage\",\"@id\":\"https:\\\/\\\/rotary.fi\\\/tamperehervanta\\\/mita-teemme\\\/\",\"url\":\"https:\\\/\\\/rotary.fi\\\/tamperehervanta\\\/mita-teemme\\\/\",\"name\":\"Mit\u00e4 teemme - Tampere-Hervannan Rotaryklubi\",\"isPartOf\":{\"@id\":\"https:\\\/\\\/rotary.fi\\\/tamperehervanta\\\/#website\"},\"datePublished\":\"2018-08-09T11:01:56+00:00\",\"dateModified\":\"2025-02-02T08:06:15+00:00\",\"breadcrumb\":{\"@id\":\"https:\\\/\\\/rotary.fi\\\/tamperehervanta\\\/mita-teemme\\\/#breadcrumb\"},\"inLanguage\":\"fi\",\"potentialAction\":[{\"@type\":\"ReadAction\",\"target\":[\"https:\\\/\\\/rotary.fi\\\/tamperehervanta\\\/mita-teemme\\\/\"]}]},{\"@type\":\"BreadcrumbList\",\"@id\":\"https:\\\/\\\/rotary.fi\\\/tamperehervanta\\\/mita-teemme\\\/#breadcrumb\",\"itemListElement\":[{\"@type\":\"ListItem\",\"position\":1,\"name\":\"Home\",\"item\":\"https:\\\/\\\/rotary.fi\\\/tamperehervanta\\\/\"},{\"@type\":\"ListItem\",\"position\":2,\"name\":\"Mit\u00e4 teemme\"}]},{\"@type\":\"WebSite\",\"@id\":\"https:\\\/\\\/rotary.fi\\\/tamperehervanta\\\/#website\",\"url\":\"https:\\\/\\\/rotary.fi\\\/tamperehervanta\\\/\",\"name\":\"Tampere-Hervannan Rotaryklubi\",\"description\":\"Uusi Rotary klubisivusto\",\"potentialAction\":[{\"@type\":\"SearchAction\",\"target\":{\"@type\":\"EntryPoint\",\"urlTemplate\":\"https:\\\/\\\/rotary.fi\\\/tamperehervanta\\\/?s={search_term_string}\"},\"query-input\":{\"@type\":\"PropertyValueSpecification\",\"valueRequired\":true,\"valueName\":\"search_term_string\"}}],\"inLanguage\":\"fi\"}]}<\/script>\n<!-- \/ Yoast SEO plugin. -->","yoast_head_json":{"title":"Mit\u00e4 teemme - Tampere-Hervannan Rotaryklubi","robots":{"index":"index","follow":"follow","max-snippet":"max-snippet:-1","max-image-preview":"max-image-preview:large","max-video-preview":"max-video-preview:-1"},"canonical":"https:\/\/rotary.fi\/tamperehervanta\/mita-teemme\/","og_locale":"fi_FI","og_type":"article","og_title":"Mit\u00e4 teemme - Tampere-Hervannan Rotaryklubi","og_description":"Tampere-Hervannan rotaryklubin toiminta painottuu sivistykselliseen toimintaan, sill\u00e4 viikkokokouksissa kuullaan esitelmi\u00e4 p\u00e4\u00e4asiassa ajankohtaisista yhteiskunnallisista aiheista. Tampereen seudun kehitt\u00e4minen on klubin erityinen kiinnostuksenkohde. Toinen palvelualue, johon klubi on viime vuosina panostanut, on kansainv\u00e4linen katastrofiapu. Klubi osallistui vuonna 2022 rotarypiirien D1390 ja D9940 (Uusi-Seelanti) yhteiseen projektiin, jossa kuusi kentt\u00e4ambulanssia varusteineen matkasi Suomesta Ukrainaan ja luovutettiin Kharkiv New Level [&hellip;]","og_url":"https:\/\/rotary.fi\/tamperehervanta\/mita-teemme\/","og_site_name":"Tampere-Hervannan Rotaryklubi","article_modified_time":"2025-02-02T08:06:15+00:00","twitter_card":"summary_large_image","twitter_misc":{"Arvioitu lukuaika":"1 minuutti"},"schema":{"@context":"https:\/\/schema.org","@graph":[{"@type":"WebPage","@id":"https:\/\/rotary.fi\/tamperehervanta\/mita-teemme\/","url":"https:\/\/rotary.fi\/tamperehervanta\/mita-teemme\/","name":"Mit\u00e4 teemme - Tampere-Hervannan Rotaryklubi","isPartOf":{"@id":"https:\/\/rotary.fi\/tamperehervanta\/#website"},"datePublished":"2018-08-09T11:01:56+00:00","dateModified":"2025-02-02T08:06:15+00:00","breadcrumb":{"@id":"https:\/\/rotary.fi\/tamperehervanta\/mita-teemme\/#breadcrumb"},"inLanguage":"fi","potentialAction":[{"@type":"ReadAction","target":["https:\/\/rotary.fi\/tamperehervanta\/mita-teemme\/"]}]},{"@type":"BreadcrumbList","@id":"https:\/\/rotary.fi\/tamperehervanta\/mita-teemme\/#breadcrumb","itemListElement":[{"@type":"ListItem","position":1,"name":"Home","item":"https:\/\/rotary.fi\/tamperehervanta\/"},{"@type":"ListItem","position":2,"name":"Mit\u00e4 teemme"}]},{"@type":"WebSite","@id":"https:\/\/rotary.fi\/tamperehervanta\/#website","url":"https:\/\/rotary.fi\/tamperehervanta\/","name":"Tampere-Hervannan Rotaryklubi","description":"Uusi Rotary klubisivusto","potentialAction":[{"@type":"SearchAction","target":{"@type":"EntryPoint","urlTemplate":"https:\/\/rotary.fi\/tamperehervanta\/?s={search_term_string}"},"query-input":{"@type":"PropertyValueSpecification","valueRequired":true,"valueName":"search_term_string"}}],"inLanguage":"fi"}]}},"lang":"fi","translations":{"fi":77,"en":1447},"pll_sync_post":[],"_links":{"self":[{"href":"https:\/\/rotary.fi\/tamperehervanta\/wp-json\/wp\/v2\/pages\/77","targetHints":{"allow":["GET"]}}],"collection":[{"href":"https:\/\/rotary.fi\/tamperehervanta\/wp-json\/wp\/v2\/pages"}],"about":[{"href":"https:\/\/rotary.fi\/tamperehervanta\/wp-json\/wp\/v2\/types\/page"}],"author":[{"embeddable":true,"href":"https:\/\/rotary.fi\/tamperehervanta\/wp-json\/wp\/v2\/users\/1"}],"replies":[{"embeddable":true,"href":"https:\/\/rotary.fi\/tamperehervanta\/wp-json\/wp\/v2\/comments?post=77"}],"version-history":[{"count":10,"href":"https:\/\/rotary.fi\/tamperehervanta\/wp-json\/wp\/v2\/pages\/77\/revisions"}],"predecessor-version":[{"id":2288,"href":"https:\/\/rotary.fi\/tamperehervanta\/wp-json\/wp\/v2\/pages\/77\/revisions\/2288"}],"wp:attachment":[{"href":"https:\/\/rotary.fi\/tamperehervanta\/wp-json\/wp\/v2\/media?parent=77"}],"curies":[{"name":"wp","href":"https:\/\/api.w.org\/{rel}","templated":true}]}}