{"id":273,"date":"2018-10-24T11:32:22","date_gmt":"2018-10-24T08:32:22","guid":{"rendered":"https:\/\/rotary.fi\/tamperehervanta\/?page_id=273"},"modified":"2020-03-23T17:09:19","modified_gmt":"2020-03-23T15:09:19","slug":"olemme-osa-piiria-1390","status":"publish","type":"page","link":"https:\/\/rotary.fi\/tamperehervanta\/keita-olemme\/olemme-osa-piiria-1390\/","title":{"rendered":"Olemme osa piiri\u00e4 1390"},"content":{"rendered":"<p>[et_pb_section admin_label=&#8221;section&#8221;]<br \/>\n\t\t\t[et_pb_row admin_label=&#8221;row&#8221;]<br \/>\n\t\t\t\t[et_pb_column type=&#8221;4_4&#8243;][et_pb_text admin_label=&#8221;Text&#8221;]<\/p>\n<div class=\"et_pb_module et_pb_text et_pb_text_1 et_pb_bg_layout_light et_pb_text_align_center\">\n<div class=\"et_pb_text_inner\">\n<h1>Rotarypiirit<\/h1>\n<\/div>\n<\/div>\n<div class=\"et_pb_module et_pb_text et_pb_text_2 et_pb_bg_layout_light et_pb_text_align_left\">\n<div class=\"et_pb_text_inner\">\n<p>Suomessa on kuusi rotarypiiri\u00e4, joihin kuuluu Suomen lis\u00e4ksi Viro. Jokaista piiri\u00e4 johtaa piirikuvern\u00f6\u00f6ri.\u00a0Oman piirimme, Keski-Suomi, Piiri 1390:n kuvern\u00f6\u00f6rin\u00e4 toimintavuotena 2019-2020 on<strong>\u00a0Eija Hatakka-Peltonen\u00a0<\/strong>\u00a0Akaan Rotaryklubista. Piiriss\u00e4 1390 on 54 Rotaryklubia P\u00e4ij\u00e4t-H\u00e4meen, H\u00e4meen, Pirkanmaan ja Keski-Suomen alueilta<\/p>\n<p>Kuvern\u00f6\u00f6rin tukena toimivat piirineuvosto, komiteat ja toimikunnat sek\u00e4 piirin eri alueiden apulaiskuvern\u00f6\u00f6rit. Klubit tekev\u00e4t ehdotukset kuvern\u00f6\u00f6reist\u00e4, ja piirin nime\u00e4miskomitea valitsee ehdokkaista sopivimmaksi katsomansa kuvern\u00f6\u00f6rin. Tuleva kuvern\u00f6\u00f6ri nimitet\u00e4\u00e4n Rotary Internationalin maailmankonferenssissa.<\/p>\n<p>Piiri j\u00e4rjest\u00e4\u00e4 klubeille useita tapahtumia vuoden aikana. Niist\u00e4 t\u00e4rkein on tulevien klubipresidenttien ja klubivirkailijoiden koulutusseminaari (PETS) maaliskuussa.<\/p>\n<p>Piirikokous j\u00e4rjestet\u00e4\u00e4n syksyisin ja juhlava piirikonferenssi kev\u00e4isin.<\/p>\n<p>Piirikuvern\u00f6\u00f6ri vierailee kaikissa piirins\u00e4 klubeissa toimivuotensa aikana. Apulaiskuvern\u00f6\u00f6rit vierailevat oman alueensa klubeissa.<\/p>\n<\/div>\n<\/div>\n<p>[\/et_pb_text][\/et_pb_column]<br \/>\n\t\t\t[\/et_pb_row]<br \/>\n\t\t[\/et_pb_section]<\/p>\n","protected":false},"excerpt":{"rendered":"<p>Rotarypiirit Suomessa on kuusi rotarypiiri\u00e4, joihin kuuluu Suomen lis\u00e4ksi Viro. Jokaista piiri\u00e4 johtaa piirikuvern\u00f6\u00f6ri.\u00a0Oman piirimme, Keski-Suomi, Piiri 1390:n kuvern\u00f6\u00f6rin\u00e4 toimintavuotena 2019-2020 on\u00a0Eija Hatakka-Peltonen\u00a0\u00a0Akaan Rotaryklubista. Piiriss\u00e4 1390 on 54 Rotaryklubia P\u00e4ij\u00e4t-H\u00e4meen, H\u00e4meen, Pirkanmaan ja Keski-Suomen alueilta Kuvern\u00f6\u00f6rin tukena toimivat piirineuvosto, komiteat ja toimikunnat sek\u00e4 piirin eri alueiden apulaiskuvern\u00f6\u00f6rit. Klubit tekev\u00e4t ehdotukset kuvern\u00f6\u00f6reist\u00e4, ja piirin nime\u00e4miskomitea valitsee [&hellip;]<\/p>\n","protected":false},"author":1,"featured_media":0,"parent":129,"menu_order":3,"comment_status":"closed","ping_status":"closed","template":"","meta":{"_acf_changed":false,"_et_pb_use_builder":"on","_et_pb_old_content":"<div class=\"et_pb_module et_pb_text et_pb_text_1 et_pb_bg_layout_light et_pb_text_align_center\">\r\n<div class=\"et_pb_text_inner\">\r\n<h1>Rotarypiirit<\/h1>\r\n<\/div>\r\n<\/div>\r\n<div class=\"et_pb_module et_pb_text et_pb_text_2 et_pb_bg_layout_light et_pb_text_align_left\">\r\n<div class=\"et_pb_text_inner\">\r\n\r\nSuomessa on kuusi rotarypiiri\u00e4, joihin kuuluu Suomen lis\u00e4ksi Viro. Jokaista piiri\u00e4 johtaa piirikuvern\u00f6\u00f6ri.\u00a0Oman piirimme, Keski-Suomi, Piiri 1390:n kuvern\u00f6\u00f6rin\u00e4 toimintavuotena 2019-2020 on<strong>\u00a0Eija Hatakka-Peltonen\u00a0<\/strong>\u00a0Akaan Rotaryklubista. Piiriss\u00e4 1390 on 54 Rotaryklubia P\u00e4ij\u00e4t-H\u00e4meen, H\u00e4meen, Pirkanmaan ja Keski-Suomen alueilta\r\n\r\nKuvern\u00f6\u00f6rin tukena toimivat piirineuvosto, komiteat ja toimikunnat sek\u00e4 piirin eri alueiden apulaiskuvern\u00f6\u00f6rit. Klubit tekev\u00e4t ehdotukset kuvern\u00f6\u00f6reist\u00e4, ja piirin nime\u00e4miskomitea valitsee ehdokkaista sopivimmaksi katsomansa kuvern\u00f6\u00f6rin. Tuleva kuvern\u00f6\u00f6ri nimitet\u00e4\u00e4n Rotary Internationalin maailmankonferenssissa.\r\n\r\nPiiri j\u00e4rjest\u00e4\u00e4 klubeille useita tapahtumia vuoden aikana. Niist\u00e4 t\u00e4rkein on tulevien klubipresidenttien ja klubivirkailijoiden koulutusseminaari (PETS) maaliskuussa.\r\n\r\nPiirikokous j\u00e4rjestet\u00e4\u00e4n syksyisin ja juhlava piirikonferenssi kev\u00e4isin.\r\n\r\nPiirikuvern\u00f6\u00f6ri vierailee kaikissa piirins\u00e4 klubeissa toimivuotensa aikana. Apulaiskuvern\u00f6\u00f6rit vierailevat oman alueensa klubeissa.\r\n\r\n<\/div>\r\n<\/div>","_et_gb_content_width":"","footnotes":""},"class_list":["post-273","page","type-page","status-publish","hentry"],"acf":[],"yoast_head":"<!-- This site is optimized with the Yoast SEO plugin v27.4 - https:\/\/yoast.com\/product\/yoast-seo-wordpress\/ -->\n<title>Olemme osa piiri\u00e4 1390 - Tampere-Hervannan Rotaryklubi<\/title>\n<meta name=\"robots\" content=\"index, follow, max-snippet:-1, max-image-preview:large, max-video-preview:-1\" \/>\n<link rel=\"canonical\" href=\"https:\/\/rotary.fi\/tamperehervanta\/keita-olemme\/olemme-osa-piiria-1390\/\" \/>\n<meta property=\"og:locale\" content=\"fi_FI\" \/>\n<meta property=\"og:type\" content=\"article\" \/>\n<meta property=\"og:title\" content=\"Olemme osa piiri\u00e4 1390 - Tampere-Hervannan Rotaryklubi\" \/>\n<meta property=\"og:description\" content=\"Rotarypiirit Suomessa on kuusi rotarypiiri\u00e4, joihin kuuluu Suomen lis\u00e4ksi Viro. Jokaista piiri\u00e4 johtaa piirikuvern\u00f6\u00f6ri.\u00a0Oman piirimme, Keski-Suomi, Piiri 1390:n kuvern\u00f6\u00f6rin\u00e4 toimintavuotena 2019-2020 on\u00a0Eija Hatakka-Peltonen\u00a0\u00a0Akaan Rotaryklubista. Piiriss\u00e4 1390 on 54 Rotaryklubia P\u00e4ij\u00e4t-H\u00e4meen, H\u00e4meen, Pirkanmaan ja Keski-Suomen alueilta Kuvern\u00f6\u00f6rin tukena toimivat piirineuvosto, komiteat ja toimikunnat sek\u00e4 piirin eri alueiden apulaiskuvern\u00f6\u00f6rit. Klubit tekev\u00e4t ehdotukset kuvern\u00f6\u00f6reist\u00e4, ja piirin nime\u00e4miskomitea valitsee [&hellip;]\" \/>\n<meta property=\"og:url\" content=\"https:\/\/rotary.fi\/tamperehervanta\/keita-olemme\/olemme-osa-piiria-1390\/\" \/>\n<meta property=\"og:site_name\" content=\"Tampere-Hervannan Rotaryklubi\" \/>\n<meta property=\"article:modified_time\" content=\"2020-03-23T15:09:19+00:00\" \/>\n<meta name=\"twitter:card\" content=\"summary_large_image\" \/>\n<meta name=\"twitter:label1\" content=\"Arvioitu lukuaika\" \/>\n\t<meta name=\"twitter:data1\" content=\"1 minuutti\" \/>\n<script type=\"application\/ld+json\" class=\"yoast-schema-graph\">{\"@context\":\"https:\\\/\\\/schema.org\",\"@graph\":[{\"@type\":\"WebPage\",\"@id\":\"https:\\\/\\\/rotary.fi\\\/tamperehervanta\\\/keita-olemme\\\/olemme-osa-piiria-1390\\\/\",\"url\":\"https:\\\/\\\/rotary.fi\\\/tamperehervanta\\\/keita-olemme\\\/olemme-osa-piiria-1390\\\/\",\"name\":\"Olemme osa piiri\u00e4 1390 - Tampere-Hervannan Rotaryklubi\",\"isPartOf\":{\"@id\":\"https:\\\/\\\/rotary.fi\\\/tamperehervanta\\\/#website\"},\"datePublished\":\"2018-10-24T08:32:22+00:00\",\"dateModified\":\"2020-03-23T15:09:19+00:00\",\"breadcrumb\":{\"@id\":\"https:\\\/\\\/rotary.fi\\\/tamperehervanta\\\/keita-olemme\\\/olemme-osa-piiria-1390\\\/#breadcrumb\"},\"inLanguage\":\"fi\",\"potentialAction\":[{\"@type\":\"ReadAction\",\"target\":[\"https:\\\/\\\/rotary.fi\\\/tamperehervanta\\\/keita-olemme\\\/olemme-osa-piiria-1390\\\/\"]}]},{\"@type\":\"BreadcrumbList\",\"@id\":\"https:\\\/\\\/rotary.fi\\\/tamperehervanta\\\/keita-olemme\\\/olemme-osa-piiria-1390\\\/#breadcrumb\",\"itemListElement\":[{\"@type\":\"ListItem\",\"position\":1,\"name\":\"Home\",\"item\":\"https:\\\/\\\/rotary.fi\\\/tamperehervanta\\\/\"},{\"@type\":\"ListItem\",\"position\":2,\"name\":\"Keit\u00e4 olemme\",\"item\":\"https:\\\/\\\/rotary.fi\\\/tamperehervanta\\\/keita-olemme\\\/\"},{\"@type\":\"ListItem\",\"position\":3,\"name\":\"Olemme osa piiri\u00e4 1390\"}]},{\"@type\":\"WebSite\",\"@id\":\"https:\\\/\\\/rotary.fi\\\/tamperehervanta\\\/#website\",\"url\":\"https:\\\/\\\/rotary.fi\\\/tamperehervanta\\\/\",\"name\":\"Tampere-Hervannan Rotaryklubi\",\"description\":\"Uusi Rotary klubisivusto\",\"potentialAction\":[{\"@type\":\"SearchAction\",\"target\":{\"@type\":\"EntryPoint\",\"urlTemplate\":\"https:\\\/\\\/rotary.fi\\\/tamperehervanta\\\/?s={search_term_string}\"},\"query-input\":{\"@type\":\"PropertyValueSpecification\",\"valueRequired\":true,\"valueName\":\"search_term_string\"}}],\"inLanguage\":\"fi\"}]}<\/script>\n<!-- \/ Yoast SEO plugin. -->","yoast_head_json":{"title":"Olemme osa piiri\u00e4 1390 - Tampere-Hervannan Rotaryklubi","robots":{"index":"index","follow":"follow","max-snippet":"max-snippet:-1","max-image-preview":"max-image-preview:large","max-video-preview":"max-video-preview:-1"},"canonical":"https:\/\/rotary.fi\/tamperehervanta\/keita-olemme\/olemme-osa-piiria-1390\/","og_locale":"fi_FI","og_type":"article","og_title":"Olemme osa piiri\u00e4 1390 - Tampere-Hervannan Rotaryklubi","og_description":"Rotarypiirit Suomessa on kuusi rotarypiiri\u00e4, joihin kuuluu Suomen lis\u00e4ksi Viro. Jokaista piiri\u00e4 johtaa piirikuvern\u00f6\u00f6ri.\u00a0Oman piirimme, Keski-Suomi, Piiri 1390:n kuvern\u00f6\u00f6rin\u00e4 toimintavuotena 2019-2020 on\u00a0Eija Hatakka-Peltonen\u00a0\u00a0Akaan Rotaryklubista. Piiriss\u00e4 1390 on 54 Rotaryklubia P\u00e4ij\u00e4t-H\u00e4meen, H\u00e4meen, Pirkanmaan ja Keski-Suomen alueilta Kuvern\u00f6\u00f6rin tukena toimivat piirineuvosto, komiteat ja toimikunnat sek\u00e4 piirin eri alueiden apulaiskuvern\u00f6\u00f6rit. Klubit tekev\u00e4t ehdotukset kuvern\u00f6\u00f6reist\u00e4, ja piirin nime\u00e4miskomitea valitsee [&hellip;]","og_url":"https:\/\/rotary.fi\/tamperehervanta\/keita-olemme\/olemme-osa-piiria-1390\/","og_site_name":"Tampere-Hervannan Rotaryklubi","article_modified_time":"2020-03-23T15:09:19+00:00","twitter_card":"summary_large_image","twitter_misc":{"Arvioitu lukuaika":"1 minuutti"},"schema":{"@context":"https:\/\/schema.org","@graph":[{"@type":"WebPage","@id":"https:\/\/rotary.fi\/tamperehervanta\/keita-olemme\/olemme-osa-piiria-1390\/","url":"https:\/\/rotary.fi\/tamperehervanta\/keita-olemme\/olemme-osa-piiria-1390\/","name":"Olemme osa piiri\u00e4 1390 - Tampere-Hervannan Rotaryklubi","isPartOf":{"@id":"https:\/\/rotary.fi\/tamperehervanta\/#website"},"datePublished":"2018-10-24T08:32:22+00:00","dateModified":"2020-03-23T15:09:19+00:00","breadcrumb":{"@id":"https:\/\/rotary.fi\/tamperehervanta\/keita-olemme\/olemme-osa-piiria-1390\/#breadcrumb"},"inLanguage":"fi","potentialAction":[{"@type":"ReadAction","target":["https:\/\/rotary.fi\/tamperehervanta\/keita-olemme\/olemme-osa-piiria-1390\/"]}]},{"@type":"BreadcrumbList","@id":"https:\/\/rotary.fi\/tamperehervanta\/keita-olemme\/olemme-osa-piiria-1390\/#breadcrumb","itemListElement":[{"@type":"ListItem","position":1,"name":"Home","item":"https:\/\/rotary.fi\/tamperehervanta\/"},{"@type":"ListItem","position":2,"name":"Keit\u00e4 olemme","item":"https:\/\/rotary.fi\/tamperehervanta\/keita-olemme\/"},{"@type":"ListItem","position":3,"name":"Olemme osa piiri\u00e4 1390"}]},{"@type":"WebSite","@id":"https:\/\/rotary.fi\/tamperehervanta\/#website","url":"https:\/\/rotary.fi\/tamperehervanta\/","name":"Tampere-Hervannan Rotaryklubi","description":"Uusi Rotary klubisivusto","potentialAction":[{"@type":"SearchAction","target":{"@type":"EntryPoint","urlTemplate":"https:\/\/rotary.fi\/tamperehervanta\/?s={search_term_string}"},"query-input":{"@type":"PropertyValueSpecification","valueRequired":true,"valueName":"search_term_string"}}],"inLanguage":"fi"}]}},"lang":"fi","translations":{"fi":273,"en":1434,"sv":1578},"pll_sync_post":[],"_links":{"self":[{"href":"https:\/\/rotary.fi\/tamperehervanta\/wp-json\/wp\/v2\/pages\/273","targetHints":{"allow":["GET"]}}],"collection":[{"href":"https:\/\/rotary.fi\/tamperehervanta\/wp-json\/wp\/v2\/pages"}],"about":[{"href":"https:\/\/rotary.fi\/tamperehervanta\/wp-json\/wp\/v2\/types\/page"}],"author":[{"embeddable":true,"href":"https:\/\/rotary.fi\/tamperehervanta\/wp-json\/wp\/v2\/users\/1"}],"replies":[{"embeddable":true,"href":"https:\/\/rotary.fi\/tamperehervanta\/wp-json\/wp\/v2\/comments?post=273"}],"version-history":[{"count":9,"href":"https:\/\/rotary.fi\/tamperehervanta\/wp-json\/wp\/v2\/pages\/273\/revisions"}],"predecessor-version":[{"id":1919,"href":"https:\/\/rotary.fi\/tamperehervanta\/wp-json\/wp\/v2\/pages\/273\/revisions\/1919"}],"up":[{"embeddable":true,"href":"https:\/\/rotary.fi\/tamperehervanta\/wp-json\/wp\/v2\/pages\/129"}],"wp:attachment":[{"href":"https:\/\/rotary.fi\/tamperehervanta\/wp-json\/wp\/v2\/media?parent=273"}],"curies":[{"name":"wp","href":"https:\/\/api.w.org\/{rel}","templated":true}]}}