{"id":173,"date":"2018-08-13T10:39:15","date_gmt":"2018-08-13T07:39:15","guid":{"rendered":"https:\/\/rotary.fi\/tamperehervanta\/?page_id=173"},"modified":"2020-03-23T17:26:37","modified_gmt":"2020-03-23T15:26:37","slug":"kiinnostaako-jasenyys","status":"publish","type":"page","link":"https:\/\/rotary.fi\/tamperehervanta\/tule-mukaan\/kiinnostaako-jasenyys\/","title":{"rendered":"Kiinnostaako j\u00e4senyys?"},"content":{"rendered":"<p>[et_pb_section fb_built=&#8221;1&#8243; admin_label=&#8221;section&#8221; _builder_version=&#8221;3.22&#8243;][et_pb_row admin_label=&#8221;row&#8221; _builder_version=&#8221;3.25&#8243; background_size=&#8221;initial&#8221; background_position=&#8221;top_left&#8221; background_repeat=&#8221;repeat&#8221;][et_pb_column type=&#8221;4_4&#8243; _builder_version=&#8221;3.25&#8243; custom_padding=&#8221;|||&#8221; custom_padding__hover=&#8221;|||&#8221;][et_pb_text admin_label=&#8221;Text&#8221; _builder_version=&#8221;4.1&#8243; background_size=&#8221;initial&#8221; background_position=&#8221;top_left&#8221; background_repeat=&#8221;repeat&#8221; hover_enabled=&#8221;0&#8243; header_4_text_align=&#8221;left&#8221;]<\/p>\n<div class=\"et_pb_column et_pb_column_2_3 et_pb_column_1 et_pb_specialty_column et_pb_css_mix_blend_mode_passthrough\" style=\"text-align: left\">\n<div class=\"et_pb_row_inner et_pb_row_inner_0\">\n<div class=\"et_pb_column et_pb_column_4_4 et_pb_column_inner et_pb_column_inner_0\">\n<div class=\"et_pb_module et_pb_text et_pb_text_1 et_pb_bg_layout_light et_pb_text_align_center\">\n<div class=\"et_pb_text_inner\">\n<h3 style=\"text-align: left\">Kiinnostaako j\u00e4senyys?<\/h3>\n<\/div>\n<\/div>\n<div class=\"et_pb_module et_pb_text et_pb_text_2 et_pb_bg_layout_light et_pb_text_align_left\">\n<div class=\"et_pb_text_inner\">\n<p class=\"p1\"><span class=\"s1\">Haluatko tehd\u00e4 hyv\u00e4\u00e4 ja vaikuttaa asioihin niin kotipaikkakunnallasi kuin maailmanlaajuisesti? Liity Rotaryyn! Saat rotarina hyv\u00e4n mahdollisuuden oman paikkakuntasi kehitt\u00e4miseen yhdess\u00e4 samanhenkisten vaikuttajien kanssa. Voit tehd\u00e4 paljon oman yhteis\u00f6si j\u00e4senen\u00e4, ammattisi edustajana, osaajana ja vaikuttajana. Rotary on kansainv\u00e4linen toimija, jonka kautta avautuu mahdollisuuksia ja n\u00e4k\u00f6aloja my\u00f6s maailmanlaajuiseen toimintaan. Saat erinomaisen mahdollisuuden verkostoitumiseen niin paikallisesti, valtakunnallisesti kuin laajemminkin. <\/span><\/p>\n<p class=\"p1\"><span class=\"s1\"><\/span><\/p>\n<\/div>\n<\/div>\n<\/div>\n<\/div>\n<div class=\"et_pb_row_inner et_pb_row_inner_1\">\n<div class=\"et_pb_column et_pb_column_4_4 et_pb_column_inner et_pb_column_inner_1\">\n<div class=\"et_pb_module et_pb_text et_pb_text_3 et_pb_bg_layout_light et_pb_text_align_center\">\n<div class=\"et_pb_text_inner\">\n<h4>Kymmenen hyv\u00e4\u00e4 syyt\u00e4 olla rotari<\/h4>\n<\/div>\n<\/div>\n<div class=\"et_pb_module et_pb_text et_pb_text_4 et_pb_bg_layout_light et_pb_text_align_left\">\n<div class=\"et_pb_text_inner\">\n<p class=\"p1\"><span class=\"s1\"><strong>Rotarina voit<\/strong><\/span><\/p>\n<p class=\"p1\"><em><strong><span class=\"s1\">1. palvella ja k\u00e4ytt\u00e4\u00e4 omaa osaamistasi<br \/> 2. verkostoitua ammatillisesti<br \/> 3. kasvaa ja kehitty\u00e4 ihmisen\u00e4<br \/> 4. solmia uusia yst\u00e4vyyssuhteita<span class=\"Apple-converted-space\">\u00a0 <\/span><br \/> 5. p\u00e4\u00e4st\u00e4 osalliseksi kulttuurien monimuotoisuudesta<br \/> 6. toimia hyv\u00e4n\u00e4 yhteiskunnan j\u00e4senen\u00e4<br \/> 7. edist\u00e4\u00e4 maailmanlaajuista yhteisymm\u00e4rryst\u00e4<br \/> 8. viihty\u00e4 ja kokea uusia asioita<br \/> 9. olla mukana nuorisovaihdossa ja ottaa halutessasi kotiisi vaihto-oppilaan<br \/> 10. olla mukana eettisess\u00e4 toiminnassa. <\/span><\/strong><\/em><\/p>\n<\/div>\n<\/div>\n<\/div>\n<\/div>\n<div class=\"et_pb_row_inner et_pb_row_inner_2\">\n<div class=\"et_pb_column et_pb_column_4_4 et_pb_column_inner et_pb_column_inner_2\">\n<div class=\"et_pb_module et_pb_text et_pb_text_5 et_pb_bg_layout_light et_pb_text_align_center\">\n<div class=\"et_pb_text_inner\">\n<h4>Nelj\u00e4n kysymyksen koe<\/h4>\n<\/div>\n<\/div>\n<div class=\"et_pb_module et_pb_text et_pb_text_6 et_pb_bg_layout_light et_pb_text_align_left\">\n<div class=\"et_pb_text_inner\">\n<p class=\"p1\"><span class=\"s1\">Rotaryn k\u00e4yt\u00e4nn\u00f6n toimintaa ohjaavat eettiset periaatteet. Nelj\u00e4n kysymyksen kokeella pyrimme<span class=\"Apple-converted-space\">\u00a0 <\/span>edist\u00e4m\u00e4\u00e4n hyvi\u00e4 toimintatapoja niin keskin\u00e4isess\u00e4 kanssak\u00e4ymisess\u00e4 kuin palveluhankkeissa. Tutki siis ajatuksesi, sanasi ja tekosi niiden avulla.<\/span><\/p>\n<p class=\"p1\"><strong><span class=\"s1\"><i>1. Onko t\u00e4m\u00e4 TOTTA? <\/i><br \/> <i>2. Onko t\u00e4m\u00e4 OIKEUDENMUKAISTA kaikkia asianosaisia kohtaan? <\/i><br \/> <i>3. Luoko t\u00e4m\u00e4 HYV\u00c4\u00c4 TAHTOA ja PARANTAAKO T\u00c4M\u00c4 YST\u00c4VYYSSUHTEITA? <\/i><br \/> <i>4. Onko t\u00e4m\u00e4 kaikkien osapuolten EDUN MUKAISTA?<\/i><\/span><\/strong><\/p>\n<p class=\"p1\"><strong><span class=\"s1\"><i>\u00a0<a href=\"https:\/\/rotary.fi\/tamperehervanta\/tule-mukaan\/\">Tule mukaan!<\/a>\u00a0<\/i><\/span><\/strong><\/p>\n<\/div>\n<\/div>\n<\/div>\n<\/div>\n<\/div>\n<div class=\"et_pb_column et_pb_column_1_3 et_pb_column_2 sivupalkki sivupalkki et_pb_css_mix_blend_mode_passthrough et_pb_column_single\">\n<div class=\"et_pb_module et_pb_sidebar_0 sivupalkki_sisalto et_pb_widget_area et_pb_bg_layout_light clearfix et_pb_widget_area_left\">\n<div id=\"custom_html-5\" class=\"widget_text et_pb_widget widget_custom_html\"><\/div>\n<\/div>\n<\/div>\n<p>[\/et_pb_text][\/et_pb_column][\/et_pb_row][\/et_pb_section]<\/p>\n","protected":false},"excerpt":{"rendered":"<p>Kiinnostaako j\u00e4senyys? Haluatko tehd\u00e4 hyv\u00e4\u00e4 ja vaikuttaa asioihin niin kotipaikkakunnallasi kuin maailmanlaajuisesti? Liity Rotaryyn! Saat rotarina hyv\u00e4n mahdollisuuden oman paikkakuntasi kehitt\u00e4miseen yhdess\u00e4 samanhenkisten vaikuttajien kanssa. Voit tehd\u00e4 paljon oman yhteis\u00f6si j\u00e4senen\u00e4, ammattisi edustajana, osaajana ja vaikuttajana. Rotary on kansainv\u00e4linen toimija, jonka kautta avautuu mahdollisuuksia ja n\u00e4k\u00f6aloja my\u00f6s maailmanlaajuiseen toimintaan. Saat erinomaisen mahdollisuuden verkostoitumiseen niin paikallisesti, [&hellip;]<\/p>\n","protected":false},"author":1,"featured_media":0,"parent":89,"menu_order":1,"comment_status":"closed","ping_status":"closed","template":"","meta":{"_acf_changed":false,"_et_pb_use_builder":"on","_et_pb_old_content":"<div class=\"et_pb_column et_pb_column_2_3 et_pb_column_1 et_pb_specialty_column et_pb_css_mix_blend_mode_passthrough\">\r\n<div class=\"et_pb_row_inner et_pb_row_inner_0\">\r\n<div class=\"et_pb_column et_pb_column_4_4 et_pb_column_inner et_pb_column_inner_0\">\r\n<div class=\"et_pb_module et_pb_text et_pb_text_1 et_pb_bg_layout_light et_pb_text_align_center\">\r\n<div class=\"et_pb_text_inner\">\r\n<h1>Kiinnostaako j\u00e4senyys?<\/h1>\r\n<\/div>\r\n<\/div>\r\n<div class=\"et_pb_module et_pb_text et_pb_text_2 et_pb_bg_layout_light et_pb_text_align_left\">\r\n<div class=\"et_pb_text_inner\">\r\n<p class=\"p1\"><span class=\"s1\">Haluatko tehd\u00e4 hyv\u00e4\u00e4 ja vaikuttaa asioihin niin kotipaikkakunnallasi kuin maailmanlaajuisesti? Liity Rotaryyn! Saat rotarina hyv\u00e4n mahdollisuuden oman paikkakuntasi kehitt\u00e4miseen yhdess\u00e4 samanhenkisten vaikuttajien kanssa. Voit tehd\u00e4 paljon oman yhteis\u00f6si j\u00e4senen\u00e4, ammattisi edustajana, osaajana ja vaikuttajana. Rotary on kansainv\u00e4linen toimija, jonka kautta avautuu mahdollisuuksia ja n\u00e4k\u00f6aloja my\u00f6s maailmanlaajuiseen toimintaan. Saat erinomaisen mahdollisuuden verkostoitumiseen niin paikallisesti, valtakunnallisesti kuin laajemminkin. <\/span><\/p>\r\n<p class=\"p1\"><span class=\"s1\">Tutustu my\u00f6s nuorille suunnattuun toimintaan, <a href=\"https:\/\/rotary.fi\/mita-teemme\/nuorisopalvelut\/interact\/\" target=\"_blank\" rel=\"noopener noreferrer\"><span class=\"s2\">Interactiin<\/span><\/a><\/span> <span class=\"s1\">ja <a href=\"https:\/\/rotary.fi\/mita-teemme\/nuorisopalvelut\/rotaract\/\" target=\"_blank\" rel=\"noopener noreferrer\"><span class=\"s2\">Rotaractiin<\/span><\/a><\/span><\/p>\r\n\r\n<\/div>\r\n<\/div>\r\n<\/div>\r\n<\/div>\r\n<div class=\"et_pb_row_inner et_pb_row_inner_1\">\r\n<div class=\"et_pb_column et_pb_column_4_4 et_pb_column_inner et_pb_column_inner_1\">\r\n<div class=\"et_pb_module et_pb_text et_pb_text_3 et_pb_bg_layout_light et_pb_text_align_center\">\r\n<div class=\"et_pb_text_inner\">\r\n<h4>Kymmenen hyv\u00e4\u00e4 syyt\u00e4 olla rotari<\/h4>\r\n<\/div>\r\n<\/div>\r\n<div class=\"et_pb_module et_pb_text et_pb_text_4 et_pb_bg_layout_light et_pb_text_align_left\">\r\n<div class=\"et_pb_text_inner\">\r\n<p class=\"p1\"><span class=\"s1\"><strong>Rotarina voit<\/strong><\/span><\/p>\r\n<p class=\"p1\"><em><strong><span class=\"s1\">1. palvella ja k\u00e4ytt\u00e4\u00e4 omaa osaamistasi\r\n2. verkostoitua ammatillisesti\r\n3. kasvaa ja kehitty\u00e4 ihmisen\u00e4\r\n4. solmia uusia yst\u00e4vyyssuhteita<span class=\"Apple-converted-space\">\u00a0 <\/span>\r\n5. p\u00e4\u00e4st\u00e4 osalliseksi kulttuurien monimuotoisuudesta\r\n6. toimia hyv\u00e4n\u00e4 yhteiskunnan j\u00e4senen\u00e4\r\n7. edist\u00e4\u00e4 maailmanlaajuista yhteisymm\u00e4rryst\u00e4\r\n8. viihty\u00e4 ja kokea uusia asioita\r\n9. olla mukana nuorisovaihdossa ja ottaa halutessasi kotiisi vaihto-oppilaan\r\n10. olla mukana eettisess\u00e4 toiminnassa. <\/span><\/strong><\/em><\/p>\r\n\r\n<\/div>\r\n<\/div>\r\n<\/div>\r\n<\/div>\r\n<div class=\"et_pb_row_inner et_pb_row_inner_2\">\r\n<div class=\"et_pb_column et_pb_column_4_4 et_pb_column_inner et_pb_column_inner_2\">\r\n<div class=\"et_pb_module et_pb_text et_pb_text_5 et_pb_bg_layout_light et_pb_text_align_center\">\r\n<div class=\"et_pb_text_inner\">\r\n<h4>Nelj\u00e4n kysymyksen koe<\/h4>\r\n<\/div>\r\n<\/div>\r\n<div class=\"et_pb_module et_pb_text et_pb_text_6 et_pb_bg_layout_light et_pb_text_align_left\">\r\n<div class=\"et_pb_text_inner\">\r\n<p class=\"p1\"><span class=\"s1\">Rotaryn k\u00e4yt\u00e4nn\u00f6n toimintaa ohjaavat eettiset periaatteet. Nelj\u00e4n kysymyksen kokeella pyrimme<span class=\"Apple-converted-space\">\u00a0 <\/span>edist\u00e4m\u00e4\u00e4n hyvi\u00e4 toimintatapoja niin keskin\u00e4isess\u00e4 kanssak\u00e4ymisess\u00e4 kuin palveluhankkeissa. Tutki siis ajatuksesi, sanasi ja tekosi niiden avulla.<\/span><\/p>\r\n<p class=\"p1\"><strong><span class=\"s1\"><i>1. Onko t\u00e4m\u00e4 TOTTA? <\/i>\r\n<i>2. Onko t\u00e4m\u00e4 OIKEUDENMUKAISTA kaikkia asianosaisia kohtaan? <\/i>\r\n<i>3. Luoko t\u00e4m\u00e4 HYV\u00c4\u00c4 TAHTOA ja PARANTAAKO T\u00c4M\u00c4 YST\u00c4VYYSSUHTEITA? <\/i>\r\n<i>4. Onko t\u00e4m\u00e4 kaikkien osapuolten EDUN MUKAISTA?<\/i><\/span><\/strong><\/p>\r\n<p class=\"p1\"><strong><span class=\"s1\"><i>\u00a0<a href=\"https:\/\/rotary.fi\/tamperehervanta\/tule-mukaan\/\">Tule mukaan!<\/a>\u00a0<\/i><\/span><\/strong><\/p>\r\n\r\n<\/div>\r\n<\/div>\r\n<\/div>\r\n<\/div>\r\n<\/div>\r\n<div class=\"et_pb_column et_pb_column_1_3 et_pb_column_2 sivupalkki sivupalkki et_pb_css_mix_blend_mode_passthrough et_pb_column_single\">\r\n<div class=\"et_pb_module et_pb_sidebar_0 sivupalkki_sisalto et_pb_widget_area et_pb_bg_layout_light clearfix et_pb_widget_area_left\">\r\n<div id=\"custom_html-5\" class=\"widget_text et_pb_widget widget_custom_html\"><\/div>\r\n<\/div>\r\n<\/div>","_et_gb_content_width":"","footnotes":""},"class_list":["post-173","page","type-page","status-publish","hentry"],"acf":[],"yoast_head":"<!-- This site is optimized with the Yoast SEO plugin v27.4 - https:\/\/yoast.com\/product\/yoast-seo-wordpress\/ -->\n<title>Kiinnostaako j\u00e4senyys? - Tampere-Hervannan Rotaryklubi<\/title>\n<meta name=\"robots\" content=\"index, follow, max-snippet:-1, max-image-preview:large, max-video-preview:-1\" \/>\n<link rel=\"canonical\" href=\"https:\/\/rotary.fi\/tamperehervanta\/tule-mukaan\/kiinnostaako-jasenyys\/\" \/>\n<meta property=\"og:locale\" content=\"fi_FI\" \/>\n<meta property=\"og:type\" content=\"article\" \/>\n<meta property=\"og:title\" content=\"Kiinnostaako j\u00e4senyys? - Tampere-Hervannan Rotaryklubi\" \/>\n<meta property=\"og:description\" content=\"Kiinnostaako j\u00e4senyys? Haluatko tehd\u00e4 hyv\u00e4\u00e4 ja vaikuttaa asioihin niin kotipaikkakunnallasi kuin maailmanlaajuisesti? Liity Rotaryyn! Saat rotarina hyv\u00e4n mahdollisuuden oman paikkakuntasi kehitt\u00e4miseen yhdess\u00e4 samanhenkisten vaikuttajien kanssa. Voit tehd\u00e4 paljon oman yhteis\u00f6si j\u00e4senen\u00e4, ammattisi edustajana, osaajana ja vaikuttajana. Rotary on kansainv\u00e4linen toimija, jonka kautta avautuu mahdollisuuksia ja n\u00e4k\u00f6aloja my\u00f6s maailmanlaajuiseen toimintaan. Saat erinomaisen mahdollisuuden verkostoitumiseen niin paikallisesti, [&hellip;]\" \/>\n<meta property=\"og:url\" content=\"https:\/\/rotary.fi\/tamperehervanta\/tule-mukaan\/kiinnostaako-jasenyys\/\" \/>\n<meta property=\"og:site_name\" content=\"Tampere-Hervannan Rotaryklubi\" \/>\n<meta property=\"article:modified_time\" content=\"2020-03-23T15:26:37+00:00\" \/>\n<meta name=\"twitter:card\" content=\"summary_large_image\" \/>\n<meta name=\"twitter:label1\" content=\"Arvioitu lukuaika\" \/>\n\t<meta name=\"twitter:data1\" content=\"1 minuutti\" \/>\n<script type=\"application\/ld+json\" class=\"yoast-schema-graph\">{\"@context\":\"https:\\\/\\\/schema.org\",\"@graph\":[{\"@type\":\"WebPage\",\"@id\":\"https:\\\/\\\/rotary.fi\\\/tamperehervanta\\\/tule-mukaan\\\/kiinnostaako-jasenyys\\\/\",\"url\":\"https:\\\/\\\/rotary.fi\\\/tamperehervanta\\\/tule-mukaan\\\/kiinnostaako-jasenyys\\\/\",\"name\":\"Kiinnostaako j\u00e4senyys? - Tampere-Hervannan Rotaryklubi\",\"isPartOf\":{\"@id\":\"https:\\\/\\\/rotary.fi\\\/tamperehervanta\\\/#website\"},\"datePublished\":\"2018-08-13T07:39:15+00:00\",\"dateModified\":\"2020-03-23T15:26:37+00:00\",\"breadcrumb\":{\"@id\":\"https:\\\/\\\/rotary.fi\\\/tamperehervanta\\\/tule-mukaan\\\/kiinnostaako-jasenyys\\\/#breadcrumb\"},\"inLanguage\":\"fi\",\"potentialAction\":[{\"@type\":\"ReadAction\",\"target\":[\"https:\\\/\\\/rotary.fi\\\/tamperehervanta\\\/tule-mukaan\\\/kiinnostaako-jasenyys\\\/\"]}]},{\"@type\":\"BreadcrumbList\",\"@id\":\"https:\\\/\\\/rotary.fi\\\/tamperehervanta\\\/tule-mukaan\\\/kiinnostaako-jasenyys\\\/#breadcrumb\",\"itemListElement\":[{\"@type\":\"ListItem\",\"position\":1,\"name\":\"Home\",\"item\":\"https:\\\/\\\/rotary.fi\\\/tamperehervanta\\\/\"},{\"@type\":\"ListItem\",\"position\":2,\"name\":\"Tule mukaan\",\"item\":\"https:\\\/\\\/rotary.fi\\\/tamperehervanta\\\/tule-mukaan\\\/\"},{\"@type\":\"ListItem\",\"position\":3,\"name\":\"Kiinnostaako j\u00e4senyys?\"}]},{\"@type\":\"WebSite\",\"@id\":\"https:\\\/\\\/rotary.fi\\\/tamperehervanta\\\/#website\",\"url\":\"https:\\\/\\\/rotary.fi\\\/tamperehervanta\\\/\",\"name\":\"Tampere-Hervannan Rotaryklubi\",\"description\":\"Uusi Rotary klubisivusto\",\"potentialAction\":[{\"@type\":\"SearchAction\",\"target\":{\"@type\":\"EntryPoint\",\"urlTemplate\":\"https:\\\/\\\/rotary.fi\\\/tamperehervanta\\\/?s={search_term_string}\"},\"query-input\":{\"@type\":\"PropertyValueSpecification\",\"valueRequired\":true,\"valueName\":\"search_term_string\"}}],\"inLanguage\":\"fi\"}]}<\/script>\n<!-- \/ Yoast SEO plugin. -->","yoast_head_json":{"title":"Kiinnostaako j\u00e4senyys? - Tampere-Hervannan Rotaryklubi","robots":{"index":"index","follow":"follow","max-snippet":"max-snippet:-1","max-image-preview":"max-image-preview:large","max-video-preview":"max-video-preview:-1"},"canonical":"https:\/\/rotary.fi\/tamperehervanta\/tule-mukaan\/kiinnostaako-jasenyys\/","og_locale":"fi_FI","og_type":"article","og_title":"Kiinnostaako j\u00e4senyys? - Tampere-Hervannan Rotaryklubi","og_description":"Kiinnostaako j\u00e4senyys? Haluatko tehd\u00e4 hyv\u00e4\u00e4 ja vaikuttaa asioihin niin kotipaikkakunnallasi kuin maailmanlaajuisesti? Liity Rotaryyn! Saat rotarina hyv\u00e4n mahdollisuuden oman paikkakuntasi kehitt\u00e4miseen yhdess\u00e4 samanhenkisten vaikuttajien kanssa. Voit tehd\u00e4 paljon oman yhteis\u00f6si j\u00e4senen\u00e4, ammattisi edustajana, osaajana ja vaikuttajana. Rotary on kansainv\u00e4linen toimija, jonka kautta avautuu mahdollisuuksia ja n\u00e4k\u00f6aloja my\u00f6s maailmanlaajuiseen toimintaan. Saat erinomaisen mahdollisuuden verkostoitumiseen niin paikallisesti, [&hellip;]","og_url":"https:\/\/rotary.fi\/tamperehervanta\/tule-mukaan\/kiinnostaako-jasenyys\/","og_site_name":"Tampere-Hervannan Rotaryklubi","article_modified_time":"2020-03-23T15:26:37+00:00","twitter_card":"summary_large_image","twitter_misc":{"Arvioitu lukuaika":"1 minuutti"},"schema":{"@context":"https:\/\/schema.org","@graph":[{"@type":"WebPage","@id":"https:\/\/rotary.fi\/tamperehervanta\/tule-mukaan\/kiinnostaako-jasenyys\/","url":"https:\/\/rotary.fi\/tamperehervanta\/tule-mukaan\/kiinnostaako-jasenyys\/","name":"Kiinnostaako j\u00e4senyys? - Tampere-Hervannan Rotaryklubi","isPartOf":{"@id":"https:\/\/rotary.fi\/tamperehervanta\/#website"},"datePublished":"2018-08-13T07:39:15+00:00","dateModified":"2020-03-23T15:26:37+00:00","breadcrumb":{"@id":"https:\/\/rotary.fi\/tamperehervanta\/tule-mukaan\/kiinnostaako-jasenyys\/#breadcrumb"},"inLanguage":"fi","potentialAction":[{"@type":"ReadAction","target":["https:\/\/rotary.fi\/tamperehervanta\/tule-mukaan\/kiinnostaako-jasenyys\/"]}]},{"@type":"BreadcrumbList","@id":"https:\/\/rotary.fi\/tamperehervanta\/tule-mukaan\/kiinnostaako-jasenyys\/#breadcrumb","itemListElement":[{"@type":"ListItem","position":1,"name":"Home","item":"https:\/\/rotary.fi\/tamperehervanta\/"},{"@type":"ListItem","position":2,"name":"Tule mukaan","item":"https:\/\/rotary.fi\/tamperehervanta\/tule-mukaan\/"},{"@type":"ListItem","position":3,"name":"Kiinnostaako j\u00e4senyys?"}]},{"@type":"WebSite","@id":"https:\/\/rotary.fi\/tamperehervanta\/#website","url":"https:\/\/rotary.fi\/tamperehervanta\/","name":"Tampere-Hervannan Rotaryklubi","description":"Uusi Rotary klubisivusto","potentialAction":[{"@type":"SearchAction","target":{"@type":"EntryPoint","urlTemplate":"https:\/\/rotary.fi\/tamperehervanta\/?s={search_term_string}"},"query-input":{"@type":"PropertyValueSpecification","valueRequired":true,"valueName":"search_term_string"}}],"inLanguage":"fi"}]}},"lang":"fi","translations":{"fi":173,"en":1475},"pll_sync_post":[],"_links":{"self":[{"href":"https:\/\/rotary.fi\/tamperehervanta\/wp-json\/wp\/v2\/pages\/173","targetHints":{"allow":["GET"]}}],"collection":[{"href":"https:\/\/rotary.fi\/tamperehervanta\/wp-json\/wp\/v2\/pages"}],"about":[{"href":"https:\/\/rotary.fi\/tamperehervanta\/wp-json\/wp\/v2\/types\/page"}],"author":[{"embeddable":true,"href":"https:\/\/rotary.fi\/tamperehervanta\/wp-json\/wp\/v2\/users\/1"}],"replies":[{"embeddable":true,"href":"https:\/\/rotary.fi\/tamperehervanta\/wp-json\/wp\/v2\/comments?post=173"}],"version-history":[{"count":15,"href":"https:\/\/rotary.fi\/tamperehervanta\/wp-json\/wp\/v2\/pages\/173\/revisions"}],"predecessor-version":[{"id":1937,"href":"https:\/\/rotary.fi\/tamperehervanta\/wp-json\/wp\/v2\/pages\/173\/revisions\/1937"}],"up":[{"embeddable":true,"href":"https:\/\/rotary.fi\/tamperehervanta\/wp-json\/wp\/v2\/pages\/89"}],"wp:attachment":[{"href":"https:\/\/rotary.fi\/tamperehervanta\/wp-json\/wp\/v2\/media?parent=173"}],"curies":[{"name":"wp","href":"https:\/\/api.w.org\/{rel}","templated":true}]}}