{"id":156,"date":"2018-08-13T09:46:59","date_gmt":"2018-08-13T06:46:59","guid":{"rendered":"https:\/\/rotary.fi\/tamperehervanta\/?page_id=156"},"modified":"2025-02-16T16:30:50","modified_gmt":"2025-02-16T14:30:50","slug":"projektit","status":"publish","type":"page","link":"https:\/\/rotary.fi\/tamperehervanta\/mita-teemme\/projektit\/","title":{"rendered":"Projektit"},"content":{"rendered":"<p style=\"text-align: left\">Tampere-Hervannan rotaryklubilla on kaksi paikallista palveluprojektia: Herwood Bros ja Iskuryhm\u00e4. <strong>Herwood Bros<\/strong> on klubin orkesteri, joka soittaa hyv\u00e4ntekev\u00e4isyystilaisuuksissa ja rotarytapahtumissa. <strong>Iskuryhm\u00e4<\/strong> tukee Tampereen evankelisluterilaisten seurakuntien diakoniaty\u00f6t\u00e4. Painopistein\u00e4 ovat olleet kev\u00e4isin ja syksyisin Tampereen keskustorilla pidett\u00e4v\u00e4n per\u00e4konttikirppistapahtuman liikenteenohjauksessa ja makkaranmyynniss\u00e4<\/p>\n<p style=\"text-align: left\">Klubi on viime vuosina osallistunut Ukrainaan kohdistuviin humanit\u00e4\u00e4risiin projekteihin. Klubi osallistui vuosina 2022\u20132023 rotarypiirien D1390 ja D9940 yhteiseen projektiin, jossa hankittiin kuusi <strong>kentt\u00e4ambulanssia<\/strong> varusteineen Ukrainaan. Syyskaudella 2024 toteutetussa <strong>K\u00e4velev\u00e4 veripankki<\/strong> -avustusprojektissa ker\u00e4ttiin yhteens\u00e4 8.200 \u20ac kentt\u00e4olosuhteissa ja s\u00e4hk\u00f6tt\u00f6miss\u00e4 sairaaloissa suoraan luovuttajalta potilaaseen teht\u00e4vien verensiirtoyksikk\u00f6jen hankkimiseksi Ukrainaan.<\/p>\n<p>&nbsp;<\/p>\n<p>&nbsp;<\/p>\n<h5><strong>K\u00e4velev\u00e4 veripankki -avustusprojekti<\/strong><\/h5>\n<p>2.2.2025<\/p>\n<p><b>Hankkeen tarkoitus<\/b><\/p>\n<p>Tampere-Hervannan rotaryklubi toteutti syyskaudella 2024 ja alkuvuodesta 2025 K\u00e4velev\u00e4 veripankki -avustusprojektin, jonka tavoitteena oli hankkia ja toimittaa Ukrainaan kentt\u00e4olosuhteissa k\u00e4ytett\u00e4vi\u00e4 verensiirtotarvikkeita. Ne mahdollistavat tuoreen veren siirt\u00e4misen potilaalle ilman s\u00e4hk\u00f6\u00e4 ja kylm\u00e4varastointia, mik\u00e4 on elint\u00e4rke\u00e4\u00e4 sodan keskell\u00e4 toimiville sairaaloille ja hoitopaikoille.<\/p>\n<p><b>Piiriapurahan k\u00e4ytt\u00f6<\/b><\/p>\n<p>Rotarypiiri D1390 my\u00f6nsi hankkeelle 875 \u20ac piiriapurahan, joka k\u00e4ytettiin K\u00e4velev\u00e4 veripankki -avutusprojektin puitteissa verensiirtotarvikkeiden hankintaan. Tarvikkeet toimitettiin syksyll\u00e4 2024 Harkovaan Kharkiv New Level -rotaryklubille, joka huolehtii niiden jakelusta alaan perehtyneen erikoisl\u00e4\u00e4k\u00e4rin johdolla. Toinen er\u00e4 on hankittu alkuvuonna 2025 ja odottaa kuljetusta Ukrainaan.<\/p>\n<p><b>Hankkeen rahoitus ja budjetti<\/b><\/p>\n<p>Hankkeen kokonaisbudjetti muodostui seuraavasti:<\/p>\n<ul>\n<li><b><\/b>Rotarypiirin piiriapuraha: 875,00 \u20ac<\/li>\n<li><b><\/b>Tampere-Hervannan rotaryklubin oma rahoitus: 1 500,00 \u20ac<\/li>\n<li><b><\/b>Rahanker\u00e4yksell\u00e4 hankitut varat: 5 819,88 \u20ac<\/li>\n<li><b><\/b>Kokonaisker\u00e4yssumma: 8 194,88 \u20ac<\/li>\n<\/ul>\n<p>Kertyneet varat k\u00e4ytettiin kokonaisuudessaan kentt\u00e4olosuhteissa k\u00e4ytett\u00e4vien verensiirtotarvikkeiden hankintaan.<\/p>\n<p><b>Hankitut tarvikkeet ja niiden k\u00e4ytt\u00f6tarkoitus<\/b><\/p>\n<p>Avustusprojektissa kertyneill\u00e4 varoilla hankittiin seuraavat tarvikkeet:<\/p>\n<ul>\n<li><b><\/b>tyhji\u00e4 veripusseja verensiirtoon 552 kpl<\/li>\n<li><b><\/b>verensiirtoletkuja, joiden avulla verta voidaan turvallisesti siirt\u00e4\u00e4 potilaalle 300 kpl<\/li>\n<li><b><\/b>Eldon-kortteja veriryhm\u00e4n m\u00e4\u00e4ritt\u00e4miseen kentt\u00e4olosuhteissa 200 kpl<\/li>\n<li><b><\/b>viruspikatestej\u00e4, jotka varmistavat veren turvallisuuden 29 kpl<\/li>\n<\/ul>\n<p>Laitteet mahdollistavat nopean verensiirron ilman teknisi\u00e4 laitteita, mik\u00e4 on kriittist\u00e4 sodan aikana, kun hoitopaikat voivat olla ilman s\u00e4hk\u00f6\u00e4 ja kylm\u00e4tiloja. N\u00e4ill\u00e4 v\u00e4lineill\u00e4 voidaan pelastaa ihmishenki\u00e4 Ukrainassa.<\/p>\n<p><b>Laitteiden toimitus ja jakelu<\/b><\/p>\n<p>Ensimm\u00e4inen er\u00e4 laitteita kuljetettiin Suomesta Harkovaan 13.11.2024 vapaaehtoisten toimesta. Toinen er\u00e4 tilattiin 15.1.2025 ja ne kuljetetaan Harkovaan heti sopivan kuljetuksen j\u00e4rjestyess\u00e4. Harkovan rotaryklubi huolehtii v\u00e4lineiden jakelusta paikallisille sairaaloille ja l\u00e4\u00e4k\u00e4reille.<\/p>\n<p><b>Hankkeen vaikuttavuus<\/b><\/p>\n<p>Rotarypiiri D1390:n piiriapurahan avulla pystyttiin osaltaan rahoittamaan elint\u00e4rkeit\u00e4 verensiirtotarvikkeita Ukrainaan. Hankkeella on suora vaikutus haavoittuneiden hoitoon ja se tukee Ukrainan kriisiavun tarpeita.<\/p>\n<p>&nbsp;<\/p>\n","protected":false},"excerpt":{"rendered":"<p>Tampere-Hervannan rotaryklubilla on kaksi paikallista palveluprojektia: Herwood Bros ja Iskuryhm\u00e4. Herwood Bros on klubin orkesteri, joka soittaa hyv\u00e4ntekev\u00e4isyystilaisuuksissa ja rotarytapahtumissa. Iskuryhm\u00e4 tukee Tampereen evankelisluterilaisten seurakuntien diakoniaty\u00f6t\u00e4. Painopistein\u00e4 ovat olleet kev\u00e4isin ja syksyisin Tampereen keskustorilla pidett\u00e4v\u00e4n per\u00e4konttikirppistapahtuman liikenteenohjauksessa ja makkaranmyynniss\u00e4 Klubi on viime vuosina osallistunut Ukrainaan kohdistuviin humanit\u00e4\u00e4risiin projekteihin. Klubi osallistui vuosina 2022\u20132023 rotarypiirien D1390 ja [&hellip;]<\/p>\n","protected":false},"author":1,"featured_media":0,"parent":77,"menu_order":2,"comment_status":"closed","ping_status":"closed","template":"","meta":{"_acf_changed":false,"_et_pb_use_builder":"off","_et_pb_old_content":"","_et_gb_content_width":"","footnotes":""},"class_list":["post-156","page","type-page","status-publish","hentry"],"acf":[],"yoast_head":"<!-- This site is optimized with the Yoast SEO plugin v27.4 - https:\/\/yoast.com\/product\/yoast-seo-wordpress\/ -->\n<title>Projektit - Tampere-Hervannan Rotaryklubi<\/title>\n<meta name=\"robots\" content=\"index, follow, max-snippet:-1, max-image-preview:large, max-video-preview:-1\" \/>\n<link rel=\"canonical\" href=\"https:\/\/rotary.fi\/tamperehervanta\/mita-teemme\/projektit\/\" \/>\n<meta property=\"og:locale\" content=\"fi_FI\" \/>\n<meta property=\"og:type\" content=\"article\" \/>\n<meta property=\"og:title\" content=\"Projektit - Tampere-Hervannan Rotaryklubi\" \/>\n<meta property=\"og:description\" content=\"Tampere-Hervannan rotaryklubilla on kaksi paikallista palveluprojektia: Herwood Bros ja Iskuryhm\u00e4. Herwood Bros on klubin orkesteri, joka soittaa hyv\u00e4ntekev\u00e4isyystilaisuuksissa ja rotarytapahtumissa. Iskuryhm\u00e4 tukee Tampereen evankelisluterilaisten seurakuntien diakoniaty\u00f6t\u00e4. Painopistein\u00e4 ovat olleet kev\u00e4isin ja syksyisin Tampereen keskustorilla pidett\u00e4v\u00e4n per\u00e4konttikirppistapahtuman liikenteenohjauksessa ja makkaranmyynniss\u00e4 Klubi on viime vuosina osallistunut Ukrainaan kohdistuviin humanit\u00e4\u00e4risiin projekteihin. Klubi osallistui vuosina 2022\u20132023 rotarypiirien D1390 ja [&hellip;]\" \/>\n<meta property=\"og:url\" content=\"https:\/\/rotary.fi\/tamperehervanta\/mita-teemme\/projektit\/\" \/>\n<meta property=\"og:site_name\" content=\"Tampere-Hervannan Rotaryklubi\" \/>\n<meta property=\"article:modified_time\" content=\"2025-02-16T14:30:50+00:00\" \/>\n<meta name=\"twitter:card\" content=\"summary_large_image\" \/>\n<meta name=\"twitter:label1\" content=\"Arvioitu lukuaika\" \/>\n\t<meta name=\"twitter:data1\" content=\"3 minuuttia\" \/>\n<script type=\"application\/ld+json\" class=\"yoast-schema-graph\">{\"@context\":\"https:\\\/\\\/schema.org\",\"@graph\":[{\"@type\":\"WebPage\",\"@id\":\"https:\\\/\\\/rotary.fi\\\/tamperehervanta\\\/mita-teemme\\\/projektit\\\/\",\"url\":\"https:\\\/\\\/rotary.fi\\\/tamperehervanta\\\/mita-teemme\\\/projektit\\\/\",\"name\":\"Projektit - Tampere-Hervannan Rotaryklubi\",\"isPartOf\":{\"@id\":\"https:\\\/\\\/rotary.fi\\\/tamperehervanta\\\/#website\"},\"datePublished\":\"2018-08-13T06:46:59+00:00\",\"dateModified\":\"2025-02-16T14:30:50+00:00\",\"breadcrumb\":{\"@id\":\"https:\\\/\\\/rotary.fi\\\/tamperehervanta\\\/mita-teemme\\\/projektit\\\/#breadcrumb\"},\"inLanguage\":\"fi\",\"potentialAction\":[{\"@type\":\"ReadAction\",\"target\":[\"https:\\\/\\\/rotary.fi\\\/tamperehervanta\\\/mita-teemme\\\/projektit\\\/\"]}]},{\"@type\":\"BreadcrumbList\",\"@id\":\"https:\\\/\\\/rotary.fi\\\/tamperehervanta\\\/mita-teemme\\\/projektit\\\/#breadcrumb\",\"itemListElement\":[{\"@type\":\"ListItem\",\"position\":1,\"name\":\"Home\",\"item\":\"https:\\\/\\\/rotary.fi\\\/tamperehervanta\\\/\"},{\"@type\":\"ListItem\",\"position\":2,\"name\":\"Mit\u00e4 teemme\",\"item\":\"https:\\\/\\\/rotary.fi\\\/tamperehervanta\\\/mita-teemme\\\/\"},{\"@type\":\"ListItem\",\"position\":3,\"name\":\"Projektit\"}]},{\"@type\":\"WebSite\",\"@id\":\"https:\\\/\\\/rotary.fi\\\/tamperehervanta\\\/#website\",\"url\":\"https:\\\/\\\/rotary.fi\\\/tamperehervanta\\\/\",\"name\":\"Tampere-Hervannan Rotaryklubi\",\"description\":\"Uusi Rotary klubisivusto\",\"potentialAction\":[{\"@type\":\"SearchAction\",\"target\":{\"@type\":\"EntryPoint\",\"urlTemplate\":\"https:\\\/\\\/rotary.fi\\\/tamperehervanta\\\/?s={search_term_string}\"},\"query-input\":{\"@type\":\"PropertyValueSpecification\",\"valueRequired\":true,\"valueName\":\"search_term_string\"}}],\"inLanguage\":\"fi\"}]}<\/script>\n<!-- \/ Yoast SEO plugin. -->","yoast_head_json":{"title":"Projektit - Tampere-Hervannan Rotaryklubi","robots":{"index":"index","follow":"follow","max-snippet":"max-snippet:-1","max-image-preview":"max-image-preview:large","max-video-preview":"max-video-preview:-1"},"canonical":"https:\/\/rotary.fi\/tamperehervanta\/mita-teemme\/projektit\/","og_locale":"fi_FI","og_type":"article","og_title":"Projektit - Tampere-Hervannan Rotaryklubi","og_description":"Tampere-Hervannan rotaryklubilla on kaksi paikallista palveluprojektia: Herwood Bros ja Iskuryhm\u00e4. Herwood Bros on klubin orkesteri, joka soittaa hyv\u00e4ntekev\u00e4isyystilaisuuksissa ja rotarytapahtumissa. Iskuryhm\u00e4 tukee Tampereen evankelisluterilaisten seurakuntien diakoniaty\u00f6t\u00e4. Painopistein\u00e4 ovat olleet kev\u00e4isin ja syksyisin Tampereen keskustorilla pidett\u00e4v\u00e4n per\u00e4konttikirppistapahtuman liikenteenohjauksessa ja makkaranmyynniss\u00e4 Klubi on viime vuosina osallistunut Ukrainaan kohdistuviin humanit\u00e4\u00e4risiin projekteihin. Klubi osallistui vuosina 2022\u20132023 rotarypiirien D1390 ja [&hellip;]","og_url":"https:\/\/rotary.fi\/tamperehervanta\/mita-teemme\/projektit\/","og_site_name":"Tampere-Hervannan Rotaryklubi","article_modified_time":"2025-02-16T14:30:50+00:00","twitter_card":"summary_large_image","twitter_misc":{"Arvioitu lukuaika":"3 minuuttia"},"schema":{"@context":"https:\/\/schema.org","@graph":[{"@type":"WebPage","@id":"https:\/\/rotary.fi\/tamperehervanta\/mita-teemme\/projektit\/","url":"https:\/\/rotary.fi\/tamperehervanta\/mita-teemme\/projektit\/","name":"Projektit - Tampere-Hervannan Rotaryklubi","isPartOf":{"@id":"https:\/\/rotary.fi\/tamperehervanta\/#website"},"datePublished":"2018-08-13T06:46:59+00:00","dateModified":"2025-02-16T14:30:50+00:00","breadcrumb":{"@id":"https:\/\/rotary.fi\/tamperehervanta\/mita-teemme\/projektit\/#breadcrumb"},"inLanguage":"fi","potentialAction":[{"@type":"ReadAction","target":["https:\/\/rotary.fi\/tamperehervanta\/mita-teemme\/projektit\/"]}]},{"@type":"BreadcrumbList","@id":"https:\/\/rotary.fi\/tamperehervanta\/mita-teemme\/projektit\/#breadcrumb","itemListElement":[{"@type":"ListItem","position":1,"name":"Home","item":"https:\/\/rotary.fi\/tamperehervanta\/"},{"@type":"ListItem","position":2,"name":"Mit\u00e4 teemme","item":"https:\/\/rotary.fi\/tamperehervanta\/mita-teemme\/"},{"@type":"ListItem","position":3,"name":"Projektit"}]},{"@type":"WebSite","@id":"https:\/\/rotary.fi\/tamperehervanta\/#website","url":"https:\/\/rotary.fi\/tamperehervanta\/","name":"Tampere-Hervannan Rotaryklubi","description":"Uusi Rotary klubisivusto","potentialAction":[{"@type":"SearchAction","target":{"@type":"EntryPoint","urlTemplate":"https:\/\/rotary.fi\/tamperehervanta\/?s={search_term_string}"},"query-input":{"@type":"PropertyValueSpecification","valueRequired":true,"valueName":"search_term_string"}}],"inLanguage":"fi"}]}},"lang":"fi","translations":{"fi":156,"en":1451},"pll_sync_post":[],"_links":{"self":[{"href":"https:\/\/rotary.fi\/tamperehervanta\/wp-json\/wp\/v2\/pages\/156","targetHints":{"allow":["GET"]}}],"collection":[{"href":"https:\/\/rotary.fi\/tamperehervanta\/wp-json\/wp\/v2\/pages"}],"about":[{"href":"https:\/\/rotary.fi\/tamperehervanta\/wp-json\/wp\/v2\/types\/page"}],"author":[{"embeddable":true,"href":"https:\/\/rotary.fi\/tamperehervanta\/wp-json\/wp\/v2\/users\/1"}],"replies":[{"embeddable":true,"href":"https:\/\/rotary.fi\/tamperehervanta\/wp-json\/wp\/v2\/comments?post=156"}],"version-history":[{"count":10,"href":"https:\/\/rotary.fi\/tamperehervanta\/wp-json\/wp\/v2\/pages\/156\/revisions"}],"predecessor-version":[{"id":2307,"href":"https:\/\/rotary.fi\/tamperehervanta\/wp-json\/wp\/v2\/pages\/156\/revisions\/2307"}],"up":[{"embeddable":true,"href":"https:\/\/rotary.fi\/tamperehervanta\/wp-json\/wp\/v2\/pages\/77"}],"wp:attachment":[{"href":"https:\/\/rotary.fi\/tamperehervanta\/wp-json\/wp\/v2\/media?parent=156"}],"curies":[{"name":"wp","href":"https:\/\/api.w.org\/{rel}","templated":true}]}}