{"id":132,"date":"2018-08-10T13:59:56","date_gmt":"2018-08-10T10:59:56","guid":{"rendered":"https:\/\/rotary.fi\/klubi2\/?page_id=132"},"modified":"2024-10-10T17:43:30","modified_gmt":"2024-10-10T14:43:30","slug":"hallitus-ja-toimihenkilot","status":"publish","type":"page","link":"https:\/\/rotary.fi\/tamperehervanta\/keita-olemme\/hallitus-ja-toimihenkilot\/","title":{"rendered":"Hallitus ja toimihenkil\u00f6t"},"content":{"rendered":"<h4><b>KAUDELLA 2024 \u2013 2025<\/b><\/h4>\n<p>Presidentti: Petri Pekkola<\/p>\n<p>Varapresidentti: Jarkko M\u00e4kinen<\/p>\n<p>Sihteeri: Pasi Kuusiluoma<\/p>\n<p>Klubimestari: Pekka S\u00f6derling<\/p>\n<p>Kansainv\u00e4lisen palvelun komitean puheenjohtaja: Kai Parkkola<\/p>\n<p>Palvelukomitean puheenjohtaja: Timo Takala<\/p>\n<p>J\u00e4senyyskomitean puheenjohtaja: Mauri Poussa<\/p>\n<p>Rotarys\u00e4\u00e4ti\u00f6asiamies: Esa M\u00e4kinen<\/p>\n","protected":false},"excerpt":{"rendered":"<p>KAUDELLA 2024 \u2013 2025 Presidentti: Petri Pekkola Varapresidentti: Jarkko M\u00e4kinen Sihteeri: Pasi Kuusiluoma Klubimestari: Pekka S\u00f6derling Kansainv\u00e4lisen palvelun komitean puheenjohtaja: Kai Parkkola Palvelukomitean puheenjohtaja: Timo Takala J\u00e4senyyskomitean puheenjohtaja: Mauri Poussa Rotarys\u00e4\u00e4ti\u00f6asiamies: Esa M\u00e4kinen<\/p>\n","protected":false},"author":1,"featured_media":0,"parent":129,"menu_order":1,"comment_status":"closed","ping_status":"closed","template":"","meta":{"_acf_changed":false,"_et_pb_use_builder":"off","_et_pb_old_content":"","_et_gb_content_width":"","footnotes":""},"class_list":["post-132","page","type-page","status-publish","hentry"],"acf":[],"yoast_head":"<!-- This site is optimized with the Yoast SEO plugin v27.0 - https:\/\/yoast.com\/product\/yoast-seo-wordpress\/ -->\n<title>Hallitus ja toimihenkil\u00f6t - Tampere-Hervannan Rotaryklubi<\/title>\n<meta name=\"robots\" content=\"index, follow, max-snippet:-1, max-image-preview:large, max-video-preview:-1\" \/>\n<link rel=\"canonical\" href=\"https:\/\/rotary.fi\/tamperehervanta\/keita-olemme\/hallitus-ja-toimihenkilot\/\" \/>\n<meta property=\"og:locale\" content=\"fi_FI\" \/>\n<meta property=\"og:type\" content=\"article\" \/>\n<meta property=\"og:title\" content=\"Hallitus ja toimihenkil\u00f6t - Tampere-Hervannan Rotaryklubi\" \/>\n<meta property=\"og:description\" content=\"KAUDELLA 2024 \u2013 2025 Presidentti: Petri Pekkola Varapresidentti: Jarkko M\u00e4kinen Sihteeri: Pasi Kuusiluoma Klubimestari: Pekka S\u00f6derling Kansainv\u00e4lisen palvelun komitean puheenjohtaja: Kai Parkkola Palvelukomitean puheenjohtaja: Timo Takala J\u00e4senyyskomitean puheenjohtaja: Mauri Poussa Rotarys\u00e4\u00e4ti\u00f6asiamies: Esa M\u00e4kinen\" \/>\n<meta property=\"og:url\" content=\"https:\/\/rotary.fi\/tamperehervanta\/keita-olemme\/hallitus-ja-toimihenkilot\/\" \/>\n<meta property=\"og:site_name\" content=\"Tampere-Hervannan Rotaryklubi\" \/>\n<meta property=\"article:modified_time\" content=\"2024-10-10T14:43:30+00:00\" \/>\n<meta name=\"twitter:card\" content=\"summary_large_image\" \/>\n<meta name=\"twitter:label1\" content=\"Arvioitu lukuaika\" \/>\n\t<meta name=\"twitter:data1\" content=\"1 minuutti\" \/>\n<script type=\"application\/ld+json\" class=\"yoast-schema-graph\">{\"@context\":\"https:\/\/schema.org\",\"@graph\":[{\"@type\":\"WebPage\",\"@id\":\"https:\/\/rotary.fi\/tamperehervanta\/keita-olemme\/hallitus-ja-toimihenkilot\/\",\"url\":\"https:\/\/rotary.fi\/tamperehervanta\/keita-olemme\/hallitus-ja-toimihenkilot\/\",\"name\":\"Hallitus ja toimihenkil\u00f6t - Tampere-Hervannan Rotaryklubi\",\"isPartOf\":{\"@id\":\"https:\/\/rotary.fi\/tamperehervanta\/#website\"},\"datePublished\":\"2018-08-10T10:59:56+00:00\",\"dateModified\":\"2024-10-10T14:43:30+00:00\",\"breadcrumb\":{\"@id\":\"https:\/\/rotary.fi\/tamperehervanta\/keita-olemme\/hallitus-ja-toimihenkilot\/#breadcrumb\"},\"inLanguage\":\"fi\",\"potentialAction\":[{\"@type\":\"ReadAction\",\"target\":[\"https:\/\/rotary.fi\/tamperehervanta\/keita-olemme\/hallitus-ja-toimihenkilot\/\"]}]},{\"@type\":\"BreadcrumbList\",\"@id\":\"https:\/\/rotary.fi\/tamperehervanta\/keita-olemme\/hallitus-ja-toimihenkilot\/#breadcrumb\",\"itemListElement\":[{\"@type\":\"ListItem\",\"position\":1,\"name\":\"Home\",\"item\":\"https:\/\/rotary.fi\/tamperehervanta\/\"},{\"@type\":\"ListItem\",\"position\":2,\"name\":\"Keit\u00e4 olemme\",\"item\":\"https:\/\/rotary.fi\/tamperehervanta\/keita-olemme\/\"},{\"@type\":\"ListItem\",\"position\":3,\"name\":\"Hallitus ja toimihenkil\u00f6t\"}]},{\"@type\":\"WebSite\",\"@id\":\"https:\/\/rotary.fi\/tamperehervanta\/#website\",\"url\":\"https:\/\/rotary.fi\/tamperehervanta\/\",\"name\":\"Tampere-Hervannan Rotaryklubi\",\"description\":\"Uusi Rotary klubisivusto\",\"potentialAction\":[{\"@type\":\"SearchAction\",\"target\":{\"@type\":\"EntryPoint\",\"urlTemplate\":\"https:\/\/rotary.fi\/tamperehervanta\/?s={search_term_string}\"},\"query-input\":{\"@type\":\"PropertyValueSpecification\",\"valueRequired\":true,\"valueName\":\"search_term_string\"}}],\"inLanguage\":\"fi\"}]}<\/script>\n<!-- \/ Yoast SEO plugin. -->","yoast_head_json":{"title":"Hallitus ja toimihenkil\u00f6t - Tampere-Hervannan Rotaryklubi","robots":{"index":"index","follow":"follow","max-snippet":"max-snippet:-1","max-image-preview":"max-image-preview:large","max-video-preview":"max-video-preview:-1"},"canonical":"https:\/\/rotary.fi\/tamperehervanta\/keita-olemme\/hallitus-ja-toimihenkilot\/","og_locale":"fi_FI","og_type":"article","og_title":"Hallitus ja toimihenkil\u00f6t - Tampere-Hervannan Rotaryklubi","og_description":"KAUDELLA 2024 \u2013 2025 Presidentti: Petri Pekkola Varapresidentti: Jarkko M\u00e4kinen Sihteeri: Pasi Kuusiluoma Klubimestari: Pekka S\u00f6derling Kansainv\u00e4lisen palvelun komitean puheenjohtaja: Kai Parkkola Palvelukomitean puheenjohtaja: Timo Takala J\u00e4senyyskomitean puheenjohtaja: Mauri Poussa Rotarys\u00e4\u00e4ti\u00f6asiamies: Esa M\u00e4kinen","og_url":"https:\/\/rotary.fi\/tamperehervanta\/keita-olemme\/hallitus-ja-toimihenkilot\/","og_site_name":"Tampere-Hervannan Rotaryklubi","article_modified_time":"2024-10-10T14:43:30+00:00","twitter_card":"summary_large_image","twitter_misc":{"Arvioitu lukuaika":"1 minuutti"},"schema":{"@context":"https:\/\/schema.org","@graph":[{"@type":"WebPage","@id":"https:\/\/rotary.fi\/tamperehervanta\/keita-olemme\/hallitus-ja-toimihenkilot\/","url":"https:\/\/rotary.fi\/tamperehervanta\/keita-olemme\/hallitus-ja-toimihenkilot\/","name":"Hallitus ja toimihenkil\u00f6t - Tampere-Hervannan Rotaryklubi","isPartOf":{"@id":"https:\/\/rotary.fi\/tamperehervanta\/#website"},"datePublished":"2018-08-10T10:59:56+00:00","dateModified":"2024-10-10T14:43:30+00:00","breadcrumb":{"@id":"https:\/\/rotary.fi\/tamperehervanta\/keita-olemme\/hallitus-ja-toimihenkilot\/#breadcrumb"},"inLanguage":"fi","potentialAction":[{"@type":"ReadAction","target":["https:\/\/rotary.fi\/tamperehervanta\/keita-olemme\/hallitus-ja-toimihenkilot\/"]}]},{"@type":"BreadcrumbList","@id":"https:\/\/rotary.fi\/tamperehervanta\/keita-olemme\/hallitus-ja-toimihenkilot\/#breadcrumb","itemListElement":[{"@type":"ListItem","position":1,"name":"Home","item":"https:\/\/rotary.fi\/tamperehervanta\/"},{"@type":"ListItem","position":2,"name":"Keit\u00e4 olemme","item":"https:\/\/rotary.fi\/tamperehervanta\/keita-olemme\/"},{"@type":"ListItem","position":3,"name":"Hallitus ja toimihenkil\u00f6t"}]},{"@type":"WebSite","@id":"https:\/\/rotary.fi\/tamperehervanta\/#website","url":"https:\/\/rotary.fi\/tamperehervanta\/","name":"Tampere-Hervannan Rotaryklubi","description":"Uusi Rotary klubisivusto","potentialAction":[{"@type":"SearchAction","target":{"@type":"EntryPoint","urlTemplate":"https:\/\/rotary.fi\/tamperehervanta\/?s={search_term_string}"},"query-input":{"@type":"PropertyValueSpecification","valueRequired":true,"valueName":"search_term_string"}}],"inLanguage":"fi"}]}},"lang":"fi","translations":{"fi":132,"en":1428,"sv":1569},"pll_sync_post":[],"_links":{"self":[{"href":"https:\/\/rotary.fi\/tamperehervanta\/wp-json\/wp\/v2\/pages\/132","targetHints":{"allow":["GET"]}}],"collection":[{"href":"https:\/\/rotary.fi\/tamperehervanta\/wp-json\/wp\/v2\/pages"}],"about":[{"href":"https:\/\/rotary.fi\/tamperehervanta\/wp-json\/wp\/v2\/types\/page"}],"author":[{"embeddable":true,"href":"https:\/\/rotary.fi\/tamperehervanta\/wp-json\/wp\/v2\/users\/1"}],"replies":[{"embeddable":true,"href":"https:\/\/rotary.fi\/tamperehervanta\/wp-json\/wp\/v2\/comments?post=132"}],"version-history":[{"count":13,"href":"https:\/\/rotary.fi\/tamperehervanta\/wp-json\/wp\/v2\/pages\/132\/revisions"}],"predecessor-version":[{"id":2223,"href":"https:\/\/rotary.fi\/tamperehervanta\/wp-json\/wp\/v2\/pages\/132\/revisions\/2223"}],"up":[{"embeddable":true,"href":"https:\/\/rotary.fi\/tamperehervanta\/wp-json\/wp\/v2\/pages\/129"}],"wp:attachment":[{"href":"https:\/\/rotary.fi\/tamperehervanta\/wp-json\/wp\/v2\/media?parent=132"}],"curies":[{"name":"wp","href":"https:\/\/api.w.org\/{rel}","templated":true}]}}