{"id":129,"date":"2018-08-10T13:41:39","date_gmt":"2018-08-10T10:41:39","guid":{"rendered":"https:\/\/rotary.fi\/klubi2\/?page_id=129"},"modified":"2025-02-02T10:08:22","modified_gmt":"2025-02-02T08:08:22","slug":"keita-olemme","status":"publish","type":"page","link":"https:\/\/rotary.fi\/tamperehervanta\/keita-olemme\/","title":{"rendered":"Keit\u00e4 olemme"},"content":{"rendered":"<p>Tampere-Hervannan rotaryklubi on perustettu karkausp\u00e4iv\u00e4n\u00e4 29.2.1988. Klubi kokoontuu joka toinen maanantai Ravintola Kalevanpaasin kokoustiloihin klo 11.30 lounaalle ja viikkokokous pidet\u00e4\u00e4n klo 12.00\u201313.00. Ohjelmassa on p\u00e4\u00e4asiassa ajankohtaisia yhteiskunnallisia asioita k\u00e4sittelevi\u00e4 esitelmi\u00e4. Lis\u00e4ksi klubi tekee yritysvierailuja Tampereen seudulla. Klubin vuosiohjelma l\u00f6ytyy <a href=\"https:\/\/rotary.fi\/tamperehervanta\/ajankohtaista\/tapahtumakalenteri\/\">t\u00e4\u00e4lt\u00e4<\/a>.<\/p>\n","protected":false},"excerpt":{"rendered":"<p>Tampere-Hervannan rotaryklubi on perustettu karkausp\u00e4iv\u00e4n\u00e4 29.2.1988. Klubi kokoontuu joka toinen maanantai Ravintola Kalevanpaasin kokoustiloihin klo 11.30 lounaalle ja viikkokokous pidet\u00e4\u00e4n klo 12.00\u201313.00. Ohjelmassa on p\u00e4\u00e4asiassa ajankohtaisia yhteiskunnallisia asioita k\u00e4sittelevi\u00e4 esitelmi\u00e4. Lis\u00e4ksi klubi tekee yritysvierailuja Tampereen seudulla. Klubin vuosiohjelma l\u00f6ytyy t\u00e4\u00e4lt\u00e4.<\/p>\n","protected":false},"author":1,"featured_media":0,"parent":0,"menu_order":1,"comment_status":"closed","ping_status":"closed","template":"","meta":{"_acf_changed":false,"_et_pb_use_builder":"off","_et_pb_old_content":"","_et_gb_content_width":"","footnotes":""},"class_list":["post-129","page","type-page","status-publish","hentry"],"acf":[],"yoast_head":"<!-- This site is optimized with the Yoast SEO plugin v27.0 - https:\/\/yoast.com\/product\/yoast-seo-wordpress\/ -->\n<title>Keit\u00e4 olemme - Tampere-Hervannan Rotaryklubi<\/title>\n<meta name=\"robots\" content=\"index, follow, max-snippet:-1, max-image-preview:large, max-video-preview:-1\" \/>\n<link rel=\"canonical\" href=\"https:\/\/rotary.fi\/tamperehervanta\/keita-olemme\/\" \/>\n<meta property=\"og:locale\" content=\"fi_FI\" \/>\n<meta property=\"og:type\" content=\"article\" \/>\n<meta property=\"og:title\" content=\"Keit\u00e4 olemme - Tampere-Hervannan Rotaryklubi\" \/>\n<meta property=\"og:description\" content=\"Tampere-Hervannan rotaryklubi on perustettu karkausp\u00e4iv\u00e4n\u00e4 29.2.1988. Klubi kokoontuu joka toinen maanantai Ravintola Kalevanpaasin kokoustiloihin klo 11.30 lounaalle ja viikkokokous pidet\u00e4\u00e4n klo 12.00\u201313.00. Ohjelmassa on p\u00e4\u00e4asiassa ajankohtaisia yhteiskunnallisia asioita k\u00e4sittelevi\u00e4 esitelmi\u00e4. Lis\u00e4ksi klubi tekee yritysvierailuja Tampereen seudulla. Klubin vuosiohjelma l\u00f6ytyy t\u00e4\u00e4lt\u00e4.\" \/>\n<meta property=\"og:url\" content=\"https:\/\/rotary.fi\/tamperehervanta\/keita-olemme\/\" \/>\n<meta property=\"og:site_name\" content=\"Tampere-Hervannan Rotaryklubi\" \/>\n<meta property=\"article:modified_time\" content=\"2025-02-02T08:08:22+00:00\" \/>\n<meta name=\"twitter:card\" content=\"summary_large_image\" \/>\n<meta name=\"twitter:label1\" content=\"Arvioitu lukuaika\" \/>\n\t<meta name=\"twitter:data1\" content=\"1 minuutti\" \/>\n<script type=\"application\/ld+json\" class=\"yoast-schema-graph\">{\"@context\":\"https:\/\/schema.org\",\"@graph\":[{\"@type\":\"WebPage\",\"@id\":\"https:\/\/rotary.fi\/tamperehervanta\/keita-olemme\/\",\"url\":\"https:\/\/rotary.fi\/tamperehervanta\/keita-olemme\/\",\"name\":\"Keit\u00e4 olemme - Tampere-Hervannan Rotaryklubi\",\"isPartOf\":{\"@id\":\"https:\/\/rotary.fi\/tamperehervanta\/#website\"},\"datePublished\":\"2018-08-10T10:41:39+00:00\",\"dateModified\":\"2025-02-02T08:08:22+00:00\",\"breadcrumb\":{\"@id\":\"https:\/\/rotary.fi\/tamperehervanta\/keita-olemme\/#breadcrumb\"},\"inLanguage\":\"fi\",\"potentialAction\":[{\"@type\":\"ReadAction\",\"target\":[\"https:\/\/rotary.fi\/tamperehervanta\/keita-olemme\/\"]}]},{\"@type\":\"BreadcrumbList\",\"@id\":\"https:\/\/rotary.fi\/tamperehervanta\/keita-olemme\/#breadcrumb\",\"itemListElement\":[{\"@type\":\"ListItem\",\"position\":1,\"name\":\"Home\",\"item\":\"https:\/\/rotary.fi\/tamperehervanta\/\"},{\"@type\":\"ListItem\",\"position\":2,\"name\":\"Keit\u00e4 olemme\"}]},{\"@type\":\"WebSite\",\"@id\":\"https:\/\/rotary.fi\/tamperehervanta\/#website\",\"url\":\"https:\/\/rotary.fi\/tamperehervanta\/\",\"name\":\"Tampere-Hervannan Rotaryklubi\",\"description\":\"Uusi Rotary klubisivusto\",\"potentialAction\":[{\"@type\":\"SearchAction\",\"target\":{\"@type\":\"EntryPoint\",\"urlTemplate\":\"https:\/\/rotary.fi\/tamperehervanta\/?s={search_term_string}\"},\"query-input\":{\"@type\":\"PropertyValueSpecification\",\"valueRequired\":true,\"valueName\":\"search_term_string\"}}],\"inLanguage\":\"fi\"}]}<\/script>\n<!-- \/ Yoast SEO plugin. -->","yoast_head_json":{"title":"Keit\u00e4 olemme - Tampere-Hervannan Rotaryklubi","robots":{"index":"index","follow":"follow","max-snippet":"max-snippet:-1","max-image-preview":"max-image-preview:large","max-video-preview":"max-video-preview:-1"},"canonical":"https:\/\/rotary.fi\/tamperehervanta\/keita-olemme\/","og_locale":"fi_FI","og_type":"article","og_title":"Keit\u00e4 olemme - Tampere-Hervannan Rotaryklubi","og_description":"Tampere-Hervannan rotaryklubi on perustettu karkausp\u00e4iv\u00e4n\u00e4 29.2.1988. Klubi kokoontuu joka toinen maanantai Ravintola Kalevanpaasin kokoustiloihin klo 11.30 lounaalle ja viikkokokous pidet\u00e4\u00e4n klo 12.00\u201313.00. Ohjelmassa on p\u00e4\u00e4asiassa ajankohtaisia yhteiskunnallisia asioita k\u00e4sittelevi\u00e4 esitelmi\u00e4. Lis\u00e4ksi klubi tekee yritysvierailuja Tampereen seudulla. Klubin vuosiohjelma l\u00f6ytyy t\u00e4\u00e4lt\u00e4.","og_url":"https:\/\/rotary.fi\/tamperehervanta\/keita-olemme\/","og_site_name":"Tampere-Hervannan Rotaryklubi","article_modified_time":"2025-02-02T08:08:22+00:00","twitter_card":"summary_large_image","twitter_misc":{"Arvioitu lukuaika":"1 minuutti"},"schema":{"@context":"https:\/\/schema.org","@graph":[{"@type":"WebPage","@id":"https:\/\/rotary.fi\/tamperehervanta\/keita-olemme\/","url":"https:\/\/rotary.fi\/tamperehervanta\/keita-olemme\/","name":"Keit\u00e4 olemme - Tampere-Hervannan Rotaryklubi","isPartOf":{"@id":"https:\/\/rotary.fi\/tamperehervanta\/#website"},"datePublished":"2018-08-10T10:41:39+00:00","dateModified":"2025-02-02T08:08:22+00:00","breadcrumb":{"@id":"https:\/\/rotary.fi\/tamperehervanta\/keita-olemme\/#breadcrumb"},"inLanguage":"fi","potentialAction":[{"@type":"ReadAction","target":["https:\/\/rotary.fi\/tamperehervanta\/keita-olemme\/"]}]},{"@type":"BreadcrumbList","@id":"https:\/\/rotary.fi\/tamperehervanta\/keita-olemme\/#breadcrumb","itemListElement":[{"@type":"ListItem","position":1,"name":"Home","item":"https:\/\/rotary.fi\/tamperehervanta\/"},{"@type":"ListItem","position":2,"name":"Keit\u00e4 olemme"}]},{"@type":"WebSite","@id":"https:\/\/rotary.fi\/tamperehervanta\/#website","url":"https:\/\/rotary.fi\/tamperehervanta\/","name":"Tampere-Hervannan Rotaryklubi","description":"Uusi Rotary klubisivusto","potentialAction":[{"@type":"SearchAction","target":{"@type":"EntryPoint","urlTemplate":"https:\/\/rotary.fi\/tamperehervanta\/?s={search_term_string}"},"query-input":{"@type":"PropertyValueSpecification","valueRequired":true,"valueName":"search_term_string"}}],"inLanguage":"fi"}]}},"lang":"fi","translations":{"fi":129,"en":1424,"sv":1565},"pll_sync_post":[],"_links":{"self":[{"href":"https:\/\/rotary.fi\/tamperehervanta\/wp-json\/wp\/v2\/pages\/129","targetHints":{"allow":["GET"]}}],"collection":[{"href":"https:\/\/rotary.fi\/tamperehervanta\/wp-json\/wp\/v2\/pages"}],"about":[{"href":"https:\/\/rotary.fi\/tamperehervanta\/wp-json\/wp\/v2\/types\/page"}],"author":[{"embeddable":true,"href":"https:\/\/rotary.fi\/tamperehervanta\/wp-json\/wp\/v2\/users\/1"}],"replies":[{"embeddable":true,"href":"https:\/\/rotary.fi\/tamperehervanta\/wp-json\/wp\/v2\/comments?post=129"}],"version-history":[{"count":11,"href":"https:\/\/rotary.fi\/tamperehervanta\/wp-json\/wp\/v2\/pages\/129\/revisions"}],"predecessor-version":[{"id":2289,"href":"https:\/\/rotary.fi\/tamperehervanta\/wp-json\/wp\/v2\/pages\/129\/revisions\/2289"}],"wp:attachment":[{"href":"https:\/\/rotary.fi\/tamperehervanta\/wp-json\/wp\/v2\/media?parent=129"}],"curies":[{"name":"wp","href":"https:\/\/api.w.org\/{rel}","templated":true}]}}