{"id":2292,"date":"2019-09-22T12:49:13","date_gmt":"2019-09-22T09:49:13","guid":{"rendered":"https:\/\/rotary.fi\/tammernova\/?page_id=2292"},"modified":"2020-08-12T12:24:12","modified_gmt":"2020-08-12T09:24:12","slug":"nuoret-naiset-johtamisurille","status":"publish","type":"page","link":"https:\/\/rotary.fi\/tammernova\/mita-teemme\/projektit\/nuoret-naiset-johtamisurille\/","title":{"rendered":"Nuoret naiset johtamisurille"},"content":{"rendered":"<p>[et_pb_section fb_built=&#8221;1&#8243; module_class=&#8221;jumbotron-page&#8221; _builder_version=&#8221;3.22.3&#8243; background_image=&#8221;https:\/\/rotary.fi\/tammernova\/wp-content\/uploads\/sites\/99\/2019\/05\/nuoretnaiset2019.jpg&#8221; inner_width_tablet=&#8221;50px&#8221; inner_max_width_tablet=&#8221;50px&#8221; z_index_tablet=&#8221;500&#8243;][et_pb_row _builder_version=&#8221;3.25&#8243; background_size=&#8221;initial&#8221; background_position=&#8221;top_left&#8221; background_repeat=&#8221;repeat&#8221;][et_pb_column type=&#8221;4_4&#8243; _builder_version=&#8221;3.0.47&#8243; custom_padding=&#8221;|||&#8221; custom_padding__hover=&#8221;|||&#8221;][et_pb_text admin_label=&#8221;P\u00e4\u00e4otsikko&#8221; _builder_version=&#8221;3.27.4&#8243; text_orientation=&#8221;center&#8221; background_layout=&#8221;dark&#8221; z_index_tablet=&#8221;500&#8243; text_text_shadow_horizontal_length_tablet=&#8221;0px&#8221; text_text_shadow_vertical_length_tablet=&#8221;0px&#8221; text_text_shadow_blur_strength_tablet=&#8221;1px&#8221; link_text_shadow_horizontal_length_tablet=&#8221;0px&#8221; link_text_shadow_vertical_length_tablet=&#8221;0px&#8221; link_text_shadow_blur_strength_tablet=&#8221;1px&#8221; ul_text_shadow_horizontal_length_tablet=&#8221;0px&#8221; ul_text_shadow_vertical_length_tablet=&#8221;0px&#8221; ul_text_shadow_blur_strength_tablet=&#8221;1px&#8221; ol_text_shadow_horizontal_length_tablet=&#8221;0px&#8221; ol_text_shadow_vertical_length_tablet=&#8221;0px&#8221; ol_text_shadow_blur_strength_tablet=&#8221;1px&#8221; quote_text_shadow_horizontal_length_tablet=&#8221;0px&#8221; quote_text_shadow_vertical_length_tablet=&#8221;0px&#8221; quote_text_shadow_blur_strength_tablet=&#8221;1px&#8221; header_text_shadow_horizontal_length_tablet=&#8221;0px&#8221; header_text_shadow_vertical_length_tablet=&#8221;0px&#8221; header_text_shadow_blur_strength_tablet=&#8221;1px&#8221; header_2_text_shadow_horizontal_length_tablet=&#8221;0px&#8221; header_2_text_shadow_vertical_length_tablet=&#8221;0px&#8221; header_2_text_shadow_blur_strength_tablet=&#8221;1px&#8221; header_3_text_shadow_horizontal_length_tablet=&#8221;0px&#8221; header_3_text_shadow_vertical_length_tablet=&#8221;0px&#8221; header_3_text_shadow_blur_strength_tablet=&#8221;1px&#8221; header_4_text_shadow_horizontal_length_tablet=&#8221;0px&#8221; header_4_text_shadow_vertical_length_tablet=&#8221;0px&#8221; header_4_text_shadow_blur_strength_tablet=&#8221;1px&#8221; header_5_text_shadow_horizontal_length_tablet=&#8221;0px&#8221; header_5_text_shadow_vertical_length_tablet=&#8221;0px&#8221; header_5_text_shadow_blur_strength_tablet=&#8221;1px&#8221; header_6_text_shadow_horizontal_length_tablet=&#8221;0px&#8221; header_6_text_shadow_vertical_length_tablet=&#8221;0px&#8221; header_6_text_shadow_blur_strength_tablet=&#8221;1px&#8221; box_shadow_horizontal_tablet=&#8221;0px&#8221; box_shadow_vertical_tablet=&#8221;0px&#8221; box_shadow_blur_tablet=&#8221;40px&#8221; box_shadow_spread_tablet=&#8221;0px&#8221;]<\/p>\n<h1>Nuoret naiset johtamisurille<\/h1>\n<p>[\/et_pb_text][\/et_pb_column][\/et_pb_row][\/et_pb_section][et_pb_section fb_built=&#8221;1&#8243; specialty=&#8221;on&#8221; module_class_2=&#8221;sivupalkki&#8221; _builder_version=&#8221;3.22&#8243; inner_max_width=&#8221;none&#8221;][et_pb_column type=&#8221;2_3&#8243; specialty_columns=&#8221;2&#8243; _builder_version=&#8221;3.25&#8243; custom_padding=&#8221;|||&#8221; custom_padding__hover=&#8221;|||&#8221;][et_pb_row_inner admin_label=&#8221;Rivi&#8221; _builder_version=&#8221;3.25&#8243;][et_pb_column_inner saved_specialty_column_type=&#8221;2_3&#8243; _builder_version=&#8221;3.0.47&#8243; custom_padding=&#8221;|||&#8221; custom_padding__hover=&#8221;|||&#8221;][et_pb_text admin_label=&#8221;Otsikko ennen teksti\u00e4&#8221; _builder_version=&#8221;3.27.4&#8243; text_orientation=&#8221;center&#8221; z_index_tablet=&#8221;500&#8243; text_text_shadow_horizontal_length_tablet=&#8221;0px&#8221; text_text_shadow_vertical_length_tablet=&#8221;0px&#8221; text_text_shadow_blur_strength_tablet=&#8221;1px&#8221; link_text_shadow_horizontal_length_tablet=&#8221;0px&#8221; link_text_shadow_vertical_length_tablet=&#8221;0px&#8221; link_text_shadow_blur_strength_tablet=&#8221;1px&#8221; ul_text_shadow_horizontal_length_tablet=&#8221;0px&#8221; ul_text_shadow_vertical_length_tablet=&#8221;0px&#8221; ul_text_shadow_blur_strength_tablet=&#8221;1px&#8221; ol_text_shadow_horizontal_length_tablet=&#8221;0px&#8221; ol_text_shadow_vertical_length_tablet=&#8221;0px&#8221; ol_text_shadow_blur_strength_tablet=&#8221;1px&#8221; quote_text_shadow_horizontal_length_tablet=&#8221;0px&#8221; quote_text_shadow_vertical_length_tablet=&#8221;0px&#8221; quote_text_shadow_blur_strength_tablet=&#8221;1px&#8221; header_text_shadow_horizontal_length_tablet=&#8221;0px&#8221; header_text_shadow_vertical_length_tablet=&#8221;0px&#8221; header_text_shadow_blur_strength_tablet=&#8221;1px&#8221; header_2_text_shadow_horizontal_length_tablet=&#8221;0px&#8221; header_2_text_shadow_vertical_length_tablet=&#8221;0px&#8221; header_2_text_shadow_blur_strength_tablet=&#8221;1px&#8221; header_3_text_shadow_horizontal_length_tablet=&#8221;0px&#8221; header_3_text_shadow_vertical_length_tablet=&#8221;0px&#8221; header_3_text_shadow_blur_strength_tablet=&#8221;1px&#8221; header_4_text_shadow_horizontal_length_tablet=&#8221;0px&#8221; header_4_text_shadow_vertical_length_tablet=&#8221;0px&#8221; header_4_text_shadow_blur_strength_tablet=&#8221;1px&#8221; header_5_text_shadow_horizontal_length_tablet=&#8221;0px&#8221; header_5_text_shadow_vertical_length_tablet=&#8221;0px&#8221; header_5_text_shadow_blur_strength_tablet=&#8221;1px&#8221; header_6_text_shadow_horizontal_length_tablet=&#8221;0px&#8221; header_6_text_shadow_vertical_length_tablet=&#8221;0px&#8221; header_6_text_shadow_blur_strength_tablet=&#8221;1px&#8221; box_shadow_horizontal_tablet=&#8221;0px&#8221; box_shadow_vertical_tablet=&#8221;0px&#8221; box_shadow_blur_tablet=&#8221;40px&#8221; box_shadow_spread_tablet=&#8221;0px&#8221;]<\/p>\n<h1>Nuoret naiset johtamisurille<\/h1>\n<p>[\/et_pb_text][et_pb_text _builder_version=&#8221;3.27.4&#8243; z_index_tablet=&#8221;500&#8243; box_shadow_horizontal_tablet=&#8221;0px&#8221; box_shadow_vertical_tablet=&#8221;0px&#8221; box_shadow_blur_tablet=&#8221;40px&#8221; box_shadow_spread_tablet=&#8221;0px&#8221;]<\/p>\n<p>Tammer Nova on kouluttanut ja rohkaissut jo vuodesta 2006 l\u00e4htien tamperelaisia lukio-opiskelijoita esimies- ja johtamisteht\u00e4viin yliopistotasoisella Nuoret naiset johtamisurille -kurssilla. Kurssi on suunnattu lukion toisen vuosikurssin opiskelijoille, ja se on hyv\u00e4ksytty Tampereella ymp\u00e4rist\u00f6- ja yhteiskuntatieteisiin yhden lukiokurssin arvoiseksi kurssiksi. Kurssilla opiskelijat tutustuvat johtamiskirjallisuuteen, osallistuvat luennoille, vierailevat tamperelaisissa yrityksiss\u00e4 ja haastattelevat naisjohtajia loppuraporttejaan varten. Kurssi huipentuu toukokuussa arvokkaaseen p\u00e4\u00e4t\u00f6sjuhlaan.<\/p>\n<p>Kurssin vet\u00e4jin\u00e4 ja kouluttajina toimivat Tammer Novan j\u00e4senet: Dosentti, KTT Heidi Keso ja laillistettu psykologi Lea Polso, sek\u00e4 koulutuskoordinaattorina Erja J\u00e4rvi\u00f6.\u00a0\u00a0<em>Lis\u00e4tiedot:\u00a0 <a href=\"mailto:heidi.keso@empiros.fi\">heidi.keso@empiros.fi<\/a><\/em><\/p>\n<p><span class=\"s1\">Kurssi on Rotaryn RYLA (Rotary Youth Leadership Awards) -toimintaa, jolla koulutamme 14<\/span><span class=\"s2\">\u2500<\/span><span class=\"s1\">30-vuotiaita aloitekykyisi\u00e4 ja aktiivisia nuoria omatoimisuuteen ja johtajuuteen. T\u00e4m\u00e4 tapahtuu Rotaryn j\u00e4rjest\u00e4miss\u00e4 RYLA-seminaareissa, joissa kehitet\u00e4\u00e4n mm. nuorten harkintakyky\u00e4, p\u00e4\u00e4t\u00f6ksentekokyky\u00e4 sek\u00e4 esiintymistaitoa. Kouluttajina toimivat paikallisen rotaryklubin j\u00e4senet tai muut eri alojen asiantuntijat, jotka kertovat ammattiinsa ja johtajuuteen liittyvist\u00e4 omista kokemuksistaan. <\/span><\/p>\n<p>Kurssin ovat osaltaan mahdollistaneet my\u00f6s lukuisat vierailuja j\u00e4rjest\u00e4neet paikalliset yritykset sek\u00e4 muut yhteisty\u00f6kumppanit.<\/p>\n<p><img loading=\"lazy\" decoding=\"async\" class=\"alignnone size-medium wp-image-2075\" src=\"https:\/\/rotary.fi\/tammernova\/wp-content\/uploads\/sites\/99\/2019\/06\/business-tampere-logo-2018-rgb-darkwater-300x155.png\" alt=\"\" width=\"300\" height=\"155\" srcset=\"https:\/\/rotary.fi\/tammernova\/wp-content\/uploads\/sites\/99\/2019\/06\/business-tampere-logo-2018-rgb-darkwater-300x155.png 300w, https:\/\/rotary.fi\/tammernova\/wp-content\/uploads\/sites\/99\/2019\/06\/business-tampere-logo-2018-rgb-darkwater-768x396.png 768w, https:\/\/rotary.fi\/tammernova\/wp-content\/uploads\/sites\/99\/2019\/06\/business-tampere-logo-2018-rgb-darkwater-1024x529.png 1024w, https:\/\/rotary.fi\/tammernova\/wp-content\/uploads\/sites\/99\/2019\/06\/business-tampere-logo-2018-rgb-darkwater.png 1054w\" sizes=\"(max-width: 300px) 100vw, 300px\" \/><\/p>\n<p class=\"p1\">\n<p>[\/et_pb_text][\/et_pb_column_inner][\/et_pb_row_inner][\/et_pb_column][et_pb_column type=&#8221;1_3&#8243; _builder_version=&#8221;3.25&#8243; custom_padding=&#8221;|||&#8221; custom_padding__hover=&#8221;|||&#8221;][et_pb_sidebar area=&#8221;sidebar-1&#8243; module_class=&#8221;sivupalkki_sisalto&#8221; _builder_version=&#8221;3.4.1&#8243; locked=&#8221;on&#8221;]<br \/>\n[\/et_pb_sidebar][\/et_pb_column][\/et_pb_section]<\/p>\n","protected":false},"excerpt":{"rendered":"<p>Nuoret naiset johtamisurille Nuoret naiset johtamisurille Tammer Nova on kouluttanut ja rohkaissut jo vuodesta 2006 l\u00e4htien tamperelaisia lukio-opiskelijoita esimies- ja johtamisteht\u00e4viin yliopistotasoisella Nuoret naiset johtamisurille -kurssilla. Kurssi on suunnattu lukion toisen vuosikurssin opiskelijoille, ja se on hyv\u00e4ksytty Tampereella ymp\u00e4rist\u00f6- ja yhteiskuntatieteisiin yhden lukiokurssin arvoiseksi kurssiksi. Kurssilla opiskelijat tutustuvat johtamiskirjallisuuteen, osallistuvat luennoille, vierailevat tamperelaisissa yrityksiss\u00e4 ja [&hellip;]<\/p>\n","protected":false},"author":172,"featured_media":0,"parent":156,"menu_order":0,"comment_status":"closed","ping_status":"closed","template":"","meta":{"_acf_changed":false,"_et_pb_use_builder":"on","_et_pb_old_content":"","_et_gb_content_width":"","footnotes":""},"class_list":["post-2292","page","type-page","status-publish","hentry"],"acf":[],"yoast_head":"<!-- This site is optimized with the Yoast SEO plugin v27.0 - https:\/\/yoast.com\/product\/yoast-seo-wordpress\/ -->\n<title>Nuoret naiset johtamisurille - Tammer Nova<\/title>\n<meta name=\"robots\" content=\"index, follow, max-snippet:-1, max-image-preview:large, max-video-preview:-1\" \/>\n<link rel=\"canonical\" href=\"https:\/\/rotary.fi\/tammernova\/mita-teemme\/projektit\/nuoret-naiset-johtamisurille\/\" \/>\n<meta property=\"og:locale\" content=\"fi_FI\" \/>\n<meta property=\"og:type\" content=\"article\" \/>\n<meta property=\"og:title\" content=\"Nuoret naiset johtamisurille - Tammer Nova\" \/>\n<meta property=\"og:description\" content=\"Nuoret naiset johtamisurille Nuoret naiset johtamisurille Tammer Nova on kouluttanut ja rohkaissut jo vuodesta 2006 l\u00e4htien tamperelaisia lukio-opiskelijoita esimies- ja johtamisteht\u00e4viin yliopistotasoisella Nuoret naiset johtamisurille -kurssilla. Kurssi on suunnattu lukion toisen vuosikurssin opiskelijoille, ja se on hyv\u00e4ksytty Tampereella ymp\u00e4rist\u00f6- ja yhteiskuntatieteisiin yhden lukiokurssin arvoiseksi kurssiksi. Kurssilla opiskelijat tutustuvat johtamiskirjallisuuteen, osallistuvat luennoille, vierailevat tamperelaisissa yrityksiss\u00e4 ja [&hellip;]\" \/>\n<meta property=\"og:url\" content=\"https:\/\/rotary.fi\/tammernova\/mita-teemme\/projektit\/nuoret-naiset-johtamisurille\/\" \/>\n<meta property=\"og:site_name\" content=\"Tammer Nova\" \/>\n<meta property=\"article:modified_time\" content=\"2020-08-12T09:24:12+00:00\" \/>\n<meta property=\"og:image\" content=\"https:\/\/rotary.fi\/tammernova\/wp-content\/uploads\/sites\/99\/2019\/06\/business-tampere-logo-2018-rgb-darkwater-300x155.png\" \/>\n<meta name=\"twitter:card\" content=\"summary_large_image\" \/>\n<meta name=\"twitter:label1\" content=\"Arvioitu lukuaika\" \/>\n\t<meta name=\"twitter:data1\" content=\"5 minuuttia\" \/>\n<script type=\"application\/ld+json\" class=\"yoast-schema-graph\">{\"@context\":\"https:\/\/schema.org\",\"@graph\":[{\"@type\":\"WebPage\",\"@id\":\"https:\/\/rotary.fi\/tammernova\/mita-teemme\/projektit\/nuoret-naiset-johtamisurille\/\",\"url\":\"https:\/\/rotary.fi\/tammernova\/mita-teemme\/projektit\/nuoret-naiset-johtamisurille\/\",\"name\":\"Nuoret naiset johtamisurille - Tammer Nova\",\"isPartOf\":{\"@id\":\"https:\/\/rotary.fi\/tammernova\/#website\"},\"primaryImageOfPage\":{\"@id\":\"https:\/\/rotary.fi\/tammernova\/mita-teemme\/projektit\/nuoret-naiset-johtamisurille\/#primaryimage\"},\"image\":{\"@id\":\"https:\/\/rotary.fi\/tammernova\/mita-teemme\/projektit\/nuoret-naiset-johtamisurille\/#primaryimage\"},\"thumbnailUrl\":\"https:\/\/rotary.fi\/tammernova\/wp-content\/uploads\/sites\/99\/2019\/06\/business-tampere-logo-2018-rgb-darkwater-300x155.png\",\"datePublished\":\"2019-09-22T09:49:13+00:00\",\"dateModified\":\"2020-08-12T09:24:12+00:00\",\"breadcrumb\":{\"@id\":\"https:\/\/rotary.fi\/tammernova\/mita-teemme\/projektit\/nuoret-naiset-johtamisurille\/#breadcrumb\"},\"inLanguage\":\"fi\",\"potentialAction\":[{\"@type\":\"ReadAction\",\"target\":[\"https:\/\/rotary.fi\/tammernova\/mita-teemme\/projektit\/nuoret-naiset-johtamisurille\/\"]}]},{\"@type\":\"ImageObject\",\"inLanguage\":\"fi\",\"@id\":\"https:\/\/rotary.fi\/tammernova\/mita-teemme\/projektit\/nuoret-naiset-johtamisurille\/#primaryimage\",\"url\":\"https:\/\/rotary.fi\/tammernova\/wp-content\/uploads\/sites\/99\/2019\/06\/business-tampere-logo-2018-rgb-darkwater.png\",\"contentUrl\":\"https:\/\/rotary.fi\/tammernova\/wp-content\/uploads\/sites\/99\/2019\/06\/business-tampere-logo-2018-rgb-darkwater.png\",\"width\":1054,\"height\":544},{\"@type\":\"BreadcrumbList\",\"@id\":\"https:\/\/rotary.fi\/tammernova\/mita-teemme\/projektit\/nuoret-naiset-johtamisurille\/#breadcrumb\",\"itemListElement\":[{\"@type\":\"ListItem\",\"position\":1,\"name\":\"Home\",\"item\":\"https:\/\/rotary.fi\/tammernova\/\"},{\"@type\":\"ListItem\",\"position\":2,\"name\":\"Mit\u00e4 teemme\",\"item\":\"https:\/\/rotary.fi\/tammernova\/mita-teemme\/\"},{\"@type\":\"ListItem\",\"position\":3,\"name\":\"Projektit\",\"item\":\"https:\/\/rotary.fi\/tammernova\/mita-teemme\/projektit\/\"},{\"@type\":\"ListItem\",\"position\":4,\"name\":\"Nuoret naiset johtamisurille\"}]},{\"@type\":\"WebSite\",\"@id\":\"https:\/\/rotary.fi\/tammernova\/#website\",\"url\":\"https:\/\/rotary.fi\/tammernova\/\",\"name\":\"Tammer Nova\",\"description\":\"Uusi Rotary klubisivusto\",\"potentialAction\":[{\"@type\":\"SearchAction\",\"target\":{\"@type\":\"EntryPoint\",\"urlTemplate\":\"https:\/\/rotary.fi\/tammernova\/?s={search_term_string}\"},\"query-input\":{\"@type\":\"PropertyValueSpecification\",\"valueRequired\":true,\"valueName\":\"search_term_string\"}}],\"inLanguage\":\"fi\"}]}<\/script>\n<!-- \/ Yoast SEO plugin. -->","yoast_head_json":{"title":"Nuoret naiset johtamisurille - Tammer Nova","robots":{"index":"index","follow":"follow","max-snippet":"max-snippet:-1","max-image-preview":"max-image-preview:large","max-video-preview":"max-video-preview:-1"},"canonical":"https:\/\/rotary.fi\/tammernova\/mita-teemme\/projektit\/nuoret-naiset-johtamisurille\/","og_locale":"fi_FI","og_type":"article","og_title":"Nuoret naiset johtamisurille - Tammer Nova","og_description":"Nuoret naiset johtamisurille Nuoret naiset johtamisurille Tammer Nova on kouluttanut ja rohkaissut jo vuodesta 2006 l\u00e4htien tamperelaisia lukio-opiskelijoita esimies- ja johtamisteht\u00e4viin yliopistotasoisella Nuoret naiset johtamisurille -kurssilla. Kurssi on suunnattu lukion toisen vuosikurssin opiskelijoille, ja se on hyv\u00e4ksytty Tampereella ymp\u00e4rist\u00f6- ja yhteiskuntatieteisiin yhden lukiokurssin arvoiseksi kurssiksi. Kurssilla opiskelijat tutustuvat johtamiskirjallisuuteen, osallistuvat luennoille, vierailevat tamperelaisissa yrityksiss\u00e4 ja [&hellip;]","og_url":"https:\/\/rotary.fi\/tammernova\/mita-teemme\/projektit\/nuoret-naiset-johtamisurille\/","og_site_name":"Tammer Nova","article_modified_time":"2020-08-12T09:24:12+00:00","og_image":[{"url":"https:\/\/rotary.fi\/tammernova\/wp-content\/uploads\/sites\/99\/2019\/06\/business-tampere-logo-2018-rgb-darkwater-300x155.png","type":"","width":"","height":""}],"twitter_card":"summary_large_image","twitter_misc":{"Arvioitu lukuaika":"5 minuuttia"},"schema":{"@context":"https:\/\/schema.org","@graph":[{"@type":"WebPage","@id":"https:\/\/rotary.fi\/tammernova\/mita-teemme\/projektit\/nuoret-naiset-johtamisurille\/","url":"https:\/\/rotary.fi\/tammernova\/mita-teemme\/projektit\/nuoret-naiset-johtamisurille\/","name":"Nuoret naiset johtamisurille - Tammer Nova","isPartOf":{"@id":"https:\/\/rotary.fi\/tammernova\/#website"},"primaryImageOfPage":{"@id":"https:\/\/rotary.fi\/tammernova\/mita-teemme\/projektit\/nuoret-naiset-johtamisurille\/#primaryimage"},"image":{"@id":"https:\/\/rotary.fi\/tammernova\/mita-teemme\/projektit\/nuoret-naiset-johtamisurille\/#primaryimage"},"thumbnailUrl":"https:\/\/rotary.fi\/tammernova\/wp-content\/uploads\/sites\/99\/2019\/06\/business-tampere-logo-2018-rgb-darkwater-300x155.png","datePublished":"2019-09-22T09:49:13+00:00","dateModified":"2020-08-12T09:24:12+00:00","breadcrumb":{"@id":"https:\/\/rotary.fi\/tammernova\/mita-teemme\/projektit\/nuoret-naiset-johtamisurille\/#breadcrumb"},"inLanguage":"fi","potentialAction":[{"@type":"ReadAction","target":["https:\/\/rotary.fi\/tammernova\/mita-teemme\/projektit\/nuoret-naiset-johtamisurille\/"]}]},{"@type":"ImageObject","inLanguage":"fi","@id":"https:\/\/rotary.fi\/tammernova\/mita-teemme\/projektit\/nuoret-naiset-johtamisurille\/#primaryimage","url":"https:\/\/rotary.fi\/tammernova\/wp-content\/uploads\/sites\/99\/2019\/06\/business-tampere-logo-2018-rgb-darkwater.png","contentUrl":"https:\/\/rotary.fi\/tammernova\/wp-content\/uploads\/sites\/99\/2019\/06\/business-tampere-logo-2018-rgb-darkwater.png","width":1054,"height":544},{"@type":"BreadcrumbList","@id":"https:\/\/rotary.fi\/tammernova\/mita-teemme\/projektit\/nuoret-naiset-johtamisurille\/#breadcrumb","itemListElement":[{"@type":"ListItem","position":1,"name":"Home","item":"https:\/\/rotary.fi\/tammernova\/"},{"@type":"ListItem","position":2,"name":"Mit\u00e4 teemme","item":"https:\/\/rotary.fi\/tammernova\/mita-teemme\/"},{"@type":"ListItem","position":3,"name":"Projektit","item":"https:\/\/rotary.fi\/tammernova\/mita-teemme\/projektit\/"},{"@type":"ListItem","position":4,"name":"Nuoret naiset johtamisurille"}]},{"@type":"WebSite","@id":"https:\/\/rotary.fi\/tammernova\/#website","url":"https:\/\/rotary.fi\/tammernova\/","name":"Tammer Nova","description":"Uusi Rotary klubisivusto","potentialAction":[{"@type":"SearchAction","target":{"@type":"EntryPoint","urlTemplate":"https:\/\/rotary.fi\/tammernova\/?s={search_term_string}"},"query-input":{"@type":"PropertyValueSpecification","valueRequired":true,"valueName":"search_term_string"}}],"inLanguage":"fi"}]}},"lang":"fi","translations":{"fi":2292},"pll_sync_post":[],"_links":{"self":[{"href":"https:\/\/rotary.fi\/tammernova\/wp-json\/wp\/v2\/pages\/2292","targetHints":{"allow":["GET"]}}],"collection":[{"href":"https:\/\/rotary.fi\/tammernova\/wp-json\/wp\/v2\/pages"}],"about":[{"href":"https:\/\/rotary.fi\/tammernova\/wp-json\/wp\/v2\/types\/page"}],"author":[{"embeddable":true,"href":"https:\/\/rotary.fi\/tammernova\/wp-json\/wp\/v2\/users\/172"}],"replies":[{"embeddable":true,"href":"https:\/\/rotary.fi\/tammernova\/wp-json\/wp\/v2\/comments?post=2292"}],"version-history":[{"count":5,"href":"https:\/\/rotary.fi\/tammernova\/wp-json\/wp\/v2\/pages\/2292\/revisions"}],"predecessor-version":[{"id":2545,"href":"https:\/\/rotary.fi\/tammernova\/wp-json\/wp\/v2\/pages\/2292\/revisions\/2545"}],"up":[{"embeddable":true,"href":"https:\/\/rotary.fi\/tammernova\/wp-json\/wp\/v2\/pages\/156"}],"wp:attachment":[{"href":"https:\/\/rotary.fi\/tammernova\/wp-json\/wp\/v2\/media?parent=2292"}],"curies":[{"name":"wp","href":"https:\/\/api.w.org\/{rel}","templated":true}]}}