{"id":165,"date":"2018-08-13T09:52:52","date_gmt":"2018-08-13T06:52:52","guid":{"rendered":"https:\/\/rotary.fi\/tammernova\/?page_id=165"},"modified":"2019-06-07T12:16:25","modified_gmt":"2019-06-07T09:16:25","slug":"yhteistyo","status":"publish","type":"page","link":"https:\/\/rotary.fi\/tammernova\/mita-teemme\/yhteistyo\/","title":{"rendered":"Yhteisty\u00f6"},"content":{"rendered":"<p>[et_pb_section fb_built=&#8221;1&#8243; module_class=&#8221;jumbotron-page&#8221; _builder_version=&#8221;3.22.3&#8243; background_image=&#8221;https:\/\/rotary.fi\/tammernova\/wp-content\/uploads\/sites\/99\/2019\/04\/yhteistyo.jpg&#8221; inner_width_tablet=&#8221;50px&#8221; inner_max_width_tablet=&#8221;50px&#8221; z_index_tablet=&#8221;500&#8243;][et_pb_row _builder_version=&#8221;3.22.3&#8243; background_size=&#8221;initial&#8221; background_position=&#8221;top_left&#8221; background_repeat=&#8221;repeat&#8221;][et_pb_column type=&#8221;4_4&#8243; _builder_version=&#8221;3.0.47&#8243;][et_pb_text admin_label=&#8221;P\u00e4\u00e4otsikko&#8221; _builder_version=&#8221;3.17&#8243; text_orientation=&#8221;center&#8221; background_layout=&#8221;dark&#8221;]<\/p>\n<h1>Yhteisty\u00f6<\/h1>\n<p>[\/et_pb_text][\/et_pb_column][\/et_pb_row][\/et_pb_section][et_pb_section fb_built=&#8221;1&#8243; specialty=&#8221;on&#8221; module_class_2=&#8221;sivupalkki&#8221; _builder_version=&#8221;3.22.3&#8243;][et_pb_column type=&#8221;2_3&#8243; specialty_columns=&#8221;2&#8243; _builder_version=&#8221;3.0.47&#8243;][et_pb_row_inner admin_label=&#8221;Rivi&#8221; _builder_version=&#8221;3.0.47&#8243;][et_pb_column_inner type=&#8221;4_4&#8243; saved_specialty_column_type=&#8221;2_3&#8243; _builder_version=&#8221;3.0.47&#8243;][et_pb_text admin_label=&#8221;Otsikko&#8221; _builder_version=&#8221;3.17&#8243; text_orientation=&#8221;center&#8221;]<\/p>\n<h1>Yhteisty\u00f6<\/h1>\n<p>[\/et_pb_text][et_pb_text _builder_version=&#8221;3.17&#8243; custom_padding=&#8221;0px|||||&#8221;]<\/p>\n<p><span style=\"font-size: 16px\">Klubimme toimii aktiivisesti nuorisovaihdossa sek\u00e4 palvelu- ja hyv\u00e4ntekev\u00e4isyysprojekteissa. Ty\u00f6t\u00e4mme ovat tukeneet monet yhteisty\u00f6kumppanit.<\/span><\/p>\n<p><strong style=\"font-size: 16px\">Nuoret Naiset johtamisurille &#8211; palveluprojekti<\/strong><\/p>\n<p>Tammer Novan jo vuodesta 2006 j\u00e4rjest\u00e4m\u00e4\u00e4 Nuoret Naiset johtamisurille (RYLA) &#8211; kurssia ovat olleet mahdollistamassa vuosien varrella useat tamperelaiset yritykset ja yhteisty\u00f6kumppanit mm. is\u00e4nn\u00f6im\u00e4ll\u00e4 kurssin yritysvierailuja ja luentoja sek\u00e4 tukemalla kurssin toimintaa.\u00a0 Esimerkkej\u00e4 yhteisty\u00f6kumppaneistamme:<\/p>\n<p><img loading=\"lazy\" decoding=\"async\" class=\"alignnone size-medium wp-image-2075\" src=\"https:\/\/rotary.fi\/tammernova\/wp-content\/uploads\/sites\/99\/2019\/06\/business-tampere-logo-2018-rgb-darkwater-300x155.png\" alt=\"\" width=\"248\" height=\"128\" srcset=\"https:\/\/rotary.fi\/tammernova\/wp-content\/uploads\/sites\/99\/2019\/06\/business-tampere-logo-2018-rgb-darkwater-300x155.png 300w, https:\/\/rotary.fi\/tammernova\/wp-content\/uploads\/sites\/99\/2019\/06\/business-tampere-logo-2018-rgb-darkwater-768x396.png 768w, https:\/\/rotary.fi\/tammernova\/wp-content\/uploads\/sites\/99\/2019\/06\/business-tampere-logo-2018-rgb-darkwater-1024x529.png 1024w, https:\/\/rotary.fi\/tammernova\/wp-content\/uploads\/sites\/99\/2019\/06\/business-tampere-logo-2018-rgb-darkwater.png 1054w\" sizes=\"(max-width: 248px) 100vw, 248px\" \/><\/p>\n<p><strong style=\"font-size: 16px\">Kiit\u00e4mme l\u00e4mpim\u00e4sti toimintamme tukijoita!<\/strong><\/p>\n<p>Kun haluat osallistua rotareiden ty\u00f6h\u00f6n lahjoittamalla aikaasi tai varoja, ota yst\u00e4v\u00e4llisesti yhteytt\u00e4 klubimme presidenttiin.<\/p>\n<p>[\/et_pb_text][\/et_pb_column_inner][\/et_pb_row_inner][\/et_pb_column][et_pb_column type=&#8221;1_3&#8243; _builder_version=&#8221;3.0.47&#8243;][et_pb_sidebar area=&#8221;sidebar-1&#8243; module_class=&#8221;sivupalkki_sisalto&#8221; _builder_version=&#8221;3.4.1&#8243; locked=&#8221;off&#8221;][\/et_pb_sidebar][\/et_pb_column][\/et_pb_section]<\/p>\n","protected":false},"excerpt":{"rendered":"<p>Yhteisty\u00f6 Yhteisty\u00f6 Klubimme toimii aktiivisesti nuorisovaihdossa sek\u00e4 palvelu- ja hyv\u00e4ntekev\u00e4isyysprojekteissa. Ty\u00f6t\u00e4mme ovat tukeneet monet yhteisty\u00f6kumppanit. Nuoret Naiset johtamisurille &#8211; palveluprojekti Tammer Novan jo vuodesta 2006 j\u00e4rjest\u00e4m\u00e4\u00e4 Nuoret Naiset johtamisurille (RYLA) &#8211; kurssia ovat olleet mahdollistamassa vuosien varrella useat tamperelaiset yritykset ja yhteisty\u00f6kumppanit mm. is\u00e4nn\u00f6im\u00e4ll\u00e4 kurssin yritysvierailuja ja luentoja sek\u00e4 tukemalla kurssin toimintaa.\u00a0 Esimerkkej\u00e4 yhteisty\u00f6kumppaneistamme: Kiit\u00e4mme [&hellip;]<\/p>\n","protected":false},"author":1,"featured_media":0,"parent":77,"menu_order":0,"comment_status":"closed","ping_status":"closed","template":"","meta":{"_acf_changed":false,"_et_pb_use_builder":"on","_et_pb_old_content":"","_et_gb_content_width":"","footnotes":""},"class_list":["post-165","page","type-page","status-publish","hentry"],"acf":[],"yoast_head":"<!-- This site is optimized with the Yoast SEO plugin v27.4 - https:\/\/yoast.com\/product\/yoast-seo-wordpress\/ -->\n<title>Yhteisty\u00f6 - Tammer Nova<\/title>\n<meta name=\"robots\" content=\"index, follow, max-snippet:-1, max-image-preview:large, max-video-preview:-1\" \/>\n<link rel=\"canonical\" href=\"https:\/\/rotary.fi\/tammernova\/mita-teemme\/yhteistyo\/\" \/>\n<meta property=\"og:locale\" content=\"fi_FI\" \/>\n<meta property=\"og:type\" content=\"article\" \/>\n<meta property=\"og:title\" content=\"Yhteisty\u00f6 - Tammer Nova\" \/>\n<meta property=\"og:description\" content=\"Yhteisty\u00f6 Yhteisty\u00f6 Klubimme toimii aktiivisesti nuorisovaihdossa sek\u00e4 palvelu- ja hyv\u00e4ntekev\u00e4isyysprojekteissa. Ty\u00f6t\u00e4mme ovat tukeneet monet yhteisty\u00f6kumppanit. Nuoret Naiset johtamisurille - palveluprojekti Tammer Novan jo vuodesta 2006 j\u00e4rjest\u00e4m\u00e4\u00e4 Nuoret Naiset johtamisurille (RYLA) - kurssia ovat olleet mahdollistamassa vuosien varrella useat tamperelaiset yritykset ja yhteisty\u00f6kumppanit mm. is\u00e4nn\u00f6im\u00e4ll\u00e4 kurssin yritysvierailuja ja luentoja sek\u00e4 tukemalla kurssin toimintaa.\u00a0 Esimerkkej\u00e4 yhteisty\u00f6kumppaneistamme: Kiit\u00e4mme [&hellip;]\" \/>\n<meta property=\"og:url\" content=\"https:\/\/rotary.fi\/tammernova\/mita-teemme\/yhteistyo\/\" \/>\n<meta property=\"og:site_name\" content=\"Tammer Nova\" \/>\n<meta property=\"article:modified_time\" content=\"2019-06-07T09:16:25+00:00\" \/>\n<meta property=\"og:image\" content=\"https:\/\/rotary.fi\/tammernova\/wp-content\/uploads\/sites\/99\/2019\/06\/business-tampere-logo-2018-rgb-darkwater-300x155.png\" \/>\n<meta name=\"twitter:card\" content=\"summary_large_image\" \/>\n<meta name=\"twitter:label1\" content=\"Arvioitu lukuaika\" \/>\n\t<meta name=\"twitter:data1\" content=\"1 minuutti\" \/>\n<script type=\"application\/ld+json\" class=\"yoast-schema-graph\">{\"@context\":\"https:\\\/\\\/schema.org\",\"@graph\":[{\"@type\":\"WebPage\",\"@id\":\"https:\\\/\\\/rotary.fi\\\/tammernova\\\/mita-teemme\\\/yhteistyo\\\/\",\"url\":\"https:\\\/\\\/rotary.fi\\\/tammernova\\\/mita-teemme\\\/yhteistyo\\\/\",\"name\":\"Yhteisty\u00f6 - Tammer Nova\",\"isPartOf\":{\"@id\":\"https:\\\/\\\/rotary.fi\\\/tammernova\\\/#website\"},\"primaryImageOfPage\":{\"@id\":\"https:\\\/\\\/rotary.fi\\\/tammernova\\\/mita-teemme\\\/yhteistyo\\\/#primaryimage\"},\"image\":{\"@id\":\"https:\\\/\\\/rotary.fi\\\/tammernova\\\/mita-teemme\\\/yhteistyo\\\/#primaryimage\"},\"thumbnailUrl\":\"https:\\\/\\\/rotary.fi\\\/tammernova\\\/wp-content\\\/uploads\\\/sites\\\/99\\\/2019\\\/06\\\/business-tampere-logo-2018-rgb-darkwater-300x155.png\",\"datePublished\":\"2018-08-13T06:52:52+00:00\",\"dateModified\":\"2019-06-07T09:16:25+00:00\",\"breadcrumb\":{\"@id\":\"https:\\\/\\\/rotary.fi\\\/tammernova\\\/mita-teemme\\\/yhteistyo\\\/#breadcrumb\"},\"inLanguage\":\"fi\",\"potentialAction\":[{\"@type\":\"ReadAction\",\"target\":[\"https:\\\/\\\/rotary.fi\\\/tammernova\\\/mita-teemme\\\/yhteistyo\\\/\"]}]},{\"@type\":\"ImageObject\",\"inLanguage\":\"fi\",\"@id\":\"https:\\\/\\\/rotary.fi\\\/tammernova\\\/mita-teemme\\\/yhteistyo\\\/#primaryimage\",\"url\":\"https:\\\/\\\/rotary.fi\\\/tammernova\\\/wp-content\\\/uploads\\\/sites\\\/99\\\/2019\\\/06\\\/business-tampere-logo-2018-rgb-darkwater.png\",\"contentUrl\":\"https:\\\/\\\/rotary.fi\\\/tammernova\\\/wp-content\\\/uploads\\\/sites\\\/99\\\/2019\\\/06\\\/business-tampere-logo-2018-rgb-darkwater.png\",\"width\":1054,\"height\":544},{\"@type\":\"BreadcrumbList\",\"@id\":\"https:\\\/\\\/rotary.fi\\\/tammernova\\\/mita-teemme\\\/yhteistyo\\\/#breadcrumb\",\"itemListElement\":[{\"@type\":\"ListItem\",\"position\":1,\"name\":\"Home\",\"item\":\"https:\\\/\\\/rotary.fi\\\/tammernova\\\/\"},{\"@type\":\"ListItem\",\"position\":2,\"name\":\"Mit\u00e4 teemme\",\"item\":\"https:\\\/\\\/rotary.fi\\\/tammernova\\\/mita-teemme\\\/\"},{\"@type\":\"ListItem\",\"position\":3,\"name\":\"Yhteisty\u00f6\"}]},{\"@type\":\"WebSite\",\"@id\":\"https:\\\/\\\/rotary.fi\\\/tammernova\\\/#website\",\"url\":\"https:\\\/\\\/rotary.fi\\\/tammernova\\\/\",\"name\":\"Tammer Nova\",\"description\":\"Uusi Rotary klubisivusto\",\"potentialAction\":[{\"@type\":\"SearchAction\",\"target\":{\"@type\":\"EntryPoint\",\"urlTemplate\":\"https:\\\/\\\/rotary.fi\\\/tammernova\\\/?s={search_term_string}\"},\"query-input\":{\"@type\":\"PropertyValueSpecification\",\"valueRequired\":true,\"valueName\":\"search_term_string\"}}],\"inLanguage\":\"fi\"}]}<\/script>\n<!-- \/ Yoast SEO plugin. -->","yoast_head_json":{"title":"Yhteisty\u00f6 - Tammer Nova","robots":{"index":"index","follow":"follow","max-snippet":"max-snippet:-1","max-image-preview":"max-image-preview:large","max-video-preview":"max-video-preview:-1"},"canonical":"https:\/\/rotary.fi\/tammernova\/mita-teemme\/yhteistyo\/","og_locale":"fi_FI","og_type":"article","og_title":"Yhteisty\u00f6 - Tammer Nova","og_description":"Yhteisty\u00f6 Yhteisty\u00f6 Klubimme toimii aktiivisesti nuorisovaihdossa sek\u00e4 palvelu- ja hyv\u00e4ntekev\u00e4isyysprojekteissa. Ty\u00f6t\u00e4mme ovat tukeneet monet yhteisty\u00f6kumppanit. Nuoret Naiset johtamisurille - palveluprojekti Tammer Novan jo vuodesta 2006 j\u00e4rjest\u00e4m\u00e4\u00e4 Nuoret Naiset johtamisurille (RYLA) - kurssia ovat olleet mahdollistamassa vuosien varrella useat tamperelaiset yritykset ja yhteisty\u00f6kumppanit mm. is\u00e4nn\u00f6im\u00e4ll\u00e4 kurssin yritysvierailuja ja luentoja sek\u00e4 tukemalla kurssin toimintaa.\u00a0 Esimerkkej\u00e4 yhteisty\u00f6kumppaneistamme: Kiit\u00e4mme [&hellip;]","og_url":"https:\/\/rotary.fi\/tammernova\/mita-teemme\/yhteistyo\/","og_site_name":"Tammer Nova","article_modified_time":"2019-06-07T09:16:25+00:00","og_image":[{"url":"https:\/\/rotary.fi\/tammernova\/wp-content\/uploads\/sites\/99\/2019\/06\/business-tampere-logo-2018-rgb-darkwater-300x155.png","type":"","width":"","height":""}],"twitter_card":"summary_large_image","twitter_misc":{"Arvioitu lukuaika":"1 minuutti"},"schema":{"@context":"https:\/\/schema.org","@graph":[{"@type":"WebPage","@id":"https:\/\/rotary.fi\/tammernova\/mita-teemme\/yhteistyo\/","url":"https:\/\/rotary.fi\/tammernova\/mita-teemme\/yhteistyo\/","name":"Yhteisty\u00f6 - Tammer Nova","isPartOf":{"@id":"https:\/\/rotary.fi\/tammernova\/#website"},"primaryImageOfPage":{"@id":"https:\/\/rotary.fi\/tammernova\/mita-teemme\/yhteistyo\/#primaryimage"},"image":{"@id":"https:\/\/rotary.fi\/tammernova\/mita-teemme\/yhteistyo\/#primaryimage"},"thumbnailUrl":"https:\/\/rotary.fi\/tammernova\/wp-content\/uploads\/sites\/99\/2019\/06\/business-tampere-logo-2018-rgb-darkwater-300x155.png","datePublished":"2018-08-13T06:52:52+00:00","dateModified":"2019-06-07T09:16:25+00:00","breadcrumb":{"@id":"https:\/\/rotary.fi\/tammernova\/mita-teemme\/yhteistyo\/#breadcrumb"},"inLanguage":"fi","potentialAction":[{"@type":"ReadAction","target":["https:\/\/rotary.fi\/tammernova\/mita-teemme\/yhteistyo\/"]}]},{"@type":"ImageObject","inLanguage":"fi","@id":"https:\/\/rotary.fi\/tammernova\/mita-teemme\/yhteistyo\/#primaryimage","url":"https:\/\/rotary.fi\/tammernova\/wp-content\/uploads\/sites\/99\/2019\/06\/business-tampere-logo-2018-rgb-darkwater.png","contentUrl":"https:\/\/rotary.fi\/tammernova\/wp-content\/uploads\/sites\/99\/2019\/06\/business-tampere-logo-2018-rgb-darkwater.png","width":1054,"height":544},{"@type":"BreadcrumbList","@id":"https:\/\/rotary.fi\/tammernova\/mita-teemme\/yhteistyo\/#breadcrumb","itemListElement":[{"@type":"ListItem","position":1,"name":"Home","item":"https:\/\/rotary.fi\/tammernova\/"},{"@type":"ListItem","position":2,"name":"Mit\u00e4 teemme","item":"https:\/\/rotary.fi\/tammernova\/mita-teemme\/"},{"@type":"ListItem","position":3,"name":"Yhteisty\u00f6"}]},{"@type":"WebSite","@id":"https:\/\/rotary.fi\/tammernova\/#website","url":"https:\/\/rotary.fi\/tammernova\/","name":"Tammer Nova","description":"Uusi Rotary klubisivusto","potentialAction":[{"@type":"SearchAction","target":{"@type":"EntryPoint","urlTemplate":"https:\/\/rotary.fi\/tammernova\/?s={search_term_string}"},"query-input":{"@type":"PropertyValueSpecification","valueRequired":true,"valueName":"search_term_string"}}],"inLanguage":"fi"}]}},"lang":"fi","translations":{"fi":165,"en":1462},"pll_sync_post":[],"_links":{"self":[{"href":"https:\/\/rotary.fi\/tammernova\/wp-json\/wp\/v2\/pages\/165","targetHints":{"allow":["GET"]}}],"collection":[{"href":"https:\/\/rotary.fi\/tammernova\/wp-json\/wp\/v2\/pages"}],"about":[{"href":"https:\/\/rotary.fi\/tammernova\/wp-json\/wp\/v2\/types\/page"}],"author":[{"embeddable":true,"href":"https:\/\/rotary.fi\/tammernova\/wp-json\/wp\/v2\/users\/1"}],"replies":[{"embeddable":true,"href":"https:\/\/rotary.fi\/tammernova\/wp-json\/wp\/v2\/comments?post=165"}],"version-history":[{"count":15,"href":"https:\/\/rotary.fi\/tammernova\/wp-json\/wp\/v2\/pages\/165\/revisions"}],"predecessor-version":[{"id":2101,"href":"https:\/\/rotary.fi\/tammernova\/wp-json\/wp\/v2\/pages\/165\/revisions\/2101"}],"up":[{"embeddable":true,"href":"https:\/\/rotary.fi\/tammernova\/wp-json\/wp\/v2\/pages\/77"}],"wp:attachment":[{"href":"https:\/\/rotary.fi\/tammernova\/wp-json\/wp\/v2\/media?parent=165"}],"curies":[{"name":"wp","href":"https:\/\/api.w.org\/{rel}","templated":true}]}}