{"id":1494,"date":"2019-02-21T13:33:26","date_gmt":"2019-02-21T11:33:26","guid":{"rendered":"https:\/\/rotary.fi\/tammernova\/?page_id=1494"},"modified":"2019-06-07T16:43:40","modified_gmt":"2019-06-07T13:43:40","slug":"presidents-news","status":"publish","type":"page","link":"https:\/\/rotary.fi\/tammernova\/en\/presidents-news\/","title":{"rendered":"President\u2019s News"},"content":{"rendered":"<p>[et_pb_section bb_built=&#8221;1&#8243; _builder_version=&#8221;3.22.3&#8243; background_image=&#8221;https:\/\/rotary.fi\/tammernova\/wp-content\/uploads\/sites\/99\/2019\/04\/presidentinuutiset2-1.jpg&#8221; next_background_color=&#8221;#ffffff&#8221; inner_width_tablet=&#8221;50px&#8221; inner_max_width_tablet=&#8221;50px&#8221; z_index_tablet=&#8221;500&#8243; module_class=&#8221;jumbotron-page&#8221;][et_pb_row][et_pb_column type=&#8221;4_4&#8243;][et_pb_text admin_label=&#8221;P\u00e4\u00e4otsikko: President\u2019s News&#8221; _builder_version=&#8221;3.19.5&#8243; text_orientation=&#8221;center&#8221; background_layout=&#8221;dark&#8221;]<\/p>\n<h1>President\u2019s News<\/h1>\n<p>[\/et_pb_text][\/et_pb_column][\/et_pb_row][\/et_pb_section][et_pb_section bb_built=&#8221;1&#8243; specialty=&#8221;on&#8221; prev_background_color=&#8221;#000000&#8243; _builder_version=&#8221;3.4.1&#8243; module_class_2=&#8221;sivupalkki&#8221; inner_width=&#8221;auto&#8221; inner_max_width=&#8221;none&#8221;][et_pb_column type=&#8221;2_3&#8243; specialty_columns=&#8221;2&#8243;][et_pb_row_inner admin_label=&#8221;Rivi&#8221;][et_pb_column_inner type=&#8221;4_4&#8243; saved_specialty_column_type=&#8221;2_3&#8243;][et_pb_text admin_label=&#8221;Otsikko: President\u2019s News&#8221; _builder_version=&#8221;3.22.7&#8243; text_orientation=&#8221;center&#8221; text_text_shadow_horizontal_length=&#8221;text_text_shadow_style,%91object Object%93&#8243; text_text_shadow_vertical_length=&#8221;text_text_shadow_style,%91object Object%93&#8243; text_text_shadow_blur_strength=&#8221;text_text_shadow_style,%91object Object%93&#8243; link_text_shadow_horizontal_length=&#8221;link_text_shadow_style,%91object Object%93&#8243; link_text_shadow_vertical_length=&#8221;link_text_shadow_style,%91object Object%93&#8243; link_text_shadow_blur_strength=&#8221;link_text_shadow_style,%91object Object%93&#8243; ul_text_shadow_horizontal_length=&#8221;ul_text_shadow_style,%91object Object%93&#8243; ul_text_shadow_vertical_length=&#8221;ul_text_shadow_style,%91object Object%93&#8243; ul_text_shadow_blur_strength=&#8221;ul_text_shadow_style,%91object Object%93&#8243; ol_text_shadow_horizontal_length=&#8221;ol_text_shadow_style,%91object Object%93&#8243; ol_text_shadow_vertical_length=&#8221;ol_text_shadow_style,%91object Object%93&#8243; ol_text_shadow_blur_strength=&#8221;ol_text_shadow_style,%91object Object%93&#8243; quote_text_shadow_horizontal_length=&#8221;quote_text_shadow_style,%91object Object%93&#8243; quote_text_shadow_vertical_length=&#8221;quote_text_shadow_style,%91object Object%93&#8243; quote_text_shadow_blur_strength=&#8221;quote_text_shadow_style,%91object Object%93&#8243; header_text_shadow_horizontal_length=&#8221;header_text_shadow_style,%91object Object%93&#8243; header_text_shadow_vertical_length=&#8221;header_text_shadow_style,%91object Object%93&#8243; header_text_shadow_blur_strength=&#8221;header_text_shadow_style,%91object Object%93&#8243; header_2_text_shadow_horizontal_length=&#8221;header_2_text_shadow_style,%91object Object%93&#8243; header_2_text_shadow_vertical_length=&#8221;header_2_text_shadow_style,%91object Object%93&#8243; header_2_text_shadow_blur_strength=&#8221;header_2_text_shadow_style,%91object Object%93&#8243; header_3_text_shadow_horizontal_length=&#8221;header_3_text_shadow_style,%91object Object%93&#8243; header_3_text_shadow_vertical_length=&#8221;header_3_text_shadow_style,%91object Object%93&#8243; header_3_text_shadow_blur_strength=&#8221;header_3_text_shadow_style,%91object Object%93&#8243; header_4_text_shadow_horizontal_length=&#8221;header_4_text_shadow_style,%91object Object%93&#8243; header_4_text_shadow_vertical_length=&#8221;header_4_text_shadow_style,%91object Object%93&#8243; header_4_text_shadow_blur_strength=&#8221;header_4_text_shadow_style,%91object Object%93&#8243; header_5_text_shadow_horizontal_length=&#8221;header_5_text_shadow_style,%91object Object%93&#8243; header_5_text_shadow_vertical_length=&#8221;header_5_text_shadow_style,%91object Object%93&#8243; header_5_text_shadow_blur_strength=&#8221;header_5_text_shadow_style,%91object Object%93&#8243; header_6_text_shadow_horizontal_length=&#8221;header_6_text_shadow_style,%91object Object%93&#8243; header_6_text_shadow_vertical_length=&#8221;header_6_text_shadow_style,%91object Object%93&#8243; header_6_text_shadow_blur_strength=&#8221;header_6_text_shadow_style,%91object Object%93&#8243; z_index_tablet=&#8221;500&#8243;]<\/p>\n<h1>President\u2019s News<\/h1>\n<p>[\/et_pb_text][et_pb_code admin_label=&#8221;President\u2019s News &#8211; listaus&#8221; _builder_version=&#8221;3.19.5&#8243; module_class=&#8221;kaikki_ajankohtaiset&#8221; locked=&#8221;off&#8221;]<ul class=\"display-posts-listing\"><li class=\"listing-item\"><a class=\"title\" href=\"https:\/\/rotary.fi\/tammernova\/presidentin_uutiset\/presidentin-kirje-maaliskuu-2022\/\">Presidentin kirje maaliskuu 2022<\/a> <span class=\"date\">22.3. 2022<\/span><\/li><li class=\"listing-item\"><a class=\"title\" href=\"https:\/\/rotary.fi\/tammernova\/presidentin_uutiset\/presidentin-kirje-joulukuu-2021\/\">Presidentin kirje joulukuu 2021<\/a> <span class=\"date\">22.3. 2022<\/span><\/li><li class=\"listing-item\"><a class=\"title\" href=\"https:\/\/rotary.fi\/tammernova\/presidentin_uutiset\/presidentin-kirje-lokakuu-2021\/\">Presidentin kirje lokakuu 2021<\/a> <span class=\"date\">22.3. 2022<\/span><\/li><li class=\"listing-item\"><a class=\"title\" href=\"https:\/\/rotary.fi\/tammernova\/presidentin_uutiset\/presidentin-kirje-elokuu\/\">Presidentin kirje elokuu 2021<\/a> <span class=\"date\">22.3. 2022<\/span><\/li><li class=\"listing-item\"><a class=\"title\" href=\"https:\/\/rotary.fi\/tammernova\/presidentin_uutiset\/heinakuu-2021\/\">Presidentin kirje hein\u00e4kuu 2021<\/a> <span class=\"date\">8.8. 2021<\/span><\/li><li class=\"listing-item\"><a class=\"title\" href=\"https:\/\/rotary.fi\/tammernova\/presidentin_uutiset\/tammer-nova-kerannyt-varat-257-ruokakassiin\/\">Tammer Nova ker\u00e4nnyt varat 257 ruokakassiin<\/a> <span class=\"date\">12.11. 2020<\/span><\/li><li class=\"listing-item\"><a class=\"title\" href=\"https:\/\/rotary.fi\/tammernova\/presidentin_uutiset\/rotarina-keskella-epavarmuutta\/\">Rotarina keskell\u00e4 ep\u00e4varmuutta<\/a> <span class=\"date\">19.8. 2020<\/span><\/li><li class=\"listing-item\"><a class=\"title\" href=\"https:\/\/rotary.fi\/tammernova\/presidentin_uutiset\/kiitos-kuluneesta-kaudesta-2019-2020-ja-hyvaa-kesaa\/\">Kiitos kuluneesta kaudesta 2019-2020 ja hyv\u00e4\u00e4 kes\u00e4\u00e4!<\/a> <span class=\"date\">30.6. 2020<\/span><\/li><li class=\"listing-item\"><a class=\"title\" href=\"https:\/\/rotary.fi\/tammernova\/presidentin_uutiset\/tammer-novan-virtuaalivappu-koronakevaana-2020\/\">Tammer Novan virtuaalivappu koronakev\u00e4\u00e4n\u00e4 2020<\/a> <span class=\"date\">1.5. 2020<\/span><\/li><li class=\"listing-item\"><a class=\"title\" href=\"https:\/\/rotary.fi\/tammernova\/presidentin_uutiset\/presidentin-tammikuun-terveiset\/\">Presidentin tammikuun terveiset<\/a> <span class=\"date\">12.1. 2020<\/span><\/li><li class=\"listing-item\"><a class=\"title\" href=\"https:\/\/rotary.fi\/tammernova\/presidentin_uutiset\/kiitos-ja-hyvaa-kesaa\/\">Kiitos ja hyv\u00e4\u00e4 kes\u00e4\u00e4!<\/a> <span class=\"date\">30.6. 2019<\/span><\/li><li class=\"listing-item\"><a class=\"title\" href=\"https:\/\/rotary.fi\/tammernova\/en\/presidentin_uutiset\/tammer-novan-uudet-verkkosivut-avattiin\/\">Tammer Novan uudet verkkosivut avattiin!<\/a> <span class=\"date\">12.5. 2019<\/span><\/li><li class=\"listing-item\"><a class=\"title\" href=\"https:\/\/rotary.fi\/tammernova\/presidentin_uutiset\/tammer-novan-uudet-verkkosivut-avattiin\/\">Tammer Novan uudet verkkosivut avattiin!<\/a> <span class=\"date\">12.5. 2019<\/span><\/li><li class=\"listing-item\"><a class=\"title\" href=\"https:\/\/rotary.fi\/tammernova\/en\/presidentin_uutiset\/kevaan-malja-30-4-2019\/\">Kev\u00e4\u00e4n malja 30.4.2019<\/a> <span class=\"date\">12.5. 2019<\/span><\/li><li class=\"listing-item\"><a class=\"title\" href=\"https:\/\/rotary.fi\/tammernova\/presidentin_uutiset\/kevaan-malja-30-4-2019\/\">Kev\u00e4\u00e4n malja 30.4.2019<\/a> <span class=\"date\">12.5. 2019<\/span><\/li><li class=\"listing-item\"><a class=\"title\" href=\"https:\/\/rotary.fi\/tammernova\/en\/presidentin_uutiset\/naisten-paivan-ilta-tammer-novassa-viikkokokoustiistaina-5-3-2019\/\">Naisten p\u00e4iv\u00e4n ilta viikkokokoustiistaina 5.3.2019<\/a> <span class=\"date\">12.5. 2019<\/span><\/li><li class=\"listing-item\"><a class=\"title\" href=\"https:\/\/rotary.fi\/tammernova\/presidentin_uutiset\/naisten-paivan-ilta-tammer-novassa-viikkokokoustiistaina-5-3-2019\/\">Naisten p\u00e4iv\u00e4n ilta viikkokokoustiistaina 5.3.2019<\/a> <span class=\"date\">12.5. 2019<\/span><\/li><li class=\"listing-item\"><a class=\"title\" href=\"https:\/\/rotary.fi\/tammernova\/en\/presidentin_uutiset\/villia-vilsketta-helinaa-helsketta\/\">Villi\u00e4 vilskett\u00e4, helin\u00e4\u00e4 helskett\u00e4<\/a> <span class=\"date\">11.5. 2019<\/span><\/li><li class=\"listing-item\"><a class=\"title\" href=\"https:\/\/rotary.fi\/tammernova\/presidentin_uutiset\/villia-vilsketta-helinaa-helsketta\/\">Villi\u00e4 vilskett\u00e4, helin\u00e4\u00e4 helskett\u00e4<\/a> <span class=\"date\">11.5. 2019<\/span><\/li><li class=\"listing-item\"><a class=\"title\" href=\"https:\/\/rotary.fi\/tammernova\/en\/presidentin_uutiset\/end-polio-illallinen-kiitos-kaynnista\/\">End Polio -illallinen, kiitos k\u00e4ynnist\u00e4!<\/a> <span class=\"date\">11.5. 2019<\/span><\/li><li class=\"listing-item\"><a class=\"title\" href=\"https:\/\/rotary.fi\/tammernova\/presidentin_uutiset\/end-polio-illallinen-kiitos-kaynnista\/\">End Polio -illallinen, kiitos k\u00e4ynnist\u00e4!<\/a> <span class=\"date\">11.5. 2019<\/span><\/li><li class=\"listing-item\"><a class=\"title\" href=\"https:\/\/rotary.fi\/tammernova\/en\/presidentin_uutiset\/24-10-2018-end-polio-illallinen-tervetuloa\/\">24.10.2018 End Polio -illallinen, tervetuloa!<\/a> <span class=\"date\">11.5. 2019<\/span><\/li><li class=\"listing-item\"><a class=\"title\" href=\"https:\/\/rotary.fi\/tammernova\/presidentin_uutiset\/24-10-2018-end-polio-illallinen-tervetuloa\/\">24.10.2018 End Polio -illallinen, tervetuloa!<\/a> <span class=\"date\">11.5. 2019<\/span><\/li><li class=\"listing-item\"><a class=\"title\" href=\"https:\/\/rotary.fi\/tammernova\/en\/presidentin_uutiset\/tammer-novan-vaahteran-istuttaminen-von-nottbeck-puistoon-24-10-2018\/\">Tammer Novan vaahteran istuttaminen von Nottbeck -puistoon 24.10.2018<\/a> <span class=\"date\">11.5. 2019<\/span><\/li><li class=\"listing-item\"><a class=\"title\" href=\"https:\/\/rotary.fi\/tammernova\/presidentin_uutiset\/tammer-novan-vaahteran-istuttaminen-von-nottbeck-puistoon-24-10-2018\/\">Tammer Novan vaahteran istuttaminen von Nottbeck -puistoon 24.10.2018<\/a> <span class=\"date\">11.5. 2019<\/span><\/li><li class=\"listing-item\"><a class=\"title\" href=\"https:\/\/rotary.fi\/tammernova\/en\/presidentin_uutiset\/kaatyjenvaihto-20-6-2018-loppusanat-kiitos-kaynnista\/\">K\u00e4\u00e4tyjenvaihto 20.6.2018 \u2013 Loppusanat, kiitos k\u00e4ynnist\u00e4!<\/a> <span class=\"date\">11.5. 2019<\/span><\/li><li class=\"listing-item\"><a class=\"title\" href=\"https:\/\/rotary.fi\/tammernova\/presidentin_uutiset\/kaatyjenvaihto-20-6-2018-loppusanat-kiitos-kaynnista\/\">K\u00e4\u00e4tyjenvaihto 20.6.2018 \u2013 Loppusanat, kiitos k\u00e4ynnist\u00e4!<\/a> <span class=\"date\">11.5. 2019<\/span><\/li><li class=\"listing-item\"><a class=\"title\" href=\"https:\/\/rotary.fi\/tammernova\/en\/presidentin_uutiset\/kaatyjenvaihto-20-6-2018-finlaysonin-palatsi\/\">Presidenttien ja kuvern\u00f6\u00f6rin k\u00e4\u00e4dyt vaihtuivat Finlaysonin palatsissa 20.6.2018<\/a> <span class=\"date\">11.5. 2019<\/span><\/li><li class=\"listing-item\"><a class=\"title\" href=\"https:\/\/rotary.fi\/tammernova\/presidentin_uutiset\/kaatyjenvaihto-20-6-2018-finlaysonin-palatsi\/\">Presidenttien ja kuvern\u00f6\u00f6rin k\u00e4\u00e4dyt vaihtuivat Finlaysonin palatsissa 20.6.2018<\/a> <span class=\"date\">11.5. 2019<\/span><\/li><li class=\"listing-item\"><a class=\"title\" href=\"https:\/\/rotary.fi\/tammernova\/presidentin_uutiset\/hyvaa-rotarysaation-kuukautta\/\">Hyv\u00e4\u00e4 Rotarys\u00e4\u00e4ti\u00f6n kuukautta!<\/a> <span class=\"date\">30.11. 2018<\/span><\/li><li class=\"listing-item\"><a class=\"title\" href=\"https:\/\/rotary.fi\/tammernova\/presidentin_uutiset\/suomen-rotarypalvelun-tuleva-hallitus-valittu\/\">Suomen Rotarypalvelun tuleva hallitus valittu<\/a> <span class=\"date\">25.11. 2018<\/span><\/li><\/ul>[\/et_pb_code][\/et_pb_column_inner][\/et_pb_row_inner][\/et_pb_column][et_pb_column type=&#8221;1_3&#8243;][et_pb_sidebar _builder_version=&#8221;3.4.1&#8243; area=&#8221;sidebar-1&#8243; module_class=&#8221;sivupalkki_sisalto&#8221; locked=&#8221;on&#8221; \/][\/et_pb_column][\/et_pb_section]<\/p>\n","protected":false},"excerpt":{"rendered":"<p>[et_pb_section bb_built=&#8221;1&#8243; _builder_version=&#8221;3.22.3&#8243; background_image=&#8221;https:\/\/rotary.fi\/tammernova\/wp-content\/uploads\/sites\/99\/2019\/04\/presidentinuutiset2-1.jpg&#8221; next_background_color=&#8221;#ffffff&#8221; inner_width_tablet=&#8221;50px&#8221; inner_max_width_tablet=&#8221;50px&#8221; z_index_tablet=&#8221;500&#8243; module_class=&#8221;jumbotron-page&#8221;][et_pb_row][et_pb_column type=&#8221;4_4&#8243;][et_pb_text admin_label=&#8221;P\u00e4\u00e4otsikko: President\u2019s News&#8221; _builder_version=&#8221;3.19.5&#8243; text_orientation=&#8221;center&#8221; background_layout=&#8221;dark&#8221;] President\u2019s News [\/et_pb_text][\/et_pb_column][\/et_pb_row][\/et_pb_section][et_pb_section bb_built=&#8221;1&#8243; specialty=&#8221;on&#8221; prev_background_color=&#8221;#000000&#8243; _builder_version=&#8221;3.4.1&#8243; module_class_2=&#8221;sivupalkki&#8221; inner_width=&#8221;auto&#8221; inner_max_width=&#8221;none&#8221;][et_pb_column type=&#8221;2_3&#8243; specialty_columns=&#8221;2&#8243;][et_pb_row_inner admin_label=&#8221;Rivi&#8221;][et_pb_column_inner type=&#8221;4_4&#8243; saved_specialty_column_type=&#8221;2_3&#8243;][et_pb_text admin_label=&#8221;Otsikko: President\u2019s News&#8221; _builder_version=&#8221;3.22.7&#8243; text_orientation=&#8221;center&#8221; text_text_shadow_horizontal_length=&#8221;text_text_shadow_style,%91object Object%93&#8243; text_text_shadow_vertical_length=&#8221;text_text_shadow_style,%91object Object%93&#8243; text_text_shadow_blur_strength=&#8221;text_text_shadow_style,%91object Object%93&#8243; link_text_shadow_horizontal_length=&#8221;link_text_shadow_style,%91object Object%93&#8243; link_text_shadow_vertical_length=&#8221;link_text_shadow_style,%91object Object%93&#8243; link_text_shadow_blur_strength=&#8221;link_text_shadow_style,%91object Object%93&#8243; ul_text_shadow_horizontal_length=&#8221;ul_text_shadow_style,%91object Object%93&#8243; ul_text_shadow_vertical_length=&#8221;ul_text_shadow_style,%91object Object%93&#8243; ul_text_shadow_blur_strength=&#8221;ul_text_shadow_style,%91object Object%93&#8243; ol_text_shadow_horizontal_length=&#8221;ol_text_shadow_style,%91object [&hellip;]<\/p>\n","protected":false},"author":1,"featured_media":0,"parent":0,"menu_order":0,"comment_status":"closed","ping_status":"closed","template":"","meta":{"_acf_changed":false,"_et_pb_use_builder":"on","_et_pb_old_content":"","_et_gb_content_width":"","footnotes":""},"class_list":["post-1494","page","type-page","status-publish","hentry"],"acf":[],"yoast_head":"<!-- This site is optimized with the Yoast SEO plugin v27.0 - https:\/\/yoast.com\/product\/yoast-seo-wordpress\/ -->\n<title>President\u2019s News - Tammer Nova<\/title>\n<meta name=\"robots\" content=\"index, follow, max-snippet:-1, max-image-preview:large, max-video-preview:-1\" \/>\n<link rel=\"canonical\" href=\"https:\/\/rotary.fi\/tammernova\/en\/presidents-news\/\" \/>\n<meta property=\"og:locale\" content=\"fi_FI\" \/>\n<meta property=\"og:type\" content=\"article\" \/>\n<meta property=\"og:title\" content=\"President\u2019s News - Tammer Nova\" \/>\n<meta property=\"og:description\" content=\"[et_pb_section bb_built=&#8221;1&#8243; _builder_version=&#8221;3.22.3&#8243; background_image=&#8221;https:\/\/rotary.fi\/tammernova\/wp-content\/uploads\/sites\/99\/2019\/04\/presidentinuutiset2-1.jpg&#8221; next_background_color=&#8221;#ffffff&#8221; inner_width_tablet=&#8221;50px&#8221; inner_max_width_tablet=&#8221;50px&#8221; z_index_tablet=&#8221;500&#8243; module_class=&#8221;jumbotron-page&#8221;][et_pb_row][et_pb_column type=&#8221;4_4&#8243;][et_pb_text admin_label=&#8221;P\u00e4\u00e4otsikko: President\u2019s News&#8221; _builder_version=&#8221;3.19.5&#8243; text_orientation=&#8221;center&#8221; background_layout=&#8221;dark&#8221;] President\u2019s News [\/et_pb_text][\/et_pb_column][\/et_pb_row][\/et_pb_section][et_pb_section bb_built=&#8221;1&#8243; specialty=&#8221;on&#8221; prev_background_color=&#8221;#000000&#8243; _builder_version=&#8221;3.4.1&#8243; module_class_2=&#8221;sivupalkki&#8221; inner_width=&#8221;auto&#8221; inner_max_width=&#8221;none&#8221;][et_pb_column type=&#8221;2_3&#8243; specialty_columns=&#8221;2&#8243;][et_pb_row_inner admin_label=&#8221;Rivi&#8221;][et_pb_column_inner type=&#8221;4_4&#8243; saved_specialty_column_type=&#8221;2_3&#8243;][et_pb_text admin_label=&#8221;Otsikko: President\u2019s News&#8221; _builder_version=&#8221;3.22.7&#8243; text_orientation=&#8221;center&#8221; text_text_shadow_horizontal_length=&#8221;text_text_shadow_style,%91object Object%93&#8243; text_text_shadow_vertical_length=&#8221;text_text_shadow_style,%91object Object%93&#8243; text_text_shadow_blur_strength=&#8221;text_text_shadow_style,%91object Object%93&#8243; link_text_shadow_horizontal_length=&#8221;link_text_shadow_style,%91object Object%93&#8243; link_text_shadow_vertical_length=&#8221;link_text_shadow_style,%91object Object%93&#8243; link_text_shadow_blur_strength=&#8221;link_text_shadow_style,%91object Object%93&#8243; ul_text_shadow_horizontal_length=&#8221;ul_text_shadow_style,%91object Object%93&#8243; ul_text_shadow_vertical_length=&#8221;ul_text_shadow_style,%91object Object%93&#8243; ul_text_shadow_blur_strength=&#8221;ul_text_shadow_style,%91object Object%93&#8243; ol_text_shadow_horizontal_length=&#8221;ol_text_shadow_style,%91object [&hellip;]\" \/>\n<meta property=\"og:url\" content=\"https:\/\/rotary.fi\/tammernova\/en\/presidents-news\/\" \/>\n<meta property=\"og:site_name\" content=\"Tammer Nova\" \/>\n<meta property=\"article:modified_time\" content=\"2019-06-07T13:43:40+00:00\" \/>\n<meta name=\"twitter:card\" content=\"summary_large_image\" \/>\n<meta name=\"twitter:label1\" content=\"Arvioitu lukuaika\" \/>\n\t<meta name=\"twitter:data1\" content=\"3 minuuttia\" \/>\n<script type=\"application\/ld+json\" class=\"yoast-schema-graph\">{\"@context\":\"https:\/\/schema.org\",\"@graph\":[{\"@type\":\"WebPage\",\"@id\":\"https:\/\/rotary.fi\/tammernova\/en\/presidents-news\/\",\"url\":\"https:\/\/rotary.fi\/tammernova\/en\/presidents-news\/\",\"name\":\"President\u2019s News - Tammer Nova\",\"isPartOf\":{\"@id\":\"https:\/\/rotary.fi\/tammernova\/#website\"},\"datePublished\":\"2019-02-21T11:33:26+00:00\",\"dateModified\":\"2019-06-07T13:43:40+00:00\",\"breadcrumb\":{\"@id\":\"https:\/\/rotary.fi\/tammernova\/en\/presidents-news\/#breadcrumb\"},\"inLanguage\":\"fi\",\"potentialAction\":[{\"@type\":\"ReadAction\",\"target\":[\"https:\/\/rotary.fi\/tammernova\/en\/presidents-news\/\"]}]},{\"@type\":\"BreadcrumbList\",\"@id\":\"https:\/\/rotary.fi\/tammernova\/en\/presidents-news\/#breadcrumb\",\"itemListElement\":[{\"@type\":\"ListItem\",\"position\":1,\"name\":\"Home\",\"item\":\"https:\/\/rotary.fi\/tammernova\/\"},{\"@type\":\"ListItem\",\"position\":2,\"name\":\"President\u2019s News\"}]},{\"@type\":\"WebSite\",\"@id\":\"https:\/\/rotary.fi\/tammernova\/#website\",\"url\":\"https:\/\/rotary.fi\/tammernova\/\",\"name\":\"Tammer Nova\",\"description\":\"Uusi Rotary klubisivusto\",\"potentialAction\":[{\"@type\":\"SearchAction\",\"target\":{\"@type\":\"EntryPoint\",\"urlTemplate\":\"https:\/\/rotary.fi\/tammernova\/?s={search_term_string}\"},\"query-input\":{\"@type\":\"PropertyValueSpecification\",\"valueRequired\":true,\"valueName\":\"search_term_string\"}}],\"inLanguage\":\"fi\"}]}<\/script>\n<!-- \/ Yoast SEO plugin. -->","yoast_head_json":{"title":"President\u2019s News - Tammer Nova","robots":{"index":"index","follow":"follow","max-snippet":"max-snippet:-1","max-image-preview":"max-image-preview:large","max-video-preview":"max-video-preview:-1"},"canonical":"https:\/\/rotary.fi\/tammernova\/en\/presidents-news\/","og_locale":"fi_FI","og_type":"article","og_title":"President\u2019s News - Tammer Nova","og_description":"[et_pb_section bb_built=&#8221;1&#8243; _builder_version=&#8221;3.22.3&#8243; background_image=&#8221;https:\/\/rotary.fi\/tammernova\/wp-content\/uploads\/sites\/99\/2019\/04\/presidentinuutiset2-1.jpg&#8221; next_background_color=&#8221;#ffffff&#8221; inner_width_tablet=&#8221;50px&#8221; inner_max_width_tablet=&#8221;50px&#8221; z_index_tablet=&#8221;500&#8243; module_class=&#8221;jumbotron-page&#8221;][et_pb_row][et_pb_column type=&#8221;4_4&#8243;][et_pb_text admin_label=&#8221;P\u00e4\u00e4otsikko: President\u2019s News&#8221; _builder_version=&#8221;3.19.5&#8243; text_orientation=&#8221;center&#8221; background_layout=&#8221;dark&#8221;] President\u2019s News [\/et_pb_text][\/et_pb_column][\/et_pb_row][\/et_pb_section][et_pb_section bb_built=&#8221;1&#8243; specialty=&#8221;on&#8221; prev_background_color=&#8221;#000000&#8243; _builder_version=&#8221;3.4.1&#8243; module_class_2=&#8221;sivupalkki&#8221; inner_width=&#8221;auto&#8221; inner_max_width=&#8221;none&#8221;][et_pb_column type=&#8221;2_3&#8243; specialty_columns=&#8221;2&#8243;][et_pb_row_inner admin_label=&#8221;Rivi&#8221;][et_pb_column_inner type=&#8221;4_4&#8243; saved_specialty_column_type=&#8221;2_3&#8243;][et_pb_text admin_label=&#8221;Otsikko: President\u2019s News&#8221; _builder_version=&#8221;3.22.7&#8243; text_orientation=&#8221;center&#8221; text_text_shadow_horizontal_length=&#8221;text_text_shadow_style,%91object Object%93&#8243; text_text_shadow_vertical_length=&#8221;text_text_shadow_style,%91object Object%93&#8243; text_text_shadow_blur_strength=&#8221;text_text_shadow_style,%91object Object%93&#8243; link_text_shadow_horizontal_length=&#8221;link_text_shadow_style,%91object Object%93&#8243; link_text_shadow_vertical_length=&#8221;link_text_shadow_style,%91object Object%93&#8243; link_text_shadow_blur_strength=&#8221;link_text_shadow_style,%91object Object%93&#8243; ul_text_shadow_horizontal_length=&#8221;ul_text_shadow_style,%91object Object%93&#8243; ul_text_shadow_vertical_length=&#8221;ul_text_shadow_style,%91object Object%93&#8243; ul_text_shadow_blur_strength=&#8221;ul_text_shadow_style,%91object Object%93&#8243; ol_text_shadow_horizontal_length=&#8221;ol_text_shadow_style,%91object [&hellip;]","og_url":"https:\/\/rotary.fi\/tammernova\/en\/presidents-news\/","og_site_name":"Tammer Nova","article_modified_time":"2019-06-07T13:43:40+00:00","twitter_card":"summary_large_image","twitter_misc":{"Arvioitu lukuaika":"3 minuuttia"},"schema":{"@context":"https:\/\/schema.org","@graph":[{"@type":"WebPage","@id":"https:\/\/rotary.fi\/tammernova\/en\/presidents-news\/","url":"https:\/\/rotary.fi\/tammernova\/en\/presidents-news\/","name":"President\u2019s News - Tammer Nova","isPartOf":{"@id":"https:\/\/rotary.fi\/tammernova\/#website"},"datePublished":"2019-02-21T11:33:26+00:00","dateModified":"2019-06-07T13:43:40+00:00","breadcrumb":{"@id":"https:\/\/rotary.fi\/tammernova\/en\/presidents-news\/#breadcrumb"},"inLanguage":"fi","potentialAction":[{"@type":"ReadAction","target":["https:\/\/rotary.fi\/tammernova\/en\/presidents-news\/"]}]},{"@type":"BreadcrumbList","@id":"https:\/\/rotary.fi\/tammernova\/en\/presidents-news\/#breadcrumb","itemListElement":[{"@type":"ListItem","position":1,"name":"Home","item":"https:\/\/rotary.fi\/tammernova\/"},{"@type":"ListItem","position":2,"name":"President\u2019s News"}]},{"@type":"WebSite","@id":"https:\/\/rotary.fi\/tammernova\/#website","url":"https:\/\/rotary.fi\/tammernova\/","name":"Tammer Nova","description":"Uusi Rotary klubisivusto","potentialAction":[{"@type":"SearchAction","target":{"@type":"EntryPoint","urlTemplate":"https:\/\/rotary.fi\/tammernova\/?s={search_term_string}"},"query-input":{"@type":"PropertyValueSpecification","valueRequired":true,"valueName":"search_term_string"}}],"inLanguage":"fi"}]}},"lang":"en","translations":{"en":1494},"pll_sync_post":[],"_links":{"self":[{"href":"https:\/\/rotary.fi\/tammernova\/wp-json\/wp\/v2\/pages\/1494","targetHints":{"allow":["GET"]}}],"collection":[{"href":"https:\/\/rotary.fi\/tammernova\/wp-json\/wp\/v2\/pages"}],"about":[{"href":"https:\/\/rotary.fi\/tammernova\/wp-json\/wp\/v2\/types\/page"}],"author":[{"embeddable":true,"href":"https:\/\/rotary.fi\/tammernova\/wp-json\/wp\/v2\/users\/1"}],"replies":[{"embeddable":true,"href":"https:\/\/rotary.fi\/tammernova\/wp-json\/wp\/v2\/comments?post=1494"}],"version-history":[{"count":5,"href":"https:\/\/rotary.fi\/tammernova\/wp-json\/wp\/v2\/pages\/1494\/revisions"}],"predecessor-version":[{"id":2135,"href":"https:\/\/rotary.fi\/tammernova\/wp-json\/wp\/v2\/pages\/1494\/revisions\/2135"}],"wp:attachment":[{"href":"https:\/\/rotary.fi\/tammernova\/wp-json\/wp\/v2\/media?parent=1494"}],"curies":[{"name":"wp","href":"https:\/\/api.w.org\/{rel}","templated":true}]}}