{"id":142,"date":"2018-08-10T14:04:45","date_gmt":"2018-08-10T11:04:45","guid":{"rendered":"https:\/\/rotary.fi\/klubi2\/?page_id=142"},"modified":"2019-05-02T10:46:18","modified_gmt":"2019-05-02T07:46:18","slug":"ilo-esitella","status":"publish","type":"page","link":"https:\/\/rotary.fi\/tammernova\/keita-olemme\/ilo-esitella\/","title":{"rendered":"Ilo esitell\u00e4: The Grannies!"},"content":{"rendered":"<p>[et_pb_section fb_built=&#8221;1&#8243; module_class=&#8221;jumbotron-page&#8221; _builder_version=&#8221;3.22.3&#8243; background_image=&#8221;https:\/\/rotary.fi\/tammernova\/wp-content\/uploads\/sites\/99\/2019\/04\/iloesitellagrannies.jpg&#8221; inner_width_tablet=&#8221;50px&#8221; inner_max_width_tablet=&#8221;50px&#8221; z_index_tablet=&#8221;500&#8243;][et_pb_row _builder_version=&#8221;3.22.3&#8243; background_size=&#8221;initial&#8221; background_position=&#8221;top_left&#8221; background_repeat=&#8221;repeat&#8221;][et_pb_column type=&#8221;4_4&#8243; _builder_version=&#8221;3.0.47&#8243;][et_pb_text admin_label=&#8221;P\u00e4\u00e4otsikko&#8221; _builder_version=&#8221;3.17&#8243; text_orientation=&#8221;center&#8221; background_layout=&#8221;dark&#8221;]<\/p>\n<h1>Ilo esitell\u00e4<\/h1>\n<p>[\/et_pb_text][\/et_pb_column][\/et_pb_row][\/et_pb_section][et_pb_section fb_built=&#8221;1&#8243; specialty=&#8221;on&#8221; module_class_2=&#8221;sivupalkki&#8221; _builder_version=&#8221;3.22.3&#8243;][et_pb_column type=&#8221;2_3&#8243; specialty_columns=&#8221;2&#8243; _builder_version=&#8221;3.0.47&#8243;][et_pb_row_inner admin_label=&#8221;Rivi&#8221; _builder_version=&#8221;3.0.47&#8243;][et_pb_column_inner type=&#8221;4_4&#8243; saved_specialty_column_type=&#8221;2_3&#8243; _builder_version=&#8221;3.0.47&#8243;][et_pb_text admin_label=&#8221;Ilo esitell\u00e4 &#8211; Otsikko&#8221; _builder_version=&#8221;3.22.3&#8243; text_orientation=&#8221;center&#8221; z_index_tablet=&#8221;500&#8243;]<\/p>\n<h1>Ilo esitell\u00e4: The Grannies!<\/h1>\n<p>[\/et_pb_text][et_pb_text _builder_version=&#8221;3.22.3&#8243; z_index_tablet=&#8221;500&#8243;]<\/p>\n<h4>Monipuolista musiikkiosaamista<\/h4>\n<p>Tammer Novan houseb\u00e4ndi syntyi sattumalta. Vai syntyik\u00f6? Klubin hupimestari oli kauden alussa v\u00e4l\u00e4ytt\u00e4nyt haitarisoiton taitojaan ja saanut illan osallistujat huokailemaan ihastuksesta sotasaalisinstrumentin s\u00e4veli\u00e4 ja hupimestarin taidokkaita tarinoita kuunnellessaan. Mutta t\u00e4m\u00e4 oli vasta alkua.<\/p>\n<p>Klubissamme on paljon musiikkiosaamista: Riitta s\u00e4esti jouluisasti Tammer Novan Kauniit joululaulut -illassa Tampereen Vanhassa kirkossa, Tuija on s\u00e4est\u00e4nyt pikkujouluissamme aikaisemmin, hupimestari Tarja tunnelmoi pianollaan ja milloin mill\u00e4kin instrumentilla, Anne laulaa kuorossa. Eik\u00e4 osaaminen t\u00e4h\u00e4n lopu.\u00a0<\/p>\n<p>Mutta palataan viel\u00e4 t\u00e4h\u00e4n klubin omaan b\u00e4ndiin.<\/p>\n<p>Tampereen valtakunnalliseen rotaryseminaariin tarvittiin iloista ohjelmaa. Olihan sit\u00e4, mutta jotain viel\u00e4 tarvittiin. Kas kummaa, hupimestari Tarja tuli mieleen. Tarja oli heti valmis, tietysti! H\u00e4n kokosi osaavista sisaruksista Annesta ja Tuijasta lis\u00e4vahvistusta, ja n\u00e4in syntyi trio. Legenda kertoo, ett\u00e4 neitokaisilla oli v\u00e4hint\u00e4\u00e4n yht\u00e4 hauskaa ohjelmistoa suunnitellessaan ja harjoitellessaan kuin itse esiintymisess\u00e4 valtakunnallisessa rotarytapahtumassa.<\/p>\n<p>T\u00e4m\u00e4 oli vain alkua. The Grannies sai heti tarjouksen managerilta. Keikkakalenterissa on jo joitakin merkint\u00f6j\u00e4. Hampuriinkin trioa on pyydetty.<\/p>\n<p>T\u00e4m\u00e4 on tarina uskalluksesta, osaamisesta ja ennen kaikkea heitt\u00e4ytymisest\u00e4.<\/p>\n<p>Kuinka monella klubilla on oma b\u00e4ndi? Tammer Novalla on! Ladies and Gentlemen, meill\u00e4 on suuri ilo esitell\u00e4: The Grannies!<\/p>\n<p>[\/et_pb_text][\/et_pb_column_inner][\/et_pb_row_inner][\/et_pb_column][et_pb_column type=&#8221;1_3&#8243; _builder_version=&#8221;3.0.47&#8243;][et_pb_sidebar area=&#8221;sidebar-1&#8243; module_class=&#8221;sivupalkki_sisalto&#8221; _builder_version=&#8221;3.4.1&#8243; locked=&#8221;on&#8221;]<br \/>\n[\/et_pb_sidebar][\/et_pb_column][\/et_pb_section]<\/p>\n","protected":false},"excerpt":{"rendered":"<p>Ilo esitell\u00e4 Ilo esitell\u00e4: The Grannies! Monipuolista musiikkiosaamista Tammer Novan houseb\u00e4ndi syntyi sattumalta. Vai syntyik\u00f6? Klubin hupimestari oli kauden alussa v\u00e4l\u00e4ytt\u00e4nyt haitarisoiton taitojaan ja saanut illan osallistujat huokailemaan ihastuksesta sotasaalisinstrumentin s\u00e4veli\u00e4 ja hupimestarin taidokkaita tarinoita kuunnellessaan. Mutta t\u00e4m\u00e4 oli vasta alkua. Klubissamme on paljon musiikkiosaamista: Riitta s\u00e4esti jouluisasti Tammer Novan Kauniit joululaulut -illassa Tampereen Vanhassa [&hellip;]<\/p>\n","protected":false},"author":1,"featured_media":0,"parent":129,"menu_order":0,"comment_status":"closed","ping_status":"closed","template":"","meta":{"_acf_changed":false,"_et_pb_use_builder":"on","_et_pb_old_content":"","_et_gb_content_width":"","footnotes":""},"class_list":["post-142","page","type-page","status-publish","hentry"],"acf":[],"yoast_head":"<!-- This site is optimized with the Yoast SEO plugin v27.4 - https:\/\/yoast.com\/product\/yoast-seo-wordpress\/ -->\n<title>Ilo esitell\u00e4: The Grannies! - Tammer Nova<\/title>\n<meta name=\"robots\" content=\"index, follow, max-snippet:-1, max-image-preview:large, max-video-preview:-1\" \/>\n<link rel=\"canonical\" href=\"https:\/\/rotary.fi\/tammernova\/keita-olemme\/ilo-esitella\/\" \/>\n<meta property=\"og:locale\" content=\"fi_FI\" \/>\n<meta property=\"og:type\" content=\"article\" \/>\n<meta property=\"og:title\" content=\"Ilo esitell\u00e4: The Grannies! - Tammer Nova\" \/>\n<meta property=\"og:description\" content=\"Ilo esitell\u00e4 Ilo esitell\u00e4: The Grannies! Monipuolista musiikkiosaamista Tammer Novan houseb\u00e4ndi syntyi sattumalta. Vai syntyik\u00f6? Klubin hupimestari oli kauden alussa v\u00e4l\u00e4ytt\u00e4nyt haitarisoiton taitojaan ja saanut illan osallistujat huokailemaan ihastuksesta sotasaalisinstrumentin s\u00e4veli\u00e4 ja hupimestarin taidokkaita tarinoita kuunnellessaan. Mutta t\u00e4m\u00e4 oli vasta alkua. Klubissamme on paljon musiikkiosaamista: Riitta s\u00e4esti jouluisasti Tammer Novan Kauniit joululaulut -illassa Tampereen Vanhassa [&hellip;]\" \/>\n<meta property=\"og:url\" content=\"https:\/\/rotary.fi\/tammernova\/keita-olemme\/ilo-esitella\/\" \/>\n<meta property=\"og:site_name\" content=\"Tammer Nova\" \/>\n<meta property=\"article:modified_time\" content=\"2019-05-02T07:46:18+00:00\" \/>\n<meta name=\"twitter:card\" content=\"summary_large_image\" \/>\n<meta name=\"twitter:label1\" content=\"Arvioitu lukuaika\" \/>\n\t<meta name=\"twitter:data1\" content=\"2 minuuttia\" \/>\n<script type=\"application\/ld+json\" class=\"yoast-schema-graph\">{\"@context\":\"https:\\\/\\\/schema.org\",\"@graph\":[{\"@type\":\"WebPage\",\"@id\":\"https:\\\/\\\/rotary.fi\\\/tammernova\\\/keita-olemme\\\/ilo-esitella\\\/\",\"url\":\"https:\\\/\\\/rotary.fi\\\/tammernova\\\/keita-olemme\\\/ilo-esitella\\\/\",\"name\":\"Ilo esitell\u00e4: The Grannies! - Tammer Nova\",\"isPartOf\":{\"@id\":\"https:\\\/\\\/rotary.fi\\\/tammernova\\\/#website\"},\"datePublished\":\"2018-08-10T11:04:45+00:00\",\"dateModified\":\"2019-05-02T07:46:18+00:00\",\"breadcrumb\":{\"@id\":\"https:\\\/\\\/rotary.fi\\\/tammernova\\\/keita-olemme\\\/ilo-esitella\\\/#breadcrumb\"},\"inLanguage\":\"fi\",\"potentialAction\":[{\"@type\":\"ReadAction\",\"target\":[\"https:\\\/\\\/rotary.fi\\\/tammernova\\\/keita-olemme\\\/ilo-esitella\\\/\"]}]},{\"@type\":\"BreadcrumbList\",\"@id\":\"https:\\\/\\\/rotary.fi\\\/tammernova\\\/keita-olemme\\\/ilo-esitella\\\/#breadcrumb\",\"itemListElement\":[{\"@type\":\"ListItem\",\"position\":1,\"name\":\"Home\",\"item\":\"https:\\\/\\\/rotary.fi\\\/tammernova\\\/\"},{\"@type\":\"ListItem\",\"position\":2,\"name\":\"Keit\u00e4 olemme\",\"item\":\"https:\\\/\\\/rotary.fi\\\/tammernova\\\/keita-olemme\\\/\"},{\"@type\":\"ListItem\",\"position\":3,\"name\":\"Ilo esitell\u00e4: The Grannies!\"}]},{\"@type\":\"WebSite\",\"@id\":\"https:\\\/\\\/rotary.fi\\\/tammernova\\\/#website\",\"url\":\"https:\\\/\\\/rotary.fi\\\/tammernova\\\/\",\"name\":\"Tammer Nova\",\"description\":\"Uusi Rotary klubisivusto\",\"potentialAction\":[{\"@type\":\"SearchAction\",\"target\":{\"@type\":\"EntryPoint\",\"urlTemplate\":\"https:\\\/\\\/rotary.fi\\\/tammernova\\\/?s={search_term_string}\"},\"query-input\":{\"@type\":\"PropertyValueSpecification\",\"valueRequired\":true,\"valueName\":\"search_term_string\"}}],\"inLanguage\":\"fi\"}]}<\/script>\n<!-- \/ Yoast SEO plugin. -->","yoast_head_json":{"title":"Ilo esitell\u00e4: The Grannies! - Tammer Nova","robots":{"index":"index","follow":"follow","max-snippet":"max-snippet:-1","max-image-preview":"max-image-preview:large","max-video-preview":"max-video-preview:-1"},"canonical":"https:\/\/rotary.fi\/tammernova\/keita-olemme\/ilo-esitella\/","og_locale":"fi_FI","og_type":"article","og_title":"Ilo esitell\u00e4: The Grannies! - Tammer Nova","og_description":"Ilo esitell\u00e4 Ilo esitell\u00e4: The Grannies! Monipuolista musiikkiosaamista Tammer Novan houseb\u00e4ndi syntyi sattumalta. Vai syntyik\u00f6? Klubin hupimestari oli kauden alussa v\u00e4l\u00e4ytt\u00e4nyt haitarisoiton taitojaan ja saanut illan osallistujat huokailemaan ihastuksesta sotasaalisinstrumentin s\u00e4veli\u00e4 ja hupimestarin taidokkaita tarinoita kuunnellessaan. Mutta t\u00e4m\u00e4 oli vasta alkua. Klubissamme on paljon musiikkiosaamista: Riitta s\u00e4esti jouluisasti Tammer Novan Kauniit joululaulut -illassa Tampereen Vanhassa [&hellip;]","og_url":"https:\/\/rotary.fi\/tammernova\/keita-olemme\/ilo-esitella\/","og_site_name":"Tammer Nova","article_modified_time":"2019-05-02T07:46:18+00:00","twitter_card":"summary_large_image","twitter_misc":{"Arvioitu lukuaika":"2 minuuttia"},"schema":{"@context":"https:\/\/schema.org","@graph":[{"@type":"WebPage","@id":"https:\/\/rotary.fi\/tammernova\/keita-olemme\/ilo-esitella\/","url":"https:\/\/rotary.fi\/tammernova\/keita-olemme\/ilo-esitella\/","name":"Ilo esitell\u00e4: The Grannies! - Tammer Nova","isPartOf":{"@id":"https:\/\/rotary.fi\/tammernova\/#website"},"datePublished":"2018-08-10T11:04:45+00:00","dateModified":"2019-05-02T07:46:18+00:00","breadcrumb":{"@id":"https:\/\/rotary.fi\/tammernova\/keita-olemme\/ilo-esitella\/#breadcrumb"},"inLanguage":"fi","potentialAction":[{"@type":"ReadAction","target":["https:\/\/rotary.fi\/tammernova\/keita-olemme\/ilo-esitella\/"]}]},{"@type":"BreadcrumbList","@id":"https:\/\/rotary.fi\/tammernova\/keita-olemme\/ilo-esitella\/#breadcrumb","itemListElement":[{"@type":"ListItem","position":1,"name":"Home","item":"https:\/\/rotary.fi\/tammernova\/"},{"@type":"ListItem","position":2,"name":"Keit\u00e4 olemme","item":"https:\/\/rotary.fi\/tammernova\/keita-olemme\/"},{"@type":"ListItem","position":3,"name":"Ilo esitell\u00e4: The Grannies!"}]},{"@type":"WebSite","@id":"https:\/\/rotary.fi\/tammernova\/#website","url":"https:\/\/rotary.fi\/tammernova\/","name":"Tammer Nova","description":"Uusi Rotary klubisivusto","potentialAction":[{"@type":"SearchAction","target":{"@type":"EntryPoint","urlTemplate":"https:\/\/rotary.fi\/tammernova\/?s={search_term_string}"},"query-input":{"@type":"PropertyValueSpecification","valueRequired":true,"valueName":"search_term_string"}}],"inLanguage":"fi"}]}},"lang":"fi","translations":{"fi":142,"en":1438},"pll_sync_post":[],"_links":{"self":[{"href":"https:\/\/rotary.fi\/tammernova\/wp-json\/wp\/v2\/pages\/142","targetHints":{"allow":["GET"]}}],"collection":[{"href":"https:\/\/rotary.fi\/tammernova\/wp-json\/wp\/v2\/pages"}],"about":[{"href":"https:\/\/rotary.fi\/tammernova\/wp-json\/wp\/v2\/types\/page"}],"author":[{"embeddable":true,"href":"https:\/\/rotary.fi\/tammernova\/wp-json\/wp\/v2\/users\/1"}],"replies":[{"embeddable":true,"href":"https:\/\/rotary.fi\/tammernova\/wp-json\/wp\/v2\/comments?post=142"}],"version-history":[{"count":11,"href":"https:\/\/rotary.fi\/tammernova\/wp-json\/wp\/v2\/pages\/142\/revisions"}],"predecessor-version":[{"id":1890,"href":"https:\/\/rotary.fi\/tammernova\/wp-json\/wp\/v2\/pages\/142\/revisions\/1890"}],"up":[{"embeddable":true,"href":"https:\/\/rotary.fi\/tammernova\/wp-json\/wp\/v2\/pages\/129"}],"wp:attachment":[{"href":"https:\/\/rotary.fi\/tammernova\/wp-json\/wp\/v2\/media?parent=142"}],"curies":[{"name":"wp","href":"https:\/\/api.w.org\/{rel}","templated":true}]}}