{"id":129,"date":"2018-08-10T13:41:39","date_gmt":"2018-08-10T10:41:39","guid":{"rendered":"https:\/\/rotary.fi\/klubi2\/?page_id=129"},"modified":"2019-07-22T16:28:07","modified_gmt":"2019-07-22T13:28:07","slug":"keita-olemme","status":"publish","type":"page","link":"https:\/\/rotary.fi\/tammernova\/keita-olemme\/","title":{"rendered":"Keit\u00e4 olemme"},"content":{"rendered":"<p>[et_pb_section fb_built=&#8221;1&#8243; module_class=&#8221;jumbotron-page&#8221; _builder_version=&#8221;3.22.3&#8243; background_image=&#8221;https:\/\/rotary.fi\/tammernova\/wp-content\/uploads\/sites\/99\/2019\/04\/keitaolemme.jpg&#8221; inner_width_tablet=&#8221;50px&#8221; inner_max_width_tablet=&#8221;50px&#8221; z_index_tablet=&#8221;500&#8243;][et_pb_row _builder_version=&#8221;3.25&#8243; background_size=&#8221;initial&#8221; background_position=&#8221;top_left&#8221; background_repeat=&#8221;repeat&#8221;][et_pb_column type=&#8221;4_4&#8243; _builder_version=&#8221;3.25&#8243; custom_padding=&#8221;|||&#8221; custom_padding__hover=&#8221;|||&#8221;][et_pb_text admin_label=&#8221;P\u00e4\u00e4otsikko&#8221; _builder_version=&#8221;3.17&#8243; text_orientation=&#8221;center&#8221; background_layout=&#8221;dark&#8221;]<\/p>\n<h1>Keit\u00e4 olemme<\/h1>\n<p>[\/et_pb_text][\/et_pb_column][\/et_pb_row][\/et_pb_section][et_pb_section fb_built=&#8221;1&#8243; specialty=&#8221;on&#8221; module_class_2=&#8221;sivupalkki&#8221; _builder_version=&#8221;3.22.3&#8243; custom_padding=&#8221;|13px||||&#8221;][et_pb_column type=&#8221;2_3&#8243; specialty_columns=&#8221;2&#8243; _builder_version=&#8221;3.25&#8243; custom_padding=&#8221;|||&#8221; custom_padding__hover=&#8221;|||&#8221;][et_pb_row_inner admin_label=&#8221;Rivi&#8221; _builder_version=&#8221;3.25&#8243;][et_pb_column_inner saved_specialty_column_type=&#8221;2_3&#8243; _builder_version=&#8221;3.25&#8243; custom_padding=&#8221;|||&#8221; custom_padding__hover=&#8221;|||&#8221;][et_pb_text admin_label=&#8221;Otsikko&#8221; _builder_version=&#8221;3.22.3&#8243; text_orientation=&#8221;center&#8221;]<\/p>\n<h1>Keit\u00e4 olemme<\/h1>\n<p>[\/et_pb_text][et_pb_text _builder_version=&#8221;3.22.7&#8243; custom_padding=&#8221;||47px|28px||&#8221; z_index_tablet=&#8221;500&#8243;]<\/p>\n<p><span style=\"font-size: 16px\">Tammer Nova on tamperelainen aktiivinen rotaryklubi, joka kokoaa yhteen eri ammattialojen osaajia verkostoitumaan, vaikuttamaan, ja tekem\u00e4\u00e4n hyv\u00e4\u00e4 yhdess\u00e4 l\u00e4hialueilla ja kansainv\u00e4lisesti.\u00a0<\/span><\/p>\n<p><span style=\"font-size: 16px\">Sosiaalinen vastuumme kanavoituu erilaisissa palveluprojekteissa: <\/span><span style=\"font-size: 16px\">Tammer Nova on kouluttanut ja rohkaissut\u00a0<\/span><span style=\"font-size: 16px\">jo vuodesta 2006 tamperelaisia lukio-opiskelijoita esimies- ja johtamisteht\u00e4viin yliopistotasoisella Nuoret Naiset johtamisurille -kurssilla. Tuemme\u00a0<\/span><span style=\"font-size: 16px\">Rotary Internationalin humanit\u00e4\u00e4rist\u00e4 ty\u00f6t\u00e4 ja edist\u00e4mme l\u00e4hiseudun hyvinvointia osallistumalla palveluprojekteihin muiden rotaryklubien kanssa.<\/span><\/p>\n<p>Kansainv\u00e4lisyys toteutuu Tammer Novassa my\u00f6s yst\u00e4vyysklubitoiminnan my\u00f6t\u00e4. Yst\u00e4vyysklubimme on Rotary Club Leipzig-Herbst&#8217;89 Saksassa.<\/p>\n<p>Klubimme on perustettu 1.11.1995 ja j\u00e4seni\u00e4 klubissamme on 56. Kummiklubimme on Tampere-Jussinkyl\u00e4n rotaryklubi Tampereella.<\/p>\n<p>&nbsp;<\/p>\n<h4>Harrastus, jolla on tarkoitus<\/h4>\n<p>Tammer Nova on aktiivisesti mukana Rotaryn nuorisovaihdossa. L\u00e4het\u00e4mme joka toinen vuosi tamperelaisen vaihto-oppilaan ulkomaille, ja toimimme vastaavasti itse is\u00e4nt\u00e4klubina Tampereelle tulevalle ulkomaiselle vaihto-oppilaalle.\u00a0Nuorisovaihdon my\u00f6t\u00e4 syntyy usein vuosikausia kest\u00e4vi\u00e4 kansainv\u00e4lisi\u00e4 yst\u00e4vyyssuhteita is\u00e4nt\u00e4perheiden ja vaihto-oppilaiden kesken, ja on siten erinomaista kansainv\u00e4listymis- ja rauhankasvatusta aikuistuville nuorille.<\/p>\n<p>Arvostamme kansainv\u00e4lisen Rotary International j\u00e4rjest\u00f6n arvokasta ty\u00f6t\u00e4 muun muassa polion h\u00e4vitt\u00e4miseksi maapallolta. Pelk\u00e4st\u00e4\u00e4n t\u00e4h\u00e4n ty\u00f6h\u00f6n Rotary on suunnannut runsaasti vapaaehtoisvoimia sek\u00e4 yli 1,2 miljardia US-dollaria.<\/p>\n<p>My\u00f6s Tammer Nova osallistuu vuosittain End Polio Now -ohjelmaan ja viet\u00e4mme maailman End Polio -vuosip\u00e4iv\u00e4\u00e4 24. lokakuuta hyv\u00e4ntekev\u00e4isyysillallisen muodossa ohjaten tapahtuman tuotot polioty\u00f6n tukemiseen.\u00a0<\/p>\n<p>&nbsp;<\/p>\n<p>\u00a0<span style=\"color: #019fcb;font-family: 'Roboto Slab', Georgia, 'Times New Roman', serif;font-size: 28px\">.. ja oma puu<\/span><\/p>\n<p>Tammer Novan rotaryklubi istutti oman vaahterapuun kokouspaikkansa viereen, Wilhelm von Nottbeckin puistoon maailman poliop\u00e4iv\u00e4n\u00e4 24.10.2018 juhlistamaan Tammer Novan 23. vuosip\u00e4iv\u00e4\u00e4 ja muistuttamaan rotareiden polion vastaisesta pitk\u00e4j\u00e4nteisest\u00e4 ty\u00f6st\u00e4 sek\u00e4\u00a0rotarien lupauksesta jatkaa ty\u00f6t\u00e4 polion poistamiseksi siihen asti, ett\u00e4 yhdell\u00e4k\u00e4\u00e4n lapsella ei en\u00e4\u00e4 ole pelkoa sairastua villin polioviruksen vuoksi.\u00a0<\/p>\n<p><a style=\"font-size: 16px\" href=\"https:\/\/rotary.fi\/tammernova\/presidentin_uutiset\/tammer-novan-vaahteran-istuttaminen-von-nottbeck-puistoon-24-10-2018\/\">Lue lis\u00e4\u00e4 vaahteran istuttamistilaisuudesta<\/a><\/p>\n<p>&nbsp;<\/p>\n<h4>Vaikuttava kansainv\u00e4linen verkosto<\/h4>\n<p>Rotary on Chicagossa 23.2.1905 perustettu kansainv\u00e4linen palvelu- ja hyv\u00e4ntekev\u00e4isyysorganisaatio. Rotary Internationalin kotipaikka on Evanston, USA:n osavaltiossa Illinoisissa. Tunnuslauseemme on Palvelu itsekkyyden edelle (Service Above Self).<\/p>\n<p>Rotaryyn kuuluu 1,2 miljoona j\u00e4sent\u00e4 35 000 klubissa yli 200 maassa. Rotary on merkitt\u00e4v\u00e4 kansainv\u00e4linen palvelu- ja hyv\u00e4ntekev\u00e4isyysj\u00e4rjest\u00f6. Suomi on jaettu kuuteen rotarypiiriin, joista yhteen kuuluvat my\u00f6s Viron klubit. Suomessa ja Virossa on yhteens\u00e4 300 klubia, joissa on yhteens\u00e4 miltei 10\u00a0000 rotaria.<\/p>\n<p>[\/et_pb_text][\/et_pb_column_inner][\/et_pb_row_inner][\/et_pb_column][et_pb_column type=&#8221;1_3&#8243; _builder_version=&#8221;3.25&#8243; custom_padding=&#8221;|||&#8221; custom_padding__hover=&#8221;|||&#8221;][et_pb_sidebar area=&#8221;sidebar-1&#8243; module_class=&#8221;sivupalkki_sisalto&#8221; _builder_version=&#8221;3.4.1&#8243; locked=&#8221;on&#8221;]<\/p>\n<p>[\/et_pb_sidebar][\/et_pb_column][\/et_pb_section]<\/p>\n","protected":false},"excerpt":{"rendered":"<p>Keit\u00e4 olemme Keit\u00e4 olemme Tammer Nova on tamperelainen aktiivinen rotaryklubi, joka kokoaa yhteen eri ammattialojen osaajia verkostoitumaan, vaikuttamaan, ja tekem\u00e4\u00e4n hyv\u00e4\u00e4 yhdess\u00e4 l\u00e4hialueilla ja kansainv\u00e4lisesti.\u00a0 Sosiaalinen vastuumme kanavoituu erilaisissa palveluprojekteissa: Tammer Nova on kouluttanut ja rohkaissut\u00a0jo vuodesta 2006 tamperelaisia lukio-opiskelijoita esimies- ja johtamisteht\u00e4viin yliopistotasoisella Nuoret Naiset johtamisurille -kurssilla. Tuemme\u00a0Rotary Internationalin humanit\u00e4\u00e4rist\u00e4 ty\u00f6t\u00e4 ja edist\u00e4mme l\u00e4hiseudun [&hellip;]<\/p>\n","protected":false},"author":1,"featured_media":0,"parent":0,"menu_order":0,"comment_status":"closed","ping_status":"closed","template":"","meta":{"_acf_changed":false,"_et_pb_use_builder":"on","_et_pb_old_content":"","_et_gb_content_width":"","footnotes":""},"class_list":["post-129","page","type-page","status-publish","hentry"],"acf":[],"yoast_head":"<!-- This site is optimized with the Yoast SEO plugin v27.0 - https:\/\/yoast.com\/product\/yoast-seo-wordpress\/ -->\n<title>Keit\u00e4 olemme - Tammer Nova<\/title>\n<meta name=\"robots\" content=\"index, follow, max-snippet:-1, max-image-preview:large, max-video-preview:-1\" \/>\n<link rel=\"canonical\" href=\"https:\/\/rotary.fi\/tammernova\/keita-olemme\/\" \/>\n<meta property=\"og:locale\" content=\"fi_FI\" \/>\n<meta property=\"og:type\" content=\"article\" \/>\n<meta property=\"og:title\" content=\"Keit\u00e4 olemme - Tammer Nova\" \/>\n<meta property=\"og:description\" content=\"Keit\u00e4 olemme Keit\u00e4 olemme Tammer Nova on tamperelainen aktiivinen rotaryklubi, joka kokoaa yhteen eri ammattialojen osaajia verkostoitumaan, vaikuttamaan, ja tekem\u00e4\u00e4n hyv\u00e4\u00e4 yhdess\u00e4 l\u00e4hialueilla ja kansainv\u00e4lisesti.\u00a0 Sosiaalinen vastuumme kanavoituu erilaisissa palveluprojekteissa: Tammer Nova on kouluttanut ja rohkaissut\u00a0jo vuodesta 2006 tamperelaisia lukio-opiskelijoita esimies- ja johtamisteht\u00e4viin yliopistotasoisella Nuoret Naiset johtamisurille -kurssilla. Tuemme\u00a0Rotary Internationalin humanit\u00e4\u00e4rist\u00e4 ty\u00f6t\u00e4 ja edist\u00e4mme l\u00e4hiseudun [&hellip;]\" \/>\n<meta property=\"og:url\" content=\"https:\/\/rotary.fi\/tammernova\/keita-olemme\/\" \/>\n<meta property=\"og:site_name\" content=\"Tammer Nova\" \/>\n<meta property=\"article:modified_time\" content=\"2019-07-22T13:28:07+00:00\" \/>\n<meta name=\"twitter:card\" content=\"summary_large_image\" \/>\n<meta name=\"twitter:label1\" content=\"Arvioitu lukuaika\" \/>\n\t<meta name=\"twitter:data1\" content=\"3 minuuttia\" \/>\n<script type=\"application\/ld+json\" class=\"yoast-schema-graph\">{\"@context\":\"https:\/\/schema.org\",\"@graph\":[{\"@type\":\"WebPage\",\"@id\":\"https:\/\/rotary.fi\/tammernova\/keita-olemme\/\",\"url\":\"https:\/\/rotary.fi\/tammernova\/keita-olemme\/\",\"name\":\"Keit\u00e4 olemme - Tammer Nova\",\"isPartOf\":{\"@id\":\"https:\/\/rotary.fi\/tammernova\/#website\"},\"datePublished\":\"2018-08-10T10:41:39+00:00\",\"dateModified\":\"2019-07-22T13:28:07+00:00\",\"breadcrumb\":{\"@id\":\"https:\/\/rotary.fi\/tammernova\/keita-olemme\/#breadcrumb\"},\"inLanguage\":\"fi\",\"potentialAction\":[{\"@type\":\"ReadAction\",\"target\":[\"https:\/\/rotary.fi\/tammernova\/keita-olemme\/\"]}]},{\"@type\":\"BreadcrumbList\",\"@id\":\"https:\/\/rotary.fi\/tammernova\/keita-olemme\/#breadcrumb\",\"itemListElement\":[{\"@type\":\"ListItem\",\"position\":1,\"name\":\"Home\",\"item\":\"https:\/\/rotary.fi\/tammernova\/\"},{\"@type\":\"ListItem\",\"position\":2,\"name\":\"Keit\u00e4 olemme\"}]},{\"@type\":\"WebSite\",\"@id\":\"https:\/\/rotary.fi\/tammernova\/#website\",\"url\":\"https:\/\/rotary.fi\/tammernova\/\",\"name\":\"Tammer Nova\",\"description\":\"Uusi Rotary klubisivusto\",\"potentialAction\":[{\"@type\":\"SearchAction\",\"target\":{\"@type\":\"EntryPoint\",\"urlTemplate\":\"https:\/\/rotary.fi\/tammernova\/?s={search_term_string}\"},\"query-input\":{\"@type\":\"PropertyValueSpecification\",\"valueRequired\":true,\"valueName\":\"search_term_string\"}}],\"inLanguage\":\"fi\"}]}<\/script>\n<!-- \/ Yoast SEO plugin. -->","yoast_head_json":{"title":"Keit\u00e4 olemme - Tammer Nova","robots":{"index":"index","follow":"follow","max-snippet":"max-snippet:-1","max-image-preview":"max-image-preview:large","max-video-preview":"max-video-preview:-1"},"canonical":"https:\/\/rotary.fi\/tammernova\/keita-olemme\/","og_locale":"fi_FI","og_type":"article","og_title":"Keit\u00e4 olemme - Tammer Nova","og_description":"Keit\u00e4 olemme Keit\u00e4 olemme Tammer Nova on tamperelainen aktiivinen rotaryklubi, joka kokoaa yhteen eri ammattialojen osaajia verkostoitumaan, vaikuttamaan, ja tekem\u00e4\u00e4n hyv\u00e4\u00e4 yhdess\u00e4 l\u00e4hialueilla ja kansainv\u00e4lisesti.\u00a0 Sosiaalinen vastuumme kanavoituu erilaisissa palveluprojekteissa: Tammer Nova on kouluttanut ja rohkaissut\u00a0jo vuodesta 2006 tamperelaisia lukio-opiskelijoita esimies- ja johtamisteht\u00e4viin yliopistotasoisella Nuoret Naiset johtamisurille -kurssilla. Tuemme\u00a0Rotary Internationalin humanit\u00e4\u00e4rist\u00e4 ty\u00f6t\u00e4 ja edist\u00e4mme l\u00e4hiseudun [&hellip;]","og_url":"https:\/\/rotary.fi\/tammernova\/keita-olemme\/","og_site_name":"Tammer Nova","article_modified_time":"2019-07-22T13:28:07+00:00","twitter_card":"summary_large_image","twitter_misc":{"Arvioitu lukuaika":"3 minuuttia"},"schema":{"@context":"https:\/\/schema.org","@graph":[{"@type":"WebPage","@id":"https:\/\/rotary.fi\/tammernova\/keita-olemme\/","url":"https:\/\/rotary.fi\/tammernova\/keita-olemme\/","name":"Keit\u00e4 olemme - Tammer Nova","isPartOf":{"@id":"https:\/\/rotary.fi\/tammernova\/#website"},"datePublished":"2018-08-10T10:41:39+00:00","dateModified":"2019-07-22T13:28:07+00:00","breadcrumb":{"@id":"https:\/\/rotary.fi\/tammernova\/keita-olemme\/#breadcrumb"},"inLanguage":"fi","potentialAction":[{"@type":"ReadAction","target":["https:\/\/rotary.fi\/tammernova\/keita-olemme\/"]}]},{"@type":"BreadcrumbList","@id":"https:\/\/rotary.fi\/tammernova\/keita-olemme\/#breadcrumb","itemListElement":[{"@type":"ListItem","position":1,"name":"Home","item":"https:\/\/rotary.fi\/tammernova\/"},{"@type":"ListItem","position":2,"name":"Keit\u00e4 olemme"}]},{"@type":"WebSite","@id":"https:\/\/rotary.fi\/tammernova\/#website","url":"https:\/\/rotary.fi\/tammernova\/","name":"Tammer Nova","description":"Uusi Rotary klubisivusto","potentialAction":[{"@type":"SearchAction","target":{"@type":"EntryPoint","urlTemplate":"https:\/\/rotary.fi\/tammernova\/?s={search_term_string}"},"query-input":{"@type":"PropertyValueSpecification","valueRequired":true,"valueName":"search_term_string"}}],"inLanguage":"fi"}]}},"lang":"fi","translations":{"fi":129,"en":1424},"pll_sync_post":[],"_links":{"self":[{"href":"https:\/\/rotary.fi\/tammernova\/wp-json\/wp\/v2\/pages\/129","targetHints":{"allow":["GET"]}}],"collection":[{"href":"https:\/\/rotary.fi\/tammernova\/wp-json\/wp\/v2\/pages"}],"about":[{"href":"https:\/\/rotary.fi\/tammernova\/wp-json\/wp\/v2\/types\/page"}],"author":[{"embeddable":true,"href":"https:\/\/rotary.fi\/tammernova\/wp-json\/wp\/v2\/users\/1"}],"replies":[{"embeddable":true,"href":"https:\/\/rotary.fi\/tammernova\/wp-json\/wp\/v2\/comments?post=129"}],"version-history":[{"count":44,"href":"https:\/\/rotary.fi\/tammernova\/wp-json\/wp\/v2\/pages\/129\/revisions"}],"predecessor-version":[{"id":2945,"href":"https:\/\/rotary.fi\/tammernova\/wp-json\/wp\/v2\/pages\/129\/revisions\/2945"}],"wp:attachment":[{"href":"https:\/\/rotary.fi\/tammernova\/wp-json\/wp\/v2\/media?parent=129"}],"curies":[{"name":"wp","href":"https:\/\/api.w.org\/{rel}","templated":true}]}}