{"id":1788,"date":"2023-11-08T17:33:25","date_gmt":"2023-11-08T15:33:25","guid":{"rendered":"https:\/\/rotary.fi\/somero\/?page_id=1788"},"modified":"2023-11-08T17:47:33","modified_gmt":"2023-11-08T15:47:33","slug":"laitalainen-joulu-kerays","status":"publish","type":"page","link":"https:\/\/rotary.fi\/somero\/mita-teemme\/laitalainen-joulu-kerays\/","title":{"rendered":"Laitalainen joulu -ker\u00e4ys"},"content":{"rendered":"<p>Joulun alla ker\u00e4\u00e4mme varoja somerolaisille v\u00e4h\u00e4varaisille perheille mahdollistaaksemme heille &#8221;Laitalaisen joulun&#8221;. Voit osallistua ker\u00e4ykseen antamalla rahaa punaiseen tonkkaan, joka kiert\u00e4\u00e4 eri paikoissa 2.12. asti. Voit lahjottaa rahaa my\u00f6s ker\u00e4ystilille<\/p>\n<p>FI60 5434 0820 1408 17. Saaja Someron Rotary-klubi.<\/p>\n<p><img loading=\"lazy\" decoding=\"async\" class=\"alignnone size-medium wp-image-1790\" src=\"https:\/\/rotary.fi\/somero\/wp-content\/uploads\/sites\/219\/2023\/11\/1-212x300.png\" alt=\"\" width=\"212\" height=\"300\" \/><\/p>\n","protected":false},"excerpt":{"rendered":"<p>Joulun alla ker\u00e4\u00e4mme varoja somerolaisille v\u00e4h\u00e4varaisille perheille mahdollistaaksemme heille &#8221;Laitalaisen joulun&#8221;. Voit osallistua ker\u00e4ykseen antamalla rahaa punaiseen tonkkaan, joka kiert\u00e4\u00e4 eri paikoissa 2.12. asti. Voit lahjottaa rahaa my\u00f6s ker\u00e4ystilille FI60 5434 0820 1408 17. Saaja Someron Rotary-klubi.<\/p>\n","protected":false},"author":524,"featured_media":0,"parent":77,"menu_order":0,"comment_status":"closed","ping_status":"closed","template":"","meta":{"_acf_changed":false,"_et_pb_use_builder":"","_et_pb_old_content":"","_et_gb_content_width":"","footnotes":""},"class_list":["post-1788","page","type-page","status-publish","hentry"],"acf":[],"yoast_head":"<!-- This site is optimized with the Yoast SEO plugin v27.4 - https:\/\/yoast.com\/product\/yoast-seo-wordpress\/ -->\n<title>Laitalainen joulu -ker\u00e4ys - Someron Rotaryklubi<\/title>\n<meta name=\"robots\" content=\"index, follow, max-snippet:-1, max-image-preview:large, max-video-preview:-1\" \/>\n<link rel=\"canonical\" href=\"https:\/\/rotary.fi\/somero\/mita-teemme\/laitalainen-joulu-kerays\/\" \/>\n<meta property=\"og:locale\" content=\"fi_FI\" \/>\n<meta property=\"og:type\" content=\"article\" \/>\n<meta property=\"og:title\" content=\"Laitalainen joulu -ker\u00e4ys - Someron Rotaryklubi\" \/>\n<meta property=\"og:description\" content=\"Joulun alla ker\u00e4\u00e4mme varoja somerolaisille v\u00e4h\u00e4varaisille perheille mahdollistaaksemme heille &#8221;Laitalaisen joulun&#8221;. Voit osallistua ker\u00e4ykseen antamalla rahaa punaiseen tonkkaan, joka kiert\u00e4\u00e4 eri paikoissa 2.12. asti. Voit lahjottaa rahaa my\u00f6s ker\u00e4ystilille FI60 5434 0820 1408 17. Saaja Someron Rotary-klubi.\" \/>\n<meta property=\"og:url\" content=\"https:\/\/rotary.fi\/somero\/mita-teemme\/laitalainen-joulu-kerays\/\" \/>\n<meta property=\"og:site_name\" content=\"Someron Rotaryklubi\" \/>\n<meta property=\"article:modified_time\" content=\"2023-11-08T15:47:33+00:00\" \/>\n<meta property=\"og:image\" content=\"https:\/\/rotary.fi\/somero\/wp-content\/uploads\/sites\/219\/2023\/11\/1-212x300.png\" \/>\n<meta name=\"twitter:card\" content=\"summary_large_image\" \/>\n<meta name=\"twitter:label1\" content=\"Arvioitu lukuaika\" \/>\n\t<meta name=\"twitter:data1\" content=\"1 minuutti\" \/>\n<script type=\"application\/ld+json\" class=\"yoast-schema-graph\">{\"@context\":\"https:\\\/\\\/schema.org\",\"@graph\":[{\"@type\":\"WebPage\",\"@id\":\"https:\\\/\\\/rotary.fi\\\/somero\\\/mita-teemme\\\/laitalainen-joulu-kerays\\\/\",\"url\":\"https:\\\/\\\/rotary.fi\\\/somero\\\/mita-teemme\\\/laitalainen-joulu-kerays\\\/\",\"name\":\"Laitalainen joulu -ker\u00e4ys - Someron Rotaryklubi\",\"isPartOf\":{\"@id\":\"https:\\\/\\\/rotary.fi\\\/somero\\\/#website\"},\"primaryImageOfPage\":{\"@id\":\"https:\\\/\\\/rotary.fi\\\/somero\\\/mita-teemme\\\/laitalainen-joulu-kerays\\\/#primaryimage\"},\"image\":{\"@id\":\"https:\\\/\\\/rotary.fi\\\/somero\\\/mita-teemme\\\/laitalainen-joulu-kerays\\\/#primaryimage\"},\"thumbnailUrl\":\"https:\\\/\\\/rotary.fi\\\/somero\\\/wp-content\\\/uploads\\\/sites\\\/219\\\/2023\\\/11\\\/1-212x300.png\",\"datePublished\":\"2023-11-08T15:33:25+00:00\",\"dateModified\":\"2023-11-08T15:47:33+00:00\",\"breadcrumb\":{\"@id\":\"https:\\\/\\\/rotary.fi\\\/somero\\\/mita-teemme\\\/laitalainen-joulu-kerays\\\/#breadcrumb\"},\"inLanguage\":\"fi\",\"potentialAction\":[{\"@type\":\"ReadAction\",\"target\":[\"https:\\\/\\\/rotary.fi\\\/somero\\\/mita-teemme\\\/laitalainen-joulu-kerays\\\/\"]}]},{\"@type\":\"ImageObject\",\"inLanguage\":\"fi\",\"@id\":\"https:\\\/\\\/rotary.fi\\\/somero\\\/mita-teemme\\\/laitalainen-joulu-kerays\\\/#primaryimage\",\"url\":\"https:\\\/\\\/rotary.fi\\\/somero\\\/wp-content\\\/uploads\\\/sites\\\/219\\\/2023\\\/11\\\/1.png\",\"contentUrl\":\"https:\\\/\\\/rotary.fi\\\/somero\\\/wp-content\\\/uploads\\\/sites\\\/219\\\/2023\\\/11\\\/1.png\",\"width\":1414,\"height\":2000},{\"@type\":\"BreadcrumbList\",\"@id\":\"https:\\\/\\\/rotary.fi\\\/somero\\\/mita-teemme\\\/laitalainen-joulu-kerays\\\/#breadcrumb\",\"itemListElement\":[{\"@type\":\"ListItem\",\"position\":1,\"name\":\"Home\",\"item\":\"https:\\\/\\\/rotary.fi\\\/somero\\\/\"},{\"@type\":\"ListItem\",\"position\":2,\"name\":\"Mit\u00e4 teemme\",\"item\":\"https:\\\/\\\/rotary.fi\\\/somero\\\/mita-teemme\\\/\"},{\"@type\":\"ListItem\",\"position\":3,\"name\":\"Laitalainen joulu -ker\u00e4ys\"}]},{\"@type\":\"WebSite\",\"@id\":\"https:\\\/\\\/rotary.fi\\\/somero\\\/#website\",\"url\":\"https:\\\/\\\/rotary.fi\\\/somero\\\/\",\"name\":\"Someron Rotaryklubi\",\"description\":\"Uusi Rotary klubisivusto\",\"potentialAction\":[{\"@type\":\"SearchAction\",\"target\":{\"@type\":\"EntryPoint\",\"urlTemplate\":\"https:\\\/\\\/rotary.fi\\\/somero\\\/?s={search_term_string}\"},\"query-input\":{\"@type\":\"PropertyValueSpecification\",\"valueRequired\":true,\"valueName\":\"search_term_string\"}}],\"inLanguage\":\"fi\"}]}<\/script>\n<!-- \/ Yoast SEO plugin. -->","yoast_head_json":{"title":"Laitalainen joulu -ker\u00e4ys - Someron Rotaryklubi","robots":{"index":"index","follow":"follow","max-snippet":"max-snippet:-1","max-image-preview":"max-image-preview:large","max-video-preview":"max-video-preview:-1"},"canonical":"https:\/\/rotary.fi\/somero\/mita-teemme\/laitalainen-joulu-kerays\/","og_locale":"fi_FI","og_type":"article","og_title":"Laitalainen joulu -ker\u00e4ys - Someron Rotaryklubi","og_description":"Joulun alla ker\u00e4\u00e4mme varoja somerolaisille v\u00e4h\u00e4varaisille perheille mahdollistaaksemme heille &#8221;Laitalaisen joulun&#8221;. Voit osallistua ker\u00e4ykseen antamalla rahaa punaiseen tonkkaan, joka kiert\u00e4\u00e4 eri paikoissa 2.12. asti. Voit lahjottaa rahaa my\u00f6s ker\u00e4ystilille FI60 5434 0820 1408 17. Saaja Someron Rotary-klubi.","og_url":"https:\/\/rotary.fi\/somero\/mita-teemme\/laitalainen-joulu-kerays\/","og_site_name":"Someron Rotaryklubi","article_modified_time":"2023-11-08T15:47:33+00:00","og_image":[{"url":"https:\/\/rotary.fi\/somero\/wp-content\/uploads\/sites\/219\/2023\/11\/1-212x300.png","type":"","width":"","height":""}],"twitter_card":"summary_large_image","twitter_misc":{"Arvioitu lukuaika":"1 minuutti"},"schema":{"@context":"https:\/\/schema.org","@graph":[{"@type":"WebPage","@id":"https:\/\/rotary.fi\/somero\/mita-teemme\/laitalainen-joulu-kerays\/","url":"https:\/\/rotary.fi\/somero\/mita-teemme\/laitalainen-joulu-kerays\/","name":"Laitalainen joulu -ker\u00e4ys - Someron Rotaryklubi","isPartOf":{"@id":"https:\/\/rotary.fi\/somero\/#website"},"primaryImageOfPage":{"@id":"https:\/\/rotary.fi\/somero\/mita-teemme\/laitalainen-joulu-kerays\/#primaryimage"},"image":{"@id":"https:\/\/rotary.fi\/somero\/mita-teemme\/laitalainen-joulu-kerays\/#primaryimage"},"thumbnailUrl":"https:\/\/rotary.fi\/somero\/wp-content\/uploads\/sites\/219\/2023\/11\/1-212x300.png","datePublished":"2023-11-08T15:33:25+00:00","dateModified":"2023-11-08T15:47:33+00:00","breadcrumb":{"@id":"https:\/\/rotary.fi\/somero\/mita-teemme\/laitalainen-joulu-kerays\/#breadcrumb"},"inLanguage":"fi","potentialAction":[{"@type":"ReadAction","target":["https:\/\/rotary.fi\/somero\/mita-teemme\/laitalainen-joulu-kerays\/"]}]},{"@type":"ImageObject","inLanguage":"fi","@id":"https:\/\/rotary.fi\/somero\/mita-teemme\/laitalainen-joulu-kerays\/#primaryimage","url":"https:\/\/rotary.fi\/somero\/wp-content\/uploads\/sites\/219\/2023\/11\/1.png","contentUrl":"https:\/\/rotary.fi\/somero\/wp-content\/uploads\/sites\/219\/2023\/11\/1.png","width":1414,"height":2000},{"@type":"BreadcrumbList","@id":"https:\/\/rotary.fi\/somero\/mita-teemme\/laitalainen-joulu-kerays\/#breadcrumb","itemListElement":[{"@type":"ListItem","position":1,"name":"Home","item":"https:\/\/rotary.fi\/somero\/"},{"@type":"ListItem","position":2,"name":"Mit\u00e4 teemme","item":"https:\/\/rotary.fi\/somero\/mita-teemme\/"},{"@type":"ListItem","position":3,"name":"Laitalainen joulu -ker\u00e4ys"}]},{"@type":"WebSite","@id":"https:\/\/rotary.fi\/somero\/#website","url":"https:\/\/rotary.fi\/somero\/","name":"Someron Rotaryklubi","description":"Uusi Rotary klubisivusto","potentialAction":[{"@type":"SearchAction","target":{"@type":"EntryPoint","urlTemplate":"https:\/\/rotary.fi\/somero\/?s={search_term_string}"},"query-input":{"@type":"PropertyValueSpecification","valueRequired":true,"valueName":"search_term_string"}}],"inLanguage":"fi"}]}},"lang":"fi","translations":{"fi":1788},"pll_sync_post":[],"_links":{"self":[{"href":"https:\/\/rotary.fi\/somero\/wp-json\/wp\/v2\/pages\/1788","targetHints":{"allow":["GET"]}}],"collection":[{"href":"https:\/\/rotary.fi\/somero\/wp-json\/wp\/v2\/pages"}],"about":[{"href":"https:\/\/rotary.fi\/somero\/wp-json\/wp\/v2\/types\/page"}],"author":[{"embeddable":true,"href":"https:\/\/rotary.fi\/somero\/wp-json\/wp\/v2\/users\/524"}],"replies":[{"embeddable":true,"href":"https:\/\/rotary.fi\/somero\/wp-json\/wp\/v2\/comments?post=1788"}],"version-history":[{"count":2,"href":"https:\/\/rotary.fi\/somero\/wp-json\/wp\/v2\/pages\/1788\/revisions"}],"predecessor-version":[{"id":1791,"href":"https:\/\/rotary.fi\/somero\/wp-json\/wp\/v2\/pages\/1788\/revisions\/1791"}],"up":[{"embeddable":true,"href":"https:\/\/rotary.fi\/somero\/wp-json\/wp\/v2\/pages\/77"}],"wp:attachment":[{"href":"https:\/\/rotary.fi\/somero\/wp-json\/wp\/v2\/media?parent=1788"}],"curies":[{"name":"wp","href":"https:\/\/api.w.org\/{rel}","templated":true}]}}