{"id":158,"date":"2018-08-13T09:47:58","date_gmt":"2018-08-13T06:47:58","guid":{"rendered":"https:\/\/rotary.fi\/sodankyla\/?page_id=158"},"modified":"2019-02-05T16:12:19","modified_gmt":"2019-02-05T14:12:19","slug":"varainhankinta-ja-lahjoitukset","status":"publish","type":"page","link":"https:\/\/rotary.fi\/sodankyla\/mita-teemme\/varainhankinta-ja-lahjoitukset\/","title":{"rendered":"Varainhankinta ja lahjoitukset"},"content":{"rendered":"<p>[et_pb_section bb_built=&#8221;1&#8243; module_class=&#8221;jumbotron-page&#8221; _builder_version=&#8221;3.19.5&#8243; background_image=&#8221;https:\/\/rotary.fi\/sodankyla\/wp-content\/uploads\/sites\/27\/2019\/02\/hakamittarinluovutus.jpg&#8221; next_background_color=&#8221;#ffffff&#8221;][et_pb_row _builder_version=&#8221;3.0.48&#8243; background_size=&#8221;initial&#8221; background_position=&#8221;top_left&#8221; background_repeat=&#8221;repeat&#8221;][et_pb_column type=&#8221;4_4&#8243;][et_pb_text admin_label=&#8221;P\u00e4\u00e4otsikko&#8221; _builder_version=&#8221;3.17&#8243; text_orientation=&#8221;center&#8221; background_layout=&#8221;dark&#8221;]<\/p>\n<h1>Varainhankinta ja lahjoitukset<\/h1>\n<p>[\/et_pb_text][\/et_pb_column][\/et_pb_row][\/et_pb_section][et_pb_section bb_built=&#8221;1&#8243; specialty=&#8221;on&#8221; module_class_2=&#8221;sivupalkki&#8221; _builder_version=&#8221;3.4.1&#8243; prev_background_color=&#8221;#000000&#8243;][et_pb_column type=&#8221;2_3&#8243; specialty_columns=&#8221;2&#8243;][et_pb_row_inner admin_label=&#8221;Rivi&#8221; _builder_version=&#8221;3.0.47&#8243;][et_pb_column_inner type=&#8221;4_4&#8243; saved_specialty_column_type=&#8221;2_3&#8243;][et_pb_text admin_label=&#8221;Varainhankinta ja lahjoitukset &#8211; Otsikko&#8221; _builder_version=&#8221;3.17&#8243; text_orientation=&#8221;center&#8221;]<\/p>\n<h1>Varainhankinta ja lahjoitukset<\/h1>\n<p>[\/et_pb_text][et_pb_text _builder_version=&#8221;3.19.5&#8243;]<\/p>\n<p>Rotaryklubimme on mukana sek\u00e4 paikallisessa ett\u00e4 maailmanlaajuisessa palveluty\u00f6ss\u00e4 monin eri tavoin. Teemme l\u00e4hihankkeita nuorison, ik\u00e4\u00e4ntyv\u00e4n v\u00e4est\u00f6n ja luonnon hyvinvoinnin turvaamiseksi. Ker\u00e4\u00e4mme varoja hankkeidemme rahoittamiseksi.<\/p>\n<p>Osallistumme kansainv\u00e4lisiin humanit\u00e4\u00e4risiin hankkeisiin rotarien yhteisen Rotarys\u00e4\u00e4ti\u00f6n kautta.<\/p>\n<p>S\u00e4\u00e4ti\u00f6ll\u00e4 on kuusi keskitt\u00e4misaluetta:<\/p>\n<p>1. Sairauksien ehk\u00e4isy ja hoito.<\/p>\n<p>2. \u00c4idin ja lapsenterveys.<\/p>\n<p>3. Peruskoulutus sek\u00e4 luku- ja kirjoitustaito.<\/p>\n<p>4. Puhdas vesi ja sanitaatio.<\/p>\n<p>5. Rauhantutkimus sek\u00e4 konfliktien ehk\u00e4isy ja sovittelu.\u00a0<\/p>\n<p>6. Taloudellinen ja yhteiskunnallinen kehitt\u00e4minen.<\/p>\n<p>Rotarys\u00e4\u00e4ti\u00f6n varat ovat rotarien itsens\u00e4 lahjoittamia.<\/p>\n<p>Kansainv\u00e4liset hankkeet ovat useiden rotaryklubien tai rotarypiirien yhteisi\u00e4. Sodankyl\u00e4n Rotaryklubi ry on yli viiden vuoden ajan osallistunut yhdess\u00e4 Suomen pohjoisen rotarypiirin D1400 sek\u00e4 Intian rotarypiirin D3150 kanssa hankkeeseen Kaakkois-Intian k\u00f6yhyysalueella. Alue on osan vuotta sateetonta ja hyvin kuivaa. Siell\u00e4 on rakennettu kaivoja ja kasteluj\u00e4rjestelmi\u00e4, sek\u00e4 tuettu kouluja hankkimalla pulpetteja ja muita puuttuvia koulutarvikkeita. T\u00e4rke\u00e4 hanke, erityisesti tytt\u00f6jen kouluk\u00e4ynnin mahdollistamiseksi, on ollut vessojen rakentaminen kouluille. My\u00f6s opettajien jatkokoulutusta on tuettu.<\/p>\n<p>Klubimme osallistuu vuosittaisen polioker\u00e4yksen avulla yli 30 vuotta sitten alkaneeseen hankkeeseen polion h\u00e4vitt\u00e4miseksi maailmasta. Tehokkaan organisaation ansiosta yhdell\u00e4 ker\u00e4tyll\u00e4 eurolla pystyt\u00e4\u00e4n rokottamaan kolme lasta. Rotarien lopullinen tavoite on l\u00e4hell\u00e4: Viime vuosina kotoper\u00e4iseen poliovirukseen sairastuneita on ollut 15 \u2013 20 lasta vuodessa kriisialueilla Afganistanissa, Pakistanissa ja Nigeriassa. Riitt\u00e4v\u00e4n rokotuskattavuuden saavuttamiseksi tarvitaan viel\u00e4 muutaman vuoden ponnistelu.<\/p>\n<p>Sodankyl\u00e4l\u00e4iset ovat osallistuneet kiitett\u00e4v\u00e4sti j\u00e4rjest\u00e4miimme polioker\u00e4yksiin. Saavuttamamme tulos on ollut vuosittain rotarypiirin k\u00e4rkisijoilla.<\/p>\n<p>Klubimme varainhankinta tulot ovat koostuneet Sodankyl\u00e4n Rotarysanomien ilmoitustuloista, arpajaistuloista Rotaryarpajaisista ja kokouksissamme pelattavasta ruletista sek\u00e4 linnunp\u00f6ntt\u00f6jen rakentamisesta ja myynnist\u00e4. Lahjoituksia emme ole viime vuosina saaneet. \u00a0\u00a0\u00a0\u00a0\u00a0\u00a0<\/p>\n<p>&nbsp;<\/p>\n<p>[\/et_pb_text][\/et_pb_column_inner][\/et_pb_row_inner][\/et_pb_column][et_pb_column type=&#8221;1_3&#8243;][et_pb_sidebar area=&#8221;sidebar-1&#8243; module_class=&#8221;sivupalkki_sisalto&#8221; _builder_version=&#8221;3.4.1&#8243; locked=&#8221;on&#8221;]<\/p>\n<p>[\/et_pb_sidebar][\/et_pb_column][\/et_pb_section]<\/p>\n","protected":false},"excerpt":{"rendered":"<p>Varainhankinta ja lahjoitukset Varainhankinta ja lahjoitukset Rotaryklubimme on mukana sek\u00e4 paikallisessa ett\u00e4 maailmanlaajuisessa palveluty\u00f6ss\u00e4 monin eri tavoin. Teemme l\u00e4hihankkeita nuorison, ik\u00e4\u00e4ntyv\u00e4n v\u00e4est\u00f6n ja luonnon hyvinvoinnin turvaamiseksi. Ker\u00e4\u00e4mme varoja hankkeidemme rahoittamiseksi. Osallistumme kansainv\u00e4lisiin humanit\u00e4\u00e4risiin hankkeisiin rotarien yhteisen Rotarys\u00e4\u00e4ti\u00f6n kautta. S\u00e4\u00e4ti\u00f6ll\u00e4 on kuusi keskitt\u00e4misaluetta: 1. Sairauksien ehk\u00e4isy ja hoito. 2. \u00c4idin ja lapsenterveys. 3. Peruskoulutus sek\u00e4 luku- [&hellip;]<\/p>\n","protected":false},"author":1,"featured_media":0,"parent":77,"menu_order":0,"comment_status":"closed","ping_status":"closed","template":"","meta":{"_acf_changed":false,"_et_pb_use_builder":"on","_et_pb_old_content":"","_et_gb_content_width":"","footnotes":""},"class_list":["post-158","page","type-page","status-publish","hentry"],"acf":[],"yoast_head":"<!-- This site is optimized with the Yoast SEO plugin v27.4 - https:\/\/yoast.com\/product\/yoast-seo-wordpress\/ -->\n<title>Varainhankinta ja lahjoitukset - Sodankyl\u00e4n Rotaryklubi<\/title>\n<meta name=\"robots\" content=\"index, follow, max-snippet:-1, max-image-preview:large, max-video-preview:-1\" \/>\n<link rel=\"canonical\" href=\"https:\/\/rotary.fi\/sodankyla\/mita-teemme\/varainhankinta-ja-lahjoitukset\/\" \/>\n<meta property=\"og:locale\" content=\"fi_FI\" \/>\n<meta property=\"og:type\" content=\"article\" \/>\n<meta property=\"og:title\" content=\"Varainhankinta ja lahjoitukset - Sodankyl\u00e4n Rotaryklubi\" \/>\n<meta property=\"og:description\" content=\"Varainhankinta ja lahjoitukset Varainhankinta ja lahjoitukset Rotaryklubimme on mukana sek\u00e4 paikallisessa ett\u00e4 maailmanlaajuisessa palveluty\u00f6ss\u00e4 monin eri tavoin. Teemme l\u00e4hihankkeita nuorison, ik\u00e4\u00e4ntyv\u00e4n v\u00e4est\u00f6n ja luonnon hyvinvoinnin turvaamiseksi. Ker\u00e4\u00e4mme varoja hankkeidemme rahoittamiseksi. Osallistumme kansainv\u00e4lisiin humanit\u00e4\u00e4risiin hankkeisiin rotarien yhteisen Rotarys\u00e4\u00e4ti\u00f6n kautta. S\u00e4\u00e4ti\u00f6ll\u00e4 on kuusi keskitt\u00e4misaluetta: 1. Sairauksien ehk\u00e4isy ja hoito. 2. \u00c4idin ja lapsenterveys. 3. Peruskoulutus sek\u00e4 luku- [&hellip;]\" \/>\n<meta property=\"og:url\" content=\"https:\/\/rotary.fi\/sodankyla\/mita-teemme\/varainhankinta-ja-lahjoitukset\/\" \/>\n<meta property=\"og:site_name\" content=\"Sodankyl\u00e4n Rotaryklubi\" \/>\n<meta property=\"article:modified_time\" content=\"2019-02-05T14:12:19+00:00\" \/>\n<meta name=\"twitter:card\" content=\"summary_large_image\" \/>\n<meta name=\"twitter:label1\" content=\"Arvioitu lukuaika\" \/>\n\t<meta name=\"twitter:data1\" content=\"2 minuuttia\" \/>\n<script type=\"application\/ld+json\" class=\"yoast-schema-graph\">{\"@context\":\"https:\\\/\\\/schema.org\",\"@graph\":[{\"@type\":\"WebPage\",\"@id\":\"https:\\\/\\\/rotary.fi\\\/sodankyla\\\/mita-teemme\\\/varainhankinta-ja-lahjoitukset\\\/\",\"url\":\"https:\\\/\\\/rotary.fi\\\/sodankyla\\\/mita-teemme\\\/varainhankinta-ja-lahjoitukset\\\/\",\"name\":\"Varainhankinta ja lahjoitukset - Sodankyl\u00e4n Rotaryklubi\",\"isPartOf\":{\"@id\":\"https:\\\/\\\/rotary.fi\\\/sodankyla\\\/#website\"},\"datePublished\":\"2018-08-13T06:47:58+00:00\",\"dateModified\":\"2019-02-05T14:12:19+00:00\",\"breadcrumb\":{\"@id\":\"https:\\\/\\\/rotary.fi\\\/sodankyla\\\/mita-teemme\\\/varainhankinta-ja-lahjoitukset\\\/#breadcrumb\"},\"inLanguage\":\"fi\",\"potentialAction\":[{\"@type\":\"ReadAction\",\"target\":[\"https:\\\/\\\/rotary.fi\\\/sodankyla\\\/mita-teemme\\\/varainhankinta-ja-lahjoitukset\\\/\"]}]},{\"@type\":\"BreadcrumbList\",\"@id\":\"https:\\\/\\\/rotary.fi\\\/sodankyla\\\/mita-teemme\\\/varainhankinta-ja-lahjoitukset\\\/#breadcrumb\",\"itemListElement\":[{\"@type\":\"ListItem\",\"position\":1,\"name\":\"Home\",\"item\":\"https:\\\/\\\/rotary.fi\\\/sodankyla\\\/\"},{\"@type\":\"ListItem\",\"position\":2,\"name\":\"Mit\u00e4 teemme\",\"item\":\"https:\\\/\\\/rotary.fi\\\/sodankyla\\\/mita-teemme\\\/\"},{\"@type\":\"ListItem\",\"position\":3,\"name\":\"Varainhankinta ja lahjoitukset\"}]},{\"@type\":\"WebSite\",\"@id\":\"https:\\\/\\\/rotary.fi\\\/sodankyla\\\/#website\",\"url\":\"https:\\\/\\\/rotary.fi\\\/sodankyla\\\/\",\"name\":\"Sodankyl\u00e4n Rotaryklubi\",\"description\":\"Uusi Rotary klubisivusto\",\"potentialAction\":[{\"@type\":\"SearchAction\",\"target\":{\"@type\":\"EntryPoint\",\"urlTemplate\":\"https:\\\/\\\/rotary.fi\\\/sodankyla\\\/?s={search_term_string}\"},\"query-input\":{\"@type\":\"PropertyValueSpecification\",\"valueRequired\":true,\"valueName\":\"search_term_string\"}}],\"inLanguage\":\"fi\"}]}<\/script>\n<!-- \/ Yoast SEO plugin. -->","yoast_head_json":{"title":"Varainhankinta ja lahjoitukset - Sodankyl\u00e4n Rotaryklubi","robots":{"index":"index","follow":"follow","max-snippet":"max-snippet:-1","max-image-preview":"max-image-preview:large","max-video-preview":"max-video-preview:-1"},"canonical":"https:\/\/rotary.fi\/sodankyla\/mita-teemme\/varainhankinta-ja-lahjoitukset\/","og_locale":"fi_FI","og_type":"article","og_title":"Varainhankinta ja lahjoitukset - Sodankyl\u00e4n Rotaryklubi","og_description":"Varainhankinta ja lahjoitukset Varainhankinta ja lahjoitukset Rotaryklubimme on mukana sek\u00e4 paikallisessa ett\u00e4 maailmanlaajuisessa palveluty\u00f6ss\u00e4 monin eri tavoin. Teemme l\u00e4hihankkeita nuorison, ik\u00e4\u00e4ntyv\u00e4n v\u00e4est\u00f6n ja luonnon hyvinvoinnin turvaamiseksi. Ker\u00e4\u00e4mme varoja hankkeidemme rahoittamiseksi. Osallistumme kansainv\u00e4lisiin humanit\u00e4\u00e4risiin hankkeisiin rotarien yhteisen Rotarys\u00e4\u00e4ti\u00f6n kautta. S\u00e4\u00e4ti\u00f6ll\u00e4 on kuusi keskitt\u00e4misaluetta: 1. Sairauksien ehk\u00e4isy ja hoito. 2. \u00c4idin ja lapsenterveys. 3. Peruskoulutus sek\u00e4 luku- [&hellip;]","og_url":"https:\/\/rotary.fi\/sodankyla\/mita-teemme\/varainhankinta-ja-lahjoitukset\/","og_site_name":"Sodankyl\u00e4n Rotaryklubi","article_modified_time":"2019-02-05T14:12:19+00:00","twitter_card":"summary_large_image","twitter_misc":{"Arvioitu lukuaika":"2 minuuttia"},"schema":{"@context":"https:\/\/schema.org","@graph":[{"@type":"WebPage","@id":"https:\/\/rotary.fi\/sodankyla\/mita-teemme\/varainhankinta-ja-lahjoitukset\/","url":"https:\/\/rotary.fi\/sodankyla\/mita-teemme\/varainhankinta-ja-lahjoitukset\/","name":"Varainhankinta ja lahjoitukset - Sodankyl\u00e4n Rotaryklubi","isPartOf":{"@id":"https:\/\/rotary.fi\/sodankyla\/#website"},"datePublished":"2018-08-13T06:47:58+00:00","dateModified":"2019-02-05T14:12:19+00:00","breadcrumb":{"@id":"https:\/\/rotary.fi\/sodankyla\/mita-teemme\/varainhankinta-ja-lahjoitukset\/#breadcrumb"},"inLanguage":"fi","potentialAction":[{"@type":"ReadAction","target":["https:\/\/rotary.fi\/sodankyla\/mita-teemme\/varainhankinta-ja-lahjoitukset\/"]}]},{"@type":"BreadcrumbList","@id":"https:\/\/rotary.fi\/sodankyla\/mita-teemme\/varainhankinta-ja-lahjoitukset\/#breadcrumb","itemListElement":[{"@type":"ListItem","position":1,"name":"Home","item":"https:\/\/rotary.fi\/sodankyla\/"},{"@type":"ListItem","position":2,"name":"Mit\u00e4 teemme","item":"https:\/\/rotary.fi\/sodankyla\/mita-teemme\/"},{"@type":"ListItem","position":3,"name":"Varainhankinta ja lahjoitukset"}]},{"@type":"WebSite","@id":"https:\/\/rotary.fi\/sodankyla\/#website","url":"https:\/\/rotary.fi\/sodankyla\/","name":"Sodankyl\u00e4n Rotaryklubi","description":"Uusi Rotary klubisivusto","potentialAction":[{"@type":"SearchAction","target":{"@type":"EntryPoint","urlTemplate":"https:\/\/rotary.fi\/sodankyla\/?s={search_term_string}"},"query-input":{"@type":"PropertyValueSpecification","valueRequired":true,"valueName":"search_term_string"}}],"inLanguage":"fi"}]}},"lang":"fi","translations":{"fi":158},"pll_sync_post":[],"_links":{"self":[{"href":"https:\/\/rotary.fi\/sodankyla\/wp-json\/wp\/v2\/pages\/158","targetHints":{"allow":["GET"]}}],"collection":[{"href":"https:\/\/rotary.fi\/sodankyla\/wp-json\/wp\/v2\/pages"}],"about":[{"href":"https:\/\/rotary.fi\/sodankyla\/wp-json\/wp\/v2\/types\/page"}],"author":[{"embeddable":true,"href":"https:\/\/rotary.fi\/sodankyla\/wp-json\/wp\/v2\/users\/1"}],"replies":[{"embeddable":true,"href":"https:\/\/rotary.fi\/sodankyla\/wp-json\/wp\/v2\/comments?post=158"}],"version-history":[{"count":10,"href":"https:\/\/rotary.fi\/sodankyla\/wp-json\/wp\/v2\/pages\/158\/revisions"}],"predecessor-version":[{"id":1470,"href":"https:\/\/rotary.fi\/sodankyla\/wp-json\/wp\/v2\/pages\/158\/revisions\/1470"}],"up":[{"embeddable":true,"href":"https:\/\/rotary.fi\/sodankyla\/wp-json\/wp\/v2\/pages\/77"}],"wp:attachment":[{"href":"https:\/\/rotary.fi\/sodankyla\/wp-json\/wp\/v2\/media?parent=158"}],"curies":[{"name":"wp","href":"https:\/\/api.w.org\/{rel}","templated":true}]}}