{"id":156,"date":"2018-08-13T09:46:59","date_gmt":"2018-08-13T06:46:59","guid":{"rendered":"https:\/\/rotary.fi\/sodankyla\/?page_id=156"},"modified":"2019-03-06T11:26:13","modified_gmt":"2019-03-06T09:26:13","slug":"projektit","status":"publish","type":"page","link":"https:\/\/rotary.fi\/sodankyla\/mita-teemme\/projektit\/","title":{"rendered":"Projektit"},"content":{"rendered":"<p>[et_pb_section bb_built=&#8221;1&#8243; module_class=&#8221;jumbotron-page&#8221; _builder_version=&#8221;3.19.5&#8243; background_image=&#8221;https:\/\/rotary.fi\/sodankyla\/wp-content\/uploads\/sites\/27\/2019\/02\/koulutempaus-1.jpg&#8221; next_background_color=&#8221;#ffffff&#8221;][et_pb_row _builder_version=&#8221;3.0.48&#8243; background_size=&#8221;initial&#8221; background_position=&#8221;top_left&#8221; background_repeat=&#8221;repeat&#8221;][et_pb_column type=&#8221;4_4&#8243;][et_pb_text admin_label=&#8221;P\u00e4\u00e4otsikko&#8221; _builder_version=&#8221;3.17&#8243; text_orientation=&#8221;center&#8221; background_layout=&#8221;dark&#8221;]<\/p>\n<h1>Projektit<\/h1>\n<p>[\/et_pb_text][\/et_pb_column][\/et_pb_row][\/et_pb_section][et_pb_section bb_built=&#8221;1&#8243; specialty=&#8221;on&#8221; module_class_2=&#8221;sivupalkki&#8221; _builder_version=&#8221;3.4.1&#8243; prev_background_color=&#8221;#000000&#8243;][et_pb_column type=&#8221;2_3&#8243; specialty_columns=&#8221;2&#8243;][et_pb_row_inner admin_label=&#8221;Rivi&#8221; _builder_version=&#8221;3.0.47&#8243;][et_pb_column_inner type=&#8221;4_4&#8243; saved_specialty_column_type=&#8221;2_3&#8243;][et_pb_text admin_label=&#8221;Projektit &#8211; Otsikko&#8221; _builder_version=&#8221;3.17&#8243; text_orientation=&#8221;center&#8221;]<\/p>\n<h1>Projektit<\/h1>\n<p>[\/et_pb_text][et_pb_text _builder_version=&#8221;3.19.5&#8243;]<\/p>\n<p>\u00a0<\/p>\n<p>Rotary on palveluj\u00e4rjest\u00f6. Toimimme tunnuslauseemme Palvelu itsekkyyden edelle (Service above self) mukaisesti paikallisesti ja maailmanlaajuisesti. Kansainv\u00e4linen humanit\u00e4\u00e4rinen palvelumme toteutuu Rotarys\u00e4\u00e4ti\u00f6mme koordinoimana ja hyv\u00e4ksyttyjen kumppaneiden kanssa.<\/p>\n<h6><strong>Paavon polun kunnostus<\/strong><\/h6>\n<p>Mik\u00e4 on Paavon polku? Uusi ulkoilumahdollisuus kaikenik\u00e4isille oikeassa mets\u00e4ss\u00e4 l\u00e4hell\u00e4 kyl\u00e4\u00e4. <a href=\"https:\/\/retkipaikka.fi\/helppo-hoidettu-ja-tunnelmallinen-paavon-polku-sodankylassa-on-esimerkillisen-hyva-luontopolku\/\">Lue lis\u00e4\u00e4<\/a><\/p>\n<p>K\u00c4YTT\u00d6TARKOITUS <br \/>Aikaisemmin opetusmets\u00e4n\u00e4 toiminut alue j\u00e4i vaille k\u00e4ytt\u00e4ji\u00e4, kun mets\u00e4opetus siirtyi Rovaniemelle. Ajatus kyl\u00e4keskuksen l\u00e4hell\u00e4 olevasta mets\u00e4luontopolusta oli houkutteleva. Rotaryklubimme p\u00e4\u00e4tti ryhty\u00e4 kunnostamaan aluetta. Hanke tuottaisi monenlaista hyv\u00e4\u00e4 paikkakunnalle: virkistysalue kaikille ja luonto &#8211; opetuskohde koululaisille.<\/p>\n<p>YHTEISTY\u00d6RYHM\u00c4 <br \/>Mets\u00e4hallitus, Lapin ammattiopisto, Sodankyl\u00e4n Mett\u00e4pojat ry, Sodankyl\u00e4n kunta (opettaja) ja Sodankyl\u00e4n Rotaryklubi ry. Kokenut graafikko toteutti opasteet ja tietolaulut. My\u00f6hemmin mukaan tuli Mets\u00e4keskus, joka toteutti Mobiilisti mets\u00e4\u00e4n-hankeen Mets\u00e4inen- sovelluksen polulle. Paavon polku siirtyi digiaikaan.<\/p>\n<p>KUNNOSTUSHANKE K\u00c4YNNISTYI <br \/>ideana syksyll\u00e4 2014. Suunnitelma kypsyi D1400-piiriapuraha &#8211; anomuksen laatimiseen toukokuussa 2015. Elokuussa tuli tieto 1500 euron apurahan my\u00f6nt\u00e4misest\u00e4.<\/p>\n<p>TALKOOTY\u00d6 <br \/>alkoi syksyll\u00e4 2015 luontokartoituksella. T\u00e4ss\u00e4 mets\u00e4ss\u00e4 on runsaasti mielenkiintoista esitelt\u00e4v\u00e4\u00e4 luonnon toiminnasta, kasvistosta ja el\u00e4imist\u00f6st\u00e4. M\u00e4\u00e4rittelimme opastuksen tavoitteet, polun linjauksen ja merkinn\u00e4n, luontokohteet, rakenteiden t\u00e4ydent\u00e4misen ja teknisen toteutuksen.Talkooty\u00f6 jatkui 2016-2017. <br \/>Talkooty\u00f6t\u00e4 on tehty 2015- 2017 noin 800 h eli 115 ty\u00f6p\u00e4iv\u00e4\u00e4 suunnittelussa, valmistelussa ja toteutuksessa.<\/p>\n<p>RAHOITUS <br \/>Apurahat D1400 piiriapuraha 1500\u20ac ja Mets\u00e4s\u00e4\u00e4ti\u00f6 1000\u20ac. <br \/>Kulut 2015-2017 yhteens\u00e4 5315,78 \u20ac. Sodankyl\u00e4n Rotaryklubin osuus kuluista 2815,78 \u20ac.<\/p>\n<p>HANKKEEN TAVOITTEET noudattavat rotarien yleisi\u00e4 hanketavoitteita, palvella paikallista yhteis\u00f6\u00e4 siten, ett\u00e4 el\u00e4m\u00e4n laatu paranee.Vaikutus on pitk\u00e4aikainen ja ulottuu kaikkiin ik\u00e4ryhmiin.<\/p>\n<p><img loading=\"lazy\" decoding=\"async\" class=\"wp-image-1392 alignleft\" src=\"https:\/\/rotary.fi\/sodankyla\/wp-content\/uploads\/sites\/27\/2018\/12\/laavu_netti-300x200.png\" alt=\"\" width=\"419\" height=\"279\" srcset=\"https:\/\/rotary.fi\/sodankyla\/wp-content\/uploads\/sites\/27\/2018\/12\/laavu_netti-300x200.png 300w, https:\/\/rotary.fi\/sodankyla\/wp-content\/uploads\/sites\/27\/2018\/12\/laavu_netti-768x512.png 768w, https:\/\/rotary.fi\/sodankyla\/wp-content\/uploads\/sites\/27\/2018\/12\/laavu_netti.png 1000w\" sizes=\"(max-width: 419px) 100vw, 419px\" \/><\/p>\n<p>Hankkeen p\u00e4\u00e4t\u00f6sjuhlat pidettiin 11.10.2017 yhteisty\u00f6kumppanien kesken kauniissa syksyn s\u00e4\u00e4ss\u00e4 puolikodalla tulilla kahvistellen.<\/p>\n<p>Paavon polun kunnostusprojekti on saanut runsaasti huomiota alueen lehdiss\u00e4 ja sosiaalisessa mediassa.<\/p>\n<p>\u00a0<\/p>\n<p>\u00a0<\/p>\n<p>\u00a0<\/p>\n<p>[\/et_pb_text][\/et_pb_column_inner][\/et_pb_row_inner][\/et_pb_column][et_pb_column type=&#8221;1_3&#8243;][et_pb_sidebar area=&#8221;sidebar-1&#8243; module_class=&#8221;sivupalkki_sisalto&#8221; _builder_version=&#8221;3.4.1&#8243; locked=&#8221;on&#8221;]<\/p>\n<p>[\/et_pb_sidebar][\/et_pb_column][\/et_pb_section]<\/p>\n","protected":false},"excerpt":{"rendered":"<p>Projektit Projektit \u00a0Rotary on palveluj\u00e4rjest\u00f6. Toimimme tunnuslauseemme Palvelu itsekkyyden edelle (Service above self) mukaisesti paikallisesti ja maailmanlaajuisesti. Kansainv\u00e4linen humanit\u00e4\u00e4rinen palvelumme toteutuu Rotarys\u00e4\u00e4ti\u00f6mme koordinoimana ja hyv\u00e4ksyttyjen kumppaneiden kanssa.Paavon polun kunnostusMik\u00e4 on Paavon polku? Uusi ulkoilumahdollisuus kaikenik\u00e4isille oikeassa mets\u00e4ss\u00e4 l\u00e4hell\u00e4 kyl\u00e4\u00e4. Lue lis\u00e4\u00e4K\u00c4YTT\u00d6TARKOITUS Aikaisemmin opetusmets\u00e4n\u00e4 toiminut alue j\u00e4i vaille k\u00e4ytt\u00e4ji\u00e4, kun mets\u00e4opetus siirtyi Rovaniemelle. Ajatus kyl\u00e4keskuksen l\u00e4hell\u00e4 [&hellip;]<\/p>\n","protected":false},"author":1,"featured_media":0,"parent":77,"menu_order":0,"comment_status":"closed","ping_status":"closed","template":"","meta":{"_acf_changed":false,"_et_pb_use_builder":"on","_et_pb_old_content":"","_et_gb_content_width":"","footnotes":""},"class_list":["post-156","page","type-page","status-publish","hentry"],"acf":[],"yoast_head":"<!-- This site is optimized with the Yoast SEO plugin v27.4 - https:\/\/yoast.com\/product\/yoast-seo-wordpress\/ -->\n<title>Projektit - Sodankyl\u00e4n Rotaryklubi<\/title>\n<meta name=\"robots\" content=\"index, follow, max-snippet:-1, max-image-preview:large, max-video-preview:-1\" \/>\n<link rel=\"canonical\" href=\"https:\/\/rotary.fi\/sodankyla\/mita-teemme\/projektit\/\" \/>\n<meta property=\"og:locale\" content=\"fi_FI\" \/>\n<meta property=\"og:type\" content=\"article\" \/>\n<meta property=\"og:title\" content=\"Projektit - Sodankyl\u00e4n Rotaryklubi\" \/>\n<meta property=\"og:description\" content=\"Projektit Projektit \u00a0Rotary on palveluj\u00e4rjest\u00f6. Toimimme tunnuslauseemme Palvelu itsekkyyden edelle (Service above self) mukaisesti paikallisesti ja maailmanlaajuisesti. Kansainv\u00e4linen humanit\u00e4\u00e4rinen palvelumme toteutuu Rotarys\u00e4\u00e4ti\u00f6mme koordinoimana ja hyv\u00e4ksyttyjen kumppaneiden kanssa.Paavon polun kunnostusMik\u00e4 on Paavon polku? Uusi ulkoilumahdollisuus kaikenik\u00e4isille oikeassa mets\u00e4ss\u00e4 l\u00e4hell\u00e4 kyl\u00e4\u00e4. Lue lis\u00e4\u00e4K\u00c4YTT\u00d6TARKOITUS Aikaisemmin opetusmets\u00e4n\u00e4 toiminut alue j\u00e4i vaille k\u00e4ytt\u00e4ji\u00e4, kun mets\u00e4opetus siirtyi Rovaniemelle. Ajatus kyl\u00e4keskuksen l\u00e4hell\u00e4 [&hellip;]\" \/>\n<meta property=\"og:url\" content=\"https:\/\/rotary.fi\/sodankyla\/mita-teemme\/projektit\/\" \/>\n<meta property=\"og:site_name\" content=\"Sodankyl\u00e4n Rotaryklubi\" \/>\n<meta property=\"article:modified_time\" content=\"2019-03-06T09:26:13+00:00\" \/>\n<meta property=\"og:image\" content=\"https:\/\/rotary.fi\/sodankyla\/wp-content\/uploads\/sites\/27\/2018\/12\/laavu_netti-300x200.png\" \/>\n<meta name=\"twitter:card\" content=\"summary_large_image\" \/>\n<meta name=\"twitter:label1\" content=\"Arvioitu lukuaika\" \/>\n\t<meta name=\"twitter:data1\" content=\"2 minuuttia\" \/>\n<script type=\"application\/ld+json\" class=\"yoast-schema-graph\">{\"@context\":\"https:\\\/\\\/schema.org\",\"@graph\":[{\"@type\":\"WebPage\",\"@id\":\"https:\\\/\\\/rotary.fi\\\/sodankyla\\\/mita-teemme\\\/projektit\\\/\",\"url\":\"https:\\\/\\\/rotary.fi\\\/sodankyla\\\/mita-teemme\\\/projektit\\\/\",\"name\":\"Projektit - Sodankyl\u00e4n Rotaryklubi\",\"isPartOf\":{\"@id\":\"https:\\\/\\\/rotary.fi\\\/sodankyla\\\/#website\"},\"primaryImageOfPage\":{\"@id\":\"https:\\\/\\\/rotary.fi\\\/sodankyla\\\/mita-teemme\\\/projektit\\\/#primaryimage\"},\"image\":{\"@id\":\"https:\\\/\\\/rotary.fi\\\/sodankyla\\\/mita-teemme\\\/projektit\\\/#primaryimage\"},\"thumbnailUrl\":\"https:\\\/\\\/rotary.fi\\\/sodankyla\\\/wp-content\\\/uploads\\\/sites\\\/27\\\/2018\\\/12\\\/laavu_netti-300x200.png\",\"datePublished\":\"2018-08-13T06:46:59+00:00\",\"dateModified\":\"2019-03-06T09:26:13+00:00\",\"breadcrumb\":{\"@id\":\"https:\\\/\\\/rotary.fi\\\/sodankyla\\\/mita-teemme\\\/projektit\\\/#breadcrumb\"},\"inLanguage\":\"fi\",\"potentialAction\":[{\"@type\":\"ReadAction\",\"target\":[\"https:\\\/\\\/rotary.fi\\\/sodankyla\\\/mita-teemme\\\/projektit\\\/\"]}]},{\"@type\":\"ImageObject\",\"inLanguage\":\"fi\",\"@id\":\"https:\\\/\\\/rotary.fi\\\/sodankyla\\\/mita-teemme\\\/projektit\\\/#primaryimage\",\"url\":\"https:\\\/\\\/rotary.fi\\\/sodankyla\\\/wp-content\\\/uploads\\\/sites\\\/27\\\/2018\\\/12\\\/laavu_netti.png\",\"contentUrl\":\"https:\\\/\\\/rotary.fi\\\/sodankyla\\\/wp-content\\\/uploads\\\/sites\\\/27\\\/2018\\\/12\\\/laavu_netti.png\",\"width\":1000,\"height\":667},{\"@type\":\"BreadcrumbList\",\"@id\":\"https:\\\/\\\/rotary.fi\\\/sodankyla\\\/mita-teemme\\\/projektit\\\/#breadcrumb\",\"itemListElement\":[{\"@type\":\"ListItem\",\"position\":1,\"name\":\"Home\",\"item\":\"https:\\\/\\\/rotary.fi\\\/sodankyla\\\/\"},{\"@type\":\"ListItem\",\"position\":2,\"name\":\"Mit\u00e4 teemme\",\"item\":\"https:\\\/\\\/rotary.fi\\\/sodankyla\\\/mita-teemme\\\/\"},{\"@type\":\"ListItem\",\"position\":3,\"name\":\"Projektit\"}]},{\"@type\":\"WebSite\",\"@id\":\"https:\\\/\\\/rotary.fi\\\/sodankyla\\\/#website\",\"url\":\"https:\\\/\\\/rotary.fi\\\/sodankyla\\\/\",\"name\":\"Sodankyl\u00e4n Rotaryklubi\",\"description\":\"Uusi Rotary klubisivusto\",\"potentialAction\":[{\"@type\":\"SearchAction\",\"target\":{\"@type\":\"EntryPoint\",\"urlTemplate\":\"https:\\\/\\\/rotary.fi\\\/sodankyla\\\/?s={search_term_string}\"},\"query-input\":{\"@type\":\"PropertyValueSpecification\",\"valueRequired\":true,\"valueName\":\"search_term_string\"}}],\"inLanguage\":\"fi\"}]}<\/script>\n<!-- \/ Yoast SEO plugin. -->","yoast_head_json":{"title":"Projektit - Sodankyl\u00e4n Rotaryklubi","robots":{"index":"index","follow":"follow","max-snippet":"max-snippet:-1","max-image-preview":"max-image-preview:large","max-video-preview":"max-video-preview:-1"},"canonical":"https:\/\/rotary.fi\/sodankyla\/mita-teemme\/projektit\/","og_locale":"fi_FI","og_type":"article","og_title":"Projektit - Sodankyl\u00e4n Rotaryklubi","og_description":"Projektit Projektit \u00a0Rotary on palveluj\u00e4rjest\u00f6. Toimimme tunnuslauseemme Palvelu itsekkyyden edelle (Service above self) mukaisesti paikallisesti ja maailmanlaajuisesti. Kansainv\u00e4linen humanit\u00e4\u00e4rinen palvelumme toteutuu Rotarys\u00e4\u00e4ti\u00f6mme koordinoimana ja hyv\u00e4ksyttyjen kumppaneiden kanssa.Paavon polun kunnostusMik\u00e4 on Paavon polku? Uusi ulkoilumahdollisuus kaikenik\u00e4isille oikeassa mets\u00e4ss\u00e4 l\u00e4hell\u00e4 kyl\u00e4\u00e4. Lue lis\u00e4\u00e4K\u00c4YTT\u00d6TARKOITUS Aikaisemmin opetusmets\u00e4n\u00e4 toiminut alue j\u00e4i vaille k\u00e4ytt\u00e4ji\u00e4, kun mets\u00e4opetus siirtyi Rovaniemelle. Ajatus kyl\u00e4keskuksen l\u00e4hell\u00e4 [&hellip;]","og_url":"https:\/\/rotary.fi\/sodankyla\/mita-teemme\/projektit\/","og_site_name":"Sodankyl\u00e4n Rotaryklubi","article_modified_time":"2019-03-06T09:26:13+00:00","og_image":[{"url":"https:\/\/rotary.fi\/sodankyla\/wp-content\/uploads\/sites\/27\/2018\/12\/laavu_netti-300x200.png","type":"","width":"","height":""}],"twitter_card":"summary_large_image","twitter_misc":{"Arvioitu lukuaika":"2 minuuttia"},"schema":{"@context":"https:\/\/schema.org","@graph":[{"@type":"WebPage","@id":"https:\/\/rotary.fi\/sodankyla\/mita-teemme\/projektit\/","url":"https:\/\/rotary.fi\/sodankyla\/mita-teemme\/projektit\/","name":"Projektit - Sodankyl\u00e4n Rotaryklubi","isPartOf":{"@id":"https:\/\/rotary.fi\/sodankyla\/#website"},"primaryImageOfPage":{"@id":"https:\/\/rotary.fi\/sodankyla\/mita-teemme\/projektit\/#primaryimage"},"image":{"@id":"https:\/\/rotary.fi\/sodankyla\/mita-teemme\/projektit\/#primaryimage"},"thumbnailUrl":"https:\/\/rotary.fi\/sodankyla\/wp-content\/uploads\/sites\/27\/2018\/12\/laavu_netti-300x200.png","datePublished":"2018-08-13T06:46:59+00:00","dateModified":"2019-03-06T09:26:13+00:00","breadcrumb":{"@id":"https:\/\/rotary.fi\/sodankyla\/mita-teemme\/projektit\/#breadcrumb"},"inLanguage":"fi","potentialAction":[{"@type":"ReadAction","target":["https:\/\/rotary.fi\/sodankyla\/mita-teemme\/projektit\/"]}]},{"@type":"ImageObject","inLanguage":"fi","@id":"https:\/\/rotary.fi\/sodankyla\/mita-teemme\/projektit\/#primaryimage","url":"https:\/\/rotary.fi\/sodankyla\/wp-content\/uploads\/sites\/27\/2018\/12\/laavu_netti.png","contentUrl":"https:\/\/rotary.fi\/sodankyla\/wp-content\/uploads\/sites\/27\/2018\/12\/laavu_netti.png","width":1000,"height":667},{"@type":"BreadcrumbList","@id":"https:\/\/rotary.fi\/sodankyla\/mita-teemme\/projektit\/#breadcrumb","itemListElement":[{"@type":"ListItem","position":1,"name":"Home","item":"https:\/\/rotary.fi\/sodankyla\/"},{"@type":"ListItem","position":2,"name":"Mit\u00e4 teemme","item":"https:\/\/rotary.fi\/sodankyla\/mita-teemme\/"},{"@type":"ListItem","position":3,"name":"Projektit"}]},{"@type":"WebSite","@id":"https:\/\/rotary.fi\/sodankyla\/#website","url":"https:\/\/rotary.fi\/sodankyla\/","name":"Sodankyl\u00e4n Rotaryklubi","description":"Uusi Rotary klubisivusto","potentialAction":[{"@type":"SearchAction","target":{"@type":"EntryPoint","urlTemplate":"https:\/\/rotary.fi\/sodankyla\/?s={search_term_string}"},"query-input":{"@type":"PropertyValueSpecification","valueRequired":true,"valueName":"search_term_string"}}],"inLanguage":"fi"}]}},"lang":"fi","translations":{"fi":156},"pll_sync_post":[],"_links":{"self":[{"href":"https:\/\/rotary.fi\/sodankyla\/wp-json\/wp\/v2\/pages\/156","targetHints":{"allow":["GET"]}}],"collection":[{"href":"https:\/\/rotary.fi\/sodankyla\/wp-json\/wp\/v2\/pages"}],"about":[{"href":"https:\/\/rotary.fi\/sodankyla\/wp-json\/wp\/v2\/types\/page"}],"author":[{"embeddable":true,"href":"https:\/\/rotary.fi\/sodankyla\/wp-json\/wp\/v2\/users\/1"}],"replies":[{"embeddable":true,"href":"https:\/\/rotary.fi\/sodankyla\/wp-json\/wp\/v2\/comments?post=156"}],"version-history":[{"count":12,"href":"https:\/\/rotary.fi\/sodankyla\/wp-json\/wp\/v2\/pages\/156\/revisions"}],"predecessor-version":[{"id":1504,"href":"https:\/\/rotary.fi\/sodankyla\/wp-json\/wp\/v2\/pages\/156\/revisions\/1504"}],"up":[{"embeddable":true,"href":"https:\/\/rotary.fi\/sodankyla\/wp-json\/wp\/v2\/pages\/77"}],"wp:attachment":[{"href":"https:\/\/rotary.fi\/sodankyla\/wp-json\/wp\/v2\/media?parent=156"}],"curies":[{"name":"wp","href":"https:\/\/api.w.org\/{rel}","templated":true}]}}