{"id":154,"date":"2018-08-13T09:35:27","date_gmt":"2018-08-13T06:35:27","guid":{"rendered":"https:\/\/rotary.fi\/sodankyla\/?page_id=154"},"modified":"2019-02-19T11:03:10","modified_gmt":"2019-02-19T09:03:10","slug":"nuorisovaihto","status":"publish","type":"page","link":"https:\/\/rotary.fi\/sodankyla\/mita-teemme\/nuorisovaihto\/","title":{"rendered":"Nuorisoty\u00f6"},"content":{"rendered":"<p>[et_pb_section bb_built=&#8221;1&#8243; module_class=&#8221;jumbotron-page&#8221; _builder_version=&#8221;3.17.2&#8243; background_image=&#8221;https:\/\/rotary.fi\/sodankyla\/wp-content\/uploads\/sites\/27\/2018\/10\/rotary_klubit_alasivu_paakuva_9.jpg&#8221; next_background_color=&#8221;#ffffff&#8221;][et_pb_row _builder_version=&#8221;3.0.48&#8243; background_size=&#8221;initial&#8221; background_position=&#8221;top_left&#8221; background_repeat=&#8221;repeat&#8221;][et_pb_column type=&#8221;4_4&#8243;][et_pb_text admin_label=&#8221;P\u00e4\u00e4otsikko&#8221; _builder_version=&#8221;3.19.5&#8243; text_orientation=&#8221;center&#8221; background_layout=&#8221;dark&#8221;]<\/p>\n<h1>Nuorisoty\u00f6<\/h1>\n<p>[\/et_pb_text][\/et_pb_column][\/et_pb_row][\/et_pb_section][et_pb_section bb_built=&#8221;1&#8243; specialty=&#8221;on&#8221; module_class_2=&#8221;sivupalkki&#8221; _builder_version=&#8221;3.4.1&#8243; prev_background_color=&#8221;#000000&#8243;][et_pb_column type=&#8221;2_3&#8243; specialty_columns=&#8221;2&#8243;][et_pb_row_inner admin_label=&#8221;Rivi&#8221; _builder_version=&#8221;3.0.47&#8243;][et_pb_column_inner type=&#8221;4_4&#8243; saved_specialty_column_type=&#8221;2_3&#8243;][et_pb_text admin_label=&#8221;Nuorisovaihto &#8211; Otsikko&#8221; _builder_version=&#8221;3.19.5&#8243; text_orientation=&#8221;center&#8221;]<\/p>\n<h1>Nuorisoty\u00f6<\/h1>\n<p>[\/et_pb_text][et_pb_text _builder_version=&#8221;3.19.5&#8243;]<\/p>\n<p>Sodankyl\u00e4n Rotaryklubi on yh\u00e4 enenev\u00e4ss\u00e4 m\u00e4\u00e4rin keskittynyt viime aikoina projekteissaan tukemaan nuoria ja lapsia. Olemme antaneet avustuksia nuorisoj\u00e4rjest\u00f6ille erilaisten projektien toteuttamiseen, avustaneet oppilaitoksia kirjastohankinnoissa, vuosittain annamme stipendit niin ammatillisesta oppilaitoksesta kuin lukiostakin valmistuville. Olemme avustaneet kehitysvammaisten nuorten virkistystoimintaa ja kustannamme vuosittain luontoon liittyv\u00e4n elokuvaesityksen alakoululaisille.<\/p>\n<p>Yl\u00e4kouluik\u00e4isille olemme pit\u00e4neet ammattiesitelmi\u00e4. Suunnitelmissamme on lasten liikennepuiston rakentaminen Sodankyl\u00e4\u00e4n l\u00e4hitulevaisuudessa. Paavon polun kuntoon saattamisella on saatu aikaseksi nuorille ja lapsille l\u00e4hell\u00e4 oleva retkeilyreitti.<\/p>\n<h3>Nuorisovaihto<\/h3>\n<p class=\"p1\"><span class=\"s1\">Rotaryn nuorisovaihto on turvallinen ja usein varsin edullinen tapa l\u00e4hte\u00e4 ulkomaille vaihto-oppilaaksi.<span class=\"Apple-converted-space\">\u00a0 <\/span>Rotaryn nuorisovaihto on sertifioitua ja valvottua. Nuorta sitovat rotareiden ohjeet ja s\u00e4\u00e4nn\u00f6t, se on osa turvallisuutta. Nuori ja h\u00e4nen perheens\u00e4 koulutetaan vaihtovuoden vaatimuksiin ennen nuoren l\u00e4ht\u00f6\u00e4. <\/span><\/p>\n<p class=\"p1\"><span class=\"s1\">Vastaanottava perhe ottaa nuoren perheenj\u00e4senekseen. Vastaanottava rotaryklubi huolehtii mm. saapuvan vaihto-oppilaan koulukustannuksista. Nuori saa my\u00f6s pient\u00e4 kuukausirahaa rotaryklubiltaan. Perhe ei saa rahallista korvausta nuoren yll\u00e4pidosta.<\/span><\/p>\n<p class=\"p1\"><span class=\"s1\">Suomeen saapuville vaihto-oppilaille tarvitaan is\u00e4nt\u00e4perheit\u00e4. Nuori on vaihtovuoden aikana yleens\u00e4 kolmessa perheess\u00e4, noin nelj\u00e4 kuukautta jokaisessa. Kun haluat tarjota turvallisen kodin Suomeen saapuvalle nuorelle, ota yhteytt\u00e4 klubimme nuorisovaihtoasiamieheen.\u00a0<\/span><\/p>\n<p class=\"p1\"><span class=\"s1\">Kun rotaryklubi ottaa vastaan ulkomaisen vaihto-oppilaan, se tarkoittaa samalla, ett\u00e4 meilt\u00e4 vastavuoroisesti p\u00e4\u00e4see nuori ulkomaille. Ulkomailla koulunk\u00e4ynti ei suinkaan aina ole oppilaalle ilmaista, mutta nuoren vastaanottava rotaryklubi vastaa n\u00e4ist\u00e4kin kustannuksista. Nuori saa my\u00f6s samat edut ja huolenpidon kuin maahamme saapuva nuori. <\/span><\/p>\n<p>[\/et_pb_text][\/et_pb_column_inner][\/et_pb_row_inner][et_pb_row_inner admin_label=&#8221;Rivi&#8221; _builder_version=&#8221;3.0.47&#8243;][et_pb_column_inner type=&#8221;4_4&#8243; saved_specialty_column_type=&#8221;2_3&#8243;][et_pb_text admin_label=&#8221;Kiinnostuitko nuorisovaihdosta? &#8211; Otsikko&#8221; _builder_version=&#8221;3.17&#8243; text_orientation=&#8221;center&#8221;]<\/p>\n<h4>Kiinnostuitko nuorisovaihdosta?<\/h4>\n<p>[\/et_pb_text][et_pb_text _builder_version=&#8221;3.19.5&#8243;]<\/p>\n<p class=\"p1\"><span class=\"s1\">Rotaryn kautta voit p\u00e4\u00e4st\u00e4 vuosivaihtoon, kes\u00e4vaihtoon tai leirivaihtoon. N\u00e4ist\u00e4 eri vaihtomuodoista voit<span class=\"Apple-converted-space\">\u00a0 <\/span>lukea lis\u00e4\u00e4 Suomen Rotaryn <\/span><a href=\"https:\/\/rotary.fi\/mita-teemme\/nuorisopalvelut\/nuorisovaihto\/\" target=\"_blank\" rel=\"noopener\"><span class=\"s2\">nuorisovaihdon<\/span><\/a><span class=\"s1\"> sivuilta.<\/span><span class=\"s3\">\u00a0<\/span><span class=\"s1\">Hakuaika seuraavan vuoden vaihtoihin on hakuvuotta edelt\u00e4v\u00e4n\u00e4 syksyn\u00e4. Jos kiinnostuit, ota yhteytt\u00e4 klubimme toimihenkil\u00f6ihin ja kysy l\u00e4het\u00e4mmek\u00f6 vaihto-oppilaan tulevana vuonna. <\/span><\/p>\n<p class=\"p2\"><strong><span class=\"s4\">Kysy rohkeasti lis\u00e4\u00e4 Rotaryn nuorisovaihdosta klubimme toimihenkil\u00f6ilt\u00e4<\/span><\/strong><span class=\"s1\"><br \/><\/span><\/p>\n<p class=\"p2\"><span class=\"s1\">\u00a0<\/span><\/p>\n<p>[\/et_pb_text][\/et_pb_column_inner][\/et_pb_row_inner][\/et_pb_column][et_pb_column type=&#8221;1_3&#8243;][et_pb_sidebar area=&#8221;sidebar-1&#8243; module_class=&#8221;sivupalkki_sisalto&#8221; _builder_version=&#8221;3.4.1&#8243; locked=&#8221;on&#8221;]<\/p>\n<p>[\/et_pb_sidebar][\/et_pb_column][\/et_pb_section]<\/p>\n","protected":false},"excerpt":{"rendered":"<p>Nuorisoty\u00f6 Nuorisoty\u00f6 Sodankyl\u00e4n Rotaryklubi on yh\u00e4 enenev\u00e4ss\u00e4 m\u00e4\u00e4rin keskittynyt viime aikoina projekteissaan tukemaan nuoria ja lapsia. Olemme antaneet avustuksia nuorisoj\u00e4rjest\u00f6ille erilaisten projektien toteuttamiseen, avustaneet oppilaitoksia kirjastohankinnoissa, vuosittain annamme stipendit niin ammatillisesta oppilaitoksesta kuin lukiostakin valmistuville. Olemme avustaneet kehitysvammaisten nuorten virkistystoimintaa ja kustannamme vuosittain luontoon liittyv\u00e4n elokuvaesityksen alakoululaisille. Yl\u00e4kouluik\u00e4isille olemme pit\u00e4neet ammattiesitelmi\u00e4. Suunnitelmissamme on lasten liikennepuiston [&hellip;]<\/p>\n","protected":false},"author":1,"featured_media":0,"parent":77,"menu_order":0,"comment_status":"closed","ping_status":"closed","template":"","meta":{"_acf_changed":false,"_et_pb_use_builder":"on","_et_pb_old_content":"","_et_gb_content_width":"","footnotes":""},"class_list":["post-154","page","type-page","status-publish","hentry"],"acf":[],"yoast_head":"<!-- This site is optimized with the Yoast SEO plugin v27.0 - https:\/\/yoast.com\/product\/yoast-seo-wordpress\/ -->\n<title>Nuorisoty\u00f6 - Sodankyl\u00e4n Rotaryklubi<\/title>\n<meta name=\"robots\" content=\"index, follow, max-snippet:-1, max-image-preview:large, max-video-preview:-1\" \/>\n<link rel=\"canonical\" href=\"https:\/\/rotary.fi\/sodankyla\/mita-teemme\/nuorisovaihto\/\" \/>\n<meta property=\"og:locale\" content=\"fi_FI\" \/>\n<meta property=\"og:type\" content=\"article\" \/>\n<meta property=\"og:title\" content=\"Nuorisoty\u00f6 - Sodankyl\u00e4n Rotaryklubi\" \/>\n<meta property=\"og:description\" content=\"Nuorisoty\u00f6 Nuorisoty\u00f6 Sodankyl\u00e4n Rotaryklubi on yh\u00e4 enenev\u00e4ss\u00e4 m\u00e4\u00e4rin keskittynyt viime aikoina projekteissaan tukemaan nuoria ja lapsia. Olemme antaneet avustuksia nuorisoj\u00e4rjest\u00f6ille erilaisten projektien toteuttamiseen, avustaneet oppilaitoksia kirjastohankinnoissa, vuosittain annamme stipendit niin ammatillisesta oppilaitoksesta kuin lukiostakin valmistuville. Olemme avustaneet kehitysvammaisten nuorten virkistystoimintaa ja kustannamme vuosittain luontoon liittyv\u00e4n elokuvaesityksen alakoululaisille. Yl\u00e4kouluik\u00e4isille olemme pit\u00e4neet ammattiesitelmi\u00e4. Suunnitelmissamme on lasten liikennepuiston [&hellip;]\" \/>\n<meta property=\"og:url\" content=\"https:\/\/rotary.fi\/sodankyla\/mita-teemme\/nuorisovaihto\/\" \/>\n<meta property=\"og:site_name\" content=\"Sodankyl\u00e4n Rotaryklubi\" \/>\n<meta property=\"article:modified_time\" content=\"2019-02-19T09:03:10+00:00\" \/>\n<meta name=\"twitter:card\" content=\"summary_large_image\" \/>\n<meta name=\"twitter:label1\" content=\"Arvioitu lukuaika\" \/>\n\t<meta name=\"twitter:data1\" content=\"3 minuuttia\" \/>\n<script type=\"application\/ld+json\" class=\"yoast-schema-graph\">{\"@context\":\"https:\/\/schema.org\",\"@graph\":[{\"@type\":\"WebPage\",\"@id\":\"https:\/\/rotary.fi\/sodankyla\/mita-teemme\/nuorisovaihto\/\",\"url\":\"https:\/\/rotary.fi\/sodankyla\/mita-teemme\/nuorisovaihto\/\",\"name\":\"Nuorisoty\u00f6 - Sodankyl\u00e4n Rotaryklubi\",\"isPartOf\":{\"@id\":\"https:\/\/rotary.fi\/sodankyla\/#website\"},\"datePublished\":\"2018-08-13T06:35:27+00:00\",\"dateModified\":\"2019-02-19T09:03:10+00:00\",\"breadcrumb\":{\"@id\":\"https:\/\/rotary.fi\/sodankyla\/mita-teemme\/nuorisovaihto\/#breadcrumb\"},\"inLanguage\":\"fi\",\"potentialAction\":[{\"@type\":\"ReadAction\",\"target\":[\"https:\/\/rotary.fi\/sodankyla\/mita-teemme\/nuorisovaihto\/\"]}]},{\"@type\":\"BreadcrumbList\",\"@id\":\"https:\/\/rotary.fi\/sodankyla\/mita-teemme\/nuorisovaihto\/#breadcrumb\",\"itemListElement\":[{\"@type\":\"ListItem\",\"position\":1,\"name\":\"Home\",\"item\":\"https:\/\/rotary.fi\/sodankyla\/\"},{\"@type\":\"ListItem\",\"position\":2,\"name\":\"Mit\u00e4 teemme\",\"item\":\"https:\/\/rotary.fi\/sodankyla\/mita-teemme\/\"},{\"@type\":\"ListItem\",\"position\":3,\"name\":\"Nuorisoty\u00f6\"}]},{\"@type\":\"WebSite\",\"@id\":\"https:\/\/rotary.fi\/sodankyla\/#website\",\"url\":\"https:\/\/rotary.fi\/sodankyla\/\",\"name\":\"Sodankyl\u00e4n Rotaryklubi\",\"description\":\"Uusi Rotary klubisivusto\",\"potentialAction\":[{\"@type\":\"SearchAction\",\"target\":{\"@type\":\"EntryPoint\",\"urlTemplate\":\"https:\/\/rotary.fi\/sodankyla\/?s={search_term_string}\"},\"query-input\":{\"@type\":\"PropertyValueSpecification\",\"valueRequired\":true,\"valueName\":\"search_term_string\"}}],\"inLanguage\":\"fi\"}]}<\/script>\n<!-- \/ Yoast SEO plugin. -->","yoast_head_json":{"title":"Nuorisoty\u00f6 - Sodankyl\u00e4n Rotaryklubi","robots":{"index":"index","follow":"follow","max-snippet":"max-snippet:-1","max-image-preview":"max-image-preview:large","max-video-preview":"max-video-preview:-1"},"canonical":"https:\/\/rotary.fi\/sodankyla\/mita-teemme\/nuorisovaihto\/","og_locale":"fi_FI","og_type":"article","og_title":"Nuorisoty\u00f6 - Sodankyl\u00e4n Rotaryklubi","og_description":"Nuorisoty\u00f6 Nuorisoty\u00f6 Sodankyl\u00e4n Rotaryklubi on yh\u00e4 enenev\u00e4ss\u00e4 m\u00e4\u00e4rin keskittynyt viime aikoina projekteissaan tukemaan nuoria ja lapsia. Olemme antaneet avustuksia nuorisoj\u00e4rjest\u00f6ille erilaisten projektien toteuttamiseen, avustaneet oppilaitoksia kirjastohankinnoissa, vuosittain annamme stipendit niin ammatillisesta oppilaitoksesta kuin lukiostakin valmistuville. Olemme avustaneet kehitysvammaisten nuorten virkistystoimintaa ja kustannamme vuosittain luontoon liittyv\u00e4n elokuvaesityksen alakoululaisille. Yl\u00e4kouluik\u00e4isille olemme pit\u00e4neet ammattiesitelmi\u00e4. Suunnitelmissamme on lasten liikennepuiston [&hellip;]","og_url":"https:\/\/rotary.fi\/sodankyla\/mita-teemme\/nuorisovaihto\/","og_site_name":"Sodankyl\u00e4n Rotaryklubi","article_modified_time":"2019-02-19T09:03:10+00:00","twitter_card":"summary_large_image","twitter_misc":{"Arvioitu lukuaika":"3 minuuttia"},"schema":{"@context":"https:\/\/schema.org","@graph":[{"@type":"WebPage","@id":"https:\/\/rotary.fi\/sodankyla\/mita-teemme\/nuorisovaihto\/","url":"https:\/\/rotary.fi\/sodankyla\/mita-teemme\/nuorisovaihto\/","name":"Nuorisoty\u00f6 - Sodankyl\u00e4n Rotaryklubi","isPartOf":{"@id":"https:\/\/rotary.fi\/sodankyla\/#website"},"datePublished":"2018-08-13T06:35:27+00:00","dateModified":"2019-02-19T09:03:10+00:00","breadcrumb":{"@id":"https:\/\/rotary.fi\/sodankyla\/mita-teemme\/nuorisovaihto\/#breadcrumb"},"inLanguage":"fi","potentialAction":[{"@type":"ReadAction","target":["https:\/\/rotary.fi\/sodankyla\/mita-teemme\/nuorisovaihto\/"]}]},{"@type":"BreadcrumbList","@id":"https:\/\/rotary.fi\/sodankyla\/mita-teemme\/nuorisovaihto\/#breadcrumb","itemListElement":[{"@type":"ListItem","position":1,"name":"Home","item":"https:\/\/rotary.fi\/sodankyla\/"},{"@type":"ListItem","position":2,"name":"Mit\u00e4 teemme","item":"https:\/\/rotary.fi\/sodankyla\/mita-teemme\/"},{"@type":"ListItem","position":3,"name":"Nuorisoty\u00f6"}]},{"@type":"WebSite","@id":"https:\/\/rotary.fi\/sodankyla\/#website","url":"https:\/\/rotary.fi\/sodankyla\/","name":"Sodankyl\u00e4n Rotaryklubi","description":"Uusi Rotary klubisivusto","potentialAction":[{"@type":"SearchAction","target":{"@type":"EntryPoint","urlTemplate":"https:\/\/rotary.fi\/sodankyla\/?s={search_term_string}"},"query-input":{"@type":"PropertyValueSpecification","valueRequired":true,"valueName":"search_term_string"}}],"inLanguage":"fi"}]}},"lang":"fi","translations":{"fi":154},"pll_sync_post":[],"_links":{"self":[{"href":"https:\/\/rotary.fi\/sodankyla\/wp-json\/wp\/v2\/pages\/154","targetHints":{"allow":["GET"]}}],"collection":[{"href":"https:\/\/rotary.fi\/sodankyla\/wp-json\/wp\/v2\/pages"}],"about":[{"href":"https:\/\/rotary.fi\/sodankyla\/wp-json\/wp\/v2\/types\/page"}],"author":[{"embeddable":true,"href":"https:\/\/rotary.fi\/sodankyla\/wp-json\/wp\/v2\/users\/1"}],"replies":[{"embeddable":true,"href":"https:\/\/rotary.fi\/sodankyla\/wp-json\/wp\/v2\/comments?post=154"}],"version-history":[{"count":11,"href":"https:\/\/rotary.fi\/sodankyla\/wp-json\/wp\/v2\/pages\/154\/revisions"}],"predecessor-version":[{"id":1478,"href":"https:\/\/rotary.fi\/sodankyla\/wp-json\/wp\/v2\/pages\/154\/revisions\/1478"}],"up":[{"embeddable":true,"href":"https:\/\/rotary.fi\/sodankyla\/wp-json\/wp\/v2\/pages\/77"}],"wp:attachment":[{"href":"https:\/\/rotary.fi\/sodankyla\/wp-json\/wp\/v2\/media?parent=154"}],"curies":[{"name":"wp","href":"https:\/\/api.w.org\/{rel}","templated":true}]}}