{"id":142,"date":"2018-08-10T14:04:45","date_gmt":"2018-08-10T11:04:45","guid":{"rendered":"https:\/\/rotary.fi\/klubi2\/?page_id=142"},"modified":"2019-03-06T11:22:50","modified_gmt":"2019-03-06T09:22:50","slug":"ilo-esitella","status":"publish","type":"page","link":"https:\/\/rotary.fi\/sodankyla\/keita-olemme\/ilo-esitella\/","title":{"rendered":"Ilo esitell\u00e4"},"content":{"rendered":"<p>[et_pb_section bb_built=&#8221;1&#8243; module_class=&#8221;jumbotron-page&#8221; _builder_version=&#8221;3.17.2&#8243; background_image=&#8221;https:\/\/rotary.fi\/sodankyla\/wp-content\/uploads\/sites\/27\/2018\/10\/rotary_klubit_alasivu_paakuva_14.jpg&#8221; next_background_color=&#8221;#ffffff&#8221;][et_pb_row _builder_version=&#8221;3.0.48&#8243; background_size=&#8221;initial&#8221; background_position=&#8221;top_left&#8221; background_repeat=&#8221;repeat&#8221;][et_pb_column type=&#8221;4_4&#8243;][et_pb_text admin_label=&#8221;P\u00e4\u00e4otsikko&#8221; _builder_version=&#8221;3.17&#8243; text_orientation=&#8221;center&#8221; background_layout=&#8221;dark&#8221;]<\/p>\n<h1>Ilo esitell\u00e4<\/h1>\n<p>[\/et_pb_text][\/et_pb_column][\/et_pb_row][\/et_pb_section][et_pb_section bb_built=&#8221;1&#8243; specialty=&#8221;on&#8221; module_class_2=&#8221;sivupalkki&#8221; _builder_version=&#8221;3.4.1&#8243; prev_background_color=&#8221;#000000&#8243;][et_pb_column type=&#8221;2_3&#8243; specialty_columns=&#8221;2&#8243;][et_pb_row_inner admin_label=&#8221;Rivi&#8221; _builder_version=&#8221;3.0.47&#8243;][et_pb_column_inner type=&#8221;4_4&#8243; saved_specialty_column_type=&#8221;2_3&#8243;][et_pb_text admin_label=&#8221;Ilo esitell\u00e4 &#8211; Otsikko&#8221; _builder_version=&#8221;3.17&#8243; text_orientation=&#8221;center&#8221;]<\/p>\n<h1>Ilo esitell\u00e4<\/h1>\n<p>[\/et_pb_text][et_pb_text _builder_version=&#8221;3.19.5&#8243;]<\/p>\n<p>\u00a0<\/p>\n<h1>Miksi olen Rotari?<\/h1>\n<h4>\u00a0<\/h4>\n<h4>Anna Maria J\u00e4\u00e4skel\u00e4inen -Rotaryklubin rahastonhoitaja, el\u00e4kkeell\u00e4 oleva rehtori\/koulutusjohtaja<\/h4>\n<p>Olen aina tehnyt hyv\u00e4ntekev\u00e4isyysty\u00f6t\u00e4, maksan SPR:lle ja Unicefille kuukausimaksua, avustan Kirkon ulkomaanapua ja Pelastakaa Lapset ry:t\u00e4. Kun rotary Marja-Leena Magga pyysi minua mukaan Rotareihin syksyll\u00e4 2011 j\u00e4\u00e4ty\u00e4ni el\u00e4kkeelle Ammattiopisto Lappiasta ajattelin, ett\u00e4 se on lis\u00e4mahdollisuus tehd\u00e4 jotakin nuorison ja lasten hyv\u00e4ksi niin kotipaikkakunnalla kuin ulkomaillakin.<\/p>\n<p>Olemme keskittyneet avustamaan Sodankyl\u00e4n nuorisoj\u00e4rjest\u00f6j\u00e4, opiskelijoita ja koululaisia erilaisin tavoin. Merkillepantavaa Rotarytoiminnassa on my\u00f6s se, ett\u00e4 pysyy ajan tasalla. Meill\u00e4 on eritt\u00e4in mielenkiintoisia esitelmi\u00e4 eri ammattilaisten kertomina. Itse olen my\u00f6s valottanut esitelmiss\u00e4ni ammatillisen koulutuksen eri puolia, kertonut ammatillisen koulutuksen historiasta Sodankyl\u00e4ss\u00e4 ja Lapissa, ammatillisen koulutuksen tulevaisuudenn\u00e4k\u00f6aloista, koulutuksen tuloksellisuusrahoituksesta, kulttuurikilpailuista ja Taitajakisoista.<\/p>\n<h4><strong>Pertti Sukuvaara &#8211; klubipresidentti 2018-2019, takaisin kotiseudulle tutustumaan paikallisiin ihmisiin. <\/strong><\/h4>\n<p>Lukion j\u00e4lkeen pois paikkakunnalta armeijaan ja sitten opiskelemaan.<\/p>\n<p>Vuonna -77 valmistuin insin\u00f6\u00f6riksi koneensuunnittelun alalta Helsingiss\u00e4. Kivikyl\u00e4st\u00e4 en ty\u00f6paikkaa halunnut, sill\u00e4 harrastukset: luonto, vaeltaminen ja kalastus sek\u00e4 ihmiset vetiv\u00e4t takaisin pohjoiseen. Ensin tosin vain Riihim\u00e4elle, sielt\u00e4 sitten Kauhajoelle viideksi vuodeksi ja viimein syksyll\u00e4 -84 kotiseudulle Sodankyl\u00e4\u00e4n.<\/p>\n<p>15 vuotta olin ollut jo poissa kotiseudulta. Koulukaverit ja muut tutut olivat kadonneet. Itse kukin ty\u00f6n per\u00e4ss\u00e4 etel\u00e4\u00e4n taikka Ruotsiin. Pari kolme vuotta tein ty\u00f6t\u00e4 lihanjalostustehtaalla. Kes\u00e4ll\u00e4 -87 p\u00e4\u00e4tin perustaa oman suunnittelutoimiston yhden miehen yrityksen\u00e4, vaikka tiesin, ett\u00e4 asiakkaani tulisivat olemaan p\u00e4\u00e4osin etel\u00e4ss\u00e4. Se tiet\u00e4isi paljon yksin\u00e4ist\u00e4 ty\u00f6t\u00e4, matkustelua ja vain ammatillisia ihmissuhteita.<\/p>\n<p>P\u00e4iv\u00e4n\u00e4 muutamana poikkesin ostamassa pari kuksaa liikelahjoiksi P\u00f6yli\u00f6n Maurilta h\u00e4nen kuksapajastaan. Mauri tunsi ja kyseli, mit\u00e4 meinasin alkaa puuhaamaan. Kerroin suunnitelmistani ja koulutuksestani. Jossain vaiheessa Mauri kuitenkin kys\u00e4isi, kiinnostaisiko minua rotarytoiminta.<\/p>\n<p>Rotarytoiminta \u2013 \u201djoku herrakerho\u201d. Min\u00e4k\u00f6 l\u00e4htisin istumaan kokouksiin ravintolaan puku p\u00e4\u00e4ll\u00e4 ja kuuntelemaan jotain politiikkaa taikka viiniarvosteluja tai mets\u00e4stysseurajuttuja. Ei taida minulla olla siihen edellytyksi\u00e4 ja tuskin kiinnostustakaan, ajattelin. Kohteliaisuudesta kyselin kuitenkin mit\u00e4 siell\u00e4 tehd\u00e4\u00e4n ja mink\u00e4lainen harrastus se olisi. Ja Mauri kertoi.<\/p>\n<p>&#8211; Se on maailmanlaajuinen palveluj\u00e4rjest\u00f6. Siihen kutsutaan henkil\u00f6it\u00e4, jotka edustavat kukin omaa ammattialaansa ja sen alan tiet\u00e4myst\u00e4. Klubi kokoontuu kerran viikossa pariksi tunniksi. (Nykyisin 2 kertaa kuussa.) Kokouksen ohjelma on vakio. Kokous aloitetaan lyhyell\u00e4 ruokailulla ja sen j\u00e4lkeen k\u00e4sitell\u00e4\u00e4n klubin yleisi\u00e4 asioita. Sitten joku j\u00e4senist\u00e4 pit\u00e4\u00e4 vuorollaan omasta ammattialastaan tai harrastuksestaan ajankohtaisen alustuksen, jossa kertoo sen alan viimeist\u00e4 kehityst\u00e4. T\u00e4m\u00e4n j\u00e4lkeen voidaan viel\u00e4 keskustella samasta aiheesta ja kysell\u00e4 lis\u00e4tietoja.<\/p>\n<p>Klubissa v\u00e4ltet\u00e4\u00e4n politiikasta ja uskonnosta puhumista, sill\u00e4 klubin periaatteiden mukaan palvelemme toisiamme ammatillisesti ja annamme kaikkien pit\u00e4\u00e4 omat vakaumuksensa. Kokous on ohi puolessatoista tai kahdessa tunnissa. Tosin kun aiheet ovat mielenkiintoisia ja alustus hyv\u00e4, niin osa j\u00e4senist\u00e4 saattaa j\u00e4\u00e4d\u00e4 pitemm\u00e4ksikin aikaa keskustelemaan aiheesta. Mauri kertoi lis\u00e4ksi, ett\u00e4 klubiin kutsuja toimisi uuden j\u00e4senen kummina ja opastaisi aluksi klubin toiminnoissa. Samoin h\u00e4n kertoi, ett\u00e4 kun rotaryj\u00e4rjest\u00f6 on maailmanlaajuinen, niin jokainen j\u00e4sen on tervetullut mink\u00e4 tahansa muun klubin kokoukseen miss\u00e4 p\u00e4in maailmaa tahansa.<\/p>\n<p>Lupasin mietti\u00e4 asiaa. Keskustelin asiasta vaimonikin kanssa. \u201dJaa, ett\u00e4 sinuako on kutsuttu oikein \u201dmunamarttoihin\u201d j\u00e4seneksi. Ja mit\u00e4 sin\u00e4 siell\u00e4 teet. Ja mit\u00e4 se sinulle antaa.\u201d<\/p>\n<p>No n\u00e4it\u00e4 min\u00e4kin mietin. Oppisihan siin\u00e4 tuntemaan useita uusia ihmisi\u00e4, saisi uusia yst\u00e4vi\u00e4. Oppisi tuntemaan uusia ammatteja, ajankohtaisia tietoja erilaisista asioista. Saisi ehk\u00e4 sit\u00e4 kautta uusia asiakkaita, uusia kontakteja ty\u00f6el\u00e4m\u00e4\u00e4 varten. Olisi mahdollista oppia tuntemaan saman alan ihmisi\u00e4 eri puolilta maata. Ja muista klubeista l\u00f6ytyisi taas uusia tuttavuuksia, asiakkaita ja tietoja. Eik\u00e4 se vaatisi kuin puolitoista tuntia viikossa. Ja sekin s\u00e4\u00e4nn\u00f6llisesti aina samaan aikaan. Olisi helppo muistaa. Ehk\u00e4 t\u00e4m\u00e4 sopisi minulle.<\/p>\n<p>Tuli sitten luvattua. Ja Mauri lupasi soittaa minut matkaan, kun seuraava kokous olisi vuorossa. Niinp\u00e4 menin ja kokous oli juuri sit\u00e4 mit\u00e4 h\u00e4n oli kuvaillut. Ei se ollut t\u00e4rkeily\u00e4, ei pikkutakkia ja kravattia muilla kuin vanhemmilla herrasmiehill\u00e4, joilla se kuului normaaliin ty\u00f6asuun. Itse tilaisuus oli rento. Ensin oli lyhyt ruokailu ja vapaata keskustelua, ruoan j\u00e4lkeen lyhyet kokousasiat ja sitten yhden j\u00e4senen alustus omalta toimialueeltaan ja sen j\u00e4lkeen hyvinkin vilkas ja vapaamuotoinen keskustelu.<\/p>\n<p>Seuraavalla viikolla kokous j\u00e4i k\u00e4ym\u00e4tt\u00e4 pelk\u00e4st\u00e4\u00e4n saamattomuuden vuoksi. Taas Mauri soitti ja muistutti. Niinp\u00e4 menin ja nautin kokouksesta. N\u00e4in meni syksy. Uutena j\u00e4senen\u00e4 sain aloittaa toisena klubimestarina virkailijakierron. No se ei varsinaisesti vaatinut juuri mit\u00e4\u00e4n, mutta viirikaapin sain aikaiseksi klubiin. Tuo homma sitoi aloittavan rotarin hyvin klubiin. Kokouksista tuli mukava tapa ja tarvittaessa vaimokin piti huolta, etten unohda kokousta. Miten k\u00e4vi matkatessa? Jouduin reissaamaan aika monena viikkona eri puolilla Suomea. Paikkaaminen eri klubeissa oli ensimm\u00e4isen paikon j\u00e4lkeen selvi\u00f6. Oli tosiaan antoisaa vierailla ty\u00f6skentelypaikkakuntien klubeissa ja kuunnella siell\u00e4 vastaavia alustuksia hyvinkin erilaisista ammattialoista ja samalla saada muutama uusi tuttu ja lyhyesti esitell\u00e4 itsens\u00e4 ja ty\u00f6ns\u00e4.<\/p>\n<p>Nyt kun itsell\u00e4 on jo yli 30 rotaryvuotta t\u00e4ynn\u00e4, voin todeta, ett\u00e4 rotarius on antanut paitsi eritt\u00e4in paljon tietoa eri ammattialoista my\u00f6s useita tosi yst\u00e4vi\u00e4. Rotariuden kautta olen saanut olla mukana useissa erilaisissa projekteissa niin paikallisesti kuin maailmanlaajuisestikin, joissa on saatu aikaan merkitt\u00e4vi\u00e4 hyvi\u00e4 tuloksia. Yhten\u00e4 suurimmista esimerkeist\u00e4 lienee Polio Plus kampanja, jota rotarit ymp\u00e4ri maailman ovat vet\u00e4neet ja tukeneet tavoitteena saada polio h\u00e4vitetty\u00e4 koko maailmasta. Ja nyt tuo tavoite on jo eritt\u00e4in l\u00e4hell\u00e4 toteutumistaan.<\/p>\n<p>Rotary on palveluj\u00e4rjest\u00f6, jossa yrit\u00e4mme palvella toisiamme ja yhteiskuntaa, miss\u00e4 el\u00e4mme. Annamme itselt\u00e4mme pienen hetken joka viikko, mutta saamme itsellemme kaiken aikaa hyvi\u00e4 asioita tiedon, yst\u00e4vien, kansainv\u00e4lisyyden ja erilaisten hankkeiden kautta. Ep\u00e4ilin aluksi, kuinka aikani siihen riitt\u00e4\u00e4, mutta juuri rotariuden kautta olen saanut aikaa yst\u00e4ville ja erilaisille muille asioille, joista olen nyt hyvin tyytyv\u00e4inen. Kiitokset t\u00e4st\u00e4 rotarikummilleni Maurille.<\/p>\n<p>\u00a0<\/p>\n<p>\u00a0<\/p>\n<p>\u00a0<\/p>\n<p>[\/et_pb_text][\/et_pb_column_inner][\/et_pb_row_inner][\/et_pb_column][et_pb_column type=&#8221;1_3&#8243;][et_pb_sidebar area=&#8221;sidebar-1&#8243; module_class=&#8221;sivupalkki_sisalto&#8221; _builder_version=&#8221;3.4.1&#8243; locked=&#8221;on&#8221;]<\/p>\n<p>[\/et_pb_sidebar][\/et_pb_column][\/et_pb_section]<\/p>\n","protected":false},"excerpt":{"rendered":"<p>Ilo esitell\u00e4 Ilo esitell\u00e4 \u00a0Miksi olen Rotari?\u00a0Anna Maria J\u00e4\u00e4skel\u00e4inen -Rotaryklubin rahastonhoitaja, el\u00e4kkeell\u00e4 oleva rehtori\/koulutusjohtajaOlen aina tehnyt hyv\u00e4ntekev\u00e4isyysty\u00f6t\u00e4, maksan SPR:lle ja Unicefille kuukausimaksua, avustan Kirkon ulkomaanapua ja Pelastakaa Lapset ry:t\u00e4. Kun rotary Marja-Leena Magga pyysi minua mukaan Rotareihin syksyll\u00e4 2011 j\u00e4\u00e4ty\u00e4ni el\u00e4kkeelle Ammattiopisto Lappiasta ajattelin, ett\u00e4 se on lis\u00e4mahdollisuus tehd\u00e4 jotakin nuorison ja lasten hyv\u00e4ksi niin [&hellip;]<\/p>\n","protected":false},"author":1,"featured_media":0,"parent":129,"menu_order":0,"comment_status":"closed","ping_status":"closed","template":"","meta":{"_acf_changed":false,"_et_pb_use_builder":"on","_et_pb_old_content":"","_et_gb_content_width":"","footnotes":""},"class_list":["post-142","page","type-page","status-publish","hentry"],"acf":[],"yoast_head":"<!-- This site is optimized with the Yoast SEO plugin v27.0 - https:\/\/yoast.com\/product\/yoast-seo-wordpress\/ -->\n<title>Ilo esitell\u00e4 - Sodankyl\u00e4n Rotaryklubi<\/title>\n<meta name=\"robots\" content=\"index, follow, max-snippet:-1, max-image-preview:large, max-video-preview:-1\" \/>\n<link rel=\"canonical\" href=\"https:\/\/rotary.fi\/sodankyla\/keita-olemme\/ilo-esitella\/\" \/>\n<meta property=\"og:locale\" content=\"fi_FI\" \/>\n<meta property=\"og:type\" content=\"article\" \/>\n<meta property=\"og:title\" content=\"Ilo esitell\u00e4 - Sodankyl\u00e4n Rotaryklubi\" \/>\n<meta property=\"og:description\" content=\"Ilo esitell\u00e4 Ilo esitell\u00e4 \u00a0Miksi olen Rotari?\u00a0Anna Maria J\u00e4\u00e4skel\u00e4inen -Rotaryklubin rahastonhoitaja, el\u00e4kkeell\u00e4 oleva rehtori\/koulutusjohtajaOlen aina tehnyt hyv\u00e4ntekev\u00e4isyysty\u00f6t\u00e4, maksan SPR:lle ja Unicefille kuukausimaksua, avustan Kirkon ulkomaanapua ja Pelastakaa Lapset ry:t\u00e4. Kun rotary Marja-Leena Magga pyysi minua mukaan Rotareihin syksyll\u00e4 2011 j\u00e4\u00e4ty\u00e4ni el\u00e4kkeelle Ammattiopisto Lappiasta ajattelin, ett\u00e4 se on lis\u00e4mahdollisuus tehd\u00e4 jotakin nuorison ja lasten hyv\u00e4ksi niin [&hellip;]\" \/>\n<meta property=\"og:url\" content=\"https:\/\/rotary.fi\/sodankyla\/keita-olemme\/ilo-esitella\/\" \/>\n<meta property=\"og:site_name\" content=\"Sodankyl\u00e4n Rotaryklubi\" \/>\n<meta property=\"article:modified_time\" content=\"2019-03-06T09:22:50+00:00\" \/>\n<meta name=\"twitter:card\" content=\"summary_large_image\" \/>\n<meta name=\"twitter:label1\" content=\"Arvioitu lukuaika\" \/>\n\t<meta name=\"twitter:data1\" content=\"6 minuuttia\" \/>\n<script type=\"application\/ld+json\" class=\"yoast-schema-graph\">{\"@context\":\"https:\/\/schema.org\",\"@graph\":[{\"@type\":\"WebPage\",\"@id\":\"https:\/\/rotary.fi\/sodankyla\/keita-olemme\/ilo-esitella\/\",\"url\":\"https:\/\/rotary.fi\/sodankyla\/keita-olemme\/ilo-esitella\/\",\"name\":\"Ilo esitell\u00e4 - Sodankyl\u00e4n Rotaryklubi\",\"isPartOf\":{\"@id\":\"https:\/\/rotary.fi\/sodankyla\/#website\"},\"datePublished\":\"2018-08-10T11:04:45+00:00\",\"dateModified\":\"2019-03-06T09:22:50+00:00\",\"breadcrumb\":{\"@id\":\"https:\/\/rotary.fi\/sodankyla\/keita-olemme\/ilo-esitella\/#breadcrumb\"},\"inLanguage\":\"fi\",\"potentialAction\":[{\"@type\":\"ReadAction\",\"target\":[\"https:\/\/rotary.fi\/sodankyla\/keita-olemme\/ilo-esitella\/\"]}]},{\"@type\":\"BreadcrumbList\",\"@id\":\"https:\/\/rotary.fi\/sodankyla\/keita-olemme\/ilo-esitella\/#breadcrumb\",\"itemListElement\":[{\"@type\":\"ListItem\",\"position\":1,\"name\":\"Home\",\"item\":\"https:\/\/rotary.fi\/sodankyla\/\"},{\"@type\":\"ListItem\",\"position\":2,\"name\":\"Keit\u00e4 olemme\",\"item\":\"https:\/\/rotary.fi\/sodankyla\/keita-olemme\/\"},{\"@type\":\"ListItem\",\"position\":3,\"name\":\"Ilo esitell\u00e4\"}]},{\"@type\":\"WebSite\",\"@id\":\"https:\/\/rotary.fi\/sodankyla\/#website\",\"url\":\"https:\/\/rotary.fi\/sodankyla\/\",\"name\":\"Sodankyl\u00e4n Rotaryklubi\",\"description\":\"Uusi Rotary klubisivusto\",\"potentialAction\":[{\"@type\":\"SearchAction\",\"target\":{\"@type\":\"EntryPoint\",\"urlTemplate\":\"https:\/\/rotary.fi\/sodankyla\/?s={search_term_string}\"},\"query-input\":{\"@type\":\"PropertyValueSpecification\",\"valueRequired\":true,\"valueName\":\"search_term_string\"}}],\"inLanguage\":\"fi\"}]}<\/script>\n<!-- \/ Yoast SEO plugin. -->","yoast_head_json":{"title":"Ilo esitell\u00e4 - Sodankyl\u00e4n Rotaryklubi","robots":{"index":"index","follow":"follow","max-snippet":"max-snippet:-1","max-image-preview":"max-image-preview:large","max-video-preview":"max-video-preview:-1"},"canonical":"https:\/\/rotary.fi\/sodankyla\/keita-olemme\/ilo-esitella\/","og_locale":"fi_FI","og_type":"article","og_title":"Ilo esitell\u00e4 - Sodankyl\u00e4n Rotaryklubi","og_description":"Ilo esitell\u00e4 Ilo esitell\u00e4 \u00a0Miksi olen Rotari?\u00a0Anna Maria J\u00e4\u00e4skel\u00e4inen -Rotaryklubin rahastonhoitaja, el\u00e4kkeell\u00e4 oleva rehtori\/koulutusjohtajaOlen aina tehnyt hyv\u00e4ntekev\u00e4isyysty\u00f6t\u00e4, maksan SPR:lle ja Unicefille kuukausimaksua, avustan Kirkon ulkomaanapua ja Pelastakaa Lapset ry:t\u00e4. Kun rotary Marja-Leena Magga pyysi minua mukaan Rotareihin syksyll\u00e4 2011 j\u00e4\u00e4ty\u00e4ni el\u00e4kkeelle Ammattiopisto Lappiasta ajattelin, ett\u00e4 se on lis\u00e4mahdollisuus tehd\u00e4 jotakin nuorison ja lasten hyv\u00e4ksi niin [&hellip;]","og_url":"https:\/\/rotary.fi\/sodankyla\/keita-olemme\/ilo-esitella\/","og_site_name":"Sodankyl\u00e4n Rotaryklubi","article_modified_time":"2019-03-06T09:22:50+00:00","twitter_card":"summary_large_image","twitter_misc":{"Arvioitu lukuaika":"6 minuuttia"},"schema":{"@context":"https:\/\/schema.org","@graph":[{"@type":"WebPage","@id":"https:\/\/rotary.fi\/sodankyla\/keita-olemme\/ilo-esitella\/","url":"https:\/\/rotary.fi\/sodankyla\/keita-olemme\/ilo-esitella\/","name":"Ilo esitell\u00e4 - Sodankyl\u00e4n Rotaryklubi","isPartOf":{"@id":"https:\/\/rotary.fi\/sodankyla\/#website"},"datePublished":"2018-08-10T11:04:45+00:00","dateModified":"2019-03-06T09:22:50+00:00","breadcrumb":{"@id":"https:\/\/rotary.fi\/sodankyla\/keita-olemme\/ilo-esitella\/#breadcrumb"},"inLanguage":"fi","potentialAction":[{"@type":"ReadAction","target":["https:\/\/rotary.fi\/sodankyla\/keita-olemme\/ilo-esitella\/"]}]},{"@type":"BreadcrumbList","@id":"https:\/\/rotary.fi\/sodankyla\/keita-olemme\/ilo-esitella\/#breadcrumb","itemListElement":[{"@type":"ListItem","position":1,"name":"Home","item":"https:\/\/rotary.fi\/sodankyla\/"},{"@type":"ListItem","position":2,"name":"Keit\u00e4 olemme","item":"https:\/\/rotary.fi\/sodankyla\/keita-olemme\/"},{"@type":"ListItem","position":3,"name":"Ilo esitell\u00e4"}]},{"@type":"WebSite","@id":"https:\/\/rotary.fi\/sodankyla\/#website","url":"https:\/\/rotary.fi\/sodankyla\/","name":"Sodankyl\u00e4n Rotaryklubi","description":"Uusi Rotary klubisivusto","potentialAction":[{"@type":"SearchAction","target":{"@type":"EntryPoint","urlTemplate":"https:\/\/rotary.fi\/sodankyla\/?s={search_term_string}"},"query-input":{"@type":"PropertyValueSpecification","valueRequired":true,"valueName":"search_term_string"}}],"inLanguage":"fi"}]}},"lang":"fi","translations":{"fi":142},"pll_sync_post":[],"_links":{"self":[{"href":"https:\/\/rotary.fi\/sodankyla\/wp-json\/wp\/v2\/pages\/142","targetHints":{"allow":["GET"]}}],"collection":[{"href":"https:\/\/rotary.fi\/sodankyla\/wp-json\/wp\/v2\/pages"}],"about":[{"href":"https:\/\/rotary.fi\/sodankyla\/wp-json\/wp\/v2\/types\/page"}],"author":[{"embeddable":true,"href":"https:\/\/rotary.fi\/sodankyla\/wp-json\/wp\/v2\/users\/1"}],"replies":[{"embeddable":true,"href":"https:\/\/rotary.fi\/sodankyla\/wp-json\/wp\/v2\/comments?post=142"}],"version-history":[{"count":14,"href":"https:\/\/rotary.fi\/sodankyla\/wp-json\/wp\/v2\/pages\/142\/revisions"}],"predecessor-version":[{"id":1503,"href":"https:\/\/rotary.fi\/sodankyla\/wp-json\/wp\/v2\/pages\/142\/revisions\/1503"}],"up":[{"embeddable":true,"href":"https:\/\/rotary.fi\/sodankyla\/wp-json\/wp\/v2\/pages\/129"}],"wp:attachment":[{"href":"https:\/\/rotary.fi\/sodankyla\/wp-json\/wp\/v2\/media?parent=142"}],"curies":[{"name":"wp","href":"https:\/\/api.w.org\/{rel}","templated":true}]}}