{"id":129,"date":"2018-08-10T13:41:39","date_gmt":"2018-08-10T10:41:39","guid":{"rendered":"https:\/\/rotary.fi\/klubi2\/?page_id=129"},"modified":"2024-07-02T09:08:35","modified_gmt":"2024-07-02T06:08:35","slug":"keita-olemme","status":"publish","type":"page","link":"https:\/\/rotary.fi\/seinajoki\/keita-olemme\/","title":{"rendered":"Keit\u00e4 olemme"},"content":{"rendered":"<p>[et_pb_section fb_built=&#8221;1&#8243; module_class=&#8221;jumbotron-page&#8221; _builder_version=&#8221;4.16&#8243; background_image=&#8221;https:\/\/rotary.fi\/seinajoki\/wp-content\/uploads\/sites\/257\/2018\/10\/rotary_klubit_alasivu_paakuva_12.jpg&#8221; global_colors_info=&#8221;{}&#8221;][et_pb_row _builder_version=&#8221;4.16&#8243; background_size=&#8221;initial&#8221; background_position=&#8221;top_left&#8221; background_repeat=&#8221;repeat&#8221; global_colors_info=&#8221;{}&#8221;][et_pb_column type=&#8221;4_4&#8243; _builder_version=&#8221;4.16&#8243; custom_padding=&#8221;|||&#8221; global_colors_info=&#8221;{}&#8221; custom_padding__hover=&#8221;|||&#8221;][et_pb_text admin_label=&#8221;P\u00e4\u00e4otsikko&#8221; _builder_version=&#8221;4.16&#8243; text_orientation=&#8221;center&#8221; background_layout=&#8221;dark&#8221; global_colors_info=&#8221;{}&#8221;]<\/p>\n<h1>Keit\u00e4 olemme<\/h1>\n<p>[\/et_pb_text][\/et_pb_column][\/et_pb_row][\/et_pb_section][et_pb_section fb_built=&#8221;1&#8243; specialty=&#8221;on&#8221; module_class_2=&#8221;sivupalkki&#8221; _builder_version=&#8221;4.16&#8243; global_colors_info=&#8221;{}&#8221;][et_pb_column type=&#8221;2_3&#8243; specialty_columns=&#8221;2&#8243; _builder_version=&#8221;4.16&#8243; custom_padding=&#8221;|||&#8221; global_colors_info=&#8221;{}&#8221; custom_padding__hover=&#8221;|||&#8221;][et_pb_row_inner admin_label=&#8221;Rivi&#8221; _builder_version=&#8221;4.16&#8243; global_colors_info=&#8221;{}&#8221;][et_pb_column_inner saved_specialty_column_type=&#8221;2_3&#8243; _builder_version=&#8221;4.16&#8243; custom_padding=&#8221;|||&#8221; global_colors_info=&#8221;{}&#8221; custom_padding__hover=&#8221;|||&#8221;][et_pb_text admin_label=&#8221;Otsikko&#8221; _builder_version=&#8221;4.16&#8243; text_orientation=&#8221;center&#8221; global_colors_info=&#8221;{}&#8221;]<\/p>\n<h1>Keit\u00e4 olemme<\/h1>\n<p>[\/et_pb_text][et_pb_text _builder_version=&#8221;4.16&#8243; global_colors_info=&#8221;{}&#8221;]<\/p>\n<p>Sein\u00e4joen Rotaryklubi muodostettiin 1.7.2024 yhdist\u00e4m\u00e4ll\u00e4 Lakeuden ja T\u00f6rn\u00e4v\u00e4n Rotaryklubit.\u00a0 Kuulumme Suomen suurimpaan, noin puolet Suomesta kattavaan piiriin nro 1385. Kattoj\u00e4rjest\u00f6mme on kansainv\u00e4linen Rotary International.<br \/>Vaikka olemme perinteik\u00e4s j\u00e4rjest\u00f6, emme kuitenkaan ole j\u00e4\u00e4neet kiinni menneisyyteen. Uudistamme toimintaamme; uudistumme ja pysymme ajassa mukana. Toimintamme on suunniteltu vastaamaan paikallisiin ja kansainv\u00e4lisiin tarpeisiin. Olemme mukana monessa.<\/p>\n<p>&nbsp;<\/p>\n<h4>Harrastus, jolla on tarkoitus<\/h4>\n<p>Edist\u00e4mme paikallisesti yritysten ja yksil\u00f6iden hyvinvointia erilaisilla projekteilla. Nuorisoon liittyv\u00e4 puhetaitokilpailumme on vuosittainen kilpailumme, jossa meill\u00e4 on yhteisty\u00f6kumppaneina Etel\u00e4-Pohjanmaan liiton lis\u00e4ksi yrityksi\u00e4, ammattilaisia ja opettajia.<\/p>\n<p>L\u00e4het\u00e4mme vaihto-oppilaita maailmalle ja otamme heit\u00e4 vastaan.<\/p>\n<p>Aktivoimme perheit\u00e4, lapsia ja opiskelijoita mukavilla tempauksilla, my\u00f6s esiin t\u00e4rkeit\u00e4 sosiaalisia kehitt\u00e4mistarpeita.<\/p>\n<p>Pid\u00e4mme arvossa kansainv\u00e4lisen Rotary Internationalin ponnisteluja ja j\u00e4rjest\u00f6n arvokasta ty\u00f6t\u00e4 muun muassa polion h\u00e4vitt\u00e4miseksi maapallolta. Pelk\u00e4st\u00e4\u00e4n t\u00e4h\u00e4n ty\u00f6h\u00f6n Rotary on suunnannut runsaasti vapaaehtoisvoimaa sek\u00e4 yli 1,2 miljardia US-dollaria.<\/p>\n<p>P\u00e4\u00e4set toimintamme kautta vaikuttamaan sek\u00e4 paikallisesti, ett\u00e4 kansainv\u00e4lisesti. Saat yst\u00e4vi\u00e4 ja liiketuttavia ymp\u00e4ri maailmaa.<\/p>\n<p>Tule mukaan toimintaamme. Tuo mukanasi yst\u00e4vi\u00e4si.<\/p>\n<p>Tehd\u00e4\u00e4n hyv\u00e4\u00e4 rennolla otteella ja viihdyt\u00e4\u00e4n yhdess\u00e4.<\/p>\n<p>&nbsp;<\/p>\n<h4>Vaikuttava kansainv\u00e4linen verkosto<\/h4>\n<p>Rotary on Chicagossa 23.2.1905 perustettu kansainv\u00e4linen palvelu- ja hyv\u00e4ntekev\u00e4isyysorganisaatio. Rotary Internationalin kotipaikka on Evanston, USA:n osavaltiossa Illinoisissa. Tunnuslauseemme on Palvelu itsekkyyden edelle (Service Above Self).<\/p>\n<p>Rotaryyn kuuluu 1,2 miljoona j\u00e4sent\u00e4 35 000 klubissa yli 200 maassa. Rotary on merkitt\u00e4v\u00e4 kansainv\u00e4linen palvelu- ja hyv\u00e4ntekev\u00e4isyysj\u00e4rjest\u00f6. Suomi on jaettu kuuteen rotarypiiriin, joista yhteen kuuluvat my\u00f6s Viron klubit. Suomessa ja Virossa on yhteens\u00e4 300 klubia, joissa runsaat 10\u00a0000 rotaria.<\/p>\n<p>[\/et_pb_text][\/et_pb_column_inner][\/et_pb_row_inner][\/et_pb_column][et_pb_column type=&#8221;1_3&#8243; _builder_version=&#8221;4.16&#8243; custom_padding=&#8221;|||&#8221; global_colors_info=&#8221;{}&#8221; custom_padding__hover=&#8221;|||&#8221;][et_pb_sidebar area=&#8221;sidebar-1&#8243; module_class=&#8221;sivupalkki_sisalto&#8221; _builder_version=&#8221;4.16&#8243; locked=&#8221;on&#8221; global_colors_info=&#8221;{}&#8221;]<\/p>\n<p>[\/et_pb_sidebar][\/et_pb_column][\/et_pb_section]<\/p>\n","protected":false},"excerpt":{"rendered":"<p>Keit\u00e4 olemme Keit\u00e4 olemme Sein\u00e4joen Rotaryklubi muodostettiin 1.7.2024 yhdist\u00e4m\u00e4ll\u00e4 Lakeuden ja T\u00f6rn\u00e4v\u00e4n Rotaryklubit.\u00a0 Kuulumme Suomen suurimpaan, noin puolet Suomesta kattavaan piiriin nro 1385. Kattoj\u00e4rjest\u00f6mme on kansainv\u00e4linen Rotary International.Vaikka olemme perinteik\u00e4s j\u00e4rjest\u00f6, emme kuitenkaan ole j\u00e4\u00e4neet kiinni menneisyyteen. Uudistamme toimintaamme; uudistumme ja pysymme ajassa mukana. Toimintamme on suunniteltu vastaamaan paikallisiin ja kansainv\u00e4lisiin tarpeisiin. Olemme mukana monessa. [&hellip;]<\/p>\n","protected":false},"author":1,"featured_media":0,"parent":0,"menu_order":0,"comment_status":"closed","ping_status":"closed","template":"","meta":{"_acf_changed":false,"_et_pb_use_builder":"on","_et_pb_old_content":"","_et_gb_content_width":"","footnotes":""},"class_list":["post-129","page","type-page","status-publish","hentry"],"acf":[],"yoast_head":"<!-- This site is optimized with the Yoast SEO plugin v27.0 - https:\/\/yoast.com\/product\/yoast-seo-wordpress\/ -->\n<title>Keit\u00e4 olemme - Sein\u00e4joen Rotaryklubi<\/title>\n<meta name=\"robots\" content=\"index, follow, max-snippet:-1, max-image-preview:large, max-video-preview:-1\" \/>\n<link rel=\"canonical\" href=\"https:\/\/rotary.fi\/seinajoki\/keita-olemme\/\" \/>\n<meta property=\"og:locale\" content=\"fi_FI\" \/>\n<meta property=\"og:type\" content=\"article\" \/>\n<meta property=\"og:title\" content=\"Keit\u00e4 olemme - Sein\u00e4joen Rotaryklubi\" \/>\n<meta property=\"og:description\" content=\"Keit\u00e4 olemme Keit\u00e4 olemme Sein\u00e4joen Rotaryklubi muodostettiin 1.7.2024 yhdist\u00e4m\u00e4ll\u00e4 Lakeuden ja T\u00f6rn\u00e4v\u00e4n Rotaryklubit.\u00a0 Kuulumme Suomen suurimpaan, noin puolet Suomesta kattavaan piiriin nro 1385. Kattoj\u00e4rjest\u00f6mme on kansainv\u00e4linen Rotary International.Vaikka olemme perinteik\u00e4s j\u00e4rjest\u00f6, emme kuitenkaan ole j\u00e4\u00e4neet kiinni menneisyyteen. Uudistamme toimintaamme; uudistumme ja pysymme ajassa mukana. Toimintamme on suunniteltu vastaamaan paikallisiin ja kansainv\u00e4lisiin tarpeisiin. Olemme mukana monessa. [&hellip;]\" \/>\n<meta property=\"og:url\" content=\"https:\/\/rotary.fi\/seinajoki\/keita-olemme\/\" \/>\n<meta property=\"og:site_name\" content=\"Sein\u00e4joen Rotaryklubi\" \/>\n<meta property=\"article:modified_time\" content=\"2024-07-02T06:08:35+00:00\" \/>\n<meta name=\"twitter:card\" content=\"summary_large_image\" \/>\n<meta name=\"twitter:label1\" content=\"Arvioitu lukuaika\" \/>\n\t<meta name=\"twitter:data1\" content=\"3 minuuttia\" \/>\n<script type=\"application\/ld+json\" class=\"yoast-schema-graph\">{\"@context\":\"https:\/\/schema.org\",\"@graph\":[{\"@type\":\"WebPage\",\"@id\":\"https:\/\/rotary.fi\/seinajoki\/keita-olemme\/\",\"url\":\"https:\/\/rotary.fi\/seinajoki\/keita-olemme\/\",\"name\":\"Keit\u00e4 olemme - Sein\u00e4joen Rotaryklubi\",\"isPartOf\":{\"@id\":\"https:\/\/rotary.fi\/seinajoki\/#website\"},\"datePublished\":\"2018-08-10T10:41:39+00:00\",\"dateModified\":\"2024-07-02T06:08:35+00:00\",\"breadcrumb\":{\"@id\":\"https:\/\/rotary.fi\/seinajoki\/keita-olemme\/#breadcrumb\"},\"inLanguage\":\"fi\",\"potentialAction\":[{\"@type\":\"ReadAction\",\"target\":[\"https:\/\/rotary.fi\/seinajoki\/keita-olemme\/\"]}]},{\"@type\":\"BreadcrumbList\",\"@id\":\"https:\/\/rotary.fi\/seinajoki\/keita-olemme\/#breadcrumb\",\"itemListElement\":[{\"@type\":\"ListItem\",\"position\":1,\"name\":\"Home\",\"item\":\"https:\/\/rotary.fi\/seinajoki\/\"},{\"@type\":\"ListItem\",\"position\":2,\"name\":\"Keit\u00e4 olemme\"}]},{\"@type\":\"WebSite\",\"@id\":\"https:\/\/rotary.fi\/seinajoki\/#website\",\"url\":\"https:\/\/rotary.fi\/seinajoki\/\",\"name\":\"Sein\u00e4joen Rotaryklubi\",\"description\":\"Uusi Rotary klubisivusto\",\"publisher\":{\"@id\":\"https:\/\/rotary.fi\/seinajoki\/#organization\"},\"potentialAction\":[{\"@type\":\"SearchAction\",\"target\":{\"@type\":\"EntryPoint\",\"urlTemplate\":\"https:\/\/rotary.fi\/seinajoki\/?s={search_term_string}\"},\"query-input\":{\"@type\":\"PropertyValueSpecification\",\"valueRequired\":true,\"valueName\":\"search_term_string\"}}],\"inLanguage\":\"fi\"},{\"@type\":\"Organization\",\"@id\":\"https:\/\/rotary.fi\/seinajoki\/#organization\",\"name\":\"Sein\u00e4joen Rotaryklubi\",\"url\":\"https:\/\/rotary.fi\/seinajoki\/\",\"logo\":{\"@type\":\"ImageObject\",\"inLanguage\":\"fi\",\"@id\":\"https:\/\/rotary.fi\/seinajoki\/#\/schema\/logo\/image\/\",\"url\":\"https:\/\/rotary.fi\/seinajoki\/wp-content\/uploads\/sites\/257\/2018\/08\/rotary-logo-main-2.png\",\"contentUrl\":\"https:\/\/rotary.fi\/seinajoki\/wp-content\/uploads\/sites\/257\/2018\/08\/rotary-logo-main-2.png\",\"width\":135,\"height\":52,\"caption\":\"Sein\u00e4joen Rotaryklubi\"},\"image\":{\"@id\":\"https:\/\/rotary.fi\/seinajoki\/#\/schema\/logo\/image\/\"}}]}<\/script>\n<!-- \/ Yoast SEO plugin. -->","yoast_head_json":{"title":"Keit\u00e4 olemme - Sein\u00e4joen Rotaryklubi","robots":{"index":"index","follow":"follow","max-snippet":"max-snippet:-1","max-image-preview":"max-image-preview:large","max-video-preview":"max-video-preview:-1"},"canonical":"https:\/\/rotary.fi\/seinajoki\/keita-olemme\/","og_locale":"fi_FI","og_type":"article","og_title":"Keit\u00e4 olemme - Sein\u00e4joen Rotaryklubi","og_description":"Keit\u00e4 olemme Keit\u00e4 olemme Sein\u00e4joen Rotaryklubi muodostettiin 1.7.2024 yhdist\u00e4m\u00e4ll\u00e4 Lakeuden ja T\u00f6rn\u00e4v\u00e4n Rotaryklubit.\u00a0 Kuulumme Suomen suurimpaan, noin puolet Suomesta kattavaan piiriin nro 1385. Kattoj\u00e4rjest\u00f6mme on kansainv\u00e4linen Rotary International.Vaikka olemme perinteik\u00e4s j\u00e4rjest\u00f6, emme kuitenkaan ole j\u00e4\u00e4neet kiinni menneisyyteen. Uudistamme toimintaamme; uudistumme ja pysymme ajassa mukana. Toimintamme on suunniteltu vastaamaan paikallisiin ja kansainv\u00e4lisiin tarpeisiin. Olemme mukana monessa. [&hellip;]","og_url":"https:\/\/rotary.fi\/seinajoki\/keita-olemme\/","og_site_name":"Sein\u00e4joen Rotaryklubi","article_modified_time":"2024-07-02T06:08:35+00:00","twitter_card":"summary_large_image","twitter_misc":{"Arvioitu lukuaika":"3 minuuttia"},"schema":{"@context":"https:\/\/schema.org","@graph":[{"@type":"WebPage","@id":"https:\/\/rotary.fi\/seinajoki\/keita-olemme\/","url":"https:\/\/rotary.fi\/seinajoki\/keita-olemme\/","name":"Keit\u00e4 olemme - Sein\u00e4joen Rotaryklubi","isPartOf":{"@id":"https:\/\/rotary.fi\/seinajoki\/#website"},"datePublished":"2018-08-10T10:41:39+00:00","dateModified":"2024-07-02T06:08:35+00:00","breadcrumb":{"@id":"https:\/\/rotary.fi\/seinajoki\/keita-olemme\/#breadcrumb"},"inLanguage":"fi","potentialAction":[{"@type":"ReadAction","target":["https:\/\/rotary.fi\/seinajoki\/keita-olemme\/"]}]},{"@type":"BreadcrumbList","@id":"https:\/\/rotary.fi\/seinajoki\/keita-olemme\/#breadcrumb","itemListElement":[{"@type":"ListItem","position":1,"name":"Home","item":"https:\/\/rotary.fi\/seinajoki\/"},{"@type":"ListItem","position":2,"name":"Keit\u00e4 olemme"}]},{"@type":"WebSite","@id":"https:\/\/rotary.fi\/seinajoki\/#website","url":"https:\/\/rotary.fi\/seinajoki\/","name":"Sein\u00e4joen Rotaryklubi","description":"Uusi Rotary klubisivusto","publisher":{"@id":"https:\/\/rotary.fi\/seinajoki\/#organization"},"potentialAction":[{"@type":"SearchAction","target":{"@type":"EntryPoint","urlTemplate":"https:\/\/rotary.fi\/seinajoki\/?s={search_term_string}"},"query-input":{"@type":"PropertyValueSpecification","valueRequired":true,"valueName":"search_term_string"}}],"inLanguage":"fi"},{"@type":"Organization","@id":"https:\/\/rotary.fi\/seinajoki\/#organization","name":"Sein\u00e4joen Rotaryklubi","url":"https:\/\/rotary.fi\/seinajoki\/","logo":{"@type":"ImageObject","inLanguage":"fi","@id":"https:\/\/rotary.fi\/seinajoki\/#\/schema\/logo\/image\/","url":"https:\/\/rotary.fi\/seinajoki\/wp-content\/uploads\/sites\/257\/2018\/08\/rotary-logo-main-2.png","contentUrl":"https:\/\/rotary.fi\/seinajoki\/wp-content\/uploads\/sites\/257\/2018\/08\/rotary-logo-main-2.png","width":135,"height":52,"caption":"Sein\u00e4joen Rotaryklubi"},"image":{"@id":"https:\/\/rotary.fi\/seinajoki\/#\/schema\/logo\/image\/"}}]}},"lang":"fi","translations":{"fi":129,"en":1424},"pll_sync_post":[],"_links":{"self":[{"href":"https:\/\/rotary.fi\/seinajoki\/wp-json\/wp\/v2\/pages\/129","targetHints":{"allow":["GET"]}}],"collection":[{"href":"https:\/\/rotary.fi\/seinajoki\/wp-json\/wp\/v2\/pages"}],"about":[{"href":"https:\/\/rotary.fi\/seinajoki\/wp-json\/wp\/v2\/types\/page"}],"author":[{"embeddable":true,"href":"https:\/\/rotary.fi\/seinajoki\/wp-json\/wp\/v2\/users\/1"}],"replies":[{"embeddable":true,"href":"https:\/\/rotary.fi\/seinajoki\/wp-json\/wp\/v2\/comments?post=129"}],"version-history":[{"count":9,"href":"https:\/\/rotary.fi\/seinajoki\/wp-json\/wp\/v2\/pages\/129\/revisions"}],"predecessor-version":[{"id":1595,"href":"https:\/\/rotary.fi\/seinajoki\/wp-json\/wp\/v2\/pages\/129\/revisions\/1595"}],"wp:attachment":[{"href":"https:\/\/rotary.fi\/seinajoki\/wp-json\/wp\/v2\/media?parent=129"}],"curies":[{"name":"wp","href":"https:\/\/api.w.org\/{rel}","templated":true}]}}