{"id":2437,"date":"2020-06-30T13:51:18","date_gmt":"2020-06-30T10:51:18","guid":{"rendered":"https:\/\/rotary.fi\/savonlinnanrotaryklubi\/?page_id=2437"},"modified":"2020-06-30T13:51:18","modified_gmt":"2020-06-30T10:51:18","slug":"savonlinnan-rotaryklubin-kaatyjenvaihtotilaisuus-25-6-2020-seurahuoneella","status":"publish","type":"page","link":"https:\/\/rotary.fi\/savonlinnanrotaryklubi\/savonlinnan-rotaryklubin-kaatyjenvaihtotilaisuus-25-6-2020-seurahuoneella\/","title":{"rendered":"Savonlinnan Rotaryklubin k\u00e4\u00e4tyjenvaihtotilaisuus 25.6.2020 Seurahuoneella"},"content":{"rendered":"<p><img loading=\"lazy\" decoding=\"async\" class=\"alignnone wp-image-2420 size-large\" src=\"https:\/\/rotary.fi\/savonlinnanrotaryklubi\/wp-content\/uploads\/sites\/62\/2020\/06\/presidentit1-1024x659.jpg\" alt=\"\" width=\"1024\" height=\"659\" srcset=\"https:\/\/rotary.fi\/savonlinnanrotaryklubi\/wp-content\/uploads\/sites\/62\/2020\/06\/presidentit1-980x631.jpg 980w, https:\/\/rotary.fi\/savonlinnanrotaryklubi\/wp-content\/uploads\/sites\/62\/2020\/06\/presidentit1-480x309.jpg 480w\" sizes=\"(min-width: 0px) and (max-width: 480px) 480px, (min-width: 481px) and (max-width: 980px) 980px, (min-width: 981px) 1024px, 100vw\" \/><\/p>\n<p>Presidentti Jarmo H\u00e4kkinen ja tuleva presidentti Mikko Saajanlehto<\/p>\n<p><img loading=\"lazy\" decoding=\"async\" class=\"alignnone wp-image-2424 size-large\" src=\"https:\/\/rotary.fi\/savonlinnanrotaryklubi\/wp-content\/uploads\/sites\/62\/2020\/06\/vitjojen-luovutus1-1024x762.jpg\" alt=\"\" width=\"1024\" height=\"762\" srcset=\"https:\/\/rotary.fi\/savonlinnanrotaryklubi\/wp-content\/uploads\/sites\/62\/2020\/06\/vitjojen-luovutus1-980x729.jpg 980w, https:\/\/rotary.fi\/savonlinnanrotaryklubi\/wp-content\/uploads\/sites\/62\/2020\/06\/vitjojen-luovutus1-480x357.jpg 480w\" sizes=\"(min-width: 0px) and (max-width: 480px) 480px, (min-width: 481px) and (max-width: 980px) 980px, (min-width: 981px) 1024px, 100vw\" \/><\/p>\n<p>Vitjan luovutus menossa<\/p>\n<p><img loading=\"lazy\" decoding=\"async\" class=\"alignnone wp-image-2422 size-large\" src=\"https:\/\/rotary.fi\/savonlinnanrotaryklubi\/wp-content\/uploads\/sites\/62\/2020\/06\/sovittaminen1-1024x802.jpg\" alt=\"\" width=\"1024\" height=\"802\" srcset=\"https:\/\/rotary.fi\/savonlinnanrotaryklubi\/wp-content\/uploads\/sites\/62\/2020\/06\/sovittaminen1-980x767.jpg 980w, https:\/\/rotary.fi\/savonlinnanrotaryklubi\/wp-content\/uploads\/sites\/62\/2020\/06\/sovittaminen1-480x376.jpg 480w\" sizes=\"(min-width: 0px) and (max-width: 480px) 480px, (min-width: 481px) and (max-width: 980px) 980px, (min-width: 981px) 1024px, 100vw\" \/><\/p>\n<p>Sovittelu<\/p>\n<p><img loading=\"lazy\" decoding=\"async\" class=\"alignnone wp-image-2418 size-large\" src=\"https:\/\/rotary.fi\/savonlinnanrotaryklubi\/wp-content\/uploads\/sites\/62\/2020\/06\/nyt-hymya1-1024x682.jpg\" alt=\"\" width=\"1024\" height=\"682\" srcset=\"https:\/\/rotary.fi\/savonlinnanrotaryklubi\/wp-content\/uploads\/sites\/62\/2020\/06\/nyt-hymya1-980x653.jpg 980w, https:\/\/rotary.fi\/savonlinnanrotaryklubi\/wp-content\/uploads\/sites\/62\/2020\/06\/nyt-hymya1-480x320.jpg 480w\" sizes=\"(min-width: 0px) and (max-width: 480px) 480px, (min-width: 481px) and (max-width: 980px) 980px, (min-width: 981px) 1024px, 100vw\" \/><\/p>\n<p>L\u00e4mpim\u00e4t onnittelut!<\/p>\n<p><img loading=\"lazy\" decoding=\"async\" class=\"alignnone wp-image-2428 size-large\" src=\"https:\/\/rotary.fi\/savonlinnanrotaryklubi\/wp-content\/uploads\/sites\/62\/2020\/06\/taulun-luovutus1-768x1024.jpg\" alt=\"\" width=\"768\" height=\"1024\" \/><\/p>\n<p>Tulivuoritaulun luovutus uuden presidentin haltuun<\/p>\n<div id=\"attachment_2432\" style=\"width: 692px\" class=\"wp-caption alignnone\"><img loading=\"lazy\" decoding=\"async\" aria-describedby=\"caption-attachment-2432\" class=\"wp-image-2432 size-large\" src=\"https:\/\/rotary.fi\/savonlinnanrotaryklubi\/wp-content\/uploads\/sites\/62\/2020\/06\/presidentti-mikko-saajanlehto-2020-20211-682x1024.jpg\" alt=\"\" width=\"682\" height=\"1024\" \/><p id=\"caption-attachment-2432\" class=\"wp-caption-text\">Savonlinnan Rotaryklubin presidentti 2020-2021 Mikko Saajanlehto<\/p><\/div>\n<p>&nbsp;<\/p>\n","protected":false},"excerpt":{"rendered":"<p>Presidentti Jarmo H\u00e4kkinen ja tuleva presidentti Mikko Saajanlehto Vitjan luovutus menossa Sovittelu L\u00e4mpim\u00e4t onnittelut! Tulivuoritaulun luovutus uuden presidentin haltuun &nbsp;<\/p>\n","protected":false},"author":60,"featured_media":0,"parent":0,"menu_order":0,"comment_status":"closed","ping_status":"closed","template":"","meta":{"_acf_changed":false,"_et_pb_use_builder":"","_et_pb_old_content":"","_et_gb_content_width":"","footnotes":""},"class_list":["post-2437","page","type-page","status-publish","hentry"],"acf":[],"yoast_head":"<!-- This site is optimized with the Yoast SEO plugin v27.0 - https:\/\/yoast.com\/product\/yoast-seo-wordpress\/ -->\n<title>Savonlinnan Rotaryklubin k\u00e4\u00e4tyjenvaihtotilaisuus 25.6.2020 Seurahuoneella - Savonlinnan Rotaryklubi ry<\/title>\n<meta name=\"robots\" content=\"index, follow, max-snippet:-1, max-image-preview:large, max-video-preview:-1\" \/>\n<link rel=\"canonical\" href=\"https:\/\/rotary.fi\/savonlinnanrotaryklubi\/savonlinnan-rotaryklubin-kaatyjenvaihtotilaisuus-25-6-2020-seurahuoneella\/\" \/>\n<meta property=\"og:locale\" content=\"fi_FI\" \/>\n<meta property=\"og:type\" content=\"article\" \/>\n<meta property=\"og:title\" content=\"Savonlinnan Rotaryklubin k\u00e4\u00e4tyjenvaihtotilaisuus 25.6.2020 Seurahuoneella - Savonlinnan Rotaryklubi ry\" \/>\n<meta property=\"og:description\" content=\"Presidentti Jarmo H\u00e4kkinen ja tuleva presidentti Mikko Saajanlehto Vitjan luovutus menossa Sovittelu L\u00e4mpim\u00e4t onnittelut! Tulivuoritaulun luovutus uuden presidentin haltuun &nbsp;\" \/>\n<meta property=\"og:url\" content=\"https:\/\/rotary.fi\/savonlinnanrotaryklubi\/savonlinnan-rotaryklubin-kaatyjenvaihtotilaisuus-25-6-2020-seurahuoneella\/\" \/>\n<meta property=\"og:site_name\" content=\"Savonlinnan Rotaryklubi ry\" \/>\n<meta property=\"og:image\" content=\"https:\/\/rotary.fi\/savonlinnanrotaryklubi\/wp-content\/uploads\/sites\/62\/2020\/06\/presidentit1-1024x659.jpg\" \/>\n<meta name=\"twitter:card\" content=\"summary_large_image\" \/>\n<script type=\"application\/ld+json\" class=\"yoast-schema-graph\">{\"@context\":\"https:\/\/schema.org\",\"@graph\":[{\"@type\":\"WebPage\",\"@id\":\"https:\/\/rotary.fi\/savonlinnanrotaryklubi\/savonlinnan-rotaryklubin-kaatyjenvaihtotilaisuus-25-6-2020-seurahuoneella\/\",\"url\":\"https:\/\/rotary.fi\/savonlinnanrotaryklubi\/savonlinnan-rotaryklubin-kaatyjenvaihtotilaisuus-25-6-2020-seurahuoneella\/\",\"name\":\"Savonlinnan Rotaryklubin k\u00e4\u00e4tyjenvaihtotilaisuus 25.6.2020 Seurahuoneella - Savonlinnan Rotaryklubi ry\",\"isPartOf\":{\"@id\":\"https:\/\/rotary.fi\/savonlinnanrotaryklubi\/#website\"},\"primaryImageOfPage\":{\"@id\":\"https:\/\/rotary.fi\/savonlinnanrotaryklubi\/savonlinnan-rotaryklubin-kaatyjenvaihtotilaisuus-25-6-2020-seurahuoneella\/#primaryimage\"},\"image\":{\"@id\":\"https:\/\/rotary.fi\/savonlinnanrotaryklubi\/savonlinnan-rotaryklubin-kaatyjenvaihtotilaisuus-25-6-2020-seurahuoneella\/#primaryimage\"},\"thumbnailUrl\":\"https:\/\/rotary.fi\/savonlinnanrotaryklubi\/wp-content\/uploads\/sites\/62\/2020\/06\/presidentit1-1024x659.jpg\",\"datePublished\":\"2020-06-30T10:51:18+00:00\",\"breadcrumb\":{\"@id\":\"https:\/\/rotary.fi\/savonlinnanrotaryklubi\/savonlinnan-rotaryklubin-kaatyjenvaihtotilaisuus-25-6-2020-seurahuoneella\/#breadcrumb\"},\"inLanguage\":\"fi\",\"potentialAction\":[{\"@type\":\"ReadAction\",\"target\":[\"https:\/\/rotary.fi\/savonlinnanrotaryklubi\/savonlinnan-rotaryklubin-kaatyjenvaihtotilaisuus-25-6-2020-seurahuoneella\/\"]}]},{\"@type\":\"ImageObject\",\"inLanguage\":\"fi\",\"@id\":\"https:\/\/rotary.fi\/savonlinnanrotaryklubi\/savonlinnan-rotaryklubin-kaatyjenvaihtotilaisuus-25-6-2020-seurahuoneella\/#primaryimage\",\"url\":\"https:\/\/rotary.fi\/savonlinnanrotaryklubi\/wp-content\/uploads\/sites\/62\/2020\/06\/presidentit1.jpg\",\"contentUrl\":\"https:\/\/rotary.fi\/savonlinnanrotaryklubi\/wp-content\/uploads\/sites\/62\/2020\/06\/presidentit1.jpg\",\"width\":1762,\"height\":1134},{\"@type\":\"BreadcrumbList\",\"@id\":\"https:\/\/rotary.fi\/savonlinnanrotaryklubi\/savonlinnan-rotaryklubin-kaatyjenvaihtotilaisuus-25-6-2020-seurahuoneella\/#breadcrumb\",\"itemListElement\":[{\"@type\":\"ListItem\",\"position\":1,\"name\":\"Home\",\"item\":\"https:\/\/rotary.fi\/savonlinnanrotaryklubi\/\"},{\"@type\":\"ListItem\",\"position\":2,\"name\":\"Savonlinnan Rotaryklubin k\u00e4\u00e4tyjenvaihtotilaisuus 25.6.2020 Seurahuoneella\"}]},{\"@type\":\"WebSite\",\"@id\":\"https:\/\/rotary.fi\/savonlinnanrotaryklubi\/#website\",\"url\":\"https:\/\/rotary.fi\/savonlinnanrotaryklubi\/\",\"name\":\"Savonlinnan Rotaryklubi ry\",\"description\":\"Uusi Rotary klubisivusto\",\"potentialAction\":[{\"@type\":\"SearchAction\",\"target\":{\"@type\":\"EntryPoint\",\"urlTemplate\":\"https:\/\/rotary.fi\/savonlinnanrotaryklubi\/?s={search_term_string}\"},\"query-input\":{\"@type\":\"PropertyValueSpecification\",\"valueRequired\":true,\"valueName\":\"search_term_string\"}}],\"inLanguage\":\"fi\"}]}<\/script>\n<!-- \/ Yoast SEO plugin. -->","yoast_head_json":{"title":"Savonlinnan Rotaryklubin k\u00e4\u00e4tyjenvaihtotilaisuus 25.6.2020 Seurahuoneella - Savonlinnan Rotaryklubi ry","robots":{"index":"index","follow":"follow","max-snippet":"max-snippet:-1","max-image-preview":"max-image-preview:large","max-video-preview":"max-video-preview:-1"},"canonical":"https:\/\/rotary.fi\/savonlinnanrotaryklubi\/savonlinnan-rotaryklubin-kaatyjenvaihtotilaisuus-25-6-2020-seurahuoneella\/","og_locale":"fi_FI","og_type":"article","og_title":"Savonlinnan Rotaryklubin k\u00e4\u00e4tyjenvaihtotilaisuus 25.6.2020 Seurahuoneella - Savonlinnan Rotaryklubi ry","og_description":"Presidentti Jarmo H\u00e4kkinen ja tuleva presidentti Mikko Saajanlehto Vitjan luovutus menossa Sovittelu L\u00e4mpim\u00e4t onnittelut! Tulivuoritaulun luovutus uuden presidentin haltuun &nbsp;","og_url":"https:\/\/rotary.fi\/savonlinnanrotaryklubi\/savonlinnan-rotaryklubin-kaatyjenvaihtotilaisuus-25-6-2020-seurahuoneella\/","og_site_name":"Savonlinnan Rotaryklubi ry","og_image":[{"url":"https:\/\/rotary.fi\/savonlinnanrotaryklubi\/wp-content\/uploads\/sites\/62\/2020\/06\/presidentit1-1024x659.jpg","type":"","width":"","height":""}],"twitter_card":"summary_large_image","schema":{"@context":"https:\/\/schema.org","@graph":[{"@type":"WebPage","@id":"https:\/\/rotary.fi\/savonlinnanrotaryklubi\/savonlinnan-rotaryklubin-kaatyjenvaihtotilaisuus-25-6-2020-seurahuoneella\/","url":"https:\/\/rotary.fi\/savonlinnanrotaryklubi\/savonlinnan-rotaryklubin-kaatyjenvaihtotilaisuus-25-6-2020-seurahuoneella\/","name":"Savonlinnan Rotaryklubin k\u00e4\u00e4tyjenvaihtotilaisuus 25.6.2020 Seurahuoneella - Savonlinnan Rotaryklubi ry","isPartOf":{"@id":"https:\/\/rotary.fi\/savonlinnanrotaryklubi\/#website"},"primaryImageOfPage":{"@id":"https:\/\/rotary.fi\/savonlinnanrotaryklubi\/savonlinnan-rotaryklubin-kaatyjenvaihtotilaisuus-25-6-2020-seurahuoneella\/#primaryimage"},"image":{"@id":"https:\/\/rotary.fi\/savonlinnanrotaryklubi\/savonlinnan-rotaryklubin-kaatyjenvaihtotilaisuus-25-6-2020-seurahuoneella\/#primaryimage"},"thumbnailUrl":"https:\/\/rotary.fi\/savonlinnanrotaryklubi\/wp-content\/uploads\/sites\/62\/2020\/06\/presidentit1-1024x659.jpg","datePublished":"2020-06-30T10:51:18+00:00","breadcrumb":{"@id":"https:\/\/rotary.fi\/savonlinnanrotaryklubi\/savonlinnan-rotaryklubin-kaatyjenvaihtotilaisuus-25-6-2020-seurahuoneella\/#breadcrumb"},"inLanguage":"fi","potentialAction":[{"@type":"ReadAction","target":["https:\/\/rotary.fi\/savonlinnanrotaryklubi\/savonlinnan-rotaryklubin-kaatyjenvaihtotilaisuus-25-6-2020-seurahuoneella\/"]}]},{"@type":"ImageObject","inLanguage":"fi","@id":"https:\/\/rotary.fi\/savonlinnanrotaryklubi\/savonlinnan-rotaryklubin-kaatyjenvaihtotilaisuus-25-6-2020-seurahuoneella\/#primaryimage","url":"https:\/\/rotary.fi\/savonlinnanrotaryklubi\/wp-content\/uploads\/sites\/62\/2020\/06\/presidentit1.jpg","contentUrl":"https:\/\/rotary.fi\/savonlinnanrotaryklubi\/wp-content\/uploads\/sites\/62\/2020\/06\/presidentit1.jpg","width":1762,"height":1134},{"@type":"BreadcrumbList","@id":"https:\/\/rotary.fi\/savonlinnanrotaryklubi\/savonlinnan-rotaryklubin-kaatyjenvaihtotilaisuus-25-6-2020-seurahuoneella\/#breadcrumb","itemListElement":[{"@type":"ListItem","position":1,"name":"Home","item":"https:\/\/rotary.fi\/savonlinnanrotaryklubi\/"},{"@type":"ListItem","position":2,"name":"Savonlinnan Rotaryklubin k\u00e4\u00e4tyjenvaihtotilaisuus 25.6.2020 Seurahuoneella"}]},{"@type":"WebSite","@id":"https:\/\/rotary.fi\/savonlinnanrotaryklubi\/#website","url":"https:\/\/rotary.fi\/savonlinnanrotaryklubi\/","name":"Savonlinnan Rotaryklubi ry","description":"Uusi Rotary klubisivusto","potentialAction":[{"@type":"SearchAction","target":{"@type":"EntryPoint","urlTemplate":"https:\/\/rotary.fi\/savonlinnanrotaryklubi\/?s={search_term_string}"},"query-input":{"@type":"PropertyValueSpecification","valueRequired":true,"valueName":"search_term_string"}}],"inLanguage":"fi"}]}},"lang":"fi","translations":{"fi":2437},"pll_sync_post":[],"_links":{"self":[{"href":"https:\/\/rotary.fi\/savonlinnanrotaryklubi\/wp-json\/wp\/v2\/pages\/2437","targetHints":{"allow":["GET"]}}],"collection":[{"href":"https:\/\/rotary.fi\/savonlinnanrotaryklubi\/wp-json\/wp\/v2\/pages"}],"about":[{"href":"https:\/\/rotary.fi\/savonlinnanrotaryklubi\/wp-json\/wp\/v2\/types\/page"}],"author":[{"embeddable":true,"href":"https:\/\/rotary.fi\/savonlinnanrotaryklubi\/wp-json\/wp\/v2\/users\/60"}],"replies":[{"embeddable":true,"href":"https:\/\/rotary.fi\/savonlinnanrotaryklubi\/wp-json\/wp\/v2\/comments?post=2437"}],"version-history":[{"count":2,"href":"https:\/\/rotary.fi\/savonlinnanrotaryklubi\/wp-json\/wp\/v2\/pages\/2437\/revisions"}],"predecessor-version":[{"id":2439,"href":"https:\/\/rotary.fi\/savonlinnanrotaryklubi\/wp-json\/wp\/v2\/pages\/2437\/revisions\/2439"}],"wp:attachment":[{"href":"https:\/\/rotary.fi\/savonlinnanrotaryklubi\/wp-json\/wp\/v2\/media?parent=2437"}],"curies":[{"name":"wp","href":"https:\/\/api.w.org\/{rel}","templated":true}]}}