{"id":2236,"date":"2019-10-24T16:10:19","date_gmt":"2019-10-24T13:10:19","guid":{"rendered":"https:\/\/rotary.fi\/savonlinnanrotaryklubi\/?page_id=2236"},"modified":"2019-10-24T16:32:27","modified_gmt":"2019-10-24T13:32:27","slug":"kaatyjenvaihto-rantasalmi-12-6-2014","status":"publish","type":"page","link":"https:\/\/rotary.fi\/savonlinnanrotaryklubi\/kaatyjenvaihto-rantasalmi-12-6-2014\/","title":{"rendered":"K\u00e4\u00e4tyjenvaihto Rantasalmilla 12.6.2014"},"content":{"rendered":"<p><img loading=\"lazy\" decoding=\"async\" class=\"alignnone wp-image-2228 size-full\" src=\"https:\/\/rotary.fi\/savonlinnanrotaryklubi\/wp-content\/uploads\/sites\/62\/2019\/10\/mikko-heikkila-risto-lopponen.jpeg\" alt=\"\" width=\"940\" height=\"700\" srcset=\"https:\/\/rotary.fi\/savonlinnanrotaryklubi\/wp-content\/uploads\/sites\/62\/2019\/10\/mikko-heikkila-risto-lopponen.jpeg 940w, https:\/\/rotary.fi\/savonlinnanrotaryklubi\/wp-content\/uploads\/sites\/62\/2019\/10\/mikko-heikkila-risto-lopponen-480x357.jpeg 480w\" sizes=\"(min-width: 0px) and (max-width: 480px) 480px, (min-width: 481px) 940px, 100vw\" \/><\/p>\n<p>Kuver\u00f6\u00f6rit Mikko Heikkil\u00e4 ja Risto L\u00f6pp\u00f6nen<\/p>\n<p><img loading=\"lazy\" decoding=\"async\" class=\"alignnone wp-image-2232 size-full\" src=\"https:\/\/rotary.fi\/savonlinnanrotaryklubi\/wp-content\/uploads\/sites\/62\/2019\/10\/pekka_kuvernoori.jpeg\" alt=\"\" width=\"940\" height=\"705\" srcset=\"https:\/\/rotary.fi\/savonlinnanrotaryklubi\/wp-content\/uploads\/sites\/62\/2019\/10\/pekka_kuvernoori.jpeg 940w, https:\/\/rotary.fi\/savonlinnanrotaryklubi\/wp-content\/uploads\/sites\/62\/2019\/10\/pekka_kuvernoori-480x360.jpeg 480w\" sizes=\"(min-width: 0px) and (max-width: 480px) 480px, (min-width: 481px) 940px, 100vw\" \/><\/p>\n<p>Apulaiskuvern\u00f6\u00f6ri Pekka Huovila ja DG Risto L\u00f6pp\u00f6nen<\/p>\n<p><img loading=\"lazy\" decoding=\"async\" class=\"alignnone wp-image-2230 size-full\" src=\"https:\/\/rotary.fi\/savonlinnanrotaryklubi\/wp-content\/uploads\/sites\/62\/2019\/10\/pekka-pylvas-eero-timgren.jpeg\" alt=\"\" width=\"533\" height=\"800\" srcset=\"https:\/\/rotary.fi\/savonlinnanrotaryklubi\/wp-content\/uploads\/sites\/62\/2019\/10\/pekka-pylvas-eero-timgren.jpeg 533w, https:\/\/rotary.fi\/savonlinnanrotaryklubi\/wp-content\/uploads\/sites\/62\/2019\/10\/pekka-pylvas-eero-timgren-480x720.jpeg 480w\" sizes=\"(min-width: 0px) and (max-width: 480px) 480px, (min-width: 481px) 533px, 100vw\" \/><\/p>\n<p>K\u00e4\u00e4tyjenvaihto Pekka Pylv\u00e4\u00e4lle ja\u00a0 PP Eero Timgren onnittelee<\/p>\n<p><img loading=\"lazy\" decoding=\"async\" class=\"alignnone wp-image-2229 size-full\" src=\"https:\/\/rotary.fi\/savonlinnanrotaryklubi\/wp-content\/uploads\/sites\/62\/2019\/10\/onni-ronkanen-phf.jpeg\" alt=\"\" width=\"940\" height=\"705\" srcset=\"https:\/\/rotary.fi\/savonlinnanrotaryklubi\/wp-content\/uploads\/sites\/62\/2019\/10\/onni-ronkanen-phf.jpeg 940w, https:\/\/rotary.fi\/savonlinnanrotaryklubi\/wp-content\/uploads\/sites\/62\/2019\/10\/onni-ronkanen-phf-480x360.jpeg 480w\" sizes=\"(min-width: 0px) and (max-width: 480px) 480px, (min-width: 481px) 940px, 100vw\" \/><\/p>\n<p>PHF Onni Ronkaiselle luovuttajina Risto Paakkunainen ja Eero Timgren<\/p>\n<p><img loading=\"lazy\" decoding=\"async\" class=\"alignnone wp-image-2234 size-full\" src=\"https:\/\/rotary.fi\/savonlinnanrotaryklubi\/wp-content\/uploads\/sites\/62\/2019\/10\/reino_phf.jpeg\" alt=\"\" width=\"940\" height=\"705\" srcset=\"https:\/\/rotary.fi\/savonlinnanrotaryklubi\/wp-content\/uploads\/sites\/62\/2019\/10\/reino_phf.jpeg 940w, https:\/\/rotary.fi\/savonlinnanrotaryklubi\/wp-content\/uploads\/sites\/62\/2019\/10\/reino_phf-480x360.jpeg 480w\" sizes=\"(min-width: 0px) and (max-width: 480px) 480px, (min-width: 481px) 940px, 100vw\" \/><\/p>\n<p>PHF Reino Korhoselle<\/p>\n","protected":false},"excerpt":{"rendered":"<p>Kuver\u00f6\u00f6rit Mikko Heikkil\u00e4 ja Risto L\u00f6pp\u00f6nen Apulaiskuvern\u00f6\u00f6ri Pekka Huovila ja DG Risto L\u00f6pp\u00f6nen K\u00e4\u00e4tyjenvaihto Pekka Pylv\u00e4\u00e4lle ja\u00a0 PP Eero Timgren onnittelee PHF Onni Ronkaiselle luovuttajina Risto Paakkunainen ja Eero Timgren PHF Reino Korhoselle<\/p>\n","protected":false},"author":60,"featured_media":0,"parent":0,"menu_order":0,"comment_status":"closed","ping_status":"closed","template":"","meta":{"_acf_changed":false,"_et_pb_use_builder":"","_et_pb_old_content":"","_et_gb_content_width":"","footnotes":""},"class_list":["post-2236","page","type-page","status-publish","hentry"],"acf":[],"yoast_head":"<!-- This site is optimized with the Yoast SEO plugin v27.0 - https:\/\/yoast.com\/product\/yoast-seo-wordpress\/ -->\n<title>K\u00e4\u00e4tyjenvaihto Rantasalmilla 12.6.2014 - Savonlinnan Rotaryklubi ry<\/title>\n<meta name=\"robots\" content=\"index, follow, max-snippet:-1, max-image-preview:large, max-video-preview:-1\" \/>\n<link rel=\"canonical\" href=\"https:\/\/rotary.fi\/savonlinnanrotaryklubi\/kaatyjenvaihto-rantasalmi-12-6-2014\/\" \/>\n<meta property=\"og:locale\" content=\"fi_FI\" \/>\n<meta property=\"og:type\" content=\"article\" \/>\n<meta property=\"og:title\" content=\"K\u00e4\u00e4tyjenvaihto Rantasalmilla 12.6.2014 - Savonlinnan Rotaryklubi ry\" \/>\n<meta property=\"og:description\" content=\"Kuver\u00f6\u00f6rit Mikko Heikkil\u00e4 ja Risto L\u00f6pp\u00f6nen Apulaiskuvern\u00f6\u00f6ri Pekka Huovila ja DG Risto L\u00f6pp\u00f6nen K\u00e4\u00e4tyjenvaihto Pekka Pylv\u00e4\u00e4lle ja\u00a0 PP Eero Timgren onnittelee PHF Onni Ronkaiselle luovuttajina Risto Paakkunainen ja Eero Timgren PHF Reino Korhoselle\" \/>\n<meta property=\"og:url\" content=\"https:\/\/rotary.fi\/savonlinnanrotaryklubi\/kaatyjenvaihto-rantasalmi-12-6-2014\/\" \/>\n<meta property=\"og:site_name\" content=\"Savonlinnan Rotaryklubi ry\" \/>\n<meta property=\"article:modified_time\" content=\"2019-10-24T13:32:27+00:00\" \/>\n<meta property=\"og:image\" content=\"https:\/\/rotary.fi\/savonlinnanrotaryklubi\/wp-content\/uploads\/sites\/62\/2019\/10\/mikko-heikkila-risto-lopponen.jpeg\" \/>\n<meta name=\"twitter:card\" content=\"summary_large_image\" \/>\n<script type=\"application\/ld+json\" class=\"yoast-schema-graph\">{\"@context\":\"https:\/\/schema.org\",\"@graph\":[{\"@type\":\"WebPage\",\"@id\":\"https:\/\/rotary.fi\/savonlinnanrotaryklubi\/kaatyjenvaihto-rantasalmi-12-6-2014\/\",\"url\":\"https:\/\/rotary.fi\/savonlinnanrotaryklubi\/kaatyjenvaihto-rantasalmi-12-6-2014\/\",\"name\":\"K\u00e4\u00e4tyjenvaihto Rantasalmilla 12.6.2014 - Savonlinnan Rotaryklubi ry\",\"isPartOf\":{\"@id\":\"https:\/\/rotary.fi\/savonlinnanrotaryklubi\/#website\"},\"primaryImageOfPage\":{\"@id\":\"https:\/\/rotary.fi\/savonlinnanrotaryklubi\/kaatyjenvaihto-rantasalmi-12-6-2014\/#primaryimage\"},\"image\":{\"@id\":\"https:\/\/rotary.fi\/savonlinnanrotaryklubi\/kaatyjenvaihto-rantasalmi-12-6-2014\/#primaryimage\"},\"thumbnailUrl\":\"https:\/\/rotary.fi\/savonlinnanrotaryklubi\/wp-content\/uploads\/sites\/62\/2019\/10\/mikko-heikkila-risto-lopponen.jpeg\",\"datePublished\":\"2019-10-24T13:10:19+00:00\",\"dateModified\":\"2019-10-24T13:32:27+00:00\",\"breadcrumb\":{\"@id\":\"https:\/\/rotary.fi\/savonlinnanrotaryklubi\/kaatyjenvaihto-rantasalmi-12-6-2014\/#breadcrumb\"},\"inLanguage\":\"fi\",\"potentialAction\":[{\"@type\":\"ReadAction\",\"target\":[\"https:\/\/rotary.fi\/savonlinnanrotaryklubi\/kaatyjenvaihto-rantasalmi-12-6-2014\/\"]}]},{\"@type\":\"ImageObject\",\"inLanguage\":\"fi\",\"@id\":\"https:\/\/rotary.fi\/savonlinnanrotaryklubi\/kaatyjenvaihto-rantasalmi-12-6-2014\/#primaryimage\",\"url\":\"https:\/\/rotary.fi\/savonlinnanrotaryklubi\/wp-content\/uploads\/sites\/62\/2019\/10\/mikko-heikkila-risto-lopponen.jpeg\",\"contentUrl\":\"https:\/\/rotary.fi\/savonlinnanrotaryklubi\/wp-content\/uploads\/sites\/62\/2019\/10\/mikko-heikkila-risto-lopponen.jpeg\",\"width\":940,\"height\":700},{\"@type\":\"BreadcrumbList\",\"@id\":\"https:\/\/rotary.fi\/savonlinnanrotaryklubi\/kaatyjenvaihto-rantasalmi-12-6-2014\/#breadcrumb\",\"itemListElement\":[{\"@type\":\"ListItem\",\"position\":1,\"name\":\"Home\",\"item\":\"https:\/\/rotary.fi\/savonlinnanrotaryklubi\/\"},{\"@type\":\"ListItem\",\"position\":2,\"name\":\"K\u00e4\u00e4tyjenvaihto Rantasalmilla 12.6.2014\"}]},{\"@type\":\"WebSite\",\"@id\":\"https:\/\/rotary.fi\/savonlinnanrotaryklubi\/#website\",\"url\":\"https:\/\/rotary.fi\/savonlinnanrotaryklubi\/\",\"name\":\"Savonlinnan Rotaryklubi ry\",\"description\":\"Uusi Rotary klubisivusto\",\"potentialAction\":[{\"@type\":\"SearchAction\",\"target\":{\"@type\":\"EntryPoint\",\"urlTemplate\":\"https:\/\/rotary.fi\/savonlinnanrotaryklubi\/?s={search_term_string}\"},\"query-input\":{\"@type\":\"PropertyValueSpecification\",\"valueRequired\":true,\"valueName\":\"search_term_string\"}}],\"inLanguage\":\"fi\"}]}<\/script>\n<!-- \/ Yoast SEO plugin. -->","yoast_head_json":{"title":"K\u00e4\u00e4tyjenvaihto Rantasalmilla 12.6.2014 - Savonlinnan Rotaryklubi ry","robots":{"index":"index","follow":"follow","max-snippet":"max-snippet:-1","max-image-preview":"max-image-preview:large","max-video-preview":"max-video-preview:-1"},"canonical":"https:\/\/rotary.fi\/savonlinnanrotaryklubi\/kaatyjenvaihto-rantasalmi-12-6-2014\/","og_locale":"fi_FI","og_type":"article","og_title":"K\u00e4\u00e4tyjenvaihto Rantasalmilla 12.6.2014 - Savonlinnan Rotaryklubi ry","og_description":"Kuver\u00f6\u00f6rit Mikko Heikkil\u00e4 ja Risto L\u00f6pp\u00f6nen Apulaiskuvern\u00f6\u00f6ri Pekka Huovila ja DG Risto L\u00f6pp\u00f6nen K\u00e4\u00e4tyjenvaihto Pekka Pylv\u00e4\u00e4lle ja\u00a0 PP Eero Timgren onnittelee PHF Onni Ronkaiselle luovuttajina Risto Paakkunainen ja Eero Timgren PHF Reino Korhoselle","og_url":"https:\/\/rotary.fi\/savonlinnanrotaryklubi\/kaatyjenvaihto-rantasalmi-12-6-2014\/","og_site_name":"Savonlinnan Rotaryklubi ry","article_modified_time":"2019-10-24T13:32:27+00:00","og_image":[{"url":"https:\/\/rotary.fi\/savonlinnanrotaryklubi\/wp-content\/uploads\/sites\/62\/2019\/10\/mikko-heikkila-risto-lopponen.jpeg","type":"","width":"","height":""}],"twitter_card":"summary_large_image","schema":{"@context":"https:\/\/schema.org","@graph":[{"@type":"WebPage","@id":"https:\/\/rotary.fi\/savonlinnanrotaryklubi\/kaatyjenvaihto-rantasalmi-12-6-2014\/","url":"https:\/\/rotary.fi\/savonlinnanrotaryklubi\/kaatyjenvaihto-rantasalmi-12-6-2014\/","name":"K\u00e4\u00e4tyjenvaihto Rantasalmilla 12.6.2014 - Savonlinnan Rotaryklubi ry","isPartOf":{"@id":"https:\/\/rotary.fi\/savonlinnanrotaryklubi\/#website"},"primaryImageOfPage":{"@id":"https:\/\/rotary.fi\/savonlinnanrotaryklubi\/kaatyjenvaihto-rantasalmi-12-6-2014\/#primaryimage"},"image":{"@id":"https:\/\/rotary.fi\/savonlinnanrotaryklubi\/kaatyjenvaihto-rantasalmi-12-6-2014\/#primaryimage"},"thumbnailUrl":"https:\/\/rotary.fi\/savonlinnanrotaryklubi\/wp-content\/uploads\/sites\/62\/2019\/10\/mikko-heikkila-risto-lopponen.jpeg","datePublished":"2019-10-24T13:10:19+00:00","dateModified":"2019-10-24T13:32:27+00:00","breadcrumb":{"@id":"https:\/\/rotary.fi\/savonlinnanrotaryklubi\/kaatyjenvaihto-rantasalmi-12-6-2014\/#breadcrumb"},"inLanguage":"fi","potentialAction":[{"@type":"ReadAction","target":["https:\/\/rotary.fi\/savonlinnanrotaryklubi\/kaatyjenvaihto-rantasalmi-12-6-2014\/"]}]},{"@type":"ImageObject","inLanguage":"fi","@id":"https:\/\/rotary.fi\/savonlinnanrotaryklubi\/kaatyjenvaihto-rantasalmi-12-6-2014\/#primaryimage","url":"https:\/\/rotary.fi\/savonlinnanrotaryklubi\/wp-content\/uploads\/sites\/62\/2019\/10\/mikko-heikkila-risto-lopponen.jpeg","contentUrl":"https:\/\/rotary.fi\/savonlinnanrotaryklubi\/wp-content\/uploads\/sites\/62\/2019\/10\/mikko-heikkila-risto-lopponen.jpeg","width":940,"height":700},{"@type":"BreadcrumbList","@id":"https:\/\/rotary.fi\/savonlinnanrotaryklubi\/kaatyjenvaihto-rantasalmi-12-6-2014\/#breadcrumb","itemListElement":[{"@type":"ListItem","position":1,"name":"Home","item":"https:\/\/rotary.fi\/savonlinnanrotaryklubi\/"},{"@type":"ListItem","position":2,"name":"K\u00e4\u00e4tyjenvaihto Rantasalmilla 12.6.2014"}]},{"@type":"WebSite","@id":"https:\/\/rotary.fi\/savonlinnanrotaryklubi\/#website","url":"https:\/\/rotary.fi\/savonlinnanrotaryklubi\/","name":"Savonlinnan Rotaryklubi ry","description":"Uusi Rotary klubisivusto","potentialAction":[{"@type":"SearchAction","target":{"@type":"EntryPoint","urlTemplate":"https:\/\/rotary.fi\/savonlinnanrotaryklubi\/?s={search_term_string}"},"query-input":{"@type":"PropertyValueSpecification","valueRequired":true,"valueName":"search_term_string"}}],"inLanguage":"fi"}]}},"lang":"fi","translations":{"fi":2236},"pll_sync_post":[],"_links":{"self":[{"href":"https:\/\/rotary.fi\/savonlinnanrotaryklubi\/wp-json\/wp\/v2\/pages\/2236","targetHints":{"allow":["GET"]}}],"collection":[{"href":"https:\/\/rotary.fi\/savonlinnanrotaryklubi\/wp-json\/wp\/v2\/pages"}],"about":[{"href":"https:\/\/rotary.fi\/savonlinnanrotaryklubi\/wp-json\/wp\/v2\/types\/page"}],"author":[{"embeddable":true,"href":"https:\/\/rotary.fi\/savonlinnanrotaryklubi\/wp-json\/wp\/v2\/users\/60"}],"replies":[{"embeddable":true,"href":"https:\/\/rotary.fi\/savonlinnanrotaryklubi\/wp-json\/wp\/v2\/comments?post=2236"}],"version-history":[{"count":4,"href":"https:\/\/rotary.fi\/savonlinnanrotaryklubi\/wp-json\/wp\/v2\/pages\/2236\/revisions"}],"predecessor-version":[{"id":2242,"href":"https:\/\/rotary.fi\/savonlinnanrotaryklubi\/wp-json\/wp\/v2\/pages\/2236\/revisions\/2242"}],"wp:attachment":[{"href":"https:\/\/rotary.fi\/savonlinnanrotaryklubi\/wp-json\/wp\/v2\/media?parent=2236"}],"curies":[{"name":"wp","href":"https:\/\/api.w.org\/{rel}","templated":true}]}}