{"id":2096,"date":"2019-08-02T11:04:10","date_gmt":"2019-08-02T08:04:10","guid":{"rendered":"https:\/\/rotary.fi\/savonlinnanrotaryklubi\/?page_id=2096"},"modified":"2019-08-02T11:04:10","modified_gmt":"2019-08-02T08:04:10","slug":"kuvia-ja-tapahtumia-2019-2020","status":"publish","type":"page","link":"https:\/\/rotary.fi\/savonlinnanrotaryklubi\/kuvia-ja-tapahtumia-2019-2020\/","title":{"rendered":"Kuvia ja tapahtumia 2019-2020"},"content":{"rendered":"<p><img loading=\"lazy\" decoding=\"async\" class=\"alignnone wp-image-2090 size-large\" src=\"https:\/\/rotary.fi\/savonlinnanrotaryklubi\/wp-content\/uploads\/sites\/62\/2019\/07\/shelterbox-ari-ja-jarmo-785x1024.jpg\" alt=\"\" width=\"785\" height=\"1024\" srcset=\"https:\/\/rotary.fi\/savonlinnanrotaryklubi\/wp-content\/uploads\/sites\/62\/2019\/07\/shelterbox-ari-ja-jarmo-785x1024.jpg 785w, https:\/\/rotary.fi\/savonlinnanrotaryklubi\/wp-content\/uploads\/sites\/62\/2019\/07\/shelterbox-ari-ja-jarmo-230x300.jpg 230w, https:\/\/rotary.fi\/savonlinnanrotaryklubi\/wp-content\/uploads\/sites\/62\/2019\/07\/shelterbox-ari-ja-jarmo-768x1002.jpg 768w, https:\/\/rotary.fi\/savonlinnanrotaryklubi\/wp-content\/uploads\/sites\/62\/2019\/07\/shelterbox-ari-ja-jarmo-1080x1409.jpg 1080w, https:\/\/rotary.fi\/savonlinnanrotaryklubi\/wp-content\/uploads\/sites\/62\/2019\/07\/shelterbox-ari-ja-jarmo.jpg 1570w\" sizes=\"(max-width: 785px) 100vw, 785px\" \/><\/p>\n<h6>Shelterbox tapahtuma Satamapuistossa 11.7.2019<\/h6>\n<p>Kuvassa tapahtuman vet\u00e4j\u00e4 Arsi Anttonen ja presidentti Jarmo H\u00e4kkinen<\/p>\n<p><img loading=\"lazy\" decoding=\"async\" class=\"alignnone wp-image-2094 size-large\" src=\"https:\/\/rotary.fi\/savonlinnanrotaryklubi\/wp-content\/uploads\/sites\/62\/2019\/08\/rotarygolf-2019-1024x688.jpg\" alt=\"\" width=\"1024\" height=\"688\" \/><\/p>\n<h6>Klubin golfmestaruuskisat 31.7.2019 Kerigolfissa<\/h6>\n<p>Voittaja P\u00e4ivi Ruuskanen<\/p>\n","protected":false},"excerpt":{"rendered":"<p>Shelterbox tapahtuma Satamapuistossa 11.7.2019 Kuvassa tapahtuman vet\u00e4j\u00e4 Arsi Anttonen ja presidentti Jarmo H\u00e4kkinen Klubin golfmestaruuskisat 31.7.2019 Kerigolfissa Voittaja P\u00e4ivi Ruuskanen<\/p>\n","protected":false},"author":60,"featured_media":0,"parent":0,"menu_order":0,"comment_status":"closed","ping_status":"closed","template":"","meta":{"_acf_changed":false,"_et_pb_use_builder":"","_et_pb_old_content":"","_et_gb_content_width":"","footnotes":""},"class_list":["post-2096","page","type-page","status-publish","hentry"],"acf":[],"yoast_head":"<!-- This site is optimized with the Yoast SEO plugin v27.4 - https:\/\/yoast.com\/product\/yoast-seo-wordpress\/ -->\n<title>Kuvia ja tapahtumia 2019-2020 - Savonlinnan Rotaryklubi ry<\/title>\n<meta name=\"robots\" content=\"index, follow, max-snippet:-1, max-image-preview:large, max-video-preview:-1\" \/>\n<link rel=\"canonical\" href=\"https:\/\/rotary.fi\/savonlinnanrotaryklubi\/kuvia-ja-tapahtumia-2019-2020\/\" \/>\n<meta property=\"og:locale\" content=\"fi_FI\" \/>\n<meta property=\"og:type\" content=\"article\" \/>\n<meta property=\"og:title\" content=\"Kuvia ja tapahtumia 2019-2020 - Savonlinnan Rotaryklubi ry\" \/>\n<meta property=\"og:description\" content=\"Shelterbox tapahtuma Satamapuistossa 11.7.2019 Kuvassa tapahtuman vet\u00e4j\u00e4 Arsi Anttonen ja presidentti Jarmo H\u00e4kkinen Klubin golfmestaruuskisat 31.7.2019 Kerigolfissa Voittaja P\u00e4ivi Ruuskanen\" \/>\n<meta property=\"og:url\" content=\"https:\/\/rotary.fi\/savonlinnanrotaryklubi\/kuvia-ja-tapahtumia-2019-2020\/\" \/>\n<meta property=\"og:site_name\" content=\"Savonlinnan Rotaryklubi ry\" \/>\n<meta property=\"og:image\" content=\"https:\/\/rotary.fi\/savonlinnanrotaryklubi\/wp-content\/uploads\/sites\/62\/2019\/07\/shelterbox-ari-ja-jarmo-785x1024.jpg\" \/>\n<meta name=\"twitter:card\" content=\"summary_large_image\" \/>\n<script type=\"application\/ld+json\" class=\"yoast-schema-graph\">{\"@context\":\"https:\\\/\\\/schema.org\",\"@graph\":[{\"@type\":\"WebPage\",\"@id\":\"https:\\\/\\\/rotary.fi\\\/savonlinnanrotaryklubi\\\/kuvia-ja-tapahtumia-2019-2020\\\/\",\"url\":\"https:\\\/\\\/rotary.fi\\\/savonlinnanrotaryklubi\\\/kuvia-ja-tapahtumia-2019-2020\\\/\",\"name\":\"Kuvia ja tapahtumia 2019-2020 - Savonlinnan Rotaryklubi ry\",\"isPartOf\":{\"@id\":\"https:\\\/\\\/rotary.fi\\\/savonlinnanrotaryklubi\\\/#website\"},\"primaryImageOfPage\":{\"@id\":\"https:\\\/\\\/rotary.fi\\\/savonlinnanrotaryklubi\\\/kuvia-ja-tapahtumia-2019-2020\\\/#primaryimage\"},\"image\":{\"@id\":\"https:\\\/\\\/rotary.fi\\\/savonlinnanrotaryklubi\\\/kuvia-ja-tapahtumia-2019-2020\\\/#primaryimage\"},\"thumbnailUrl\":\"https:\\\/\\\/rotary.fi\\\/savonlinnanrotaryklubi\\\/wp-content\\\/uploads\\\/sites\\\/62\\\/2019\\\/07\\\/shelterbox-ari-ja-jarmo-785x1024.jpg\",\"datePublished\":\"2019-08-02T08:04:10+00:00\",\"breadcrumb\":{\"@id\":\"https:\\\/\\\/rotary.fi\\\/savonlinnanrotaryklubi\\\/kuvia-ja-tapahtumia-2019-2020\\\/#breadcrumb\"},\"inLanguage\":\"fi\",\"potentialAction\":[{\"@type\":\"ReadAction\",\"target\":[\"https:\\\/\\\/rotary.fi\\\/savonlinnanrotaryklubi\\\/kuvia-ja-tapahtumia-2019-2020\\\/\"]}]},{\"@type\":\"ImageObject\",\"inLanguage\":\"fi\",\"@id\":\"https:\\\/\\\/rotary.fi\\\/savonlinnanrotaryklubi\\\/kuvia-ja-tapahtumia-2019-2020\\\/#primaryimage\",\"url\":\"https:\\\/\\\/rotary.fi\\\/savonlinnanrotaryklubi\\\/wp-content\\\/uploads\\\/sites\\\/62\\\/2019\\\/07\\\/shelterbox-ari-ja-jarmo.jpg\",\"contentUrl\":\"https:\\\/\\\/rotary.fi\\\/savonlinnanrotaryklubi\\\/wp-content\\\/uploads\\\/sites\\\/62\\\/2019\\\/07\\\/shelterbox-ari-ja-jarmo.jpg\",\"width\":1570,\"height\":2048},{\"@type\":\"BreadcrumbList\",\"@id\":\"https:\\\/\\\/rotary.fi\\\/savonlinnanrotaryklubi\\\/kuvia-ja-tapahtumia-2019-2020\\\/#breadcrumb\",\"itemListElement\":[{\"@type\":\"ListItem\",\"position\":1,\"name\":\"Home\",\"item\":\"https:\\\/\\\/rotary.fi\\\/savonlinnanrotaryklubi\\\/\"},{\"@type\":\"ListItem\",\"position\":2,\"name\":\"Kuvia ja tapahtumia 2019-2020\"}]},{\"@type\":\"WebSite\",\"@id\":\"https:\\\/\\\/rotary.fi\\\/savonlinnanrotaryklubi\\\/#website\",\"url\":\"https:\\\/\\\/rotary.fi\\\/savonlinnanrotaryklubi\\\/\",\"name\":\"Savonlinnan Rotaryklubi ry\",\"description\":\"Uusi Rotary klubisivusto\",\"potentialAction\":[{\"@type\":\"SearchAction\",\"target\":{\"@type\":\"EntryPoint\",\"urlTemplate\":\"https:\\\/\\\/rotary.fi\\\/savonlinnanrotaryklubi\\\/?s={search_term_string}\"},\"query-input\":{\"@type\":\"PropertyValueSpecification\",\"valueRequired\":true,\"valueName\":\"search_term_string\"}}],\"inLanguage\":\"fi\"}]}<\/script>\n<!-- \/ Yoast SEO plugin. -->","yoast_head_json":{"title":"Kuvia ja tapahtumia 2019-2020 - Savonlinnan Rotaryklubi ry","robots":{"index":"index","follow":"follow","max-snippet":"max-snippet:-1","max-image-preview":"max-image-preview:large","max-video-preview":"max-video-preview:-1"},"canonical":"https:\/\/rotary.fi\/savonlinnanrotaryklubi\/kuvia-ja-tapahtumia-2019-2020\/","og_locale":"fi_FI","og_type":"article","og_title":"Kuvia ja tapahtumia 2019-2020 - Savonlinnan Rotaryklubi ry","og_description":"Shelterbox tapahtuma Satamapuistossa 11.7.2019 Kuvassa tapahtuman vet\u00e4j\u00e4 Arsi Anttonen ja presidentti Jarmo H\u00e4kkinen Klubin golfmestaruuskisat 31.7.2019 Kerigolfissa Voittaja P\u00e4ivi Ruuskanen","og_url":"https:\/\/rotary.fi\/savonlinnanrotaryklubi\/kuvia-ja-tapahtumia-2019-2020\/","og_site_name":"Savonlinnan Rotaryklubi ry","og_image":[{"url":"https:\/\/rotary.fi\/savonlinnanrotaryklubi\/wp-content\/uploads\/sites\/62\/2019\/07\/shelterbox-ari-ja-jarmo-785x1024.jpg","type":"","width":"","height":""}],"twitter_card":"summary_large_image","schema":{"@context":"https:\/\/schema.org","@graph":[{"@type":"WebPage","@id":"https:\/\/rotary.fi\/savonlinnanrotaryklubi\/kuvia-ja-tapahtumia-2019-2020\/","url":"https:\/\/rotary.fi\/savonlinnanrotaryklubi\/kuvia-ja-tapahtumia-2019-2020\/","name":"Kuvia ja tapahtumia 2019-2020 - Savonlinnan Rotaryklubi ry","isPartOf":{"@id":"https:\/\/rotary.fi\/savonlinnanrotaryklubi\/#website"},"primaryImageOfPage":{"@id":"https:\/\/rotary.fi\/savonlinnanrotaryklubi\/kuvia-ja-tapahtumia-2019-2020\/#primaryimage"},"image":{"@id":"https:\/\/rotary.fi\/savonlinnanrotaryklubi\/kuvia-ja-tapahtumia-2019-2020\/#primaryimage"},"thumbnailUrl":"https:\/\/rotary.fi\/savonlinnanrotaryklubi\/wp-content\/uploads\/sites\/62\/2019\/07\/shelterbox-ari-ja-jarmo-785x1024.jpg","datePublished":"2019-08-02T08:04:10+00:00","breadcrumb":{"@id":"https:\/\/rotary.fi\/savonlinnanrotaryklubi\/kuvia-ja-tapahtumia-2019-2020\/#breadcrumb"},"inLanguage":"fi","potentialAction":[{"@type":"ReadAction","target":["https:\/\/rotary.fi\/savonlinnanrotaryklubi\/kuvia-ja-tapahtumia-2019-2020\/"]}]},{"@type":"ImageObject","inLanguage":"fi","@id":"https:\/\/rotary.fi\/savonlinnanrotaryklubi\/kuvia-ja-tapahtumia-2019-2020\/#primaryimage","url":"https:\/\/rotary.fi\/savonlinnanrotaryklubi\/wp-content\/uploads\/sites\/62\/2019\/07\/shelterbox-ari-ja-jarmo.jpg","contentUrl":"https:\/\/rotary.fi\/savonlinnanrotaryklubi\/wp-content\/uploads\/sites\/62\/2019\/07\/shelterbox-ari-ja-jarmo.jpg","width":1570,"height":2048},{"@type":"BreadcrumbList","@id":"https:\/\/rotary.fi\/savonlinnanrotaryklubi\/kuvia-ja-tapahtumia-2019-2020\/#breadcrumb","itemListElement":[{"@type":"ListItem","position":1,"name":"Home","item":"https:\/\/rotary.fi\/savonlinnanrotaryklubi\/"},{"@type":"ListItem","position":2,"name":"Kuvia ja tapahtumia 2019-2020"}]},{"@type":"WebSite","@id":"https:\/\/rotary.fi\/savonlinnanrotaryklubi\/#website","url":"https:\/\/rotary.fi\/savonlinnanrotaryklubi\/","name":"Savonlinnan Rotaryklubi ry","description":"Uusi Rotary klubisivusto","potentialAction":[{"@type":"SearchAction","target":{"@type":"EntryPoint","urlTemplate":"https:\/\/rotary.fi\/savonlinnanrotaryklubi\/?s={search_term_string}"},"query-input":{"@type":"PropertyValueSpecification","valueRequired":true,"valueName":"search_term_string"}}],"inLanguage":"fi"}]}},"lang":"fi","translations":{"fi":2096},"pll_sync_post":[],"_links":{"self":[{"href":"https:\/\/rotary.fi\/savonlinnanrotaryklubi\/wp-json\/wp\/v2\/pages\/2096","targetHints":{"allow":["GET"]}}],"collection":[{"href":"https:\/\/rotary.fi\/savonlinnanrotaryklubi\/wp-json\/wp\/v2\/pages"}],"about":[{"href":"https:\/\/rotary.fi\/savonlinnanrotaryklubi\/wp-json\/wp\/v2\/types\/page"}],"author":[{"embeddable":true,"href":"https:\/\/rotary.fi\/savonlinnanrotaryklubi\/wp-json\/wp\/v2\/users\/60"}],"replies":[{"embeddable":true,"href":"https:\/\/rotary.fi\/savonlinnanrotaryklubi\/wp-json\/wp\/v2\/comments?post=2096"}],"version-history":[{"count":4,"href":"https:\/\/rotary.fi\/savonlinnanrotaryklubi\/wp-json\/wp\/v2\/pages\/2096\/revisions"}],"predecessor-version":[{"id":2100,"href":"https:\/\/rotary.fi\/savonlinnanrotaryklubi\/wp-json\/wp\/v2\/pages\/2096\/revisions\/2100"}],"wp:attachment":[{"href":"https:\/\/rotary.fi\/savonlinnanrotaryklubi\/wp-json\/wp\/v2\/media?parent=2096"}],"curies":[{"name":"wp","href":"https:\/\/api.w.org\/{rel}","templated":true}]}}