{"id":1726,"date":"2019-01-17T13:02:42","date_gmt":"2019-01-17T11:02:42","guid":{"rendered":"https:\/\/rotary.fi\/savonlinnanrotaryklubi\/?page_id=1726"},"modified":"2019-01-17T13:02:42","modified_gmt":"2019-01-17T11:02:42","slug":"stipendien-saajat-2018","status":"publish","type":"page","link":"https:\/\/rotary.fi\/savonlinnanrotaryklubi\/stipendien-saajat-2018\/","title":{"rendered":"Stipendien saajat 2018"},"content":{"rendered":"<div id=\"zone-top\" class=\"zone\"><\/div>\n<div id=\"content-middle\">\n<div id=\"zone-_main\" class=\"zone zone-_main-stuff\">\n<div id=\"token-205846\" class=\"token token-Content\">\n<p><a class=\"anchor\" name=\"anchor-205846\"><\/a><\/p>\n<div id=\"content-container-205849\" class=\"content-container\">\n<div>\n<table class=\"contentImageArea\">\n<tbody>\n<tr>\n<td class=\"captionModel0\"><a class=\"{&quot;htmlCaption&quot;:&quot;16 stipendin saajaa p\u00e4\u00e4si mukaan Savonlinnan Seurahuoneen Tosca-kabinetissa 27.12.2018 pidettyyn tilaisuuteen. Stipendirahaston asiamies Kari Tikkanen vasemmalla&quot;,&quot;h&quot;:&quot;627&quot;,&quot;w&quot;:&quot;940&quot;} cboxElement\" title=\"16 stipendin saajaa p\u00e4\u00e4si mukaan Savonlinnan Seurahuoneen Tosca-kabinetissa 27.12.2018 pidettyyn tilaisuuteen. Stipendirahaston asiamies Kari Tikkanen vasemmalla\" href=\"https:\/\/savonlinnanrotaryklubi.rotary.fi\/@Bin\/205855\/IMG_7739%20%282%29.jpeg\" rel=\"gallery-205846\"><img loading=\"lazy\" decoding=\"async\" src=\"https:\/\/savonlinnanrotaryklubi.rotary.fi\/@Bin\/205856\/IMG_7739%20%282%29.jpeg\" alt=\"\" width=\"326\" height=\"217\" \/><\/a><\/p>\n<div class=\"caption\">16 stipendin saajaa p\u00e4\u00e4si mukaan Savonlinnan Seurahuoneen Tosca-kabinetissa 27.12.2018 pidettyyn tilaisuuteen. Stipendirahaston asiamies Kari Tikkanen vasemmalla<\/div>\n<\/td>\n<\/tr>\n<\/tbody>\n<\/table>\n<\/div>\n<div id=\"content-text-205849\">\n<p>&nbsp;<\/p>\n<p>Savonlinnan Rotaryklubin Runar Anderssonin stipendirahasto jakoi 27.12.2018 yhteens\u00e4 21\u2009000 eurolla stipendej\u00e4 28:lle Savonlinnan seudulta kotoisin olevalle yliopisto- tai ammattikorkeakouluopiskelijalle.<\/p>\n<p>Stipendinsaajista noin puolet opiskelee teknisella alalla ja puolet muita aloja.<\/p>\n<p>Teknisen alan opiskelijoista stipendej\u00e4 saivat seuraavat opiskelijat (suluissa opintosuunta): Satu Innanen (ymp\u00e4rist\u00f6tekniikka), Emilia Karvinen (energia- ja ymp\u00e4rist\u00f6tekniikka), Riku Behm (tuotantotalous), Akseli K\u00e4rkk\u00e4inen (konetekniikka), Sanna Laukkanen (prosessitekniikka), Lassi Lehtisyrj\u00e4 (teknillinen fysiikka), Paul Sairanen (s\u00e4hk\u00f6tekniikka), Erik Lajunen (tuotantotalous), Nils Ohenoja (mechanical engineering), Eemeli Kervinen (rakennustekniikka), Riikka Kinnunen (energia- ja ymp\u00e4rist\u00f6tekniikka), Niko Muukkonen (tietotekniikka), Kalle Huttunen (tuotantotalous), Eeropekka Luukkainen (prosessitekniikka).<\/p>\n<p>Muiden kuin teknisten alojen opiskelijoista stipendej\u00e4 saivat seuraavat opiskelijat: Verneri Bruce (liiketalous), Marjaana H\u00e4yrinen (l\u00e4\u00e4ketiede), Sanni Solonen (farmasia), Sampo Hyttinen (kauppatiede), Nelli Turunen (matkailu), Veera Harju (englanti), Tiia Rouhiainen (ensihoito), Topi Issakainen (kauppatiede), Anna Makkonen (hoitotiede), Riikka Parviainen (kasvatustiede), Santeri Rautiainen (musiikki), Aino Kovanen (musiikki), Satumaari Ventel\u00e4 (rauhantutkimus), Marianne Kosonen (l\u00e4\u00e4ketiede).<\/p>\n<\/div>\n<\/div>\n<\/div>\n<\/div>\n<\/div>\n","protected":false},"excerpt":{"rendered":"<p>16 stipendin saajaa p\u00e4\u00e4si mukaan Savonlinnan Seurahuoneen Tosca-kabinetissa 27.12.2018 pidettyyn tilaisuuteen. Stipendirahaston asiamies Kari Tikkanen vasemmalla &nbsp; Savonlinnan Rotaryklubin Runar Anderssonin stipendirahasto jakoi 27.12.2018 yhteens\u00e4 21\u2009000 eurolla stipendej\u00e4 28:lle Savonlinnan seudulta kotoisin olevalle yliopisto- tai ammattikorkeakouluopiskelijalle. Stipendinsaajista noin puolet opiskelee teknisella alalla ja puolet muita aloja. Teknisen alan opiskelijoista stipendej\u00e4 saivat seuraavat opiskelijat (suluissa opintosuunta): [&hellip;]<\/p>\n","protected":false},"author":60,"featured_media":0,"parent":0,"menu_order":0,"comment_status":"closed","ping_status":"closed","template":"","meta":{"_acf_changed":false,"_et_pb_use_builder":"","_et_pb_old_content":"","_et_gb_content_width":"","footnotes":""},"class_list":["post-1726","page","type-page","status-publish","hentry"],"acf":[],"yoast_head":"<!-- This site is optimized with the Yoast SEO plugin v27.0 - https:\/\/yoast.com\/product\/yoast-seo-wordpress\/ -->\n<title>Stipendien saajat 2018 - Savonlinnan Rotaryklubi ry<\/title>\n<meta name=\"robots\" content=\"index, follow, max-snippet:-1, max-image-preview:large, max-video-preview:-1\" \/>\n<link rel=\"canonical\" href=\"https:\/\/rotary.fi\/savonlinnanrotaryklubi\/stipendien-saajat-2018\/\" \/>\n<meta property=\"og:locale\" content=\"fi_FI\" \/>\n<meta property=\"og:type\" content=\"article\" \/>\n<meta property=\"og:title\" content=\"Stipendien saajat 2018 - Savonlinnan Rotaryklubi ry\" \/>\n<meta property=\"og:description\" content=\"16 stipendin saajaa p\u00e4\u00e4si mukaan Savonlinnan Seurahuoneen Tosca-kabinetissa 27.12.2018 pidettyyn tilaisuuteen. Stipendirahaston asiamies Kari Tikkanen vasemmalla &nbsp; Savonlinnan Rotaryklubin Runar Anderssonin stipendirahasto jakoi 27.12.2018 yhteens\u00e4 21\u2009000 eurolla stipendej\u00e4 28:lle Savonlinnan seudulta kotoisin olevalle yliopisto- tai ammattikorkeakouluopiskelijalle. Stipendinsaajista noin puolet opiskelee teknisella alalla ja puolet muita aloja. Teknisen alan opiskelijoista stipendej\u00e4 saivat seuraavat opiskelijat (suluissa opintosuunta): [&hellip;]\" \/>\n<meta property=\"og:url\" content=\"https:\/\/rotary.fi\/savonlinnanrotaryklubi\/stipendien-saajat-2018\/\" \/>\n<meta property=\"og:site_name\" content=\"Savonlinnan Rotaryklubi ry\" \/>\n<meta property=\"og:image\" content=\"https:\/\/savonlinnanrotaryklubi.rotary.fi\/@Bin\/205856\/IMG_7739%20%282%29.jpeg\" \/>\n<meta name=\"twitter:card\" content=\"summary_large_image\" \/>\n<meta name=\"twitter:label1\" content=\"Arvioitu lukuaika\" \/>\n\t<meta name=\"twitter:data1\" content=\"1 minuutti\" \/>\n<script type=\"application\/ld+json\" class=\"yoast-schema-graph\">{\"@context\":\"https:\/\/schema.org\",\"@graph\":[{\"@type\":\"WebPage\",\"@id\":\"https:\/\/rotary.fi\/savonlinnanrotaryklubi\/stipendien-saajat-2018\/\",\"url\":\"https:\/\/rotary.fi\/savonlinnanrotaryklubi\/stipendien-saajat-2018\/\",\"name\":\"Stipendien saajat 2018 - Savonlinnan Rotaryklubi ry\",\"isPartOf\":{\"@id\":\"https:\/\/rotary.fi\/savonlinnanrotaryklubi\/#website\"},\"primaryImageOfPage\":{\"@id\":\"https:\/\/rotary.fi\/savonlinnanrotaryklubi\/stipendien-saajat-2018\/#primaryimage\"},\"image\":{\"@id\":\"https:\/\/rotary.fi\/savonlinnanrotaryklubi\/stipendien-saajat-2018\/#primaryimage\"},\"thumbnailUrl\":\"https:\/\/savonlinnanrotaryklubi.rotary.fi\/@Bin\/205856\/IMG_7739%20%282%29.jpeg\",\"datePublished\":\"2019-01-17T11:02:42+00:00\",\"breadcrumb\":{\"@id\":\"https:\/\/rotary.fi\/savonlinnanrotaryklubi\/stipendien-saajat-2018\/#breadcrumb\"},\"inLanguage\":\"fi\",\"potentialAction\":[{\"@type\":\"ReadAction\",\"target\":[\"https:\/\/rotary.fi\/savonlinnanrotaryklubi\/stipendien-saajat-2018\/\"]}]},{\"@type\":\"ImageObject\",\"inLanguage\":\"fi\",\"@id\":\"https:\/\/rotary.fi\/savonlinnanrotaryklubi\/stipendien-saajat-2018\/#primaryimage\",\"url\":\"https:\/\/savonlinnanrotaryklubi.rotary.fi\/@Bin\/205856\/IMG_7739%20%282%29.jpeg\",\"contentUrl\":\"https:\/\/savonlinnanrotaryklubi.rotary.fi\/@Bin\/205856\/IMG_7739%20%282%29.jpeg\"},{\"@type\":\"BreadcrumbList\",\"@id\":\"https:\/\/rotary.fi\/savonlinnanrotaryklubi\/stipendien-saajat-2018\/#breadcrumb\",\"itemListElement\":[{\"@type\":\"ListItem\",\"position\":1,\"name\":\"Home\",\"item\":\"https:\/\/rotary.fi\/savonlinnanrotaryklubi\/\"},{\"@type\":\"ListItem\",\"position\":2,\"name\":\"Stipendien saajat 2018\"}]},{\"@type\":\"WebSite\",\"@id\":\"https:\/\/rotary.fi\/savonlinnanrotaryklubi\/#website\",\"url\":\"https:\/\/rotary.fi\/savonlinnanrotaryklubi\/\",\"name\":\"Savonlinnan Rotaryklubi ry\",\"description\":\"Uusi Rotary klubisivusto\",\"potentialAction\":[{\"@type\":\"SearchAction\",\"target\":{\"@type\":\"EntryPoint\",\"urlTemplate\":\"https:\/\/rotary.fi\/savonlinnanrotaryklubi\/?s={search_term_string}\"},\"query-input\":{\"@type\":\"PropertyValueSpecification\",\"valueRequired\":true,\"valueName\":\"search_term_string\"}}],\"inLanguage\":\"fi\"}]}<\/script>\n<!-- \/ Yoast SEO plugin. -->","yoast_head_json":{"title":"Stipendien saajat 2018 - Savonlinnan Rotaryklubi ry","robots":{"index":"index","follow":"follow","max-snippet":"max-snippet:-1","max-image-preview":"max-image-preview:large","max-video-preview":"max-video-preview:-1"},"canonical":"https:\/\/rotary.fi\/savonlinnanrotaryklubi\/stipendien-saajat-2018\/","og_locale":"fi_FI","og_type":"article","og_title":"Stipendien saajat 2018 - Savonlinnan Rotaryklubi ry","og_description":"16 stipendin saajaa p\u00e4\u00e4si mukaan Savonlinnan Seurahuoneen Tosca-kabinetissa 27.12.2018 pidettyyn tilaisuuteen. Stipendirahaston asiamies Kari Tikkanen vasemmalla &nbsp; Savonlinnan Rotaryklubin Runar Anderssonin stipendirahasto jakoi 27.12.2018 yhteens\u00e4 21\u2009000 eurolla stipendej\u00e4 28:lle Savonlinnan seudulta kotoisin olevalle yliopisto- tai ammattikorkeakouluopiskelijalle. Stipendinsaajista noin puolet opiskelee teknisella alalla ja puolet muita aloja. Teknisen alan opiskelijoista stipendej\u00e4 saivat seuraavat opiskelijat (suluissa opintosuunta): [&hellip;]","og_url":"https:\/\/rotary.fi\/savonlinnanrotaryklubi\/stipendien-saajat-2018\/","og_site_name":"Savonlinnan Rotaryklubi ry","og_image":[{"url":"https:\/\/savonlinnanrotaryklubi.rotary.fi\/@Bin\/205856\/IMG_7739%20%282%29.jpeg","type":"","width":"","height":""}],"twitter_card":"summary_large_image","twitter_misc":{"Arvioitu lukuaika":"1 minuutti"},"schema":{"@context":"https:\/\/schema.org","@graph":[{"@type":"WebPage","@id":"https:\/\/rotary.fi\/savonlinnanrotaryklubi\/stipendien-saajat-2018\/","url":"https:\/\/rotary.fi\/savonlinnanrotaryklubi\/stipendien-saajat-2018\/","name":"Stipendien saajat 2018 - Savonlinnan Rotaryklubi ry","isPartOf":{"@id":"https:\/\/rotary.fi\/savonlinnanrotaryklubi\/#website"},"primaryImageOfPage":{"@id":"https:\/\/rotary.fi\/savonlinnanrotaryklubi\/stipendien-saajat-2018\/#primaryimage"},"image":{"@id":"https:\/\/rotary.fi\/savonlinnanrotaryklubi\/stipendien-saajat-2018\/#primaryimage"},"thumbnailUrl":"https:\/\/savonlinnanrotaryklubi.rotary.fi\/@Bin\/205856\/IMG_7739%20%282%29.jpeg","datePublished":"2019-01-17T11:02:42+00:00","breadcrumb":{"@id":"https:\/\/rotary.fi\/savonlinnanrotaryklubi\/stipendien-saajat-2018\/#breadcrumb"},"inLanguage":"fi","potentialAction":[{"@type":"ReadAction","target":["https:\/\/rotary.fi\/savonlinnanrotaryklubi\/stipendien-saajat-2018\/"]}]},{"@type":"ImageObject","inLanguage":"fi","@id":"https:\/\/rotary.fi\/savonlinnanrotaryklubi\/stipendien-saajat-2018\/#primaryimage","url":"https:\/\/savonlinnanrotaryklubi.rotary.fi\/@Bin\/205856\/IMG_7739%20%282%29.jpeg","contentUrl":"https:\/\/savonlinnanrotaryklubi.rotary.fi\/@Bin\/205856\/IMG_7739%20%282%29.jpeg"},{"@type":"BreadcrumbList","@id":"https:\/\/rotary.fi\/savonlinnanrotaryklubi\/stipendien-saajat-2018\/#breadcrumb","itemListElement":[{"@type":"ListItem","position":1,"name":"Home","item":"https:\/\/rotary.fi\/savonlinnanrotaryklubi\/"},{"@type":"ListItem","position":2,"name":"Stipendien saajat 2018"}]},{"@type":"WebSite","@id":"https:\/\/rotary.fi\/savonlinnanrotaryklubi\/#website","url":"https:\/\/rotary.fi\/savonlinnanrotaryklubi\/","name":"Savonlinnan Rotaryklubi ry","description":"Uusi Rotary klubisivusto","potentialAction":[{"@type":"SearchAction","target":{"@type":"EntryPoint","urlTemplate":"https:\/\/rotary.fi\/savonlinnanrotaryklubi\/?s={search_term_string}"},"query-input":{"@type":"PropertyValueSpecification","valueRequired":true,"valueName":"search_term_string"}}],"inLanguage":"fi"}]}},"lang":"fi","translations":{"fi":1726},"pll_sync_post":[],"_links":{"self":[{"href":"https:\/\/rotary.fi\/savonlinnanrotaryklubi\/wp-json\/wp\/v2\/pages\/1726","targetHints":{"allow":["GET"]}}],"collection":[{"href":"https:\/\/rotary.fi\/savonlinnanrotaryklubi\/wp-json\/wp\/v2\/pages"}],"about":[{"href":"https:\/\/rotary.fi\/savonlinnanrotaryklubi\/wp-json\/wp\/v2\/types\/page"}],"author":[{"embeddable":true,"href":"https:\/\/rotary.fi\/savonlinnanrotaryklubi\/wp-json\/wp\/v2\/users\/60"}],"replies":[{"embeddable":true,"href":"https:\/\/rotary.fi\/savonlinnanrotaryklubi\/wp-json\/wp\/v2\/comments?post=1726"}],"version-history":[{"count":2,"href":"https:\/\/rotary.fi\/savonlinnanrotaryklubi\/wp-json\/wp\/v2\/pages\/1726\/revisions"}],"predecessor-version":[{"id":1728,"href":"https:\/\/rotary.fi\/savonlinnanrotaryklubi\/wp-json\/wp\/v2\/pages\/1726\/revisions\/1728"}],"wp:attachment":[{"href":"https:\/\/rotary.fi\/savonlinnanrotaryklubi\/wp-json\/wp\/v2\/media?parent=1726"}],"curies":[{"name":"wp","href":"https:\/\/api.w.org\/{rel}","templated":true}]}}