{"id":1721,"date":"2019-01-17T12:58:58","date_gmt":"2019-01-17T10:58:58","guid":{"rendered":"https:\/\/rotary.fi\/savonlinnanrotaryklubi\/?page_id=1721"},"modified":"2019-01-17T12:58:58","modified_gmt":"2019-01-17T10:58:58","slug":"stipendien-saajat-2017","status":"publish","type":"page","link":"https:\/\/rotary.fi\/savonlinnanrotaryklubi\/stipendien-saajat-2017\/","title":{"rendered":"Stipendien saajat 2017"},"content":{"rendered":"<div id=\"content-main\">\n<div id=\"content-container-193885\" class=\"content-container\">\n<table class=\"contentImageArea\">\n<tbody>\n<tr>\n<td class=\"captionModel2\"><a class=\"{&quot;w&quot;:&quot;940&quot;,&quot;htmlCaption&quot;:&quot;Stipedien saajat 2017 yhteiskuvassa (paikalle p\u00e4\u00e4sseet) mukana kuvassa my\u00f6s presidentti Pellervo Kokkonen ja rahaston asiamies Kari Tikkanen &quot;,&quot;h&quot;:&quot;705&quot;} cboxElement\" title=\"Stipedien saajat 2017 yhteiskuvassa (paikalle p\u00e4\u00e4sseet) mukana kuvassa my\u00f6s presidentti Pellervo Kokkonen ja rahaston asiamies Kari Tikkanen \" href=\"https:\/\/savonlinnanrotaryklubi.rotary.fi\/@Bin\/193891\/IMG_3535.jpeg\" rel=\"gallery-193882\"><img loading=\"lazy\" decoding=\"async\" src=\"https:\/\/savonlinnanrotaryklubi.rotary.fi\/@Bin\/199679\/IMG_3535.jpeg\" alt=\"\" width=\"326\" height=\"244\" \/><\/a><\/p>\n<div class=\"caption\">Stipedien saajat 2017 yhteiskuvassa (paikalle p\u00e4\u00e4sseet) mukana kuvassa my\u00f6s presidentti Pellervo Kokkonen ja rahaston asiamies Kari Tikkanen<\/div>\n<\/td>\n<\/tr>\n<\/tbody>\n<\/table>\n<div id=\"content-text-193885\"><\/div>\n<\/div>\n<div id=\"content-middle\">\n<div id=\"zone-_main\" class=\"zone zone-_main-stuff\">\n<div id=\"token-193882\" class=\"token token-Content\">\n<p><a class=\"anchor\" name=\"anchor-193882\"><\/a><\/p>\n<div id=\"content-container-193885\" class=\"content-container\">\n<div id=\"token-193904\" class=\"token token-Content\">\n<p><a class=\"anchor\" name=\"anchor-193904\"><\/a><\/p>\n<div id=\"content-container-193907\" class=\"content-container\">\n<div id=\"content-text-193907\">\n<h4>Savonlinnan Rotaryklubi jakoi stipendej\u00e4 ansioituneille opiskelijoille<\/h4>\n<p>Stipendin saivat 28.12.2017 Wanhalla Kasinolla seuraavat Savonlinnan talousalueelta kotoisin olevat opiskelijat:<\/p>\n<p>Katri Vauhkonen, tuotantotalous, Lappeenrannan teknillinen yliopisto<br \/>\nToni Vanninen, prosessitekniikka, Xamk<br \/>\nJoni Rautiainen, tietotekniikka, Aalto yliopisto<br \/>\nRiina Kupiainen, energiatekniikka, Karelia AMK<br \/>\nMira Holopainen, tuotantotalous, Lappeenrannan teknillinen yliopisto<br \/>\nJussi Huittinen, tuotantotalous, Lappeenrannan teknillinen yliopisto<br \/>\nTommi Virkki, energiatekniikka, Lappeenrannan teknillinen yliopisto<br \/>\nVille H\u00e4rk\u00f6nen, kone- ja tuotantotekniikka, Savonia AMK<br \/>\nJoonas Kosonen, fysiikka, It\u00e4-Suomen yliopisto<br \/>\nJenni Hyttinen, kauppatiede, Lappeenrannan teknillinen yliopisto<br \/>\nJuho Keskinen, kauppatiede, Tampereen yliopisto<br \/>\nViivi Virolainen, liiketalous, Saimaa AMK<br \/>\nKati Laukkanen, sosiaaliala, Saimaa AMK<br \/>\nElla Honkanen, liiketalous, Jyv\u00e4skyl\u00e4n AMK<br \/>\nVille Herttuainen, sotatiede, Maanpuolustuskorkeakoulu<br \/>\nPeppi Turunen, yhteis\u00f6pedagokiikka, Humak<br \/>\nOpri Laamanen, matkailu, Satakunnan AMK<br \/>\nLassi Ruutiainen, kulttuurihistoria, Turun yliopisto<br \/>\nHilla Ruuskanen, grafiikka, Aalto yliopisto<br \/>\nJuuso Lajunen, musiikkikasvatus, Sibelius Akatemia<br \/>\nElina Loikkanen, kasvatustiede, It\u00e4-Suomen yliopisto<br \/>\nMarianne Holopainen, psykologia, Helsingin yliopisto<br \/>\nJutta Liimatta, optometria, Metropolia AMK Helsinki<\/p>\n<\/div>\n<\/div>\n<\/div>\n<\/div>\n<\/div>\n<div class=\"tmv3-drop-zone-end-holder token\"><\/div>\n<\/div>\n<\/div>\n<\/div>\n<hr class=\"clear\" \/>\n<div>\n<div id=\"zone-bottom\" class=\"zone\">\n<div class=\"tmv3-drop-zone-end-holder token\"><\/div>\n<\/div>\n<\/div>\n","protected":false},"excerpt":{"rendered":"<p>Stipedien saajat 2017 yhteiskuvassa (paikalle p\u00e4\u00e4sseet) mukana kuvassa my\u00f6s presidentti Pellervo Kokkonen ja rahaston asiamies Kari Tikkanen Savonlinnan Rotaryklubi jakoi stipendej\u00e4 ansioituneille opiskelijoille Stipendin saivat 28.12.2017 Wanhalla Kasinolla seuraavat Savonlinnan talousalueelta kotoisin olevat opiskelijat: Katri Vauhkonen, tuotantotalous, Lappeenrannan teknillinen yliopisto Toni Vanninen, prosessitekniikka, Xamk Joni Rautiainen, tietotekniikka, Aalto yliopisto Riina Kupiainen, energiatekniikka, Karelia AMK Mira [&hellip;]<\/p>\n","protected":false},"author":60,"featured_media":0,"parent":0,"menu_order":0,"comment_status":"closed","ping_status":"closed","template":"","meta":{"_acf_changed":false,"_et_pb_use_builder":"","_et_pb_old_content":"","_et_gb_content_width":"","footnotes":""},"class_list":["post-1721","page","type-page","status-publish","hentry"],"acf":[],"yoast_head":"<!-- This site is optimized with the Yoast SEO plugin v27.0 - https:\/\/yoast.com\/product\/yoast-seo-wordpress\/ -->\n<title>Stipendien saajat 2017 - Savonlinnan Rotaryklubi ry<\/title>\n<meta name=\"robots\" content=\"index, follow, max-snippet:-1, max-image-preview:large, max-video-preview:-1\" \/>\n<link rel=\"canonical\" href=\"https:\/\/rotary.fi\/savonlinnanrotaryklubi\/stipendien-saajat-2017\/\" \/>\n<meta property=\"og:locale\" content=\"fi_FI\" \/>\n<meta property=\"og:type\" content=\"article\" \/>\n<meta property=\"og:title\" content=\"Stipendien saajat 2017 - Savonlinnan Rotaryklubi ry\" \/>\n<meta property=\"og:description\" content=\"Stipedien saajat 2017 yhteiskuvassa (paikalle p\u00e4\u00e4sseet) mukana kuvassa my\u00f6s presidentti Pellervo Kokkonen ja rahaston asiamies Kari Tikkanen Savonlinnan Rotaryklubi jakoi stipendej\u00e4 ansioituneille opiskelijoille Stipendin saivat 28.12.2017 Wanhalla Kasinolla seuraavat Savonlinnan talousalueelta kotoisin olevat opiskelijat: Katri Vauhkonen, tuotantotalous, Lappeenrannan teknillinen yliopisto Toni Vanninen, prosessitekniikka, Xamk Joni Rautiainen, tietotekniikka, Aalto yliopisto Riina Kupiainen, energiatekniikka, Karelia AMK Mira [&hellip;]\" \/>\n<meta property=\"og:url\" content=\"https:\/\/rotary.fi\/savonlinnanrotaryklubi\/stipendien-saajat-2017\/\" \/>\n<meta property=\"og:site_name\" content=\"Savonlinnan Rotaryklubi ry\" \/>\n<meta property=\"og:image\" content=\"https:\/\/savonlinnanrotaryklubi.rotary.fi\/@Bin\/199679\/IMG_3535.jpeg\" \/>\n<meta name=\"twitter:card\" content=\"summary_large_image\" \/>\n<meta name=\"twitter:label1\" content=\"Arvioitu lukuaika\" \/>\n\t<meta name=\"twitter:data1\" content=\"1 minuutti\" \/>\n<script type=\"application\/ld+json\" class=\"yoast-schema-graph\">{\"@context\":\"https:\/\/schema.org\",\"@graph\":[{\"@type\":\"WebPage\",\"@id\":\"https:\/\/rotary.fi\/savonlinnanrotaryklubi\/stipendien-saajat-2017\/\",\"url\":\"https:\/\/rotary.fi\/savonlinnanrotaryklubi\/stipendien-saajat-2017\/\",\"name\":\"Stipendien saajat 2017 - Savonlinnan Rotaryklubi ry\",\"isPartOf\":{\"@id\":\"https:\/\/rotary.fi\/savonlinnanrotaryklubi\/#website\"},\"primaryImageOfPage\":{\"@id\":\"https:\/\/rotary.fi\/savonlinnanrotaryklubi\/stipendien-saajat-2017\/#primaryimage\"},\"image\":{\"@id\":\"https:\/\/rotary.fi\/savonlinnanrotaryklubi\/stipendien-saajat-2017\/#primaryimage\"},\"thumbnailUrl\":\"https:\/\/savonlinnanrotaryklubi.rotary.fi\/@Bin\/199679\/IMG_3535.jpeg\",\"datePublished\":\"2019-01-17T10:58:58+00:00\",\"breadcrumb\":{\"@id\":\"https:\/\/rotary.fi\/savonlinnanrotaryklubi\/stipendien-saajat-2017\/#breadcrumb\"},\"inLanguage\":\"fi\",\"potentialAction\":[{\"@type\":\"ReadAction\",\"target\":[\"https:\/\/rotary.fi\/savonlinnanrotaryklubi\/stipendien-saajat-2017\/\"]}]},{\"@type\":\"ImageObject\",\"inLanguage\":\"fi\",\"@id\":\"https:\/\/rotary.fi\/savonlinnanrotaryklubi\/stipendien-saajat-2017\/#primaryimage\",\"url\":\"https:\/\/savonlinnanrotaryklubi.rotary.fi\/@Bin\/199679\/IMG_3535.jpeg\",\"contentUrl\":\"https:\/\/savonlinnanrotaryklubi.rotary.fi\/@Bin\/199679\/IMG_3535.jpeg\"},{\"@type\":\"BreadcrumbList\",\"@id\":\"https:\/\/rotary.fi\/savonlinnanrotaryklubi\/stipendien-saajat-2017\/#breadcrumb\",\"itemListElement\":[{\"@type\":\"ListItem\",\"position\":1,\"name\":\"Home\",\"item\":\"https:\/\/rotary.fi\/savonlinnanrotaryklubi\/\"},{\"@type\":\"ListItem\",\"position\":2,\"name\":\"Stipendien saajat 2017\"}]},{\"@type\":\"WebSite\",\"@id\":\"https:\/\/rotary.fi\/savonlinnanrotaryklubi\/#website\",\"url\":\"https:\/\/rotary.fi\/savonlinnanrotaryklubi\/\",\"name\":\"Savonlinnan Rotaryklubi ry\",\"description\":\"Uusi Rotary klubisivusto\",\"potentialAction\":[{\"@type\":\"SearchAction\",\"target\":{\"@type\":\"EntryPoint\",\"urlTemplate\":\"https:\/\/rotary.fi\/savonlinnanrotaryklubi\/?s={search_term_string}\"},\"query-input\":{\"@type\":\"PropertyValueSpecification\",\"valueRequired\":true,\"valueName\":\"search_term_string\"}}],\"inLanguage\":\"fi\"}]}<\/script>\n<!-- \/ Yoast SEO plugin. -->","yoast_head_json":{"title":"Stipendien saajat 2017 - Savonlinnan Rotaryklubi ry","robots":{"index":"index","follow":"follow","max-snippet":"max-snippet:-1","max-image-preview":"max-image-preview:large","max-video-preview":"max-video-preview:-1"},"canonical":"https:\/\/rotary.fi\/savonlinnanrotaryklubi\/stipendien-saajat-2017\/","og_locale":"fi_FI","og_type":"article","og_title":"Stipendien saajat 2017 - Savonlinnan Rotaryklubi ry","og_description":"Stipedien saajat 2017 yhteiskuvassa (paikalle p\u00e4\u00e4sseet) mukana kuvassa my\u00f6s presidentti Pellervo Kokkonen ja rahaston asiamies Kari Tikkanen Savonlinnan Rotaryklubi jakoi stipendej\u00e4 ansioituneille opiskelijoille Stipendin saivat 28.12.2017 Wanhalla Kasinolla seuraavat Savonlinnan talousalueelta kotoisin olevat opiskelijat: Katri Vauhkonen, tuotantotalous, Lappeenrannan teknillinen yliopisto Toni Vanninen, prosessitekniikka, Xamk Joni Rautiainen, tietotekniikka, Aalto yliopisto Riina Kupiainen, energiatekniikka, Karelia AMK Mira [&hellip;]","og_url":"https:\/\/rotary.fi\/savonlinnanrotaryklubi\/stipendien-saajat-2017\/","og_site_name":"Savonlinnan Rotaryklubi ry","og_image":[{"url":"https:\/\/savonlinnanrotaryklubi.rotary.fi\/@Bin\/199679\/IMG_3535.jpeg","type":"","width":"","height":""}],"twitter_card":"summary_large_image","twitter_misc":{"Arvioitu lukuaika":"1 minuutti"},"schema":{"@context":"https:\/\/schema.org","@graph":[{"@type":"WebPage","@id":"https:\/\/rotary.fi\/savonlinnanrotaryklubi\/stipendien-saajat-2017\/","url":"https:\/\/rotary.fi\/savonlinnanrotaryklubi\/stipendien-saajat-2017\/","name":"Stipendien saajat 2017 - Savonlinnan Rotaryklubi ry","isPartOf":{"@id":"https:\/\/rotary.fi\/savonlinnanrotaryklubi\/#website"},"primaryImageOfPage":{"@id":"https:\/\/rotary.fi\/savonlinnanrotaryklubi\/stipendien-saajat-2017\/#primaryimage"},"image":{"@id":"https:\/\/rotary.fi\/savonlinnanrotaryklubi\/stipendien-saajat-2017\/#primaryimage"},"thumbnailUrl":"https:\/\/savonlinnanrotaryklubi.rotary.fi\/@Bin\/199679\/IMG_3535.jpeg","datePublished":"2019-01-17T10:58:58+00:00","breadcrumb":{"@id":"https:\/\/rotary.fi\/savonlinnanrotaryklubi\/stipendien-saajat-2017\/#breadcrumb"},"inLanguage":"fi","potentialAction":[{"@type":"ReadAction","target":["https:\/\/rotary.fi\/savonlinnanrotaryklubi\/stipendien-saajat-2017\/"]}]},{"@type":"ImageObject","inLanguage":"fi","@id":"https:\/\/rotary.fi\/savonlinnanrotaryklubi\/stipendien-saajat-2017\/#primaryimage","url":"https:\/\/savonlinnanrotaryklubi.rotary.fi\/@Bin\/199679\/IMG_3535.jpeg","contentUrl":"https:\/\/savonlinnanrotaryklubi.rotary.fi\/@Bin\/199679\/IMG_3535.jpeg"},{"@type":"BreadcrumbList","@id":"https:\/\/rotary.fi\/savonlinnanrotaryklubi\/stipendien-saajat-2017\/#breadcrumb","itemListElement":[{"@type":"ListItem","position":1,"name":"Home","item":"https:\/\/rotary.fi\/savonlinnanrotaryklubi\/"},{"@type":"ListItem","position":2,"name":"Stipendien saajat 2017"}]},{"@type":"WebSite","@id":"https:\/\/rotary.fi\/savonlinnanrotaryklubi\/#website","url":"https:\/\/rotary.fi\/savonlinnanrotaryklubi\/","name":"Savonlinnan Rotaryklubi ry","description":"Uusi Rotary klubisivusto","potentialAction":[{"@type":"SearchAction","target":{"@type":"EntryPoint","urlTemplate":"https:\/\/rotary.fi\/savonlinnanrotaryklubi\/?s={search_term_string}"},"query-input":{"@type":"PropertyValueSpecification","valueRequired":true,"valueName":"search_term_string"}}],"inLanguage":"fi"}]}},"lang":"fi","translations":{"fi":1721},"pll_sync_post":[],"_links":{"self":[{"href":"https:\/\/rotary.fi\/savonlinnanrotaryklubi\/wp-json\/wp\/v2\/pages\/1721","targetHints":{"allow":["GET"]}}],"collection":[{"href":"https:\/\/rotary.fi\/savonlinnanrotaryklubi\/wp-json\/wp\/v2\/pages"}],"about":[{"href":"https:\/\/rotary.fi\/savonlinnanrotaryklubi\/wp-json\/wp\/v2\/types\/page"}],"author":[{"embeddable":true,"href":"https:\/\/rotary.fi\/savonlinnanrotaryklubi\/wp-json\/wp\/v2\/users\/60"}],"replies":[{"embeddable":true,"href":"https:\/\/rotary.fi\/savonlinnanrotaryklubi\/wp-json\/wp\/v2\/comments?post=1721"}],"version-history":[{"count":3,"href":"https:\/\/rotary.fi\/savonlinnanrotaryklubi\/wp-json\/wp\/v2\/pages\/1721\/revisions"}],"predecessor-version":[{"id":1724,"href":"https:\/\/rotary.fi\/savonlinnanrotaryklubi\/wp-json\/wp\/v2\/pages\/1721\/revisions\/1724"}],"wp:attachment":[{"href":"https:\/\/rotary.fi\/savonlinnanrotaryklubi\/wp-json\/wp\/v2\/media?parent=1721"}],"curies":[{"name":"wp","href":"https:\/\/api.w.org\/{rel}","templated":true}]}}