{"id":1716,"date":"2019-01-17T12:52:12","date_gmt":"2019-01-17T10:52:12","guid":{"rendered":"https:\/\/rotary.fi\/savonlinnanrotaryklubi\/?page_id=1716"},"modified":"2019-01-17T12:52:12","modified_gmt":"2019-01-17T10:52:12","slug":"stipendien-jakotilaisuus-29-12-2016","status":"publish","type":"page","link":"https:\/\/rotary.fi\/savonlinnanrotaryklubi\/stipendien-jakotilaisuus-29-12-2016\/","title":{"rendered":"Stipendien jakotilaisuus 29.12.2016"},"content":{"rendered":"<div id=\"zone-right-onlyfordroppable\" class=\"zone\">\n<div id=\"token-185704\" class=\"token token-Content\">\n<div class=\"tmv3-bar tmv3-token-Content-185704\">\n<div class=\"tmv3-menu\"><\/div>\n<p><span class=\"tmv3-handle tmv3-handle-Content-185704 ui-draggable\" title=\"Siirr\u00e4 osiota tarttumalla t\u00e4st\u00e4\"><img decoding=\"async\" src=\"https:\/\/s.freemore.com\/editmode\/icons\/arrow-move.png?R=1546522358\" \/><\/span><\/p>\n<\/div>\n<div id=\"content-container-185707\" class=\"content-container\">\n<table class=\"contentImageArea\">\n<tbody>\n<tr>\n<td class=\"captionModel2\"><a href=\"https:\/\/savonlinnanrotaryklubi.rotary.fi\/@Bin\/185742\/IMG_9727%20%282%29.jpeg\" target=\"_blank\" rel=\"noopener\"><img loading=\"lazy\" decoding=\"async\" src=\"https:\/\/savonlinnanrotaryklubi.rotary.fi\/@Bin\/185724\/IMG_9727%20%282%29.jpeg\" alt=\"\" width=\"326\" height=\"435\" \/><\/a><\/p>\n<div class=\"caption\">Presidentti Pekka Huovila luovuttaa Jaakko Vihmaalle kunniaj\u00e4senyydest\u00e4 kunniakirjan<\/div>\n<\/td>\n<\/tr>\n<tr>\n<td class=\"captionModel2\"><a href=\"https:\/\/savonlinnanrotaryklubi.rotary.fi\/@Bin\/186760\/IMG_9729%20%282%29.jpeg\" target=\"_blank\" rel=\"noopener\"><img loading=\"lazy\" decoding=\"async\" src=\"https:\/\/savonlinnanrotaryklubi.rotary.fi\/@Bin\/205340\/IMG_9729%20%282%29.jpeg\" alt=\"\" width=\"326\" height=\"489\" \/><\/a><\/p>\n<div class=\"caption\">Vaihto-oppilas Stefania Vega-Vaez luovuttaa klubille lahjan<\/div>\n<\/td>\n<\/tr>\n<tr>\n<td class=\"captionModel2\"><a href=\"https:\/\/savonlinnanrotaryklubi.rotary.fi\/@Bin\/185744\/IMG_9734%20%282%29.jpeg\" target=\"_blank\" rel=\"noopener\"><img loading=\"lazy\" decoding=\"async\" src=\"https:\/\/savonlinnanrotaryklubi.rotary.fi\/@Bin\/197200\/IMG_9734%20%282%29.jpeg\" alt=\"\" width=\"326\" height=\"198\" \/><\/a><\/p>\n<div class=\"caption\">Paikalla olleet vuoden 2016 Runar Andersson -stipendien saajat Liina Repo ja Mika Kuparinen. Sanni Hujanen, Fanni Hollstr\u00f6m, Simo H\u00f6glund, Jussi Kaikkonen, Katariina Kankkunen, Simo Kettunen, Laura Kupiainen, Riku Laamanen, Ville Mikkonen, Samu-Ville P\u00e4lli, Teo Raunio, Emmi Ronkainen, Antti Sinkkonen ja Joel Suomalainen.<\/div>\n<\/td>\n<\/tr>\n<\/tbody>\n<\/table>\n<div id=\"content-text-185707\">\n<p><b>Runar Anderssonin stipendiaatit:<\/b><\/p>\n<p>Simo Kettunen, Lappeenrannan teknillinen yliopisto<\/p>\n<p>Antti Sinkkonen, Lappeenrannan teknillinen yliopisto<\/p>\n<p>Mikko Leminen, Lappeenrannan teknillinen yliopisto<\/p>\n<p>Nikolas Tolvanen, Aalto yliopisto<\/p>\n<p>Samu-Ville P\u00e4lli, Aalto yliopisto<\/p>\n<p>Simo H\u00f6glund, Aalto yliopisto<\/p>\n<p>Teo Raunio, Aalto yliopisto<\/p>\n<p>Sanni Hujanen, Tampereen AMK<\/p>\n<p>Joel Suomalainen, Lappeenrannan teknillinen yliopisto<\/p>\n<p>Mika Kuparinen, Lahden AMK<\/p>\n<p>Riku Laamanen, Helsingin yliopisto<\/p>\n<p>Fanni Hollstr\u00f6m, \u00a0Jyv\u00e4skyl\u00e4n yliopisto<\/p>\n<p>Jussi Kaikkonen, It\u00e4-Suomen yliopisto<\/p>\n<p>Ville Mikkonen, Jyv\u00e4skyl\u00e4n yliopisto<\/p>\n<p>Emmi Ronkainen, MAMK<\/p>\n<p>Sanna Hakolahti, MAMK<\/p>\n<p>Emma Laakkonen, Helsingin yliopisto<\/p>\n<p>Heidi Nokelainen, Haaga-Helia AMK<\/p>\n<p>Outi Vartiainen, It\u00e4-Suomen yliopisto<\/p>\n<p>Juulia Raivio, Jyv\u00e4skyl\u00e4n yliopisto<\/p>\n<p>Liisa Repo, Turun yliopisto<\/p>\n<p>Laura Kupiainen, It\u00e4-Suomen yliopisto<\/p>\n<p>Katariina Kankkunen, Metropolia Amk<\/p>\n<\/div>\n<\/div>\n<div><\/div>\n<\/div>\n<\/div>\n","protected":false},"excerpt":{"rendered":"<p>Presidentti Pekka Huovila luovuttaa Jaakko Vihmaalle kunniaj\u00e4senyydest\u00e4 kunniakirjan Vaihto-oppilas Stefania Vega-Vaez luovuttaa klubille lahjan Paikalla olleet vuoden 2016 Runar Andersson -stipendien saajat Liina Repo ja Mika Kuparinen. Sanni Hujanen, Fanni Hollstr\u00f6m, Simo H\u00f6glund, Jussi Kaikkonen, Katariina Kankkunen, Simo Kettunen, Laura Kupiainen, Riku Laamanen, Ville Mikkonen, Samu-Ville P\u00e4lli, Teo Raunio, Emmi Ronkainen, Antti Sinkkonen ja Joel [&hellip;]<\/p>\n","protected":false},"author":60,"featured_media":0,"parent":0,"menu_order":0,"comment_status":"closed","ping_status":"closed","template":"","meta":{"_acf_changed":false,"_et_pb_use_builder":"","_et_pb_old_content":"","_et_gb_content_width":"","footnotes":""},"class_list":["post-1716","page","type-page","status-publish","hentry"],"acf":[],"yoast_head":"<!-- This site is optimized with the Yoast SEO plugin v27.4 - https:\/\/yoast.com\/product\/yoast-seo-wordpress\/ -->\n<title>Stipendien jakotilaisuus 29.12.2016 - Savonlinnan Rotaryklubi ry<\/title>\n<meta name=\"robots\" content=\"index, follow, max-snippet:-1, max-image-preview:large, max-video-preview:-1\" \/>\n<link rel=\"canonical\" href=\"https:\/\/rotary.fi\/savonlinnanrotaryklubi\/stipendien-jakotilaisuus-29-12-2016\/\" \/>\n<meta property=\"og:locale\" content=\"fi_FI\" \/>\n<meta property=\"og:type\" content=\"article\" \/>\n<meta property=\"og:title\" content=\"Stipendien jakotilaisuus 29.12.2016 - Savonlinnan Rotaryklubi ry\" \/>\n<meta property=\"og:description\" content=\"Presidentti Pekka Huovila luovuttaa Jaakko Vihmaalle kunniaj\u00e4senyydest\u00e4 kunniakirjan Vaihto-oppilas Stefania Vega-Vaez luovuttaa klubille lahjan Paikalla olleet vuoden 2016 Runar Andersson -stipendien saajat Liina Repo ja Mika Kuparinen. Sanni Hujanen, Fanni Hollstr\u00f6m, Simo H\u00f6glund, Jussi Kaikkonen, Katariina Kankkunen, Simo Kettunen, Laura Kupiainen, Riku Laamanen, Ville Mikkonen, Samu-Ville P\u00e4lli, Teo Raunio, Emmi Ronkainen, Antti Sinkkonen ja Joel [&hellip;]\" \/>\n<meta property=\"og:url\" content=\"https:\/\/rotary.fi\/savonlinnanrotaryklubi\/stipendien-jakotilaisuus-29-12-2016\/\" \/>\n<meta property=\"og:site_name\" content=\"Savonlinnan Rotaryklubi ry\" \/>\n<meta property=\"og:image\" content=\"https:\/\/s.freemore.com\/editmode\/icons\/arrow-move.png?R=1546522358\" \/>\n<meta name=\"twitter:card\" content=\"summary_large_image\" \/>\n<meta name=\"twitter:label1\" content=\"Arvioitu lukuaika\" \/>\n\t<meta name=\"twitter:data1\" content=\"1 minuutti\" \/>\n<script type=\"application\/ld+json\" class=\"yoast-schema-graph\">{\"@context\":\"https:\\\/\\\/schema.org\",\"@graph\":[{\"@type\":\"WebPage\",\"@id\":\"https:\\\/\\\/rotary.fi\\\/savonlinnanrotaryklubi\\\/stipendien-jakotilaisuus-29-12-2016\\\/\",\"url\":\"https:\\\/\\\/rotary.fi\\\/savonlinnanrotaryklubi\\\/stipendien-jakotilaisuus-29-12-2016\\\/\",\"name\":\"Stipendien jakotilaisuus 29.12.2016 - Savonlinnan Rotaryklubi ry\",\"isPartOf\":{\"@id\":\"https:\\\/\\\/rotary.fi\\\/savonlinnanrotaryklubi\\\/#website\"},\"primaryImageOfPage\":{\"@id\":\"https:\\\/\\\/rotary.fi\\\/savonlinnanrotaryklubi\\\/stipendien-jakotilaisuus-29-12-2016\\\/#primaryimage\"},\"image\":{\"@id\":\"https:\\\/\\\/rotary.fi\\\/savonlinnanrotaryklubi\\\/stipendien-jakotilaisuus-29-12-2016\\\/#primaryimage\"},\"thumbnailUrl\":\"https:\\\/\\\/s.freemore.com\\\/editmode\\\/icons\\\/arrow-move.png?R=1546522358\",\"datePublished\":\"2019-01-17T10:52:12+00:00\",\"breadcrumb\":{\"@id\":\"https:\\\/\\\/rotary.fi\\\/savonlinnanrotaryklubi\\\/stipendien-jakotilaisuus-29-12-2016\\\/#breadcrumb\"},\"inLanguage\":\"fi\",\"potentialAction\":[{\"@type\":\"ReadAction\",\"target\":[\"https:\\\/\\\/rotary.fi\\\/savonlinnanrotaryklubi\\\/stipendien-jakotilaisuus-29-12-2016\\\/\"]}]},{\"@type\":\"ImageObject\",\"inLanguage\":\"fi\",\"@id\":\"https:\\\/\\\/rotary.fi\\\/savonlinnanrotaryklubi\\\/stipendien-jakotilaisuus-29-12-2016\\\/#primaryimage\",\"url\":\"https:\\\/\\\/s.freemore.com\\\/editmode\\\/icons\\\/arrow-move.png?R=1546522358\",\"contentUrl\":\"https:\\\/\\\/s.freemore.com\\\/editmode\\\/icons\\\/arrow-move.png?R=1546522358\"},{\"@type\":\"BreadcrumbList\",\"@id\":\"https:\\\/\\\/rotary.fi\\\/savonlinnanrotaryklubi\\\/stipendien-jakotilaisuus-29-12-2016\\\/#breadcrumb\",\"itemListElement\":[{\"@type\":\"ListItem\",\"position\":1,\"name\":\"Home\",\"item\":\"https:\\\/\\\/rotary.fi\\\/savonlinnanrotaryklubi\\\/\"},{\"@type\":\"ListItem\",\"position\":2,\"name\":\"Stipendien jakotilaisuus 29.12.2016\"}]},{\"@type\":\"WebSite\",\"@id\":\"https:\\\/\\\/rotary.fi\\\/savonlinnanrotaryklubi\\\/#website\",\"url\":\"https:\\\/\\\/rotary.fi\\\/savonlinnanrotaryklubi\\\/\",\"name\":\"Savonlinnan Rotaryklubi ry\",\"description\":\"Uusi Rotary klubisivusto\",\"potentialAction\":[{\"@type\":\"SearchAction\",\"target\":{\"@type\":\"EntryPoint\",\"urlTemplate\":\"https:\\\/\\\/rotary.fi\\\/savonlinnanrotaryklubi\\\/?s={search_term_string}\"},\"query-input\":{\"@type\":\"PropertyValueSpecification\",\"valueRequired\":true,\"valueName\":\"search_term_string\"}}],\"inLanguage\":\"fi\"}]}<\/script>\n<!-- \/ Yoast SEO plugin. -->","yoast_head_json":{"title":"Stipendien jakotilaisuus 29.12.2016 - Savonlinnan Rotaryklubi ry","robots":{"index":"index","follow":"follow","max-snippet":"max-snippet:-1","max-image-preview":"max-image-preview:large","max-video-preview":"max-video-preview:-1"},"canonical":"https:\/\/rotary.fi\/savonlinnanrotaryklubi\/stipendien-jakotilaisuus-29-12-2016\/","og_locale":"fi_FI","og_type":"article","og_title":"Stipendien jakotilaisuus 29.12.2016 - Savonlinnan Rotaryklubi ry","og_description":"Presidentti Pekka Huovila luovuttaa Jaakko Vihmaalle kunniaj\u00e4senyydest\u00e4 kunniakirjan Vaihto-oppilas Stefania Vega-Vaez luovuttaa klubille lahjan Paikalla olleet vuoden 2016 Runar Andersson -stipendien saajat Liina Repo ja Mika Kuparinen. Sanni Hujanen, Fanni Hollstr\u00f6m, Simo H\u00f6glund, Jussi Kaikkonen, Katariina Kankkunen, Simo Kettunen, Laura Kupiainen, Riku Laamanen, Ville Mikkonen, Samu-Ville P\u00e4lli, Teo Raunio, Emmi Ronkainen, Antti Sinkkonen ja Joel [&hellip;]","og_url":"https:\/\/rotary.fi\/savonlinnanrotaryklubi\/stipendien-jakotilaisuus-29-12-2016\/","og_site_name":"Savonlinnan Rotaryklubi ry","og_image":[{"url":"https:\/\/s.freemore.com\/editmode\/icons\/arrow-move.png?R=1546522358","type":"","width":"","height":""}],"twitter_card":"summary_large_image","twitter_misc":{"Arvioitu lukuaika":"1 minuutti"},"schema":{"@context":"https:\/\/schema.org","@graph":[{"@type":"WebPage","@id":"https:\/\/rotary.fi\/savonlinnanrotaryklubi\/stipendien-jakotilaisuus-29-12-2016\/","url":"https:\/\/rotary.fi\/savonlinnanrotaryklubi\/stipendien-jakotilaisuus-29-12-2016\/","name":"Stipendien jakotilaisuus 29.12.2016 - Savonlinnan Rotaryklubi ry","isPartOf":{"@id":"https:\/\/rotary.fi\/savonlinnanrotaryklubi\/#website"},"primaryImageOfPage":{"@id":"https:\/\/rotary.fi\/savonlinnanrotaryklubi\/stipendien-jakotilaisuus-29-12-2016\/#primaryimage"},"image":{"@id":"https:\/\/rotary.fi\/savonlinnanrotaryklubi\/stipendien-jakotilaisuus-29-12-2016\/#primaryimage"},"thumbnailUrl":"https:\/\/s.freemore.com\/editmode\/icons\/arrow-move.png?R=1546522358","datePublished":"2019-01-17T10:52:12+00:00","breadcrumb":{"@id":"https:\/\/rotary.fi\/savonlinnanrotaryklubi\/stipendien-jakotilaisuus-29-12-2016\/#breadcrumb"},"inLanguage":"fi","potentialAction":[{"@type":"ReadAction","target":["https:\/\/rotary.fi\/savonlinnanrotaryklubi\/stipendien-jakotilaisuus-29-12-2016\/"]}]},{"@type":"ImageObject","inLanguage":"fi","@id":"https:\/\/rotary.fi\/savonlinnanrotaryklubi\/stipendien-jakotilaisuus-29-12-2016\/#primaryimage","url":"https:\/\/s.freemore.com\/editmode\/icons\/arrow-move.png?R=1546522358","contentUrl":"https:\/\/s.freemore.com\/editmode\/icons\/arrow-move.png?R=1546522358"},{"@type":"BreadcrumbList","@id":"https:\/\/rotary.fi\/savonlinnanrotaryklubi\/stipendien-jakotilaisuus-29-12-2016\/#breadcrumb","itemListElement":[{"@type":"ListItem","position":1,"name":"Home","item":"https:\/\/rotary.fi\/savonlinnanrotaryklubi\/"},{"@type":"ListItem","position":2,"name":"Stipendien jakotilaisuus 29.12.2016"}]},{"@type":"WebSite","@id":"https:\/\/rotary.fi\/savonlinnanrotaryklubi\/#website","url":"https:\/\/rotary.fi\/savonlinnanrotaryklubi\/","name":"Savonlinnan Rotaryklubi ry","description":"Uusi Rotary klubisivusto","potentialAction":[{"@type":"SearchAction","target":{"@type":"EntryPoint","urlTemplate":"https:\/\/rotary.fi\/savonlinnanrotaryklubi\/?s={search_term_string}"},"query-input":{"@type":"PropertyValueSpecification","valueRequired":true,"valueName":"search_term_string"}}],"inLanguage":"fi"}]}},"lang":"fi","translations":{"fi":1716},"pll_sync_post":[],"_links":{"self":[{"href":"https:\/\/rotary.fi\/savonlinnanrotaryklubi\/wp-json\/wp\/v2\/pages\/1716","targetHints":{"allow":["GET"]}}],"collection":[{"href":"https:\/\/rotary.fi\/savonlinnanrotaryklubi\/wp-json\/wp\/v2\/pages"}],"about":[{"href":"https:\/\/rotary.fi\/savonlinnanrotaryklubi\/wp-json\/wp\/v2\/types\/page"}],"author":[{"embeddable":true,"href":"https:\/\/rotary.fi\/savonlinnanrotaryklubi\/wp-json\/wp\/v2\/users\/60"}],"replies":[{"embeddable":true,"href":"https:\/\/rotary.fi\/savonlinnanrotaryklubi\/wp-json\/wp\/v2\/comments?post=1716"}],"version-history":[{"count":3,"href":"https:\/\/rotary.fi\/savonlinnanrotaryklubi\/wp-json\/wp\/v2\/pages\/1716\/revisions"}],"predecessor-version":[{"id":1719,"href":"https:\/\/rotary.fi\/savonlinnanrotaryklubi\/wp-json\/wp\/v2\/pages\/1716\/revisions\/1719"}],"wp:attachment":[{"href":"https:\/\/rotary.fi\/savonlinnanrotaryklubi\/wp-json\/wp\/v2\/media?parent=1716"}],"curies":[{"name":"wp","href":"https:\/\/api.w.org\/{rel}","templated":true}]}}