{"id":1712,"date":"2019-01-17T12:22:08","date_gmt":"2019-01-17T10:22:08","guid":{"rendered":"https:\/\/rotary.fi\/savonlinnanrotaryklubi\/?page_id=1712"},"modified":"2019-01-17T12:22:08","modified_gmt":"2019-01-17T10:22:08","slug":"stipendin-saajat-2015","status":"publish","type":"page","link":"https:\/\/rotary.fi\/savonlinnanrotaryklubi\/stipendin-saajat-2015\/","title":{"rendered":"Stipendin saajat 2015"},"content":{"rendered":"<div id=\"zone-top\" class=\"zone\"><\/div>\n<div id=\"content-middle\">\n<div id=\"zone-_main\" class=\"zone zone-_main-stuff\">\n<div id=\"token-171341\" class=\"token token-Content\">\n<p><a class=\"anchor\" name=\"anchor-171341\"><\/a><\/p>\n<div id=\"content-container-171344\" class=\"content-container\">\n<div>\n<table class=\"contentImageArea\">\n<tbody>\n<tr>\n<td class=\"captionModel0\"><a class=\"{&quot;w&quot;:&quot;661&quot;,&quot;h&quot;:&quot;441&quot;,&quot;htmlCaption&quot;:&quot;&quot;} cboxElement\" title=\"\" href=\"https:\/\/savonlinnanrotaryklubi.rotary.fi\/@Bin\/171350\/stipendien_saajat2015.jpg\" rel=\"gallery-171341\"><img loading=\"lazy\" decoding=\"async\" src=\"https:\/\/savonlinnanrotaryklubi.rotary.fi\/@Bin\/199769\/stipendien_saajat2015.jpeg\" alt=\"\" width=\"326\" height=\"217\" \/><\/a><\/td>\n<\/tr>\n<\/tbody>\n<\/table>\n<\/div>\n<div id=\"content-text-171344\">\n<h1>Savonlinnan Rotaryklubi jakoi stipendej\u00e4 ansioituneille opiskelijoille<\/h1>\n<p>Savonlinnan Rotaryklubi ry jakoi t\u00e4n\u00e4\u00e4n Spahotel Casinolla opiskelijastipendej\u00e4. Stipendin sai yhteens\u00e4 22 opinnoissaan kunnostautunutta opiskelijaa, joista yhdeks\u00e4n oli paikalla vastaanottamassa stipendi\u00e4. Yhden stipendin suuruus on 750 euroa. Yhteens\u00e4 stipendej\u00e4 jaettiin 16 500 euron edest\u00e4. Stipendien saajat ovat kotoisin Savonlinnan seudulta. He ovat joko yliopiston tai ammattikorkeakoulun opiskelijoita.<\/p>\n<p><b>Stipendien saajat vuonna 2015:<\/b><\/p>\n<p>Anna H\u00e4m\u00e4l\u00e4inen<br \/>\nHannele Cederstr\u00f6m<br \/>\nJoel Rautiainen<br \/>\nTero Iljinen<br \/>\nAnssi Heltimoinen<br \/>\nJussi Konsti<br \/>\nAntti V\u00e4is\u00e4nen<br \/>\nErika Huupponen<br \/>\nMarja-Leena Pennanen<br \/>\nMinja Borg<br \/>\nHeikki Heinonen<br \/>\nJenni Rutanen<br \/>\nElina Ruuttanen<br \/>\nKatri Nousiainen<br \/>\nHilla Ruuskanen<br \/>\nAnne Mahkonen<br \/>\nSanna V\u00e4is\u00e4nen<br \/>\nSaara-Miira Kokkonen<br \/>\nTiia Issakainen<br \/>\nEmma Luukko<br \/>\nJohanna Poutanen<br \/>\nElina Puljula<\/p>\n<p>&nbsp;<\/p>\n<\/div>\n<\/div>\n<\/div>\n<\/div>\n<\/div>\n","protected":false},"excerpt":{"rendered":"<p>Savonlinnan Rotaryklubi jakoi stipendej\u00e4 ansioituneille opiskelijoille Savonlinnan Rotaryklubi ry jakoi t\u00e4n\u00e4\u00e4n Spahotel Casinolla opiskelijastipendej\u00e4. Stipendin sai yhteens\u00e4 22 opinnoissaan kunnostautunutta opiskelijaa, joista yhdeks\u00e4n oli paikalla vastaanottamassa stipendi\u00e4. Yhden stipendin suuruus on 750 euroa. Yhteens\u00e4 stipendej\u00e4 jaettiin 16 500 euron edest\u00e4. Stipendien saajat ovat kotoisin Savonlinnan seudulta. He ovat joko yliopiston tai ammattikorkeakoulun opiskelijoita. Stipendien saajat [&hellip;]<\/p>\n","protected":false},"author":60,"featured_media":0,"parent":0,"menu_order":0,"comment_status":"closed","ping_status":"closed","template":"","meta":{"_acf_changed":false,"_et_pb_use_builder":"","_et_pb_old_content":"","_et_gb_content_width":"","footnotes":""},"class_list":["post-1712","page","type-page","status-publish","hentry"],"acf":[],"yoast_head":"<!-- This site is optimized with the Yoast SEO plugin v27.4 - https:\/\/yoast.com\/product\/yoast-seo-wordpress\/ -->\n<title>Stipendin saajat 2015 - Savonlinnan Rotaryklubi ry<\/title>\n<meta name=\"robots\" content=\"index, follow, max-snippet:-1, max-image-preview:large, max-video-preview:-1\" \/>\n<link rel=\"canonical\" href=\"https:\/\/rotary.fi\/savonlinnanrotaryklubi\/stipendin-saajat-2015\/\" \/>\n<meta property=\"og:locale\" content=\"fi_FI\" \/>\n<meta property=\"og:type\" content=\"article\" \/>\n<meta property=\"og:title\" content=\"Stipendin saajat 2015 - Savonlinnan Rotaryklubi ry\" \/>\n<meta property=\"og:description\" content=\"Savonlinnan Rotaryklubi jakoi stipendej\u00e4 ansioituneille opiskelijoille Savonlinnan Rotaryklubi ry jakoi t\u00e4n\u00e4\u00e4n Spahotel Casinolla opiskelijastipendej\u00e4. Stipendin sai yhteens\u00e4 22 opinnoissaan kunnostautunutta opiskelijaa, joista yhdeks\u00e4n oli paikalla vastaanottamassa stipendi\u00e4. Yhden stipendin suuruus on 750 euroa. Yhteens\u00e4 stipendej\u00e4 jaettiin 16 500 euron edest\u00e4. Stipendien saajat ovat kotoisin Savonlinnan seudulta. He ovat joko yliopiston tai ammattikorkeakoulun opiskelijoita. Stipendien saajat [&hellip;]\" \/>\n<meta property=\"og:url\" content=\"https:\/\/rotary.fi\/savonlinnanrotaryklubi\/stipendin-saajat-2015\/\" \/>\n<meta property=\"og:site_name\" content=\"Savonlinnan Rotaryklubi ry\" \/>\n<meta property=\"og:image\" content=\"https:\/\/savonlinnanrotaryklubi.rotary.fi\/@Bin\/199769\/stipendien_saajat2015.jpeg\" \/>\n<meta name=\"twitter:card\" content=\"summary_large_image\" \/>\n<meta name=\"twitter:label1\" content=\"Arvioitu lukuaika\" \/>\n\t<meta name=\"twitter:data1\" content=\"1 minuutti\" \/>\n<script type=\"application\/ld+json\" class=\"yoast-schema-graph\">{\"@context\":\"https:\\\/\\\/schema.org\",\"@graph\":[{\"@type\":\"WebPage\",\"@id\":\"https:\\\/\\\/rotary.fi\\\/savonlinnanrotaryklubi\\\/stipendin-saajat-2015\\\/\",\"url\":\"https:\\\/\\\/rotary.fi\\\/savonlinnanrotaryklubi\\\/stipendin-saajat-2015\\\/\",\"name\":\"Stipendin saajat 2015 - Savonlinnan Rotaryklubi ry\",\"isPartOf\":{\"@id\":\"https:\\\/\\\/rotary.fi\\\/savonlinnanrotaryklubi\\\/#website\"},\"primaryImageOfPage\":{\"@id\":\"https:\\\/\\\/rotary.fi\\\/savonlinnanrotaryklubi\\\/stipendin-saajat-2015\\\/#primaryimage\"},\"image\":{\"@id\":\"https:\\\/\\\/rotary.fi\\\/savonlinnanrotaryklubi\\\/stipendin-saajat-2015\\\/#primaryimage\"},\"thumbnailUrl\":\"https:\\\/\\\/savonlinnanrotaryklubi.rotary.fi\\\/@Bin\\\/199769\\\/stipendien_saajat2015.jpeg\",\"datePublished\":\"2019-01-17T10:22:08+00:00\",\"breadcrumb\":{\"@id\":\"https:\\\/\\\/rotary.fi\\\/savonlinnanrotaryklubi\\\/stipendin-saajat-2015\\\/#breadcrumb\"},\"inLanguage\":\"fi\",\"potentialAction\":[{\"@type\":\"ReadAction\",\"target\":[\"https:\\\/\\\/rotary.fi\\\/savonlinnanrotaryklubi\\\/stipendin-saajat-2015\\\/\"]}]},{\"@type\":\"ImageObject\",\"inLanguage\":\"fi\",\"@id\":\"https:\\\/\\\/rotary.fi\\\/savonlinnanrotaryklubi\\\/stipendin-saajat-2015\\\/#primaryimage\",\"url\":\"https:\\\/\\\/savonlinnanrotaryklubi.rotary.fi\\\/@Bin\\\/199769\\\/stipendien_saajat2015.jpeg\",\"contentUrl\":\"https:\\\/\\\/savonlinnanrotaryklubi.rotary.fi\\\/@Bin\\\/199769\\\/stipendien_saajat2015.jpeg\"},{\"@type\":\"BreadcrumbList\",\"@id\":\"https:\\\/\\\/rotary.fi\\\/savonlinnanrotaryklubi\\\/stipendin-saajat-2015\\\/#breadcrumb\",\"itemListElement\":[{\"@type\":\"ListItem\",\"position\":1,\"name\":\"Home\",\"item\":\"https:\\\/\\\/rotary.fi\\\/savonlinnanrotaryklubi\\\/\"},{\"@type\":\"ListItem\",\"position\":2,\"name\":\"Stipendin saajat 2015\"}]},{\"@type\":\"WebSite\",\"@id\":\"https:\\\/\\\/rotary.fi\\\/savonlinnanrotaryklubi\\\/#website\",\"url\":\"https:\\\/\\\/rotary.fi\\\/savonlinnanrotaryklubi\\\/\",\"name\":\"Savonlinnan Rotaryklubi ry\",\"description\":\"Uusi Rotary klubisivusto\",\"potentialAction\":[{\"@type\":\"SearchAction\",\"target\":{\"@type\":\"EntryPoint\",\"urlTemplate\":\"https:\\\/\\\/rotary.fi\\\/savonlinnanrotaryklubi\\\/?s={search_term_string}\"},\"query-input\":{\"@type\":\"PropertyValueSpecification\",\"valueRequired\":true,\"valueName\":\"search_term_string\"}}],\"inLanguage\":\"fi\"}]}<\/script>\n<!-- \/ Yoast SEO plugin. -->","yoast_head_json":{"title":"Stipendin saajat 2015 - Savonlinnan Rotaryklubi ry","robots":{"index":"index","follow":"follow","max-snippet":"max-snippet:-1","max-image-preview":"max-image-preview:large","max-video-preview":"max-video-preview:-1"},"canonical":"https:\/\/rotary.fi\/savonlinnanrotaryklubi\/stipendin-saajat-2015\/","og_locale":"fi_FI","og_type":"article","og_title":"Stipendin saajat 2015 - Savonlinnan Rotaryklubi ry","og_description":"Savonlinnan Rotaryklubi jakoi stipendej\u00e4 ansioituneille opiskelijoille Savonlinnan Rotaryklubi ry jakoi t\u00e4n\u00e4\u00e4n Spahotel Casinolla opiskelijastipendej\u00e4. Stipendin sai yhteens\u00e4 22 opinnoissaan kunnostautunutta opiskelijaa, joista yhdeks\u00e4n oli paikalla vastaanottamassa stipendi\u00e4. Yhden stipendin suuruus on 750 euroa. Yhteens\u00e4 stipendej\u00e4 jaettiin 16 500 euron edest\u00e4. Stipendien saajat ovat kotoisin Savonlinnan seudulta. He ovat joko yliopiston tai ammattikorkeakoulun opiskelijoita. Stipendien saajat [&hellip;]","og_url":"https:\/\/rotary.fi\/savonlinnanrotaryklubi\/stipendin-saajat-2015\/","og_site_name":"Savonlinnan Rotaryklubi ry","og_image":[{"url":"https:\/\/savonlinnanrotaryklubi.rotary.fi\/@Bin\/199769\/stipendien_saajat2015.jpeg","type":"","width":"","height":""}],"twitter_card":"summary_large_image","twitter_misc":{"Arvioitu lukuaika":"1 minuutti"},"schema":{"@context":"https:\/\/schema.org","@graph":[{"@type":"WebPage","@id":"https:\/\/rotary.fi\/savonlinnanrotaryklubi\/stipendin-saajat-2015\/","url":"https:\/\/rotary.fi\/savonlinnanrotaryklubi\/stipendin-saajat-2015\/","name":"Stipendin saajat 2015 - Savonlinnan Rotaryklubi ry","isPartOf":{"@id":"https:\/\/rotary.fi\/savonlinnanrotaryklubi\/#website"},"primaryImageOfPage":{"@id":"https:\/\/rotary.fi\/savonlinnanrotaryklubi\/stipendin-saajat-2015\/#primaryimage"},"image":{"@id":"https:\/\/rotary.fi\/savonlinnanrotaryklubi\/stipendin-saajat-2015\/#primaryimage"},"thumbnailUrl":"https:\/\/savonlinnanrotaryklubi.rotary.fi\/@Bin\/199769\/stipendien_saajat2015.jpeg","datePublished":"2019-01-17T10:22:08+00:00","breadcrumb":{"@id":"https:\/\/rotary.fi\/savonlinnanrotaryklubi\/stipendin-saajat-2015\/#breadcrumb"},"inLanguage":"fi","potentialAction":[{"@type":"ReadAction","target":["https:\/\/rotary.fi\/savonlinnanrotaryklubi\/stipendin-saajat-2015\/"]}]},{"@type":"ImageObject","inLanguage":"fi","@id":"https:\/\/rotary.fi\/savonlinnanrotaryklubi\/stipendin-saajat-2015\/#primaryimage","url":"https:\/\/savonlinnanrotaryklubi.rotary.fi\/@Bin\/199769\/stipendien_saajat2015.jpeg","contentUrl":"https:\/\/savonlinnanrotaryklubi.rotary.fi\/@Bin\/199769\/stipendien_saajat2015.jpeg"},{"@type":"BreadcrumbList","@id":"https:\/\/rotary.fi\/savonlinnanrotaryklubi\/stipendin-saajat-2015\/#breadcrumb","itemListElement":[{"@type":"ListItem","position":1,"name":"Home","item":"https:\/\/rotary.fi\/savonlinnanrotaryklubi\/"},{"@type":"ListItem","position":2,"name":"Stipendin saajat 2015"}]},{"@type":"WebSite","@id":"https:\/\/rotary.fi\/savonlinnanrotaryklubi\/#website","url":"https:\/\/rotary.fi\/savonlinnanrotaryklubi\/","name":"Savonlinnan Rotaryklubi ry","description":"Uusi Rotary klubisivusto","potentialAction":[{"@type":"SearchAction","target":{"@type":"EntryPoint","urlTemplate":"https:\/\/rotary.fi\/savonlinnanrotaryklubi\/?s={search_term_string}"},"query-input":{"@type":"PropertyValueSpecification","valueRequired":true,"valueName":"search_term_string"}}],"inLanguage":"fi"}]}},"lang":"fi","translations":{"fi":1712},"pll_sync_post":[],"_links":{"self":[{"href":"https:\/\/rotary.fi\/savonlinnanrotaryklubi\/wp-json\/wp\/v2\/pages\/1712","targetHints":{"allow":["GET"]}}],"collection":[{"href":"https:\/\/rotary.fi\/savonlinnanrotaryklubi\/wp-json\/wp\/v2\/pages"}],"about":[{"href":"https:\/\/rotary.fi\/savonlinnanrotaryklubi\/wp-json\/wp\/v2\/types\/page"}],"author":[{"embeddable":true,"href":"https:\/\/rotary.fi\/savonlinnanrotaryklubi\/wp-json\/wp\/v2\/users\/60"}],"replies":[{"embeddable":true,"href":"https:\/\/rotary.fi\/savonlinnanrotaryklubi\/wp-json\/wp\/v2\/comments?post=1712"}],"version-history":[{"count":2,"href":"https:\/\/rotary.fi\/savonlinnanrotaryklubi\/wp-json\/wp\/v2\/pages\/1712\/revisions"}],"predecessor-version":[{"id":1714,"href":"https:\/\/rotary.fi\/savonlinnanrotaryklubi\/wp-json\/wp\/v2\/pages\/1712\/revisions\/1714"}],"wp:attachment":[{"href":"https:\/\/rotary.fi\/savonlinnanrotaryklubi\/wp-json\/wp\/v2\/media?parent=1712"}],"curies":[{"name":"wp","href":"https:\/\/api.w.org\/{rel}","templated":true}]}}