{"id":1697,"date":"2019-01-17T09:55:47","date_gmt":"2019-01-17T07:55:47","guid":{"rendered":"https:\/\/rotary.fi\/savonlinnanrotaryklubi\/?page_id=1697"},"modified":"2019-01-17T09:55:47","modified_gmt":"2019-01-17T07:55:47","slug":"klubin-70-vuotisjuhla-olavinlinnassa-9-12-2016","status":"publish","type":"page","link":"https:\/\/rotary.fi\/savonlinnanrotaryklubi\/klubin-70-vuotisjuhla-olavinlinnassa-9-12-2016\/","title":{"rendered":"Klubin 70-vuotisjuhla Olavinlinnassa 9.12.2016"},"content":{"rendered":"<div id=\"zone-top\" class=\"zone\"><\/div>\n<div id=\"content-middle\">\n<div id=\"zone-_main\" class=\"zone zone-_main-stuff\">\n<div id=\"token-183840\" class=\"token token-Content\">\n<p><a class=\"anchor\" name=\"anchor-183840\"><\/a><\/p>\n<div id=\"content-container-183843\" class=\"content-container\">\n<table class=\"contentImageArea\">\n<tbody>\n<tr>\n<td class=\"captionModel2\"><a class=\"{&quot;w&quot;:&quot;566&quot;,&quot;htmlCaption&quot;:&quot;Kutsu&quot;,&quot;h&quot;:&quot;800&quot;} cboxElement\" title=\"Kutsu\" href=\"https:\/\/savonlinnanrotaryklubi.rotary.fi\/@Bin\/184656\/IMG_0002%20%283%29.jpeg\" rel=\"gallery-183840\"><img loading=\"lazy\" decoding=\"async\" src=\"https:\/\/savonlinnanrotaryklubi.rotary.fi\/@Bin\/184657\/IMG_0002%20%283%29.jpeg\" alt=\"\" width=\"326\" height=\"460\" \/><\/a><\/p>\n<div class=\"caption\">Kutsu<\/div>\n<\/td>\n<\/tr>\n<tr>\n<td class=\"captionModel2\"><a class=\"{&quot;w&quot;:&quot;940&quot;,&quot;htmlCaption&quot;:&quot;Juhlaohjelma&quot;,&quot;h&quot;:&quot;665&quot;} cboxElement\" title=\"Juhlaohjelma\" href=\"https:\/\/savonlinnanrotaryklubi.rotary.fi\/@Bin\/184545\/IMG_0003%20%282%29.jpeg\" rel=\"gallery-183840\"><img loading=\"lazy\" decoding=\"async\" src=\"https:\/\/savonlinnanrotaryklubi.rotary.fi\/@Bin\/184547\/IMG_0003%20%282%29.jpeg\" alt=\"\" width=\"326\" height=\"230\" \/><\/a><\/p>\n<div class=\"caption\">Juhlaohjelma<\/div>\n<\/td>\n<\/tr>\n<tr>\n<td class=\"captionModel2\"><a class=\"{&quot;h&quot;:&quot;627&quot;,&quot;htmlCaption&quot;:&quot;Piirikuvern\u00f6\u00f6ri Aimo Turunen ja klubin presidentti Pekka Huovila vaimoineen&quot;,&quot;w&quot;:&quot;940&quot;} cboxElement\" title=\"Piirikuvern\u00f6\u00f6ri Aimo Turunen ja klubin presidentti Pekka Huovila vaimoineen\" href=\"https:\/\/savonlinnanrotaryklubi.rotary.fi\/@Bin\/183849\/IMG_9611%20%282%29.jpeg\" rel=\"gallery-183840\"><img loading=\"lazy\" decoding=\"async\" src=\"https:\/\/savonlinnanrotaryklubi.rotary.fi\/@Bin\/183850\/IMG_9611%20%282%29.jpeg\" alt=\"\" width=\"326\" height=\"217\" \/><\/a><\/p>\n<div class=\"caption\">Piirikuvern\u00f6\u00f6ri Aimo Turunen ja klubin presidentti Pekka Huovila vaimoineen<\/div>\n<\/td>\n<\/tr>\n<tr>\n<td class=\"captionModel2\"><a class=\"{&quot;w&quot;:&quot;602&quot;,&quot;htmlCaption&quot;:&quot;Presidentti Pekka Huovila avasi juhlatilaisuden&quot;,&quot;h&quot;:&quot;800&quot;} cboxElement\" title=\"Presidentti Pekka Huovila avasi juhlatilaisuden\" href=\"https:\/\/savonlinnanrotaryklubi.rotary.fi\/@Bin\/183896\/IMG_9613%20%282%29.jpeg\" rel=\"gallery-183840\"><img loading=\"lazy\" decoding=\"async\" src=\"https:\/\/savonlinnanrotaryklubi.rotary.fi\/@Bin\/183945\/IMG_9613%20%282%29.jpeg\" alt=\"\" width=\"326\" height=\"433\" \/><\/a><\/p>\n<div class=\"caption\">Presidentti Pekka Huovila avasi juhlatilaisuden<\/div>\n<\/td>\n<\/tr>\n<tr>\n<td class=\"captionModel2\"><a class=\"{&quot;w&quot;:&quot;940&quot;,&quot;htmlCaption&quot;:&quot;Johtaja Merja Auvinen piti juhlapuheen&quot;,&quot;h&quot;:&quot;742&quot;} cboxElement\" title=\"Johtaja Merja Auvinen piti juhlapuheen\" href=\"https:\/\/savonlinnanrotaryklubi.rotary.fi\/@Bin\/183899\/IMG_9615%20%282%29.jpeg\" rel=\"gallery-183840\"><img loading=\"lazy\" decoding=\"async\" src=\"https:\/\/savonlinnanrotaryklubi.rotary.fi\/@Bin\/183946\/IMG_9615%20%282%29.jpeg\" alt=\"\" width=\"326\" height=\"257\" \/><\/a><\/p>\n<div class=\"caption\">Johtaja Merja Auvinen piti juhlapuheen<\/div>\n<\/td>\n<\/tr>\n<tr>\n<td class=\"captionModel2\"><a class=\"{&quot;htmlCaption&quot;:&quot;Trio Tanguango&quot;,&quot;h&quot;:&quot;627&quot;,&quot;w&quot;:&quot;940&quot;} cboxElement\" title=\"Trio Tanguango\" href=\"https:\/\/savonlinnanrotaryklubi.rotary.fi\/@Bin\/183902\/IMG_9618%20%282%29.jpeg\" rel=\"gallery-183840\"><img loading=\"lazy\" decoding=\"async\" src=\"https:\/\/savonlinnanrotaryklubi.rotary.fi\/@Bin\/183947\/IMG_9618%20%282%29.jpeg\" alt=\"\" width=\"326\" height=\"217\" \/><\/a><\/p>\n<div class=\"caption\">Trio Tanguango<\/div>\n<\/td>\n<\/tr>\n<tr>\n<td class=\"captionModel2\"><a class=\"{&quot;htmlCaption&quot;:&quot;Risto Paakkunainen esitteli tekem\u00e4ns\u00e4 tuoreen 70-vuotisjuhlajulkaisun ja kertoi klubin historiasta&quot;,&quot;h&quot;:&quot;627&quot;,&quot;w&quot;:&quot;940&quot;} cboxElement\" title=\"Risto Paakkunainen esitteli tekem\u00e4ns\u00e4 tuoreen 70-vuotisjuhlajulkaisun ja kertoi klubin historiasta\" href=\"https:\/\/savonlinnanrotaryklubi.rotary.fi\/@Bin\/183905\/IMG_9620%20%283%29.jpeg\" rel=\"gallery-183840\"><img loading=\"lazy\" decoding=\"async\" src=\"https:\/\/savonlinnanrotaryklubi.rotary.fi\/@Bin\/183948\/IMG_9620%20%283%29.jpeg\" alt=\"\" width=\"326\" height=\"217\" \/><\/a><\/p>\n<div class=\"caption\">Risto Paakkunainen esitteli tekem\u00e4ns\u00e4 tuoreen 70-vuotisjuhlajulkaisun ja kertoi klubin historiasta<\/div>\n<\/td>\n<\/tr>\n<tr>\n<td class=\"captionModel2\"><a class=\"{&quot;w&quot;:&quot;533&quot;,&quot;h&quot;:&quot;800&quot;,&quot;htmlCaption&quot;:&quot;Presidentti Pekka Huovila esitteli klubin uudelle kunniaj\u00e4senelle Jaakko Vihmaalle luovutettavan kunniakirjan&quot;} cboxElement\" title=\"Presidentti Pekka Huovila esitteli klubin uudelle kunniaj\u00e4senelle Jaakko Vihmaalle luovutettavan kunniakirjan\" href=\"https:\/\/savonlinnanrotaryklubi.rotary.fi\/@Bin\/183908\/IMG_9628%20%282%29.jpeg\" rel=\"gallery-183840\"><img loading=\"lazy\" decoding=\"async\" src=\"https:\/\/savonlinnanrotaryklubi.rotary.fi\/@Bin\/198034\/IMG_9628%20%282%29.jpeg\" alt=\"\" width=\"326\" height=\"489\" \/><\/a><\/p>\n<div class=\"caption\">Presidentti Pekka Huovila esitteli klubin uudelle kunniaj\u00e4senelle Jaakko Vihmaalle luovutettavan kunniakirjan<\/div>\n<\/td>\n<\/tr>\n<tr>\n<td class=\"captionModel2\"><a class=\"{&quot;htmlCaption&quot;:&quot;PHF:n saajat Kari Tikkanen ja Arsi Anttonen&quot;,&quot;h&quot;:&quot;627&quot;,&quot;w&quot;:&quot;940&quot;} cboxElement\" title=\"PHF:n saajat Kari Tikkanen ja Arsi Anttonen\" href=\"https:\/\/savonlinnanrotaryklubi.rotary.fi\/@Bin\/183911\/IMG_9629%20%283%29.jpeg\" rel=\"gallery-183840\"><img loading=\"lazy\" decoding=\"async\" src=\"https:\/\/savonlinnanrotaryklubi.rotary.fi\/@Bin\/183950\/IMG_9629%20%283%29.jpeg\" alt=\"\" width=\"326\" height=\"217\" \/><\/a><\/p>\n<div class=\"caption\">PHF:n saajat Kari Tikkanen ja Arsi Anttonen<\/div>\n<\/td>\n<\/tr>\n<tr>\n<td class=\"captionModel2\"><a class=\"{&quot;w&quot;:&quot;533&quot;,&quot;h&quot;:&quot;800&quot;,&quot;htmlCaption&quot;:&quot;Juhlan juonsi Antero Nousiainen&quot;} cboxElement\" title=\"Juhlan juonsi Antero Nousiainen\" href=\"https:\/\/savonlinnanrotaryklubi.rotary.fi\/@Bin\/183914\/IMG_9635%20%282%29.jpeg\" rel=\"gallery-183840\"><img loading=\"lazy\" decoding=\"async\" src=\"https:\/\/savonlinnanrotaryklubi.rotary.fi\/@Bin\/183951\/IMG_9635%20%282%29.jpeg\" alt=\"\" width=\"326\" height=\"489\" \/><\/a><\/p>\n<div class=\"caption\">Juhlan juonsi Antero Nousiainen<\/div>\n<\/td>\n<\/tr>\n<tr>\n<td class=\"captionModel2\"><a class=\"{&quot;w&quot;:&quot;940&quot;,&quot;h&quot;:&quot;627&quot;,&quot;htmlCaption&quot;:&quot;Juvan presidentti Marjaana Pajunen onnittelee Savonlinnan Rotaryklubia&quot;} cboxElement\" title=\"Juvan presidentti Marjaana Pajunen onnittelee Savonlinnan Rotaryklubia\" href=\"https:\/\/savonlinnanrotaryklubi.rotary.fi\/@Bin\/183917\/IMG_9636%20%283%29.jpeg\" rel=\"gallery-183840\"><img loading=\"lazy\" decoding=\"async\" src=\"https:\/\/savonlinnanrotaryklubi.rotary.fi\/@Bin\/203616\/IMG_9636%20%283%29.jpeg\" alt=\"\" width=\"326\" height=\"217\" \/><\/a><\/p>\n<div class=\"caption\">Juvan presidentti Marjaana Pajunen onnittelee Savonlinnan Rotaryklubia<\/div>\n<\/td>\n<\/tr>\n<tr>\n<td class=\"captionModel2\"><a class=\"{&quot;w&quot;:&quot;533&quot;,&quot;htmlCaption&quot;:&quot;Vaihto-oppilas Stephania Vega-Vaez&quot;,&quot;h&quot;:&quot;800&quot;} cboxElement\" title=\"Vaihto-oppilas Stephania Vega-Vaez\" href=\"https:\/\/savonlinnanrotaryklubi.rotary.fi\/@Bin\/183929\/IMG_9638%20%282%29.jpeg\" rel=\"gallery-183840\"><img loading=\"lazy\" decoding=\"async\" src=\"https:\/\/savonlinnanrotaryklubi.rotary.fi\/@Bin\/183956\/IMG_9638%20%282%29.jpeg\" alt=\"\" width=\"326\" height=\"489\" \/><\/a><\/p>\n<div class=\"caption\">Vaihto-oppilas Stephania Vega-Vaez<\/div>\n<\/td>\n<\/tr>\n<tr>\n<td class=\"captionModel2\"><a class=\"{&quot;w&quot;:&quot;800&quot;,&quot;h&quot;:&quot;800&quot;,&quot;htmlCaption&quot;:&quot;Hannu Kokkonen &quot;} cboxElement\" title=\"Hannu Kokkonen \" href=\"https:\/\/savonlinnanrotaryklubi.rotary.fi\/@Bin\/183923\/IMG_9639%20%282%29.jpeg\" rel=\"gallery-183840\"><img loading=\"lazy\" decoding=\"async\" src=\"https:\/\/savonlinnanrotaryklubi.rotary.fi\/@Bin\/183954\/IMG_9639%20%282%29.jpeg\" alt=\"\" width=\"326\" height=\"326\" \/><\/a><\/p>\n<div class=\"caption\">Hannu Kokkonen<\/div>\n<\/td>\n<\/tr>\n<tr>\n<td class=\"captionModel2\"><a class=\"{&quot;htmlCaption&quot;:&quot;Kuvern\u00f6\u00f6ri Aimo Turunen&quot;,&quot;h&quot;:&quot;627&quot;,&quot;w&quot;:&quot;940&quot;} cboxElement\" title=\"Kuvern\u00f6\u00f6ri Aimo Turunen\" href=\"https:\/\/savonlinnanrotaryklubi.rotary.fi\/@Bin\/185326\/IMG_9641.jpeg\" rel=\"gallery-183840\"><img loading=\"lazy\" decoding=\"async\" src=\"https:\/\/savonlinnanrotaryklubi.rotary.fi\/@Bin\/185327\/IMG_9641.jpeg\" alt=\"\" width=\"326\" height=\"217\" \/><\/a><\/p>\n<div class=\"caption\">Kuvern\u00f6\u00f6ri Aimo Turunen<\/div>\n<\/td>\n<\/tr>\n<tr>\n<td class=\"captionModel2\"><a class=\"{&quot;w&quot;:&quot;940&quot;,&quot;h&quot;:&quot;686&quot;,&quot;htmlCaption&quot;:&quot;Hallitus juhlakuvassa&quot;} cboxElement\" title=\"Hallitus juhlakuvassa\" href=\"https:\/\/savonlinnanrotaryklubi.rotary.fi\/@Bin\/183932\/IMG_9645%20%282%29.jpeg\" rel=\"gallery-183840\"><img loading=\"lazy\" decoding=\"async\" src=\"https:\/\/savonlinnanrotaryklubi.rotary.fi\/@Bin\/183957\/IMG_9645%20%282%29.jpeg\" alt=\"\" width=\"326\" height=\"237\" \/><\/a><\/p>\n<div class=\"caption\">Hallitus juhlakuvassa<\/div>\n<\/td>\n<\/tr>\n<tr>\n<td class=\"captionModel2\"><a class=\"{&quot;htmlCaption&quot;:&quot;DG Aimo Turunen ja PP Antero Nousiainen vaihtava kuulumisia&quot;,&quot;h&quot;:&quot;627&quot;,&quot;w&quot;:&quot;940&quot;} cboxElement\" title=\"DG Aimo Turunen ja PP Antero Nousiainen vaihtava kuulumisia\" href=\"https:\/\/savonlinnanrotaryklubi.rotary.fi\/@Bin\/183935\/IMG_9648%20%282%29.jpeg\" rel=\"gallery-183840\"><img loading=\"lazy\" decoding=\"async\" src=\"https:\/\/savonlinnanrotaryklubi.rotary.fi\/@Bin\/183958\/IMG_9648%20%282%29.jpeg\" alt=\"\" width=\"326\" height=\"217\" \/><\/a><\/p>\n<div class=\"caption\">DG Aimo Turunen ja PP Antero Nousiainen vaihtava kuulumisia<\/div>\n<\/td>\n<\/tr>\n<tr>\n<td class=\"captionModel2\"><a class=\"{&quot;h&quot;:&quot;800&quot;,&quot;htmlCaption&quot;:&quot;Juhlav\u00e4ke\u00e4&quot;,&quot;w&quot;:&quot;533&quot;} cboxElement\" title=\"Juhlav\u00e4ke\u00e4\" href=\"https:\/\/savonlinnanrotaryklubi.rotary.fi\/@Bin\/184032\/IMG_9654.jpeg\" rel=\"gallery-183840\"><img loading=\"lazy\" decoding=\"async\" src=\"https:\/\/savonlinnanrotaryklubi.rotary.fi\/@Bin\/184036\/IMG_9654.jpeg\" alt=\"\" width=\"326\" height=\"489\" \/><\/a><\/p>\n<div class=\"caption\">Juhlav\u00e4ke\u00e4<\/div>\n<\/td>\n<\/tr>\n<tr>\n<td class=\"captionModel2\"><a class=\"{&quot;w&quot;:&quot;533&quot;,&quot;htmlCaption&quot;:&quot;Juhlav\u00e4ke\u00e4&quot;,&quot;h&quot;:&quot;800&quot;} cboxElement\" title=\"Juhlav\u00e4ke\u00e4\" href=\"https:\/\/savonlinnanrotaryklubi.rotary.fi\/@Bin\/184035\/IMG_9655.jpeg\" rel=\"gallery-183840\"><img loading=\"lazy\" decoding=\"async\" src=\"https:\/\/savonlinnanrotaryklubi.rotary.fi\/@Bin\/184037\/IMG_9655.jpeg\" alt=\"\" width=\"326\" height=\"489\" \/><\/a><\/p>\n<div class=\"caption\">Juhlav\u00e4ke\u00e4<\/div>\n<\/td>\n<\/tr>\n<tr>\n<td class=\"captionModel2\"><a class=\"{&quot;w&quot;:&quot;940&quot;,&quot;htmlCaption&quot;:&quot;Juhlav\u00e4ke\u00e4&quot;,&quot;h&quot;:&quot;627&quot;} cboxElement\" title=\"Juhlav\u00e4ke\u00e4\" href=\"https:\/\/savonlinnanrotaryklubi.rotary.fi\/@Bin\/189847\/IMG_9652.jpeg\" rel=\"gallery-183840\"><img loading=\"lazy\" decoding=\"async\" src=\"https:\/\/savonlinnanrotaryklubi.rotary.fi\/@Bin\/189849\/IMG_9652.jpeg\" alt=\"\" width=\"326\" height=\"217\" \/><\/a><\/p>\n<div class=\"caption\">Juhlav\u00e4ke\u00e4<\/div>\n<\/td>\n<\/tr>\n<tr>\n<td class=\"captionModel2\"><a class=\"{&quot;w&quot;:&quot;533&quot;,&quot;h&quot;:&quot;800&quot;,&quot;htmlCaption&quot;:&quot;Annikki Saari-Kokkonen ja Hannu Kokkonen&quot;} cboxElement\" title=\"Annikki Saari-Kokkonen ja Hannu Kokkonen\" href=\"https:\/\/savonlinnanrotaryklubi.rotary.fi\/@Bin\/183941\/IMG_9665.jpeg\" rel=\"gallery-183840\"><img loading=\"lazy\" decoding=\"async\" src=\"https:\/\/savonlinnanrotaryklubi.rotary.fi\/@Bin\/183960\/IMG_9665.jpeg\" alt=\"\" width=\"326\" height=\"489\" \/><\/a><\/p>\n<div class=\"caption\">Annikki Saari-Kokkonen ja Hannu Kokkonen<\/div>\n<\/td>\n<\/tr>\n<tr>\n<td class=\"captionModel2\"><a class=\"{&quot;h&quot;:&quot;800&quot;,&quot;htmlCaption&quot;:&quot;Pekka ja Pirjo Huovila &quot;,&quot;w&quot;:&quot;533&quot;} cboxElement\" title=\"Pekka ja Pirjo Huovila \" href=\"https:\/\/savonlinnanrotaryklubi.rotary.fi\/@Bin\/183944\/IMG_9668%20%282%29.jpeg\" rel=\"gallery-183840\"><img loading=\"lazy\" decoding=\"async\" src=\"https:\/\/savonlinnanrotaryklubi.rotary.fi\/@Bin\/183961\/IMG_9668%20%282%29.jpeg\" alt=\"\" width=\"326\" height=\"489\" \/><\/a><\/p>\n<div class=\"caption\">Pekka ja Pirjo Huovila<\/div>\n<\/td>\n<\/tr>\n<tr>\n<td class=\"captionModel2\"><a class=\"{&quot;w&quot;:&quot;707&quot;,&quot;htmlCaption&quot;:&quot;Paavo Harju l\u00e4hd\u00f6ss\u00e4 kotiin tutustumaan uuteen juhlajulkaisuun&quot;,&quot;h&quot;:&quot;800&quot;} cboxElement\" title=\"Paavo Harju l\u00e4hd\u00f6ss\u00e4 kotiin tutustumaan uuteen juhlajulkaisuun\" href=\"https:\/\/savonlinnanrotaryklubi.rotary.fi\/@Bin\/185056\/IMG_9662%20%282%29.jpeg\" rel=\"gallery-183840\"><img loading=\"lazy\" decoding=\"async\" src=\"https:\/\/savonlinnanrotaryklubi.rotary.fi\/@Bin\/185057\/IMG_9662%20%282%29.jpeg\" alt=\"\" width=\"326\" height=\"368\" \/><\/a><\/p>\n<div class=\"caption\">Paavo Harju l\u00e4hd\u00f6ss\u00e4 kotiin tutustumaan uuteen juhlajulkaisuun<\/div>\n<\/td>\n<\/tr>\n<tr>\n<td class=\"captionModel2\"><a class=\"{&quot;htmlCaption&quot;:&quot;Varapresidentti Jouko Turtiainen jo kotiinl\u00e4hd\u00f6ss\u00e4. Juhlat loppuvat aikanaan! :)&quot;,&quot;h&quot;:&quot;800&quot;,&quot;w&quot;:&quot;533&quot;} cboxElement\" title=\"Varapresidentti Jouko Turtiainen jo kotiinl\u00e4hd\u00f6ss\u00e4. Juhlat loppuvat aikanaan! :)\" href=\"https:\/\/savonlinnanrotaryklubi.rotary.fi\/@Bin\/184029\/IMG_9672.jpeg\" rel=\"gallery-183840\"><img loading=\"lazy\" decoding=\"async\" src=\"https:\/\/savonlinnanrotaryklubi.rotary.fi\/@Bin\/184038\/IMG_9672.jpeg\" alt=\"\" width=\"326\" height=\"489\" \/><\/a><\/p>\n<div class=\"caption\">Varapresidentti Jouko Turtiainen jo kotiinl\u00e4hd\u00f6ss\u00e4. Juhlat loppuvat aikanaan! \ud83d\ude42<\/div>\n<\/td>\n<\/tr>\n<tr>\n<td class=\"captionModel2\"><a class=\"{&quot;w&quot;:&quot;940&quot;,&quot;h&quot;:&quot;517&quot;,&quot;htmlCaption&quot;:&quot;It\u00e4-Savo 10.12.2016&quot;} cboxElement\" title=\"It\u00e4-Savo 10.12.2016\" href=\"https:\/\/savonlinnanrotaryklubi.rotary.fi\/@Bin\/184440\/it%c3%a4-savon%20artikkeli.jpeg\" rel=\"gallery-183840\"><img loading=\"lazy\" decoding=\"async\" src=\"https:\/\/savonlinnanrotaryklubi.rotary.fi\/@Bin\/184441\/it%c3%a4-savon%20artikkeli.jpeg\" alt=\"\" width=\"326\" height=\"179\" \/><\/a><\/td>\n<\/tr>\n<\/tbody>\n<\/table>\n<\/div>\n<\/div>\n<\/div>\n<\/div>\n","protected":false},"excerpt":{"rendered":"<p>Kutsu Juhlaohjelma Piirikuvern\u00f6\u00f6ri Aimo Turunen ja klubin presidentti Pekka Huovila vaimoineen Presidentti Pekka Huovila avasi juhlatilaisuden Johtaja Merja Auvinen piti juhlapuheen Trio Tanguango Risto Paakkunainen esitteli tekem\u00e4ns\u00e4 tuoreen 70-vuotisjuhlajulkaisun ja kertoi klubin historiasta Presidentti Pekka Huovila esitteli klubin uudelle kunniaj\u00e4senelle Jaakko Vihmaalle luovutettavan kunniakirjan PHF:n saajat Kari Tikkanen ja Arsi Anttonen Juhlan juonsi Antero Nousiainen [&hellip;]<\/p>\n","protected":false},"author":60,"featured_media":0,"parent":0,"menu_order":0,"comment_status":"closed","ping_status":"closed","template":"","meta":{"_acf_changed":false,"_et_pb_use_builder":"","_et_pb_old_content":"","_et_gb_content_width":"","footnotes":""},"class_list":["post-1697","page","type-page","status-publish","hentry"],"acf":[],"yoast_head":"<!-- This site is optimized with the Yoast SEO plugin v27.0 - https:\/\/yoast.com\/product\/yoast-seo-wordpress\/ -->\n<title>Klubin 70-vuotisjuhla Olavinlinnassa 9.12.2016 - Savonlinnan Rotaryklubi ry<\/title>\n<meta name=\"robots\" content=\"index, follow, max-snippet:-1, max-image-preview:large, max-video-preview:-1\" \/>\n<link rel=\"canonical\" href=\"https:\/\/rotary.fi\/savonlinnanrotaryklubi\/klubin-70-vuotisjuhla-olavinlinnassa-9-12-2016\/\" \/>\n<meta property=\"og:locale\" content=\"fi_FI\" \/>\n<meta property=\"og:type\" content=\"article\" \/>\n<meta property=\"og:title\" content=\"Klubin 70-vuotisjuhla Olavinlinnassa 9.12.2016 - Savonlinnan Rotaryklubi ry\" \/>\n<meta property=\"og:description\" content=\"Kutsu Juhlaohjelma Piirikuvern\u00f6\u00f6ri Aimo Turunen ja klubin presidentti Pekka Huovila vaimoineen Presidentti Pekka Huovila avasi juhlatilaisuden Johtaja Merja Auvinen piti juhlapuheen Trio Tanguango Risto Paakkunainen esitteli tekem\u00e4ns\u00e4 tuoreen 70-vuotisjuhlajulkaisun ja kertoi klubin historiasta Presidentti Pekka Huovila esitteli klubin uudelle kunniaj\u00e4senelle Jaakko Vihmaalle luovutettavan kunniakirjan PHF:n saajat Kari Tikkanen ja Arsi Anttonen Juhlan juonsi Antero Nousiainen [&hellip;]\" \/>\n<meta property=\"og:url\" content=\"https:\/\/rotary.fi\/savonlinnanrotaryklubi\/klubin-70-vuotisjuhla-olavinlinnassa-9-12-2016\/\" \/>\n<meta property=\"og:site_name\" content=\"Savonlinnan Rotaryklubi ry\" \/>\n<meta property=\"og:image\" content=\"https:\/\/savonlinnanrotaryklubi.rotary.fi\/@Bin\/184657\/IMG_0002%20%283%29.jpeg\" \/>\n<meta name=\"twitter:card\" content=\"summary_large_image\" \/>\n<meta name=\"twitter:label1\" content=\"Arvioitu lukuaika\" \/>\n\t<meta name=\"twitter:data1\" content=\"1 minuutti\" \/>\n<script type=\"application\/ld+json\" class=\"yoast-schema-graph\">{\"@context\":\"https:\/\/schema.org\",\"@graph\":[{\"@type\":\"WebPage\",\"@id\":\"https:\/\/rotary.fi\/savonlinnanrotaryklubi\/klubin-70-vuotisjuhla-olavinlinnassa-9-12-2016\/\",\"url\":\"https:\/\/rotary.fi\/savonlinnanrotaryklubi\/klubin-70-vuotisjuhla-olavinlinnassa-9-12-2016\/\",\"name\":\"Klubin 70-vuotisjuhla Olavinlinnassa 9.12.2016 - Savonlinnan Rotaryklubi ry\",\"isPartOf\":{\"@id\":\"https:\/\/rotary.fi\/savonlinnanrotaryklubi\/#website\"},\"primaryImageOfPage\":{\"@id\":\"https:\/\/rotary.fi\/savonlinnanrotaryklubi\/klubin-70-vuotisjuhla-olavinlinnassa-9-12-2016\/#primaryimage\"},\"image\":{\"@id\":\"https:\/\/rotary.fi\/savonlinnanrotaryklubi\/klubin-70-vuotisjuhla-olavinlinnassa-9-12-2016\/#primaryimage\"},\"thumbnailUrl\":\"https:\/\/savonlinnanrotaryklubi.rotary.fi\/@Bin\/184657\/IMG_0002%20%283%29.jpeg\",\"datePublished\":\"2019-01-17T07:55:47+00:00\",\"breadcrumb\":{\"@id\":\"https:\/\/rotary.fi\/savonlinnanrotaryklubi\/klubin-70-vuotisjuhla-olavinlinnassa-9-12-2016\/#breadcrumb\"},\"inLanguage\":\"fi\",\"potentialAction\":[{\"@type\":\"ReadAction\",\"target\":[\"https:\/\/rotary.fi\/savonlinnanrotaryklubi\/klubin-70-vuotisjuhla-olavinlinnassa-9-12-2016\/\"]}]},{\"@type\":\"ImageObject\",\"inLanguage\":\"fi\",\"@id\":\"https:\/\/rotary.fi\/savonlinnanrotaryklubi\/klubin-70-vuotisjuhla-olavinlinnassa-9-12-2016\/#primaryimage\",\"url\":\"https:\/\/savonlinnanrotaryklubi.rotary.fi\/@Bin\/184657\/IMG_0002%20%283%29.jpeg\",\"contentUrl\":\"https:\/\/savonlinnanrotaryklubi.rotary.fi\/@Bin\/184657\/IMG_0002%20%283%29.jpeg\"},{\"@type\":\"BreadcrumbList\",\"@id\":\"https:\/\/rotary.fi\/savonlinnanrotaryklubi\/klubin-70-vuotisjuhla-olavinlinnassa-9-12-2016\/#breadcrumb\",\"itemListElement\":[{\"@type\":\"ListItem\",\"position\":1,\"name\":\"Home\",\"item\":\"https:\/\/rotary.fi\/savonlinnanrotaryklubi\/\"},{\"@type\":\"ListItem\",\"position\":2,\"name\":\"Klubin 70-vuotisjuhla Olavinlinnassa 9.12.2016\"}]},{\"@type\":\"WebSite\",\"@id\":\"https:\/\/rotary.fi\/savonlinnanrotaryklubi\/#website\",\"url\":\"https:\/\/rotary.fi\/savonlinnanrotaryklubi\/\",\"name\":\"Savonlinnan Rotaryklubi ry\",\"description\":\"Uusi Rotary klubisivusto\",\"potentialAction\":[{\"@type\":\"SearchAction\",\"target\":{\"@type\":\"EntryPoint\",\"urlTemplate\":\"https:\/\/rotary.fi\/savonlinnanrotaryklubi\/?s={search_term_string}\"},\"query-input\":{\"@type\":\"PropertyValueSpecification\",\"valueRequired\":true,\"valueName\":\"search_term_string\"}}],\"inLanguage\":\"fi\"}]}<\/script>\n<!-- \/ Yoast SEO plugin. -->","yoast_head_json":{"title":"Klubin 70-vuotisjuhla Olavinlinnassa 9.12.2016 - Savonlinnan Rotaryklubi ry","robots":{"index":"index","follow":"follow","max-snippet":"max-snippet:-1","max-image-preview":"max-image-preview:large","max-video-preview":"max-video-preview:-1"},"canonical":"https:\/\/rotary.fi\/savonlinnanrotaryklubi\/klubin-70-vuotisjuhla-olavinlinnassa-9-12-2016\/","og_locale":"fi_FI","og_type":"article","og_title":"Klubin 70-vuotisjuhla Olavinlinnassa 9.12.2016 - Savonlinnan Rotaryklubi ry","og_description":"Kutsu Juhlaohjelma Piirikuvern\u00f6\u00f6ri Aimo Turunen ja klubin presidentti Pekka Huovila vaimoineen Presidentti Pekka Huovila avasi juhlatilaisuden Johtaja Merja Auvinen piti juhlapuheen Trio Tanguango Risto Paakkunainen esitteli tekem\u00e4ns\u00e4 tuoreen 70-vuotisjuhlajulkaisun ja kertoi klubin historiasta Presidentti Pekka Huovila esitteli klubin uudelle kunniaj\u00e4senelle Jaakko Vihmaalle luovutettavan kunniakirjan PHF:n saajat Kari Tikkanen ja Arsi Anttonen Juhlan juonsi Antero Nousiainen [&hellip;]","og_url":"https:\/\/rotary.fi\/savonlinnanrotaryklubi\/klubin-70-vuotisjuhla-olavinlinnassa-9-12-2016\/","og_site_name":"Savonlinnan Rotaryklubi ry","og_image":[{"url":"https:\/\/savonlinnanrotaryklubi.rotary.fi\/@Bin\/184657\/IMG_0002%20%283%29.jpeg","type":"","width":"","height":""}],"twitter_card":"summary_large_image","twitter_misc":{"Arvioitu lukuaika":"1 minuutti"},"schema":{"@context":"https:\/\/schema.org","@graph":[{"@type":"WebPage","@id":"https:\/\/rotary.fi\/savonlinnanrotaryklubi\/klubin-70-vuotisjuhla-olavinlinnassa-9-12-2016\/","url":"https:\/\/rotary.fi\/savonlinnanrotaryklubi\/klubin-70-vuotisjuhla-olavinlinnassa-9-12-2016\/","name":"Klubin 70-vuotisjuhla Olavinlinnassa 9.12.2016 - Savonlinnan Rotaryklubi ry","isPartOf":{"@id":"https:\/\/rotary.fi\/savonlinnanrotaryklubi\/#website"},"primaryImageOfPage":{"@id":"https:\/\/rotary.fi\/savonlinnanrotaryklubi\/klubin-70-vuotisjuhla-olavinlinnassa-9-12-2016\/#primaryimage"},"image":{"@id":"https:\/\/rotary.fi\/savonlinnanrotaryklubi\/klubin-70-vuotisjuhla-olavinlinnassa-9-12-2016\/#primaryimage"},"thumbnailUrl":"https:\/\/savonlinnanrotaryklubi.rotary.fi\/@Bin\/184657\/IMG_0002%20%283%29.jpeg","datePublished":"2019-01-17T07:55:47+00:00","breadcrumb":{"@id":"https:\/\/rotary.fi\/savonlinnanrotaryklubi\/klubin-70-vuotisjuhla-olavinlinnassa-9-12-2016\/#breadcrumb"},"inLanguage":"fi","potentialAction":[{"@type":"ReadAction","target":["https:\/\/rotary.fi\/savonlinnanrotaryklubi\/klubin-70-vuotisjuhla-olavinlinnassa-9-12-2016\/"]}]},{"@type":"ImageObject","inLanguage":"fi","@id":"https:\/\/rotary.fi\/savonlinnanrotaryklubi\/klubin-70-vuotisjuhla-olavinlinnassa-9-12-2016\/#primaryimage","url":"https:\/\/savonlinnanrotaryklubi.rotary.fi\/@Bin\/184657\/IMG_0002%20%283%29.jpeg","contentUrl":"https:\/\/savonlinnanrotaryklubi.rotary.fi\/@Bin\/184657\/IMG_0002%20%283%29.jpeg"},{"@type":"BreadcrumbList","@id":"https:\/\/rotary.fi\/savonlinnanrotaryklubi\/klubin-70-vuotisjuhla-olavinlinnassa-9-12-2016\/#breadcrumb","itemListElement":[{"@type":"ListItem","position":1,"name":"Home","item":"https:\/\/rotary.fi\/savonlinnanrotaryklubi\/"},{"@type":"ListItem","position":2,"name":"Klubin 70-vuotisjuhla Olavinlinnassa 9.12.2016"}]},{"@type":"WebSite","@id":"https:\/\/rotary.fi\/savonlinnanrotaryklubi\/#website","url":"https:\/\/rotary.fi\/savonlinnanrotaryklubi\/","name":"Savonlinnan Rotaryklubi ry","description":"Uusi Rotary klubisivusto","potentialAction":[{"@type":"SearchAction","target":{"@type":"EntryPoint","urlTemplate":"https:\/\/rotary.fi\/savonlinnanrotaryklubi\/?s={search_term_string}"},"query-input":{"@type":"PropertyValueSpecification","valueRequired":true,"valueName":"search_term_string"}}],"inLanguage":"fi"}]}},"lang":"fi","translations":{"fi":1697},"pll_sync_post":[],"_links":{"self":[{"href":"https:\/\/rotary.fi\/savonlinnanrotaryklubi\/wp-json\/wp\/v2\/pages\/1697","targetHints":{"allow":["GET"]}}],"collection":[{"href":"https:\/\/rotary.fi\/savonlinnanrotaryklubi\/wp-json\/wp\/v2\/pages"}],"about":[{"href":"https:\/\/rotary.fi\/savonlinnanrotaryklubi\/wp-json\/wp\/v2\/types\/page"}],"author":[{"embeddable":true,"href":"https:\/\/rotary.fi\/savonlinnanrotaryklubi\/wp-json\/wp\/v2\/users\/60"}],"replies":[{"embeddable":true,"href":"https:\/\/rotary.fi\/savonlinnanrotaryklubi\/wp-json\/wp\/v2\/comments?post=1697"}],"version-history":[{"count":3,"href":"https:\/\/rotary.fi\/savonlinnanrotaryklubi\/wp-json\/wp\/v2\/pages\/1697\/revisions"}],"predecessor-version":[{"id":1700,"href":"https:\/\/rotary.fi\/savonlinnanrotaryklubi\/wp-json\/wp\/v2\/pages\/1697\/revisions\/1700"}],"wp:attachment":[{"href":"https:\/\/rotary.fi\/savonlinnanrotaryklubi\/wp-json\/wp\/v2\/media?parent=1697"}],"curies":[{"name":"wp","href":"https:\/\/api.w.org\/{rel}","templated":true}]}}