{"id":1580,"date":"2019-01-13T21:44:56","date_gmt":"2019-01-13T19:44:56","guid":{"rendered":"https:\/\/rotary.fi\/savonlinnanrotaryklubi\/?page_id=1580"},"modified":"2019-06-18T11:45:03","modified_gmt":"2019-06-18T08:45:03","slug":"juvan-rantasalmen-ja-savonlinnan-rotaryklubien-yhteinen-vierailu-eduskuntataloon-8-3-2018","status":"publish","type":"page","link":"https:\/\/rotary.fi\/savonlinnanrotaryklubi\/juvan-rantasalmen-ja-savonlinnan-rotaryklubien-yhteinen-vierailu-eduskuntataloon-8-3-2018\/","title":{"rendered":"Juvan, Rantasalmen ja Savonlinnan Rotaryklubien yhteinen vierailu Eduskuntataloon 8.3.2018"},"content":{"rendered":"<div id=\"content-container-201449\" class=\"content-container\">\n<table class=\"contentImageArea\">\n<tbody>\n<tr>\n<td class=\"captionModel2\"><a class=\"{&quot;h&quot;:&quot;705&quot;,&quot;w&quot;:&quot;940&quot;,&quot;htmlCaption&quot;:&quot;Ennen opaskierrosta&quot;} cboxElement\" title=\"Ennen opaskierrosta\" href=\"https:\/\/savonlinnanrotaryklubi.rotary.fi\/@Bin\/201455\/Ennen%20opaskierrosta.jpeg\" rel=\"gallery-201446\"><img loading=\"lazy\" decoding=\"async\" src=\"https:\/\/savonlinnanrotaryklubi.rotary.fi\/@Bin\/204133\/Ennen%20opaskierrosta.jpeg\" alt=\"\" width=\"326\" height=\"244\" \/><img loading=\"lazy\" decoding=\"async\" class=\"alignnone size-thumbnail wp-image-1972\" src=\"https:\/\/rotary.fi\/savonlinnanrotaryklubi\/wp-content\/uploads\/sites\/62\/2019\/06\/ennen-opaskierrosta-150x150.jpeg\" alt=\"\" width=\"150\" height=\"150\" \/><\/a><\/p>\n<div class=\"caption\">Ennen opaskierrosta<\/div>\n<\/td>\n<\/tr>\n<tr>\n<td class=\"captionModel2\">&nbsp;<\/p>\n<div><img loading=\"lazy\" decoding=\"async\" class=\"alignnone size-thumbnail wp-image-1974\" src=\"https:\/\/rotary.fi\/savonlinnanrotaryklubi\/wp-content\/uploads\/sites\/62\/2019\/06\/odotusta-150x150.jpeg\" alt=\"\" width=\"150\" height=\"150\" \/><\/div>\n<div class=\"caption\">Odotusta<\/div>\n<div><\/div>\n<\/td>\n<\/tr>\n<tr>\n<td class=\"captionModel2\"><a class=\"{&quot;w&quot;:&quot;940&quot;,&quot;htmlCaption&quot;:&quot;Ohjeiden saantia&quot;,&quot;h&quot;:&quot;705&quot;} cboxElement\" title=\"Ohjeiden saantia\" href=\"https:\/\/savonlinnanrotaryklubi.rotary.fi\/@Bin\/201488\/Ohjeiden%20saanti%20oppaalta.jpeg\" rel=\"gallery-201446\"><img loading=\"lazy\" decoding=\"async\" src=\"https:\/\/savonlinnanrotaryklubi.rotary.fi\/@Bin\/204135\/Ohjeiden%20saanti%20oppaalta.jpeg\" alt=\"\" width=\"326\" height=\"244\" \/><img loading=\"lazy\" decoding=\"async\" class=\"alignnone size-thumbnail wp-image-1980\" src=\"https:\/\/rotary.fi\/savonlinnanrotaryklubi\/wp-content\/uploads\/sites\/62\/2019\/06\/simo-vuorilehto-vaimoineen-kuuntelevat-opastusta-150x150.jpeg\" alt=\"\" width=\"150\" height=\"150\" \/><\/a><\/p>\n<div class=\"caption\">Simo Vuorilehto vaimoineen kuuntelee opastusta<\/div>\n<\/td>\n<\/tr>\n<tr>\n<td class=\"captionModel2\"><a class=\"{&quot;htmlCaption&quot;:&quot;Simo Vuorilehto vaimoineen kuuntelee opastusta&quot;,&quot;w&quot;:&quot;600&quot;,&quot;h&quot;:&quot;800&quot;} cboxElement\" title=\"Simo Vuorilehto vaimoineen kuuntelee opastusta\" href=\"https:\/\/savonlinnanrotaryklubi.rotary.fi\/@Bin\/201491\/Simo%20Vuorilehto%20vaimoineen%20kuuntelevat%20opastusta.jpeg\" rel=\"gallery-201446\"><img loading=\"lazy\" decoding=\"async\" src=\"https:\/\/savonlinnanrotaryklubi.rotary.fi\/@Bin\/201505\/Simo%20Vuorilehto%20vaimoineen%20kuuntelevat%20opastusta.jpeg\" alt=\"\" width=\"326\" height=\"434\" \/><\/a><\/p>\n<div class=\"caption\"><\/div>\n<\/td>\n<\/tr>\n<tr>\n<td class=\"captionModel2\"><a class=\"{&quot;h&quot;:&quot;800&quot;,&quot;w&quot;:&quot;600&quot;,&quot;htmlCaption&quot;:&quot;T\u00e4h\u00e4n asti p\u00e4\u00e4simme&quot;} cboxElement\" title=\"T\u00e4h\u00e4n asti p\u00e4\u00e4simme\" href=\"https:\/\/savonlinnanrotaryklubi.rotary.fi\/@Bin\/201494\/IMG_3660.jpeg\" rel=\"gallery-201446\"><img loading=\"lazy\" decoding=\"async\" src=\"https:\/\/savonlinnanrotaryklubi.rotary.fi\/@Bin\/201506\/IMG_3660.jpeg\" alt=\"\" width=\"326\" height=\"434\" \/><img loading=\"lazy\" decoding=\"async\" class=\"alignnone size-thumbnail wp-image-1981\" src=\"https:\/\/rotary.fi\/savonlinnanrotaryklubi\/wp-content\/uploads\/sites\/62\/2019\/06\/tahan-asti-paasimme-150x150.jpeg\" alt=\"\" width=\"150\" height=\"150\" \/><\/a><\/p>\n<div class=\"caption\">T\u00e4h\u00e4n asti p\u00e4\u00e4simme<\/div>\n<\/td>\n<\/tr>\n<tr>\n<td class=\"captionModel2\"><a class=\"{&quot;h&quot;:&quot;800&quot;,&quot;htmlCaption&quot;:&quot;Valtiosali&quot;,&quot;w&quot;:&quot;600&quot;} cboxElement\" title=\"Valtiosali\" href=\"https:\/\/savonlinnanrotaryklubi.rotary.fi\/@Bin\/201571\/IMG_3655.jpeg\" rel=\"gallery-201446\"><img loading=\"lazy\" decoding=\"async\" src=\"https:\/\/savonlinnanrotaryklubi.rotary.fi\/@Bin\/201585\/IMG_3655.jpeg\" alt=\"\" width=\"326\" height=\"434\" \/><img loading=\"lazy\" decoding=\"async\" class=\"alignnone size-thumbnail wp-image-1983\" src=\"https:\/\/rotary.fi\/savonlinnanrotaryklubi\/wp-content\/uploads\/sites\/62\/2019\/06\/valtiosali-150x150.jpeg\" alt=\"\" width=\"150\" height=\"150\" \/><\/a><\/p>\n<div class=\"caption\">Valtiosali<\/div>\n<\/td>\n<\/tr>\n<tr>\n<td class=\"captionModel2\"><a href=\"https:\/\/savonlinnanrotaryklubi.rotary.fi\/@Bin\/205590\/20180308_093103.jpeg\" target=\"_blank\" rel=\"noopener noreferrer\"><img loading=\"lazy\" decoding=\"async\" src=\"https:\/\/savonlinnanrotaryklubi.rotary.fi\/@Bin\/205661\/20180308_093103.jpeg\" alt=\"\" width=\"326\" height=\"434\" \/><img loading=\"lazy\" decoding=\"async\" class=\"alignnone size-thumbnail wp-image-1978\" src=\"https:\/\/rotary.fi\/savonlinnanrotaryklubi\/wp-content\/uploads\/sites\/62\/2019\/06\/kierroksella-valtiosalissa-150x150.jpeg\" alt=\"\" width=\"150\" height=\"150\" \/><\/a><\/p>\n<div class=\"caption\">Kierroksella valtiosalissa<\/div>\n<\/td>\n<\/tr>\n<tr>\n<td class=\"captionModel2\"><a href=\"https:\/\/savonlinnanrotaryklubi.rotary.fi\/@Bin\/205470\/20180308_093052_001.jpeg\" target=\"_blank\" rel=\"noopener noreferrer\"><img loading=\"lazy\" decoding=\"async\" src=\"https:\/\/savonlinnanrotaryklubi.rotary.fi\/@Bin\/202983\/20180308_093052_001.jpeg\" alt=\"\" width=\"326\" height=\"434\" \/><\/a><\/p>\n<div class=\"caption\"><\/div>\n<\/td>\n<\/tr>\n<tr>\n<td class=\"captionModel2\"><a class=\"{&quot;h&quot;:&quot;705&quot;,&quot;w&quot;:&quot;940&quot;,&quot;htmlCaption&quot;:&quot;Istuntosali&quot;} cboxElement\" title=\"Istuntosali\" href=\"https:\/\/savonlinnanrotaryklubi.rotary.fi\/@Bin\/201500\/IMG_3664.jpeg\" rel=\"gallery-201446\"><img loading=\"lazy\" decoding=\"async\" src=\"https:\/\/savonlinnanrotaryklubi.rotary.fi\/@Bin\/204136\/IMG_3664.jpeg\" alt=\"\" width=\"326\" height=\"244\" \/><img loading=\"lazy\" decoding=\"async\" class=\"alignnone size-thumbnail wp-image-1976\" src=\"https:\/\/rotary.fi\/savonlinnanrotaryklubi\/wp-content\/uploads\/sites\/62\/2019\/06\/istuntosali-150x150.jpeg\" alt=\"\" width=\"150\" height=\"150\" \/><\/a><\/p>\n<div class=\"caption\">Istuntosali<\/div>\n<\/td>\n<\/tr>\n<tr>\n<td class=\"captionModel2\"><img loading=\"lazy\" decoding=\"async\" src=\"https:\/\/savonlinnanrotaryklubi.rotary.fi\/@Bin\/204137\/IMG_3665%20%282%29.jpeg\" alt=\"\" width=\"326\" height=\"244\" \/><img loading=\"lazy\" decoding=\"async\" class=\"alignnone size-thumbnail wp-image-1975\" src=\"https:\/\/rotary.fi\/savonlinnanrotaryklubi\/wp-content\/uploads\/sites\/62\/2019\/06\/eduskunnan-esittelya-150x150.jpeg\" alt=\"\" width=\"150\" height=\"150\" \/><\/p>\n<div class=\"caption\">Eduskunnan esittely\u00e4<\/div>\n<\/td>\n<\/tr>\n<tr>\n<td class=\"captionModel2\"><a class=\"{&quot;w&quot;:&quot;940&quot;,&quot;htmlCaption&quot;:&quot;Eduskunnan esittely\u00e4&quot;,&quot;h&quot;:&quot;705&quot;} cboxElement\" title=\"Eduskunnan esittely\u00e4\" href=\"https:\/\/savonlinnanrotaryklubi.rotary.fi\/@Bin\/201577\/IMG_3668%20%282%29.jpeg\" rel=\"gallery-201446\"><img loading=\"lazy\" decoding=\"async\" src=\"https:\/\/savonlinnanrotaryklubi.rotary.fi\/@Bin\/203918\/IMG_3668%20%282%29.jpeg\" alt=\"\" width=\"326\" height=\"244\" \/><\/a><\/p>\n<div class=\"caption\"><\/div>\n<\/td>\n<\/tr>\n<tr>\n<td class=\"captionModel2\"><a class=\"{&quot;htmlCaption&quot;:&quot;Eduskunnan esittely\u00e4&quot;,&quot;w&quot;:&quot;600&quot;,&quot;h&quot;:&quot;800&quot;} cboxElement\" title=\"Eduskunnan esittely\u00e4\" href=\"https:\/\/savonlinnanrotaryklubi.rotary.fi\/@Bin\/201580\/IMG_3663.jpeg\" rel=\"gallery-201446\"><img loading=\"lazy\" decoding=\"async\" src=\"https:\/\/savonlinnanrotaryklubi.rotary.fi\/@Bin\/203920\/IMG_3663.jpeg\" alt=\"\" width=\"326\" height=\"434\" \/><\/a><\/p>\n<div class=\"caption\"><\/div>\n<\/td>\n<\/tr>\n<tr>\n<td class=\"captionModel2\"><a class=\"{&quot;h&quot;:&quot;800&quot;,&quot;w&quot;:&quot;600&quot;,&quot;htmlCaption&quot;:&quot;W\u00e4in\u00f6 Aaltosen ty\u00f6 Tulevaisuus omassa tilassa Valtiosalin vieress\u00e4&quot;} cboxElement\" title=\"W\u00e4in\u00f6 Aaltosen ty\u00f6 Tulevaisuus omassa tilassa Valtiosalin vieress\u00e4\" href=\"https:\/\/savonlinnanrotaryklubi.rotary.fi\/@Bin\/201667\/IMG_3656.jpeg\" rel=\"gallery-201446\"><img loading=\"lazy\" decoding=\"async\" src=\"https:\/\/savonlinnanrotaryklubi.rotary.fi\/@Bin\/204138\/IMG_3656.jpeg\" alt=\"\" width=\"326\" height=\"434\" \/><img loading=\"lazy\" decoding=\"async\" class=\"alignnone size-thumbnail wp-image-1984\" src=\"https:\/\/rotary.fi\/savonlinnanrotaryklubi\/wp-content\/uploads\/sites\/62\/2019\/06\/waino-aaltosen-tyo-tulevaisuus-omassa-tilassa-valtiosalin-vieressa-150x150.jpeg\" alt=\"\" width=\"150\" height=\"150\" \/><\/a><\/p>\n<div class=\"caption\">W\u00e4in\u00f6 Aaltosen ty\u00f6 Tulevaisuus omassa tilassa Valtiosalin vieress\u00e4<\/div>\n<\/td>\n<\/tr>\n<tr>\n<td class=\"captionModel2\"><a class=\"{&quot;w&quot;:&quot;600&quot;,&quot;htmlCaption&quot;:&quot;Miksi Urho Kekkosen rintakuva on Valtiosalissa ?&quot;,&quot;h&quot;:&quot;800&quot;} cboxElement\" title=\"Miksi Urho Kekkosen rintakuva on Valtiosalissa ?\" href=\"https:\/\/savonlinnanrotaryklubi.rotary.fi\/@Bin\/201717\/Urho%20Kekkosen%20rintakuva%20%282%29.jpeg\" rel=\"gallery-201446\"><img loading=\"lazy\" decoding=\"async\" src=\"https:\/\/savonlinnanrotaryklubi.rotary.fi\/@Bin\/205390\/Urho%20Kekkosen%20rintakuva%20%282%29.jpeg\" alt=\"\" width=\"326\" height=\"434\" \/><img loading=\"lazy\" decoding=\"async\" class=\"alignnone size-thumbnail wp-image-1982\" src=\"https:\/\/rotary.fi\/savonlinnanrotaryklubi\/wp-content\/uploads\/sites\/62\/2019\/06\/urho-kekkosen-rintakuva-2-150x150.jpeg\" alt=\"\" width=\"150\" height=\"150\" \/><\/a><\/p>\n<div class=\"caption\">Miksi Urho Kekkosen rintakuva on Valtiosalissa ?<\/div>\n<\/td>\n<\/tr>\n<tr>\n<td class=\"captionModel2\"><img loading=\"lazy\" decoding=\"async\" class=\"alignnone size-thumbnail wp-image-1990\" src=\"https:\/\/rotary.fi\/savonlinnanrotaryklubi\/wp-content\/uploads\/sites\/62\/2019\/06\/kaj-turunen-150x150.jpeg\" alt=\"\" width=\"150\" height=\"150\" \/><\/p>\n<p><img loading=\"lazy\" decoding=\"async\" class=\"alignnone size-thumbnail wp-image-1988\" src=\"https:\/\/rotary.fi\/savonlinnanrotaryklubi\/wp-content\/uploads\/sites\/62\/2019\/06\/olimme-kansanedustaja-kaj-turusen-vieraana-1-150x150.jpeg\" alt=\"\" width=\"150\" height=\"150\" \/><\/p>\n<div class=\"caption\">Olimme kansanedustaja Kaj Turusen vieraana<\/div>\n<\/td>\n<\/tr>\n<tr>\n<td class=\"captionModel2\"><a class=\"{&quot;htmlCaption&quot;:&quot;Olimme kansanedustaja Kaj Turusen vieraana&quot;,&quot;w&quot;:&quot;940&quot;,&quot;h&quot;:&quot;705&quot;} cboxElement\" title=\"Olimme kansanedustaja Kaj Turusen vieraana\" href=\"https:\/\/savonlinnanrotaryklubi.rotary.fi\/@Bin\/201503\/IMG_3669.jpeg\" rel=\"gallery-201446\"><img loading=\"lazy\" decoding=\"async\" src=\"https:\/\/savonlinnanrotaryklubi.rotary.fi\/@Bin\/205252\/IMG_3669.jpeg\" alt=\"\" width=\"326\" height=\"244\" \/><\/a><\/p>\n<div class=\"caption\"><\/div>\n<\/td>\n<\/tr>\n<\/tbody>\n<\/table>\n<div id=\"content-text-201449\"><\/div>\n<\/div>\n<div><\/div>\n","protected":false},"excerpt":{"rendered":"<p>Ennen opaskierrosta &nbsp; Odotusta Simo Vuorilehto vaimoineen kuuntelee opastusta T\u00e4h\u00e4n asti p\u00e4\u00e4simme Valtiosali Kierroksella valtiosalissa Istuntosali Eduskunnan esittely\u00e4 W\u00e4in\u00f6 Aaltosen ty\u00f6 Tulevaisuus omassa tilassa Valtiosalin vieress\u00e4 Miksi Urho Kekkosen rintakuva on Valtiosalissa ? Olimme kansanedustaja Kaj Turusen vieraana<\/p>\n","protected":false},"author":60,"featured_media":0,"parent":0,"menu_order":0,"comment_status":"closed","ping_status":"closed","template":"","meta":{"_acf_changed":false,"_et_pb_use_builder":"","_et_pb_old_content":"","_et_gb_content_width":"","footnotes":""},"class_list":["post-1580","page","type-page","status-publish","hentry"],"acf":[],"yoast_head":"<!-- This site is optimized with the Yoast SEO plugin v27.0 - https:\/\/yoast.com\/product\/yoast-seo-wordpress\/ -->\n<title>Juvan, Rantasalmen ja Savonlinnan Rotaryklubien yhteinen vierailu Eduskuntataloon 8.3.2018 - Savonlinnan Rotaryklubi ry<\/title>\n<meta name=\"robots\" content=\"index, follow, max-snippet:-1, max-image-preview:large, max-video-preview:-1\" \/>\n<link rel=\"canonical\" href=\"https:\/\/rotary.fi\/savonlinnanrotaryklubi\/juvan-rantasalmen-ja-savonlinnan-rotaryklubien-yhteinen-vierailu-eduskuntataloon-8-3-2018\/\" \/>\n<meta property=\"og:locale\" content=\"fi_FI\" \/>\n<meta property=\"og:type\" content=\"article\" \/>\n<meta property=\"og:title\" content=\"Juvan, Rantasalmen ja Savonlinnan Rotaryklubien yhteinen vierailu Eduskuntataloon 8.3.2018 - Savonlinnan Rotaryklubi ry\" \/>\n<meta property=\"og:description\" content=\"Ennen opaskierrosta &nbsp; Odotusta Simo Vuorilehto vaimoineen kuuntelee opastusta T\u00e4h\u00e4n asti p\u00e4\u00e4simme Valtiosali Kierroksella valtiosalissa Istuntosali Eduskunnan esittely\u00e4 W\u00e4in\u00f6 Aaltosen ty\u00f6 Tulevaisuus omassa tilassa Valtiosalin vieress\u00e4 Miksi Urho Kekkosen rintakuva on Valtiosalissa ? Olimme kansanedustaja Kaj Turusen vieraana\" \/>\n<meta property=\"og:url\" content=\"https:\/\/rotary.fi\/savonlinnanrotaryklubi\/juvan-rantasalmen-ja-savonlinnan-rotaryklubien-yhteinen-vierailu-eduskuntataloon-8-3-2018\/\" \/>\n<meta property=\"og:site_name\" content=\"Savonlinnan Rotaryklubi ry\" \/>\n<meta property=\"article:modified_time\" content=\"2019-06-18T08:45:03+00:00\" \/>\n<meta property=\"og:image\" content=\"https:\/\/savonlinnanrotaryklubi.rotary.fi\/@Bin\/204133\/Ennen%20opaskierrosta.jpeg\" \/>\n<meta name=\"twitter:card\" content=\"summary_large_image\" \/>\n<script type=\"application\/ld+json\" class=\"yoast-schema-graph\">{\"@context\":\"https:\/\/schema.org\",\"@graph\":[{\"@type\":\"WebPage\",\"@id\":\"https:\/\/rotary.fi\/savonlinnanrotaryklubi\/juvan-rantasalmen-ja-savonlinnan-rotaryklubien-yhteinen-vierailu-eduskuntataloon-8-3-2018\/\",\"url\":\"https:\/\/rotary.fi\/savonlinnanrotaryklubi\/juvan-rantasalmen-ja-savonlinnan-rotaryklubien-yhteinen-vierailu-eduskuntataloon-8-3-2018\/\",\"name\":\"Juvan, Rantasalmen ja Savonlinnan Rotaryklubien yhteinen vierailu Eduskuntataloon 8.3.2018 - Savonlinnan Rotaryklubi ry\",\"isPartOf\":{\"@id\":\"https:\/\/rotary.fi\/savonlinnanrotaryklubi\/#website\"},\"primaryImageOfPage\":{\"@id\":\"https:\/\/rotary.fi\/savonlinnanrotaryklubi\/juvan-rantasalmen-ja-savonlinnan-rotaryklubien-yhteinen-vierailu-eduskuntataloon-8-3-2018\/#primaryimage\"},\"image\":{\"@id\":\"https:\/\/rotary.fi\/savonlinnanrotaryklubi\/juvan-rantasalmen-ja-savonlinnan-rotaryklubien-yhteinen-vierailu-eduskuntataloon-8-3-2018\/#primaryimage\"},\"thumbnailUrl\":\"https:\/\/savonlinnanrotaryklubi.rotary.fi\/@Bin\/204133\/Ennen%20opaskierrosta.jpeg\",\"datePublished\":\"2019-01-13T19:44:56+00:00\",\"dateModified\":\"2019-06-18T08:45:03+00:00\",\"breadcrumb\":{\"@id\":\"https:\/\/rotary.fi\/savonlinnanrotaryklubi\/juvan-rantasalmen-ja-savonlinnan-rotaryklubien-yhteinen-vierailu-eduskuntataloon-8-3-2018\/#breadcrumb\"},\"inLanguage\":\"fi\",\"potentialAction\":[{\"@type\":\"ReadAction\",\"target\":[\"https:\/\/rotary.fi\/savonlinnanrotaryklubi\/juvan-rantasalmen-ja-savonlinnan-rotaryklubien-yhteinen-vierailu-eduskuntataloon-8-3-2018\/\"]}]},{\"@type\":\"ImageObject\",\"inLanguage\":\"fi\",\"@id\":\"https:\/\/rotary.fi\/savonlinnanrotaryklubi\/juvan-rantasalmen-ja-savonlinnan-rotaryklubien-yhteinen-vierailu-eduskuntataloon-8-3-2018\/#primaryimage\",\"url\":\"https:\/\/savonlinnanrotaryklubi.rotary.fi\/@Bin\/204133\/Ennen%20opaskierrosta.jpeg\",\"contentUrl\":\"https:\/\/savonlinnanrotaryklubi.rotary.fi\/@Bin\/204133\/Ennen%20opaskierrosta.jpeg\"},{\"@type\":\"BreadcrumbList\",\"@id\":\"https:\/\/rotary.fi\/savonlinnanrotaryklubi\/juvan-rantasalmen-ja-savonlinnan-rotaryklubien-yhteinen-vierailu-eduskuntataloon-8-3-2018\/#breadcrumb\",\"itemListElement\":[{\"@type\":\"ListItem\",\"position\":1,\"name\":\"Home\",\"item\":\"https:\/\/rotary.fi\/savonlinnanrotaryklubi\/\"},{\"@type\":\"ListItem\",\"position\":2,\"name\":\"Juvan, Rantasalmen ja Savonlinnan Rotaryklubien yhteinen vierailu Eduskuntataloon 8.3.2018\"}]},{\"@type\":\"WebSite\",\"@id\":\"https:\/\/rotary.fi\/savonlinnanrotaryklubi\/#website\",\"url\":\"https:\/\/rotary.fi\/savonlinnanrotaryklubi\/\",\"name\":\"Savonlinnan Rotaryklubi ry\",\"description\":\"Uusi Rotary klubisivusto\",\"potentialAction\":[{\"@type\":\"SearchAction\",\"target\":{\"@type\":\"EntryPoint\",\"urlTemplate\":\"https:\/\/rotary.fi\/savonlinnanrotaryklubi\/?s={search_term_string}\"},\"query-input\":{\"@type\":\"PropertyValueSpecification\",\"valueRequired\":true,\"valueName\":\"search_term_string\"}}],\"inLanguage\":\"fi\"}]}<\/script>\n<!-- \/ Yoast SEO plugin. -->","yoast_head_json":{"title":"Juvan, Rantasalmen ja Savonlinnan Rotaryklubien yhteinen vierailu Eduskuntataloon 8.3.2018 - Savonlinnan Rotaryklubi ry","robots":{"index":"index","follow":"follow","max-snippet":"max-snippet:-1","max-image-preview":"max-image-preview:large","max-video-preview":"max-video-preview:-1"},"canonical":"https:\/\/rotary.fi\/savonlinnanrotaryklubi\/juvan-rantasalmen-ja-savonlinnan-rotaryklubien-yhteinen-vierailu-eduskuntataloon-8-3-2018\/","og_locale":"fi_FI","og_type":"article","og_title":"Juvan, Rantasalmen ja Savonlinnan Rotaryklubien yhteinen vierailu Eduskuntataloon 8.3.2018 - Savonlinnan Rotaryklubi ry","og_description":"Ennen opaskierrosta &nbsp; Odotusta Simo Vuorilehto vaimoineen kuuntelee opastusta T\u00e4h\u00e4n asti p\u00e4\u00e4simme Valtiosali Kierroksella valtiosalissa Istuntosali Eduskunnan esittely\u00e4 W\u00e4in\u00f6 Aaltosen ty\u00f6 Tulevaisuus omassa tilassa Valtiosalin vieress\u00e4 Miksi Urho Kekkosen rintakuva on Valtiosalissa ? Olimme kansanedustaja Kaj Turusen vieraana","og_url":"https:\/\/rotary.fi\/savonlinnanrotaryklubi\/juvan-rantasalmen-ja-savonlinnan-rotaryklubien-yhteinen-vierailu-eduskuntataloon-8-3-2018\/","og_site_name":"Savonlinnan Rotaryklubi ry","article_modified_time":"2019-06-18T08:45:03+00:00","og_image":[{"url":"https:\/\/savonlinnanrotaryklubi.rotary.fi\/@Bin\/204133\/Ennen%20opaskierrosta.jpeg","type":"","width":"","height":""}],"twitter_card":"summary_large_image","schema":{"@context":"https:\/\/schema.org","@graph":[{"@type":"WebPage","@id":"https:\/\/rotary.fi\/savonlinnanrotaryklubi\/juvan-rantasalmen-ja-savonlinnan-rotaryklubien-yhteinen-vierailu-eduskuntataloon-8-3-2018\/","url":"https:\/\/rotary.fi\/savonlinnanrotaryklubi\/juvan-rantasalmen-ja-savonlinnan-rotaryklubien-yhteinen-vierailu-eduskuntataloon-8-3-2018\/","name":"Juvan, Rantasalmen ja Savonlinnan Rotaryklubien yhteinen vierailu Eduskuntataloon 8.3.2018 - Savonlinnan Rotaryklubi ry","isPartOf":{"@id":"https:\/\/rotary.fi\/savonlinnanrotaryklubi\/#website"},"primaryImageOfPage":{"@id":"https:\/\/rotary.fi\/savonlinnanrotaryklubi\/juvan-rantasalmen-ja-savonlinnan-rotaryklubien-yhteinen-vierailu-eduskuntataloon-8-3-2018\/#primaryimage"},"image":{"@id":"https:\/\/rotary.fi\/savonlinnanrotaryklubi\/juvan-rantasalmen-ja-savonlinnan-rotaryklubien-yhteinen-vierailu-eduskuntataloon-8-3-2018\/#primaryimage"},"thumbnailUrl":"https:\/\/savonlinnanrotaryklubi.rotary.fi\/@Bin\/204133\/Ennen%20opaskierrosta.jpeg","datePublished":"2019-01-13T19:44:56+00:00","dateModified":"2019-06-18T08:45:03+00:00","breadcrumb":{"@id":"https:\/\/rotary.fi\/savonlinnanrotaryklubi\/juvan-rantasalmen-ja-savonlinnan-rotaryklubien-yhteinen-vierailu-eduskuntataloon-8-3-2018\/#breadcrumb"},"inLanguage":"fi","potentialAction":[{"@type":"ReadAction","target":["https:\/\/rotary.fi\/savonlinnanrotaryklubi\/juvan-rantasalmen-ja-savonlinnan-rotaryklubien-yhteinen-vierailu-eduskuntataloon-8-3-2018\/"]}]},{"@type":"ImageObject","inLanguage":"fi","@id":"https:\/\/rotary.fi\/savonlinnanrotaryklubi\/juvan-rantasalmen-ja-savonlinnan-rotaryklubien-yhteinen-vierailu-eduskuntataloon-8-3-2018\/#primaryimage","url":"https:\/\/savonlinnanrotaryklubi.rotary.fi\/@Bin\/204133\/Ennen%20opaskierrosta.jpeg","contentUrl":"https:\/\/savonlinnanrotaryklubi.rotary.fi\/@Bin\/204133\/Ennen%20opaskierrosta.jpeg"},{"@type":"BreadcrumbList","@id":"https:\/\/rotary.fi\/savonlinnanrotaryklubi\/juvan-rantasalmen-ja-savonlinnan-rotaryklubien-yhteinen-vierailu-eduskuntataloon-8-3-2018\/#breadcrumb","itemListElement":[{"@type":"ListItem","position":1,"name":"Home","item":"https:\/\/rotary.fi\/savonlinnanrotaryklubi\/"},{"@type":"ListItem","position":2,"name":"Juvan, Rantasalmen ja Savonlinnan Rotaryklubien yhteinen vierailu Eduskuntataloon 8.3.2018"}]},{"@type":"WebSite","@id":"https:\/\/rotary.fi\/savonlinnanrotaryklubi\/#website","url":"https:\/\/rotary.fi\/savonlinnanrotaryklubi\/","name":"Savonlinnan Rotaryklubi ry","description":"Uusi Rotary klubisivusto","potentialAction":[{"@type":"SearchAction","target":{"@type":"EntryPoint","urlTemplate":"https:\/\/rotary.fi\/savonlinnanrotaryklubi\/?s={search_term_string}"},"query-input":{"@type":"PropertyValueSpecification","valueRequired":true,"valueName":"search_term_string"}}],"inLanguage":"fi"}]}},"lang":"fi","translations":{"fi":1580},"pll_sync_post":[],"_links":{"self":[{"href":"https:\/\/rotary.fi\/savonlinnanrotaryklubi\/wp-json\/wp\/v2\/pages\/1580","targetHints":{"allow":["GET"]}}],"collection":[{"href":"https:\/\/rotary.fi\/savonlinnanrotaryklubi\/wp-json\/wp\/v2\/pages"}],"about":[{"href":"https:\/\/rotary.fi\/savonlinnanrotaryklubi\/wp-json\/wp\/v2\/types\/page"}],"author":[{"embeddable":true,"href":"https:\/\/rotary.fi\/savonlinnanrotaryklubi\/wp-json\/wp\/v2\/users\/60"}],"replies":[{"embeddable":true,"href":"https:\/\/rotary.fi\/savonlinnanrotaryklubi\/wp-json\/wp\/v2\/comments?post=1580"}],"version-history":[{"count":6,"href":"https:\/\/rotary.fi\/savonlinnanrotaryklubi\/wp-json\/wp\/v2\/pages\/1580\/revisions"}],"predecessor-version":[{"id":1992,"href":"https:\/\/rotary.fi\/savonlinnanrotaryklubi\/wp-json\/wp\/v2\/pages\/1580\/revisions\/1992"}],"wp:attachment":[{"href":"https:\/\/rotary.fi\/savonlinnanrotaryklubi\/wp-json\/wp\/v2\/media?parent=1580"}],"curies":[{"name":"wp","href":"https:\/\/api.w.org\/{rel}","templated":true}]}}