{"id":1560,"date":"2019-01-13T21:29:02","date_gmt":"2019-01-13T19:29:02","guid":{"rendered":"https:\/\/rotary.fi\/savonlinnanrotaryklubi\/?page_id=1560"},"modified":"2019-12-04T19:19:48","modified_gmt":"2019-12-04T17:19:48","slug":"savonlinnan-rotaryklubin-60-vuotisjuhla-16-12-2006","status":"publish","type":"page","link":"https:\/\/rotary.fi\/savonlinnanrotaryklubi\/savonlinnan-rotaryklubin-60-vuotisjuhla-16-12-2006\/","title":{"rendered":"Savonlinnan Rotaryklubin 60-vuotisjuhla 16.12.2006"},"content":{"rendered":"<p><img loading=\"lazy\" decoding=\"async\" class=\"alignnone wp-image-2312 size-full\" src=\"https:\/\/rotary.fi\/savonlinnanrotaryklubi\/wp-content\/uploads\/sites\/62\/2019\/12\/60-vuotisjuhlakutsu.jpeg\" alt=\"\" width=\"325\" height=\"321\" srcset=\"https:\/\/rotary.fi\/savonlinnanrotaryklubi\/wp-content\/uploads\/sites\/62\/2019\/12\/60-vuotisjuhlakutsu.jpeg 325w, https:\/\/rotary.fi\/savonlinnanrotaryklubi\/wp-content\/uploads\/sites\/62\/2019\/12\/60-vuotisjuhlakutsu-300x296.jpeg 300w\" sizes=\"(max-width: 325px) 100vw, 325px\" \/><\/p>\n<p><img loading=\"lazy\" decoding=\"async\" class=\"alignnone wp-image-2313 size-full\" src=\"https:\/\/rotary.fi\/savonlinnanrotaryklubi\/wp-content\/uploads\/sites\/62\/2019\/12\/raimo-raunola-ja-kuvernoori.jpeg\" alt=\"\" width=\"325\" height=\"433\" srcset=\"https:\/\/rotary.fi\/savonlinnanrotaryklubi\/wp-content\/uploads\/sites\/62\/2019\/12\/raimo-raunola-ja-kuvernoori.jpeg 325w, https:\/\/rotary.fi\/savonlinnanrotaryklubi\/wp-content\/uploads\/sites\/62\/2019\/12\/raimo-raunola-ja-kuvernoori-225x300.jpeg 225w\" sizes=\"(max-width: 325px) 100vw, 325px\" \/><\/p>\n<p>Raimo Raunola ja kuvern\u00f6\u00f6ri<\/p>\n<p><img loading=\"lazy\" decoding=\"async\" class=\"alignnone wp-image-2314 size-full\" src=\"https:\/\/rotary.fi\/savonlinnanrotaryklubi\/wp-content\/uploads\/sites\/62\/2019\/12\/ristopaakkunainen-juhlapuhe.jpeg\" alt=\"\" width=\"325\" height=\"434\" srcset=\"https:\/\/rotary.fi\/savonlinnanrotaryklubi\/wp-content\/uploads\/sites\/62\/2019\/12\/ristopaakkunainen-juhlapuhe.jpeg 325w, https:\/\/rotary.fi\/savonlinnanrotaryklubi\/wp-content\/uploads\/sites\/62\/2019\/12\/ristopaakkunainen-juhlapuhe-225x300.jpeg 225w\" sizes=\"(max-width: 325px) 100vw, 325px\" \/><\/p>\n<p>Risto Paakkunainen kertoo klubin historiasta<\/p>\n<p><img loading=\"lazy\" decoding=\"async\" class=\"alignnone wp-image-2315 size-full\" src=\"https:\/\/rotary.fi\/savonlinnanrotaryklubi\/wp-content\/uploads\/sites\/62\/2019\/12\/kakkujonossa2006.jpeg\" alt=\"\" width=\"325\" height=\"244\" srcset=\"https:\/\/rotary.fi\/savonlinnanrotaryklubi\/wp-content\/uploads\/sites\/62\/2019\/12\/kakkujonossa2006.jpeg 325w, https:\/\/rotary.fi\/savonlinnanrotaryklubi\/wp-content\/uploads\/sites\/62\/2019\/12\/kakkujonossa2006-300x225.jpeg 300w\" sizes=\"(max-width: 325px) 100vw, 325px\" \/><\/p>\n<p>Juhlakakku maistuu!<\/p>\n<p><img loading=\"lazy\" decoding=\"async\" class=\"alignnone wp-image-2316\" src=\"https:\/\/rotary.fi\/savonlinnanrotaryklubi\/wp-content\/uploads\/sites\/62\/2019\/12\/rotaryklubi-60v-itasavo.jpeg\" alt=\"\" width=\"413\" height=\"353\" srcset=\"https:\/\/rotary.fi\/savonlinnanrotaryklubi\/wp-content\/uploads\/sites\/62\/2019\/12\/rotaryklubi-60v-itasavo.jpeg 325w, https:\/\/rotary.fi\/savonlinnanrotaryklubi\/wp-content\/uploads\/sites\/62\/2019\/12\/rotaryklubi-60v-itasavo-300x257.jpeg 300w\" sizes=\"(max-width: 413px) 100vw, 413px\" \/><\/p>\n<p>It\u00e4-Savossa artikkeli<\/p>\n<p><img loading=\"lazy\" decoding=\"async\" class=\"alignnone wp-image-2317 size-full\" src=\"https:\/\/rotary.fi\/savonlinnanrotaryklubi\/wp-content\/uploads\/sites\/62\/2019\/12\/savonmaa-20122006.jpeg\" alt=\"\" width=\"325\" height=\"510\" srcset=\"https:\/\/rotary.fi\/savonlinnanrotaryklubi\/wp-content\/uploads\/sites\/62\/2019\/12\/savonmaa-20122006.jpeg 325w, https:\/\/rotary.fi\/savonlinnanrotaryklubi\/wp-content\/uploads\/sites\/62\/2019\/12\/savonmaa-20122006-191x300.jpeg 191w\" sizes=\"(max-width: 325px) 100vw, 325px\" \/><\/p>\n<p>Savonmaan artikkeli juhlasta<\/p>\n","protected":false},"excerpt":{"rendered":"<p>Raimo Raunola ja kuvern\u00f6\u00f6ri Risto Paakkunainen kertoo klubin historiasta Juhlakakku maistuu! It\u00e4-Savossa artikkeli Savonmaan artikkeli juhlasta<\/p>\n","protected":false},"author":60,"featured_media":0,"parent":0,"menu_order":0,"comment_status":"closed","ping_status":"closed","template":"","meta":{"_acf_changed":false,"_et_pb_use_builder":"","_et_pb_old_content":"","_et_gb_content_width":"","footnotes":""},"class_list":["post-1560","page","type-page","status-publish","hentry"],"acf":[],"yoast_head":"<!-- This site is optimized with the Yoast SEO plugin v27.0 - https:\/\/yoast.com\/product\/yoast-seo-wordpress\/ -->\n<title>Savonlinnan Rotaryklubin 60-vuotisjuhla 16.12.2006 - Savonlinnan Rotaryklubi ry<\/title>\n<meta name=\"robots\" content=\"index, follow, max-snippet:-1, max-image-preview:large, max-video-preview:-1\" \/>\n<link rel=\"canonical\" href=\"https:\/\/rotary.fi\/savonlinnanrotaryklubi\/savonlinnan-rotaryklubin-60-vuotisjuhla-16-12-2006\/\" \/>\n<meta property=\"og:locale\" content=\"fi_FI\" \/>\n<meta property=\"og:type\" content=\"article\" \/>\n<meta property=\"og:title\" content=\"Savonlinnan Rotaryklubin 60-vuotisjuhla 16.12.2006 - Savonlinnan Rotaryklubi ry\" \/>\n<meta property=\"og:description\" content=\"Raimo Raunola ja kuvern\u00f6\u00f6ri Risto Paakkunainen kertoo klubin historiasta Juhlakakku maistuu! It\u00e4-Savossa artikkeli Savonmaan artikkeli juhlasta\" \/>\n<meta property=\"og:url\" content=\"https:\/\/rotary.fi\/savonlinnanrotaryklubi\/savonlinnan-rotaryklubin-60-vuotisjuhla-16-12-2006\/\" \/>\n<meta property=\"og:site_name\" content=\"Savonlinnan Rotaryklubi ry\" \/>\n<meta property=\"article:modified_time\" content=\"2019-12-04T17:19:48+00:00\" \/>\n<meta property=\"og:image\" content=\"https:\/\/rotary.fi\/savonlinnanrotaryklubi\/wp-content\/uploads\/sites\/62\/2019\/12\/60-vuotisjuhlakutsu.jpeg\" \/>\n<meta name=\"twitter:card\" content=\"summary_large_image\" \/>\n<script type=\"application\/ld+json\" class=\"yoast-schema-graph\">{\"@context\":\"https:\/\/schema.org\",\"@graph\":[{\"@type\":\"WebPage\",\"@id\":\"https:\/\/rotary.fi\/savonlinnanrotaryklubi\/savonlinnan-rotaryklubin-60-vuotisjuhla-16-12-2006\/\",\"url\":\"https:\/\/rotary.fi\/savonlinnanrotaryklubi\/savonlinnan-rotaryklubin-60-vuotisjuhla-16-12-2006\/\",\"name\":\"Savonlinnan Rotaryklubin 60-vuotisjuhla 16.12.2006 - Savonlinnan Rotaryklubi ry\",\"isPartOf\":{\"@id\":\"https:\/\/rotary.fi\/savonlinnanrotaryklubi\/#website\"},\"primaryImageOfPage\":{\"@id\":\"https:\/\/rotary.fi\/savonlinnanrotaryklubi\/savonlinnan-rotaryklubin-60-vuotisjuhla-16-12-2006\/#primaryimage\"},\"image\":{\"@id\":\"https:\/\/rotary.fi\/savonlinnanrotaryklubi\/savonlinnan-rotaryklubin-60-vuotisjuhla-16-12-2006\/#primaryimage\"},\"thumbnailUrl\":\"https:\/\/rotary.fi\/savonlinnanrotaryklubi\/wp-content\/uploads\/sites\/62\/2019\/12\/60-vuotisjuhlakutsu.jpeg\",\"datePublished\":\"2019-01-13T19:29:02+00:00\",\"dateModified\":\"2019-12-04T17:19:48+00:00\",\"breadcrumb\":{\"@id\":\"https:\/\/rotary.fi\/savonlinnanrotaryklubi\/savonlinnan-rotaryklubin-60-vuotisjuhla-16-12-2006\/#breadcrumb\"},\"inLanguage\":\"fi\",\"potentialAction\":[{\"@type\":\"ReadAction\",\"target\":[\"https:\/\/rotary.fi\/savonlinnanrotaryklubi\/savonlinnan-rotaryklubin-60-vuotisjuhla-16-12-2006\/\"]}]},{\"@type\":\"ImageObject\",\"inLanguage\":\"fi\",\"@id\":\"https:\/\/rotary.fi\/savonlinnanrotaryklubi\/savonlinnan-rotaryklubin-60-vuotisjuhla-16-12-2006\/#primaryimage\",\"url\":\"https:\/\/rotary.fi\/savonlinnanrotaryklubi\/wp-content\/uploads\/sites\/62\/2019\/12\/60-vuotisjuhlakutsu.jpeg\",\"contentUrl\":\"https:\/\/rotary.fi\/savonlinnanrotaryklubi\/wp-content\/uploads\/sites\/62\/2019\/12\/60-vuotisjuhlakutsu.jpeg\",\"width\":325,\"height\":321},{\"@type\":\"BreadcrumbList\",\"@id\":\"https:\/\/rotary.fi\/savonlinnanrotaryklubi\/savonlinnan-rotaryklubin-60-vuotisjuhla-16-12-2006\/#breadcrumb\",\"itemListElement\":[{\"@type\":\"ListItem\",\"position\":1,\"name\":\"Home\",\"item\":\"https:\/\/rotary.fi\/savonlinnanrotaryklubi\/\"},{\"@type\":\"ListItem\",\"position\":2,\"name\":\"Savonlinnan Rotaryklubin 60-vuotisjuhla 16.12.2006\"}]},{\"@type\":\"WebSite\",\"@id\":\"https:\/\/rotary.fi\/savonlinnanrotaryklubi\/#website\",\"url\":\"https:\/\/rotary.fi\/savonlinnanrotaryklubi\/\",\"name\":\"Savonlinnan Rotaryklubi ry\",\"description\":\"Uusi Rotary klubisivusto\",\"potentialAction\":[{\"@type\":\"SearchAction\",\"target\":{\"@type\":\"EntryPoint\",\"urlTemplate\":\"https:\/\/rotary.fi\/savonlinnanrotaryklubi\/?s={search_term_string}\"},\"query-input\":{\"@type\":\"PropertyValueSpecification\",\"valueRequired\":true,\"valueName\":\"search_term_string\"}}],\"inLanguage\":\"fi\"}]}<\/script>\n<!-- \/ Yoast SEO plugin. -->","yoast_head_json":{"title":"Savonlinnan Rotaryklubin 60-vuotisjuhla 16.12.2006 - Savonlinnan Rotaryklubi ry","robots":{"index":"index","follow":"follow","max-snippet":"max-snippet:-1","max-image-preview":"max-image-preview:large","max-video-preview":"max-video-preview:-1"},"canonical":"https:\/\/rotary.fi\/savonlinnanrotaryklubi\/savonlinnan-rotaryklubin-60-vuotisjuhla-16-12-2006\/","og_locale":"fi_FI","og_type":"article","og_title":"Savonlinnan Rotaryklubin 60-vuotisjuhla 16.12.2006 - Savonlinnan Rotaryklubi ry","og_description":"Raimo Raunola ja kuvern\u00f6\u00f6ri Risto Paakkunainen kertoo klubin historiasta Juhlakakku maistuu! It\u00e4-Savossa artikkeli Savonmaan artikkeli juhlasta","og_url":"https:\/\/rotary.fi\/savonlinnanrotaryklubi\/savonlinnan-rotaryklubin-60-vuotisjuhla-16-12-2006\/","og_site_name":"Savonlinnan Rotaryklubi ry","article_modified_time":"2019-12-04T17:19:48+00:00","og_image":[{"url":"https:\/\/rotary.fi\/savonlinnanrotaryklubi\/wp-content\/uploads\/sites\/62\/2019\/12\/60-vuotisjuhlakutsu.jpeg","type":"","width":"","height":""}],"twitter_card":"summary_large_image","schema":{"@context":"https:\/\/schema.org","@graph":[{"@type":"WebPage","@id":"https:\/\/rotary.fi\/savonlinnanrotaryklubi\/savonlinnan-rotaryklubin-60-vuotisjuhla-16-12-2006\/","url":"https:\/\/rotary.fi\/savonlinnanrotaryklubi\/savonlinnan-rotaryklubin-60-vuotisjuhla-16-12-2006\/","name":"Savonlinnan Rotaryklubin 60-vuotisjuhla 16.12.2006 - Savonlinnan Rotaryklubi ry","isPartOf":{"@id":"https:\/\/rotary.fi\/savonlinnanrotaryklubi\/#website"},"primaryImageOfPage":{"@id":"https:\/\/rotary.fi\/savonlinnanrotaryklubi\/savonlinnan-rotaryklubin-60-vuotisjuhla-16-12-2006\/#primaryimage"},"image":{"@id":"https:\/\/rotary.fi\/savonlinnanrotaryklubi\/savonlinnan-rotaryklubin-60-vuotisjuhla-16-12-2006\/#primaryimage"},"thumbnailUrl":"https:\/\/rotary.fi\/savonlinnanrotaryklubi\/wp-content\/uploads\/sites\/62\/2019\/12\/60-vuotisjuhlakutsu.jpeg","datePublished":"2019-01-13T19:29:02+00:00","dateModified":"2019-12-04T17:19:48+00:00","breadcrumb":{"@id":"https:\/\/rotary.fi\/savonlinnanrotaryklubi\/savonlinnan-rotaryklubin-60-vuotisjuhla-16-12-2006\/#breadcrumb"},"inLanguage":"fi","potentialAction":[{"@type":"ReadAction","target":["https:\/\/rotary.fi\/savonlinnanrotaryklubi\/savonlinnan-rotaryklubin-60-vuotisjuhla-16-12-2006\/"]}]},{"@type":"ImageObject","inLanguage":"fi","@id":"https:\/\/rotary.fi\/savonlinnanrotaryklubi\/savonlinnan-rotaryklubin-60-vuotisjuhla-16-12-2006\/#primaryimage","url":"https:\/\/rotary.fi\/savonlinnanrotaryklubi\/wp-content\/uploads\/sites\/62\/2019\/12\/60-vuotisjuhlakutsu.jpeg","contentUrl":"https:\/\/rotary.fi\/savonlinnanrotaryklubi\/wp-content\/uploads\/sites\/62\/2019\/12\/60-vuotisjuhlakutsu.jpeg","width":325,"height":321},{"@type":"BreadcrumbList","@id":"https:\/\/rotary.fi\/savonlinnanrotaryklubi\/savonlinnan-rotaryklubin-60-vuotisjuhla-16-12-2006\/#breadcrumb","itemListElement":[{"@type":"ListItem","position":1,"name":"Home","item":"https:\/\/rotary.fi\/savonlinnanrotaryklubi\/"},{"@type":"ListItem","position":2,"name":"Savonlinnan Rotaryklubin 60-vuotisjuhla 16.12.2006"}]},{"@type":"WebSite","@id":"https:\/\/rotary.fi\/savonlinnanrotaryklubi\/#website","url":"https:\/\/rotary.fi\/savonlinnanrotaryklubi\/","name":"Savonlinnan Rotaryklubi ry","description":"Uusi Rotary klubisivusto","potentialAction":[{"@type":"SearchAction","target":{"@type":"EntryPoint","urlTemplate":"https:\/\/rotary.fi\/savonlinnanrotaryklubi\/?s={search_term_string}"},"query-input":{"@type":"PropertyValueSpecification","valueRequired":true,"valueName":"search_term_string"}}],"inLanguage":"fi"}]}},"lang":"fi","translations":{"fi":1560},"pll_sync_post":[],"_links":{"self":[{"href":"https:\/\/rotary.fi\/savonlinnanrotaryklubi\/wp-json\/wp\/v2\/pages\/1560","targetHints":{"allow":["GET"]}}],"collection":[{"href":"https:\/\/rotary.fi\/savonlinnanrotaryklubi\/wp-json\/wp\/v2\/pages"}],"about":[{"href":"https:\/\/rotary.fi\/savonlinnanrotaryklubi\/wp-json\/wp\/v2\/types\/page"}],"author":[{"embeddable":true,"href":"https:\/\/rotary.fi\/savonlinnanrotaryklubi\/wp-json\/wp\/v2\/users\/60"}],"replies":[{"embeddable":true,"href":"https:\/\/rotary.fi\/savonlinnanrotaryklubi\/wp-json\/wp\/v2\/comments?post=1560"}],"version-history":[{"count":5,"href":"https:\/\/rotary.fi\/savonlinnanrotaryklubi\/wp-json\/wp\/v2\/pages\/1560\/revisions"}],"predecessor-version":[{"id":2318,"href":"https:\/\/rotary.fi\/savonlinnanrotaryklubi\/wp-json\/wp\/v2\/pages\/1560\/revisions\/2318"}],"wp:attachment":[{"href":"https:\/\/rotary.fi\/savonlinnanrotaryklubi\/wp-json\/wp\/v2\/media?parent=1560"}],"curies":[{"name":"wp","href":"https:\/\/api.w.org\/{rel}","templated":true}]}}