{"id":156,"date":"2018-08-13T09:46:59","date_gmt":"2018-08-13T06:46:59","guid":{"rendered":"https:\/\/rotary.fi\/savonlinnanrotaryklubi\/?page_id=156"},"modified":"2019-01-17T14:29:27","modified_gmt":"2019-01-17T12:29:27","slug":"projektit","status":"publish","type":"page","link":"https:\/\/rotary.fi\/savonlinnanrotaryklubi\/mita-teemme\/projektit\/","title":{"rendered":"Projektit"},"content":{"rendered":"<p>[et_pb_section bb_built=&#8221;1&#8243; module_class=&#8221;jumbotron-page&#8221; _builder_version=&#8221;3.17.6&#8243; background_image=&#8221;https:\/\/rotary.fi\/savonlinnanrotaryklubi\/wp-content\/uploads\/sites\/62\/2019\/01\/img_3265.jpg&#8221; next_background_color=&#8221;#ffffff&#8221;][et_pb_row _builder_version=&#8221;3.0.48&#8243; background_size=&#8221;initial&#8221; background_position=&#8221;top_left&#8221; background_repeat=&#8221;repeat&#8221;][et_pb_column type=&#8221;4_4&#8243;][et_pb_text admin_label=&#8221;P\u00e4\u00e4otsikko&#8221; _builder_version=&#8221;3.17.6&#8243; text_orientation=&#8221;center&#8221; background_layout=&#8221;dark&#8221;]<\/p>\n<h1>Projektit<\/h1>\n<p>[\/et_pb_text][\/et_pb_column][\/et_pb_row][\/et_pb_section][et_pb_section bb_built=&#8221;1&#8243; specialty=&#8221;on&#8221; module_class_2=&#8221;sivupalkki&#8221; _builder_version=&#8221;3.4.1&#8243; prev_background_color=&#8221;#000000&#8243;][et_pb_column type=&#8221;2_3&#8243; specialty_columns=&#8221;2&#8243;][et_pb_row_inner admin_label=&#8221;Rivi&#8221; _builder_version=&#8221;3.0.47&#8243;][et_pb_column_inner type=&#8221;4_4&#8243; saved_specialty_column_type=&#8221;2_3&#8243;][et_pb_text admin_label=&#8221;Projektit &#8211; Otsikko&#8221; _builder_version=&#8221;3.17.6&#8243; text_orientation=&#8221;center&#8221;]<\/p>\n<h1>Projektit<\/h1>\n<p>[\/et_pb_text][et_pb_text _builder_version=&#8221;3.17.6&#8243;]<\/p>\n<p>Rotary on palveluj\u00e4rjest\u00f6. Toimimme tunnuslauseemme Palvelu itsekkyyden edelle (Service above self) mukaisesti paikallisesti ja maailmanlaajuisesti. Kansainv\u00e4linen humanit\u00e4\u00e4rinen palvelumme toteutuu Rotarys\u00e4\u00e4ti\u00f6mme koordinoimana ja hyv\u00e4ksyttyjen kumppaneiden kanssa.<\/p>\n<p><strong>Matkalippu tulevaisuuteen<br \/><\/strong><\/p>\n<p>Klubimme on mukana piirin projektissa Matkalippu tulevaisuuteen. Projektin tarkoituksena on kannustaa nuoria huomioimaan toiset, hyv\u00e4\u00e4n k\u00e4yt\u00f6kseen, terveisiin el\u00e4m\u00e4ntapoihin, terveeseen itsetuntoon sek\u00e4 sopeutumiseen sek\u00e4 korostaa ty\u00f6n tekemisen merkityst\u00e4 ja ohjata oikealle el\u00e4m\u00e4nuralle.<\/p>\n<p><a href=\"https:\/\/rotary.fi\/savonlinnanrotaryklubi\/matkalippu-tulevaisuuteen-stipendien-saajat-eri-vuosilta\/\">Stipendin saajat eri vuosilta alasivulla<\/a><\/p>\n<p><strong>Puhdas Saimaa-projekti<\/strong><\/p>\n<p>Savonlinnan Rotaryklubi lahjoitti osaba Puhdas Saimaa-projektia USB- mikroskoopit ja \u2013 endoskoopit Pihlajaniemen ja Punkaharjun koulujen 5 luokkalaisille (yht. 15 mikroskooppia ja 13 endoskooppia). Laitteet jaettiin oppilasm\u00e4\u00e4rien mukaan (n. 5 oppilasta \/ryhm\u00e4\/ laite\/koulu)<\/p>\n<p>Pihlajaniemen koululle on luovutettu ko. laitteet (1.11.2018) ja he aloittavat ko. tutkimusprojektin n\u00e4in\u00e4 p\u00e4ivin\u00e4 eli ennen j\u00e4iden tuloa.<\/p>\n<p>Punkaharjun koulu aloittaa kev\u00e4\u00e4ll\u00e4 2019 j\u00e4iden l\u00e4hd\u00f6n j\u00e4lkeen ja laitteet luovutetaan marraskuun 2018 aikana heille. Molemmat koulut sijaitsevat Saimaan vesist\u00f6n \u00e4\u00e4rell\u00e4 jotenka koululaiset p\u00e4\u00e4sev\u00e4t toteamaan omien l\u00e4hivesien tilan konkreettisesti.<\/p>\n<p>Se mik\u00e4 on t\u00e4rke\u00e4\u00e4 niin oppilaille selvi\u00e4\u00e4 puhtaan veden merkitys maailmanlaajuisesti ett\u00e4 l\u00e4hialueella.<\/p>\n<p>[\/et_pb_text][\/et_pb_column_inner][\/et_pb_row_inner][\/et_pb_column][et_pb_column type=&#8221;1_3&#8243;][et_pb_sidebar area=&#8221;sidebar-1&#8243; module_class=&#8221;sivupalkki_sisalto&#8221; _builder_version=&#8221;3.4.1&#8243; locked=&#8221;on&#8221;]<\/p>\n<p>[\/et_pb_sidebar][\/et_pb_column][\/et_pb_section]<\/p>\n","protected":false},"excerpt":{"rendered":"<p>Projektit Projektit Rotary on palveluj\u00e4rjest\u00f6. Toimimme tunnuslauseemme Palvelu itsekkyyden edelle (Service above self) mukaisesti paikallisesti ja maailmanlaajuisesti. Kansainv\u00e4linen humanit\u00e4\u00e4rinen palvelumme toteutuu Rotarys\u00e4\u00e4ti\u00f6mme koordinoimana ja hyv\u00e4ksyttyjen kumppaneiden kanssa. Matkalippu tulevaisuuteen Klubimme on mukana piirin projektissa Matkalippu tulevaisuuteen. Projektin tarkoituksena on kannustaa nuoria huomioimaan toiset, hyv\u00e4\u00e4n k\u00e4yt\u00f6kseen, terveisiin el\u00e4m\u00e4ntapoihin, terveeseen itsetuntoon sek\u00e4 sopeutumiseen sek\u00e4 korostaa ty\u00f6n tekemisen [&hellip;]<\/p>\n","protected":false},"author":1,"featured_media":0,"parent":77,"menu_order":0,"comment_status":"closed","ping_status":"closed","template":"","meta":{"_acf_changed":false,"_et_pb_use_builder":"on","_et_pb_old_content":"","_et_gb_content_width":"","footnotes":""},"class_list":["post-156","page","type-page","status-publish","hentry"],"acf":[],"yoast_head":"<!-- This site is optimized with the Yoast SEO plugin v27.0 - https:\/\/yoast.com\/product\/yoast-seo-wordpress\/ -->\n<title>Projektit - Savonlinnan Rotaryklubi ry<\/title>\n<meta name=\"robots\" content=\"index, follow, max-snippet:-1, max-image-preview:large, max-video-preview:-1\" \/>\n<link rel=\"canonical\" href=\"https:\/\/rotary.fi\/savonlinnanrotaryklubi\/mita-teemme\/projektit\/\" \/>\n<meta property=\"og:locale\" content=\"fi_FI\" \/>\n<meta property=\"og:type\" content=\"article\" \/>\n<meta property=\"og:title\" content=\"Projektit - Savonlinnan Rotaryklubi ry\" \/>\n<meta property=\"og:description\" content=\"Projektit Projektit Rotary on palveluj\u00e4rjest\u00f6. Toimimme tunnuslauseemme Palvelu itsekkyyden edelle (Service above self) mukaisesti paikallisesti ja maailmanlaajuisesti. Kansainv\u00e4linen humanit\u00e4\u00e4rinen palvelumme toteutuu Rotarys\u00e4\u00e4ti\u00f6mme koordinoimana ja hyv\u00e4ksyttyjen kumppaneiden kanssa. Matkalippu tulevaisuuteen Klubimme on mukana piirin projektissa Matkalippu tulevaisuuteen. Projektin tarkoituksena on kannustaa nuoria huomioimaan toiset, hyv\u00e4\u00e4n k\u00e4yt\u00f6kseen, terveisiin el\u00e4m\u00e4ntapoihin, terveeseen itsetuntoon sek\u00e4 sopeutumiseen sek\u00e4 korostaa ty\u00f6n tekemisen [&hellip;]\" \/>\n<meta property=\"og:url\" content=\"https:\/\/rotary.fi\/savonlinnanrotaryklubi\/mita-teemme\/projektit\/\" \/>\n<meta property=\"og:site_name\" content=\"Savonlinnan Rotaryklubi ry\" \/>\n<meta property=\"article:modified_time\" content=\"2019-01-17T12:29:27+00:00\" \/>\n<meta name=\"twitter:card\" content=\"summary_large_image\" \/>\n<meta name=\"twitter:label1\" content=\"Arvioitu lukuaika\" \/>\n\t<meta name=\"twitter:data1\" content=\"2 minuuttia\" \/>\n<script type=\"application\/ld+json\" class=\"yoast-schema-graph\">{\"@context\":\"https:\/\/schema.org\",\"@graph\":[{\"@type\":\"WebPage\",\"@id\":\"https:\/\/rotary.fi\/savonlinnanrotaryklubi\/mita-teemme\/projektit\/\",\"url\":\"https:\/\/rotary.fi\/savonlinnanrotaryklubi\/mita-teemme\/projektit\/\",\"name\":\"Projektit - Savonlinnan Rotaryklubi ry\",\"isPartOf\":{\"@id\":\"https:\/\/rotary.fi\/savonlinnanrotaryklubi\/#website\"},\"datePublished\":\"2018-08-13T06:46:59+00:00\",\"dateModified\":\"2019-01-17T12:29:27+00:00\",\"breadcrumb\":{\"@id\":\"https:\/\/rotary.fi\/savonlinnanrotaryklubi\/mita-teemme\/projektit\/#breadcrumb\"},\"inLanguage\":\"fi\",\"potentialAction\":[{\"@type\":\"ReadAction\",\"target\":[\"https:\/\/rotary.fi\/savonlinnanrotaryklubi\/mita-teemme\/projektit\/\"]}]},{\"@type\":\"BreadcrumbList\",\"@id\":\"https:\/\/rotary.fi\/savonlinnanrotaryklubi\/mita-teemme\/projektit\/#breadcrumb\",\"itemListElement\":[{\"@type\":\"ListItem\",\"position\":1,\"name\":\"Home\",\"item\":\"https:\/\/rotary.fi\/savonlinnanrotaryklubi\/\"},{\"@type\":\"ListItem\",\"position\":2,\"name\":\"Mit\u00e4 teemme\",\"item\":\"https:\/\/rotary.fi\/savonlinnanrotaryklubi\/mita-teemme\/\"},{\"@type\":\"ListItem\",\"position\":3,\"name\":\"Projektit\"}]},{\"@type\":\"WebSite\",\"@id\":\"https:\/\/rotary.fi\/savonlinnanrotaryklubi\/#website\",\"url\":\"https:\/\/rotary.fi\/savonlinnanrotaryklubi\/\",\"name\":\"Savonlinnan Rotaryklubi ry\",\"description\":\"Uusi Rotary klubisivusto\",\"potentialAction\":[{\"@type\":\"SearchAction\",\"target\":{\"@type\":\"EntryPoint\",\"urlTemplate\":\"https:\/\/rotary.fi\/savonlinnanrotaryklubi\/?s={search_term_string}\"},\"query-input\":{\"@type\":\"PropertyValueSpecification\",\"valueRequired\":true,\"valueName\":\"search_term_string\"}}],\"inLanguage\":\"fi\"}]}<\/script>\n<!-- \/ Yoast SEO plugin. -->","yoast_head_json":{"title":"Projektit - Savonlinnan Rotaryklubi ry","robots":{"index":"index","follow":"follow","max-snippet":"max-snippet:-1","max-image-preview":"max-image-preview:large","max-video-preview":"max-video-preview:-1"},"canonical":"https:\/\/rotary.fi\/savonlinnanrotaryklubi\/mita-teemme\/projektit\/","og_locale":"fi_FI","og_type":"article","og_title":"Projektit - Savonlinnan Rotaryklubi ry","og_description":"Projektit Projektit Rotary on palveluj\u00e4rjest\u00f6. Toimimme tunnuslauseemme Palvelu itsekkyyden edelle (Service above self) mukaisesti paikallisesti ja maailmanlaajuisesti. Kansainv\u00e4linen humanit\u00e4\u00e4rinen palvelumme toteutuu Rotarys\u00e4\u00e4ti\u00f6mme koordinoimana ja hyv\u00e4ksyttyjen kumppaneiden kanssa. Matkalippu tulevaisuuteen Klubimme on mukana piirin projektissa Matkalippu tulevaisuuteen. Projektin tarkoituksena on kannustaa nuoria huomioimaan toiset, hyv\u00e4\u00e4n k\u00e4yt\u00f6kseen, terveisiin el\u00e4m\u00e4ntapoihin, terveeseen itsetuntoon sek\u00e4 sopeutumiseen sek\u00e4 korostaa ty\u00f6n tekemisen [&hellip;]","og_url":"https:\/\/rotary.fi\/savonlinnanrotaryklubi\/mita-teemme\/projektit\/","og_site_name":"Savonlinnan Rotaryklubi ry","article_modified_time":"2019-01-17T12:29:27+00:00","twitter_card":"summary_large_image","twitter_misc":{"Arvioitu lukuaika":"2 minuuttia"},"schema":{"@context":"https:\/\/schema.org","@graph":[{"@type":"WebPage","@id":"https:\/\/rotary.fi\/savonlinnanrotaryklubi\/mita-teemme\/projektit\/","url":"https:\/\/rotary.fi\/savonlinnanrotaryklubi\/mita-teemme\/projektit\/","name":"Projektit - Savonlinnan Rotaryklubi ry","isPartOf":{"@id":"https:\/\/rotary.fi\/savonlinnanrotaryklubi\/#website"},"datePublished":"2018-08-13T06:46:59+00:00","dateModified":"2019-01-17T12:29:27+00:00","breadcrumb":{"@id":"https:\/\/rotary.fi\/savonlinnanrotaryklubi\/mita-teemme\/projektit\/#breadcrumb"},"inLanguage":"fi","potentialAction":[{"@type":"ReadAction","target":["https:\/\/rotary.fi\/savonlinnanrotaryklubi\/mita-teemme\/projektit\/"]}]},{"@type":"BreadcrumbList","@id":"https:\/\/rotary.fi\/savonlinnanrotaryklubi\/mita-teemme\/projektit\/#breadcrumb","itemListElement":[{"@type":"ListItem","position":1,"name":"Home","item":"https:\/\/rotary.fi\/savonlinnanrotaryklubi\/"},{"@type":"ListItem","position":2,"name":"Mit\u00e4 teemme","item":"https:\/\/rotary.fi\/savonlinnanrotaryklubi\/mita-teemme\/"},{"@type":"ListItem","position":3,"name":"Projektit"}]},{"@type":"WebSite","@id":"https:\/\/rotary.fi\/savonlinnanrotaryklubi\/#website","url":"https:\/\/rotary.fi\/savonlinnanrotaryklubi\/","name":"Savonlinnan Rotaryklubi ry","description":"Uusi Rotary klubisivusto","potentialAction":[{"@type":"SearchAction","target":{"@type":"EntryPoint","urlTemplate":"https:\/\/rotary.fi\/savonlinnanrotaryklubi\/?s={search_term_string}"},"query-input":{"@type":"PropertyValueSpecification","valueRequired":true,"valueName":"search_term_string"}}],"inLanguage":"fi"}]}},"lang":"fi","translations":{"fi":156},"pll_sync_post":[],"_links":{"self":[{"href":"https:\/\/rotary.fi\/savonlinnanrotaryklubi\/wp-json\/wp\/v2\/pages\/156","targetHints":{"allow":["GET"]}}],"collection":[{"href":"https:\/\/rotary.fi\/savonlinnanrotaryklubi\/wp-json\/wp\/v2\/pages"}],"about":[{"href":"https:\/\/rotary.fi\/savonlinnanrotaryklubi\/wp-json\/wp\/v2\/types\/page"}],"author":[{"embeddable":true,"href":"https:\/\/rotary.fi\/savonlinnanrotaryklubi\/wp-json\/wp\/v2\/users\/1"}],"replies":[{"embeddable":true,"href":"https:\/\/rotary.fi\/savonlinnanrotaryklubi\/wp-json\/wp\/v2\/comments?post=156"}],"version-history":[{"count":10,"href":"https:\/\/rotary.fi\/savonlinnanrotaryklubi\/wp-json\/wp\/v2\/pages\/156\/revisions"}],"predecessor-version":[{"id":1661,"href":"https:\/\/rotary.fi\/savonlinnanrotaryklubi\/wp-json\/wp\/v2\/pages\/156\/revisions\/1661"}],"up":[{"embeddable":true,"href":"https:\/\/rotary.fi\/savonlinnanrotaryklubi\/wp-json\/wp\/v2\/pages\/77"}],"wp:attachment":[{"href":"https:\/\/rotary.fi\/savonlinnanrotaryklubi\/wp-json\/wp\/v2\/media?parent=156"}],"curies":[{"name":"wp","href":"https:\/\/api.w.org\/{rel}","templated":true}]}}