{"id":1555,"date":"2019-01-13T21:24:19","date_gmt":"2019-01-13T19:24:19","guid":{"rendered":"https:\/\/rotary.fi\/savonlinnanrotaryklubi\/?page_id=1555"},"modified":"2019-07-09T20:21:53","modified_gmt":"2019-07-09T17:21:53","slug":"garden-party-knighteilla-8-8-2013","status":"publish","type":"page","link":"https:\/\/rotary.fi\/savonlinnanrotaryklubi\/garden-party-knighteilla-8-8-2013\/","title":{"rendered":"Garden Party Knighteilla 8.8.2013"},"content":{"rendered":"<p><img loading=\"lazy\" decoding=\"async\" class=\"alignnone size-medium wp-image-2066\" src=\"https:\/\/rotary.fi\/savonlinnanrotaryklubi\/wp-content\/uploads\/sites\/62\/2019\/07\/1_pres_eero_timgren_avaus-300x182.jpeg\" alt=\"\" width=\"300\" height=\"182\" srcset=\"https:\/\/rotary.fi\/savonlinnanrotaryklubi\/wp-content\/uploads\/sites\/62\/2019\/07\/1_pres_eero_timgren_avaus-300x182.jpeg 300w, https:\/\/rotary.fi\/savonlinnanrotaryklubi\/wp-content\/uploads\/sites\/62\/2019\/07\/1_pres_eero_timgren_avaus-768x465.jpeg 768w, https:\/\/rotary.fi\/savonlinnanrotaryklubi\/wp-content\/uploads\/sites\/62\/2019\/07\/1_pres_eero_timgren_avaus.jpeg 940w\" sizes=\"(max-width: 300px) 100vw, 300px\" \/><\/p>\n<p>Presidentti Eero Timgren avaus<\/p>\n<p><img loading=\"lazy\" decoding=\"async\" class=\"alignnone size-medium wp-image-2067\" src=\"https:\/\/rotary.fi\/savonlinnanrotaryklubi\/wp-content\/uploads\/sites\/62\/2019\/07\/2_aila_parnanen_merkkipaivasankari-300x200.jpeg\" alt=\"\" width=\"300\" height=\"200\" srcset=\"https:\/\/rotary.fi\/savonlinnanrotaryklubi\/wp-content\/uploads\/sites\/62\/2019\/07\/2_aila_parnanen_merkkipaivasankari-300x200.jpeg 300w, https:\/\/rotary.fi\/savonlinnanrotaryklubi\/wp-content\/uploads\/sites\/62\/2019\/07\/2_aila_parnanen_merkkipaivasankari-768x512.jpeg 768w, https:\/\/rotary.fi\/savonlinnanrotaryklubi\/wp-content\/uploads\/sites\/62\/2019\/07\/2_aila_parnanen_merkkipaivasankari.jpeg 940w\" sizes=\"(max-width: 300px) 100vw, 300px\" \/><\/p>\n<p>Aila P\u00e4rn\u00e4nen syntym\u00e4p\u00e4iv\u00e4sankari<\/p>\n<p><img loading=\"lazy\" decoding=\"async\" class=\"alignnone size-medium wp-image-2068\" src=\"https:\/\/rotary.fi\/savonlinnanrotaryklubi\/wp-content\/uploads\/sites\/62\/2019\/07\/3_roosa_muukkonen_vaihto-oppilas_esittaytyy-300x200.jpeg\" alt=\"\" width=\"300\" height=\"200\" srcset=\"https:\/\/rotary.fi\/savonlinnanrotaryklubi\/wp-content\/uploads\/sites\/62\/2019\/07\/3_roosa_muukkonen_vaihto-oppilas_esittaytyy-300x200.jpeg 300w, https:\/\/rotary.fi\/savonlinnanrotaryklubi\/wp-content\/uploads\/sites\/62\/2019\/07\/3_roosa_muukkonen_vaihto-oppilas_esittaytyy-768x512.jpeg 768w, https:\/\/rotary.fi\/savonlinnanrotaryklubi\/wp-content\/uploads\/sites\/62\/2019\/07\/3_roosa_muukkonen_vaihto-oppilas_esittaytyy.jpeg 940w\" sizes=\"(max-width: 300px) 100vw, 300px\" \/><\/p>\n<p>Roosa Muukkonen vaihto-oppilas esitt\u00e4ytyy<\/p>\n<p><img loading=\"lazy\" decoding=\"async\" class=\"alignnone size-medium wp-image-2069\" src=\"https:\/\/rotary.fi\/savonlinnanrotaryklubi\/wp-content\/uploads\/sites\/62\/2019\/07\/4_sri_lankan_mikko_kerto_avustamisesta-300x200.jpeg\" alt=\"\" width=\"300\" height=\"200\" srcset=\"https:\/\/rotary.fi\/savonlinnanrotaryklubi\/wp-content\/uploads\/sites\/62\/2019\/07\/4_sri_lankan_mikko_kerto_avustamisesta-300x200.jpeg 300w, https:\/\/rotary.fi\/savonlinnanrotaryklubi\/wp-content\/uploads\/sites\/62\/2019\/07\/4_sri_lankan_mikko_kerto_avustamisesta-768x512.jpeg 768w, https:\/\/rotary.fi\/savonlinnanrotaryklubi\/wp-content\/uploads\/sites\/62\/2019\/07\/4_sri_lankan_mikko_kerto_avustamisesta.jpeg 940w\" sizes=\"(max-width: 300px) 100vw, 300px\" \/><\/p>\n<p>Sri Lankan Mikko kertoo avustamisesta<\/p>\n<p><img loading=\"lazy\" decoding=\"async\" class=\"alignnone size-medium wp-image-2070\" src=\"https:\/\/rotary.fi\/savonlinnanrotaryklubi\/wp-content\/uploads\/sites\/62\/2019\/07\/5_eila_knight_emanta-300x200.jpeg\" alt=\"\" width=\"300\" height=\"200\" srcset=\"https:\/\/rotary.fi\/savonlinnanrotaryklubi\/wp-content\/uploads\/sites\/62\/2019\/07\/5_eila_knight_emanta-300x200.jpeg 300w, https:\/\/rotary.fi\/savonlinnanrotaryklubi\/wp-content\/uploads\/sites\/62\/2019\/07\/5_eila_knight_emanta-768x512.jpeg 768w, https:\/\/rotary.fi\/savonlinnanrotaryklubi\/wp-content\/uploads\/sites\/62\/2019\/07\/5_eila_knight_emanta.jpeg 940w\" sizes=\"(max-width: 300px) 100vw, 300px\" \/><\/p>\n<p>Eila Knight em\u00e4nt\u00e4<\/p>\n<p><img loading=\"lazy\" decoding=\"async\" class=\"alignnone size-medium wp-image-2071\" src=\"https:\/\/rotary.fi\/savonlinnanrotaryklubi\/wp-content\/uploads\/sites\/62\/2019\/07\/6_jim_ja_eila_tarjoilevat-300x200.jpeg\" alt=\"\" width=\"300\" height=\"200\" srcset=\"https:\/\/rotary.fi\/savonlinnanrotaryklubi\/wp-content\/uploads\/sites\/62\/2019\/07\/6_jim_ja_eila_tarjoilevat-300x200.jpeg 300w, https:\/\/rotary.fi\/savonlinnanrotaryklubi\/wp-content\/uploads\/sites\/62\/2019\/07\/6_jim_ja_eila_tarjoilevat-768x512.jpeg 768w, https:\/\/rotary.fi\/savonlinnanrotaryklubi\/wp-content\/uploads\/sites\/62\/2019\/07\/6_jim_ja_eila_tarjoilevat.jpeg 940w\" sizes=\"(max-width: 300px) 100vw, 300px\" \/><\/p>\n<p>Jim ja Eila tarjoilevat<\/p>\n<p><img loading=\"lazy\" decoding=\"async\" class=\"size-medium wp-image-2072 alignleft\" src=\"https:\/\/rotary.fi\/savonlinnanrotaryklubi\/wp-content\/uploads\/sites\/62\/2019\/07\/7_jim_knight_isanta-300x200.jpeg\" alt=\"\" width=\"300\" height=\"200\" srcset=\"https:\/\/rotary.fi\/savonlinnanrotaryklubi\/wp-content\/uploads\/sites\/62\/2019\/07\/7_jim_knight_isanta-300x200.jpeg 300w, https:\/\/rotary.fi\/savonlinnanrotaryklubi\/wp-content\/uploads\/sites\/62\/2019\/07\/7_jim_knight_isanta-768x512.jpeg 768w, https:\/\/rotary.fi\/savonlinnanrotaryklubi\/wp-content\/uploads\/sites\/62\/2019\/07\/7_jim_knight_isanta.jpeg 940w\" sizes=\"(max-width: 300px) 100vw, 300px\" \/><\/p>\n<p>&nbsp;<\/p>\n<p>&nbsp;<\/p>\n<p>&nbsp;<\/p>\n<p>&nbsp;<\/p>\n<p>&nbsp;<\/p>\n<p>Jim Knight is\u00e4nt\u00e4<\/p>\n<p>&nbsp;<\/p>\n","protected":false},"excerpt":{"rendered":"<p>Presidentti Eero Timgren avaus Aila P\u00e4rn\u00e4nen syntym\u00e4p\u00e4iv\u00e4sankari Roosa Muukkonen vaihto-oppilas esitt\u00e4ytyy Sri Lankan Mikko kertoo avustamisesta Eila Knight em\u00e4nt\u00e4 Jim ja Eila tarjoilevat &nbsp; &nbsp; &nbsp; &nbsp; &nbsp; Jim Knight is\u00e4nt\u00e4 &nbsp;<\/p>\n","protected":false},"author":60,"featured_media":0,"parent":0,"menu_order":0,"comment_status":"closed","ping_status":"closed","template":"","meta":{"_acf_changed":false,"_et_pb_use_builder":"","_et_pb_old_content":"","_et_gb_content_width":"","footnotes":""},"class_list":["post-1555","page","type-page","status-publish","hentry"],"acf":[],"yoast_head":"<!-- This site is optimized with the Yoast SEO plugin v27.0 - https:\/\/yoast.com\/product\/yoast-seo-wordpress\/ -->\n<title>Garden Party Knighteilla 8.8.2013 - Savonlinnan Rotaryklubi ry<\/title>\n<meta name=\"robots\" content=\"index, follow, max-snippet:-1, max-image-preview:large, max-video-preview:-1\" \/>\n<link rel=\"canonical\" href=\"https:\/\/rotary.fi\/savonlinnanrotaryklubi\/garden-party-knighteilla-8-8-2013\/\" \/>\n<meta property=\"og:locale\" content=\"fi_FI\" \/>\n<meta property=\"og:type\" content=\"article\" \/>\n<meta property=\"og:title\" content=\"Garden Party Knighteilla 8.8.2013 - Savonlinnan Rotaryklubi ry\" \/>\n<meta property=\"og:description\" content=\"Presidentti Eero Timgren avaus Aila P\u00e4rn\u00e4nen syntym\u00e4p\u00e4iv\u00e4sankari Roosa Muukkonen vaihto-oppilas esitt\u00e4ytyy Sri Lankan Mikko kertoo avustamisesta Eila Knight em\u00e4nt\u00e4 Jim ja Eila tarjoilevat &nbsp; &nbsp; &nbsp; &nbsp; &nbsp; Jim Knight is\u00e4nt\u00e4 &nbsp;\" \/>\n<meta property=\"og:url\" content=\"https:\/\/rotary.fi\/savonlinnanrotaryklubi\/garden-party-knighteilla-8-8-2013\/\" \/>\n<meta property=\"og:site_name\" content=\"Savonlinnan Rotaryklubi ry\" \/>\n<meta property=\"article:modified_time\" content=\"2019-07-09T17:21:53+00:00\" \/>\n<meta property=\"og:image\" content=\"https:\/\/rotary.fi\/savonlinnanrotaryklubi\/wp-content\/uploads\/sites\/62\/2019\/07\/1_pres_eero_timgren_avaus-300x182.jpeg\" \/>\n<meta name=\"twitter:card\" content=\"summary_large_image\" \/>\n<script type=\"application\/ld+json\" class=\"yoast-schema-graph\">{\"@context\":\"https:\/\/schema.org\",\"@graph\":[{\"@type\":\"WebPage\",\"@id\":\"https:\/\/rotary.fi\/savonlinnanrotaryklubi\/garden-party-knighteilla-8-8-2013\/\",\"url\":\"https:\/\/rotary.fi\/savonlinnanrotaryklubi\/garden-party-knighteilla-8-8-2013\/\",\"name\":\"Garden Party Knighteilla 8.8.2013 - Savonlinnan Rotaryklubi ry\",\"isPartOf\":{\"@id\":\"https:\/\/rotary.fi\/savonlinnanrotaryklubi\/#website\"},\"primaryImageOfPage\":{\"@id\":\"https:\/\/rotary.fi\/savonlinnanrotaryklubi\/garden-party-knighteilla-8-8-2013\/#primaryimage\"},\"image\":{\"@id\":\"https:\/\/rotary.fi\/savonlinnanrotaryklubi\/garden-party-knighteilla-8-8-2013\/#primaryimage\"},\"thumbnailUrl\":\"https:\/\/rotary.fi\/savonlinnanrotaryklubi\/wp-content\/uploads\/sites\/62\/2019\/07\/1_pres_eero_timgren_avaus-300x182.jpeg\",\"datePublished\":\"2019-01-13T19:24:19+00:00\",\"dateModified\":\"2019-07-09T17:21:53+00:00\",\"breadcrumb\":{\"@id\":\"https:\/\/rotary.fi\/savonlinnanrotaryklubi\/garden-party-knighteilla-8-8-2013\/#breadcrumb\"},\"inLanguage\":\"fi\",\"potentialAction\":[{\"@type\":\"ReadAction\",\"target\":[\"https:\/\/rotary.fi\/savonlinnanrotaryklubi\/garden-party-knighteilla-8-8-2013\/\"]}]},{\"@type\":\"ImageObject\",\"inLanguage\":\"fi\",\"@id\":\"https:\/\/rotary.fi\/savonlinnanrotaryklubi\/garden-party-knighteilla-8-8-2013\/#primaryimage\",\"url\":\"https:\/\/rotary.fi\/savonlinnanrotaryklubi\/wp-content\/uploads\/sites\/62\/2019\/07\/1_pres_eero_timgren_avaus-300x182.jpeg\",\"contentUrl\":\"https:\/\/rotary.fi\/savonlinnanrotaryklubi\/wp-content\/uploads\/sites\/62\/2019\/07\/1_pres_eero_timgren_avaus-300x182.jpeg\"},{\"@type\":\"BreadcrumbList\",\"@id\":\"https:\/\/rotary.fi\/savonlinnanrotaryklubi\/garden-party-knighteilla-8-8-2013\/#breadcrumb\",\"itemListElement\":[{\"@type\":\"ListItem\",\"position\":1,\"name\":\"Home\",\"item\":\"https:\/\/rotary.fi\/savonlinnanrotaryklubi\/\"},{\"@type\":\"ListItem\",\"position\":2,\"name\":\"Garden Party Knighteilla 8.8.2013\"}]},{\"@type\":\"WebSite\",\"@id\":\"https:\/\/rotary.fi\/savonlinnanrotaryklubi\/#website\",\"url\":\"https:\/\/rotary.fi\/savonlinnanrotaryklubi\/\",\"name\":\"Savonlinnan Rotaryklubi ry\",\"description\":\"Uusi Rotary klubisivusto\",\"potentialAction\":[{\"@type\":\"SearchAction\",\"target\":{\"@type\":\"EntryPoint\",\"urlTemplate\":\"https:\/\/rotary.fi\/savonlinnanrotaryklubi\/?s={search_term_string}\"},\"query-input\":{\"@type\":\"PropertyValueSpecification\",\"valueRequired\":true,\"valueName\":\"search_term_string\"}}],\"inLanguage\":\"fi\"}]}<\/script>\n<!-- \/ Yoast SEO plugin. -->","yoast_head_json":{"title":"Garden Party Knighteilla 8.8.2013 - Savonlinnan Rotaryklubi ry","robots":{"index":"index","follow":"follow","max-snippet":"max-snippet:-1","max-image-preview":"max-image-preview:large","max-video-preview":"max-video-preview:-1"},"canonical":"https:\/\/rotary.fi\/savonlinnanrotaryklubi\/garden-party-knighteilla-8-8-2013\/","og_locale":"fi_FI","og_type":"article","og_title":"Garden Party Knighteilla 8.8.2013 - Savonlinnan Rotaryklubi ry","og_description":"Presidentti Eero Timgren avaus Aila P\u00e4rn\u00e4nen syntym\u00e4p\u00e4iv\u00e4sankari Roosa Muukkonen vaihto-oppilas esitt\u00e4ytyy Sri Lankan Mikko kertoo avustamisesta Eila Knight em\u00e4nt\u00e4 Jim ja Eila tarjoilevat &nbsp; &nbsp; &nbsp; &nbsp; &nbsp; Jim Knight is\u00e4nt\u00e4 &nbsp;","og_url":"https:\/\/rotary.fi\/savonlinnanrotaryklubi\/garden-party-knighteilla-8-8-2013\/","og_site_name":"Savonlinnan Rotaryklubi ry","article_modified_time":"2019-07-09T17:21:53+00:00","og_image":[{"url":"https:\/\/rotary.fi\/savonlinnanrotaryklubi\/wp-content\/uploads\/sites\/62\/2019\/07\/1_pres_eero_timgren_avaus-300x182.jpeg","type":"","width":"","height":""}],"twitter_card":"summary_large_image","schema":{"@context":"https:\/\/schema.org","@graph":[{"@type":"WebPage","@id":"https:\/\/rotary.fi\/savonlinnanrotaryklubi\/garden-party-knighteilla-8-8-2013\/","url":"https:\/\/rotary.fi\/savonlinnanrotaryklubi\/garden-party-knighteilla-8-8-2013\/","name":"Garden Party Knighteilla 8.8.2013 - Savonlinnan Rotaryklubi ry","isPartOf":{"@id":"https:\/\/rotary.fi\/savonlinnanrotaryklubi\/#website"},"primaryImageOfPage":{"@id":"https:\/\/rotary.fi\/savonlinnanrotaryklubi\/garden-party-knighteilla-8-8-2013\/#primaryimage"},"image":{"@id":"https:\/\/rotary.fi\/savonlinnanrotaryklubi\/garden-party-knighteilla-8-8-2013\/#primaryimage"},"thumbnailUrl":"https:\/\/rotary.fi\/savonlinnanrotaryklubi\/wp-content\/uploads\/sites\/62\/2019\/07\/1_pres_eero_timgren_avaus-300x182.jpeg","datePublished":"2019-01-13T19:24:19+00:00","dateModified":"2019-07-09T17:21:53+00:00","breadcrumb":{"@id":"https:\/\/rotary.fi\/savonlinnanrotaryklubi\/garden-party-knighteilla-8-8-2013\/#breadcrumb"},"inLanguage":"fi","potentialAction":[{"@type":"ReadAction","target":["https:\/\/rotary.fi\/savonlinnanrotaryklubi\/garden-party-knighteilla-8-8-2013\/"]}]},{"@type":"ImageObject","inLanguage":"fi","@id":"https:\/\/rotary.fi\/savonlinnanrotaryklubi\/garden-party-knighteilla-8-8-2013\/#primaryimage","url":"https:\/\/rotary.fi\/savonlinnanrotaryklubi\/wp-content\/uploads\/sites\/62\/2019\/07\/1_pres_eero_timgren_avaus-300x182.jpeg","contentUrl":"https:\/\/rotary.fi\/savonlinnanrotaryklubi\/wp-content\/uploads\/sites\/62\/2019\/07\/1_pres_eero_timgren_avaus-300x182.jpeg"},{"@type":"BreadcrumbList","@id":"https:\/\/rotary.fi\/savonlinnanrotaryklubi\/garden-party-knighteilla-8-8-2013\/#breadcrumb","itemListElement":[{"@type":"ListItem","position":1,"name":"Home","item":"https:\/\/rotary.fi\/savonlinnanrotaryklubi\/"},{"@type":"ListItem","position":2,"name":"Garden Party Knighteilla 8.8.2013"}]},{"@type":"WebSite","@id":"https:\/\/rotary.fi\/savonlinnanrotaryklubi\/#website","url":"https:\/\/rotary.fi\/savonlinnanrotaryklubi\/","name":"Savonlinnan Rotaryklubi ry","description":"Uusi Rotary klubisivusto","potentialAction":[{"@type":"SearchAction","target":{"@type":"EntryPoint","urlTemplate":"https:\/\/rotary.fi\/savonlinnanrotaryklubi\/?s={search_term_string}"},"query-input":{"@type":"PropertyValueSpecification","valueRequired":true,"valueName":"search_term_string"}}],"inLanguage":"fi"}]}},"lang":"fi","translations":{"fi":1555},"pll_sync_post":[],"_links":{"self":[{"href":"https:\/\/rotary.fi\/savonlinnanrotaryklubi\/wp-json\/wp\/v2\/pages\/1555","targetHints":{"allow":["GET"]}}],"collection":[{"href":"https:\/\/rotary.fi\/savonlinnanrotaryklubi\/wp-json\/wp\/v2\/pages"}],"about":[{"href":"https:\/\/rotary.fi\/savonlinnanrotaryklubi\/wp-json\/wp\/v2\/types\/page"}],"author":[{"embeddable":true,"href":"https:\/\/rotary.fi\/savonlinnanrotaryklubi\/wp-json\/wp\/v2\/users\/60"}],"replies":[{"embeddable":true,"href":"https:\/\/rotary.fi\/savonlinnanrotaryklubi\/wp-json\/wp\/v2\/comments?post=1555"}],"version-history":[{"count":6,"href":"https:\/\/rotary.fi\/savonlinnanrotaryklubi\/wp-json\/wp\/v2\/pages\/1555\/revisions"}],"predecessor-version":[{"id":2075,"href":"https:\/\/rotary.fi\/savonlinnanrotaryklubi\/wp-json\/wp\/v2\/pages\/1555\/revisions\/2075"}],"wp:attachment":[{"href":"https:\/\/rotary.fi\/savonlinnanrotaryklubi\/wp-json\/wp\/v2\/media?parent=1555"}],"curies":[{"name":"wp","href":"https:\/\/api.w.org\/{rel}","templated":true}]}}