{"id":154,"date":"2018-08-13T09:35:27","date_gmt":"2018-08-13T06:35:27","guid":{"rendered":"https:\/\/rotary.fi\/savonlinnanrotaryklubi\/?page_id=154"},"modified":"2019-09-19T22:51:37","modified_gmt":"2019-09-19T19:51:37","slug":"nuorisovaihto","status":"publish","type":"page","link":"https:\/\/rotary.fi\/savonlinnanrotaryklubi\/mita-teemme\/nuorisovaihto\/","title":{"rendered":"Nuorisovaihto"},"content":{"rendered":"<p>[et_pb_section bb_built=&#8221;1&#8243; module_class=&#8221;jumbotron-page&#8221; _builder_version=&#8221;3.17.6&#8243; background_image=&#8221;https:\/\/rotary.fi\/savonlinnanrotaryklubi\/wp-content\/uploads\/sites\/62\/2019\/01\/20180614-vaihto-oppilas-4.jpg&#8221; next_background_color=&#8221;#ffffff&#8221; inner_width=&#8221;auto&#8221; inner_max_width=&#8221;1080px&#8221;][et_pb_row _builder_version=&#8221;3.0.48&#8243; background_size=&#8221;initial&#8221; background_position=&#8221;top_left&#8221; background_repeat=&#8221;repeat&#8221; width=&#8221;80%&#8221; max_width=&#8221;1080px&#8221;][et_pb_column type=&#8221;4_4&#8243; custom_padding__hover=&#8221;|||&#8221; custom_padding=&#8221;|||&#8221;][et_pb_text admin_label=&#8221;P\u00e4\u00e4otsikko&#8221; _builder_version=&#8221;3.4.1&#8243; text_orientation=&#8221;center&#8221; background_layout=&#8221;dark&#8221;]<\/p>\n<h1>Nuorisovaihto<\/h1>\n<p>[\/et_pb_text][\/et_pb_column][\/et_pb_row][\/et_pb_section][et_pb_section bb_built=&#8221;1&#8243; specialty=&#8221;on&#8221; module_class_2=&#8221;sivupalkki&#8221; _builder_version=&#8221;3.4.1&#8243; prev_background_color=&#8221;#000000&#8243; inner_width=&#8221;auto&#8221; inner_max_width=&#8221;1080px&#8221;][et_pb_column type=&#8221;2_3&#8243; specialty_columns=&#8221;2&#8243;][et_pb_row_inner admin_label=&#8221;Rivi&#8221; _builder_version=&#8221;3.0.47&#8243;][et_pb_column_inner type=&#8221;4_4&#8243; saved_specialty_column_type=&#8221;2_3&#8243; custom_padding__hover=&#8221;|||&#8221; custom_padding=&#8221;|||&#8221; saved_specialty_column_type=&#8221;2_3&#8243;][et_pb_text admin_label=&#8221;Nuorisovaihto &#8211; Otsikko&#8221; _builder_version=&#8221;3.17&#8243; text_orientation=&#8221;center&#8221;]<\/p>\n<h1>Nuorisovaihto<\/h1>\n<p>[\/et_pb_text][et_pb_text _builder_version=&#8221;3.17.6&#8243; text_orientation=&#8221;left&#8221;]<\/p>\n<p>&nbsp;<\/p>\n<p class=\"p1\"><span class=\"s1\">Rotaryn nuorisovaihto on turvallinen ja usein varsin edullinen tapa l\u00e4hte\u00e4 ulkomaille vaihto-oppilaaksi.<span class=\"Apple-converted-space\">\u00a0 <\/span>Rotaryn nuorisovaihto on sertifioitua ja valvottua. Nuorta sitovat rotareiden ohjeet ja s\u00e4\u00e4nn\u00f6t, se on osa turvallisuutta. Nuori ja h\u00e4nen perheens\u00e4 koulutetaan vaihtovuoden vaatimuksiin ennen nuoren l\u00e4ht\u00f6\u00e4. <\/span><\/p>\n<p class=\"p1\"><span class=\"s1\">Vastaanottava perhe ottaa nuoren perheenj\u00e4senekseen. Vastaanottava rotaryklubi huolehtii mm. saapuvan vaihto-oppilaan koulukustannuksista. Nuori saa my\u00f6s pient\u00e4 kuukausirahaa rotaryklubiltaan. Perhe ei saa rahallista korvausta nuoren yll\u00e4pidosta.<\/span><\/p>\n<p class=\"p1\"><span class=\"s1\">Suomeen saapuville vaihto-oppilaille tarvitaan is\u00e4nt\u00e4perheit\u00e4. Nuori on vaihtovuoden aikana yleens\u00e4 kolmessa perheess\u00e4, noin nelj\u00e4 kuukautta jokaisessa. Kun haluat tarjota turvallisen kodin Suomeen saapuvalle nuorelle, ota yhteytt\u00e4 klubimme nuorisovaihtoasiamieheen.\u00a0<\/span><\/p>\n<p class=\"p1\"><span class=\"s1\">Kun rotaryklubi ottaa vastaan ulkomaisen vaihto-oppilaan, se tarkoittaa samalla, ett\u00e4 meilt\u00e4 vastavuoroisesti p\u00e4\u00e4see nuori ulkomaille. Ulkomailla koulunk\u00e4ynti ei suinkaan aina ole oppilaalle ilmaista, mutta nuoren vastaanottava rotaryklubi vastaa n\u00e4ist\u00e4kin kustannuksista. Nuori saa my\u00f6s samat edut ja huolenpidon kuin maahamme saapuva nuori. <\/span><\/p>\n<p>[\/et_pb_text][\/et_pb_column_inner][\/et_pb_row_inner][et_pb_row_inner admin_label=&#8221;Rivi&#8221; _builder_version=&#8221;3.0.47&#8243;][et_pb_column_inner type=&#8221;4_4&#8243; saved_specialty_column_type=&#8221;2_3&#8243; custom_padding__hover=&#8221;|||&#8221; custom_padding=&#8221;|||&#8221; saved_specialty_column_type=&#8221;2_3&#8243;][et_pb_text admin_label=&#8221;Kiinnostuitko nuorisovaihdosta? &#8211; Otsikko&#8221; _builder_version=&#8221;3.27.4&#8243; text_orientation=&#8221;center&#8221;]<\/p>\n<h4>Kiinnostuitko nuorisovaihdosta?<\/h4>\n<p>[\/et_pb_text][et_pb_text _builder_version=&#8221;3.27.4&#8243; text_text_shadow_horizontal_length=&#8221;text_text_shadow_style,%91object Object%93&#8243; text_text_shadow_horizontal_length_tablet=&#8221;0px&#8221; text_text_shadow_vertical_length=&#8221;text_text_shadow_style,%91object Object%93&#8243; text_text_shadow_vertical_length_tablet=&#8221;0px&#8221; text_text_shadow_blur_strength=&#8221;text_text_shadow_style,%91object Object%93&#8243; text_text_shadow_blur_strength_tablet=&#8221;1px&#8221; link_text_shadow_horizontal_length=&#8221;link_text_shadow_style,%91object Object%93&#8243; link_text_shadow_horizontal_length_tablet=&#8221;0px&#8221; link_text_shadow_vertical_length=&#8221;link_text_shadow_style,%91object Object%93&#8243; link_text_shadow_vertical_length_tablet=&#8221;0px&#8221; link_text_shadow_blur_strength=&#8221;link_text_shadow_style,%91object Object%93&#8243; link_text_shadow_blur_strength_tablet=&#8221;1px&#8221; ul_text_shadow_horizontal_length=&#8221;ul_text_shadow_style,%91object Object%93&#8243; ul_text_shadow_horizontal_length_tablet=&#8221;0px&#8221; ul_text_shadow_vertical_length=&#8221;ul_text_shadow_style,%91object Object%93&#8243; ul_text_shadow_vertical_length_tablet=&#8221;0px&#8221; ul_text_shadow_blur_strength=&#8221;ul_text_shadow_style,%91object Object%93&#8243; ul_text_shadow_blur_strength_tablet=&#8221;1px&#8221; ol_text_shadow_horizontal_length=&#8221;ol_text_shadow_style,%91object Object%93&#8243; ol_text_shadow_horizontal_length_tablet=&#8221;0px&#8221; ol_text_shadow_vertical_length=&#8221;ol_text_shadow_style,%91object Object%93&#8243; ol_text_shadow_vertical_length_tablet=&#8221;0px&#8221; ol_text_shadow_blur_strength=&#8221;ol_text_shadow_style,%91object Object%93&#8243; ol_text_shadow_blur_strength_tablet=&#8221;1px&#8221; quote_text_shadow_horizontal_length=&#8221;quote_text_shadow_style,%91object Object%93&#8243; quote_text_shadow_horizontal_length_tablet=&#8221;0px&#8221; quote_text_shadow_vertical_length=&#8221;quote_text_shadow_style,%91object Object%93&#8243; quote_text_shadow_vertical_length_tablet=&#8221;0px&#8221; quote_text_shadow_blur_strength=&#8221;quote_text_shadow_style,%91object Object%93&#8243; quote_text_shadow_blur_strength_tablet=&#8221;1px&#8221; header_text_shadow_horizontal_length=&#8221;header_text_shadow_style,%91object Object%93&#8243; header_text_shadow_horizontal_length_tablet=&#8221;0px&#8221; header_text_shadow_vertical_length=&#8221;header_text_shadow_style,%91object Object%93&#8243; header_text_shadow_vertical_length_tablet=&#8221;0px&#8221; header_text_shadow_blur_strength=&#8221;header_text_shadow_style,%91object Object%93&#8243; header_text_shadow_blur_strength_tablet=&#8221;1px&#8221; header_2_text_shadow_horizontal_length=&#8221;header_2_text_shadow_style,%91object Object%93&#8243; header_2_text_shadow_horizontal_length_tablet=&#8221;0px&#8221; header_2_text_shadow_vertical_length=&#8221;header_2_text_shadow_style,%91object Object%93&#8243; header_2_text_shadow_vertical_length_tablet=&#8221;0px&#8221; header_2_text_shadow_blur_strength=&#8221;header_2_text_shadow_style,%91object Object%93&#8243; header_2_text_shadow_blur_strength_tablet=&#8221;1px&#8221; header_3_text_shadow_horizontal_length=&#8221;header_3_text_shadow_style,%91object Object%93&#8243; header_3_text_shadow_horizontal_length_tablet=&#8221;0px&#8221; header_3_text_shadow_vertical_length=&#8221;header_3_text_shadow_style,%91object Object%93&#8243; header_3_text_shadow_vertical_length_tablet=&#8221;0px&#8221; header_3_text_shadow_blur_strength=&#8221;header_3_text_shadow_style,%91object Object%93&#8243; header_3_text_shadow_blur_strength_tablet=&#8221;1px&#8221; header_4_text_shadow_horizontal_length=&#8221;header_4_text_shadow_style,%91object Object%93&#8243; header_4_text_shadow_horizontal_length_tablet=&#8221;0px&#8221; header_4_text_shadow_vertical_length=&#8221;header_4_text_shadow_style,%91object Object%93&#8243; header_4_text_shadow_vertical_length_tablet=&#8221;0px&#8221; header_4_text_shadow_blur_strength=&#8221;header_4_text_shadow_style,%91object Object%93&#8243; header_4_text_shadow_blur_strength_tablet=&#8221;1px&#8221; header_5_text_shadow_horizontal_length=&#8221;header_5_text_shadow_style,%91object Object%93&#8243; header_5_text_shadow_horizontal_length_tablet=&#8221;0px&#8221; header_5_text_shadow_vertical_length=&#8221;header_5_text_shadow_style,%91object Object%93&#8243; header_5_text_shadow_vertical_length_tablet=&#8221;0px&#8221; header_5_text_shadow_blur_strength=&#8221;header_5_text_shadow_style,%91object Object%93&#8243; header_5_text_shadow_blur_strength_tablet=&#8221;1px&#8221; header_6_text_shadow_horizontal_length=&#8221;header_6_text_shadow_style,%91object Object%93&#8243; header_6_text_shadow_horizontal_length_tablet=&#8221;0px&#8221; header_6_text_shadow_vertical_length=&#8221;header_6_text_shadow_style,%91object Object%93&#8243; header_6_text_shadow_vertical_length_tablet=&#8221;0px&#8221; header_6_text_shadow_blur_strength=&#8221;header_6_text_shadow_style,%91object Object%93&#8243; header_6_text_shadow_blur_strength_tablet=&#8221;1px&#8221; box_shadow_horizontal_tablet=&#8221;0px&#8221; box_shadow_vertical_tablet=&#8221;0px&#8221; box_shadow_blur_tablet=&#8221;40px&#8221; box_shadow_spread_tablet=&#8221;0px&#8221; z_index_tablet=&#8221;500&#8243;]<\/p>\n<p class=\"p1\"><span class=\"s1\">Rotaryn kautta voit p\u00e4\u00e4st\u00e4 vuosivaihtoon, kes\u00e4vaihtoon tai leirivaihtoon. N\u00e4ist\u00e4 eri vaihtomuodoista voit<span class=\"Apple-converted-space\">\u00a0 <\/span>lukea lis\u00e4\u00e4 Suomen Rotaryn <\/span><a href=\"https:\/\/rotary.fi\/mita-teemme\/nuorisopalvelut\/nuorisovaihto\/\" target=\"_blank\" rel=\"noopener noreferrer\"><span class=\"s2\">nuorisovaihdon<\/span><\/a><span class=\"s1\"> sivuilta.<\/span><span class=\"s3\">\u00a0<\/span><span class=\"s1\">Hakuaika seuraavan vuoden vaihtoihin on hakuvuotta edelt\u00e4v\u00e4n\u00e4 syksyn\u00e4. Jos kiinnostuit, ota yhteytt\u00e4 klubimme nuorisoasiamieheen ja kysy l\u00e4het\u00e4mmek\u00f6 vaihto-oppilaan tulevana vuonna. <\/span><\/p>\n<p class=\"p2\"><strong><span class=\"s4\">Kysy rohkeasti lis\u00e4\u00e4 Rotaryn nuorisovaihdosta!<br \/><\/span><\/strong><span class=\"s1\"><br \/><\/span><\/p>\n<p>\u00a0<\/p>\n<p class=\"p2\"><span class=\"s1\">Lue lis\u00e4\u00e4 klubimme nuorisovaihtotoiminnasta:<\/span><\/p>\n<div id=\"content-main\">\n<div id=\"content-middle\">\n<div id=\"zone-_main\" class=\"zone zone-_main-stuff\">\n<div id=\"token-171285\" class=\"token token-Content\">\n<div id=\"content-container-171288\" class=\"content-container\">\n<div id=\"content-text-171288\">\n<p>\u00a0<\/p>\n<h3>SAVONLINNAN ROTARYKLUBIN NUORISOVAIHTO<\/h3>\n<p>Rotaryn keskeisimpiin toimintamuotoihin kuuluu nuorisovaihto, joka tarjoaa koko j\u00e4rjest\u00f6n puitteissa vuosittain noin 9000 nuorelle mahdollisuuden tutustua eri maiden kulttuureihin. Suomen osuus t\u00e4st\u00e4 kokonaisvaihdosta on huomattava, vuosittain noin 600 suomalaista ja ulkomaista nuorta.<\/p>\n<p>Vaihtotoiminnan tarkoituksena on osaltaan lis\u00e4t\u00e4 maailman nuorison kyky\u00e4 ymm\u00e4rt\u00e4\u00e4 ja siet\u00e4\u00e4 erilaisia kulttuureita. Vaihtoajan merkitys nuoren henkil\u00f6n persoonallisuuden kehitykselle on eritt\u00e4in suuri. Rotaryn nuorisovaihtoa on harjoitettu jo l\u00e4hes 70 vuoden ajan, virallisestikin vuodesta 1974 l\u00e4htien jo yli 20 vuoden ajan. Sen j\u00e4lkeen jo yli 150000 nuorta ihmist\u00e4 on vaihtotoiminnan my\u00f6t\u00e4 solminut lukemattomia kansainv\u00e4lisi\u00e4 yst\u00e4vyyssuhteita, jotka osaltaan luovat edellytyksi\u00e4 sovulle ja rauhalle maailmassa.<\/p>\n<p>Nuorisovaihdon kansainv\u00e4liset toimintamuodot ovat:<\/p>\n<ul>\n<li><b>kansainv\u00e4liset leirit<\/b>, yleens\u00e4 kes\u00e4ll\u00e4 1-3 viikkoa. Leirit ovat enimm\u00e4kseen Euroopassa<\/li>\n<li><b>kes\u00e4vaihto<\/b>, kuukauden &#8221;perheenj\u00e4senyys&#8221;. yleens\u00e4 kes\u00e4loman aikana. Meilt\u00e4 l\u00e4htee kuukaudeksi esim. USA:han perheeseen ja samasta perheest\u00e4 tulee nuori kuukaudeksi t\u00e4k\u00e4l\u00e4iseen perheeseen.<\/li>\n<li><b>vuosivaihto<\/b>, vuoden kest\u00e4v\u00e4 perhe- ja opiskelujakso.<\/li>\n<\/ul>\n<h4>Leirivaihto<\/h4>\n<p>Leirit ovat noin kaksi viikkoa kest\u00e4vi\u00e4 tapahtumia ymp\u00e4ri Eurooppaa. Ne j\u00e4rjestet\u00e4\u00e4n yleisimmin hein\u00e4-elokuussa. Varsinainen leirijakso kest\u00e4\u00e4 noin viikon ja se on rakennettu jonkin ennalta ilmoitetun harrastuksen tai teeman ymp\u00e4rille. Leiriin kuuluu my\u00f6s perhemajoitusjakso, joka kest\u00e4\u00e4 viikosta kahteen ja voi olla jakautunut kohdemaan usealle eri paikkakunnalle.<\/p>\n<p>Leiri sis\u00e4lt\u00e4\u00e4 t\u00e4yden yl\u00f6spidon ja erityisesti mielenkiintoisen ohjelman. T\u00e4m\u00e4 muoto nuorisovaihdosta on hyvin suosittu. Leirej\u00e4 j\u00e4rjestet\u00e4\u00e4n 16 &#8211; 26 -vuotiaille ja hakuaika on marraskuusta &#8211; maaliskuulle. Paikat t\u00e4ytet\u00e4\u00e4n hakuj\u00e4rjestyksess\u00e4, joten mit\u00e4 aiemmin voi hakea, sen parempi mahdollisuus on valita eri leirien v\u00e4lilt\u00e4. Oppilaalle tulevat kustannukset ovat 100 \u20ac j\u00e4rjestelymaksu, matkakulut kohteeseen, vakuutukset ja taskurahat.<\/p>\n<p>Kaikissa vaihtomuodoissa Rotaryj\u00e4rjest\u00f6 valitsee luotettavan is\u00e4nt\u00e4perheen, j\u00e4rjest\u00e4\u00e4 (leirivaihtoa lukuun ottamatta) turvallisen matkan, pit\u00e4\u00e4 perehdytt\u00e4mistilaisuudet ennen matkaa ja pit\u00e4\u00e4 lyhyen orientoitumisvaiheen kohdemaassa.<\/p>\n<p>Rotarytoiminnassa nuorisovaihto on vastavuoroista: jokaista ulkomaille l\u00e4hetetty\u00e4 nuorta kohti otetaan vastaavaksi ajaksi Suomeen nuori ulkomailta ja vastaavasti jokaista hyv\u00e4ksik\u00e4ytetty\u00e4 leiripaikkaa vastaan j\u00e4rjestet\u00e4\u00e4n omaa leiritoimintaa.<\/p>\n<h4>Kes\u00e4vaihto<\/h4>\n<p><i>Kuukauden perheenj\u00e4senyys.<\/i><\/p>\n<p>Kes\u00e4vaihto-ohjelmassa rotaryj\u00e4rjest\u00f6 tarjoaa nuorelle hyv\u00e4n mahdollisuuden tutustua turvallisesti joko valtamerentakaiseen (USA, Kanada, Intia, Etel\u00e4-Afrikka) tai eurooppalaiseen el\u00e4m\u00e4nmenoon. Vaihtoon osallistuva is\u00e4nt\u00e4klubi on \u201dtakuumiehen\u00e4\u201d sille, ett\u00e4 nuorelle j\u00e4rjestet\u00e4\u00e4n is\u00e4nt\u00e4perhe, jonka j\u00e4senen\u00e4 h\u00e4n el\u00e4\u00e4 todenn\u00e4k\u00f6isesti siihenastisen el\u00e4m\u00e4ns\u00e4 mielenkiintoisimman kuukauden.<\/p>\n<p><i>Kes\u00e4vaihdosta kiinnostunut 16-18 -vuotias nuori ottaa yhteyden klubin nuorisovaihtoasiamieheen.<\/i> T\u00e4m\u00e4 ohjaa hakijaa hakemuslomakkeen t\u00e4yt\u00f6ss\u00e4, ja lopuksi klubi hyv\u00e4ksyy l\u00e4htij\u00e4n.<\/p>\n<p>Klubin hyv\u00e4ksym\u00e4t hakijat sijoitetaan kes\u00e4vaihtoon p\u00e4\u00e4s\u00e4\u00e4nt\u00f6isesti toivomaansa maahan. Kes\u00e4vaihto perustuu vastavuoroisuuteen, joten paikan saamiseen vaikuttavat my\u00f6s suomalaisten mahdollisuudet ottaa vastaan ulkomaisia nuoria Suomeen.<\/p>\n<p>Kes\u00e4vaihdon <i>kustannukset<\/i> muodostuvat matka-, osallistumis- ja vakuutuskustannuksista sek\u00e4 j\u00e4rjestelymaksusta (100 euroa). My\u00f6s mahdolliset tuliaislahjat on syyt\u00e4 ottaa huomioon. Paikallinen is\u00e4nt\u00e4perhe vastaa asumiseen, ruokaan ja puhtauteen liittyvist\u00e4 kuluista. Taskurahaa ei kes\u00e4vaihdossa makseta.<\/p>\n<p><i>Hakemukset joulukuussa<\/i>, tiedot alkukev\u00e4\u00e4n aikana, toteutus kes\u00e4loman aikaan.<\/p>\n<h4>Vuosivaihto<\/h4>\n<p><i>Vuoden perhe- ja opiskelujakso.<\/i><\/p>\n<p>Nuorisovaihdon nykyisin n\u00e4kyvin toimintamuoto on vuosivaihto, jolloin nuori useimmiten lukion 1. luokan j\u00e4lkeen (<i>ik\u00e4 l\u00e4htiess\u00e4 korkeintaan 19 vuotta<\/i>) saa tilaisuuden yhden lukuvuoden opiskeluun jossakin ulkomaisessa nuorisoasteen oppilaitoksessa. Kun h\u00e4nell\u00e4 vaihtovuotensa aikana on useita is\u00e4nt\u00e4perheit\u00e4, on h\u00e4nell\u00e4 erinomaiset mahdollisuudet tutustua vieraan maan el\u00e4m\u00e4nmuotoon.<\/p>\n<p>Vuosivaihdon <i>kustannukset<\/i> jakaantuvat vaihto-oppilaan, l\u00e4hett\u00e4v\u00e4n klubin ja is\u00e4nt\u00e4perheen kesken. Vaihto-oppilaan omat kustannukset muodostuvat matka-, osallistumis- ja vakuutuskustannuksista sek\u00e4 j\u00e4rjestelymaksusta (250 euroa). Kustannukset yhteens\u00e4 ovat olleet keskim\u00e4\u00e4rin noin 2300 euroa. L\u00e4hett\u00e4v\u00e4lle klubille vastaanotettavasta vaihto-oppilaasta aiheutuvat kustannukset &#8211; taskurahat, matkat, kokous- ja muut menot &#8211; ovat olleet keskim\u00e4\u00e4rin noin 1700 euroa. Is\u00e4nt\u00e4perheen kustannukset syntyv\u00e4t siit\u00e4, ett\u00e4 perheenj\u00e4senten lukum\u00e4\u00e4r\u00e4 nousee yhdell\u00e4. Kun is\u00e4nt\u00e4perheit\u00e4 on useita (keskim\u00e4\u00e4rin 3 &#8211; 4 perhett\u00e4\/oppilas), my\u00f6s vuosikustannukset jakaantuvat usealle perheelle.<\/p>\n<p><i>Hakemukset lokakuussa<\/i>, tiedot huhtikuussa, toteutus seuraavan lukuvuoden aikana.<\/p>\n<p>Savonlinnan Rotaryklubin nuorisovaihtoasiamiehen teht\u00e4vi\u00e4 hoitaa\u00a0<\/p>\n<p>\u00a0<\/p>\n<p>Timo Auvinen<br \/><b>Puh:<\/b>\u00a0<br \/><b>E-mail:<\/b> timo.auvinen(at)apteekit.net<\/p>\n<p>Lis\u00e4informaatiota saat my\u00f6s osoitteesta:<a href=\"http:\/\/rye.fi\/\" target=\"_blank\" rel=\"noopener noreferrer\"> http:\/\/rye.fi\/<\/a><\/p>\n<p>Suomen Rotaryn nuorisovaihto linkki alla<\/p>\n<p><a href=\"http:\/\/www.rotary.fi\/index.php?option=com_content&amp;view=article&amp;id=78&amp;Itemid=361&amp;lang=fi\" target=\"_blank\" rel=\"noopener noreferrer\">nuorisovaihto<\/a><\/p>\n<p>\u00a0<\/p>\n<p>\u00a0<\/p>\n<p>\u00a0<\/p>\n<p>\u00a0<\/p>\n<p>\u00a0<\/p>\n<p>\u00a0<\/p>\n<\/div>\n<\/div>\n<div>\u00a0<\/div>\n<\/div>\n<\/div>\n<\/div>\n<\/div>\n<div id=\"content-left\">\n<div class=\"sidemenucontainer\">\n<ul class=\"level1-container\">\n<li class=\" menu-page-177213 level1 level1-first level1-last \"><a class=\" menu-page-177213 level1 level1-first level1-last \" href=\"https:\/\/savonlinnanrotaryklubi.rotary.fi\/nuorisovaihto\/vaihto-oppilaita-savonlinnassa\/\">Vaihto-oppilaita Savonlinnassa<\/a><\/li>\n<\/ul>\n<\/div>\n<div id=\"zone-left\" class=\"zone\">\u00a0<\/div>\n<\/div>\n<hr class=\"clear\" \/>\n<div>\n<div id=\"zone-bottom\" class=\"zone\">\u00a0<\/div>\n<\/div>\n<p>[\/et_pb_text][\/et_pb_column_inner][\/et_pb_row_inner][\/et_pb_column][et_pb_column type=&#8221;1_3&#8243;][et_pb_sidebar area=&#8221;sidebar-1&#8243; module_class=&#8221;sivupalkki_sisalto&#8221; _builder_version=&#8221;3.4.1&#8243; locked=&#8221;on&#8221;]<\/p>\n<p>[\/et_pb_sidebar][\/et_pb_column][\/et_pb_section]<\/p>\n","protected":false},"excerpt":{"rendered":"<p>Nuorisovaihto Nuorisovaihto &nbsp; Rotaryn nuorisovaihto on turvallinen ja usein varsin edullinen tapa l\u00e4hte\u00e4 ulkomaille vaihto-oppilaaksi.\u00a0 Rotaryn nuorisovaihto on sertifioitua ja valvottua. Nuorta sitovat rotareiden ohjeet ja s\u00e4\u00e4nn\u00f6t, se on osa turvallisuutta. Nuori ja h\u00e4nen perheens\u00e4 koulutetaan vaihtovuoden vaatimuksiin ennen nuoren l\u00e4ht\u00f6\u00e4. Vastaanottava perhe ottaa nuoren perheenj\u00e4senekseen. Vastaanottava rotaryklubi huolehtii mm. saapuvan vaihto-oppilaan koulukustannuksista. Nuori saa [&hellip;]<\/p>\n","protected":false},"author":1,"featured_media":0,"parent":77,"menu_order":0,"comment_status":"closed","ping_status":"closed","template":"","meta":{"_acf_changed":false,"_et_pb_use_builder":"on","_et_pb_old_content":"","_et_gb_content_width":"","footnotes":""},"class_list":["post-154","page","type-page","status-publish","hentry"],"acf":[],"yoast_head":"<!-- This site is optimized with the Yoast SEO plugin v27.4 - https:\/\/yoast.com\/product\/yoast-seo-wordpress\/ -->\n<title>Nuorisovaihto - Savonlinnan Rotaryklubi ry<\/title>\n<meta name=\"robots\" content=\"index, follow, max-snippet:-1, max-image-preview:large, max-video-preview:-1\" \/>\n<link rel=\"canonical\" href=\"https:\/\/rotary.fi\/savonlinnanrotaryklubi\/mita-teemme\/nuorisovaihto\/\" \/>\n<meta property=\"og:locale\" content=\"fi_FI\" \/>\n<meta property=\"og:type\" content=\"article\" \/>\n<meta property=\"og:title\" content=\"Nuorisovaihto - Savonlinnan Rotaryklubi ry\" \/>\n<meta property=\"og:description\" content=\"Nuorisovaihto Nuorisovaihto &nbsp; Rotaryn nuorisovaihto on turvallinen ja usein varsin edullinen tapa l\u00e4hte\u00e4 ulkomaille vaihto-oppilaaksi.\u00a0 Rotaryn nuorisovaihto on sertifioitua ja valvottua. Nuorta sitovat rotareiden ohjeet ja s\u00e4\u00e4nn\u00f6t, se on osa turvallisuutta. Nuori ja h\u00e4nen perheens\u00e4 koulutetaan vaihtovuoden vaatimuksiin ennen nuoren l\u00e4ht\u00f6\u00e4. Vastaanottava perhe ottaa nuoren perheenj\u00e4senekseen. Vastaanottava rotaryklubi huolehtii mm. saapuvan vaihto-oppilaan koulukustannuksista. Nuori saa [&hellip;]\" \/>\n<meta property=\"og:url\" content=\"https:\/\/rotary.fi\/savonlinnanrotaryklubi\/mita-teemme\/nuorisovaihto\/\" \/>\n<meta property=\"og:site_name\" content=\"Savonlinnan Rotaryklubi ry\" \/>\n<meta property=\"article:modified_time\" content=\"2019-09-19T19:51:37+00:00\" \/>\n<meta name=\"twitter:card\" content=\"summary_large_image\" \/>\n<meta name=\"twitter:label1\" content=\"Arvioitu lukuaika\" \/>\n\t<meta name=\"twitter:data1\" content=\"9 minuuttia\" \/>\n<script type=\"application\/ld+json\" class=\"yoast-schema-graph\">{\"@context\":\"https:\\\/\\\/schema.org\",\"@graph\":[{\"@type\":\"WebPage\",\"@id\":\"https:\\\/\\\/rotary.fi\\\/savonlinnanrotaryklubi\\\/mita-teemme\\\/nuorisovaihto\\\/\",\"url\":\"https:\\\/\\\/rotary.fi\\\/savonlinnanrotaryklubi\\\/mita-teemme\\\/nuorisovaihto\\\/\",\"name\":\"Nuorisovaihto - Savonlinnan Rotaryklubi ry\",\"isPartOf\":{\"@id\":\"https:\\\/\\\/rotary.fi\\\/savonlinnanrotaryklubi\\\/#website\"},\"datePublished\":\"2018-08-13T06:35:27+00:00\",\"dateModified\":\"2019-09-19T19:51:37+00:00\",\"breadcrumb\":{\"@id\":\"https:\\\/\\\/rotary.fi\\\/savonlinnanrotaryklubi\\\/mita-teemme\\\/nuorisovaihto\\\/#breadcrumb\"},\"inLanguage\":\"fi\",\"potentialAction\":[{\"@type\":\"ReadAction\",\"target\":[\"https:\\\/\\\/rotary.fi\\\/savonlinnanrotaryklubi\\\/mita-teemme\\\/nuorisovaihto\\\/\"]}]},{\"@type\":\"BreadcrumbList\",\"@id\":\"https:\\\/\\\/rotary.fi\\\/savonlinnanrotaryklubi\\\/mita-teemme\\\/nuorisovaihto\\\/#breadcrumb\",\"itemListElement\":[{\"@type\":\"ListItem\",\"position\":1,\"name\":\"Home\",\"item\":\"https:\\\/\\\/rotary.fi\\\/savonlinnanrotaryklubi\\\/\"},{\"@type\":\"ListItem\",\"position\":2,\"name\":\"Mit\u00e4 teemme\",\"item\":\"https:\\\/\\\/rotary.fi\\\/savonlinnanrotaryklubi\\\/mita-teemme\\\/\"},{\"@type\":\"ListItem\",\"position\":3,\"name\":\"Nuorisovaihto\"}]},{\"@type\":\"WebSite\",\"@id\":\"https:\\\/\\\/rotary.fi\\\/savonlinnanrotaryklubi\\\/#website\",\"url\":\"https:\\\/\\\/rotary.fi\\\/savonlinnanrotaryklubi\\\/\",\"name\":\"Savonlinnan Rotaryklubi ry\",\"description\":\"Uusi Rotary klubisivusto\",\"potentialAction\":[{\"@type\":\"SearchAction\",\"target\":{\"@type\":\"EntryPoint\",\"urlTemplate\":\"https:\\\/\\\/rotary.fi\\\/savonlinnanrotaryklubi\\\/?s={search_term_string}\"},\"query-input\":{\"@type\":\"PropertyValueSpecification\",\"valueRequired\":true,\"valueName\":\"search_term_string\"}}],\"inLanguage\":\"fi\"}]}<\/script>\n<!-- \/ Yoast SEO plugin. -->","yoast_head_json":{"title":"Nuorisovaihto - Savonlinnan Rotaryklubi ry","robots":{"index":"index","follow":"follow","max-snippet":"max-snippet:-1","max-image-preview":"max-image-preview:large","max-video-preview":"max-video-preview:-1"},"canonical":"https:\/\/rotary.fi\/savonlinnanrotaryklubi\/mita-teemme\/nuorisovaihto\/","og_locale":"fi_FI","og_type":"article","og_title":"Nuorisovaihto - Savonlinnan Rotaryklubi ry","og_description":"Nuorisovaihto Nuorisovaihto &nbsp; Rotaryn nuorisovaihto on turvallinen ja usein varsin edullinen tapa l\u00e4hte\u00e4 ulkomaille vaihto-oppilaaksi.\u00a0 Rotaryn nuorisovaihto on sertifioitua ja valvottua. Nuorta sitovat rotareiden ohjeet ja s\u00e4\u00e4nn\u00f6t, se on osa turvallisuutta. Nuori ja h\u00e4nen perheens\u00e4 koulutetaan vaihtovuoden vaatimuksiin ennen nuoren l\u00e4ht\u00f6\u00e4. Vastaanottava perhe ottaa nuoren perheenj\u00e4senekseen. Vastaanottava rotaryklubi huolehtii mm. saapuvan vaihto-oppilaan koulukustannuksista. Nuori saa [&hellip;]","og_url":"https:\/\/rotary.fi\/savonlinnanrotaryklubi\/mita-teemme\/nuorisovaihto\/","og_site_name":"Savonlinnan Rotaryklubi ry","article_modified_time":"2019-09-19T19:51:37+00:00","twitter_card":"summary_large_image","twitter_misc":{"Arvioitu lukuaika":"9 minuuttia"},"schema":{"@context":"https:\/\/schema.org","@graph":[{"@type":"WebPage","@id":"https:\/\/rotary.fi\/savonlinnanrotaryklubi\/mita-teemme\/nuorisovaihto\/","url":"https:\/\/rotary.fi\/savonlinnanrotaryklubi\/mita-teemme\/nuorisovaihto\/","name":"Nuorisovaihto - Savonlinnan Rotaryklubi ry","isPartOf":{"@id":"https:\/\/rotary.fi\/savonlinnanrotaryklubi\/#website"},"datePublished":"2018-08-13T06:35:27+00:00","dateModified":"2019-09-19T19:51:37+00:00","breadcrumb":{"@id":"https:\/\/rotary.fi\/savonlinnanrotaryklubi\/mita-teemme\/nuorisovaihto\/#breadcrumb"},"inLanguage":"fi","potentialAction":[{"@type":"ReadAction","target":["https:\/\/rotary.fi\/savonlinnanrotaryklubi\/mita-teemme\/nuorisovaihto\/"]}]},{"@type":"BreadcrumbList","@id":"https:\/\/rotary.fi\/savonlinnanrotaryklubi\/mita-teemme\/nuorisovaihto\/#breadcrumb","itemListElement":[{"@type":"ListItem","position":1,"name":"Home","item":"https:\/\/rotary.fi\/savonlinnanrotaryklubi\/"},{"@type":"ListItem","position":2,"name":"Mit\u00e4 teemme","item":"https:\/\/rotary.fi\/savonlinnanrotaryklubi\/mita-teemme\/"},{"@type":"ListItem","position":3,"name":"Nuorisovaihto"}]},{"@type":"WebSite","@id":"https:\/\/rotary.fi\/savonlinnanrotaryklubi\/#website","url":"https:\/\/rotary.fi\/savonlinnanrotaryklubi\/","name":"Savonlinnan Rotaryklubi ry","description":"Uusi Rotary klubisivusto","potentialAction":[{"@type":"SearchAction","target":{"@type":"EntryPoint","urlTemplate":"https:\/\/rotary.fi\/savonlinnanrotaryklubi\/?s={search_term_string}"},"query-input":{"@type":"PropertyValueSpecification","valueRequired":true,"valueName":"search_term_string"}}],"inLanguage":"fi"}]}},"lang":"fi","translations":{"fi":154},"pll_sync_post":[],"_links":{"self":[{"href":"https:\/\/rotary.fi\/savonlinnanrotaryklubi\/wp-json\/wp\/v2\/pages\/154","targetHints":{"allow":["GET"]}}],"collection":[{"href":"https:\/\/rotary.fi\/savonlinnanrotaryklubi\/wp-json\/wp\/v2\/pages"}],"about":[{"href":"https:\/\/rotary.fi\/savonlinnanrotaryklubi\/wp-json\/wp\/v2\/types\/page"}],"author":[{"embeddable":true,"href":"https:\/\/rotary.fi\/savonlinnanrotaryklubi\/wp-json\/wp\/v2\/users\/1"}],"replies":[{"embeddable":true,"href":"https:\/\/rotary.fi\/savonlinnanrotaryklubi\/wp-json\/wp\/v2\/comments?post=154"}],"version-history":[{"count":12,"href":"https:\/\/rotary.fi\/savonlinnanrotaryklubi\/wp-json\/wp\/v2\/pages\/154\/revisions"}],"predecessor-version":[{"id":3334,"href":"https:\/\/rotary.fi\/savonlinnanrotaryklubi\/wp-json\/wp\/v2\/pages\/154\/revisions\/3334"}],"up":[{"embeddable":true,"href":"https:\/\/rotary.fi\/savonlinnanrotaryklubi\/wp-json\/wp\/v2\/pages\/77"}],"wp:attachment":[{"href":"https:\/\/rotary.fi\/savonlinnanrotaryklubi\/wp-json\/wp\/v2\/media?parent=154"}],"curies":[{"name":"wp","href":"https:\/\/api.w.org\/{rel}","templated":true}]}}