{"id":1509,"date":"2019-01-12T11:47:46","date_gmt":"2019-01-12T09:47:46","guid":{"rendered":"https:\/\/rotary.fi\/savonlinnanrotaryklubi\/?page_id=1509"},"modified":"2019-07-09T19:57:06","modified_gmt":"2019-07-09T16:57:06","slug":"kuikkamaella-metsakierroksella-15-8-2007","status":"publish","type":"page","link":"https:\/\/rotary.fi\/savonlinnanrotaryklubi\/kuikkamaella-metsakierroksella-15-8-2007\/","title":{"rendered":"Kuikkam\u00e4ell\u00e4 mets\u00e4kierroksella 15.8.2007"},"content":{"rendered":"<div id=\"zone-top\" class=\"zone\"><img loading=\"lazy\" decoding=\"async\" class=\"alignnone size-medium wp-image-2057\" src=\"https:\/\/rotary.fi\/savonlinnanrotaryklubi\/wp-content\/uploads\/sites\/62\/2019\/07\/kuikkamaki1-300x192.jpg\" alt=\"\" width=\"300\" height=\"192\" srcset=\"https:\/\/rotary.fi\/savonlinnanrotaryklubi\/wp-content\/uploads\/sites\/62\/2019\/07\/kuikkamaki1-300x192.jpg 300w, https:\/\/rotary.fi\/savonlinnanrotaryklubi\/wp-content\/uploads\/sites\/62\/2019\/07\/kuikkamaki1.jpg 530w\" sizes=\"(max-width: 300px) 100vw, 300px\" \/><\/div>\n<div><\/div>\n<div><img loading=\"lazy\" decoding=\"async\" class=\"alignnone size-medium wp-image-2058\" src=\"https:\/\/rotary.fi\/savonlinnanrotaryklubi\/wp-content\/uploads\/sites\/62\/2019\/07\/kuikkamaki2-300x225.jpg\" alt=\"\" width=\"300\" height=\"225\" srcset=\"https:\/\/rotary.fi\/savonlinnanrotaryklubi\/wp-content\/uploads\/sites\/62\/2019\/07\/kuikkamaki2-300x225.jpg 300w, https:\/\/rotary.fi\/savonlinnanrotaryklubi\/wp-content\/uploads\/sites\/62\/2019\/07\/kuikkamaki2-510x382.jpg 510w, https:\/\/rotary.fi\/savonlinnanrotaryklubi\/wp-content\/uploads\/sites\/62\/2019\/07\/kuikkamaki2.jpg 530w\" sizes=\"(max-width: 300px) 100vw, 300px\" \/><\/div>\n<div class=\"zone\"><img loading=\"lazy\" decoding=\"async\" class=\"alignnone size-medium wp-image-2059\" src=\"https:\/\/rotary.fi\/savonlinnanrotaryklubi\/wp-content\/uploads\/sites\/62\/2019\/07\/kuikkamaki3-300x225.jpg\" alt=\"\" width=\"300\" height=\"225\" srcset=\"https:\/\/rotary.fi\/savonlinnanrotaryklubi\/wp-content\/uploads\/sites\/62\/2019\/07\/kuikkamaki3-300x225.jpg 300w, https:\/\/rotary.fi\/savonlinnanrotaryklubi\/wp-content\/uploads\/sites\/62\/2019\/07\/kuikkamaki3-510x382.jpg 510w, https:\/\/rotary.fi\/savonlinnanrotaryklubi\/wp-content\/uploads\/sites\/62\/2019\/07\/kuikkamaki3.jpg 530w\" sizes=\"(max-width: 300px) 100vw, 300px\" \/><\/div>\n<div class=\"zone\"><img loading=\"lazy\" decoding=\"async\" class=\"alignnone size-medium wp-image-2060\" src=\"https:\/\/rotary.fi\/savonlinnanrotaryklubi\/wp-content\/uploads\/sites\/62\/2019\/07\/kuikkamaki4-300x225.jpg\" alt=\"\" width=\"300\" height=\"225\" srcset=\"https:\/\/rotary.fi\/savonlinnanrotaryklubi\/wp-content\/uploads\/sites\/62\/2019\/07\/kuikkamaki4-300x225.jpg 300w, https:\/\/rotary.fi\/savonlinnanrotaryklubi\/wp-content\/uploads\/sites\/62\/2019\/07\/kuikkamaki4-510x382.jpg 510w, https:\/\/rotary.fi\/savonlinnanrotaryklubi\/wp-content\/uploads\/sites\/62\/2019\/07\/kuikkamaki4.jpg 530w\" sizes=\"(max-width: 300px) 100vw, 300px\" \/><\/div>\n<div><\/div>\n<div id=\"content-middle\">\n<div id=\"zone-_main\" class=\"zone zone-_main-stuff\">\n<div id=\"token-179974\" class=\"token token-Content\">\n<div id=\"content-container-179977\" class=\"content-container\">\n<div id=\"content-text-179977\"><\/div>\n<\/div>\n<div><\/div>\n<\/div>\n<\/div>\n<\/div>\n","protected":false},"excerpt":{"rendered":"","protected":false},"author":60,"featured_media":0,"parent":0,"menu_order":0,"comment_status":"closed","ping_status":"closed","template":"","meta":{"_acf_changed":false,"_et_pb_use_builder":"","_et_pb_old_content":"","_et_gb_content_width":"","footnotes":""},"class_list":["post-1509","page","type-page","status-publish","hentry"],"acf":[],"yoast_head":"<!-- This site is optimized with the Yoast SEO plugin v27.0 - https:\/\/yoast.com\/product\/yoast-seo-wordpress\/ -->\n<title>Kuikkam\u00e4ell\u00e4 mets\u00e4kierroksella 15.8.2007 - Savonlinnan Rotaryklubi ry<\/title>\n<meta name=\"robots\" content=\"index, follow, max-snippet:-1, max-image-preview:large, max-video-preview:-1\" \/>\n<link rel=\"canonical\" href=\"https:\/\/rotary.fi\/savonlinnanrotaryklubi\/kuikkamaella-metsakierroksella-15-8-2007\/\" \/>\n<meta property=\"og:locale\" content=\"fi_FI\" \/>\n<meta property=\"og:type\" content=\"article\" \/>\n<meta property=\"og:title\" content=\"Kuikkam\u00e4ell\u00e4 mets\u00e4kierroksella 15.8.2007 - Savonlinnan Rotaryklubi ry\" \/>\n<meta property=\"og:url\" content=\"https:\/\/rotary.fi\/savonlinnanrotaryklubi\/kuikkamaella-metsakierroksella-15-8-2007\/\" \/>\n<meta property=\"og:site_name\" content=\"Savonlinnan Rotaryklubi ry\" \/>\n<meta property=\"article:modified_time\" content=\"2019-07-09T16:57:06+00:00\" \/>\n<meta property=\"og:image\" content=\"https:\/\/rotary.fi\/savonlinnanrotaryklubi\/wp-content\/uploads\/sites\/62\/2019\/07\/kuikkamaki1-300x192.jpg\" \/>\n<meta name=\"twitter:card\" content=\"summary_large_image\" \/>\n<script type=\"application\/ld+json\" class=\"yoast-schema-graph\">{\"@context\":\"https:\/\/schema.org\",\"@graph\":[{\"@type\":\"WebPage\",\"@id\":\"https:\/\/rotary.fi\/savonlinnanrotaryklubi\/kuikkamaella-metsakierroksella-15-8-2007\/\",\"url\":\"https:\/\/rotary.fi\/savonlinnanrotaryklubi\/kuikkamaella-metsakierroksella-15-8-2007\/\",\"name\":\"Kuikkam\u00e4ell\u00e4 mets\u00e4kierroksella 15.8.2007 - Savonlinnan Rotaryklubi ry\",\"isPartOf\":{\"@id\":\"https:\/\/rotary.fi\/savonlinnanrotaryklubi\/#website\"},\"primaryImageOfPage\":{\"@id\":\"https:\/\/rotary.fi\/savonlinnanrotaryklubi\/kuikkamaella-metsakierroksella-15-8-2007\/#primaryimage\"},\"image\":{\"@id\":\"https:\/\/rotary.fi\/savonlinnanrotaryklubi\/kuikkamaella-metsakierroksella-15-8-2007\/#primaryimage\"},\"thumbnailUrl\":\"https:\/\/rotary.fi\/savonlinnanrotaryklubi\/wp-content\/uploads\/sites\/62\/2019\/07\/kuikkamaki1-300x192.jpg\",\"datePublished\":\"2019-01-12T09:47:46+00:00\",\"dateModified\":\"2019-07-09T16:57:06+00:00\",\"breadcrumb\":{\"@id\":\"https:\/\/rotary.fi\/savonlinnanrotaryklubi\/kuikkamaella-metsakierroksella-15-8-2007\/#breadcrumb\"},\"inLanguage\":\"fi\",\"potentialAction\":[{\"@type\":\"ReadAction\",\"target\":[\"https:\/\/rotary.fi\/savonlinnanrotaryklubi\/kuikkamaella-metsakierroksella-15-8-2007\/\"]}]},{\"@type\":\"ImageObject\",\"inLanguage\":\"fi\",\"@id\":\"https:\/\/rotary.fi\/savonlinnanrotaryklubi\/kuikkamaella-metsakierroksella-15-8-2007\/#primaryimage\",\"url\":\"https:\/\/rotary.fi\/savonlinnanrotaryklubi\/wp-content\/uploads\/sites\/62\/2019\/07\/kuikkamaki1.jpg\",\"contentUrl\":\"https:\/\/rotary.fi\/savonlinnanrotaryklubi\/wp-content\/uploads\/sites\/62\/2019\/07\/kuikkamaki1.jpg\",\"width\":530,\"height\":339},{\"@type\":\"BreadcrumbList\",\"@id\":\"https:\/\/rotary.fi\/savonlinnanrotaryklubi\/kuikkamaella-metsakierroksella-15-8-2007\/#breadcrumb\",\"itemListElement\":[{\"@type\":\"ListItem\",\"position\":1,\"name\":\"Home\",\"item\":\"https:\/\/rotary.fi\/savonlinnanrotaryklubi\/\"},{\"@type\":\"ListItem\",\"position\":2,\"name\":\"Kuikkam\u00e4ell\u00e4 mets\u00e4kierroksella 15.8.2007\"}]},{\"@type\":\"WebSite\",\"@id\":\"https:\/\/rotary.fi\/savonlinnanrotaryklubi\/#website\",\"url\":\"https:\/\/rotary.fi\/savonlinnanrotaryklubi\/\",\"name\":\"Savonlinnan Rotaryklubi ry\",\"description\":\"Uusi Rotary klubisivusto\",\"potentialAction\":[{\"@type\":\"SearchAction\",\"target\":{\"@type\":\"EntryPoint\",\"urlTemplate\":\"https:\/\/rotary.fi\/savonlinnanrotaryklubi\/?s={search_term_string}\"},\"query-input\":{\"@type\":\"PropertyValueSpecification\",\"valueRequired\":true,\"valueName\":\"search_term_string\"}}],\"inLanguage\":\"fi\"}]}<\/script>\n<!-- \/ Yoast SEO plugin. -->","yoast_head_json":{"title":"Kuikkam\u00e4ell\u00e4 mets\u00e4kierroksella 15.8.2007 - Savonlinnan Rotaryklubi ry","robots":{"index":"index","follow":"follow","max-snippet":"max-snippet:-1","max-image-preview":"max-image-preview:large","max-video-preview":"max-video-preview:-1"},"canonical":"https:\/\/rotary.fi\/savonlinnanrotaryklubi\/kuikkamaella-metsakierroksella-15-8-2007\/","og_locale":"fi_FI","og_type":"article","og_title":"Kuikkam\u00e4ell\u00e4 mets\u00e4kierroksella 15.8.2007 - Savonlinnan Rotaryklubi ry","og_url":"https:\/\/rotary.fi\/savonlinnanrotaryklubi\/kuikkamaella-metsakierroksella-15-8-2007\/","og_site_name":"Savonlinnan Rotaryklubi ry","article_modified_time":"2019-07-09T16:57:06+00:00","og_image":[{"url":"https:\/\/rotary.fi\/savonlinnanrotaryklubi\/wp-content\/uploads\/sites\/62\/2019\/07\/kuikkamaki1-300x192.jpg","type":"","width":"","height":""}],"twitter_card":"summary_large_image","schema":{"@context":"https:\/\/schema.org","@graph":[{"@type":"WebPage","@id":"https:\/\/rotary.fi\/savonlinnanrotaryklubi\/kuikkamaella-metsakierroksella-15-8-2007\/","url":"https:\/\/rotary.fi\/savonlinnanrotaryklubi\/kuikkamaella-metsakierroksella-15-8-2007\/","name":"Kuikkam\u00e4ell\u00e4 mets\u00e4kierroksella 15.8.2007 - Savonlinnan Rotaryklubi ry","isPartOf":{"@id":"https:\/\/rotary.fi\/savonlinnanrotaryklubi\/#website"},"primaryImageOfPage":{"@id":"https:\/\/rotary.fi\/savonlinnanrotaryklubi\/kuikkamaella-metsakierroksella-15-8-2007\/#primaryimage"},"image":{"@id":"https:\/\/rotary.fi\/savonlinnanrotaryklubi\/kuikkamaella-metsakierroksella-15-8-2007\/#primaryimage"},"thumbnailUrl":"https:\/\/rotary.fi\/savonlinnanrotaryklubi\/wp-content\/uploads\/sites\/62\/2019\/07\/kuikkamaki1-300x192.jpg","datePublished":"2019-01-12T09:47:46+00:00","dateModified":"2019-07-09T16:57:06+00:00","breadcrumb":{"@id":"https:\/\/rotary.fi\/savonlinnanrotaryklubi\/kuikkamaella-metsakierroksella-15-8-2007\/#breadcrumb"},"inLanguage":"fi","potentialAction":[{"@type":"ReadAction","target":["https:\/\/rotary.fi\/savonlinnanrotaryklubi\/kuikkamaella-metsakierroksella-15-8-2007\/"]}]},{"@type":"ImageObject","inLanguage":"fi","@id":"https:\/\/rotary.fi\/savonlinnanrotaryklubi\/kuikkamaella-metsakierroksella-15-8-2007\/#primaryimage","url":"https:\/\/rotary.fi\/savonlinnanrotaryklubi\/wp-content\/uploads\/sites\/62\/2019\/07\/kuikkamaki1.jpg","contentUrl":"https:\/\/rotary.fi\/savonlinnanrotaryklubi\/wp-content\/uploads\/sites\/62\/2019\/07\/kuikkamaki1.jpg","width":530,"height":339},{"@type":"BreadcrumbList","@id":"https:\/\/rotary.fi\/savonlinnanrotaryklubi\/kuikkamaella-metsakierroksella-15-8-2007\/#breadcrumb","itemListElement":[{"@type":"ListItem","position":1,"name":"Home","item":"https:\/\/rotary.fi\/savonlinnanrotaryklubi\/"},{"@type":"ListItem","position":2,"name":"Kuikkam\u00e4ell\u00e4 mets\u00e4kierroksella 15.8.2007"}]},{"@type":"WebSite","@id":"https:\/\/rotary.fi\/savonlinnanrotaryklubi\/#website","url":"https:\/\/rotary.fi\/savonlinnanrotaryklubi\/","name":"Savonlinnan Rotaryklubi ry","description":"Uusi Rotary klubisivusto","potentialAction":[{"@type":"SearchAction","target":{"@type":"EntryPoint","urlTemplate":"https:\/\/rotary.fi\/savonlinnanrotaryklubi\/?s={search_term_string}"},"query-input":{"@type":"PropertyValueSpecification","valueRequired":true,"valueName":"search_term_string"}}],"inLanguage":"fi"}]}},"lang":"fi","translations":{"fi":1509},"pll_sync_post":[],"_links":{"self":[{"href":"https:\/\/rotary.fi\/savonlinnanrotaryklubi\/wp-json\/wp\/v2\/pages\/1509","targetHints":{"allow":["GET"]}}],"collection":[{"href":"https:\/\/rotary.fi\/savonlinnanrotaryklubi\/wp-json\/wp\/v2\/pages"}],"about":[{"href":"https:\/\/rotary.fi\/savonlinnanrotaryklubi\/wp-json\/wp\/v2\/types\/page"}],"author":[{"embeddable":true,"href":"https:\/\/rotary.fi\/savonlinnanrotaryklubi\/wp-json\/wp\/v2\/users\/60"}],"replies":[{"embeddable":true,"href":"https:\/\/rotary.fi\/savonlinnanrotaryklubi\/wp-json\/wp\/v2\/comments?post=1509"}],"version-history":[{"count":5,"href":"https:\/\/rotary.fi\/savonlinnanrotaryklubi\/wp-json\/wp\/v2\/pages\/1509\/revisions"}],"predecessor-version":[{"id":2063,"href":"https:\/\/rotary.fi\/savonlinnanrotaryklubi\/wp-json\/wp\/v2\/pages\/1509\/revisions\/2063"}],"wp:attachment":[{"href":"https:\/\/rotary.fi\/savonlinnanrotaryklubi\/wp-json\/wp\/v2\/media?parent=1509"}],"curies":[{"name":"wp","href":"https:\/\/api.w.org\/{rel}","templated":true}]}}