{"id":1474,"date":"2019-01-11T13:00:07","date_gmt":"2019-01-11T11:00:07","guid":{"rendered":"https:\/\/rotary.fi\/savonlinnanrotaryklubi\/?page_id=1474"},"modified":"2019-05-16T19:22:09","modified_gmt":"2019-05-16T16:22:09","slug":"matkalippu-tulevaisuuteen-stipendien-saajat-eri-vuosilta","status":"publish","type":"page","link":"https:\/\/rotary.fi\/savonlinnanrotaryklubi\/matkalippu-tulevaisuuteen-stipendien-saajat-eri-vuosilta\/","title":{"rendered":"Matkalippu tulevaisuuteen stipendien saajat eri vuosilta"},"content":{"rendered":"<p>&nbsp;<\/p>\n<h3><b>Matkalippu tulevaisuuteen-stipendin saajat 2016<\/b><\/h3>\n<p>Enonkosken koulu:<br \/>\nEmmi Kapanen<\/p>\n<p>Mertalan koulu:<br \/>\n9A Joonas Ikonen<br \/>\n9B Nuutti Hartikainen<br \/>\n9C Atte Kapanen<br \/>\n9D Viivi Erkkil\u00e4<br \/>\n9E Nea Luukkonen<br \/>\n9F Mirjami Hanhisalo<\/p>\n<p>Talvisalon koulu:<br \/>\n9A Markus Juuti<br \/>\n9B Tatu Rahikainen<br \/>\n9C Jesse Litmanen<br \/>\n9D Sanni Lipponen<br \/>\n9E Miro Kosonen<br \/>\n9M Jani Kautonen<\/p>\n<div id=\"content-middle\">\n<div id=\"zone-_main\" class=\"zone zone-_main-stuff\">\n<div id=\"token-174884\" class=\"token token-Content\">\n<p><a class=\"anchor\" name=\"anchor-174884\"><\/a><\/p>\n<div id=\"content-container-174887\" class=\"content-container\">\n<table class=\"contentImageArea\">\n<tbody>\n<tr>\n<td class=\"captionModel4\"><a href=\"https:\/\/savonlinnanrotaryklubi.rotary.fi\/@Bin\/186052\/Matkalippu%20tulevaisuuteen%2019.5.jpeg\" target=\"_blank\" rel=\"noopener noreferrer\"><img loading=\"lazy\" decoding=\"async\" src=\"https:\/\/savonlinnanrotaryklubi.rotary.fi\/@Bin\/199621\/Matkalippu%20tulevaisuuteen%2019.5.jpeg\" alt=\"\" width=\"326\" height=\"180\" \/><\/a><\/p>\n<div class=\"caption\">Ryhm\u00e4kuva 19.5.2016<\/div>\n<\/td>\n<\/tr>\n<\/tbody>\n<\/table>\n<\/div>\n<\/div>\n<\/div>\n<\/div>\n<div id=\"content-main\">\n<div id=\"content-middle\">\n<div id=\"zone-_main\" class=\"zone zone-_main-stuff\">\n<div id=\"token-174884\" class=\"token token-Content\">\n<div id=\"content-container-174887\" class=\"content-container\">\n<div id=\"content-text-174887\">\n<h1>&#8212;&#8212;&#8212;&#8212;&#8212;&#8212;&#8212;&#8212;&#8212;&#8212;&#8212;&#8212;&#8212;&#8212;&#8212;-<\/h1>\n<h3>Rotarit jakoivat stipendej\u00e4 nuorille \u2013 katso kaikki stipendinsaajat!<\/h3>\n<p>12.5.2017<\/p>\n<p><a href=\"http:\/\/www.puruvesi.net\/2017\/05\/12\/rotarit-jakoivat-stipendeja-nuorille-katso-kaikki-stipendinsaajat\/\" target=\"_blank\" rel=\"noopener noreferrer\">Puruves<\/a>i\u00a0 = linkki lehden sivulle<\/p>\n<p>&nbsp;<\/p>\n<p>Savonlinnan Rotariklubi jakoi torstaina 18 nuorelle 100 euron Matkalippu tulevaisuuteen -stipendin.<\/p>\n<p>Rotarit ovat vierailleet kouluissa pit\u00e4m\u00e4ss\u00e4 \u201dMiten minusta tuli min\u00e4\u201d -puheenvuoroja, joilla pyrit\u00e4\u00e4n her\u00e4tt\u00e4m\u00e4\u00e4n nuoria ajattelemaan mit\u00e4 muutakin kuin koulunk\u00e4ynti\u00e4 on tulevaisuuteen ja aikuisuuteen valmistautuminen. Nuorten kanssa on pohdittu reiluuden, rehellisyyden ja oma-aloitteisuuden merkityst\u00e4. Nuoret ovat kiinnostuneina kuunnelleet rotareiden el\u00e4m\u00e4nvaiheita. Stipendinsaajat palkittiin hyv\u00e4st\u00e4 k\u00e4yt\u00f6ksest\u00e4 ja toisten arvostamisesta.<\/p>\n<p>Koulut valitsivat itse stipendiaateiksi oppilaita, jotka ovat edistyneet.<\/p>\n<p>Opettaja Jan S\u00f6derholm esitti koulujen puolesta rotaryklubille kiitokset yhteisty\u00f6st\u00e4.<br \/>\n<b>Stipendinsaajat;<\/b><\/p>\n<p>&nbsp;<\/p>\n<p><i><b>Mertalan koulu<\/b><\/i><br \/>\nHenna Rasimus 9A<br \/>\nAleksander Shakolin 9B<br \/>\nVille Eevala 9C<br \/>\nMaiju Kupiainen 9D<br \/>\nMaiju Kilpel\u00e4inen 9E<\/p>\n<p><i><b>Enonkoski<\/b><\/i><br \/>\nJoni Heltimoinen<\/p>\n<p><i><b>Kerim\u00e4ki<\/b><\/i><br \/>\nVilma Mikkola 9 A<br \/>\nVenla Kujam\u00e4ki 9B<\/p>\n<p><i><b>Punkaharju<\/b><\/i><br \/>\nJuho Silvennoinen 9A<br \/>\nEemeli Heinonen 9B<\/p>\n<p><i><b>Talvisalo <\/b><\/i><br \/>\nWilliam Kontiainen 9A<br \/>\nAkseli Makkonen 9B<br \/>\nJonne Turunen 9C<br \/>\nEeli V\u00e4is\u00e4nen 9 D<br \/>\nJasmin Tavinen 9M<\/p>\n<p><i><b>Savonranta<\/b><\/i><br \/>\nSiri Suomalainen<\/p>\n<p><i><b>Savonlinnan normaalikoulu<\/b><\/i><br \/>\nNaiyu Deng<br \/>\nLaura Martikainen<\/p>\n<p>___<\/p>\n<table class=\"contentImageArea\">\n<tbody>\n<tr>\n<td class=\"captionModel4\">\n<div class=\"caption\">Ryhm\u00e4kuva 19.5.2016<\/div>\n<\/td>\n<\/tr>\n<tr>\n<td class=\"captionModel4\"><a href=\"https:\/\/savonlinnanrotaryklubi.rotary.fi\/@Bin\/188087\/mtl.jpg\" target=\"_blank\" rel=\"noopener noreferrer\"><img loading=\"lazy\" decoding=\"async\" src=\"https:\/\/savonlinnanrotaryklubi.rotary.fi\/@Bin\/199623\/mtl.jpeg\" alt=\"\" width=\"326\" height=\"183\" \/><\/a><\/p>\n<div class=\"caption\">Ryhm\u00e4kuva 11.5.2017<\/div>\n<\/td>\n<\/tr>\n<\/tbody>\n<\/table>\n<p>_______________________________________________________________<\/p>\n<p>&nbsp;<\/p>\n<p>IT\u00c4-SAVO julkaistu 18.5.2018 7:44<\/p>\n<h3>Rotaryt palkitsivat ysej\u00e4 hyv\u00e4st\u00e4 k\u00e4yt\u00f6ksest\u00e4 ja huomioon ottamisesta<\/h3>\n<p>Kanssael\u00e4jien huomioiminen on matkalippu tulevaisuuteen.<\/p>\n<p>Kauniisti k\u00e4ytt\u00e4ytyvi\u00e4 ysej\u00e4 ei palkita ruusuilla vaan sadan euron stipendill\u00e4 ja juhlalounaalla rotaryjen kanssa.<\/p>\n<p>Savonlinnan rotaryt jakoivat eilen t\u00e4m\u00e4n vuoden Matkalippu tulevaisuuteen -stipendit Savonlinnan ja Enonkosken peruskoulun ysiluokkalaisille. Stipendin sai nuori, jonka luokkakaverit arvioivat edistyneen parhaiten toisten huomioon ottamisessa ja hyv\u00e4ss\u00e4 k\u00e4yt\u00f6ksess\u00e4.<\/p>\n<p>Savonlinnan Rotaryklubi on jo useana vuonna tehnyt yhteisty\u00f6t\u00e4 Savonlinnan ja Enonkosken peruskoulujen kanssa teemalla Matkalippu tulevaisuuteen.<\/p>\n<p>Oppilaat ty\u00f6stiv\u00e4t lukuvuoden aikana koulussa asioita, joita he pitiv\u00e4t t\u00e4rke\u00e4n\u00e4 toisten huomioimisessa ja hyv\u00e4ss\u00e4 k\u00e4ytt\u00e4ytymisess\u00e4. Rotarit k\u00e4viv\u00e4t pareittain kaikilla kouluilla, jossa teemaa k\u00e4siteltiin yhden oppitunnin ajan.<\/p>\n<p>Teemaan liittyvi\u00e4 asioita ty\u00f6stettiin edelleen opettajan kanssa, ja oppilaat valitsivat kev\u00e4\u00e4ll\u00e4 kultakin luokalta yhden oppilaan, joka on heid\u00e4n mielest\u00e4\u00e4n parhaiten edistynyt hyv\u00e4ss\u00e4 k\u00e4ytt\u00e4ytymisess\u00e4 ja toisten huomioimisessa. H\u00e4net rotaryklubi palkitsee 100 euron stipendill\u00e4 sek\u00e4 yhteisell\u00e4 lounaalla rotaryjen kanssa.<\/p>\n<p><b>Matkalippu Tulevaisuuteen stipendiensaajat 2018<\/b><\/p>\n<p><b>Mertalan koulu<\/b>: Julia Kinnunen 9A, Joonas Sairanen 9B, Aino Immonen 9C, Sanni H\u00e4rk\u00f6nen 9D, Aapo Pitk\u00e4nen 9E<br \/>\n<b>Talvisalon koulu<\/b>: Jenna Mustonen 9A, Juho Puurunen 9B, Janne Suhonen 9C, Joona Kostiainen 9D, Anton Hokka 9E, Vilhelmiina Koivunen 9M<br \/>\n<b>Punkaharjun koulu<\/b>: Aino-Mailis Saksa 9A, Ronja Rautanen 9B<br \/>\n<b>Kerim\u00e4en koulu<\/b>: Janina Laine, Sanna Kosonen, Samu Tuunanen<br \/>\n<b>Enonkosken koulu<\/b>: Linnea Laitinen<br \/>\n<b>Savonrannan koulu<\/b>: Jatta Kastikainen<\/p>\n<h1>Aiheet<\/h1>\n<ul>\n<li><a href=\"https:\/\/ita-savo.fi\/aiheet\/rotary\">Rotary<\/a><\/li>\n<\/ul>\n<p>Tiina Kukkonen<\/p>\n<h4>Matkalippu tulevaisuuteen stipendinsaajat 2019<\/h4>\n<p><img loading=\"lazy\" decoding=\"async\" class=\"alignnone size-large wp-image-1944\" src=\"https:\/\/rotary.fi\/savonlinnanrotaryklubi\/wp-content\/uploads\/sites\/62\/2019\/05\/matkalippu-tulevaisuuteen-stipendinsaajat-2019-1-1024x683.jpg\" alt=\"\" width=\"1024\" height=\"683\" srcset=\"https:\/\/rotary.fi\/savonlinnanrotaryklubi\/wp-content\/uploads\/sites\/62\/2019\/05\/matkalippu-tulevaisuuteen-stipendinsaajat-2019-1-1024x683.jpg 1024w, https:\/\/rotary.fi\/savonlinnanrotaryklubi\/wp-content\/uploads\/sites\/62\/2019\/05\/matkalippu-tulevaisuuteen-stipendinsaajat-2019-1-300x200.jpg 300w, https:\/\/rotary.fi\/savonlinnanrotaryklubi\/wp-content\/uploads\/sites\/62\/2019\/05\/matkalippu-tulevaisuuteen-stipendinsaajat-2019-1-768x512.jpg 768w, https:\/\/rotary.fi\/savonlinnanrotaryklubi\/wp-content\/uploads\/sites\/62\/2019\/05\/matkalippu-tulevaisuuteen-stipendinsaajat-2019-1-1080x720.jpg 1080w, https:\/\/rotary.fi\/savonlinnanrotaryklubi\/wp-content\/uploads\/sites\/62\/2019\/05\/matkalippu-tulevaisuuteen-stipendinsaajat-2019-1.jpg 2048w\" sizes=\"(max-width: 1024px) 100vw, 1024px\" \/><\/p>\n<p>Kuvassa l\u00e4hes kaikki stipendinsaajat yhteiskuvassa 16.5.2019 presidentti Kari Herttuaisen kanssa<\/p>\n<p>Mertalan koulu: Alma Kovanen, Ella Tapanila, Liisa Tynkkynen, Eemil V\u00e4\u00e4n\u00e4nen, Emmi Siitonen.<\/p>\n<p>Talvisalon koulu: Niklas Vasara, Aapo Rasimus,Teemu Romppanen, Aaron Juuti, Tuukka Tuhkunen, Julius Kuruheimo, Iida Kokkonen ja Netta Asikainen.<\/p>\n<p>Punkaharjun koulu: Niilo H\u00e4m\u00e4l\u00e4inen, Miamari Saksa.<\/p>\n<p>Kerim\u00e4en koulu: Miina Naukkarinen, Kerttu Rinkinen, Joni L\u00e4hdetniemi.<\/p>\n<p>Enonkosken koulu: Ian Laitinen.<\/p>\n<p>Savonrannan koulu: Elmeri K\u00e4yhk\u00f6.<\/p>\n<p>&nbsp;<\/p>\n<p>&nbsp;<\/p>\n<\/div>\n<\/div>\n<div><\/div>\n<\/div>\n<div id=\"token-180982\" class=\"token token-Content\">\n<p><a class=\"anchor\" name=\"anchor-180982\"><\/a><\/p>\n<div id=\"content-container-180985\" class=\"content-container\">\n<div id=\"content-text-180985\"><\/div>\n<\/div>\n<\/div>\n<\/div>\n<\/div>\n<\/div>\n<div>\n<div id=\"zone-bottom\" class=\"zone\"><\/div>\n<\/div>\n","protected":false},"excerpt":{"rendered":"<p>&nbsp; Matkalippu tulevaisuuteen-stipendin saajat 2016 Enonkosken koulu: Emmi Kapanen Mertalan koulu: 9A Joonas Ikonen 9B Nuutti Hartikainen 9C Atte Kapanen 9D Viivi Erkkil\u00e4 9E Nea Luukkonen 9F Mirjami Hanhisalo Talvisalon koulu: 9A Markus Juuti 9B Tatu Rahikainen 9C Jesse Litmanen 9D Sanni Lipponen 9E Miro Kosonen 9M Jani Kautonen Ryhm\u00e4kuva 19.5.2016 &#8212;&#8212;&#8212;&#8212;&#8212;&#8212;&#8212;&#8212;&#8212;&#8212;&#8212;&#8212;&#8212;&#8212;&#8212;- Rotarit jakoivat stipendej\u00e4 [&hellip;]<\/p>\n","protected":false},"author":60,"featured_media":0,"parent":0,"menu_order":0,"comment_status":"closed","ping_status":"closed","template":"","meta":{"_acf_changed":false,"_et_pb_use_builder":"","_et_pb_old_content":"","_et_gb_content_width":"","footnotes":""},"class_list":["post-1474","page","type-page","status-publish","hentry"],"acf":[],"yoast_head":"<!-- This site is optimized with the Yoast SEO plugin v27.0 - https:\/\/yoast.com\/product\/yoast-seo-wordpress\/ -->\n<title>Matkalippu tulevaisuuteen stipendien saajat eri vuosilta - Savonlinnan Rotaryklubi ry<\/title>\n<meta name=\"robots\" content=\"index, follow, max-snippet:-1, max-image-preview:large, max-video-preview:-1\" \/>\n<link rel=\"canonical\" href=\"https:\/\/rotary.fi\/savonlinnanrotaryklubi\/matkalippu-tulevaisuuteen-stipendien-saajat-eri-vuosilta\/\" \/>\n<meta property=\"og:locale\" content=\"fi_FI\" \/>\n<meta property=\"og:type\" content=\"article\" \/>\n<meta property=\"og:title\" content=\"Matkalippu tulevaisuuteen stipendien saajat eri vuosilta - Savonlinnan Rotaryklubi ry\" \/>\n<meta property=\"og:description\" content=\"&nbsp; Matkalippu tulevaisuuteen-stipendin saajat 2016 Enonkosken koulu: Emmi Kapanen Mertalan koulu: 9A Joonas Ikonen 9B Nuutti Hartikainen 9C Atte Kapanen 9D Viivi Erkkil\u00e4 9E Nea Luukkonen 9F Mirjami Hanhisalo Talvisalon koulu: 9A Markus Juuti 9B Tatu Rahikainen 9C Jesse Litmanen 9D Sanni Lipponen 9E Miro Kosonen 9M Jani Kautonen Ryhm\u00e4kuva 19.5.2016 &#8212;&#8212;&#8212;&#8212;&#8212;&#8212;&#8212;&#8212;&#8212;&#8212;&#8212;&#8212;&#8212;&#8212;&#8212;- Rotarit jakoivat stipendej\u00e4 [&hellip;]\" \/>\n<meta property=\"og:url\" content=\"https:\/\/rotary.fi\/savonlinnanrotaryklubi\/matkalippu-tulevaisuuteen-stipendien-saajat-eri-vuosilta\/\" \/>\n<meta property=\"og:site_name\" content=\"Savonlinnan Rotaryklubi ry\" \/>\n<meta property=\"article:modified_time\" content=\"2019-05-16T16:22:09+00:00\" \/>\n<meta property=\"og:image\" content=\"https:\/\/savonlinnanrotaryklubi.rotary.fi\/@Bin\/199621\/Matkalippu%20tulevaisuuteen%2019.5.jpeg\" \/>\n<meta name=\"twitter:card\" content=\"summary_large_image\" \/>\n<meta name=\"twitter:label1\" content=\"Arvioitu lukuaika\" \/>\n\t<meta name=\"twitter:data1\" content=\"3 minuuttia\" \/>\n<script type=\"application\/ld+json\" class=\"yoast-schema-graph\">{\"@context\":\"https:\/\/schema.org\",\"@graph\":[{\"@type\":\"WebPage\",\"@id\":\"https:\/\/rotary.fi\/savonlinnanrotaryklubi\/matkalippu-tulevaisuuteen-stipendien-saajat-eri-vuosilta\/\",\"url\":\"https:\/\/rotary.fi\/savonlinnanrotaryklubi\/matkalippu-tulevaisuuteen-stipendien-saajat-eri-vuosilta\/\",\"name\":\"Matkalippu tulevaisuuteen stipendien saajat eri vuosilta - Savonlinnan Rotaryklubi ry\",\"isPartOf\":{\"@id\":\"https:\/\/rotary.fi\/savonlinnanrotaryklubi\/#website\"},\"primaryImageOfPage\":{\"@id\":\"https:\/\/rotary.fi\/savonlinnanrotaryklubi\/matkalippu-tulevaisuuteen-stipendien-saajat-eri-vuosilta\/#primaryimage\"},\"image\":{\"@id\":\"https:\/\/rotary.fi\/savonlinnanrotaryklubi\/matkalippu-tulevaisuuteen-stipendien-saajat-eri-vuosilta\/#primaryimage\"},\"thumbnailUrl\":\"https:\/\/savonlinnanrotaryklubi.rotary.fi\/@Bin\/199621\/Matkalippu%20tulevaisuuteen%2019.5.jpeg\",\"datePublished\":\"2019-01-11T11:00:07+00:00\",\"dateModified\":\"2019-05-16T16:22:09+00:00\",\"breadcrumb\":{\"@id\":\"https:\/\/rotary.fi\/savonlinnanrotaryklubi\/matkalippu-tulevaisuuteen-stipendien-saajat-eri-vuosilta\/#breadcrumb\"},\"inLanguage\":\"fi\",\"potentialAction\":[{\"@type\":\"ReadAction\",\"target\":[\"https:\/\/rotary.fi\/savonlinnanrotaryklubi\/matkalippu-tulevaisuuteen-stipendien-saajat-eri-vuosilta\/\"]}]},{\"@type\":\"ImageObject\",\"inLanguage\":\"fi\",\"@id\":\"https:\/\/rotary.fi\/savonlinnanrotaryklubi\/matkalippu-tulevaisuuteen-stipendien-saajat-eri-vuosilta\/#primaryimage\",\"url\":\"https:\/\/savonlinnanrotaryklubi.rotary.fi\/@Bin\/199621\/Matkalippu%20tulevaisuuteen%2019.5.jpeg\",\"contentUrl\":\"https:\/\/savonlinnanrotaryklubi.rotary.fi\/@Bin\/199621\/Matkalippu%20tulevaisuuteen%2019.5.jpeg\"},{\"@type\":\"BreadcrumbList\",\"@id\":\"https:\/\/rotary.fi\/savonlinnanrotaryklubi\/matkalippu-tulevaisuuteen-stipendien-saajat-eri-vuosilta\/#breadcrumb\",\"itemListElement\":[{\"@type\":\"ListItem\",\"position\":1,\"name\":\"Home\",\"item\":\"https:\/\/rotary.fi\/savonlinnanrotaryklubi\/\"},{\"@type\":\"ListItem\",\"position\":2,\"name\":\"Matkalippu tulevaisuuteen stipendien saajat eri vuosilta\"}]},{\"@type\":\"WebSite\",\"@id\":\"https:\/\/rotary.fi\/savonlinnanrotaryklubi\/#website\",\"url\":\"https:\/\/rotary.fi\/savonlinnanrotaryklubi\/\",\"name\":\"Savonlinnan Rotaryklubi ry\",\"description\":\"Uusi Rotary klubisivusto\",\"potentialAction\":[{\"@type\":\"SearchAction\",\"target\":{\"@type\":\"EntryPoint\",\"urlTemplate\":\"https:\/\/rotary.fi\/savonlinnanrotaryklubi\/?s={search_term_string}\"},\"query-input\":{\"@type\":\"PropertyValueSpecification\",\"valueRequired\":true,\"valueName\":\"search_term_string\"}}],\"inLanguage\":\"fi\"}]}<\/script>\n<!-- \/ Yoast SEO plugin. -->","yoast_head_json":{"title":"Matkalippu tulevaisuuteen stipendien saajat eri vuosilta - Savonlinnan Rotaryklubi ry","robots":{"index":"index","follow":"follow","max-snippet":"max-snippet:-1","max-image-preview":"max-image-preview:large","max-video-preview":"max-video-preview:-1"},"canonical":"https:\/\/rotary.fi\/savonlinnanrotaryklubi\/matkalippu-tulevaisuuteen-stipendien-saajat-eri-vuosilta\/","og_locale":"fi_FI","og_type":"article","og_title":"Matkalippu tulevaisuuteen stipendien saajat eri vuosilta - Savonlinnan Rotaryklubi ry","og_description":"&nbsp; Matkalippu tulevaisuuteen-stipendin saajat 2016 Enonkosken koulu: Emmi Kapanen Mertalan koulu: 9A Joonas Ikonen 9B Nuutti Hartikainen 9C Atte Kapanen 9D Viivi Erkkil\u00e4 9E Nea Luukkonen 9F Mirjami Hanhisalo Talvisalon koulu: 9A Markus Juuti 9B Tatu Rahikainen 9C Jesse Litmanen 9D Sanni Lipponen 9E Miro Kosonen 9M Jani Kautonen Ryhm\u00e4kuva 19.5.2016 &#8212;&#8212;&#8212;&#8212;&#8212;&#8212;&#8212;&#8212;&#8212;&#8212;&#8212;&#8212;&#8212;&#8212;&#8212;- Rotarit jakoivat stipendej\u00e4 [&hellip;]","og_url":"https:\/\/rotary.fi\/savonlinnanrotaryklubi\/matkalippu-tulevaisuuteen-stipendien-saajat-eri-vuosilta\/","og_site_name":"Savonlinnan Rotaryklubi ry","article_modified_time":"2019-05-16T16:22:09+00:00","og_image":[{"url":"https:\/\/savonlinnanrotaryklubi.rotary.fi\/@Bin\/199621\/Matkalippu%20tulevaisuuteen%2019.5.jpeg","type":"","width":"","height":""}],"twitter_card":"summary_large_image","twitter_misc":{"Arvioitu lukuaika":"3 minuuttia"},"schema":{"@context":"https:\/\/schema.org","@graph":[{"@type":"WebPage","@id":"https:\/\/rotary.fi\/savonlinnanrotaryklubi\/matkalippu-tulevaisuuteen-stipendien-saajat-eri-vuosilta\/","url":"https:\/\/rotary.fi\/savonlinnanrotaryklubi\/matkalippu-tulevaisuuteen-stipendien-saajat-eri-vuosilta\/","name":"Matkalippu tulevaisuuteen stipendien saajat eri vuosilta - Savonlinnan Rotaryklubi ry","isPartOf":{"@id":"https:\/\/rotary.fi\/savonlinnanrotaryklubi\/#website"},"primaryImageOfPage":{"@id":"https:\/\/rotary.fi\/savonlinnanrotaryklubi\/matkalippu-tulevaisuuteen-stipendien-saajat-eri-vuosilta\/#primaryimage"},"image":{"@id":"https:\/\/rotary.fi\/savonlinnanrotaryklubi\/matkalippu-tulevaisuuteen-stipendien-saajat-eri-vuosilta\/#primaryimage"},"thumbnailUrl":"https:\/\/savonlinnanrotaryklubi.rotary.fi\/@Bin\/199621\/Matkalippu%20tulevaisuuteen%2019.5.jpeg","datePublished":"2019-01-11T11:00:07+00:00","dateModified":"2019-05-16T16:22:09+00:00","breadcrumb":{"@id":"https:\/\/rotary.fi\/savonlinnanrotaryklubi\/matkalippu-tulevaisuuteen-stipendien-saajat-eri-vuosilta\/#breadcrumb"},"inLanguage":"fi","potentialAction":[{"@type":"ReadAction","target":["https:\/\/rotary.fi\/savonlinnanrotaryklubi\/matkalippu-tulevaisuuteen-stipendien-saajat-eri-vuosilta\/"]}]},{"@type":"ImageObject","inLanguage":"fi","@id":"https:\/\/rotary.fi\/savonlinnanrotaryklubi\/matkalippu-tulevaisuuteen-stipendien-saajat-eri-vuosilta\/#primaryimage","url":"https:\/\/savonlinnanrotaryklubi.rotary.fi\/@Bin\/199621\/Matkalippu%20tulevaisuuteen%2019.5.jpeg","contentUrl":"https:\/\/savonlinnanrotaryklubi.rotary.fi\/@Bin\/199621\/Matkalippu%20tulevaisuuteen%2019.5.jpeg"},{"@type":"BreadcrumbList","@id":"https:\/\/rotary.fi\/savonlinnanrotaryklubi\/matkalippu-tulevaisuuteen-stipendien-saajat-eri-vuosilta\/#breadcrumb","itemListElement":[{"@type":"ListItem","position":1,"name":"Home","item":"https:\/\/rotary.fi\/savonlinnanrotaryklubi\/"},{"@type":"ListItem","position":2,"name":"Matkalippu tulevaisuuteen stipendien saajat eri vuosilta"}]},{"@type":"WebSite","@id":"https:\/\/rotary.fi\/savonlinnanrotaryklubi\/#website","url":"https:\/\/rotary.fi\/savonlinnanrotaryklubi\/","name":"Savonlinnan Rotaryklubi ry","description":"Uusi Rotary klubisivusto","potentialAction":[{"@type":"SearchAction","target":{"@type":"EntryPoint","urlTemplate":"https:\/\/rotary.fi\/savonlinnanrotaryklubi\/?s={search_term_string}"},"query-input":{"@type":"PropertyValueSpecification","valueRequired":true,"valueName":"search_term_string"}}],"inLanguage":"fi"}]}},"lang":"fi","translations":{"fi":1474},"pll_sync_post":[],"_links":{"self":[{"href":"https:\/\/rotary.fi\/savonlinnanrotaryklubi\/wp-json\/wp\/v2\/pages\/1474","targetHints":{"allow":["GET"]}}],"collection":[{"href":"https:\/\/rotary.fi\/savonlinnanrotaryklubi\/wp-json\/wp\/v2\/pages"}],"about":[{"href":"https:\/\/rotary.fi\/savonlinnanrotaryklubi\/wp-json\/wp\/v2\/types\/page"}],"author":[{"embeddable":true,"href":"https:\/\/rotary.fi\/savonlinnanrotaryklubi\/wp-json\/wp\/v2\/users\/60"}],"replies":[{"embeddable":true,"href":"https:\/\/rotary.fi\/savonlinnanrotaryklubi\/wp-json\/wp\/v2\/comments?post=1474"}],"version-history":[{"count":8,"href":"https:\/\/rotary.fi\/savonlinnanrotaryklubi\/wp-json\/wp\/v2\/pages\/1474\/revisions"}],"predecessor-version":[{"id":1946,"href":"https:\/\/rotary.fi\/savonlinnanrotaryklubi\/wp-json\/wp\/v2\/pages\/1474\/revisions\/1946"}],"wp:attachment":[{"href":"https:\/\/rotary.fi\/savonlinnanrotaryklubi\/wp-json\/wp\/v2\/media?parent=1474"}],"curies":[{"name":"wp","href":"https:\/\/api.w.org\/{rel}","templated":true}]}}