{"id":1468,"date":"2019-01-12T10:59:08","date_gmt":"2019-01-12T08:59:08","guid":{"rendered":"https:\/\/rotary.fi\/savonlinnanrotaryklubi\/?page_id=1468"},"modified":"2019-01-12T11:45:58","modified_gmt":"2019-01-12T09:45:58","slug":"galleria-kuvia-vuosien-varrelta","status":"publish","type":"page","link":"https:\/\/rotary.fi\/savonlinnanrotaryklubi\/galleria-kuvia-vuosien-varrelta\/","title":{"rendered":"Kuvia vuosien varrelta"},"content":{"rendered":"<p>[et_pb_section bb_built=&#8221;1&#8243; _builder_version=&#8221;3.17.6&#8243;][et_pb_row _builder_version=&#8221;3.17.6&#8243;][et_pb_column type=&#8221;4_4&#8243;][et_pb_text _builder_version=&#8221;3.17.6&#8243;]<\/p>\n<h3><strong>Savonlinna talvella <\/strong><\/h3>\n<h6>Lassi Kurola<strong><br \/><\/strong><\/h6>\n<p>[\/et_pb_text][et_pb_image _builder_version=&#8221;3.17.6&#8243; src=&#8221;https:\/\/rotary.fi\/savonlinnanrotaryklubi\/wp-content\/uploads\/sites\/62\/2019\/01\/dji_0003-2-1.jpg&#8221; use_background_color_gradient=&#8221;on&#8221; \/][\/et_pb_column][\/et_pb_row][\/et_pb_section]<\/p>\n","protected":false},"excerpt":{"rendered":"<p>Savonlinna talvella Lassi Kurola<\/p>\n","protected":false},"author":60,"featured_media":0,"parent":0,"menu_order":0,"comment_status":"closed","ping_status":"closed","template":"","meta":{"_acf_changed":false,"_et_pb_use_builder":"on","_et_pb_old_content":"<h1 class=\"pageTitle\">Kuvia rotarykokouksista 2011-2016<\/h1><div id=\"zone-top\" class=\"zone\">\u00a0<\/div><div id=\"content-middle\"><div id=\"zone-_main\" class=\"zone zone-_main-stuff\"><div id=\"token-173564\" class=\"token token-Content\"><a class=\"anchor\" name=\"anchor-173564\"><\/a><div id=\"content-container-173567\" class=\"content-container\"><table class=\"contentImageArea\"><tbody><tr><td class=\"captionModel2\"><a class=\"{\"htmlCaption\":\"Kuvern\u00f6\u00f6ri Heli Karttusen vierailu 9.10.2012\",\"h\":\"528\",\"w\":\"940\"}  cboxElement\" title=\"Kuvern\u00f6\u00f6ri Heli Karttusen vierailu 9.10.2012\" href=\"https:\/\/savonlinnanrotaryklubi.rotary.fi\/@Bin\/173606\/2012-10-09-041.jpeg\" rel=\"gallery-173564\"><img src=\"https:\/\/savonlinnanrotaryklubi.rotary.fi\/@Bin\/199141\/2012-10-09-041.jpeg\" alt=\"\" width=\"326\" height=\"183\" data-caption=\"Kuvern\u00f6\u00f6ri Heli Karttusen vierailu 9.10.2012\" \/><\/a><div class=\"caption\">Kuvern\u00f6\u00f6ri Heli Karttusen vierailu 9.10.2012<\/div><\/td><\/tr><tr><td class=\"captionModel2\"><a class=\"{\"htmlCaption\":\"Kuvern\u00f6\u00f6ri Heli Karttusen vierailu 9.10.2012\",\"h\":\"528\",\"w\":\"940\"}  cboxElement\" title=\"Kuvern\u00f6\u00f6ri Heli Karttusen vierailu 9.10.2012\" href=\"https:\/\/savonlinnanrotaryklubi.rotary.fi\/@Bin\/173622\/2012-10-09-042.jpeg\" rel=\"gallery-173564\"><img src=\"https:\/\/savonlinnanrotaryklubi.rotary.fi\/@Bin\/199115\/2012-10-09-042.jpeg\" alt=\"\" width=\"326\" height=\"183\" data-caption=\"Kuvern\u00f6\u00f6ri Heli Karttusen vierailu 9.10.2012\" \/><\/a><div class=\"caption\">Kuvern\u00f6\u00f6ri Heli Karttusen vierailu 9.10.2012<\/div><\/td><\/tr><tr><td class=\"captionModel2\"><a class=\"{\"w\":\"940\",\"h\":\"528\",\"htmlCaption\":\"Varapresidentti Jouko Turtiainen luovuttaa lahjan merkkip\u00e4iv\u00e4\u00e4 viett\u00e4v\u00e4lle Eila Knightille\"}  cboxElement\" title=\"Varapresidentti Jouko Turtiainen luovuttaa lahjan merkkip\u00e4iv\u00e4\u00e4 viett\u00e4v\u00e4lle Eila Knightille\" href=\"https:\/\/savonlinnanrotaryklubi.rotary.fi\/@Bin\/173640\/2012-11-29-073.jpeg\" rel=\"gallery-173564\"><img src=\"https:\/\/savonlinnanrotaryklubi.rotary.fi\/@Bin\/199117\/2012-11-29-073.jpeg\" alt=\"\" width=\"326\" height=\"183\" data-caption=\"Varapresidentti Jouko Turtiainen luovuttaa lahjan merkkip\u00e4iv\u00e4\u00e4 viett\u00e4v\u00e4lle Eila Knightille\" \/><\/a><div class=\"caption\">Varapresidentti Jouko Turtiainen luovuttaa lahjan merkkip\u00e4iv\u00e4\u00e4 viett\u00e4v\u00e4lle Eila Knightille<\/div><\/td><\/tr><\/tbody><\/table><div id=\"content-text-173567\">\u00a0<\/div><\/div><div>\u00a0<\/div><\/div><div id=\"token-173645\" class=\"token token-Content\"><a class=\"anchor\" name=\"anchor-173645\"><\/a><div id=\"content-container-173648\" class=\"content-container\"><table class=\"contentImageArea\"><tbody><tr><td class=\"captionModel2\"><a href=\"https:\/\/savonlinnanrotaryklubi.rotary.fi\/@Bin\/186054\/2013-03-07-118.jpeg\" target=\"_blank\" rel=\"noopener\"><img src=\"https:\/\/savonlinnanrotaryklubi.rotary.fi\/@Bin\/199669\/2013-03-07-118.jpeg\" alt=\"\" width=\"326\" height=\"183\" data-caption=\"Presidentti Pekka Huovila luovuttaa rotarymerkit uusille klubin j\u00e4senille Pellervo Kokkoselle ja Kari Tikkaselle 7.3.2013\" \/><\/a><div class=\"caption\">Presidentti Pekka Huovila luovuttaa rotarymerkit uusille klubin j\u00e4senille Pellervo Kokkoselle ja Kari Tikkaselle 7.3.2013<\/div><\/td><\/tr><tr><td class=\"captionModel2\"><a href=\"https:\/\/savonlinnanrotaryklubi.rotary.fi\/@Bin\/187925\/2013-04-11-135.jpeg\" target=\"_blank\" rel=\"noopener\"><img src=\"https:\/\/savonlinnanrotaryklubi.rotary.fi\/@Bin\/199143\/2013-04-11-135.jpeg\" alt=\"\" width=\"326\" height=\"183\" data-caption=\"Presidentti Pekka Huovila luovuttaa rotarymerkin uudelle j\u00e4senelle Arsi Anttoselle 11.4.2013\" \/><\/a><div class=\"caption\">Presidentti Pekka Huovila luovuttaa rotarymerkin uudelle j\u00e4senelle Arsi Anttoselle 11.4.2013<\/div><\/td><\/tr><tr><td class=\"captionModel2\"><img src=\"https:\/\/savonlinnanrotaryklubi.rotary.fi\/@Bin\/177385\/20140213_001.jpeg\" alt=\"\" width=\"326\" height=\"183\" data-caption=\"Presidentti Eero Timgren toivottaa Kari Herttuaisen tervetulleeksi klubin j\u00e4seneksi 13.2.2014\" \/><div class=\"caption\">Presidentti Eero Timgren toivottaa Kari Herttuaisen tervetulleeksi klubin j\u00e4seneksi 13.2.2014<\/div><\/td><\/tr><tr><td class=\"captionModel2\"><a href=\"https:\/\/savonlinnanrotaryklubi.rotary.fi\/@Bin\/177564\/2013-05-30-174.jpeg\" target=\"_blank\" rel=\"noopener\"><img src=\"https:\/\/savonlinnanrotaryklubi.rotary.fi\/@Bin\/173708\/2013-05-30-174.jpeg\" alt=\"\" width=\"326\" height=\"183\" data-src=\"\/@Bin\/173708\/2013-05-30-174.jpeg\" data-caption=\"Presidentti Pekka Huovila ja Aila P\u00e4rn\u00e4nen luovittivat vaihto-oppilas Connie Hongille lahjan ja klubin viirin 30.5.2013\" \/><\/a><div class=\"caption\">Presidentti Pekka Huovila ja Aila P\u00e4rn\u00e4nen luovittivat vaihto-oppilas Connie Hongille lahjan ja klubin viirin 30.5.2013<\/div><\/td><\/tr><tr><td class=\"captionModel2\"><a href=\"https:\/\/savonlinnanrotaryklubi.rotary.fi\/@Bin\/182714\/2013-05-30-177.jpeg\" target=\"_blank\" rel=\"noopener\"><img src=\"https:\/\/savonlinnanrotaryklubi.rotary.fi\/@Bin\/199118\/2013-05-30-177.jpeg\" alt=\"\" width=\"326\" height=\"183\" data-src=\"\/@Bin\/199118\/2013-05-30-177.jpeg\" data-caption=\"Presidentti Pekka Huovila esittelee Kotkan piirikonferenssiss\u00e4 saatui \"Vieriv\u00e4 kivi\" kiertopalkintoa\" \/><\/a><div class=\"caption\">Presidentti Pekka Huovila esittelee Kotkan piirikonferenssiss\u00e4 saatui \"Vieriv\u00e4 kivi\" kiertopalkintoa<\/div><\/td><\/tr><tr><td class=\"captionModel2\"><a href=\"https:\/\/savonlinnanrotaryklubi.rotary.fi\/@Bin\/184389\/2013-07-11-212.jpeg\" target=\"_blank\" rel=\"noopener\"><img src=\"https:\/\/savonlinnanrotaryklubi.rotary.fi\/@Bin\/205582\/2013-07-11-212.jpeg\" alt=\"\" width=\"326\" height=\"183\" data-src=\"\/@Bin\/205582\/2013-07-11-212.jpeg\" data-caption=\"Arkkiatri Risto Pelkonen klubin vieraana 11.7.2013\" \/><\/a><div class=\"caption\">Arkkiatri Risto Pelkonen klubin vieraana 11.7.2013<\/div><\/td><\/tr><tr><td class=\"captionModel2\"><a href=\"https:\/\/savonlinnanrotaryklubi.rotary.fi\/@Bin\/193377\/271020111194.jpeg\" target=\"_blank\" rel=\"noopener\"><img src=\"https:\/\/savonlinnanrotaryklubi.rotary.fi\/@Bin\/199384\/271020111194.jpeg\" alt=\"\" width=\"326\" height=\"244\" data-src=\"\/@Bin\/199384\/271020111194.jpeg\" data-caption=\"Rotaryklubin joulukuusiviljelm\u00e4n merkint\u00e4\u00e4  maastossa 20.10.2011\" \/><\/a><div class=\"caption\">Rotaryklubin joulukuusiviljelm\u00e4n merkint\u00e4\u00e4 maastossa 20.10.2011<\/div><\/td><\/tr><tr><td class=\"captionModel2\"><a href=\"https:\/\/savonlinnanrotaryklubi.rotary.fi\/@Bin\/187952\/271020111201.jpeg\" target=\"_blank\" rel=\"noopener\"><img src=\"https:\/\/savonlinnanrotaryklubi.rotary.fi\/@Bin\/205584\/271020111201.jpeg\" alt=\"\" width=\"326\" height=\"244\" data-src=\"\/@Bin\/205584\/271020111201.jpeg\" data-caption=\"Yhteisty\u00f6ll\u00e4 se onnistuu\" \/><\/a><div class=\"caption\">Yhteisty\u00f6ll\u00e4 se onnistuu<\/div><\/td><\/tr><tr><td class=\"captionModel2\"><a href=\"https:\/\/savonlinnanrotaryklubi.rotary.fi\/@Bin\/200173\/02122010145.jpeg\" target=\"_blank\" rel=\"noopener\"><img src=\"https:\/\/savonlinnanrotaryklubi.rotary.fi\/@Bin\/199387\/02122010145.jpeg\" alt=\"\" width=\"326\" height=\"244\" data-src=\"\/@Bin\/199387\/02122010145.jpeg\" data-caption=\"Harri Kurola pit\u00e4m\u00e4ss\u00e4 esitelm\u00e4\u00e4 Savonlinnan pommituksista sodan aikana\" \/><\/a><div class=\"caption\">Harri Kurola pit\u00e4m\u00e4ss\u00e4 esitelm\u00e4\u00e4 Savonlinnan pommituksista sodan aikana<\/div><\/td><\/tr><tr><td class=\"captionModel2\"><a href=\"https:\/\/savonlinnanrotaryklubi.rotary.fi\/@Bin\/179595\/101120111212.jpeg\" target=\"_blank\" rel=\"noopener\"><img src=\"https:\/\/savonlinnanrotaryklubi.rotary.fi\/@Bin\/199671\/101120111212.jpeg\" alt=\"\" width=\"326\" height=\"244\" data-src=\"\/@Bin\/199671\/101120111212.jpeg\" data-caption=\"Kuvern\u00f6\u00f6ri Aarno Kari klubin vieraana 10.11.2011 <br\/>Presidenttin\u00e4 Antero Nousiainen\" \/><\/a><div class=\"caption\">Kuvern\u00f6\u00f6ri Aarno Kari klubin vieraana 10.11.2011 <br \/>Presidenttin\u00e4 Antero Nousiainen<\/div><\/td><\/tr><\/tbody><\/table><div id=\"content-text-173648\">\u00a0<\/div><\/div><div>\u00a0<\/div><\/div><div id=\"token-174416\" class=\"token token-Content\"><a class=\"anchor\" name=\"anchor-174416\"><\/a><div id=\"content-container-174419\" class=\"content-container\"><table class=\"contentImageArea\"><tbody><tr><td class=\"captionModel2\"><a href=\"https:\/\/savonlinnanrotaryklubi.rotary.fi\/@Bin\/188328\/20150507_005.jpeg\" target=\"_blank\" rel=\"noopener\"><img src=\"https:\/\/savonlinnanrotaryklubi.rotary.fi\/@Bin\/200449\/20150507_005.jpeg\" alt=\"\" width=\"326\" height=\"183\" data-src=\"\/@Bin\/200449\/20150507_005.jpeg\" data-caption=\"Vaihto-oppilas Juliana Cruzille luovutetaan l\u00e4ht\u00f6lahja\" \/><\/a><div class=\"caption\">Vaihto-oppilas Juliana Cruzille luovutetaan l\u00e4ht\u00f6lahja<\/div><\/td><\/tr><tr><td class=\"captionModel2\"><a href=\"https:\/\/savonlinnanrotaryklubi.rotary.fi\/@Bin\/181983\/20150707_001.jpeg\" target=\"_blank\" rel=\"noopener\"><img src=\"https:\/\/savonlinnanrotaryklubi.rotary.fi\/@Bin\/205585\/20150707_001.jpeg\" alt=\"\" width=\"326\" height=\"183\" data-src=\"\/@Bin\/205585\/20150707_001.jpeg\" data-caption=\"Kirjailija\/toimittaja Maarit Tyrkk\u00f6 (Huovinen) klubin vieraana 7.7.2015 kertomassa yst\u00e4v\u00e4st\u00e4\u00e4n Urho Kekkosesta\" \/><\/a><div class=\"caption\">Kirjailija\/toimittaja Maarit Tyrkk\u00f6 (Huovinen) klubin vieraana 7.7.2015 kertomassa yst\u00e4v\u00e4st\u00e4\u00e4n Urho Kekkosesta<\/div><\/td><\/tr><tr><td class=\"captionModel2\"><a href=\"https:\/\/savonlinnanrotaryklubi.rotary.fi\/@Bin\/186057\/20150730_003.jpeg\" target=\"_blank\" rel=\"noopener\"><img src=\"https:\/\/savonlinnanrotaryklubi.rotary.fi\/@Bin\/199608\/20150730_003.jpeg\" alt=\"\" width=\"326\" height=\"183\" data-src=\"\/@Bin\/199608\/20150730_003.jpeg\" data-caption=\"Jarkko Wuorinen Saimaa Summitin rotarytapaamisessa 30.7.2015\" \/><\/a><div class=\"caption\">Jarkko Wuorinen Saimaa Summitin rotarytapaamisessa 30.7.2015<\/div><\/td><\/tr><tr><td class=\"captionModel2\"><a href=\"https:\/\/savonlinnanrotaryklubi.rotary.fi\/@Bin\/186775\/20150910_002.jpeg\" target=\"_blank\" rel=\"noopener\"><img src=\"https:\/\/savonlinnanrotaryklubi.rotary.fi\/@Bin\/205586\/20150910_002.jpeg\" alt=\"\" width=\"326\" height=\"183\" data-src=\"\/@Bin\/205586\/20150910_002.jpeg\" data-caption=\"Vaihto-oppilas Chiusa Sakaguchille Lauri Kosonen luovuttaa syntym\u00e4p\u00e4iv\u00e4lahjan\" \/><\/a><div class=\"caption\">Vaihto-oppilas Chiusa Sakaguchille Lauri Kosonen luovuttaa syntym\u00e4p\u00e4iv\u00e4lahjan<\/div><\/td><\/tr><tr><td class=\"captionModel2\"><a class=\"{\"htmlCaption\":\"Kansanedustaja Hanna Kosonen klubin vieraana 21.1.2016\",\"h\":\"800\",\"w\":\"451\"}  cboxElement\" title=\"Kansanedustaja Hanna Kosonen klubin vieraana 21.1.2016\" href=\"https:\/\/savonlinnanrotaryklubi.rotary.fi\/@Bin\/174545\/20160121_004.jpeg\" rel=\"gallery-174416\"><img src=\"https:\/\/savonlinnanrotaryklubi.rotary.fi\/@Bin\/174547\/20160121_004.jpeg\" alt=\"\" width=\"326\" height=\"578\" data-src=\"\/@Bin\/174547\/20160121_004.jpeg\" data-caption=\"Kansanedustaja Hanna Kosonen klubin vieraana 21.1.2016\" \/><\/a><div class=\"caption\">Kansanedustaja Hanna Kosonen klubin vieraana 21.1.2016<\/div><\/td><\/tr><tr><td class=\"captionModel2\"><a href=\"https:\/\/savonlinnanrotaryklubi.rotary.fi\/@Bin\/186777\/20160128_014.jpeg\" target=\"_blank\" rel=\"noopener\"><img src=\"https:\/\/savonlinnanrotaryklubi.rotary.fi\/@Bin\/205587\/20160128_014.jpeg\" alt=\"\" width=\"326\" height=\"578\" data-src=\"\/@Bin\/205587\/20160128_014.jpeg\" data-caption=\"Kansanedustaja Heli J\u00e4rveinen klubin vieraana 28.1.2016\" \/><\/a><div class=\"caption\">Kansanedustaja Heli J\u00e4rveinen klubin vieraana 28.1.2016<\/div><\/td><\/tr><tr><td class=\"captionModel2\"><a href=\"https:\/\/savonlinnanrotaryklubi.rotary.fi\/@Bin\/190158\/20160218_001.jpeg\" target=\"_blank\" rel=\"noopener\"><img src=\"https:\/\/savonlinnanrotaryklubi.rotary.fi\/@Bin\/205588\/20160218_001.jpeg\" alt=\"\" width=\"326\" height=\"183\" data-src=\"\/@Bin\/205588\/20160218_001.jpeg\" data-caption=\"Komisario Jarmo Puustinen klubin vieraana 18.2.2016\" \/><\/a><div class=\"caption\">Komisario Jarmo Puustinen klubin vieraana 18.2.2016<\/div><\/td><\/tr><tr><td class=\"captionModel2\"><a href=\"https:\/\/savonlinnanrotaryklubi.rotary.fi\/@Bin\/203313\/IMG_0701.jpeg\" target=\"_blank\" rel=\"noopener\"><img src=\"https:\/\/savonlinnanrotaryklubi.rotary.fi\/@Bin\/199122\/IMG_0701.jpeg\" alt=\"\" width=\"326\" height=\"244\" data-src=\"\/@Bin\/199122\/IMG_0701.jpeg\" data-caption=\"Petra Teittinen kertoo Japanin Jamboreesta 14.4.2016\" \/><\/a><div class=\"caption\">Petra Teittinen kertoo Japanin Jamboreesta 14.4.2016<\/div><\/td><\/tr><tr><td class=\"captionModel2\"><a href=\"https:\/\/savonlinnanrotaryklubi.rotary.fi\/@Bin\/178009\/IMG_0776.jpeg\" target=\"_blank\" rel=\"noopener\"><img src=\"https:\/\/savonlinnanrotaryklubi.rotary.fi\/@Bin\/199144\/IMG_0776.jpeg\" alt=\"\" width=\"326\" height=\"244\" data-src=\"\/@Bin\/199144\/IMG_0776.jpeg\" data-caption=\"Antero Nousiainen kertoo Espanjan kuulumisia 21.4.2016\" \/><\/a><div class=\"caption\">Antero Nousiainen kertoo Espanjan kuulumisia 21.4.2016<\/div><\/td><\/tr><tr><td class=\"captionModel2\"><a href=\"https:\/\/savonlinnanrotaryklubi.rotary.fi\/@Bin\/197674\/IMG_0786.jpeg\" target=\"_blank\" rel=\"noopener\"><img src=\"https:\/\/savonlinnanrotaryklubi.rotary.fi\/@Bin\/205589\/IMG_0786.jpeg\" alt=\"\" width=\"326\" height=\"244\" data-src=\"\/@Bin\/205589\/IMG_0786.jpeg\" data-caption=\"AG Pekka Huovilalle luovutetaan PHF Kuopion piirikonferensissa 23.4.2016\" \/><\/a><div class=\"caption\">AG Pekka Huovilalle luovutetaan PHF Kuopion piirikonferensissa 23.4.2016<\/div><\/td><\/tr><\/tbody><\/table><div id=\"content-text-174419\">\u00a0<\/div><\/div><div>\u00a0<\/div><\/div><\/div><\/div>","_et_gb_content_width":"","footnotes":""},"class_list":["post-1468","page","type-page","status-publish","hentry"],"acf":[],"yoast_head":"<!-- This site is optimized with the Yoast SEO plugin v27.0 - https:\/\/yoast.com\/product\/yoast-seo-wordpress\/ -->\n<title>Kuvia vuosien varrelta - Savonlinnan Rotaryklubi ry<\/title>\n<meta name=\"robots\" content=\"index, follow, max-snippet:-1, max-image-preview:large, max-video-preview:-1\" \/>\n<link rel=\"canonical\" href=\"https:\/\/rotary.fi\/savonlinnanrotaryklubi\/galleria-kuvia-vuosien-varrelta\/\" \/>\n<meta property=\"og:locale\" content=\"fi_FI\" \/>\n<meta property=\"og:type\" content=\"article\" \/>\n<meta property=\"og:title\" content=\"Kuvia vuosien varrelta - Savonlinnan Rotaryklubi ry\" \/>\n<meta property=\"og:description\" content=\"Savonlinna talvella Lassi Kurola\" \/>\n<meta property=\"og:url\" content=\"https:\/\/rotary.fi\/savonlinnanrotaryklubi\/galleria-kuvia-vuosien-varrelta\/\" \/>\n<meta property=\"og:site_name\" content=\"Savonlinnan Rotaryklubi ry\" \/>\n<meta property=\"article:modified_time\" content=\"2019-01-12T09:45:58+00:00\" \/>\n<meta name=\"twitter:card\" content=\"summary_large_image\" \/>\n<script type=\"application\/ld+json\" class=\"yoast-schema-graph\">{\"@context\":\"https:\/\/schema.org\",\"@graph\":[{\"@type\":\"WebPage\",\"@id\":\"https:\/\/rotary.fi\/savonlinnanrotaryklubi\/galleria-kuvia-vuosien-varrelta\/\",\"url\":\"https:\/\/rotary.fi\/savonlinnanrotaryklubi\/galleria-kuvia-vuosien-varrelta\/\",\"name\":\"Kuvia vuosien varrelta - Savonlinnan Rotaryklubi ry\",\"isPartOf\":{\"@id\":\"https:\/\/rotary.fi\/savonlinnanrotaryklubi\/#website\"},\"datePublished\":\"2019-01-12T08:59:08+00:00\",\"dateModified\":\"2019-01-12T09:45:58+00:00\",\"breadcrumb\":{\"@id\":\"https:\/\/rotary.fi\/savonlinnanrotaryklubi\/galleria-kuvia-vuosien-varrelta\/#breadcrumb\"},\"inLanguage\":\"fi\",\"potentialAction\":[{\"@type\":\"ReadAction\",\"target\":[\"https:\/\/rotary.fi\/savonlinnanrotaryklubi\/galleria-kuvia-vuosien-varrelta\/\"]}]},{\"@type\":\"BreadcrumbList\",\"@id\":\"https:\/\/rotary.fi\/savonlinnanrotaryklubi\/galleria-kuvia-vuosien-varrelta\/#breadcrumb\",\"itemListElement\":[{\"@type\":\"ListItem\",\"position\":1,\"name\":\"Home\",\"item\":\"https:\/\/rotary.fi\/savonlinnanrotaryklubi\/\"},{\"@type\":\"ListItem\",\"position\":2,\"name\":\"Kuvia vuosien varrelta\"}]},{\"@type\":\"WebSite\",\"@id\":\"https:\/\/rotary.fi\/savonlinnanrotaryklubi\/#website\",\"url\":\"https:\/\/rotary.fi\/savonlinnanrotaryklubi\/\",\"name\":\"Savonlinnan Rotaryklubi ry\",\"description\":\"Uusi Rotary klubisivusto\",\"potentialAction\":[{\"@type\":\"SearchAction\",\"target\":{\"@type\":\"EntryPoint\",\"urlTemplate\":\"https:\/\/rotary.fi\/savonlinnanrotaryklubi\/?s={search_term_string}\"},\"query-input\":{\"@type\":\"PropertyValueSpecification\",\"valueRequired\":true,\"valueName\":\"search_term_string\"}}],\"inLanguage\":\"fi\"}]}<\/script>\n<!-- \/ Yoast SEO plugin. -->","yoast_head_json":{"title":"Kuvia vuosien varrelta - Savonlinnan Rotaryklubi ry","robots":{"index":"index","follow":"follow","max-snippet":"max-snippet:-1","max-image-preview":"max-image-preview:large","max-video-preview":"max-video-preview:-1"},"canonical":"https:\/\/rotary.fi\/savonlinnanrotaryklubi\/galleria-kuvia-vuosien-varrelta\/","og_locale":"fi_FI","og_type":"article","og_title":"Kuvia vuosien varrelta - Savonlinnan Rotaryklubi ry","og_description":"Savonlinna talvella Lassi Kurola","og_url":"https:\/\/rotary.fi\/savonlinnanrotaryklubi\/galleria-kuvia-vuosien-varrelta\/","og_site_name":"Savonlinnan Rotaryklubi ry","article_modified_time":"2019-01-12T09:45:58+00:00","twitter_card":"summary_large_image","schema":{"@context":"https:\/\/schema.org","@graph":[{"@type":"WebPage","@id":"https:\/\/rotary.fi\/savonlinnanrotaryklubi\/galleria-kuvia-vuosien-varrelta\/","url":"https:\/\/rotary.fi\/savonlinnanrotaryklubi\/galleria-kuvia-vuosien-varrelta\/","name":"Kuvia vuosien varrelta - Savonlinnan Rotaryklubi ry","isPartOf":{"@id":"https:\/\/rotary.fi\/savonlinnanrotaryklubi\/#website"},"datePublished":"2019-01-12T08:59:08+00:00","dateModified":"2019-01-12T09:45:58+00:00","breadcrumb":{"@id":"https:\/\/rotary.fi\/savonlinnanrotaryklubi\/galleria-kuvia-vuosien-varrelta\/#breadcrumb"},"inLanguage":"fi","potentialAction":[{"@type":"ReadAction","target":["https:\/\/rotary.fi\/savonlinnanrotaryklubi\/galleria-kuvia-vuosien-varrelta\/"]}]},{"@type":"BreadcrumbList","@id":"https:\/\/rotary.fi\/savonlinnanrotaryklubi\/galleria-kuvia-vuosien-varrelta\/#breadcrumb","itemListElement":[{"@type":"ListItem","position":1,"name":"Home","item":"https:\/\/rotary.fi\/savonlinnanrotaryklubi\/"},{"@type":"ListItem","position":2,"name":"Kuvia vuosien varrelta"}]},{"@type":"WebSite","@id":"https:\/\/rotary.fi\/savonlinnanrotaryklubi\/#website","url":"https:\/\/rotary.fi\/savonlinnanrotaryklubi\/","name":"Savonlinnan Rotaryklubi ry","description":"Uusi Rotary klubisivusto","potentialAction":[{"@type":"SearchAction","target":{"@type":"EntryPoint","urlTemplate":"https:\/\/rotary.fi\/savonlinnanrotaryklubi\/?s={search_term_string}"},"query-input":{"@type":"PropertyValueSpecification","valueRequired":true,"valueName":"search_term_string"}}],"inLanguage":"fi"}]}},"lang":"fi","translations":{"fi":1468},"pll_sync_post":[],"_links":{"self":[{"href":"https:\/\/rotary.fi\/savonlinnanrotaryklubi\/wp-json\/wp\/v2\/pages\/1468","targetHints":{"allow":["GET"]}}],"collection":[{"href":"https:\/\/rotary.fi\/savonlinnanrotaryklubi\/wp-json\/wp\/v2\/pages"}],"about":[{"href":"https:\/\/rotary.fi\/savonlinnanrotaryklubi\/wp-json\/wp\/v2\/types\/page"}],"author":[{"embeddable":true,"href":"https:\/\/rotary.fi\/savonlinnanrotaryklubi\/wp-json\/wp\/v2\/users\/60"}],"replies":[{"embeddable":true,"href":"https:\/\/rotary.fi\/savonlinnanrotaryklubi\/wp-json\/wp\/v2\/comments?post=1468"}],"version-history":[{"count":13,"href":"https:\/\/rotary.fi\/savonlinnanrotaryklubi\/wp-json\/wp\/v2\/pages\/1468\/revisions"}],"predecessor-version":[{"id":1507,"href":"https:\/\/rotary.fi\/savonlinnanrotaryklubi\/wp-json\/wp\/v2\/pages\/1468\/revisions\/1507"}],"wp:attachment":[{"href":"https:\/\/rotary.fi\/savonlinnanrotaryklubi\/wp-json\/wp\/v2\/media?parent=1468"}],"curies":[{"name":"wp","href":"https:\/\/api.w.org\/{rel}","templated":true}]}}