{"id":94,"date":"2018-08-09T15:14:30","date_gmt":"2018-08-09T12:14:30","guid":{"rendered":"https:\/\/rotary.fi\/klubi2\/?page_id=94"},"modified":"2018-11-27T10:46:12","modified_gmt":"2018-11-27T08:46:12","slug":"ajankohtaista","status":"publish","type":"page","link":"https:\/\/rotary.fi\/rovaniemisantaclaus\/ajankohtaista\/","title":{"rendered":"Ajankohtaista"},"content":{"rendered":"<p>[et_pb_section bb_built=&#8221;1&#8243; _builder_version=&#8221;3.4.1&#8243; background_image=&#8221;https:\/\/rotary.fi\/wp-content\/uploads\/2018\/02\/paakuva-sisasivu1.jpg&#8221; next_background_color=&#8221;#ffffff&#8221; module_class=&#8221;jumbotron-page&#8221;][et_pb_row][et_pb_column type=&#8221;4_4&#8243;][et_pb_text admin_label=&#8221;P\u00e4\u00e4otsikko&#8221; _builder_version=&#8221;3.4.1&#8243; text_orientation=&#8221;center&#8221; background_layout=&#8221;dark&#8221;]<\/p>\n<h1>Ajankohtaista<\/h1>\n<p>[\/et_pb_text][\/et_pb_column][\/et_pb_row][\/et_pb_section][et_pb_section bb_built=&#8221;1&#8243; specialty=&#8221;on&#8221; prev_background_color=&#8221;#000000&#8243; _builder_version=&#8221;3.4.1&#8243; module_class_2=&#8221;sivupalkki&#8221; locked=&#8221;on&#8221;][et_pb_column type=&#8221;2_3&#8243; specialty_columns=&#8221;2&#8243;][et_pb_row_inner admin_label=&#8221;Rivi&#8221; locked=&#8221;on&#8221; parent_locked=&#8221;on&#8221;][et_pb_column_inner type=&#8221;4_4&#8243; saved_specialty_column_type=&#8221;2_3&#8243;][et_pb_text admin_label=&#8221;Otsikko&#8221; _builder_version=&#8221;3.4.1&#8243; text_orientation=&#8221;center&#8221; parent_locked=&#8221;on&#8221;]<\/p>\n<h1>Ajankohtaista<\/h1>\n<p>[\/et_pb_text][et_pb_code admin_label=&#8221;Ajankohtaisten listaus&#8221; _builder_version=&#8221;3.17.6&#8243; module_class=&#8221;kaikki_ajankohtaiset&#8221; parent_locked=&#8221;on&#8221;]<ul class=\"display-posts-listing\"><li class=\"listing-item\"><a class=\"title\" href=\"https:\/\/rotary.fi\/rovaniemisantaclaus\/presidentin_uutiset\/tapahtumakalenterissa-tapahtuu\/\">Tapahtumakalenterissa tapahtuu<\/a> <span class=\"date\">8.9. 2025<\/span><\/li><li class=\"listing-item\"><a class=\"title\" href=\"https:\/\/rotary.fi\/rovaniemisantaclaus\/en\/ajankohtaiset\/weekly-meeting-nr-2-4-9-2025\/\">Weekly meeting nr 2 4.9.2025<\/a> <span class=\"date\">8.9. 2025<\/span><\/li><li class=\"listing-item\"><a class=\"title\" href=\"https:\/\/rotary.fi\/rovaniemisantaclaus\/ajankohtaiset\/viikkokokous-nro-2-4-9-2025\/\">Viikkokokous nro 2 4.9.2025<\/a> <span class=\"date\">8.9. 2025<\/span><\/li><li class=\"listing-item\"><a class=\"title\" href=\"https:\/\/rotary.fi\/rovaniemisantaclaus\/presidentin_uutiset\/uusi-rotaryvuosi-on-alkanut\/\">Uusi Rotaryvuosi on alkanut!<\/a> <span class=\"date\">15.8. 2025<\/span><\/li><li class=\"listing-item\"><a class=\"title\" href=\"https:\/\/rotary.fi\/rovaniemisantaclaus\/ajankohtaiset\/viikkokokous-13-3-2025\/\">Viikkokokous 13.3.2025<\/a> <span class=\"date\">18.3. 2025<\/span><\/li><li class=\"listing-item\"><a class=\"title\" href=\"https:\/\/rotary.fi\/rovaniemisantaclaus\/ajankohtaiset\/viikkokokous-5-12-2024\/\">Viikkokokous 5.12.2024<\/a> <span class=\"date\">5.12. 2024<\/span><\/li><li class=\"listing-item\"><a class=\"title\" href=\"https:\/\/rotary.fi\/rovaniemisantaclaus\/ajankohtaiset\/viikkokokous-29-8-2024\/\">Viikkokokous 29.8.2024<\/a> <span class=\"date\">29.8. 2024<\/span><\/li><li class=\"listing-item\"><a class=\"title\" href=\"https:\/\/rotary.fi\/rovaniemisantaclaus\/ajankohtaiset\/rotaryruletti-rovaniemen-wanhoilla-markkinoilla-2024\/\">Rotaryruletti Rovaniemen Wanhoilla Markkinoilla 2024<\/a> <span class=\"date\">19.8. 2024<\/span><\/li><li class=\"listing-item\"><a class=\"title\" href=\"https:\/\/rotary.fi\/rovaniemisantaclaus\/en\/ajankohtaiset\/new-presidents-for-rotary-clubs-in-rovaniemi\/\">New presidents for Rotary Clubs in Rovaniemi<\/a> <span class=\"date\">19.6. 2024<\/span><\/li><li class=\"listing-item\"><a class=\"title\" href=\"https:\/\/rotary.fi\/rovaniemisantaclaus\/en\/ajankohtaiset\/summer-break-2024\/\">Summer break 2024<\/a> <span class=\"date\">19.6. 2024<\/span><\/li><li class=\"listing-item\"><a class=\"title\" href=\"https:\/\/rotary.fi\/rovaniemisantaclaus\/ajankohtaiset\/kesatauko-2024\/\">Kes\u00e4tauko 2024<\/a> <span class=\"date\">19.6. 2024<\/span><\/li><li class=\"listing-item\"><a class=\"title\" href=\"https:\/\/rotary.fi\/rovaniemisantaclaus\/ajankohtaiset\/vaihtokokous-18-6-2024\/\">Vaihtokokous 18.6.2024<\/a> <span class=\"date\">18.6. 2024<\/span><\/li><li class=\"listing-item\"><a class=\"title\" href=\"https:\/\/rotary.fi\/rovaniemisantaclaus\/ajankohtaiset\/hyvaa-uutta-vuotta\/\">Hyv\u00e4\u00e4 uutta vuotta!<\/a> <span class=\"date\">7.1. 2024<\/span><\/li><li class=\"listing-item\"><a class=\"title\" href=\"https:\/\/rotary.fi\/rovaniemisantaclaus\/ajankohtaiset\/revotulilaavun-avajaiset\/\">Revotulilaavun avajaiset<\/a> <span class=\"date\">16.10. 2023<\/span><\/li><li class=\"listing-item\"><a class=\"title\" href=\"https:\/\/rotary.fi\/rovaniemisantaclaus\/ajankohtaiset\/revontulilaavu-rakenteille\/\">Revontulilaavu rakenteille<\/a> <span class=\"date\">16.8. 2023<\/span><\/li><li class=\"listing-item\"><a class=\"title\" href=\"https:\/\/rotary.fi\/rovaniemisantaclaus\/ajankohtaiset\/rotarykauden-2022-2023-paatos\/\">Rotarykauden 2022-2023 p\u00e4\u00e4t\u00f6s<\/a> <span class=\"date\">30.6. 2023<\/span><\/li><li class=\"listing-item\"><a class=\"title\" href=\"https:\/\/rotary.fi\/rovaniemisantaclaus\/ajankohtaiset\/revontulilaavu-ii\/\">Revontulilaavu II<\/a> <span class=\"date\">22.4. 2023<\/span><\/li><li class=\"listing-item\"><a class=\"title\" href=\"https:\/\/rotary.fi\/rovaniemisantaclaus\/ajankohtaiset\/kuvernoori-arja-saarennon-vierailu\/\">Kuvern\u00f6\u00f6ri Arja Saarennon vierailu<\/a> <span class=\"date\">1.9. 2022<\/span><\/li><li class=\"listing-item\"><a class=\"title\" href=\"https:\/\/rotary.fi\/rovaniemisantaclaus\/ajankohtaiset\/toimintakausi-kayntiin\/\">Toimintakausi k\u00e4yntiin<\/a> <span class=\"date\">23.8. 2022<\/span><\/li><li class=\"listing-item\"><a class=\"title\" href=\"https:\/\/rotary.fi\/rovaniemisantaclaus\/ajankohtaiset\/rotaract-klubi-rovaniemelle\/\">Rotaract-klubi Rovaniemelle<\/a> <span class=\"date\">24.3. 2022<\/span><\/li><li class=\"listing-item\"><a class=\"title\" href=\"https:\/\/rotary.fi\/rovaniemisantaclaus\/en\/ajankohtaiset\/grand-opening-of-the-revontulilaavu\/\">Grand Opening of the Revontulilaavu<\/a> <span class=\"date\">17.10. 2021<\/span><\/li><li class=\"listing-item\"><a class=\"title\" href=\"https:\/\/rotary.fi\/rovaniemisantaclaus\/ajankohtaiset\/revontulilaavun-avajaisia-vietettiin-15-10-2021\/\">Revontulilaavun avajaisia vietettiin 15.10.2021<\/a> <span class=\"date\">17.10. 2021<\/span><\/li><li class=\"listing-item\"><a class=\"title\" href=\"https:\/\/rotary.fi\/rovaniemisantaclaus\/ajankohtaiset\/revontulilaavu-valmis\/\">Revontulilaavu valmis<\/a> <span class=\"date\">30.9. 2021<\/span><\/li><li class=\"listing-item\"><a class=\"title\" href=\"https:\/\/rotary.fi\/rovaniemisantaclaus\/en\/ajankohtaiset\/rotary-year-begins\/\">Rotary Year Begins<\/a> <span class=\"date\">26.8. 2021<\/span><\/li><li class=\"listing-item\"><a class=\"title\" href=\"https:\/\/rotary.fi\/rovaniemisantaclaus\/ajankohtaiset\/rotaryvuosi-kayntiin\/\">Rotaryvuosi k\u00e4yntiin<\/a> <span class=\"date\">26.8. 2021<\/span><\/li><li class=\"listing-item\"><a class=\"title\" href=\"https:\/\/rotary.fi\/rovaniemisantaclaus\/en\/ajankohtaiset\/meetings-only-online-until-july-30th\/\">Meetings only online until July 30th<\/a> <span class=\"date\">21.3. 2021<\/span><\/li><li class=\"listing-item\"><a class=\"title\" href=\"https:\/\/rotary.fi\/rovaniemisantaclaus\/ajankohtaiset\/kokoukset-verkossa-30-6-2021-asti\/\">Kokoukset verkossa 30.6.2021 asti<\/a> <span class=\"date\">21.3. 2021<\/span><\/li><li class=\"listing-item\"><a class=\"title\" href=\"https:\/\/rotary.fi\/rovaniemisantaclaus\/en\/ajankohtaiset\/meetings-live-and-online\/\">Meetings live and online<\/a> <span class=\"date\">3.12. 2020<\/span><\/li><li class=\"listing-item\"><a class=\"title\" href=\"https:\/\/rotary.fi\/rovaniemisantaclaus\/ajankohtaiset\/kokoukset-hybridimallilla\/\">Kokoukset &#8221;hybridimallilla&#8221;<\/a> <span class=\"date\">3.12. 2020<\/span><\/li><li class=\"listing-item\"><a class=\"title\" href=\"https:\/\/rotary.fi\/rovaniemisantaclaus\/en\/ajankohtaiset\/historical-meeting-of-three-clubs\/\">Historical meeting of three clubs<\/a> <span class=\"date\">24.6. 2020<\/span><\/li><li class=\"listing-item\"><a class=\"title\" href=\"https:\/\/rotary.fi\/rovaniemisantaclaus\/ajankohtaiset\/historiallinen-vaihtokokous\/\">Historiallinen vaihtokokous<\/a> <span class=\"date\">24.6. 2020<\/span><\/li><li class=\"listing-item\"><a class=\"title\" href=\"https:\/\/rotary.fi\/rovaniemisantaclaus\/ajankohtaiset\/viikkokokoukset-pyorivat-etana\/\">Viikkokokoukset py\u00f6riv\u00e4t et\u00e4n\u00e4<\/a> <span class=\"date\">7.5. 2020<\/span><\/li><li class=\"listing-item\"><a class=\"title\" href=\"https:\/\/rotary.fi\/rovaniemisantaclaus\/ajankohtaiset\/kevatkokouksessa-luvassa-tarkeita-paatoksia\/\">Ylim\u00e4\u00e4r\u00e4isess\u00e4 kokouksessa luvassa t\u00e4rkeit\u00e4 p\u00e4\u00e4t\u00f6ksi\u00e4<\/a> <span class=\"date\">23.2. 2020<\/span><\/li><li class=\"listing-item\"><a class=\"title\" href=\"https:\/\/rotary.fi\/rovaniemisantaclaus\/ajankohtaiset\/rotary-leadership-institute-2020\/\">Rotary Leadership Institute 2020<\/a> <span class=\"date\">25.1. 2020<\/span><\/li><li class=\"listing-item\"><a class=\"title\" href=\"https:\/\/rotary.fi\/rovaniemisantaclaus\/en\/ajankohtaiset\/rotary-leadership-institute-2020\/\">Rotary Leadership Institute 2020<\/a> <span class=\"date\">25.1. 2020<\/span><\/li><li class=\"listing-item\"><a class=\"title\" href=\"https:\/\/rotary.fi\/rovaniemisantaclaus\/ajankohtaiset\/hyvaa-joulua\/\">Hyv\u00e4\u00e4 joulua!<\/a> <span class=\"date\">24.12. 2019<\/span><\/li><li class=\"listing-item\"><a class=\"title\" href=\"https:\/\/rotary.fi\/rovaniemisantaclaus\/en\/ajankohtaiset\/merry-christmas-and-a-happy-new-year-2020\/\">Merry Christmas and a Happy New Year 2020!<\/a> <span class=\"date\">24.12. 2019<\/span><\/li><li class=\"listing-item\"><a class=\"title\" href=\"https:\/\/rotary.fi\/rovaniemisantaclaus\/ajankohtaiset\/jouni-filpasta-kunniajasen\/\">Jouni Filpasta kunniaj\u00e4sen<\/a> <span class=\"date\">24.12. 2019<\/span><\/li><li class=\"listing-item\"><a class=\"title\" href=\"https:\/\/rotary.fi\/rovaniemisantaclaus\/en\/presidentin_uutiset\/thank-you-for-the-past-rotary-year\/\">Thank you for the past Rotary year!<\/a> <span class=\"date\">27.6. 2019<\/span><\/li><li class=\"listing-item\"><a class=\"title\" href=\"https:\/\/rotary.fi\/rovaniemisantaclaus\/presidentin_uutiset\/vetovuoro-vaihtuu\/\">Vetovuoro vaihtuu<\/a> <span class=\"date\">27.6. 2019<\/span><\/li><li class=\"listing-item\"><a class=\"title\" href=\"https:\/\/rotary.fi\/rovaniemisantaclaus\/ajankohtaiset\/vaihtokokous-26-6-2019\/\">Vaihtokokous 26.6.2019<\/a> <span class=\"date\">27.6. 2019<\/span><\/li><li class=\"listing-item\"><a class=\"title\" href=\"https:\/\/rotary.fi\/rovaniemisantaclaus\/ajankohtaiset\/ri-konventio-hampuri-2019\/\">RI Konventio Hampuri 2019<\/a> <span class=\"date\">2.6. 2019<\/span><\/li><li class=\"listing-item\"><a class=\"title\" href=\"https:\/\/rotary.fi\/rovaniemisantaclaus\/ajankohtaiset\/yhteiskokous-27-3-2019\/\">Yhteiskokous 27.3.2019<\/a> <span class=\"date\">24.3. 2019<\/span><\/li><li class=\"listing-item\"><a class=\"title\" href=\"https:\/\/rotary.fi\/rovaniemisantaclaus\/ajankohtaiset\/rotaryn-tulevaisuus-rovaniemella\/\">Tulevaisuusty\u00f6ryhm\u00e4 kokoontuu<\/a> <span class=\"date\">24.3. 2019<\/span><\/li><li class=\"listing-item\"><a class=\"title\" href=\"https:\/\/rotary.fi\/rovaniemisantaclaus\/ajankohtaiset\/my-rotary\/\">My Rotary<\/a> <span class=\"date\">24.3. 2019<\/span><\/li><li class=\"listing-item\"><a class=\"title\" href=\"https:\/\/rotary.fi\/rovaniemisantaclaus\/en\/presidentin_uutiset\/the-next-executive-board-of-finlands-rotary-service-elected\/\">The next Executive Board of Finland\u2019s Rotary Service elected<\/a> <span class=\"date\">5.3. 2019<\/span><\/li><li class=\"listing-item\"><a class=\"title\" href=\"https:\/\/rotary.fi\/rovaniemisantaclaus\/en\/presidentin_uutiset\/have-a-good-rotary-foundation-month\/\">Have a Good Rotary Foundation Month!<\/a> <span class=\"date\">5.3. 2019<\/span><\/li><li class=\"listing-item\"><a class=\"title\" href=\"https:\/\/rotary.fi\/rovaniemisantaclaus\/en\/ajankohtaiset\/a-test-feature-for-upcoming-events-news-and-features\/\">A joint meeting of the Rotary Clubs in Rovaniemi<\/a> <span class=\"date\">5.3. 2019<\/span><\/li><li class=\"listing-item\"><a class=\"title\" href=\"https:\/\/rotary.fi\/rovaniemisantaclaus\/en\/ajankohtaiset\/a-piece-of-news-of-current-interest-with-a-somewhat-longer-heading\/\">The future of Rotary in Rovaniemi a work in progress<\/a> <span class=\"date\">5.3. 2019<\/span><\/li><li class=\"listing-item\"><a class=\"title\" href=\"https:\/\/rotary.fi\/rovaniemisantaclaus\/en\/ajankohtaiset\/and-one-more-piece-of-news-of-current-interest\/\">My Rotary rate is good<\/a> <span class=\"date\">5.3. 2019<\/span><\/li><li class=\"listing-item\"><a class=\"title\" href=\"https:\/\/rotary.fi\/rovaniemisantaclaus\/presidentin_uutiset\/hyvaa-rotarysaation-kuukautta\/\">Hyv\u00e4\u00e4 Rotarys\u00e4\u00e4ti\u00f6n kuukautta!<\/a> <span class=\"date\">30.11. 2018<\/span><\/li><li class=\"listing-item\"><a class=\"title\" href=\"https:\/\/rotary.fi\/rovaniemisantaclaus\/presidentin_uutiset\/suomen-rotarypalvelun-tuleva-hallitus-valittu\/\">Suomen Rotarypalvelun tuleva hallitus valittu<\/a> <span class=\"date\">25.11. 2018<\/span><\/li><\/ul>[\/et_pb_code][\/et_pb_column_inner][\/et_pb_row_inner][\/et_pb_column][et_pb_column type=&#8221;1_3&#8243;][et_pb_sidebar _builder_version=&#8221;3.4.1&#8243; area=&#8221;sidebar-1&#8243; module_class=&#8221;sivupalkki_sisalto&#8221; parent_locked=&#8221;on&#8221; \/][\/et_pb_column][\/et_pb_section]<\/p>\n","protected":false},"excerpt":{"rendered":"<p>[et_pb_section bb_built=&#8221;1&#8243; _builder_version=&#8221;3.4.1&#8243; background_image=&#8221;https:\/\/rotary.fi\/wp-content\/uploads\/2018\/02\/paakuva-sisasivu1.jpg&#8221; next_background_color=&#8221;#ffffff&#8221; module_class=&#8221;jumbotron-page&#8221;][et_pb_row][et_pb_column type=&#8221;4_4&#8243;][et_pb_text admin_label=&#8221;P\u00e4\u00e4otsikko&#8221; _builder_version=&#8221;3.4.1&#8243; text_orientation=&#8221;center&#8221; background_layout=&#8221;dark&#8221;] Ajankohtaista [\/et_pb_text][\/et_pb_column][\/et_pb_row][\/et_pb_section][et_pb_section bb_built=&#8221;1&#8243; specialty=&#8221;on&#8221; prev_background_color=&#8221;#000000&#8243; _builder_version=&#8221;3.4.1&#8243; module_class_2=&#8221;sivupalkki&#8221; locked=&#8221;on&#8221;][et_pb_column type=&#8221;2_3&#8243; specialty_columns=&#8221;2&#8243;][et_pb_row_inner admin_label=&#8221;Rivi&#8221; locked=&#8221;on&#8221; parent_locked=&#8221;on&#8221;][et_pb_column_inner type=&#8221;4_4&#8243; saved_specialty_column_type=&#8221;2_3&#8243;][et_pb_text admin_label=&#8221;Otsikko&#8221; _builder_version=&#8221;3.4.1&#8243; text_orientation=&#8221;center&#8221; parent_locked=&#8221;on&#8221;] Ajankohtaista [\/et_pb_text][et_pb_code admin_label=&#8221;Ajankohtaisten listaus&#8221; _builder_version=&#8221;3.17.6&#8243; module_class=&#8221;kaikki_ajankohtaiset&#8221; parent_locked=&#8221;on&#8221;][\/et_pb_code][\/et_pb_column_inner][\/et_pb_row_inner][\/et_pb_column][et_pb_column type=&#8221;1_3&#8243;][et_pb_sidebar _builder_version=&#8221;3.4.1&#8243; area=&#8221;sidebar-1&#8243; module_class=&#8221;sivupalkki_sisalto&#8221; parent_locked=&#8221;on&#8221; \/][\/et_pb_column][\/et_pb_section]<\/p>\n","protected":false},"author":1,"featured_media":0,"parent":0,"menu_order":0,"comment_status":"closed","ping_status":"closed","template":"","meta":{"_acf_changed":false,"_et_pb_use_builder":"on","_et_pb_old_content":"","_et_gb_content_width":"","footnotes":""},"class_list":["post-94","page","type-page","status-publish","hentry"],"acf":[],"yoast_head":"<!-- This site is optimized with the Yoast SEO plugin v27.0 - https:\/\/yoast.com\/product\/yoast-seo-wordpress\/ -->\n<title>Ajankohtaista - Rovaniemi Santa Claus Rotaryklubi<\/title>\n<meta name=\"robots\" content=\"index, follow, max-snippet:-1, max-image-preview:large, max-video-preview:-1\" \/>\n<link rel=\"canonical\" href=\"https:\/\/rotary.fi\/rovaniemisantaclaus\/ajankohtaista\/\" \/>\n<meta property=\"og:locale\" content=\"fi_FI\" \/>\n<meta property=\"og:type\" content=\"article\" \/>\n<meta property=\"og:title\" content=\"Ajankohtaista - Rovaniemi Santa Claus Rotaryklubi\" \/>\n<meta property=\"og:description\" content=\"[et_pb_section bb_built=&#8221;1&#8243; _builder_version=&#8221;3.4.1&#8243; background_image=&#8221;https:\/\/rotary.fi\/wp-content\/uploads\/2018\/02\/paakuva-sisasivu1.jpg&#8221; next_background_color=&#8221;#ffffff&#8221; module_class=&#8221;jumbotron-page&#8221;][et_pb_row][et_pb_column type=&#8221;4_4&#8243;][et_pb_text admin_label=&#8221;P\u00e4\u00e4otsikko&#8221; _builder_version=&#8221;3.4.1&#8243; text_orientation=&#8221;center&#8221; background_layout=&#8221;dark&#8221;] Ajankohtaista [\/et_pb_text][\/et_pb_column][\/et_pb_row][\/et_pb_section][et_pb_section bb_built=&#8221;1&#8243; specialty=&#8221;on&#8221; prev_background_color=&#8221;#000000&#8243; _builder_version=&#8221;3.4.1&#8243; module_class_2=&#8221;sivupalkki&#8221; locked=&#8221;on&#8221;][et_pb_column type=&#8221;2_3&#8243; specialty_columns=&#8221;2&#8243;][et_pb_row_inner admin_label=&#8221;Rivi&#8221; locked=&#8221;on&#8221; parent_locked=&#8221;on&#8221;][et_pb_column_inner type=&#8221;4_4&#8243; saved_specialty_column_type=&#8221;2_3&#8243;][et_pb_text admin_label=&#8221;Otsikko&#8221; _builder_version=&#8221;3.4.1&#8243; text_orientation=&#8221;center&#8221; parent_locked=&#8221;on&#8221;] Ajankohtaista [\/et_pb_text][et_pb_code admin_label=&#8221;Ajankohtaisten listaus&#8221; _builder_version=&#8221;3.17.6&#8243; module_class=&#8221;kaikki_ajankohtaiset&#8221; parent_locked=&#8221;on&#8221;][\/et_pb_code][\/et_pb_column_inner][\/et_pb_row_inner][\/et_pb_column][et_pb_column type=&#8221;1_3&#8243;][et_pb_sidebar _builder_version=&#8221;3.4.1&#8243; area=&#8221;sidebar-1&#8243; module_class=&#8221;sivupalkki_sisalto&#8221; parent_locked=&#8221;on&#8221; \/][\/et_pb_column][\/et_pb_section]\" \/>\n<meta property=\"og:url\" content=\"https:\/\/rotary.fi\/rovaniemisantaclaus\/ajankohtaista\/\" \/>\n<meta property=\"og:site_name\" content=\"Rovaniemi Santa Claus Rotaryklubi\" \/>\n<meta property=\"article:modified_time\" content=\"2018-11-27T08:46:12+00:00\" \/>\n<meta name=\"twitter:card\" content=\"summary_large_image\" \/>\n<meta name=\"twitter:label1\" content=\"Arvioitu lukuaika\" \/>\n\t<meta name=\"twitter:data1\" content=\"1 minuutti\" \/>\n<script type=\"application\/ld+json\" class=\"yoast-schema-graph\">{\"@context\":\"https:\/\/schema.org\",\"@graph\":[{\"@type\":\"WebPage\",\"@id\":\"https:\/\/rotary.fi\/rovaniemisantaclaus\/ajankohtaista\/\",\"url\":\"https:\/\/rotary.fi\/rovaniemisantaclaus\/ajankohtaista\/\",\"name\":\"Ajankohtaista - Rovaniemi Santa Claus Rotaryklubi\",\"isPartOf\":{\"@id\":\"https:\/\/rotary.fi\/rovaniemisantaclaus\/#website\"},\"datePublished\":\"2018-08-09T12:14:30+00:00\",\"dateModified\":\"2018-11-27T08:46:12+00:00\",\"breadcrumb\":{\"@id\":\"https:\/\/rotary.fi\/rovaniemisantaclaus\/ajankohtaista\/#breadcrumb\"},\"inLanguage\":\"fi\",\"potentialAction\":[{\"@type\":\"ReadAction\",\"target\":[\"https:\/\/rotary.fi\/rovaniemisantaclaus\/ajankohtaista\/\"]}]},{\"@type\":\"BreadcrumbList\",\"@id\":\"https:\/\/rotary.fi\/rovaniemisantaclaus\/ajankohtaista\/#breadcrumb\",\"itemListElement\":[{\"@type\":\"ListItem\",\"position\":1,\"name\":\"Home\",\"item\":\"https:\/\/rotary.fi\/rovaniemisantaclaus\/\"},{\"@type\":\"ListItem\",\"position\":2,\"name\":\"Ajankohtaista\"}]},{\"@type\":\"WebSite\",\"@id\":\"https:\/\/rotary.fi\/rovaniemisantaclaus\/#website\",\"url\":\"https:\/\/rotary.fi\/rovaniemisantaclaus\/\",\"name\":\"Rovaniemi Santa Claus Rotaryklubi\",\"description\":\"Uusi Rotary klubisivusto\",\"potentialAction\":[{\"@type\":\"SearchAction\",\"target\":{\"@type\":\"EntryPoint\",\"urlTemplate\":\"https:\/\/rotary.fi\/rovaniemisantaclaus\/?s={search_term_string}\"},\"query-input\":{\"@type\":\"PropertyValueSpecification\",\"valueRequired\":true,\"valueName\":\"search_term_string\"}}],\"inLanguage\":\"fi\"}]}<\/script>\n<!-- \/ Yoast SEO plugin. -->","yoast_head_json":{"title":"Ajankohtaista - Rovaniemi Santa Claus Rotaryklubi","robots":{"index":"index","follow":"follow","max-snippet":"max-snippet:-1","max-image-preview":"max-image-preview:large","max-video-preview":"max-video-preview:-1"},"canonical":"https:\/\/rotary.fi\/rovaniemisantaclaus\/ajankohtaista\/","og_locale":"fi_FI","og_type":"article","og_title":"Ajankohtaista - Rovaniemi Santa Claus Rotaryklubi","og_description":"[et_pb_section bb_built=&#8221;1&#8243; _builder_version=&#8221;3.4.1&#8243; background_image=&#8221;https:\/\/rotary.fi\/wp-content\/uploads\/2018\/02\/paakuva-sisasivu1.jpg&#8221; next_background_color=&#8221;#ffffff&#8221; module_class=&#8221;jumbotron-page&#8221;][et_pb_row][et_pb_column type=&#8221;4_4&#8243;][et_pb_text admin_label=&#8221;P\u00e4\u00e4otsikko&#8221; _builder_version=&#8221;3.4.1&#8243; text_orientation=&#8221;center&#8221; background_layout=&#8221;dark&#8221;] Ajankohtaista [\/et_pb_text][\/et_pb_column][\/et_pb_row][\/et_pb_section][et_pb_section bb_built=&#8221;1&#8243; specialty=&#8221;on&#8221; prev_background_color=&#8221;#000000&#8243; _builder_version=&#8221;3.4.1&#8243; module_class_2=&#8221;sivupalkki&#8221; locked=&#8221;on&#8221;][et_pb_column type=&#8221;2_3&#8243; specialty_columns=&#8221;2&#8243;][et_pb_row_inner admin_label=&#8221;Rivi&#8221; locked=&#8221;on&#8221; parent_locked=&#8221;on&#8221;][et_pb_column_inner type=&#8221;4_4&#8243; saved_specialty_column_type=&#8221;2_3&#8243;][et_pb_text admin_label=&#8221;Otsikko&#8221; _builder_version=&#8221;3.4.1&#8243; text_orientation=&#8221;center&#8221; parent_locked=&#8221;on&#8221;] Ajankohtaista [\/et_pb_text][et_pb_code admin_label=&#8221;Ajankohtaisten listaus&#8221; _builder_version=&#8221;3.17.6&#8243; module_class=&#8221;kaikki_ajankohtaiset&#8221; parent_locked=&#8221;on&#8221;][\/et_pb_code][\/et_pb_column_inner][\/et_pb_row_inner][\/et_pb_column][et_pb_column type=&#8221;1_3&#8243;][et_pb_sidebar _builder_version=&#8221;3.4.1&#8243; area=&#8221;sidebar-1&#8243; module_class=&#8221;sivupalkki_sisalto&#8221; parent_locked=&#8221;on&#8221; \/][\/et_pb_column][\/et_pb_section]","og_url":"https:\/\/rotary.fi\/rovaniemisantaclaus\/ajankohtaista\/","og_site_name":"Rovaniemi Santa Claus Rotaryklubi","article_modified_time":"2018-11-27T08:46:12+00:00","twitter_card":"summary_large_image","twitter_misc":{"Arvioitu lukuaika":"1 minuutti"},"schema":{"@context":"https:\/\/schema.org","@graph":[{"@type":"WebPage","@id":"https:\/\/rotary.fi\/rovaniemisantaclaus\/ajankohtaista\/","url":"https:\/\/rotary.fi\/rovaniemisantaclaus\/ajankohtaista\/","name":"Ajankohtaista - Rovaniemi Santa Claus Rotaryklubi","isPartOf":{"@id":"https:\/\/rotary.fi\/rovaniemisantaclaus\/#website"},"datePublished":"2018-08-09T12:14:30+00:00","dateModified":"2018-11-27T08:46:12+00:00","breadcrumb":{"@id":"https:\/\/rotary.fi\/rovaniemisantaclaus\/ajankohtaista\/#breadcrumb"},"inLanguage":"fi","potentialAction":[{"@type":"ReadAction","target":["https:\/\/rotary.fi\/rovaniemisantaclaus\/ajankohtaista\/"]}]},{"@type":"BreadcrumbList","@id":"https:\/\/rotary.fi\/rovaniemisantaclaus\/ajankohtaista\/#breadcrumb","itemListElement":[{"@type":"ListItem","position":1,"name":"Home","item":"https:\/\/rotary.fi\/rovaniemisantaclaus\/"},{"@type":"ListItem","position":2,"name":"Ajankohtaista"}]},{"@type":"WebSite","@id":"https:\/\/rotary.fi\/rovaniemisantaclaus\/#website","url":"https:\/\/rotary.fi\/rovaniemisantaclaus\/","name":"Rovaniemi Santa Claus Rotaryklubi","description":"Uusi Rotary klubisivusto","potentialAction":[{"@type":"SearchAction","target":{"@type":"EntryPoint","urlTemplate":"https:\/\/rotary.fi\/rovaniemisantaclaus\/?s={search_term_string}"},"query-input":{"@type":"PropertyValueSpecification","valueRequired":true,"valueName":"search_term_string"}}],"inLanguage":"fi"}]}},"lang":"fi","translations":{"fi":94,"en":1492},"pll_sync_post":[],"_links":{"self":[{"href":"https:\/\/rotary.fi\/rovaniemisantaclaus\/wp-json\/wp\/v2\/pages\/94","targetHints":{"allow":["GET"]}}],"collection":[{"href":"https:\/\/rotary.fi\/rovaniemisantaclaus\/wp-json\/wp\/v2\/pages"}],"about":[{"href":"https:\/\/rotary.fi\/rovaniemisantaclaus\/wp-json\/wp\/v2\/types\/page"}],"author":[{"embeddable":true,"href":"https:\/\/rotary.fi\/rovaniemisantaclaus\/wp-json\/wp\/v2\/users\/1"}],"replies":[{"embeddable":true,"href":"https:\/\/rotary.fi\/rovaniemisantaclaus\/wp-json\/wp\/v2\/comments?post=94"}],"version-history":[{"count":7,"href":"https:\/\/rotary.fi\/rovaniemisantaclaus\/wp-json\/wp\/v2\/pages\/94\/revisions"}],"predecessor-version":[{"id":1765,"href":"https:\/\/rotary.fi\/rovaniemisantaclaus\/wp-json\/wp\/v2\/pages\/94\/revisions\/1765"}],"wp:attachment":[{"href":"https:\/\/rotary.fi\/rovaniemisantaclaus\/wp-json\/wp\/v2\/media?parent=94"}],"curies":[{"name":"wp","href":"https:\/\/api.w.org\/{rel}","templated":true}]}}