{"id":2431,"date":"2023-04-19T22:29:02","date_gmt":"2023-04-19T19:29:02","guid":{"rendered":"https:\/\/rotary.fi\/rovaniemisantaclaus\/?page_id=2431"},"modified":"2024-02-13T16:14:59","modified_gmt":"2024-02-13T14:14:59","slug":"rovaniemen-rotaryklubien-puistometsa","status":"publish","type":"page","link":"https:\/\/rotary.fi\/rovaniemisantaclaus\/mita-teemme\/rovaniemen-rotaryklubien-puistometsa\/","title":{"rendered":"Rovaniemen Rotaryklubien puistomets\u00e4"},"content":{"rendered":"<p>[et_pb_section fb_built=&#8221;1&#8243; module_class=&#8221;jumbotron-page&#8221; _builder_version=&#8221;4.20.4&#8243; background_image=&#8221;https:\/\/rotary.fi\/rovaniemisantaclaus\/wp-content\/uploads\/sites\/96\/2018\/10\/rotary_klubit_etusivu_paakuva_17.jpg&#8221; global_colors_info=&#8221;{}&#8221;][et_pb_row _builder_version=&#8221;4.16&#8243; background_size=&#8221;initial&#8221; background_position=&#8221;top_left&#8221; background_repeat=&#8221;repeat&#8221; global_colors_info=&#8221;{}&#8221;][et_pb_column type=&#8221;4_4&#8243; _builder_version=&#8221;4.16&#8243; custom_padding=&#8221;|||&#8221; global_colors_info=&#8221;{}&#8221; custom_padding__hover=&#8221;|||&#8221;][et_pb_text admin_label=&#8221;P\u00e4\u00e4otsikko&#8221; _builder_version=&#8221;4.20.4&#8243; text_orientation=&#8221;center&#8221; background_layout=&#8221;dark&#8221; global_colors_info=&#8221;{}&#8221;]<\/p>\n<h1>Rovaniemen Rotaryklubien puistomets\u00e4<\/h1>\n<p>[\/et_pb_text][\/et_pb_column][\/et_pb_row][\/et_pb_section][et_pb_section fb_built=&#8221;1&#8243; specialty=&#8221;on&#8221; module_class_2=&#8221;sivupalkki&#8221; _builder_version=&#8221;4.16&#8243; global_colors_info=&#8221;{}&#8221;][et_pb_column type=&#8221;2_3&#8243; specialty_columns=&#8221;2&#8243; _builder_version=&#8221;4.16&#8243; custom_padding=&#8221;|||&#8221; global_colors_info=&#8221;{}&#8221; custom_padding__hover=&#8221;|||&#8221;][et_pb_row_inner admin_label=&#8221;Rivi&#8221; _builder_version=&#8221;4.16&#8243; global_colors_info=&#8221;{}&#8221;][et_pb_column_inner saved_specialty_column_type=&#8221;2_3&#8243; _builder_version=&#8221;4.16&#8243; custom_padding=&#8221;|||&#8221; global_colors_info=&#8221;{}&#8221; custom_padding__hover=&#8221;|||&#8221;][et_pb_text admin_label=&#8221;Projektit &#8211; Otsikko&#8221; _builder_version=&#8221;4.16&#8243; text_orientation=&#8221;center&#8221; global_colors_info=&#8221;{}&#8221;]<\/p>\n<h1>Puistomets\u00e4<\/h1>\n<p>[\/et_pb_text][et_pb_text _builder_version=&#8221;4.20.4&#8243; global_colors_info=&#8221;{}&#8221;]<\/p>\n<p><strong>Puistomets\u00e4<\/strong><\/p>\n<p>Rovaniemen Rotaryklubit tekiv\u00e4t Rotarypuiston Arktikumin pohjoispuolelle. Puiston puita myym\u00e4ll\u00e4 ja puistoa hoitamalla on hankittu varoja Rotarys\u00e4\u00e4ti\u00f6lle ja sit\u00e4 kautta my\u00f6s paikallisiin projekteihin.<\/p>\n<p><strong>Osta puu!<br \/><\/strong>Rotarypuistosta on mahdollista ostaa puu. Puita ovat ostaneet sek\u00e4 yksityiset henkil\u00f6t ett\u00e4 yhteis\u00f6t, isovanhemmat lapsenlapsilleen, yst\u00e4vykset edesmenneiden muistolle&#8230; lahjaidea vailla vertaa! L\u00e4het\u00e4 s\u00e4hk\u00f6postia os. <a href=\"mailto:rc.rovaniemi.puistometsa@rotaryd1385.org\">rc.rovaniemi.puistometsa@rotaryd1385.org<\/a> ja kerro, haluatko lunastaa kuusen vai m\u00e4nnyn ja kenelle haluat puun nimet\u00e4. Puun hinta on 100 euroa jonka maksamiseen saat ohjeet s\u00e4hk\u00f6postitse ja puun maksettuasi toimitamme sinulle sertifikaatin, josta l\u00f6yd\u00e4t puun sijainnin ja voit oheisen kartan avulla l\u00f6yt\u00e4\u00e4 puun my\u00f6s Rotarypuistosta. Kartta: <a href=\"https:\/\/urly.fi\/37Bi\">https:\/\/urly.fi\/37Bi<\/a> \u00a0<\/p>\n<p><strong><\/strong><\/p>\n<p><img loading=\"lazy\" decoding=\"async\" src=\"https:\/\/rotary.fi\/rovaniemisantaclaus\/wp-content\/uploads\/sites\/96\/2023\/04\/puistometsan-kartta-293x300.jpg\" width=\"293\" height=\"300\" alt=\"\" class=\"wp-image-2445 alignnone size-medium\" \/><\/p>\n<p>Puiston sijainti: <a href=\"https:\/\/goo.gl\/maps\/JyqHXTT5McMysEab9\">https:\/\/goo<\/a><a href=\"https:\/\/goo.gl\/maps\/JyqHXTT5McMysEab9\">.gl\/maps\/JyqHXTT5McMysEab9<\/a><\/p>\n<p><strong>Revontulilaavu<\/strong><br \/>Rotarypuiston yhteyteen rakennettiin elokuussa 2021 Revontulilaavu, &#8221;kaupungin paras ja hienoin&#8221;, kuten tavoite kuului. Kes\u00e4kuussa 2022 laavu paloi.<\/p>\n<p>Kev\u00e4\u00e4ll\u00e4 2023 kaadettiin uuden laavun hirret ja elokuussa 2023 rovaniemel\u00e4iset rotaryklubit talkoilivat yhdess\u00e4 rovaniemel\u00e4isten kanssa samalle paikalle uuden laavun &#8211; jos mahdollista, entist\u00e4kin hienomman.<\/p>\n<p>[\/et_pb_text][\/et_pb_column_inner][\/et_pb_row_inner][\/et_pb_column][et_pb_column type=&#8221;1_3&#8243; _builder_version=&#8221;4.16&#8243; custom_padding=&#8221;|||&#8221; global_colors_info=&#8221;{}&#8221; custom_padding__hover=&#8221;|||&#8221;][et_pb_sidebar area=&#8221;sidebar-1&#8243; module_class=&#8221;sivupalkki_sisalto&#8221; _builder_version=&#8221;4.16&#8243; locked=&#8221;on&#8221; global_colors_info=&#8221;{}&#8221;]<br \/>\n[\/et_pb_sidebar][\/et_pb_column][\/et_pb_section]<\/p>\n","protected":false},"excerpt":{"rendered":"<p>Rovaniemen Rotaryklubien puistomets\u00e4Puistomets\u00e4Puistomets\u00e4 Rovaniemen Rotaryklubit tekiv\u00e4t Rotarypuiston Arktikumin pohjoispuolelle. Puiston puita myym\u00e4ll\u00e4 ja puistoa hoitamalla on hankittu varoja Rotarys\u00e4\u00e4ti\u00f6lle ja sit\u00e4 kautta my\u00f6s paikallisiin projekteihin. Osta puu!Rotarypuistosta on mahdollista ostaa puu. Puita ovat ostaneet sek\u00e4 yksityiset henkil\u00f6t ett\u00e4 yhteis\u00f6t, isovanhemmat lapsenlapsilleen, yst\u00e4vykset edesmenneiden muistolle&#8230; lahjaidea vailla vertaa! L\u00e4het\u00e4 s\u00e4hk\u00f6postia os. rc.rovaniemi.puistometsa@rotaryd1385.org ja kerro, haluatko lunastaa [&hellip;]<\/p>\n","protected":false},"author":122,"featured_media":0,"parent":77,"menu_order":0,"comment_status":"closed","ping_status":"closed","template":"","meta":{"_acf_changed":false,"_et_pb_use_builder":"on","_et_pb_old_content":"","_et_gb_content_width":"","footnotes":""},"class_list":["post-2431","page","type-page","status-publish","hentry"],"acf":[],"yoast_head":"<!-- This site is optimized with the Yoast SEO plugin v27.0 - https:\/\/yoast.com\/product\/yoast-seo-wordpress\/ -->\n<title>Rovaniemen Rotaryklubien puistomets\u00e4 - Rovaniemi Santa Claus Rotaryklubi<\/title>\n<meta name=\"robots\" content=\"index, follow, max-snippet:-1, max-image-preview:large, max-video-preview:-1\" \/>\n<link rel=\"canonical\" href=\"https:\/\/rotary.fi\/rovaniemisantaclaus\/mita-teemme\/rovaniemen-rotaryklubien-puistometsa\/\" \/>\n<meta property=\"og:locale\" content=\"fi_FI\" \/>\n<meta property=\"og:type\" content=\"article\" \/>\n<meta property=\"og:title\" content=\"Rovaniemen Rotaryklubien puistomets\u00e4 - Rovaniemi Santa Claus Rotaryklubi\" \/>\n<meta property=\"og:description\" content=\"Rovaniemen Rotaryklubien puistomets\u00e4Puistomets\u00e4Puistomets\u00e4 Rovaniemen Rotaryklubit tekiv\u00e4t Rotarypuiston Arktikumin pohjoispuolelle. Puiston puita myym\u00e4ll\u00e4 ja puistoa hoitamalla on hankittu varoja Rotarys\u00e4\u00e4ti\u00f6lle ja sit\u00e4 kautta my\u00f6s paikallisiin projekteihin. Osta puu!Rotarypuistosta on mahdollista ostaa puu. Puita ovat ostaneet sek\u00e4 yksityiset henkil\u00f6t ett\u00e4 yhteis\u00f6t, isovanhemmat lapsenlapsilleen, yst\u00e4vykset edesmenneiden muistolle... lahjaidea vailla vertaa! L\u00e4het\u00e4 s\u00e4hk\u00f6postia os. rc.rovaniemi.puistometsa@rotaryd1385.org ja kerro, haluatko lunastaa [&hellip;]\" \/>\n<meta property=\"og:url\" content=\"https:\/\/rotary.fi\/rovaniemisantaclaus\/mita-teemme\/rovaniemen-rotaryklubien-puistometsa\/\" \/>\n<meta property=\"og:site_name\" content=\"Rovaniemi Santa Claus Rotaryklubi\" \/>\n<meta property=\"article:modified_time\" content=\"2024-02-13T14:14:59+00:00\" \/>\n<meta property=\"og:image\" content=\"https:\/\/rotary.fi\/rovaniemisantaclaus\/wp-content\/uploads\/sites\/96\/2023\/04\/puistometsan-kartta-293x300.jpg\" \/>\n<meta name=\"twitter:card\" content=\"summary_large_image\" \/>\n<meta name=\"twitter:label1\" content=\"Arvioitu lukuaika\" \/>\n\t<meta name=\"twitter:data1\" content=\"2 minuuttia\" \/>\n<script type=\"application\/ld+json\" class=\"yoast-schema-graph\">{\"@context\":\"https:\/\/schema.org\",\"@graph\":[{\"@type\":\"WebPage\",\"@id\":\"https:\/\/rotary.fi\/rovaniemisantaclaus\/mita-teemme\/rovaniemen-rotaryklubien-puistometsa\/\",\"url\":\"https:\/\/rotary.fi\/rovaniemisantaclaus\/mita-teemme\/rovaniemen-rotaryklubien-puistometsa\/\",\"name\":\"Rovaniemen Rotaryklubien puistomets\u00e4 - Rovaniemi Santa Claus Rotaryklubi\",\"isPartOf\":{\"@id\":\"https:\/\/rotary.fi\/rovaniemisantaclaus\/#website\"},\"primaryImageOfPage\":{\"@id\":\"https:\/\/rotary.fi\/rovaniemisantaclaus\/mita-teemme\/rovaniemen-rotaryklubien-puistometsa\/#primaryimage\"},\"image\":{\"@id\":\"https:\/\/rotary.fi\/rovaniemisantaclaus\/mita-teemme\/rovaniemen-rotaryklubien-puistometsa\/#primaryimage\"},\"thumbnailUrl\":\"https:\/\/rotary.fi\/rovaniemisantaclaus\/wp-content\/uploads\/sites\/96\/2023\/04\/puistometsan-kartta-293x300.jpg\",\"datePublished\":\"2023-04-19T19:29:02+00:00\",\"dateModified\":\"2024-02-13T14:14:59+00:00\",\"breadcrumb\":{\"@id\":\"https:\/\/rotary.fi\/rovaniemisantaclaus\/mita-teemme\/rovaniemen-rotaryklubien-puistometsa\/#breadcrumb\"},\"inLanguage\":\"fi\",\"potentialAction\":[{\"@type\":\"ReadAction\",\"target\":[\"https:\/\/rotary.fi\/rovaniemisantaclaus\/mita-teemme\/rovaniemen-rotaryklubien-puistometsa\/\"]}]},{\"@type\":\"ImageObject\",\"inLanguage\":\"fi\",\"@id\":\"https:\/\/rotary.fi\/rovaniemisantaclaus\/mita-teemme\/rovaniemen-rotaryklubien-puistometsa\/#primaryimage\",\"url\":\"https:\/\/rotary.fi\/rovaniemisantaclaus\/wp-content\/uploads\/sites\/96\/2023\/04\/puistometsan-kartta.jpg\",\"contentUrl\":\"https:\/\/rotary.fi\/rovaniemisantaclaus\/wp-content\/uploads\/sites\/96\/2023\/04\/puistometsan-kartta.jpg\",\"width\":709,\"height\":727},{\"@type\":\"BreadcrumbList\",\"@id\":\"https:\/\/rotary.fi\/rovaniemisantaclaus\/mita-teemme\/rovaniemen-rotaryklubien-puistometsa\/#breadcrumb\",\"itemListElement\":[{\"@type\":\"ListItem\",\"position\":1,\"name\":\"Home\",\"item\":\"https:\/\/rotary.fi\/rovaniemisantaclaus\/\"},{\"@type\":\"ListItem\",\"position\":2,\"name\":\"Mit\u00e4 teemme\",\"item\":\"https:\/\/rotary.fi\/rovaniemisantaclaus\/mita-teemme\/\"},{\"@type\":\"ListItem\",\"position\":3,\"name\":\"Rovaniemen Rotaryklubien puistomets\u00e4\"}]},{\"@type\":\"WebSite\",\"@id\":\"https:\/\/rotary.fi\/rovaniemisantaclaus\/#website\",\"url\":\"https:\/\/rotary.fi\/rovaniemisantaclaus\/\",\"name\":\"Rovaniemi Santa Claus Rotaryklubi\",\"description\":\"Uusi Rotary klubisivusto\",\"potentialAction\":[{\"@type\":\"SearchAction\",\"target\":{\"@type\":\"EntryPoint\",\"urlTemplate\":\"https:\/\/rotary.fi\/rovaniemisantaclaus\/?s={search_term_string}\"},\"query-input\":{\"@type\":\"PropertyValueSpecification\",\"valueRequired\":true,\"valueName\":\"search_term_string\"}}],\"inLanguage\":\"fi\"}]}<\/script>\n<!-- \/ Yoast SEO plugin. -->","yoast_head_json":{"title":"Rovaniemen Rotaryklubien puistomets\u00e4 - Rovaniemi Santa Claus Rotaryklubi","robots":{"index":"index","follow":"follow","max-snippet":"max-snippet:-1","max-image-preview":"max-image-preview:large","max-video-preview":"max-video-preview:-1"},"canonical":"https:\/\/rotary.fi\/rovaniemisantaclaus\/mita-teemme\/rovaniemen-rotaryklubien-puistometsa\/","og_locale":"fi_FI","og_type":"article","og_title":"Rovaniemen Rotaryklubien puistomets\u00e4 - Rovaniemi Santa Claus Rotaryklubi","og_description":"Rovaniemen Rotaryklubien puistomets\u00e4Puistomets\u00e4Puistomets\u00e4 Rovaniemen Rotaryklubit tekiv\u00e4t Rotarypuiston Arktikumin pohjoispuolelle. Puiston puita myym\u00e4ll\u00e4 ja puistoa hoitamalla on hankittu varoja Rotarys\u00e4\u00e4ti\u00f6lle ja sit\u00e4 kautta my\u00f6s paikallisiin projekteihin. Osta puu!Rotarypuistosta on mahdollista ostaa puu. Puita ovat ostaneet sek\u00e4 yksityiset henkil\u00f6t ett\u00e4 yhteis\u00f6t, isovanhemmat lapsenlapsilleen, yst\u00e4vykset edesmenneiden muistolle... lahjaidea vailla vertaa! L\u00e4het\u00e4 s\u00e4hk\u00f6postia os. rc.rovaniemi.puistometsa@rotaryd1385.org ja kerro, haluatko lunastaa [&hellip;]","og_url":"https:\/\/rotary.fi\/rovaniemisantaclaus\/mita-teemme\/rovaniemen-rotaryklubien-puistometsa\/","og_site_name":"Rovaniemi Santa Claus Rotaryklubi","article_modified_time":"2024-02-13T14:14:59+00:00","og_image":[{"url":"https:\/\/rotary.fi\/rovaniemisantaclaus\/wp-content\/uploads\/sites\/96\/2023\/04\/puistometsan-kartta-293x300.jpg","type":"","width":"","height":""}],"twitter_card":"summary_large_image","twitter_misc":{"Arvioitu lukuaika":"2 minuuttia"},"schema":{"@context":"https:\/\/schema.org","@graph":[{"@type":"WebPage","@id":"https:\/\/rotary.fi\/rovaniemisantaclaus\/mita-teemme\/rovaniemen-rotaryklubien-puistometsa\/","url":"https:\/\/rotary.fi\/rovaniemisantaclaus\/mita-teemme\/rovaniemen-rotaryklubien-puistometsa\/","name":"Rovaniemen Rotaryklubien puistomets\u00e4 - Rovaniemi Santa Claus Rotaryklubi","isPartOf":{"@id":"https:\/\/rotary.fi\/rovaniemisantaclaus\/#website"},"primaryImageOfPage":{"@id":"https:\/\/rotary.fi\/rovaniemisantaclaus\/mita-teemme\/rovaniemen-rotaryklubien-puistometsa\/#primaryimage"},"image":{"@id":"https:\/\/rotary.fi\/rovaniemisantaclaus\/mita-teemme\/rovaniemen-rotaryklubien-puistometsa\/#primaryimage"},"thumbnailUrl":"https:\/\/rotary.fi\/rovaniemisantaclaus\/wp-content\/uploads\/sites\/96\/2023\/04\/puistometsan-kartta-293x300.jpg","datePublished":"2023-04-19T19:29:02+00:00","dateModified":"2024-02-13T14:14:59+00:00","breadcrumb":{"@id":"https:\/\/rotary.fi\/rovaniemisantaclaus\/mita-teemme\/rovaniemen-rotaryklubien-puistometsa\/#breadcrumb"},"inLanguage":"fi","potentialAction":[{"@type":"ReadAction","target":["https:\/\/rotary.fi\/rovaniemisantaclaus\/mita-teemme\/rovaniemen-rotaryklubien-puistometsa\/"]}]},{"@type":"ImageObject","inLanguage":"fi","@id":"https:\/\/rotary.fi\/rovaniemisantaclaus\/mita-teemme\/rovaniemen-rotaryklubien-puistometsa\/#primaryimage","url":"https:\/\/rotary.fi\/rovaniemisantaclaus\/wp-content\/uploads\/sites\/96\/2023\/04\/puistometsan-kartta.jpg","contentUrl":"https:\/\/rotary.fi\/rovaniemisantaclaus\/wp-content\/uploads\/sites\/96\/2023\/04\/puistometsan-kartta.jpg","width":709,"height":727},{"@type":"BreadcrumbList","@id":"https:\/\/rotary.fi\/rovaniemisantaclaus\/mita-teemme\/rovaniemen-rotaryklubien-puistometsa\/#breadcrumb","itemListElement":[{"@type":"ListItem","position":1,"name":"Home","item":"https:\/\/rotary.fi\/rovaniemisantaclaus\/"},{"@type":"ListItem","position":2,"name":"Mit\u00e4 teemme","item":"https:\/\/rotary.fi\/rovaniemisantaclaus\/mita-teemme\/"},{"@type":"ListItem","position":3,"name":"Rovaniemen Rotaryklubien puistomets\u00e4"}]},{"@type":"WebSite","@id":"https:\/\/rotary.fi\/rovaniemisantaclaus\/#website","url":"https:\/\/rotary.fi\/rovaniemisantaclaus\/","name":"Rovaniemi Santa Claus Rotaryklubi","description":"Uusi Rotary klubisivusto","potentialAction":[{"@type":"SearchAction","target":{"@type":"EntryPoint","urlTemplate":"https:\/\/rotary.fi\/rovaniemisantaclaus\/?s={search_term_string}"},"query-input":{"@type":"PropertyValueSpecification","valueRequired":true,"valueName":"search_term_string"}}],"inLanguage":"fi"}]}},"lang":"fi","translations":{"fi":2431},"pll_sync_post":[],"_links":{"self":[{"href":"https:\/\/rotary.fi\/rovaniemisantaclaus\/wp-json\/wp\/v2\/pages\/2431","targetHints":{"allow":["GET"]}}],"collection":[{"href":"https:\/\/rotary.fi\/rovaniemisantaclaus\/wp-json\/wp\/v2\/pages"}],"about":[{"href":"https:\/\/rotary.fi\/rovaniemisantaclaus\/wp-json\/wp\/v2\/types\/page"}],"author":[{"embeddable":true,"href":"https:\/\/rotary.fi\/rovaniemisantaclaus\/wp-json\/wp\/v2\/users\/122"}],"replies":[{"embeddable":true,"href":"https:\/\/rotary.fi\/rovaniemisantaclaus\/wp-json\/wp\/v2\/comments?post=2431"}],"version-history":[{"count":9,"href":"https:\/\/rotary.fi\/rovaniemisantaclaus\/wp-json\/wp\/v2\/pages\/2431\/revisions"}],"predecessor-version":[{"id":2655,"href":"https:\/\/rotary.fi\/rovaniemisantaclaus\/wp-json\/wp\/v2\/pages\/2431\/revisions\/2655"}],"up":[{"embeddable":true,"href":"https:\/\/rotary.fi\/rovaniemisantaclaus\/wp-json\/wp\/v2\/pages\/77"}],"wp:attachment":[{"href":"https:\/\/rotary.fi\/rovaniemisantaclaus\/wp-json\/wp\/v2\/media?parent=2431"}],"curies":[{"name":"wp","href":"https:\/\/api.w.org\/{rel}","templated":true}]}}