{"id":1658,"date":"2019-06-27T10:32:18","date_gmt":"2019-06-27T07:32:18","guid":{"rendered":"https:\/\/rotary.fi\/rovaniemisantaclaus\/?page_id=1658"},"modified":"2025-08-15T22:02:25","modified_gmt":"2025-08-15T19:02:25","slug":"viikko-ohjelma","status":"publish","type":"page","link":"https:\/\/rotary.fi\/rovaniemisantaclaus\/mita-teemme\/viikko-ohjelma\/","title":{"rendered":"Viikko-ohjelma"},"content":{"rendered":"<p>[et_pb_section fb_built=&#8221;1&#8243; module_class=&#8221;jumbotron-page&#8221; _builder_version=&#8221;4.16&#8243; background_image=&#8221;https:\/\/rotary.fi\/rovaniemisantaclaus\/wp-content\/uploads\/sites\/96\/2021\/08\/20210815-201957-pieni.jpg&#8221; global_colors_info=&#8221;{}&#8221;][et_pb_row _builder_version=&#8221;4.16&#8243; background_size=&#8221;initial&#8221; background_position=&#8221;top_left&#8221; background_repeat=&#8221;repeat&#8221; global_colors_info=&#8221;{}&#8221;][et_pb_column type=&#8221;4_4&#8243; _builder_version=&#8221;4.16&#8243; custom_padding=&#8221;|||&#8221; global_colors_info=&#8221;{}&#8221; custom_padding__hover=&#8221;|||&#8221;][et_pb_text admin_label=&#8221;P\u00e4\u00e4otsikko&#8221; _builder_version=&#8221;4.16&#8243; text_orientation=&#8221;center&#8221; background_layout=&#8221;dark&#8221; z_index_tablet=&#8221;500&#8243; text_text_shadow_horizontal_length_tablet=&#8221;0px&#8221; text_text_shadow_vertical_length_tablet=&#8221;0px&#8221; text_text_shadow_blur_strength_tablet=&#8221;1px&#8221; link_text_shadow_horizontal_length_tablet=&#8221;0px&#8221; link_text_shadow_vertical_length_tablet=&#8221;0px&#8221; link_text_shadow_blur_strength_tablet=&#8221;1px&#8221; ul_text_shadow_horizontal_length_tablet=&#8221;0px&#8221; ul_text_shadow_vertical_length_tablet=&#8221;0px&#8221; ul_text_shadow_blur_strength_tablet=&#8221;1px&#8221; ol_text_shadow_horizontal_length_tablet=&#8221;0px&#8221; ol_text_shadow_vertical_length_tablet=&#8221;0px&#8221; ol_text_shadow_blur_strength_tablet=&#8221;1px&#8221; quote_text_shadow_horizontal_length_tablet=&#8221;0px&#8221; quote_text_shadow_vertical_length_tablet=&#8221;0px&#8221; quote_text_shadow_blur_strength_tablet=&#8221;1px&#8221; header_text_shadow_horizontal_length_tablet=&#8221;0px&#8221; header_text_shadow_vertical_length_tablet=&#8221;0px&#8221; header_text_shadow_blur_strength_tablet=&#8221;1px&#8221; header_2_text_shadow_horizontal_length_tablet=&#8221;0px&#8221; header_2_text_shadow_vertical_length_tablet=&#8221;0px&#8221; header_2_text_shadow_blur_strength_tablet=&#8221;1px&#8221; header_3_text_shadow_horizontal_length_tablet=&#8221;0px&#8221; header_3_text_shadow_vertical_length_tablet=&#8221;0px&#8221; header_3_text_shadow_blur_strength_tablet=&#8221;1px&#8221; header_4_text_shadow_horizontal_length_tablet=&#8221;0px&#8221; header_4_text_shadow_vertical_length_tablet=&#8221;0px&#8221; header_4_text_shadow_blur_strength_tablet=&#8221;1px&#8221; header_5_text_shadow_horizontal_length_tablet=&#8221;0px&#8221; header_5_text_shadow_vertical_length_tablet=&#8221;0px&#8221; header_5_text_shadow_blur_strength_tablet=&#8221;1px&#8221; header_6_text_shadow_horizontal_length_tablet=&#8221;0px&#8221; header_6_text_shadow_vertical_length_tablet=&#8221;0px&#8221; header_6_text_shadow_blur_strength_tablet=&#8221;1px&#8221; box_shadow_horizontal_tablet=&#8221;0px&#8221; box_shadow_vertical_tablet=&#8221;0px&#8221; box_shadow_blur_tablet=&#8221;40px&#8221; box_shadow_spread_tablet=&#8221;0px&#8221; global_colors_info=&#8221;{}&#8221;]<\/p>\n<h1>Viikko-ohjelma<\/h1>\n<p>[\/et_pb_text][\/et_pb_column][\/et_pb_row][\/et_pb_section][et_pb_section fb_built=&#8221;1&#8243; specialty=&#8221;on&#8221; module_class_2=&#8221;sivupalkki&#8221; _builder_version=&#8221;4.16&#8243; global_colors_info=&#8221;{}&#8221;][et_pb_column type=&#8221;2_3&#8243; specialty_columns=&#8221;2&#8243; _builder_version=&#8221;4.16&#8243; custom_padding=&#8221;|||&#8221; global_colors_info=&#8221;{}&#8221; custom_padding__hover=&#8221;|||&#8221;][et_pb_row_inner admin_label=&#8221;Rivi&#8221; _builder_version=&#8221;4.16&#8243; global_colors_info=&#8221;{}&#8221;][et_pb_column_inner saved_specialty_column_type=&#8221;2_3&#8243; _builder_version=&#8221;4.16&#8243; custom_padding=&#8221;|||&#8221; global_colors_info=&#8221;{}&#8221; custom_padding__hover=&#8221;|||&#8221;][et_pb_text admin_label=&#8221;Viikko-ohjelma &#8211; Otsikko&#8221; _builder_version=&#8221;4.16&#8243; text_orientation=&#8221;center&#8221; z_index_tablet=&#8221;500&#8243; text_text_shadow_horizontal_length_tablet=&#8221;0px&#8221; text_text_shadow_vertical_length_tablet=&#8221;0px&#8221; text_text_shadow_blur_strength_tablet=&#8221;1px&#8221; link_text_shadow_horizontal_length_tablet=&#8221;0px&#8221; link_text_shadow_vertical_length_tablet=&#8221;0px&#8221; link_text_shadow_blur_strength_tablet=&#8221;1px&#8221; ul_text_shadow_horizontal_length_tablet=&#8221;0px&#8221; ul_text_shadow_vertical_length_tablet=&#8221;0px&#8221; ul_text_shadow_blur_strength_tablet=&#8221;1px&#8221; ol_text_shadow_horizontal_length_tablet=&#8221;0px&#8221; ol_text_shadow_vertical_length_tablet=&#8221;0px&#8221; ol_text_shadow_blur_strength_tablet=&#8221;1px&#8221; quote_text_shadow_horizontal_length_tablet=&#8221;0px&#8221; quote_text_shadow_vertical_length_tablet=&#8221;0px&#8221; quote_text_shadow_blur_strength_tablet=&#8221;1px&#8221; header_text_shadow_horizontal_length_tablet=&#8221;0px&#8221; header_text_shadow_vertical_length_tablet=&#8221;0px&#8221; header_text_shadow_blur_strength_tablet=&#8221;1px&#8221; header_2_text_shadow_horizontal_length_tablet=&#8221;0px&#8221; header_2_text_shadow_vertical_length_tablet=&#8221;0px&#8221; header_2_text_shadow_blur_strength_tablet=&#8221;1px&#8221; header_3_text_shadow_horizontal_length_tablet=&#8221;0px&#8221; header_3_text_shadow_vertical_length_tablet=&#8221;0px&#8221; header_3_text_shadow_blur_strength_tablet=&#8221;1px&#8221; header_4_text_shadow_horizontal_length_tablet=&#8221;0px&#8221; header_4_text_shadow_vertical_length_tablet=&#8221;0px&#8221; header_4_text_shadow_blur_strength_tablet=&#8221;1px&#8221; header_5_text_shadow_horizontal_length_tablet=&#8221;0px&#8221; header_5_text_shadow_vertical_length_tablet=&#8221;0px&#8221; header_5_text_shadow_blur_strength_tablet=&#8221;1px&#8221; header_6_text_shadow_horizontal_length_tablet=&#8221;0px&#8221; header_6_text_shadow_vertical_length_tablet=&#8221;0px&#8221; header_6_text_shadow_blur_strength_tablet=&#8221;1px&#8221; box_shadow_horizontal_tablet=&#8221;0px&#8221; box_shadow_vertical_tablet=&#8221;0px&#8221; box_shadow_blur_tablet=&#8221;40px&#8221; box_shadow_spread_tablet=&#8221;0px&#8221; global_colors_info=&#8221;{}&#8221;]<\/p>\n<h1>Viikko-ohjelma<\/h1>\n<p>[\/et_pb_text][et_pb_text _builder_version=&#8221;4.16&#8243; custom_padding=&#8221;||0px|||&#8221; z_index_tablet=&#8221;500&#8243; text_text_shadow_horizontal_length_tablet=&#8221;0px&#8221; text_text_shadow_vertical_length_tablet=&#8221;0px&#8221; text_text_shadow_blur_strength_tablet=&#8221;1px&#8221; link_text_shadow_horizontal_length_tablet=&#8221;0px&#8221; link_text_shadow_vertical_length_tablet=&#8221;0px&#8221; link_text_shadow_blur_strength_tablet=&#8221;1px&#8221; ul_text_shadow_horizontal_length_tablet=&#8221;0px&#8221; ul_text_shadow_vertical_length_tablet=&#8221;0px&#8221; ul_text_shadow_blur_strength_tablet=&#8221;1px&#8221; ol_text_shadow_horizontal_length_tablet=&#8221;0px&#8221; ol_text_shadow_vertical_length_tablet=&#8221;0px&#8221; ol_text_shadow_blur_strength_tablet=&#8221;1px&#8221; quote_text_shadow_horizontal_length_tablet=&#8221;0px&#8221; quote_text_shadow_vertical_length_tablet=&#8221;0px&#8221; quote_text_shadow_blur_strength_tablet=&#8221;1px&#8221; header_text_shadow_horizontal_length_tablet=&#8221;0px&#8221; header_text_shadow_vertical_length_tablet=&#8221;0px&#8221; header_text_shadow_blur_strength_tablet=&#8221;1px&#8221; header_2_text_shadow_horizontal_length_tablet=&#8221;0px&#8221; header_2_text_shadow_vertical_length_tablet=&#8221;0px&#8221; header_2_text_shadow_blur_strength_tablet=&#8221;1px&#8221; header_3_text_shadow_horizontal_length_tablet=&#8221;0px&#8221; header_3_text_shadow_vertical_length_tablet=&#8221;0px&#8221; header_3_text_shadow_blur_strength_tablet=&#8221;1px&#8221; header_4_text_shadow_horizontal_length_tablet=&#8221;0px&#8221; header_4_text_shadow_vertical_length_tablet=&#8221;0px&#8221; header_4_text_shadow_blur_strength_tablet=&#8221;1px&#8221; header_5_text_shadow_horizontal_length_tablet=&#8221;0px&#8221; header_5_text_shadow_vertical_length_tablet=&#8221;0px&#8221; header_5_text_shadow_blur_strength_tablet=&#8221;1px&#8221; header_6_text_shadow_horizontal_length_tablet=&#8221;0px&#8221; header_6_text_shadow_vertical_length_tablet=&#8221;0px&#8221; header_6_text_shadow_blur_strength_tablet=&#8221;1px&#8221; box_shadow_horizontal_tablet=&#8221;0px&#8221; box_shadow_vertical_tablet=&#8221;0px&#8221; box_shadow_blur_tablet=&#8221;40px&#8221; box_shadow_spread_tablet=&#8221;0px&#8221; global_colors_info=&#8221;{}&#8221;]<\/p>\n<p><strong>Rotaryklubit kokoontuvat yleens\u00e4 viikoittain viikkokokoukseen. Kullekin kokousp\u00e4iv\u00e4lle on nimetty j\u00e4senist\u00e4 vastuuhenkil\u00f6, joka klubivirkailijoiden hoitamien varsinaisten kokousasioiden ja -rutiinien j\u00e4lkeen vastaa p\u00e4iv\u00e4n kokouksen ohjelmasta. Yleens\u00e4 klubin j\u00e4senet esitelm\u00f6iv\u00e4t jostakin omaan ammattialaansa liittyv\u00e4st\u00e4 ajankohtaisesta aiheesta tai kutsuvat vaikkapa kollegansa tai yhteisty\u00f6kumppaninsa kertomaan omasta alastaan.<\/strong><\/p>\n<p>Viikko-ohjelma 1.7.2025 alkaneelle rotaryvuodelle 2024-2026 on julkaistu tapahtumakalenterissa, esitelm\u00e4vuorot on lueteltu viikkokokous -tapahtumissa.<\/p>\n<p><strong><\/strong><\/p>\n<p>[\/et_pb_text][et_pb_code _builder_version=&#8221;4.16&#8243; z_index_tablet=&#8221;500&#8243; global_colors_info=&#8221;{}&#8221;][\/et_pb_code][et_pb_text _builder_version=&#8221;4.17.4&#8243; _module_preset=&#8221;default&#8221; global_colors_info=&#8221;{}&#8221;][\/et_pb_text][\/et_pb_column_inner][\/et_pb_row_inner][\/et_pb_column][et_pb_column type=&#8221;1_3&#8243; _builder_version=&#8221;4.16&#8243; custom_padding=&#8221;|||&#8221; global_colors_info=&#8221;{}&#8221; custom_padding__hover=&#8221;|||&#8221;][et_pb_sidebar area=&#8221;sidebar-1&#8243; module_class=&#8221;sivupalkki_sisalto&#8221; _builder_version=&#8221;4.16&#8243; locked=&#8221;on&#8221; global_colors_info=&#8221;{}&#8221;]<br \/>\n[\/et_pb_sidebar][\/et_pb_column][\/et_pb_section]<\/p>\n","protected":false},"excerpt":{"rendered":"<p>Viikko-ohjelma Viikko-ohjelma Rotaryklubit kokoontuvat yleens\u00e4 viikoittain viikkokokoukseen. Kullekin kokousp\u00e4iv\u00e4lle on nimetty j\u00e4senist\u00e4 vastuuhenkil\u00f6, joka klubivirkailijoiden hoitamien varsinaisten kokousasioiden ja -rutiinien j\u00e4lkeen vastaa p\u00e4iv\u00e4n kokouksen ohjelmasta. Yleens\u00e4 klubin j\u00e4senet esitelm\u00f6iv\u00e4t jostakin omaan ammattialaansa liittyv\u00e4st\u00e4 ajankohtaisesta aiheesta tai kutsuvat vaikkapa kollegansa tai yhteisty\u00f6kumppaninsa kertomaan omasta alastaan. Viikko-ohjelma 1.7.2025 alkaneelle rotaryvuodelle 2024-2026 on julkaistu tapahtumakalenterissa, esitelm\u00e4vuorot on lueteltu [&hellip;]<\/p>\n","protected":false},"author":122,"featured_media":0,"parent":77,"menu_order":0,"comment_status":"closed","ping_status":"closed","template":"","meta":{"_acf_changed":false,"_et_pb_use_builder":"on","_et_pb_old_content":"","_et_gb_content_width":"","footnotes":""},"class_list":["post-1658","page","type-page","status-publish","hentry"],"acf":[],"yoast_head":"<!-- This site is optimized with the Yoast SEO plugin v27.0 - https:\/\/yoast.com\/product\/yoast-seo-wordpress\/ -->\n<title>Viikko-ohjelma - Rovaniemi Santa Claus Rotaryklubi<\/title>\n<meta name=\"robots\" content=\"index, follow, max-snippet:-1, max-image-preview:large, max-video-preview:-1\" \/>\n<link rel=\"canonical\" href=\"https:\/\/rotary.fi\/rovaniemisantaclaus\/mita-teemme\/viikko-ohjelma\/\" \/>\n<meta property=\"og:locale\" content=\"fi_FI\" \/>\n<meta property=\"og:type\" content=\"article\" \/>\n<meta property=\"og:title\" content=\"Viikko-ohjelma - Rovaniemi Santa Claus Rotaryklubi\" \/>\n<meta property=\"og:description\" content=\"Viikko-ohjelma Viikko-ohjelma Rotaryklubit kokoontuvat yleens\u00e4 viikoittain viikkokokoukseen. Kullekin kokousp\u00e4iv\u00e4lle on nimetty j\u00e4senist\u00e4 vastuuhenkil\u00f6, joka klubivirkailijoiden hoitamien varsinaisten kokousasioiden ja -rutiinien j\u00e4lkeen vastaa p\u00e4iv\u00e4n kokouksen ohjelmasta. Yleens\u00e4 klubin j\u00e4senet esitelm\u00f6iv\u00e4t jostakin omaan ammattialaansa liittyv\u00e4st\u00e4 ajankohtaisesta aiheesta tai kutsuvat vaikkapa kollegansa tai yhteisty\u00f6kumppaninsa kertomaan omasta alastaan. Viikko-ohjelma 1.7.2025 alkaneelle rotaryvuodelle 2024-2026 on julkaistu tapahtumakalenterissa, esitelm\u00e4vuorot on lueteltu [&hellip;]\" \/>\n<meta property=\"og:url\" content=\"https:\/\/rotary.fi\/rovaniemisantaclaus\/mita-teemme\/viikko-ohjelma\/\" \/>\n<meta property=\"og:site_name\" content=\"Rovaniemi Santa Claus Rotaryklubi\" \/>\n<meta property=\"article:modified_time\" content=\"2025-08-15T19:02:25+00:00\" \/>\n<meta name=\"twitter:card\" content=\"summary_large_image\" \/>\n<meta name=\"twitter:label1\" content=\"Arvioitu lukuaika\" \/>\n\t<meta name=\"twitter:data1\" content=\"5 minuuttia\" \/>\n<script type=\"application\/ld+json\" class=\"yoast-schema-graph\">{\"@context\":\"https:\/\/schema.org\",\"@graph\":[{\"@type\":\"WebPage\",\"@id\":\"https:\/\/rotary.fi\/rovaniemisantaclaus\/mita-teemme\/viikko-ohjelma\/\",\"url\":\"https:\/\/rotary.fi\/rovaniemisantaclaus\/mita-teemme\/viikko-ohjelma\/\",\"name\":\"Viikko-ohjelma - Rovaniemi Santa Claus Rotaryklubi\",\"isPartOf\":{\"@id\":\"https:\/\/rotary.fi\/rovaniemisantaclaus\/#website\"},\"datePublished\":\"2019-06-27T07:32:18+00:00\",\"dateModified\":\"2025-08-15T19:02:25+00:00\",\"breadcrumb\":{\"@id\":\"https:\/\/rotary.fi\/rovaniemisantaclaus\/mita-teemme\/viikko-ohjelma\/#breadcrumb\"},\"inLanguage\":\"fi\",\"potentialAction\":[{\"@type\":\"ReadAction\",\"target\":[\"https:\/\/rotary.fi\/rovaniemisantaclaus\/mita-teemme\/viikko-ohjelma\/\"]}]},{\"@type\":\"BreadcrumbList\",\"@id\":\"https:\/\/rotary.fi\/rovaniemisantaclaus\/mita-teemme\/viikko-ohjelma\/#breadcrumb\",\"itemListElement\":[{\"@type\":\"ListItem\",\"position\":1,\"name\":\"Home\",\"item\":\"https:\/\/rotary.fi\/rovaniemisantaclaus\/\"},{\"@type\":\"ListItem\",\"position\":2,\"name\":\"Mit\u00e4 teemme\",\"item\":\"https:\/\/rotary.fi\/rovaniemisantaclaus\/mita-teemme\/\"},{\"@type\":\"ListItem\",\"position\":3,\"name\":\"Viikko-ohjelma\"}]},{\"@type\":\"WebSite\",\"@id\":\"https:\/\/rotary.fi\/rovaniemisantaclaus\/#website\",\"url\":\"https:\/\/rotary.fi\/rovaniemisantaclaus\/\",\"name\":\"Rovaniemi Santa Claus Rotaryklubi\",\"description\":\"Uusi Rotary klubisivusto\",\"potentialAction\":[{\"@type\":\"SearchAction\",\"target\":{\"@type\":\"EntryPoint\",\"urlTemplate\":\"https:\/\/rotary.fi\/rovaniemisantaclaus\/?s={search_term_string}\"},\"query-input\":{\"@type\":\"PropertyValueSpecification\",\"valueRequired\":true,\"valueName\":\"search_term_string\"}}],\"inLanguage\":\"fi\"}]}<\/script>\n<!-- \/ Yoast SEO plugin. -->","yoast_head_json":{"title":"Viikko-ohjelma - Rovaniemi Santa Claus Rotaryklubi","robots":{"index":"index","follow":"follow","max-snippet":"max-snippet:-1","max-image-preview":"max-image-preview:large","max-video-preview":"max-video-preview:-1"},"canonical":"https:\/\/rotary.fi\/rovaniemisantaclaus\/mita-teemme\/viikko-ohjelma\/","og_locale":"fi_FI","og_type":"article","og_title":"Viikko-ohjelma - Rovaniemi Santa Claus Rotaryklubi","og_description":"Viikko-ohjelma Viikko-ohjelma Rotaryklubit kokoontuvat yleens\u00e4 viikoittain viikkokokoukseen. Kullekin kokousp\u00e4iv\u00e4lle on nimetty j\u00e4senist\u00e4 vastuuhenkil\u00f6, joka klubivirkailijoiden hoitamien varsinaisten kokousasioiden ja -rutiinien j\u00e4lkeen vastaa p\u00e4iv\u00e4n kokouksen ohjelmasta. Yleens\u00e4 klubin j\u00e4senet esitelm\u00f6iv\u00e4t jostakin omaan ammattialaansa liittyv\u00e4st\u00e4 ajankohtaisesta aiheesta tai kutsuvat vaikkapa kollegansa tai yhteisty\u00f6kumppaninsa kertomaan omasta alastaan. Viikko-ohjelma 1.7.2025 alkaneelle rotaryvuodelle 2024-2026 on julkaistu tapahtumakalenterissa, esitelm\u00e4vuorot on lueteltu [&hellip;]","og_url":"https:\/\/rotary.fi\/rovaniemisantaclaus\/mita-teemme\/viikko-ohjelma\/","og_site_name":"Rovaniemi Santa Claus Rotaryklubi","article_modified_time":"2025-08-15T19:02:25+00:00","twitter_card":"summary_large_image","twitter_misc":{"Arvioitu lukuaika":"5 minuuttia"},"schema":{"@context":"https:\/\/schema.org","@graph":[{"@type":"WebPage","@id":"https:\/\/rotary.fi\/rovaniemisantaclaus\/mita-teemme\/viikko-ohjelma\/","url":"https:\/\/rotary.fi\/rovaniemisantaclaus\/mita-teemme\/viikko-ohjelma\/","name":"Viikko-ohjelma - Rovaniemi Santa Claus Rotaryklubi","isPartOf":{"@id":"https:\/\/rotary.fi\/rovaniemisantaclaus\/#website"},"datePublished":"2019-06-27T07:32:18+00:00","dateModified":"2025-08-15T19:02:25+00:00","breadcrumb":{"@id":"https:\/\/rotary.fi\/rovaniemisantaclaus\/mita-teemme\/viikko-ohjelma\/#breadcrumb"},"inLanguage":"fi","potentialAction":[{"@type":"ReadAction","target":["https:\/\/rotary.fi\/rovaniemisantaclaus\/mita-teemme\/viikko-ohjelma\/"]}]},{"@type":"BreadcrumbList","@id":"https:\/\/rotary.fi\/rovaniemisantaclaus\/mita-teemme\/viikko-ohjelma\/#breadcrumb","itemListElement":[{"@type":"ListItem","position":1,"name":"Home","item":"https:\/\/rotary.fi\/rovaniemisantaclaus\/"},{"@type":"ListItem","position":2,"name":"Mit\u00e4 teemme","item":"https:\/\/rotary.fi\/rovaniemisantaclaus\/mita-teemme\/"},{"@type":"ListItem","position":3,"name":"Viikko-ohjelma"}]},{"@type":"WebSite","@id":"https:\/\/rotary.fi\/rovaniemisantaclaus\/#website","url":"https:\/\/rotary.fi\/rovaniemisantaclaus\/","name":"Rovaniemi Santa Claus Rotaryklubi","description":"Uusi Rotary klubisivusto","potentialAction":[{"@type":"SearchAction","target":{"@type":"EntryPoint","urlTemplate":"https:\/\/rotary.fi\/rovaniemisantaclaus\/?s={search_term_string}"},"query-input":{"@type":"PropertyValueSpecification","valueRequired":true,"valueName":"search_term_string"}}],"inLanguage":"fi"}]}},"lang":"fi","translations":{"fi":1658,"en":1773},"pll_sync_post":[],"_links":{"self":[{"href":"https:\/\/rotary.fi\/rovaniemisantaclaus\/wp-json\/wp\/v2\/pages\/1658","targetHints":{"allow":["GET"]}}],"collection":[{"href":"https:\/\/rotary.fi\/rovaniemisantaclaus\/wp-json\/wp\/v2\/pages"}],"about":[{"href":"https:\/\/rotary.fi\/rovaniemisantaclaus\/wp-json\/wp\/v2\/types\/page"}],"author":[{"embeddable":true,"href":"https:\/\/rotary.fi\/rovaniemisantaclaus\/wp-json\/wp\/v2\/users\/122"}],"replies":[{"embeddable":true,"href":"https:\/\/rotary.fi\/rovaniemisantaclaus\/wp-json\/wp\/v2\/comments?post=1658"}],"version-history":[{"count":9,"href":"https:\/\/rotary.fi\/rovaniemisantaclaus\/wp-json\/wp\/v2\/pages\/1658\/revisions"}],"predecessor-version":[{"id":2846,"href":"https:\/\/rotary.fi\/rovaniemisantaclaus\/wp-json\/wp\/v2\/pages\/1658\/revisions\/2846"}],"up":[{"embeddable":true,"href":"https:\/\/rotary.fi\/rovaniemisantaclaus\/wp-json\/wp\/v2\/pages\/77"}],"wp:attachment":[{"href":"https:\/\/rotary.fi\/rovaniemisantaclaus\/wp-json\/wp\/v2\/media?parent=1658"}],"curies":[{"name":"wp","href":"https:\/\/api.w.org\/{rel}","templated":true}]}}