{"id":156,"date":"2018-08-13T09:46:59","date_gmt":"2018-08-13T06:46:59","guid":{"rendered":"https:\/\/rotary.fi\/rovaniemisantaclaus\/?page_id=156"},"modified":"2025-08-15T22:04:30","modified_gmt":"2025-08-15T19:04:30","slug":"projektit","status":"publish","type":"page","link":"https:\/\/rotary.fi\/rovaniemisantaclaus\/mita-teemme\/projektit\/","title":{"rendered":"Projektit"},"content":{"rendered":"<p>[et_pb_section fb_built=&#8221;1&#8243; module_class=&#8221;jumbotron-page&#8221; _builder_version=&#8221;4.16&#8243; background_image=&#8221;https:\/\/rotary.fi\/rovaniemisantaclaus\/wp-content\/uploads\/sites\/96\/2021\/01\/08.jpg&#8221; global_colors_info=&#8221;{}&#8221;][et_pb_row _builder_version=&#8221;4.16&#8243; background_size=&#8221;initial&#8221; background_position=&#8221;top_left&#8221; background_repeat=&#8221;repeat&#8221; global_colors_info=&#8221;{}&#8221;][et_pb_column type=&#8221;4_4&#8243; _builder_version=&#8221;4.16&#8243; custom_padding=&#8221;|||&#8221; global_colors_info=&#8221;{}&#8221; custom_padding__hover=&#8221;|||&#8221;][et_pb_text admin_label=&#8221;P\u00e4\u00e4otsikko&#8221; _builder_version=&#8221;4.16&#8243; text_orientation=&#8221;center&#8221; background_layout=&#8221;dark&#8221; global_colors_info=&#8221;{}&#8221;]<\/p>\n<h1>Projektit<\/h1>\n<p>[\/et_pb_text][\/et_pb_column][\/et_pb_row][\/et_pb_section][et_pb_section fb_built=&#8221;1&#8243; specialty=&#8221;on&#8221; module_class_2=&#8221;sivupalkki&#8221; _builder_version=&#8221;4.16&#8243; global_colors_info=&#8221;{}&#8221;][et_pb_column type=&#8221;2_3&#8243; specialty_columns=&#8221;2&#8243; _builder_version=&#8221;4.16&#8243; custom_padding=&#8221;|||&#8221; global_colors_info=&#8221;{}&#8221; custom_padding__hover=&#8221;|||&#8221;][et_pb_row_inner admin_label=&#8221;Rivi&#8221; _builder_version=&#8221;4.16&#8243; global_colors_info=&#8221;{}&#8221;][et_pb_column_inner saved_specialty_column_type=&#8221;2_3&#8243; _builder_version=&#8221;4.16&#8243; custom_padding=&#8221;|||&#8221; global_colors_info=&#8221;{}&#8221; custom_padding__hover=&#8221;|||&#8221;][et_pb_text admin_label=&#8221;Projektit &#8211; Otsikko&#8221; _builder_version=&#8221;4.16&#8243; text_orientation=&#8221;center&#8221; global_colors_info=&#8221;{}&#8221;]<\/p>\n<h1>Projektit<\/h1>\n<p>[\/et_pb_text][et_pb_text _builder_version=&#8221;4.16&#8243; global_colors_info=&#8221;{}&#8221;]<\/p>\n<p>Rotary on palveluj\u00e4rjest\u00f6. Toimimme tunnuslauseemme Palvelu itsekkyyden edelle (Service above self) mukaisesti paikallisesti ja maailmanlaajuisesti. Kansainv\u00e4linen humanit\u00e4\u00e4rinen palvelumme toteutuu Rotarys\u00e4\u00e4ti\u00f6mme koordinoimana ja hyv\u00e4ksyttyjen kumppaneiden kanssa.<\/p>\n<p><strong>Saksalaisten sotilaiden hautausmaa<\/strong><\/p>\n<p><span>Hautausmaa sijaitsee 18 km Rovaniemelt\u00e4 pohjoiseen, Norvaj\u00e4rven rannalla. Opasteet 4-tielt\u00e4. Pys\u00e4k\u00f6intialueelta vie noin 0,5 km hiekkapohjainen mets\u00e4polku hautausmaa-alueelle. Hautausmaa on vihitty k\u00e4ytt\u00f6\u00f6n 31. elokuuta 1963. Mausoleumiin on haudattuna yli 2500 toisessa maailmansodassa kaatunutta saksalaista.<\/span><strong><\/strong><\/p>\n<p>Alue on rajattu luonnon-kivist\u00e4 rakennetulla noin metrin korkuisella kivi-aidalla. Mausoleumin eteisaulassa sijaitsee Ursula Quernerin suunnittelema veistos &#8221;\u00c4iti ja poika&#8221;. P\u00e4\u00e4tilassa on 8 rivi\u00e4 kalkki-kivitauluja, joihin on kaiverrettu taulun alla lep\u00e4\u00e4vien vainajien nimi, sotilasarvo sek\u00e4 syntym\u00e4- ja kuolinp\u00e4iv\u00e4m\u00e4\u00e4r\u00e4. Hautausmaa-alueella on my\u00f6s kookas ter\u00e4ksinen risti, jonka muistotaulussa on teksti: &#8221; Kunnioituksemme kaikille niille sotilashaudoille, jotka ovat rakkautemme tavoittamattomissa ja siunaamme ne Jumalan rauhaan&#8221;.\u00a0<\/p>\n<p>\u00a0Lis\u00e4tietoja:<\/p>\n<p><b>Eero Pajula<br \/>puh: 040-5371198.\u00a0<\/b><\/p>\n<p>Hautausmaa on avoinna yleis\u00f6lle 1.5.-30.9. Muina aikoina erikoistapauksissa sopimuksen mukaan.<\/p>\n<p><a href=\"https:\/\/kriegsgraeberstaetten.volksbund.de\/friedhof\/rovaniemi-norvajaervi\">Norvaj\u00e4rvi\/Volksbund Deutche Kriegsgr\u00e4berf\u00fcrsorge<\/a><\/p>\n<p><a href=\"https:\/\/youtu.be\/-_i8Wz7MQ5o\">Video\/Norvaj\u00e4rvi\/Rotaryklubimme<\/a><\/p>\n<p><a href=\"https:\/\/www.youtube.com\/watch?v=IWYusHSwRbw\">Esittelyvideo Norvaj\u00e4rven hautausmaasta (YouTube)<\/a><\/p>\n<p><a href=\"https:\/\/www.volksbund.de\/nachrichten\/virtueller-rundgang-auf-kriegsgraeberstaette-alt-salla\">Vanhan Sallan sotilashautausmaa virtuaalisesti<\/a><\/p>\n<p><a href=\"https:\/\/rotary.fi\/rovaniemisantaclaus\/wp-content\/uploads\/sites\/96\/2021\/10\/Vanhan-Sallan-saksalaisen-sotilaishautausmaan-virtualisointi-pienilla\u0308-kuvilla.doc\">Eero Pajulan kertomus virtuaalisen hautausmaan toteutuksesta<\/a><\/p>\n<p>&nbsp;<\/p>\n<p>[\/et_pb_text][et_pb_gallery gallery_ids=&#8221;2048,2047,2046,2045,2044,2043,2042,2041,2040,2039,2029,2030,2031,2032,2033,2034,2035,2036,2037,2038,2028,2027,2026,2025,2024,2023,2022&#8243; _builder_version=&#8221;4.16&#8243; global_colors_info=&#8221;{}&#8221;][\/et_pb_gallery][et_pb_text _builder_version=&#8221;4.16&#8243; global_colors_info=&#8221;{}&#8221;]<\/p>\n<p><strong>Puistomets\u00e4<\/strong><\/p>\n<p>Rovaniemen Rotaryklubit tekiv\u00e4t Rotarypuiston Arktikumin pohjoispuolelle. Puiston puita myym\u00e4ll\u00e4 ja puistoa hoitamalla on hankittu varoja Rotarys\u00e4\u00e4ti\u00f6lle ja sit\u00e4 kautta my\u00f6s paikallisiin projekteihin.<\/p>\n<p><strong>Revontulilaavu<\/strong><br \/>Rotarypuiston yhteyteen rakennettiin elokuussa 2021 Revontulilaavu, &#8221;kaupungin paras ja hienoin&#8221;, kuten tavoite kuului. Kes\u00e4kuussa 2022 laavu paloi. Tapauksesta sisuuntuneina l\u00f6imme kaksi k\u00e4rp\u00e4st\u00e4 yhdell\u00e4 iskulla, kun harvensimme Norvaj\u00e4rven hautausmaan puustoa ja teimme puista uuden laavun loppukes\u00e4ksi 2023.<\/p>\n<p>[\/et_pb_text][\/et_pb_column_inner][\/et_pb_row_inner][\/et_pb_column][et_pb_column type=&#8221;1_3&#8243; _builder_version=&#8221;4.16&#8243; custom_padding=&#8221;|||&#8221; global_colors_info=&#8221;{}&#8221; custom_padding__hover=&#8221;|||&#8221;][et_pb_sidebar area=&#8221;sidebar-1&#8243; module_class=&#8221;sivupalkki_sisalto&#8221; _builder_version=&#8221;4.16&#8243; locked=&#8221;on&#8221; global_colors_info=&#8221;{}&#8221;]<br \/>\n[\/et_pb_sidebar][\/et_pb_column][\/et_pb_section]<\/p>\n","protected":false},"excerpt":{"rendered":"<p>Projektit Projektit Rotary on palveluj\u00e4rjest\u00f6. Toimimme tunnuslauseemme Palvelu itsekkyyden edelle (Service above self) mukaisesti paikallisesti ja maailmanlaajuisesti. Kansainv\u00e4linen humanit\u00e4\u00e4rinen palvelumme toteutuu Rotarys\u00e4\u00e4ti\u00f6mme koordinoimana ja hyv\u00e4ksyttyjen kumppaneiden kanssa. Saksalaisten sotilaiden hautausmaa Hautausmaa sijaitsee 18 km Rovaniemelt\u00e4 pohjoiseen, Norvaj\u00e4rven rannalla. Opasteet 4-tielt\u00e4. Pys\u00e4k\u00f6intialueelta vie noin 0,5 km hiekkapohjainen mets\u00e4polku hautausmaa-alueelle. Hautausmaa on vihitty k\u00e4ytt\u00f6\u00f6n 31. elokuuta 1963. [&hellip;]<\/p>\n","protected":false},"author":1,"featured_media":0,"parent":77,"menu_order":0,"comment_status":"closed","ping_status":"closed","template":"","meta":{"_acf_changed":false,"_et_pb_use_builder":"on","_et_pb_old_content":"","_et_gb_content_width":"","footnotes":""},"class_list":["post-156","page","type-page","status-publish","hentry"],"acf":[],"yoast_head":"<!-- This site is optimized with the Yoast SEO plugin v27.0 - https:\/\/yoast.com\/product\/yoast-seo-wordpress\/ -->\n<title>Projektit - Rovaniemi Santa Claus Rotaryklubi<\/title>\n<meta name=\"robots\" content=\"index, follow, max-snippet:-1, max-image-preview:large, max-video-preview:-1\" \/>\n<link rel=\"canonical\" href=\"https:\/\/rotary.fi\/rovaniemisantaclaus\/mita-teemme\/projektit\/\" \/>\n<meta property=\"og:locale\" content=\"fi_FI\" \/>\n<meta property=\"og:type\" content=\"article\" \/>\n<meta property=\"og:title\" content=\"Projektit - Rovaniemi Santa Claus Rotaryklubi\" \/>\n<meta property=\"og:description\" content=\"Projektit Projektit Rotary on palveluj\u00e4rjest\u00f6. Toimimme tunnuslauseemme Palvelu itsekkyyden edelle (Service above self) mukaisesti paikallisesti ja maailmanlaajuisesti. Kansainv\u00e4linen humanit\u00e4\u00e4rinen palvelumme toteutuu Rotarys\u00e4\u00e4ti\u00f6mme koordinoimana ja hyv\u00e4ksyttyjen kumppaneiden kanssa. Saksalaisten sotilaiden hautausmaa Hautausmaa sijaitsee 18 km Rovaniemelt\u00e4 pohjoiseen, Norvaj\u00e4rven rannalla. Opasteet 4-tielt\u00e4. Pys\u00e4k\u00f6intialueelta vie noin 0,5 km hiekkapohjainen mets\u00e4polku hautausmaa-alueelle. Hautausmaa on vihitty k\u00e4ytt\u00f6\u00f6n 31. elokuuta 1963. [&hellip;]\" \/>\n<meta property=\"og:url\" content=\"https:\/\/rotary.fi\/rovaniemisantaclaus\/mita-teemme\/projektit\/\" \/>\n<meta property=\"og:site_name\" content=\"Rovaniemi Santa Claus Rotaryklubi\" \/>\n<meta property=\"article:modified_time\" content=\"2025-08-15T19:04:30+00:00\" \/>\n<meta name=\"twitter:card\" content=\"summary_large_image\" \/>\n<meta name=\"twitter:label1\" content=\"Arvioitu lukuaika\" \/>\n\t<meta name=\"twitter:data1\" content=\"2 minuuttia\" \/>\n<script type=\"application\/ld+json\" class=\"yoast-schema-graph\">{\"@context\":\"https:\/\/schema.org\",\"@graph\":[{\"@type\":\"WebPage\",\"@id\":\"https:\/\/rotary.fi\/rovaniemisantaclaus\/mita-teemme\/projektit\/\",\"url\":\"https:\/\/rotary.fi\/rovaniemisantaclaus\/mita-teemme\/projektit\/\",\"name\":\"Projektit - Rovaniemi Santa Claus Rotaryklubi\",\"isPartOf\":{\"@id\":\"https:\/\/rotary.fi\/rovaniemisantaclaus\/#website\"},\"datePublished\":\"2018-08-13T06:46:59+00:00\",\"dateModified\":\"2025-08-15T19:04:30+00:00\",\"breadcrumb\":{\"@id\":\"https:\/\/rotary.fi\/rovaniemisantaclaus\/mita-teemme\/projektit\/#breadcrumb\"},\"inLanguage\":\"fi\",\"potentialAction\":[{\"@type\":\"ReadAction\",\"target\":[\"https:\/\/rotary.fi\/rovaniemisantaclaus\/mita-teemme\/projektit\/\"]}]},{\"@type\":\"BreadcrumbList\",\"@id\":\"https:\/\/rotary.fi\/rovaniemisantaclaus\/mita-teemme\/projektit\/#breadcrumb\",\"itemListElement\":[{\"@type\":\"ListItem\",\"position\":1,\"name\":\"Home\",\"item\":\"https:\/\/rotary.fi\/rovaniemisantaclaus\/\"},{\"@type\":\"ListItem\",\"position\":2,\"name\":\"Mit\u00e4 teemme\",\"item\":\"https:\/\/rotary.fi\/rovaniemisantaclaus\/mita-teemme\/\"},{\"@type\":\"ListItem\",\"position\":3,\"name\":\"Projektit\"}]},{\"@type\":\"WebSite\",\"@id\":\"https:\/\/rotary.fi\/rovaniemisantaclaus\/#website\",\"url\":\"https:\/\/rotary.fi\/rovaniemisantaclaus\/\",\"name\":\"Rovaniemi Santa Claus Rotaryklubi\",\"description\":\"Uusi Rotary klubisivusto\",\"potentialAction\":[{\"@type\":\"SearchAction\",\"target\":{\"@type\":\"EntryPoint\",\"urlTemplate\":\"https:\/\/rotary.fi\/rovaniemisantaclaus\/?s={search_term_string}\"},\"query-input\":{\"@type\":\"PropertyValueSpecification\",\"valueRequired\":true,\"valueName\":\"search_term_string\"}}],\"inLanguage\":\"fi\"}]}<\/script>\n<!-- \/ Yoast SEO plugin. -->","yoast_head_json":{"title":"Projektit - Rovaniemi Santa Claus Rotaryklubi","robots":{"index":"index","follow":"follow","max-snippet":"max-snippet:-1","max-image-preview":"max-image-preview:large","max-video-preview":"max-video-preview:-1"},"canonical":"https:\/\/rotary.fi\/rovaniemisantaclaus\/mita-teemme\/projektit\/","og_locale":"fi_FI","og_type":"article","og_title":"Projektit - Rovaniemi Santa Claus Rotaryklubi","og_description":"Projektit Projektit Rotary on palveluj\u00e4rjest\u00f6. Toimimme tunnuslauseemme Palvelu itsekkyyden edelle (Service above self) mukaisesti paikallisesti ja maailmanlaajuisesti. Kansainv\u00e4linen humanit\u00e4\u00e4rinen palvelumme toteutuu Rotarys\u00e4\u00e4ti\u00f6mme koordinoimana ja hyv\u00e4ksyttyjen kumppaneiden kanssa. Saksalaisten sotilaiden hautausmaa Hautausmaa sijaitsee 18 km Rovaniemelt\u00e4 pohjoiseen, Norvaj\u00e4rven rannalla. Opasteet 4-tielt\u00e4. Pys\u00e4k\u00f6intialueelta vie noin 0,5 km hiekkapohjainen mets\u00e4polku hautausmaa-alueelle. Hautausmaa on vihitty k\u00e4ytt\u00f6\u00f6n 31. elokuuta 1963. [&hellip;]","og_url":"https:\/\/rotary.fi\/rovaniemisantaclaus\/mita-teemme\/projektit\/","og_site_name":"Rovaniemi Santa Claus Rotaryklubi","article_modified_time":"2025-08-15T19:04:30+00:00","twitter_card":"summary_large_image","twitter_misc":{"Arvioitu lukuaika":"2 minuuttia"},"schema":{"@context":"https:\/\/schema.org","@graph":[{"@type":"WebPage","@id":"https:\/\/rotary.fi\/rovaniemisantaclaus\/mita-teemme\/projektit\/","url":"https:\/\/rotary.fi\/rovaniemisantaclaus\/mita-teemme\/projektit\/","name":"Projektit - Rovaniemi Santa Claus Rotaryklubi","isPartOf":{"@id":"https:\/\/rotary.fi\/rovaniemisantaclaus\/#website"},"datePublished":"2018-08-13T06:46:59+00:00","dateModified":"2025-08-15T19:04:30+00:00","breadcrumb":{"@id":"https:\/\/rotary.fi\/rovaniemisantaclaus\/mita-teemme\/projektit\/#breadcrumb"},"inLanguage":"fi","potentialAction":[{"@type":"ReadAction","target":["https:\/\/rotary.fi\/rovaniemisantaclaus\/mita-teemme\/projektit\/"]}]},{"@type":"BreadcrumbList","@id":"https:\/\/rotary.fi\/rovaniemisantaclaus\/mita-teemme\/projektit\/#breadcrumb","itemListElement":[{"@type":"ListItem","position":1,"name":"Home","item":"https:\/\/rotary.fi\/rovaniemisantaclaus\/"},{"@type":"ListItem","position":2,"name":"Mit\u00e4 teemme","item":"https:\/\/rotary.fi\/rovaniemisantaclaus\/mita-teemme\/"},{"@type":"ListItem","position":3,"name":"Projektit"}]},{"@type":"WebSite","@id":"https:\/\/rotary.fi\/rovaniemisantaclaus\/#website","url":"https:\/\/rotary.fi\/rovaniemisantaclaus\/","name":"Rovaniemi Santa Claus Rotaryklubi","description":"Uusi Rotary klubisivusto","potentialAction":[{"@type":"SearchAction","target":{"@type":"EntryPoint","urlTemplate":"https:\/\/rotary.fi\/rovaniemisantaclaus\/?s={search_term_string}"},"query-input":{"@type":"PropertyValueSpecification","valueRequired":true,"valueName":"search_term_string"}}],"inLanguage":"fi"}]}},"lang":"fi","translations":{"fi":156,"en":1451},"pll_sync_post":[],"_links":{"self":[{"href":"https:\/\/rotary.fi\/rovaniemisantaclaus\/wp-json\/wp\/v2\/pages\/156","targetHints":{"allow":["GET"]}}],"collection":[{"href":"https:\/\/rotary.fi\/rovaniemisantaclaus\/wp-json\/wp\/v2\/pages"}],"about":[{"href":"https:\/\/rotary.fi\/rovaniemisantaclaus\/wp-json\/wp\/v2\/types\/page"}],"author":[{"embeddable":true,"href":"https:\/\/rotary.fi\/rovaniemisantaclaus\/wp-json\/wp\/v2\/users\/1"}],"replies":[{"embeddable":true,"href":"https:\/\/rotary.fi\/rovaniemisantaclaus\/wp-json\/wp\/v2\/comments?post=156"}],"version-history":[{"count":10,"href":"https:\/\/rotary.fi\/rovaniemisantaclaus\/wp-json\/wp\/v2\/pages\/156\/revisions"}],"predecessor-version":[{"id":2847,"href":"https:\/\/rotary.fi\/rovaniemisantaclaus\/wp-json\/wp\/v2\/pages\/156\/revisions\/2847"}],"up":[{"embeddable":true,"href":"https:\/\/rotary.fi\/rovaniemisantaclaus\/wp-json\/wp\/v2\/pages\/77"}],"wp:attachment":[{"href":"https:\/\/rotary.fi\/rovaniemisantaclaus\/wp-json\/wp\/v2\/media?parent=156"}],"curies":[{"name":"wp","href":"https:\/\/api.w.org\/{rel}","templated":true}]}}