{"id":132,"date":"2018-08-10T13:59:56","date_gmt":"2018-08-10T10:59:56","guid":{"rendered":"https:\/\/rotary.fi\/klubi2\/?page_id=132"},"modified":"2025-08-15T21:31:54","modified_gmt":"2025-08-15T18:31:54","slug":"hallitus-ja-toimihenkilot","status":"publish","type":"page","link":"https:\/\/rotary.fi\/rovaniemisantaclaus\/keita-olemme\/hallitus-ja-toimihenkilot\/","title":{"rendered":"Hallitus ja toimihenkil\u00f6t"},"content":{"rendered":"<p>[et_pb_section fb_built=&#8221;1&#8243; module_class=&#8221;jumbotron-page&#8221; _builder_version=&#8221;4.16&#8243; background_image=&#8221;https:\/\/rotary.fi\/rovaniemisantaclaus\/wp-content\/uploads\/sites\/96\/2018\/10\/rotary_klubit_alasivu_paakuva_12.jpg&#8221; global_colors_info=&#8221;{}&#8221;][et_pb_row _builder_version=&#8221;4.16&#8243; background_size=&#8221;initial&#8221; background_position=&#8221;top_left&#8221; background_repeat=&#8221;repeat&#8221; global_colors_info=&#8221;{}&#8221;][et_pb_column type=&#8221;4_4&#8243; _builder_version=&#8221;4.16&#8243; custom_padding=&#8221;|||&#8221; global_colors_info=&#8221;{}&#8221; custom_padding__hover=&#8221;|||&#8221;][et_pb_text admin_label=&#8221;P\u00e4\u00e4otsikko&#8221; _builder_version=&#8221;4.16&#8243; text_orientation=&#8221;center&#8221; background_layout=&#8221;dark&#8221; global_colors_info=&#8221;{}&#8221;]<\/p>\n<h1>Hallitus ja toimihenkil\u00f6t<\/h1>\n<p>[\/et_pb_text][\/et_pb_column][\/et_pb_row][\/et_pb_section][et_pb_section fb_built=&#8221;1&#8243; specialty=&#8221;on&#8221; module_class_2=&#8221;sivupalkki&#8221; _builder_version=&#8221;4.16&#8243; global_colors_info=&#8221;{}&#8221;][et_pb_column type=&#8221;2_3&#8243; specialty_columns=&#8221;2&#8243; _builder_version=&#8221;4.16&#8243; custom_padding=&#8221;|||&#8221; global_colors_info=&#8221;{}&#8221; custom_padding__hover=&#8221;|||&#8221;][et_pb_row_inner admin_label=&#8221;Rivi&#8221; _builder_version=&#8221;4.16&#8243; global_colors_info=&#8221;{}&#8221;][et_pb_column_inner saved_specialty_column_type=&#8221;2_3&#8243; _builder_version=&#8221;4.16&#8243; custom_padding=&#8221;|||&#8221; global_colors_info=&#8221;{}&#8221; custom_padding__hover=&#8221;|||&#8221;][et_pb_text admin_label=&#8221;Otsikko&#8221; _builder_version=&#8221;4.16&#8243; text_orientation=&#8221;center&#8221; global_colors_info=&#8221;{}&#8221;]<\/p>\n<h1>Hallitus ja toimihenkil\u00f6t<\/h1>\n<p>[\/et_pb_text][\/et_pb_column_inner][\/et_pb_row_inner][et_pb_row_inner column_structure=&#8221;1_2,1_2&#8243; admin_label=&#8221;Rivi&#8221; _builder_version=&#8221;4.16&#8243; global_colors_info=&#8221;{}&#8221;][et_pb_column_inner type=&#8221;1_2&#8243; saved_specialty_column_type=&#8221;2_3&#8243; _builder_version=&#8221;4.16&#8243; custom_padding=&#8221;|||&#8221; global_colors_info=&#8221;{}&#8221; custom_padding__hover=&#8221;|||&#8221;][et_pb_team_member name=&#8221;Ville-Pekka Jokela&#8221; position=&#8221;Presidentti&#8221; admin_label=&#8221;Presidentti&#8221; _builder_version=&#8221;4.16&#8243; z_index_tablet=&#8221;500&#8243; header_text_shadow_horizontal_length_tablet=&#8221;0px&#8221; header_text_shadow_vertical_length_tablet=&#8221;0px&#8221; header_text_shadow_blur_strength_tablet=&#8221;1px&#8221; body_text_shadow_horizontal_length_tablet=&#8221;0px&#8221; body_text_shadow_vertical_length_tablet=&#8221;0px&#8221; body_text_shadow_blur_strength_tablet=&#8221;1px&#8221; position_text_shadow_horizontal_length_tablet=&#8221;0px&#8221; position_text_shadow_vertical_length_tablet=&#8221;0px&#8221; position_text_shadow_blur_strength_tablet=&#8221;1px&#8221; body_link_text_shadow_horizontal_length_tablet=&#8221;0px&#8221; body_link_text_shadow_vertical_length_tablet=&#8221;0px&#8221; body_link_text_shadow_blur_strength_tablet=&#8221;1px&#8221; body_ul_text_shadow_horizontal_length_tablet=&#8221;0px&#8221; body_ul_text_shadow_vertical_length_tablet=&#8221;0px&#8221; body_ul_text_shadow_blur_strength_tablet=&#8221;1px&#8221; body_ol_text_shadow_horizontal_length_tablet=&#8221;0px&#8221; body_ol_text_shadow_vertical_length_tablet=&#8221;0px&#8221; body_ol_text_shadow_blur_strength_tablet=&#8221;1px&#8221; body_quote_text_shadow_horizontal_length_tablet=&#8221;0px&#8221; body_quote_text_shadow_vertical_length_tablet=&#8221;0px&#8221; body_quote_text_shadow_blur_strength_tablet=&#8221;1px&#8221; box_shadow_horizontal_tablet=&#8221;0px&#8221; box_shadow_vertical_tablet=&#8221;0px&#8221; box_shadow_blur_tablet=&#8221;40px&#8221; box_shadow_spread_tablet=&#8221;0px&#8221; box_shadow_horizontal_image_tablet=&#8221;0px&#8221; box_shadow_vertical_image_tablet=&#8221;0px&#8221; box_shadow_blur_image_tablet=&#8221;40px&#8221; box_shadow_spread_image_tablet=&#8221;0px&#8221; text_shadow_horizontal_length_tablet=&#8221;0px&#8221; text_shadow_vertical_length_tablet=&#8221;0px&#8221; text_shadow_blur_strength_tablet=&#8221;1px&#8221; global_colors_info=&#8221;{}&#8221;]<\/p>\n<p>Rovaniemi Santa Claus Rotaryklubi presidentti 2025-2026<\/p>\n<p>p. +358 40 522 0552<\/p>\n<p>klubin e-mail: rc.rovaniemi.santa.claus@rotaryd1385.org<\/p>\n<p>[\/et_pb_team_member][et_pb_image alt=&#8221;Tuire Eilitt\u00e4&#8221; title_text=&#8221;IMG_8138&#8243; src_tablet=&#8221;https:\/\/rotary.fi\/rovaniemisantaclaus\/wp-content\/uploads\/sites\/96\/2019\/03\/img_8138.jpg&#8221; src_phone=&#8221;https:\/\/rotary.fi\/rovaniemisantaclaus\/wp-content\/uploads\/sites\/96\/2019\/03\/img_8138.jpg&#8221; src_last_edited=&#8221;on|desktop&#8221; _builder_version=&#8221;4.27.4&#8243; hover_enabled=&#8221;0&#8243; global_colors_info=&#8221;{}&#8221; sticky_enabled=&#8221;0&#8243; src=&#8221;https:\/\/rotary.fi\/rovaniemisantaclaus\/wp-content\/uploads\/sites\/96\/2019\/03\/img_8138.jpg&#8221;][\/et_pb_image][\/et_pb_column_inner][et_pb_column_inner type=&#8221;1_2&#8243; saved_specialty_column_type=&#8221;2_3&#8243; _builder_version=&#8221;4.16&#8243; custom_padding=&#8221;|||&#8221; global_colors_info=&#8221;{}&#8221; custom_padding__hover=&#8221;|||&#8221;][et_pb_text _builder_version=&#8221;4.16&#8243; z_index_tablet=&#8221;500&#8243; text_text_shadow_horizontal_length_tablet=&#8221;0px&#8221; text_text_shadow_vertical_length_tablet=&#8221;0px&#8221; text_text_shadow_blur_strength_tablet=&#8221;1px&#8221; link_text_shadow_horizontal_length_tablet=&#8221;0px&#8221; link_text_shadow_vertical_length_tablet=&#8221;0px&#8221; link_text_shadow_blur_strength_tablet=&#8221;1px&#8221; ul_text_shadow_horizontal_length_tablet=&#8221;0px&#8221; ul_text_shadow_vertical_length_tablet=&#8221;0px&#8221; ul_text_shadow_blur_strength_tablet=&#8221;1px&#8221; ol_text_shadow_horizontal_length_tablet=&#8221;0px&#8221; ol_text_shadow_vertical_length_tablet=&#8221;0px&#8221; ol_text_shadow_blur_strength_tablet=&#8221;1px&#8221; quote_text_shadow_horizontal_length_tablet=&#8221;0px&#8221; quote_text_shadow_vertical_length_tablet=&#8221;0px&#8221; quote_text_shadow_blur_strength_tablet=&#8221;1px&#8221; header_text_shadow_horizontal_length_tablet=&#8221;0px&#8221; header_text_shadow_vertical_length_tablet=&#8221;0px&#8221; header_text_shadow_blur_strength_tablet=&#8221;1px&#8221; header_2_text_shadow_horizontal_length_tablet=&#8221;0px&#8221; header_2_text_shadow_vertical_length_tablet=&#8221;0px&#8221; header_2_text_shadow_blur_strength_tablet=&#8221;1px&#8221; header_3_text_shadow_horizontal_length_tablet=&#8221;0px&#8221; header_3_text_shadow_vertical_length_tablet=&#8221;0px&#8221; header_3_text_shadow_blur_strength_tablet=&#8221;1px&#8221; header_4_text_shadow_horizontal_length_tablet=&#8221;0px&#8221; header_4_text_shadow_vertical_length_tablet=&#8221;0px&#8221; header_4_text_shadow_blur_strength_tablet=&#8221;1px&#8221; header_5_text_shadow_horizontal_length_tablet=&#8221;0px&#8221; header_5_text_shadow_vertical_length_tablet=&#8221;0px&#8221; header_5_text_shadow_blur_strength_tablet=&#8221;1px&#8221; header_6_text_shadow_horizontal_length_tablet=&#8221;0px&#8221; header_6_text_shadow_vertical_length_tablet=&#8221;0px&#8221; header_6_text_shadow_blur_strength_tablet=&#8221;1px&#8221; box_shadow_horizontal_tablet=&#8221;0px&#8221; box_shadow_vertical_tablet=&#8221;0px&#8221; box_shadow_blur_tablet=&#8221;40px&#8221; box_shadow_spread_tablet=&#8221;0px&#8221; global_colors_info=&#8221;{}&#8221;]<\/p>\n<h2>6Hallitus<\/h2>\n<p><strong>Presidentti 2025-2025\u00a0<\/strong>Ville-Pekka Jokela<strong><br \/><\/strong><strong>Tuleva presidentti\u00a0<\/strong><br \/><strong>Varapresidentti\u00a0<\/strong>Jaana Koskela<br \/><strong>Edellinen presidentti<\/strong> Tuire Eilitt\u00e4<br \/><strong>1.sihteeri\u00a0<\/strong><br \/><strong>2. sihteeri\u00a0<br \/>3. sihteeri<\/strong><strong><\/strong><\/p>\n<p>&nbsp;<\/p>\n<p><strong>Klubimestari\u00a0<\/strong>Markku Iljina<br \/><strong>Rahastonhoitaja<\/strong> Ville-Pekka Jokela<br \/><strong>IT-vastaava <\/strong>Ville-Pekka Jokela<br \/><strong>S\u00e4\u00e4ti\u00f6asiamies\u00a0<\/strong>Ville-Pekka Jokela<br \/><strong>Nuorisovaihtoasiamies I\u00a0<\/strong>Jaana Koskela<br \/><strong>Nuorisovaihtoasiamies II\u00a0<br \/><\/strong><strong>Viestint\u00e4vastaava <\/strong>Ville-Pekka Jokela\u00a0<\/p>\n<p><strong>Toiminnantarkastaja<\/strong> Taija Jurmu, varalla Ari Koivumaa<\/p>\n<h2>J\u00e4senyyskomitea<\/h2>\n<p><strong>Puheenjohtaja\u00a0<\/strong>Harri Haavisto<\/p>\n<h2>Palveluprojektien komitea<\/h2>\n<p><strong>Puheenjohtaja\u00a0<\/strong>Eero Pajula<strong><br \/><\/strong><\/p>\n<h2>Julkisuuskuvakomitea<\/h2>\n<p><strong>Puheenjohtaja\u00a0<\/strong>Ari Koivumaa<strong><br \/><\/strong><\/p>\n<h2>Rotarys\u00e4\u00e4ti\u00f6komitea<\/h2>\n<p><strong>Puheenjohtaja\u00a0<\/strong>Ville-Pekka Jokela<\/p>\n<p><strong><\/strong><\/p>\n<h2>Norvaj\u00e4rvi-projekti<\/h2>\n<p><strong>Eero Pajula<br \/><\/strong><\/p>\n<p><strong><\/strong><\/p>\n<h2>Puistomets\u00e4 ja Revontulilaavu<\/h2>\n<p>&nbsp;<\/p>\n<p>[\/et_pb_text][\/et_pb_column_inner][\/et_pb_row_inner][\/et_pb_column][et_pb_column type=&#8221;1_3&#8243; _builder_version=&#8221;4.16&#8243; custom_padding=&#8221;|||&#8221; global_colors_info=&#8221;{}&#8221; custom_padding__hover=&#8221;|||&#8221;][et_pb_sidebar area=&#8221;sidebar-1&#8243; module_class=&#8221;sivupalkki_sisalto&#8221; _builder_version=&#8221;4.16&#8243; locked=&#8221;on&#8221; global_colors_info=&#8221;{}&#8221;][\/et_pb_sidebar][\/et_pb_column][\/et_pb_section]<\/p>\n","protected":false},"excerpt":{"rendered":"<p>Hallitus ja toimihenkil\u00f6t Hallitus ja toimihenkil\u00f6t Rovaniemi Santa Claus Rotaryklubi presidentti 2025-2026 p. +358 40 522 0552 klubin e-mail: rc.rovaniemi.santa.claus@rotaryd1385.org6Hallitus Presidentti 2025-2025\u00a0Ville-Pekka JokelaTuleva presidentti\u00a0Varapresidentti\u00a0Jaana KoskelaEdellinen presidentti Tuire Eilitt\u00e41.sihteeri\u00a02. sihteeri\u00a03. sihteeri &nbsp; Klubimestari\u00a0Markku IljinaRahastonhoitaja Ville-Pekka JokelaIT-vastaava Ville-Pekka JokelaS\u00e4\u00e4ti\u00f6asiamies\u00a0Ville-Pekka JokelaNuorisovaihtoasiamies I\u00a0Jaana KoskelaNuorisovaihtoasiamies II\u00a0Viestint\u00e4vastaava Ville-Pekka Jokela\u00a0 Toiminnantarkastaja Taija Jurmu, varalla Ari Koivumaa J\u00e4senyyskomitea Puheenjohtaja\u00a0Harri Haavisto Palveluprojektien komitea Puheenjohtaja\u00a0Eero [&hellip;]<\/p>\n","protected":false},"author":1,"featured_media":0,"parent":129,"menu_order":0,"comment_status":"closed","ping_status":"closed","template":"","meta":{"_acf_changed":false,"_et_pb_use_builder":"on","_et_pb_old_content":"","_et_gb_content_width":"","footnotes":""},"class_list":["post-132","page","type-page","status-publish","hentry"],"acf":[],"yoast_head":"<!-- This site is optimized with the Yoast SEO plugin v27.0 - https:\/\/yoast.com\/product\/yoast-seo-wordpress\/ -->\n<title>Hallitus ja toimihenkil\u00f6t - Rovaniemi Santa Claus Rotaryklubi<\/title>\n<meta name=\"robots\" content=\"index, follow, max-snippet:-1, max-image-preview:large, max-video-preview:-1\" \/>\n<link rel=\"canonical\" href=\"https:\/\/rotary.fi\/rovaniemisantaclaus\/keita-olemme\/hallitus-ja-toimihenkilot\/\" \/>\n<meta property=\"og:locale\" content=\"fi_FI\" \/>\n<meta property=\"og:type\" content=\"article\" \/>\n<meta property=\"og:title\" content=\"Hallitus ja toimihenkil\u00f6t - Rovaniemi Santa Claus Rotaryklubi\" \/>\n<meta property=\"og:description\" content=\"Hallitus ja toimihenkil\u00f6t Hallitus ja toimihenkil\u00f6t Rovaniemi Santa Claus Rotaryklubi presidentti 2025-2026 p. +358 40 522 0552 klubin e-mail: rc.rovaniemi.santa.claus@rotaryd1385.org6Hallitus Presidentti 2025-2025\u00a0Ville-Pekka JokelaTuleva presidentti\u00a0Varapresidentti\u00a0Jaana KoskelaEdellinen presidentti Tuire Eilitt\u00e41.sihteeri\u00a02. sihteeri\u00a03. sihteeri &nbsp; Klubimestari\u00a0Markku IljinaRahastonhoitaja Ville-Pekka JokelaIT-vastaava Ville-Pekka JokelaS\u00e4\u00e4ti\u00f6asiamies\u00a0Ville-Pekka JokelaNuorisovaihtoasiamies I\u00a0Jaana KoskelaNuorisovaihtoasiamies II\u00a0Viestint\u00e4vastaava Ville-Pekka Jokela\u00a0 Toiminnantarkastaja Taija Jurmu, varalla Ari Koivumaa J\u00e4senyyskomitea Puheenjohtaja\u00a0Harri Haavisto Palveluprojektien komitea Puheenjohtaja\u00a0Eero [&hellip;]\" \/>\n<meta property=\"og:url\" content=\"https:\/\/rotary.fi\/rovaniemisantaclaus\/keita-olemme\/hallitus-ja-toimihenkilot\/\" \/>\n<meta property=\"og:site_name\" content=\"Rovaniemi Santa Claus Rotaryklubi\" \/>\n<meta property=\"article:modified_time\" content=\"2025-08-15T18:31:54+00:00\" \/>\n<meta name=\"twitter:card\" content=\"summary_large_image\" \/>\n<meta name=\"twitter:label1\" content=\"Arvioitu lukuaika\" \/>\n\t<meta name=\"twitter:data1\" content=\"5 minuuttia\" \/>\n<script type=\"application\/ld+json\" class=\"yoast-schema-graph\">{\"@context\":\"https:\/\/schema.org\",\"@graph\":[{\"@type\":\"WebPage\",\"@id\":\"https:\/\/rotary.fi\/rovaniemisantaclaus\/keita-olemme\/hallitus-ja-toimihenkilot\/\",\"url\":\"https:\/\/rotary.fi\/rovaniemisantaclaus\/keita-olemme\/hallitus-ja-toimihenkilot\/\",\"name\":\"Hallitus ja toimihenkil\u00f6t - Rovaniemi Santa Claus Rotaryklubi\",\"isPartOf\":{\"@id\":\"https:\/\/rotary.fi\/rovaniemisantaclaus\/#website\"},\"datePublished\":\"2018-08-10T10:59:56+00:00\",\"dateModified\":\"2025-08-15T18:31:54+00:00\",\"breadcrumb\":{\"@id\":\"https:\/\/rotary.fi\/rovaniemisantaclaus\/keita-olemme\/hallitus-ja-toimihenkilot\/#breadcrumb\"},\"inLanguage\":\"fi\",\"potentialAction\":[{\"@type\":\"ReadAction\",\"target\":[\"https:\/\/rotary.fi\/rovaniemisantaclaus\/keita-olemme\/hallitus-ja-toimihenkilot\/\"]}]},{\"@type\":\"BreadcrumbList\",\"@id\":\"https:\/\/rotary.fi\/rovaniemisantaclaus\/keita-olemme\/hallitus-ja-toimihenkilot\/#breadcrumb\",\"itemListElement\":[{\"@type\":\"ListItem\",\"position\":1,\"name\":\"Home\",\"item\":\"https:\/\/rotary.fi\/rovaniemisantaclaus\/\"},{\"@type\":\"ListItem\",\"position\":2,\"name\":\"Keit\u00e4 olemme\",\"item\":\"https:\/\/rotary.fi\/rovaniemisantaclaus\/keita-olemme\/\"},{\"@type\":\"ListItem\",\"position\":3,\"name\":\"Hallitus ja toimihenkil\u00f6t\"}]},{\"@type\":\"WebSite\",\"@id\":\"https:\/\/rotary.fi\/rovaniemisantaclaus\/#website\",\"url\":\"https:\/\/rotary.fi\/rovaniemisantaclaus\/\",\"name\":\"Rovaniemi Santa Claus Rotaryklubi\",\"description\":\"Uusi Rotary klubisivusto\",\"potentialAction\":[{\"@type\":\"SearchAction\",\"target\":{\"@type\":\"EntryPoint\",\"urlTemplate\":\"https:\/\/rotary.fi\/rovaniemisantaclaus\/?s={search_term_string}\"},\"query-input\":{\"@type\":\"PropertyValueSpecification\",\"valueRequired\":true,\"valueName\":\"search_term_string\"}}],\"inLanguage\":\"fi\"}]}<\/script>\n<!-- \/ Yoast SEO plugin. -->","yoast_head_json":{"title":"Hallitus ja toimihenkil\u00f6t - Rovaniemi Santa Claus Rotaryklubi","robots":{"index":"index","follow":"follow","max-snippet":"max-snippet:-1","max-image-preview":"max-image-preview:large","max-video-preview":"max-video-preview:-1"},"canonical":"https:\/\/rotary.fi\/rovaniemisantaclaus\/keita-olemme\/hallitus-ja-toimihenkilot\/","og_locale":"fi_FI","og_type":"article","og_title":"Hallitus ja toimihenkil\u00f6t - Rovaniemi Santa Claus Rotaryklubi","og_description":"Hallitus ja toimihenkil\u00f6t Hallitus ja toimihenkil\u00f6t Rovaniemi Santa Claus Rotaryklubi presidentti 2025-2026 p. +358 40 522 0552 klubin e-mail: rc.rovaniemi.santa.claus@rotaryd1385.org6Hallitus Presidentti 2025-2025\u00a0Ville-Pekka JokelaTuleva presidentti\u00a0Varapresidentti\u00a0Jaana KoskelaEdellinen presidentti Tuire Eilitt\u00e41.sihteeri\u00a02. sihteeri\u00a03. sihteeri &nbsp; Klubimestari\u00a0Markku IljinaRahastonhoitaja Ville-Pekka JokelaIT-vastaava Ville-Pekka JokelaS\u00e4\u00e4ti\u00f6asiamies\u00a0Ville-Pekka JokelaNuorisovaihtoasiamies I\u00a0Jaana KoskelaNuorisovaihtoasiamies II\u00a0Viestint\u00e4vastaava Ville-Pekka Jokela\u00a0 Toiminnantarkastaja Taija Jurmu, varalla Ari Koivumaa J\u00e4senyyskomitea Puheenjohtaja\u00a0Harri Haavisto Palveluprojektien komitea Puheenjohtaja\u00a0Eero [&hellip;]","og_url":"https:\/\/rotary.fi\/rovaniemisantaclaus\/keita-olemme\/hallitus-ja-toimihenkilot\/","og_site_name":"Rovaniemi Santa Claus Rotaryklubi","article_modified_time":"2025-08-15T18:31:54+00:00","twitter_card":"summary_large_image","twitter_misc":{"Arvioitu lukuaika":"5 minuuttia"},"schema":{"@context":"https:\/\/schema.org","@graph":[{"@type":"WebPage","@id":"https:\/\/rotary.fi\/rovaniemisantaclaus\/keita-olemme\/hallitus-ja-toimihenkilot\/","url":"https:\/\/rotary.fi\/rovaniemisantaclaus\/keita-olemme\/hallitus-ja-toimihenkilot\/","name":"Hallitus ja toimihenkil\u00f6t - Rovaniemi Santa Claus Rotaryklubi","isPartOf":{"@id":"https:\/\/rotary.fi\/rovaniemisantaclaus\/#website"},"datePublished":"2018-08-10T10:59:56+00:00","dateModified":"2025-08-15T18:31:54+00:00","breadcrumb":{"@id":"https:\/\/rotary.fi\/rovaniemisantaclaus\/keita-olemme\/hallitus-ja-toimihenkilot\/#breadcrumb"},"inLanguage":"fi","potentialAction":[{"@type":"ReadAction","target":["https:\/\/rotary.fi\/rovaniemisantaclaus\/keita-olemme\/hallitus-ja-toimihenkilot\/"]}]},{"@type":"BreadcrumbList","@id":"https:\/\/rotary.fi\/rovaniemisantaclaus\/keita-olemme\/hallitus-ja-toimihenkilot\/#breadcrumb","itemListElement":[{"@type":"ListItem","position":1,"name":"Home","item":"https:\/\/rotary.fi\/rovaniemisantaclaus\/"},{"@type":"ListItem","position":2,"name":"Keit\u00e4 olemme","item":"https:\/\/rotary.fi\/rovaniemisantaclaus\/keita-olemme\/"},{"@type":"ListItem","position":3,"name":"Hallitus ja toimihenkil\u00f6t"}]},{"@type":"WebSite","@id":"https:\/\/rotary.fi\/rovaniemisantaclaus\/#website","url":"https:\/\/rotary.fi\/rovaniemisantaclaus\/","name":"Rovaniemi Santa Claus Rotaryklubi","description":"Uusi Rotary klubisivusto","potentialAction":[{"@type":"SearchAction","target":{"@type":"EntryPoint","urlTemplate":"https:\/\/rotary.fi\/rovaniemisantaclaus\/?s={search_term_string}"},"query-input":{"@type":"PropertyValueSpecification","valueRequired":true,"valueName":"search_term_string"}}],"inLanguage":"fi"}]}},"lang":"fi","translations":{"fi":132,"en":1428},"pll_sync_post":[],"_links":{"self":[{"href":"https:\/\/rotary.fi\/rovaniemisantaclaus\/wp-json\/wp\/v2\/pages\/132","targetHints":{"allow":["GET"]}}],"collection":[{"href":"https:\/\/rotary.fi\/rovaniemisantaclaus\/wp-json\/wp\/v2\/pages"}],"about":[{"href":"https:\/\/rotary.fi\/rovaniemisantaclaus\/wp-json\/wp\/v2\/types\/page"}],"author":[{"embeddable":true,"href":"https:\/\/rotary.fi\/rovaniemisantaclaus\/wp-json\/wp\/v2\/users\/1"}],"replies":[{"embeddable":true,"href":"https:\/\/rotary.fi\/rovaniemisantaclaus\/wp-json\/wp\/v2\/comments?post=132"}],"version-history":[{"count":10,"href":"https:\/\/rotary.fi\/rovaniemisantaclaus\/wp-json\/wp\/v2\/pages\/132\/revisions"}],"predecessor-version":[{"id":2837,"href":"https:\/\/rotary.fi\/rovaniemisantaclaus\/wp-json\/wp\/v2\/pages\/132\/revisions\/2837"}],"up":[{"embeddable":true,"href":"https:\/\/rotary.fi\/rovaniemisantaclaus\/wp-json\/wp\/v2\/pages\/129"}],"wp:attachment":[{"href":"https:\/\/rotary.fi\/rovaniemisantaclaus\/wp-json\/wp\/v2\/media?parent=132"}],"curies":[{"name":"wp","href":"https:\/\/api.w.org\/{rel}","templated":true}]}}