{"id":129,"date":"2018-08-10T13:41:39","date_gmt":"2018-08-10T10:41:39","guid":{"rendered":"https:\/\/rotary.fi\/klubi2\/?page_id=129"},"modified":"2022-08-23T21:19:47","modified_gmt":"2022-08-23T18:19:47","slug":"keita-olemme","status":"publish","type":"page","link":"https:\/\/rotary.fi\/rovaniemisantaclaus\/keita-olemme\/","title":{"rendered":"Keit\u00e4 olemme"},"content":{"rendered":"<p>[et_pb_section fb_built=&#8221;1&#8243; module_class=&#8221;jumbotron-page&#8221; _builder_version=&#8221;4.16&#8243; background_image=&#8221;https:\/\/rotary.fi\/rovaniemisantaclaus\/wp-content\/uploads\/sites\/96\/2018\/10\/rotary_klubit_alasivu_paakuva_12.jpg&#8221; global_colors_info=&#8221;{}&#8221;][et_pb_row _builder_version=&#8221;4.16&#8243; background_size=&#8221;initial&#8221; background_position=&#8221;top_left&#8221; background_repeat=&#8221;repeat&#8221; global_colors_info=&#8221;{}&#8221;][et_pb_column type=&#8221;4_4&#8243; _builder_version=&#8221;4.16&#8243; custom_padding=&#8221;|||&#8221; global_colors_info=&#8221;{}&#8221; custom_padding__hover=&#8221;|||&#8221;][et_pb_text admin_label=&#8221;P\u00e4\u00e4otsikko&#8221; _builder_version=&#8221;4.16&#8243; text_orientation=&#8221;center&#8221; background_layout=&#8221;dark&#8221; global_colors_info=&#8221;{}&#8221;]<\/p>\n<h1>Keit\u00e4 olemme<\/h1>\n<p>[\/et_pb_text][\/et_pb_column][\/et_pb_row][\/et_pb_section][et_pb_section fb_built=&#8221;1&#8243; specialty=&#8221;on&#8221; module_class_2=&#8221;sivupalkki&#8221; _builder_version=&#8221;4.16&#8243; global_colors_info=&#8221;{}&#8221;][et_pb_column type=&#8221;2_3&#8243; specialty_columns=&#8221;2&#8243; _builder_version=&#8221;4.16&#8243; custom_padding=&#8221;|||&#8221; global_colors_info=&#8221;{}&#8221; custom_padding__hover=&#8221;|||&#8221;][et_pb_row_inner admin_label=&#8221;Rivi&#8221; _builder_version=&#8221;4.16&#8243; global_colors_info=&#8221;{}&#8221;][et_pb_column_inner saved_specialty_column_type=&#8221;2_3&#8243; _builder_version=&#8221;4.16&#8243; custom_padding=&#8221;|||&#8221; global_colors_info=&#8221;{}&#8221; custom_padding__hover=&#8221;|||&#8221;][et_pb_text admin_label=&#8221;Otsikko&#8221; _builder_version=&#8221;4.16&#8243; text_orientation=&#8221;center&#8221; global_colors_info=&#8221;{}&#8221;]<\/p>\n<h1>Keit\u00e4 olemme<\/h1>\n<p>[\/et_pb_text][et_pb_text _builder_version=&#8221;4.16&#8243; saved_tabs=&#8221;all&#8221; global_colors_info=&#8221;{}&#8221;]<\/p>\n<p>Rovaniemi Santa Claus Rotaryklubi on nuorempi Rovaniemen kahdesta rotaryklubista. Kokoonnumme (normaalioloissa) lounaskokoukseen torstaisin klo 11.30-12.45 Hotelli Santa Clausiin tapaamaan toisiamme, kuulemaan kiinnostavia esitelmi\u00e4 ja edist\u00e4m\u00e4\u00e4n hyv\u00e4\u00e4 omalla paikkakunnallamme. K\u00e4ymme my\u00f6s vierailemassa erilaisissa kohteissa. Tuemme kansainv\u00e4lisen Rotaryn humanitaarisia projekteja, osallistumme nuorisovaihtoon ja edist\u00e4mme l\u00e4hiseudun hyvinvointia.<\/p>\n<p>Klubimme on perustettu 6.10.1965. Kummiklubimme on Rovaniemen Rotaryklubi. Klubissamme on n. 60 j\u00e4sent\u00e4. Olemme osa <a href=\"https:\/\/d1400.rotary.fi\/\">piiri\u00e4 1385<\/a>.<\/p>\n<p>Rotaryklubimme on &#8221;syntynyt uudelleen&#8221; 1.7.2020, kun kaksi klubia, Rovaniemi Santa Claus Rotaryklubi ja Rovaniemi-Napapiirin Rotaryklubi, yhdistyiv\u00e4t uudeksi Rovaniemi Santa Claus Rotaryklubiksi, jonka perustamisp\u00e4iv\u00e4 on Rovaniemi-Napapiirin Rotaryklubin perustamisp\u00e4iv\u00e4 ja nimi Rovaniemi Santa Claus Rotaryklubi.<\/p>\n<h4>Harrastus, jolla on tarkoitus<\/h4>\n<p>Nuorisovaihtoa teemme s\u00e4\u00e4nn\u00f6llisesti l\u00e4hett\u00e4m\u00e4ll\u00e4 yhden lappilaisen nuoren vaihto-oppilaaksi ja toimimalla is\u00e4nt\u00e4klubina Rovaniemelle saapuvalle vaihto-oppilaalle. Mielest\u00e4mme nuorisovaihto on mit\u00e4 parhainta ruohonjuuritason kansainv\u00e4listymis- ja rauhankasvatusta.<\/p>\n<p>Paikallisesti olemme tukeneet mm. Lapin ensi- ja turvakotia ja Lapin sairaanhoitopiirin Nuorisopsykiatrian yksik\u00f6n puutarhaterapiaa sek\u00e4 talkoilla ett\u00e4 lahjoituksilla.<\/p>\n<p><span>Klubimme hoitaa Norvaj\u00e4rvell\u00e4 sek\u00e4 sodassa kaatuneiden saksalaisten sotilaiden hautausmaata ett\u00e4\u00a0norjalaisten Suomen rintamalla kaatuneiden vapaaehtoisten muistomerkki\u00e4.\u00a0<\/span><\/p>\n<p>T\u00e4m\u00e4<span>\u00a0<\/span><b>&#8221;Norvaj\u00e4rvi -projekti&#8221;<\/b><span>\u00a0<\/span>on t\u00e4rke\u00e4 osa klubimme toimintaa sek\u00e4 toiminnallisesti ett\u00e4 taloudellisesti. Hautausmaalla vierailee vuosittain toistakymment\u00e4tuhatta vierasta. Hautausmaan hoitoon liittyy kunnossapidon ja neuvonnan lis\u00e4ksi suuri m\u00e4\u00e4r\u00e4 eri teht\u00e4vi\u00e4: kirjeenvaihto, korkean tason vierailut, uusien l\u00f6ydettyjen vainajien hautausmaalle siirto, matkailuoppaiden kouluttaminen\u00a0sek\u00e4 seppeleiden ja kukkalaitteiden toimittaminen hautausmaalle jne.<\/p>\n<p>Rovaniemen rotaryklubien yhteinen hanke on<span>\u00a0<\/span><b>Rovaniemen rotaryklubien puistomets\u00e4<\/b>. Puisto on Ounasjoen rantamaisemissa l\u00e4hell\u00e4 Arktikumia, Rovaniemen keskustan tuntumassa. Klubit ker\u00e4\u00e4v\u00e4t varoja eri hankkeiden rahoittamiseksi tarjoamalla puistomets\u00e4st\u00e4 lunastettavaksi puita 100 euron kappalehintaan. Puita voi lunastaa itselle, omalle organisaatiolle tai lahjaksi.<\/p>\n<p>Pid\u00e4mme arvossa kansainv\u00e4lisen Rotary Internationalin ponnisteluja ja j\u00e4rjest\u00f6n arvokasta ty\u00f6t\u00e4 muun muassa polion h\u00e4vitt\u00e4miseksi maapallolta. Pelk\u00e4st\u00e4\u00e4n t\u00e4h\u00e4n ty\u00f6h\u00f6n Rotary on suunnannut runsaasti vapaaehtoisvoimaa sek\u00e4 yli 1,2 miljardia US-dollaria.<\/p>\n<h4>Vaikuttava kansainv\u00e4linen verkosto<\/h4>\n<p>Rotary on Chicagossa 23.2.1905 perustettu kansainv\u00e4linen palvelu- ja hyv\u00e4ntekev\u00e4isyysorganisaatio. Rotary Internationalin kotipaikka on Evanston, USA:n osavaltiossa Illinoisissa. Tunnuslauseemme on Palvelu itsekkyyden edelle (Service Above Self).<\/p>\n<p>Rotaryyn kuuluu 1,2 miljoona j\u00e4sent\u00e4 35 000 klubissa yli 200 maassa. Rotary on merkitt\u00e4v\u00e4 kansainv\u00e4linen palvelu- ja hyv\u00e4ntekev\u00e4isyysj\u00e4rjest\u00f6. Suomi on jaettu kuuteen rotarypiiriin, joista yhteen kuuluvat my\u00f6s Viron klubit. Suomessa ja Virossa on yhteens\u00e4 300 klubia, joissa runsaat 10\u00a0000 rotaria.<\/p>\n<p>[\/et_pb_text][\/et_pb_column_inner][\/et_pb_row_inner][\/et_pb_column][et_pb_column type=&#8221;1_3&#8243; _builder_version=&#8221;4.16&#8243; custom_padding=&#8221;|||&#8221; global_colors_info=&#8221;{}&#8221; custom_padding__hover=&#8221;|||&#8221;][et_pb_sidebar area=&#8221;sidebar-1&#8243; module_class=&#8221;sivupalkki_sisalto&#8221; _builder_version=&#8221;4.16&#8243; locked=&#8221;on&#8221; global_colors_info=&#8221;{}&#8221;]<br \/>\n[\/et_pb_sidebar][\/et_pb_column][\/et_pb_section]<\/p>\n","protected":false},"excerpt":{"rendered":"<p>Keit\u00e4 olemme Keit\u00e4 olemme Rovaniemi Santa Claus Rotaryklubi on nuorempi Rovaniemen kahdesta rotaryklubista. Kokoonnumme (normaalioloissa) lounaskokoukseen torstaisin klo 11.30-12.45 Hotelli Santa Clausiin tapaamaan toisiamme, kuulemaan kiinnostavia esitelmi\u00e4 ja edist\u00e4m\u00e4\u00e4n hyv\u00e4\u00e4 omalla paikkakunnallamme. K\u00e4ymme my\u00f6s vierailemassa erilaisissa kohteissa. Tuemme kansainv\u00e4lisen Rotaryn humanitaarisia projekteja, osallistumme nuorisovaihtoon ja edist\u00e4mme l\u00e4hiseudun hyvinvointia. Klubimme on perustettu 6.10.1965. Kummiklubimme on Rovaniemen [&hellip;]<\/p>\n","protected":false},"author":1,"featured_media":0,"parent":0,"menu_order":0,"comment_status":"closed","ping_status":"closed","template":"","meta":{"_acf_changed":false,"_et_pb_use_builder":"on","_et_pb_old_content":"","_et_gb_content_width":"","footnotes":""},"class_list":["post-129","page","type-page","status-publish","hentry"],"acf":[],"yoast_head":"<!-- This site is optimized with the Yoast SEO plugin v27.4 - https:\/\/yoast.com\/product\/yoast-seo-wordpress\/ -->\n<title>Keit\u00e4 olemme - Rovaniemi Santa Claus Rotaryklubi<\/title>\n<meta name=\"robots\" content=\"index, follow, max-snippet:-1, max-image-preview:large, max-video-preview:-1\" \/>\n<link rel=\"canonical\" href=\"https:\/\/rotary.fi\/rovaniemisantaclaus\/keita-olemme\/\" \/>\n<meta property=\"og:locale\" content=\"fi_FI\" \/>\n<meta property=\"og:type\" content=\"article\" \/>\n<meta property=\"og:title\" content=\"Keit\u00e4 olemme - Rovaniemi Santa Claus Rotaryklubi\" \/>\n<meta property=\"og:description\" content=\"Keit\u00e4 olemme Keit\u00e4 olemme Rovaniemi Santa Claus Rotaryklubi on nuorempi Rovaniemen kahdesta rotaryklubista. Kokoonnumme (normaalioloissa) lounaskokoukseen torstaisin klo 11.30-12.45 Hotelli Santa Clausiin tapaamaan toisiamme, kuulemaan kiinnostavia esitelmi\u00e4 ja edist\u00e4m\u00e4\u00e4n hyv\u00e4\u00e4 omalla paikkakunnallamme. K\u00e4ymme my\u00f6s vierailemassa erilaisissa kohteissa. Tuemme kansainv\u00e4lisen Rotaryn humanitaarisia projekteja, osallistumme nuorisovaihtoon ja edist\u00e4mme l\u00e4hiseudun hyvinvointia. Klubimme on perustettu 6.10.1965. Kummiklubimme on Rovaniemen [&hellip;]\" \/>\n<meta property=\"og:url\" content=\"https:\/\/rotary.fi\/rovaniemisantaclaus\/keita-olemme\/\" \/>\n<meta property=\"og:site_name\" content=\"Rovaniemi Santa Claus Rotaryklubi\" \/>\n<meta property=\"article:modified_time\" content=\"2022-08-23T18:19:47+00:00\" \/>\n<meta name=\"twitter:card\" content=\"summary_large_image\" \/>\n<meta name=\"twitter:label1\" content=\"Arvioitu lukuaika\" \/>\n\t<meta name=\"twitter:data1\" content=\"3 minuuttia\" \/>\n<script type=\"application\/ld+json\" class=\"yoast-schema-graph\">{\"@context\":\"https:\\\/\\\/schema.org\",\"@graph\":[{\"@type\":\"WebPage\",\"@id\":\"https:\\\/\\\/rotary.fi\\\/rovaniemisantaclaus\\\/keita-olemme\\\/\",\"url\":\"https:\\\/\\\/rotary.fi\\\/rovaniemisantaclaus\\\/keita-olemme\\\/\",\"name\":\"Keit\u00e4 olemme - Rovaniemi Santa Claus Rotaryklubi\",\"isPartOf\":{\"@id\":\"https:\\\/\\\/rotary.fi\\\/rovaniemisantaclaus\\\/#website\"},\"datePublished\":\"2018-08-10T10:41:39+00:00\",\"dateModified\":\"2022-08-23T18:19:47+00:00\",\"breadcrumb\":{\"@id\":\"https:\\\/\\\/rotary.fi\\\/rovaniemisantaclaus\\\/keita-olemme\\\/#breadcrumb\"},\"inLanguage\":\"fi\",\"potentialAction\":[{\"@type\":\"ReadAction\",\"target\":[\"https:\\\/\\\/rotary.fi\\\/rovaniemisantaclaus\\\/keita-olemme\\\/\"]}]},{\"@type\":\"BreadcrumbList\",\"@id\":\"https:\\\/\\\/rotary.fi\\\/rovaniemisantaclaus\\\/keita-olemme\\\/#breadcrumb\",\"itemListElement\":[{\"@type\":\"ListItem\",\"position\":1,\"name\":\"Home\",\"item\":\"https:\\\/\\\/rotary.fi\\\/rovaniemisantaclaus\\\/\"},{\"@type\":\"ListItem\",\"position\":2,\"name\":\"Keit\u00e4 olemme\"}]},{\"@type\":\"WebSite\",\"@id\":\"https:\\\/\\\/rotary.fi\\\/rovaniemisantaclaus\\\/#website\",\"url\":\"https:\\\/\\\/rotary.fi\\\/rovaniemisantaclaus\\\/\",\"name\":\"Rovaniemi Santa Claus Rotaryklubi\",\"description\":\"Uusi Rotary klubisivusto\",\"potentialAction\":[{\"@type\":\"SearchAction\",\"target\":{\"@type\":\"EntryPoint\",\"urlTemplate\":\"https:\\\/\\\/rotary.fi\\\/rovaniemisantaclaus\\\/?s={search_term_string}\"},\"query-input\":{\"@type\":\"PropertyValueSpecification\",\"valueRequired\":true,\"valueName\":\"search_term_string\"}}],\"inLanguage\":\"fi\"}]}<\/script>\n<!-- \/ Yoast SEO plugin. -->","yoast_head_json":{"title":"Keit\u00e4 olemme - Rovaniemi Santa Claus Rotaryklubi","robots":{"index":"index","follow":"follow","max-snippet":"max-snippet:-1","max-image-preview":"max-image-preview:large","max-video-preview":"max-video-preview:-1"},"canonical":"https:\/\/rotary.fi\/rovaniemisantaclaus\/keita-olemme\/","og_locale":"fi_FI","og_type":"article","og_title":"Keit\u00e4 olemme - Rovaniemi Santa Claus Rotaryklubi","og_description":"Keit\u00e4 olemme Keit\u00e4 olemme Rovaniemi Santa Claus Rotaryklubi on nuorempi Rovaniemen kahdesta rotaryklubista. Kokoonnumme (normaalioloissa) lounaskokoukseen torstaisin klo 11.30-12.45 Hotelli Santa Clausiin tapaamaan toisiamme, kuulemaan kiinnostavia esitelmi\u00e4 ja edist\u00e4m\u00e4\u00e4n hyv\u00e4\u00e4 omalla paikkakunnallamme. K\u00e4ymme my\u00f6s vierailemassa erilaisissa kohteissa. Tuemme kansainv\u00e4lisen Rotaryn humanitaarisia projekteja, osallistumme nuorisovaihtoon ja edist\u00e4mme l\u00e4hiseudun hyvinvointia. Klubimme on perustettu 6.10.1965. Kummiklubimme on Rovaniemen [&hellip;]","og_url":"https:\/\/rotary.fi\/rovaniemisantaclaus\/keita-olemme\/","og_site_name":"Rovaniemi Santa Claus Rotaryklubi","article_modified_time":"2022-08-23T18:19:47+00:00","twitter_card":"summary_large_image","twitter_misc":{"Arvioitu lukuaika":"3 minuuttia"},"schema":{"@context":"https:\/\/schema.org","@graph":[{"@type":"WebPage","@id":"https:\/\/rotary.fi\/rovaniemisantaclaus\/keita-olemme\/","url":"https:\/\/rotary.fi\/rovaniemisantaclaus\/keita-olemme\/","name":"Keit\u00e4 olemme - Rovaniemi Santa Claus Rotaryklubi","isPartOf":{"@id":"https:\/\/rotary.fi\/rovaniemisantaclaus\/#website"},"datePublished":"2018-08-10T10:41:39+00:00","dateModified":"2022-08-23T18:19:47+00:00","breadcrumb":{"@id":"https:\/\/rotary.fi\/rovaniemisantaclaus\/keita-olemme\/#breadcrumb"},"inLanguage":"fi","potentialAction":[{"@type":"ReadAction","target":["https:\/\/rotary.fi\/rovaniemisantaclaus\/keita-olemme\/"]}]},{"@type":"BreadcrumbList","@id":"https:\/\/rotary.fi\/rovaniemisantaclaus\/keita-olemme\/#breadcrumb","itemListElement":[{"@type":"ListItem","position":1,"name":"Home","item":"https:\/\/rotary.fi\/rovaniemisantaclaus\/"},{"@type":"ListItem","position":2,"name":"Keit\u00e4 olemme"}]},{"@type":"WebSite","@id":"https:\/\/rotary.fi\/rovaniemisantaclaus\/#website","url":"https:\/\/rotary.fi\/rovaniemisantaclaus\/","name":"Rovaniemi Santa Claus Rotaryklubi","description":"Uusi Rotary klubisivusto","potentialAction":[{"@type":"SearchAction","target":{"@type":"EntryPoint","urlTemplate":"https:\/\/rotary.fi\/rovaniemisantaclaus\/?s={search_term_string}"},"query-input":{"@type":"PropertyValueSpecification","valueRequired":true,"valueName":"search_term_string"}}],"inLanguage":"fi"}]}},"lang":"fi","translations":{"fi":129,"en":1424},"pll_sync_post":[],"_links":{"self":[{"href":"https:\/\/rotary.fi\/rovaniemisantaclaus\/wp-json\/wp\/v2\/pages\/129","targetHints":{"allow":["GET"]}}],"collection":[{"href":"https:\/\/rotary.fi\/rovaniemisantaclaus\/wp-json\/wp\/v2\/pages"}],"about":[{"href":"https:\/\/rotary.fi\/rovaniemisantaclaus\/wp-json\/wp\/v2\/types\/page"}],"author":[{"embeddable":true,"href":"https:\/\/rotary.fi\/rovaniemisantaclaus\/wp-json\/wp\/v2\/users\/1"}],"replies":[{"embeddable":true,"href":"https:\/\/rotary.fi\/rovaniemisantaclaus\/wp-json\/wp\/v2\/comments?post=129"}],"version-history":[{"count":10,"href":"https:\/\/rotary.fi\/rovaniemisantaclaus\/wp-json\/wp\/v2\/pages\/129\/revisions"}],"predecessor-version":[{"id":2379,"href":"https:\/\/rotary.fi\/rovaniemisantaclaus\/wp-json\/wp\/v2\/pages\/129\/revisions\/2379"}],"wp:attachment":[{"href":"https:\/\/rotary.fi\/rovaniemisantaclaus\/wp-json\/wp\/v2\/media?parent=129"}],"curies":[{"name":"wp","href":"https:\/\/api.w.org\/{rel}","templated":true}]}}