{"id":258,"date":"2018-10-23T10:46:39","date_gmt":"2018-10-23T07:46:39","guid":{"rendered":"https:\/\/rotary.fi\/rovaniemenrotaryklubi\/?page_id=258"},"modified":"2025-10-23T17:44:38","modified_gmt":"2025-10-23T14:44:38","slug":"rovaniemen-rotaryklubin-sisaiset-jasensivut","status":"publish","type":"page","link":"https:\/\/rotary.fi\/rovaniemenrotaryklubi\/rovaniemen-rotaryklubin-sisaiset-jasensivut\/","title":{"rendered":"Rovaniemen Rotaryklubin sis\u00e4iset j\u00e4sensivut"},"content":{"rendered":"","protected":true},"excerpt":{"rendered":"","protected":true},"author":1,"featured_media":0,"parent":0,"menu_order":0,"comment_status":"closed","ping_status":"closed","template":"","meta":{"_acf_changed":false,"_et_pb_use_builder":"on","_et_pb_old_content":"","_et_gb_content_width":"","footnotes":""},"class_list":["post-258","page","type-page","status-publish","post-password-required","hentry"],"acf":[],"yoast_head":"<!-- This site is optimized with the Yoast SEO plugin v27.4 - https:\/\/yoast.com\/product\/yoast-seo-wordpress\/ -->\n<title>Rovaniemen Rotaryklubin sis\u00e4iset j\u00e4sensivut - Rovaniemen Rotaryklubi<\/title>\n<meta name=\"description\" content=\"Rovaniemen Rotaryklubin j\u00e4senten sis\u00e4iset j\u00e4sensivut. Jos tarvitset apua kirjautumisessa, niin ota yhteytt\u00e4 presidenttiin tai sihteeriin.\" \/>\n<meta name=\"robots\" content=\"index, follow, max-snippet:-1, max-image-preview:large, max-video-preview:-1\" \/>\n<link rel=\"canonical\" href=\"https:\/\/rotary.fi\/rovaniemenrotaryklubi\/rovaniemen-rotaryklubin-sisaiset-jasensivut\/\" \/>\n<meta property=\"og:locale\" content=\"fi_FI\" \/>\n<meta property=\"og:type\" content=\"article\" \/>\n<meta property=\"og:title\" content=\"Rovaniemen Rotaryklubin sis\u00e4iset j\u00e4sensivut - Rovaniemen Rotaryklubi\" \/>\n<meta property=\"og:description\" content=\"Rovaniemen Rotaryklubin j\u00e4senten sis\u00e4iset j\u00e4sensivut. Jos tarvitset apua kirjautumisessa, niin ota yhteytt\u00e4 presidenttiin tai sihteeriin.\" \/>\n<meta property=\"og:url\" content=\"https:\/\/rotary.fi\/rovaniemenrotaryklubi\/rovaniemen-rotaryklubin-sisaiset-jasensivut\/\" \/>\n<meta property=\"og:site_name\" content=\"Rovaniemen Rotaryklubi\" \/>\n<meta property=\"article:publisher\" content=\"https:\/\/www.facebook.com\/rovaniemirotary\/\" \/>\n<meta property=\"article:modified_time\" content=\"2025-10-23T14:44:38+00:00\" \/>\n<meta name=\"twitter:card\" content=\"summary_large_image\" \/>\n<meta name=\"twitter:label1\" content=\"Arvioitu lukuaika\" \/>\n\t<meta name=\"twitter:data1\" content=\"13 minuuttia\" \/>\n<script type=\"application\/ld+json\" class=\"yoast-schema-graph\">{\"@context\":\"https:\\\/\\\/schema.org\",\"@graph\":[{\"@type\":\"WebPage\",\"@id\":\"https:\\\/\\\/rotary.fi\\\/rovaniemenrotaryklubi\\\/rovaniemen-rotaryklubin-sisaiset-jasensivut\\\/\",\"url\":\"https:\\\/\\\/rotary.fi\\\/rovaniemenrotaryklubi\\\/rovaniemen-rotaryklubin-sisaiset-jasensivut\\\/\",\"name\":\"Rovaniemen Rotaryklubin sis\u00e4iset j\u00e4sensivut - Rovaniemen Rotaryklubi\",\"isPartOf\":{\"@id\":\"https:\\\/\\\/rotary.fi\\\/rovaniemenrotaryklubi\\\/#website\"},\"datePublished\":\"2018-10-23T07:46:39+00:00\",\"dateModified\":\"2025-10-23T14:44:38+00:00\",\"breadcrumb\":{\"@id\":\"https:\\\/\\\/rotary.fi\\\/rovaniemenrotaryklubi\\\/rovaniemen-rotaryklubin-sisaiset-jasensivut\\\/#breadcrumb\"},\"inLanguage\":\"fi\"},{\"@type\":\"WebSite\",\"@id\":\"https:\\\/\\\/rotary.fi\\\/rovaniemenrotaryklubi\\\/#website\",\"url\":\"https:\\\/\\\/rotary.fi\\\/rovaniemenrotaryklubi\\\/\",\"name\":\"Rovaniemen Rotaryklubi\",\"description\":\"Uusi Rotary klubisivusto\",\"publisher\":{\"@id\":\"https:\\\/\\\/rotary.fi\\\/rovaniemenrotaryklubi\\\/#organization\"},\"potentialAction\":[{\"@type\":\"SearchAction\",\"target\":{\"@type\":\"EntryPoint\",\"urlTemplate\":\"https:\\\/\\\/rotary.fi\\\/rovaniemenrotaryklubi\\\/?s={search_term_string}\"},\"query-input\":{\"@type\":\"PropertyValueSpecification\",\"valueRequired\":true,\"valueName\":\"search_term_string\"}}],\"inLanguage\":\"fi\"},{\"@type\":\"Organization\",\"@id\":\"https:\\\/\\\/rotary.fi\\\/rovaniemenrotaryklubi\\\/#organization\",\"name\":\"Rovaniemen Rotaryklubi\",\"url\":\"https:\\\/\\\/rotary.fi\\\/rovaniemenrotaryklubi\\\/\",\"logo\":{\"@type\":\"ImageObject\",\"inLanguage\":\"fi\",\"@id\":\"https:\\\/\\\/rotary.fi\\\/rovaniemenrotaryklubi\\\/#\\\/schema\\\/logo\\\/image\\\/\",\"url\":\"https:\\\/\\\/rotary.fi\\\/rovaniemenrotaryklubi\\\/wp-content\\\/uploads\\\/sites\\\/212\\\/2023\\\/07\\\/rovaniemen-rotaryklubi.jpg\",\"contentUrl\":\"https:\\\/\\\/rotary.fi\\\/rovaniemenrotaryklubi\\\/wp-content\\\/uploads\\\/sites\\\/212\\\/2023\\\/07\\\/rovaniemen-rotaryklubi.jpg\",\"width\":465,\"height\":124,\"caption\":\"Rovaniemen Rotaryklubi\"},\"image\":{\"@id\":\"https:\\\/\\\/rotary.fi\\\/rovaniemenrotaryklubi\\\/#\\\/schema\\\/logo\\\/image\\\/\"},\"sameAs\":[\"https:\\\/\\\/www.facebook.com\\\/rovaniemirotary\\\/\"]}]}<\/script>\n<!-- \/ Yoast SEO plugin. -->","yoast_head_json":{"title":"Rovaniemen Rotaryklubin sis\u00e4iset j\u00e4sensivut - Rovaniemen Rotaryklubi","description":"Rovaniemen Rotaryklubin j\u00e4senten sis\u00e4iset j\u00e4sensivut. Jos tarvitset apua kirjautumisessa, niin ota yhteytt\u00e4 presidenttiin tai sihteeriin.","robots":{"index":"index","follow":"follow","max-snippet":"max-snippet:-1","max-image-preview":"max-image-preview:large","max-video-preview":"max-video-preview:-1"},"canonical":"https:\/\/rotary.fi\/rovaniemenrotaryklubi\/rovaniemen-rotaryklubin-sisaiset-jasensivut\/","og_locale":"fi_FI","og_type":"article","og_title":"Rovaniemen Rotaryklubin sis\u00e4iset j\u00e4sensivut - Rovaniemen Rotaryklubi","og_description":"Rovaniemen Rotaryklubin j\u00e4senten sis\u00e4iset j\u00e4sensivut. Jos tarvitset apua kirjautumisessa, niin ota yhteytt\u00e4 presidenttiin tai sihteeriin.","og_url":"https:\/\/rotary.fi\/rovaniemenrotaryklubi\/rovaniemen-rotaryklubin-sisaiset-jasensivut\/","og_site_name":"Rovaniemen Rotaryklubi","article_publisher":"https:\/\/www.facebook.com\/rovaniemirotary\/","article_modified_time":"2025-10-23T14:44:38+00:00","twitter_card":"summary_large_image","twitter_misc":{"Arvioitu lukuaika":"13 minuuttia"},"schema":{"@context":"https:\/\/schema.org","@graph":[{"@type":"WebPage","@id":"https:\/\/rotary.fi\/rovaniemenrotaryklubi\/rovaniemen-rotaryklubin-sisaiset-jasensivut\/","url":"https:\/\/rotary.fi\/rovaniemenrotaryklubi\/rovaniemen-rotaryklubin-sisaiset-jasensivut\/","name":"Rovaniemen Rotaryklubin sis\u00e4iset j\u00e4sensivut - Rovaniemen Rotaryklubi","isPartOf":{"@id":"https:\/\/rotary.fi\/rovaniemenrotaryklubi\/#website"},"datePublished":"2018-10-23T07:46:39+00:00","dateModified":"2025-10-23T14:44:38+00:00","breadcrumb":{"@id":"https:\/\/rotary.fi\/rovaniemenrotaryklubi\/rovaniemen-rotaryklubin-sisaiset-jasensivut\/#breadcrumb"},"inLanguage":"fi"},{"@type":"WebSite","@id":"https:\/\/rotary.fi\/rovaniemenrotaryklubi\/#website","url":"https:\/\/rotary.fi\/rovaniemenrotaryklubi\/","name":"Rovaniemen Rotaryklubi","description":"Uusi Rotary klubisivusto","publisher":{"@id":"https:\/\/rotary.fi\/rovaniemenrotaryklubi\/#organization"},"potentialAction":[{"@type":"SearchAction","target":{"@type":"EntryPoint","urlTemplate":"https:\/\/rotary.fi\/rovaniemenrotaryklubi\/?s={search_term_string}"},"query-input":{"@type":"PropertyValueSpecification","valueRequired":true,"valueName":"search_term_string"}}],"inLanguage":"fi"},{"@type":"Organization","@id":"https:\/\/rotary.fi\/rovaniemenrotaryklubi\/#organization","name":"Rovaniemen Rotaryklubi","url":"https:\/\/rotary.fi\/rovaniemenrotaryklubi\/","logo":{"@type":"ImageObject","inLanguage":"fi","@id":"https:\/\/rotary.fi\/rovaniemenrotaryklubi\/#\/schema\/logo\/image\/","url":"https:\/\/rotary.fi\/rovaniemenrotaryklubi\/wp-content\/uploads\/sites\/212\/2023\/07\/rovaniemen-rotaryklubi.jpg","contentUrl":"https:\/\/rotary.fi\/rovaniemenrotaryklubi\/wp-content\/uploads\/sites\/212\/2023\/07\/rovaniemen-rotaryklubi.jpg","width":465,"height":124,"caption":"Rovaniemen Rotaryklubi"},"image":{"@id":"https:\/\/rotary.fi\/rovaniemenrotaryklubi\/#\/schema\/logo\/image\/"},"sameAs":["https:\/\/www.facebook.com\/rovaniemirotary\/"]}]}},"lang":"fi","translations":{"fi":258},"pll_sync_post":[],"_links":{"self":[{"href":"https:\/\/rotary.fi\/rovaniemenrotaryklubi\/wp-json\/wp\/v2\/pages\/258","targetHints":{"allow":["GET"]}}],"collection":[{"href":"https:\/\/rotary.fi\/rovaniemenrotaryklubi\/wp-json\/wp\/v2\/pages"}],"about":[{"href":"https:\/\/rotary.fi\/rovaniemenrotaryklubi\/wp-json\/wp\/v2\/types\/page"}],"author":[{"embeddable":true,"href":"https:\/\/rotary.fi\/rovaniemenrotaryklubi\/wp-json\/wp\/v2\/users\/1"}],"replies":[{"embeddable":true,"href":"https:\/\/rotary.fi\/rovaniemenrotaryklubi\/wp-json\/wp\/v2\/comments?post=258"}],"version-history":[{"count":10,"href":"https:\/\/rotary.fi\/rovaniemenrotaryklubi\/wp-json\/wp\/v2\/pages\/258\/revisions"}],"predecessor-version":[{"id":3655,"href":"https:\/\/rotary.fi\/rovaniemenrotaryklubi\/wp-json\/wp\/v2\/pages\/258\/revisions\/3655"}],"wp:attachment":[{"href":"https:\/\/rotary.fi\/rovaniemenrotaryklubi\/wp-json\/wp\/v2\/media?parent=258"}],"curies":[{"name":"wp","href":"https:\/\/api.w.org\/{rel}","templated":true}]}}