{"id":2521,"date":"2023-07-14T13:57:41","date_gmt":"2023-07-14T10:57:41","guid":{"rendered":"https:\/\/rotary.fi\/rovaniemenrotaryklubi\/?page_id=2521"},"modified":"2025-07-04T13:08:52","modified_gmt":"2025-07-04T10:08:52","slug":"club-board-of-directors-and-officers","status":"publish","type":"page","link":"https:\/\/rotary.fi\/rovaniemenrotaryklubi\/en\/who-we-are\/club-board-of-directors-and-officers\/","title":{"rendered":"Club Board of Directors and Officers"},"content":{"rendered":"<p>[et_pb_section fb_built=&#8221;1&#8243; module_class=&#8221;jumbotron-page&#8221; _builder_version=&#8221;4.16&#8243; background_image=&#8221;https:\/\/rotary.fi\/rovaniemenrotaryklubi\/wp-content\/uploads\/sites\/212\/2018\/10\/rotary_klubit_alasivu_paakuva_12.jpg&#8221; global_colors_info=&#8221;{}&#8221;][et_pb_row _builder_version=&#8221;4.16&#8243; background_size=&#8221;initial&#8221; background_position=&#8221;top_left&#8221; background_repeat=&#8221;repeat&#8221; global_colors_info=&#8221;{}&#8221;][et_pb_column type=&#8221;4_4&#8243; _builder_version=&#8221;4.16&#8243; custom_padding=&#8221;|||&#8221; global_colors_info=&#8221;{}&#8221; custom_padding__hover=&#8221;|||&#8221;][et_pb_text admin_label=&#8221;P\u00e4\u00e4otsikko&#8221; _builder_version=&#8221;4.16&#8243; text_orientation=&#8221;center&#8221; background_layout=&#8221;dark&#8221; global_colors_info=&#8221;{}&#8221;]<\/p>\n<h1><strong>Club Board of Directors and Officers<\/strong><\/h1>\n<p>[\/et_pb_text][\/et_pb_column][\/et_pb_row][\/et_pb_section][et_pb_section fb_built=&#8221;1&#8243; specialty=&#8221;on&#8221; module_class_2=&#8221;sivupalkki&#8221; _builder_version=&#8221;4.16&#8243; global_colors_info=&#8221;{}&#8221;][et_pb_column type=&#8221;2_3&#8243; specialty_columns=&#8221;2&#8243; _builder_version=&#8221;4.16&#8243; custom_padding=&#8221;|||&#8221; global_colors_info=&#8221;{}&#8221; custom_padding__hover=&#8221;|||&#8221;][et_pb_row_inner admin_label=&#8221;Rivi&#8221; _builder_version=&#8221;4.16&#8243; global_colors_info=&#8221;{}&#8221;][et_pb_column_inner saved_specialty_column_type=&#8221;2_3&#8243; _builder_version=&#8221;4.16&#8243; custom_padding=&#8221;|||&#8221; global_colors_info=&#8221;{}&#8221; custom_padding__hover=&#8221;|||&#8221;][et_pb_text admin_label=&#8221;Otsikko&#8221; _builder_version=&#8221;4.16&#8243; text_orientation=&#8221;center&#8221; global_colors_info=&#8221;{}&#8221;]<\/p>\n<h1><strong>Club Board of Directors and Officers for the 2025-2026<\/strong><\/h1>\n<p>[\/et_pb_text][\/et_pb_column_inner][\/et_pb_row_inner][et_pb_row_inner column_structure=&#8221;1_2,1_2&#8243; admin_label=&#8221;Rivi&#8221; _builder_version=&#8221;4.16&#8243; global_colors_info=&#8221;{}&#8221;][et_pb_column_inner type=&#8221;1_2&#8243; saved_specialty_column_type=&#8221;2_3&#8243; _builder_version=&#8221;4.16&#8243; custom_padding=&#8221;|||&#8221; global_colors_info=&#8221;{}&#8221; custom_padding__hover=&#8221;|||&#8221;][et_pb_team_member name=&#8221;Esa M\u00e4kinen&#8221; position=&#8221;President 2025-2026&#8243; admin_label=&#8221;Presidentti&#8221; _builder_version=&#8221;4.16&#8243; z_index_tablet=&#8221;500&#8243; header_text_shadow_horizontal_length_tablet=&#8221;0px&#8221; header_text_shadow_vertical_length_tablet=&#8221;0px&#8221; header_text_shadow_blur_strength_tablet=&#8221;1px&#8221; body_text_shadow_horizontal_length_tablet=&#8221;0px&#8221; body_text_shadow_vertical_length_tablet=&#8221;0px&#8221; body_text_shadow_blur_strength_tablet=&#8221;1px&#8221; position_text_shadow_horizontal_length_tablet=&#8221;0px&#8221; position_text_shadow_vertical_length_tablet=&#8221;0px&#8221; position_text_shadow_blur_strength_tablet=&#8221;1px&#8221; body_link_text_shadow_horizontal_length_tablet=&#8221;0px&#8221; body_link_text_shadow_vertical_length_tablet=&#8221;0px&#8221; body_link_text_shadow_blur_strength_tablet=&#8221;1px&#8221; body_ul_text_shadow_horizontal_length_tablet=&#8221;0px&#8221; body_ul_text_shadow_vertical_length_tablet=&#8221;0px&#8221; body_ul_text_shadow_blur_strength_tablet=&#8221;1px&#8221; body_ol_text_shadow_horizontal_length_tablet=&#8221;0px&#8221; body_ol_text_shadow_vertical_length_tablet=&#8221;0px&#8221; body_ol_text_shadow_blur_strength_tablet=&#8221;1px&#8221; body_quote_text_shadow_horizontal_length_tablet=&#8221;0px&#8221; body_quote_text_shadow_vertical_length_tablet=&#8221;0px&#8221; body_quote_text_shadow_blur_strength_tablet=&#8221;1px&#8221; box_shadow_horizontal_tablet=&#8221;0px&#8221; box_shadow_vertical_tablet=&#8221;0px&#8221; box_shadow_blur_tablet=&#8221;40px&#8221; box_shadow_spread_tablet=&#8221;0px&#8221; box_shadow_horizontal_image_tablet=&#8221;0px&#8221; box_shadow_vertical_image_tablet=&#8221;0px&#8221; box_shadow_blur_image_tablet=&#8221;40px&#8221; box_shadow_spread_image_tablet=&#8221;0px&#8221; text_shadow_horizontal_length_tablet=&#8221;0px&#8221; text_shadow_vertical_length_tablet=&#8221;0px&#8221; text_shadow_blur_strength_tablet=&#8221;1px&#8221; global_colors_info=&#8221;{}&#8221;]<\/p>\n<p>Rovaniemi Rotary Club\u00a0<\/p>\n<p>email: esa.makinen52@gmail.com<\/p>\n<p>&nbsp;<\/p>\n<p>[\/et_pb_team_member][\/et_pb_column_inner][et_pb_column_inner type=&#8221;1_2&#8243; saved_specialty_column_type=&#8221;2_3&#8243; _builder_version=&#8221;4.16&#8243; custom_padding=&#8221;|||&#8221; global_colors_info=&#8221;{}&#8221; custom_padding__hover=&#8221;|||&#8221;][et_pb_text _builder_version=&#8221;4.21.0&#8243; z_index_tablet=&#8221;500&#8243; text_text_shadow_horizontal_length_tablet=&#8221;0px&#8221; text_text_shadow_vertical_length_tablet=&#8221;0px&#8221; text_text_shadow_blur_strength_tablet=&#8221;1px&#8221; link_text_shadow_horizontal_length_tablet=&#8221;0px&#8221; link_text_shadow_vertical_length_tablet=&#8221;0px&#8221; link_text_shadow_blur_strength_tablet=&#8221;1px&#8221; ul_text_shadow_horizontal_length_tablet=&#8221;0px&#8221; ul_text_shadow_vertical_length_tablet=&#8221;0px&#8221; ul_text_shadow_blur_strength_tablet=&#8221;1px&#8221; ol_text_shadow_horizontal_length_tablet=&#8221;0px&#8221; ol_text_shadow_vertical_length_tablet=&#8221;0px&#8221; ol_text_shadow_blur_strength_tablet=&#8221;1px&#8221; quote_text_shadow_horizontal_length_tablet=&#8221;0px&#8221; quote_text_shadow_vertical_length_tablet=&#8221;0px&#8221; quote_text_shadow_blur_strength_tablet=&#8221;1px&#8221; header_text_shadow_horizontal_length_tablet=&#8221;0px&#8221; header_text_shadow_vertical_length_tablet=&#8221;0px&#8221; header_text_shadow_blur_strength_tablet=&#8221;1px&#8221; header_2_text_shadow_horizontal_length_tablet=&#8221;0px&#8221; header_2_text_shadow_vertical_length_tablet=&#8221;0px&#8221; header_2_text_shadow_blur_strength_tablet=&#8221;1px&#8221; header_3_text_shadow_horizontal_length_tablet=&#8221;0px&#8221; header_3_text_shadow_vertical_length_tablet=&#8221;0px&#8221; header_3_text_shadow_blur_strength_tablet=&#8221;1px&#8221; header_4_text_shadow_horizontal_length_tablet=&#8221;0px&#8221; header_4_text_shadow_vertical_length_tablet=&#8221;0px&#8221; header_4_text_shadow_blur_strength_tablet=&#8221;1px&#8221; header_5_text_shadow_horizontal_length_tablet=&#8221;0px&#8221; header_5_text_shadow_vertical_length_tablet=&#8221;0px&#8221; header_5_text_shadow_blur_strength_tablet=&#8221;1px&#8221; header_6_text_shadow_horizontal_length_tablet=&#8221;0px&#8221; header_6_text_shadow_vertical_length_tablet=&#8221;0px&#8221; header_6_text_shadow_blur_strength_tablet=&#8221;1px&#8221; box_shadow_horizontal_tablet=&#8221;0px&#8221; box_shadow_vertical_tablet=&#8221;0px&#8221; box_shadow_blur_tablet=&#8221;40px&#8221; box_shadow_spread_tablet=&#8221;0px&#8221; global_colors_info=&#8221;{}&#8221;]<\/p>\n<h2>Club Board of Directors<\/h2>\n<p><strong>President 2025-2026 <\/strong>Esa M\u00e4kinen<strong><br \/><\/strong><strong>President Elect <\/strong>Matias Kassala<br \/><strong>Vice President<\/strong> Manu Pajuluoma<br \/><strong>Past President <\/strong>Toni Kurvinen<br \/><strong>First Secretary<\/strong><span>\u00a0<\/span>&#8211;<br \/><strong>Treasurer<\/strong> Ahti Ylim\u00e4inen<br \/><strong>Youth Exchange Officer <\/strong>Victoria Mlakar<br \/><strong>Club Sergeant-At-Arms <\/strong>Antti Etel\u00e4aho<\/p>\n<p><strong><br \/><\/strong><strong>2nd Secretary<\/strong><span> &#8211;<\/span><strong><br \/><\/strong><strong>3rd Secretary <\/strong>&#8211;<strong><br \/><\/strong><\/p>\n<p><strong><\/strong><\/p>\n<div class=\"d9FyLd\">\n<p><b>Operations inspector <\/b>Marko Ruuska, debuty Erkki Kaila<\/p>\n<p>&nbsp;<\/p>\n<\/div>\n<h2><strong>Public Image and Membership Committee<\/strong><\/h2>\n<p><strong>Chair <\/strong>Antti Etel\u00e4aho<\/p>\n<h2><strong>Service Committee<\/strong><\/h2>\n<p><strong>Chair <\/strong>Kenneth Karlsson<strong><br \/><\/strong><\/p>\n<h2><strong>Rotary Foundation Committee<\/strong><\/h2>\n<p><strong>Chair <\/strong>Tapani Takalo<\/p>\n<p><strong>Youth Exchange Team <\/strong><strong>Chair <\/strong>Victoria Mlakar, Manu Pajuluoma<strong><br \/><\/strong><\/p>\n<h2><strong>Puistomets\u00e4 Management Board<\/strong><\/h2>\n<p><strong>Chair<\/strong> Esa M\u00e4kinen, Toni Kurvinen, Manu Pajuluoma<strong><br \/><\/strong><\/p>\n<h2><strong>Club Management Board<\/strong><\/h2>\n<p><strong>Chair <\/strong>Esa M\u00e4kinen, Ahti Ylim\u00e4inen<strong><br \/><\/strong><\/p>\n<p><strong><\/strong><\/p>\n<p>&nbsp;<\/p>\n<p>[\/et_pb_text][\/et_pb_column_inner][\/et_pb_row_inner][\/et_pb_column][et_pb_column type=&#8221;1_3&#8243; _builder_version=&#8221;4.16&#8243; custom_padding=&#8221;|||&#8221; global_colors_info=&#8221;{}&#8221; custom_padding__hover=&#8221;|||&#8221;][et_pb_sidebar area=&#8221;sidebar-1&#8243; module_class=&#8221;sivupalkki_sisalto&#8221; _builder_version=&#8221;4.16&#8243; locked=&#8221;on&#8221; global_colors_info=&#8221;{}&#8221;][\/et_pb_sidebar][\/et_pb_column][\/et_pb_section]<\/p>\n","protected":false},"excerpt":{"rendered":"<p>Club Board of Directors and OfficersClub Board of Directors and Officers for the 2025-2026Rovaniemi Rotary Club\u00a0 email: esa.makinen52@gmail.com &nbsp;Club Board of Directors President 2025-2026 Esa M\u00e4kinenPresident Elect Matias KassalaVice President Manu PajuluomaPast President Toni KurvinenFirst Secretary\u00a0-Treasurer Ahti Ylim\u00e4inenYouth Exchange Officer Victoria MlakarClub Sergeant-At-Arms Antti Etel\u00e4aho 2nd Secretary -3rd Secretary &#8211; Operations inspector Marko Ruuska, debuty [&hellip;]<\/p>\n","protected":false},"author":654,"featured_media":0,"parent":2054,"menu_order":0,"comment_status":"closed","ping_status":"closed","template":"","meta":{"_acf_changed":false,"_et_pb_use_builder":"on","_et_pb_old_content":"<strong>Hallituksen kokoonpano ja toimihenkil\u00f6t sek\u00e4 komiteoiden j\u00e4senet ja varahenkil\u00f6t vuodelle 2023\u20132024 <\/strong>Hallitus (* = hallituksen j\u00e4sen)\r\n<ul>\r\n \t<li>Presidentti* - Manu Pajuluoma<\/li>\r\n \t<li>Past presidentti* - Kenneth Karlsson<\/li>\r\n \t<li>Varapresidentti* - Erkki Huttunen<\/li>\r\n \t<li>Tuleva presidentti* - Toni Kurvinen<\/li>\r\n \t<li>Sihteeri* - Esa M\u00e4kinen<\/li>\r\n \t<li>Rahastonhoitaja* - Ahti Ylim\u00e4inen<\/li>\r\n \t<li>Nuorisovastaava* - Jari Nyk\u00e4nen<\/li>\r\n \t<li>Klubimestari* - Klaus Kianen<\/li>\r\n \t<li>2. sihteeri - Mirja Kangas<\/li>\r\n \t<li>3. sihteeri - Sakari Pyh\u00e4j\u00e4rvi<\/li>\r\n \t<li>It-vastaava Vesa-Matti Tolonen<\/li>\r\n<\/ul>\r\n\u00a0\r\n<ul>\r\n \t<li>Klubihallintokomitea: Manu Pajuluoma, Esa M\u00e4kinen, Ahti Ylim\u00e4inen<\/li>\r\n \t<li>Julkisuuskuva- ja j\u00e4senyyskomitea: Asko Kivilahti, Erkki Kaila, Klaus Kianen<\/li>\r\n \t<li>Rotarys\u00e4\u00e4ti\u00f6komitea: Tapani Takalo, Liikamaa Terho, Esko Lotvonen<\/li>\r\n \t<li>Palveluprojektikomitea: Kenneth Karlsson, Juhani Juuruspolvi, Sakari Pyh\u00e4j\u00e4rvi<\/li>\r\n \t<li>Puistomets\u00e4n hoitokunta: Manu Pajuluoma, Kenneth Karlsson, Tapani Takalo<\/li>\r\n \t<li>Nuorisovaihtotiimi: Jari Nyk\u00e4nen, Hannu Linjakumpu, Mirja Kangas<\/li>\r\n<\/ul>","_et_gb_content_width":"","footnotes":""},"class_list":["post-2521","page","type-page","status-publish","hentry"],"acf":[],"yoast_head":"<!-- This site is optimized with the Yoast SEO plugin v27.4 - https:\/\/yoast.com\/product\/yoast-seo-wordpress\/ -->\n<title>Club Board of Directors and Officers - Rovaniemen Rotaryklubi<\/title>\n<meta name=\"description\" content=\"Rovaniemi Rotary Club Board of Directors and Officers\" \/>\n<meta name=\"robots\" content=\"index, follow, max-snippet:-1, max-image-preview:large, max-video-preview:-1\" \/>\n<link rel=\"canonical\" href=\"https:\/\/rotary.fi\/rovaniemenrotaryklubi\/en\/who-we-are\/club-board-of-directors-and-officers\/\" \/>\n<meta property=\"og:locale\" content=\"fi_FI\" \/>\n<meta property=\"og:type\" content=\"article\" \/>\n<meta property=\"og:title\" content=\"Club Board of Directors and Officers - Rovaniemen Rotaryklubi\" \/>\n<meta property=\"og:description\" content=\"Rovaniemi Rotary Club Board of Directors and Officers\" \/>\n<meta property=\"og:url\" content=\"https:\/\/rotary.fi\/rovaniemenrotaryklubi\/en\/who-we-are\/club-board-of-directors-and-officers\/\" \/>\n<meta property=\"og:site_name\" content=\"Rovaniemen Rotaryklubi\" \/>\n<meta property=\"article:publisher\" content=\"https:\/\/www.facebook.com\/rovaniemirotary\/\" \/>\n<meta property=\"article:modified_time\" content=\"2025-07-04T10:08:52+00:00\" \/>\n<meta name=\"twitter:card\" content=\"summary_large_image\" \/>\n<meta name=\"twitter:label1\" content=\"Arvioitu lukuaika\" \/>\n\t<meta name=\"twitter:data1\" content=\"2 minuuttia\" \/>\n<script type=\"application\/ld+json\" class=\"yoast-schema-graph\">{\"@context\":\"https:\\\/\\\/schema.org\",\"@graph\":[{\"@type\":\"WebPage\",\"@id\":\"https:\\\/\\\/rotary.fi\\\/rovaniemenrotaryklubi\\\/en\\\/who-we-are\\\/club-board-of-directors-and-officers\\\/\",\"url\":\"https:\\\/\\\/rotary.fi\\\/rovaniemenrotaryklubi\\\/en\\\/who-we-are\\\/club-board-of-directors-and-officers\\\/\",\"name\":\"Club Board of Directors and Officers - Rovaniemen Rotaryklubi\",\"isPartOf\":{\"@id\":\"https:\\\/\\\/rotary.fi\\\/rovaniemenrotaryklubi\\\/#website\"},\"datePublished\":\"2023-07-14T10:57:41+00:00\",\"dateModified\":\"2025-07-04T10:08:52+00:00\",\"description\":\"Rovaniemi Rotary Club Board of Directors and Officers\",\"breadcrumb\":{\"@id\":\"https:\\\/\\\/rotary.fi\\\/rovaniemenrotaryklubi\\\/en\\\/who-we-are\\\/club-board-of-directors-and-officers\\\/#breadcrumb\"},\"inLanguage\":\"fi\",\"potentialAction\":[{\"@type\":\"ReadAction\",\"target\":[\"https:\\\/\\\/rotary.fi\\\/rovaniemenrotaryklubi\\\/en\\\/who-we-are\\\/club-board-of-directors-and-officers\\\/\"]}]},{\"@type\":\"BreadcrumbList\",\"@id\":\"https:\\\/\\\/rotary.fi\\\/rovaniemenrotaryklubi\\\/en\\\/who-we-are\\\/club-board-of-directors-and-officers\\\/#breadcrumb\",\"itemListElement\":[{\"@type\":\"ListItem\",\"position\":1,\"name\":\"Home\",\"item\":\"https:\\\/\\\/rotary.fi\\\/rovaniemenrotaryklubi\\\/\"},{\"@type\":\"ListItem\",\"position\":2,\"name\":\"Who We Are\",\"item\":\"https:\\\/\\\/rotary.fi\\\/rovaniemenrotaryklubi\\\/en\\\/who-we-are\\\/\"},{\"@type\":\"ListItem\",\"position\":3,\"name\":\"Club Board of Directors and Officers\"}]},{\"@type\":\"WebSite\",\"@id\":\"https:\\\/\\\/rotary.fi\\\/rovaniemenrotaryklubi\\\/#website\",\"url\":\"https:\\\/\\\/rotary.fi\\\/rovaniemenrotaryklubi\\\/\",\"name\":\"Rovaniemen Rotaryklubi\",\"description\":\"Uusi Rotary klubisivusto\",\"publisher\":{\"@id\":\"https:\\\/\\\/rotary.fi\\\/rovaniemenrotaryklubi\\\/#organization\"},\"potentialAction\":[{\"@type\":\"SearchAction\",\"target\":{\"@type\":\"EntryPoint\",\"urlTemplate\":\"https:\\\/\\\/rotary.fi\\\/rovaniemenrotaryklubi\\\/?s={search_term_string}\"},\"query-input\":{\"@type\":\"PropertyValueSpecification\",\"valueRequired\":true,\"valueName\":\"search_term_string\"}}],\"inLanguage\":\"fi\"},{\"@type\":\"Organization\",\"@id\":\"https:\\\/\\\/rotary.fi\\\/rovaniemenrotaryklubi\\\/#organization\",\"name\":\"Rovaniemen Rotaryklubi\",\"url\":\"https:\\\/\\\/rotary.fi\\\/rovaniemenrotaryklubi\\\/\",\"logo\":{\"@type\":\"ImageObject\",\"inLanguage\":\"fi\",\"@id\":\"https:\\\/\\\/rotary.fi\\\/rovaniemenrotaryklubi\\\/#\\\/schema\\\/logo\\\/image\\\/\",\"url\":\"https:\\\/\\\/rotary.fi\\\/rovaniemenrotaryklubi\\\/wp-content\\\/uploads\\\/sites\\\/212\\\/2023\\\/07\\\/rovaniemen-rotaryklubi.jpg\",\"contentUrl\":\"https:\\\/\\\/rotary.fi\\\/rovaniemenrotaryklubi\\\/wp-content\\\/uploads\\\/sites\\\/212\\\/2023\\\/07\\\/rovaniemen-rotaryklubi.jpg\",\"width\":465,\"height\":124,\"caption\":\"Rovaniemen Rotaryklubi\"},\"image\":{\"@id\":\"https:\\\/\\\/rotary.fi\\\/rovaniemenrotaryklubi\\\/#\\\/schema\\\/logo\\\/image\\\/\"},\"sameAs\":[\"https:\\\/\\\/www.facebook.com\\\/rovaniemirotary\\\/\"]}]}<\/script>\n<!-- \/ Yoast SEO plugin. -->","yoast_head_json":{"title":"Club Board of Directors and Officers - Rovaniemen Rotaryklubi","description":"Rovaniemi Rotary Club Board of Directors and Officers","robots":{"index":"index","follow":"follow","max-snippet":"max-snippet:-1","max-image-preview":"max-image-preview:large","max-video-preview":"max-video-preview:-1"},"canonical":"https:\/\/rotary.fi\/rovaniemenrotaryklubi\/en\/who-we-are\/club-board-of-directors-and-officers\/","og_locale":"fi_FI","og_type":"article","og_title":"Club Board of Directors and Officers - Rovaniemen Rotaryklubi","og_description":"Rovaniemi Rotary Club Board of Directors and Officers","og_url":"https:\/\/rotary.fi\/rovaniemenrotaryklubi\/en\/who-we-are\/club-board-of-directors-and-officers\/","og_site_name":"Rovaniemen Rotaryklubi","article_publisher":"https:\/\/www.facebook.com\/rovaniemirotary\/","article_modified_time":"2025-07-04T10:08:52+00:00","twitter_card":"summary_large_image","twitter_misc":{"Arvioitu lukuaika":"2 minuuttia"},"schema":{"@context":"https:\/\/schema.org","@graph":[{"@type":"WebPage","@id":"https:\/\/rotary.fi\/rovaniemenrotaryklubi\/en\/who-we-are\/club-board-of-directors-and-officers\/","url":"https:\/\/rotary.fi\/rovaniemenrotaryklubi\/en\/who-we-are\/club-board-of-directors-and-officers\/","name":"Club Board of Directors and Officers - Rovaniemen Rotaryklubi","isPartOf":{"@id":"https:\/\/rotary.fi\/rovaniemenrotaryklubi\/#website"},"datePublished":"2023-07-14T10:57:41+00:00","dateModified":"2025-07-04T10:08:52+00:00","description":"Rovaniemi Rotary Club Board of Directors and Officers","breadcrumb":{"@id":"https:\/\/rotary.fi\/rovaniemenrotaryklubi\/en\/who-we-are\/club-board-of-directors-and-officers\/#breadcrumb"},"inLanguage":"fi","potentialAction":[{"@type":"ReadAction","target":["https:\/\/rotary.fi\/rovaniemenrotaryklubi\/en\/who-we-are\/club-board-of-directors-and-officers\/"]}]},{"@type":"BreadcrumbList","@id":"https:\/\/rotary.fi\/rovaniemenrotaryklubi\/en\/who-we-are\/club-board-of-directors-and-officers\/#breadcrumb","itemListElement":[{"@type":"ListItem","position":1,"name":"Home","item":"https:\/\/rotary.fi\/rovaniemenrotaryklubi\/"},{"@type":"ListItem","position":2,"name":"Who We Are","item":"https:\/\/rotary.fi\/rovaniemenrotaryklubi\/en\/who-we-are\/"},{"@type":"ListItem","position":3,"name":"Club Board of Directors and Officers"}]},{"@type":"WebSite","@id":"https:\/\/rotary.fi\/rovaniemenrotaryklubi\/#website","url":"https:\/\/rotary.fi\/rovaniemenrotaryklubi\/","name":"Rovaniemen Rotaryklubi","description":"Uusi Rotary klubisivusto","publisher":{"@id":"https:\/\/rotary.fi\/rovaniemenrotaryklubi\/#organization"},"potentialAction":[{"@type":"SearchAction","target":{"@type":"EntryPoint","urlTemplate":"https:\/\/rotary.fi\/rovaniemenrotaryklubi\/?s={search_term_string}"},"query-input":{"@type":"PropertyValueSpecification","valueRequired":true,"valueName":"search_term_string"}}],"inLanguage":"fi"},{"@type":"Organization","@id":"https:\/\/rotary.fi\/rovaniemenrotaryklubi\/#organization","name":"Rovaniemen Rotaryklubi","url":"https:\/\/rotary.fi\/rovaniemenrotaryklubi\/","logo":{"@type":"ImageObject","inLanguage":"fi","@id":"https:\/\/rotary.fi\/rovaniemenrotaryklubi\/#\/schema\/logo\/image\/","url":"https:\/\/rotary.fi\/rovaniemenrotaryklubi\/wp-content\/uploads\/sites\/212\/2023\/07\/rovaniemen-rotaryklubi.jpg","contentUrl":"https:\/\/rotary.fi\/rovaniemenrotaryklubi\/wp-content\/uploads\/sites\/212\/2023\/07\/rovaniemen-rotaryklubi.jpg","width":465,"height":124,"caption":"Rovaniemen Rotaryklubi"},"image":{"@id":"https:\/\/rotary.fi\/rovaniemenrotaryklubi\/#\/schema\/logo\/image\/"},"sameAs":["https:\/\/www.facebook.com\/rovaniemirotary\/"]}]}},"lang":"en","translations":{"en":2521,"fi":2076},"pll_sync_post":[],"_links":{"self":[{"href":"https:\/\/rotary.fi\/rovaniemenrotaryklubi\/wp-json\/wp\/v2\/pages\/2521","targetHints":{"allow":["GET"]}}],"collection":[{"href":"https:\/\/rotary.fi\/rovaniemenrotaryklubi\/wp-json\/wp\/v2\/pages"}],"about":[{"href":"https:\/\/rotary.fi\/rovaniemenrotaryklubi\/wp-json\/wp\/v2\/types\/page"}],"author":[{"embeddable":true,"href":"https:\/\/rotary.fi\/rovaniemenrotaryklubi\/wp-json\/wp\/v2\/users\/654"}],"replies":[{"embeddable":true,"href":"https:\/\/rotary.fi\/rovaniemenrotaryklubi\/wp-json\/wp\/v2\/comments?post=2521"}],"version-history":[{"count":10,"href":"https:\/\/rotary.fi\/rovaniemenrotaryklubi\/wp-json\/wp\/v2\/pages\/2521\/revisions"}],"predecessor-version":[{"id":3512,"href":"https:\/\/rotary.fi\/rovaniemenrotaryklubi\/wp-json\/wp\/v2\/pages\/2521\/revisions\/3512"}],"up":[{"embeddable":true,"href":"https:\/\/rotary.fi\/rovaniemenrotaryklubi\/wp-json\/wp\/v2\/pages\/2054"}],"wp:attachment":[{"href":"https:\/\/rotary.fi\/rovaniemenrotaryklubi\/wp-json\/wp\/v2\/media?parent=2521"}],"curies":[{"name":"wp","href":"https:\/\/api.w.org\/{rel}","templated":true}]}}