{"id":2144,"date":"2023-06-30T12:53:00","date_gmt":"2023-06-30T09:53:00","guid":{"rendered":"https:\/\/rotary.fi\/rovaniemenrotaryklubi\/?page_id=2144"},"modified":"2023-10-13T07:58:09","modified_gmt":"2023-10-13T04:58:09","slug":"news-and-features","status":"publish","type":"page","link":"https:\/\/rotary.fi\/rovaniemenrotaryklubi\/en\/news-and-features\/","title":{"rendered":"News and Features"},"content":{"rendered":"<p>[et_pb_section fb_built=&#8221;1&#8243; module_class=&#8221;jumbotron-page&#8221; _builder_version=&#8221;4.16&#8243; background_image=&#8221;https:\/\/rotary.fi\/wp-content\/uploads\/2018\/02\/paakuva-sisasivu1.jpg&#8221; global_colors_info=&#8221;{}&#8221;][et_pb_row _builder_version=&#8221;4.16&#8243; background_size=&#8221;initial&#8221; background_position=&#8221;top_left&#8221; background_repeat=&#8221;repeat&#8221; global_colors_info=&#8221;{}&#8221;][et_pb_column type=&#8221;4_4&#8243; _builder_version=&#8221;4.16&#8243; custom_padding=&#8221;|||&#8221; global_colors_info=&#8221;{}&#8221; custom_padding__hover=&#8221;|||&#8221;][et_pb_text admin_label=&#8221;P\u00e4\u00e4otsikko&#8221; _builder_version=&#8221;4.16&#8243; text_orientation=&#8221;center&#8221; background_layout=&#8221;dark&#8221; global_colors_info=&#8221;{}&#8221;]<\/p>\n<h1>News and Features<\/h1>\n<p>[\/et_pb_text][\/et_pb_column][\/et_pb_row][\/et_pb_section][et_pb_section fb_built=&#8221;1&#8243; specialty=&#8221;on&#8221; module_class_2=&#8221;sivupalkki&#8221; _builder_version=&#8221;4.16&#8243; locked=&#8221;off&#8221; global_colors_info=&#8221;{}&#8221;][et_pb_column type=&#8221;2_3&#8243; specialty_columns=&#8221;2&#8243; _builder_version=&#8221;4.16&#8243; custom_padding=&#8221;|||&#8221; global_colors_info=&#8221;{}&#8221; custom_padding__hover=&#8221;|||&#8221;][et_pb_row_inner admin_label=&#8221;Rivi&#8221; _builder_version=&#8221;4.16&#8243; locked=&#8221;off&#8221; global_colors_info=&#8221;{}&#8221;][et_pb_column_inner saved_specialty_column_type=&#8221;2_3&#8243; _builder_version=&#8221;4.16&#8243; custom_padding=&#8221;|||&#8221; global_colors_info=&#8221;{}&#8221; custom_padding__hover=&#8221;|||&#8221;][et_pb_text admin_label=&#8221;Otsikko&#8221; _builder_version=&#8221;4.16&#8243; text_orientation=&#8221;center&#8221; global_colors_info=&#8221;{}&#8221;]<\/p>\n<h1>News and Features<\/h1>\n<p>[\/et_pb_text][et_pb_code admin_label=&#8221;Ajankohtaisten listaus&#8221; module_class=&#8221;kaikki_ajankohtaiset&#8221; _builder_version=&#8221;4.16&#8243; global_colors_info=&#8221;{}&#8221;]<ul class=\"display-posts-listing\"><li class=\"listing-item\"><a class=\"title\" href=\"https:\/\/rotary.fi\/rovaniemenrotaryklubi\/presidentin_uutiset\/rotarykauden-2025-kevaan-kuulumisia\/\">Rotarykauden 2025 kev\u00e4\u00e4n kuulumisia<\/a> <span class=\"date\">16.6. 2025<\/span><\/li><li class=\"listing-item\"><a class=\"title\" href=\"https:\/\/rotary.fi\/rovaniemenrotaryklubi\/presidentin_uutiset\/rotarykauden-2024-syksyn-kuulumisia\/\">Rotarykauden 2024 syksyn kuulumisia<\/a> <span class=\"date\">3.12. 2024<\/span><\/li><li class=\"listing-item\"><a class=\"title\" href=\"https:\/\/rotary.fi\/rovaniemenrotaryklubi\/en\/ajankohtaiset\/the-rotary-wheel-turned-and-the-roles-of-president-were-passed-on-to-future-presidents\/\">The rotary wheel turned and the roles of president were passed on to future presidents<\/a> <span class=\"date\">24.6. 2024<\/span><\/li><li class=\"listing-item\"><a class=\"title\" href=\"https:\/\/rotary.fi\/rovaniemenrotaryklubi\/ajankohtaiset\/rotariratas-pyorahti-ja-presidentin-kaadyt-siirtyivat-tuleville-presidenteille\/\">Rotariratas py\u00f6r\u00e4hti ja presidentin k\u00e4\u00e4dyt siirtyiv\u00e4t tuleville presidenteille<\/a> <span class=\"date\">24.6. 2024<\/span><\/li><li class=\"listing-item\"><a class=\"title\" href=\"https:\/\/rotary.fi\/rovaniemenrotaryklubi\/en\/presidentin_uutiset\/the-end-of-the-rotary-year-2023-2024-have-a-nice-summer\/\">The end of the Rotary year 2023-2024 &#8211; have a nice summer!<\/a> <span class=\"date\">17.6. 2024<\/span><\/li><li class=\"listing-item\"><a class=\"title\" href=\"https:\/\/rotary.fi\/rovaniemenrotaryklubi\/presidentin_uutiset\/rotarivuoden-2023-2024-paatos-mukavaa-kesaa\/\">Rotarivuoden 2023-2024 p\u00e4\u00e4t\u00f6s \u2013 mukavaa kes\u00e4\u00e4!<\/a> <span class=\"date\">17.6. 2024<\/span><\/li><li class=\"listing-item\"><a class=\"title\" href=\"https:\/\/rotary.fi\/rovaniemenrotaryklubi\/en\/ajankohtaiset\/happy-rotary-day-on-february-23rd-from-the-northern-lights-wicket\/\">Happy Rotary Day on February 23rd from the Northern Lights wicket!<\/a> <span class=\"date\">23.2. 2024<\/span><\/li><li class=\"listing-item\"><a class=\"title\" href=\"https:\/\/rotary.fi\/rovaniemenrotaryklubi\/ajankohtaiset\/hyvaa-rotarypaivaa-23-helmikuuta-revontulilaavulta\/\">Hyv\u00e4\u00e4 Rotaryp\u00e4iv\u00e4\u00e4 23. helmikuuta Revontulilaavulta!<\/a> <span class=\"date\">23.2. 2024<\/span><\/li><li class=\"listing-item\"><a class=\"title\" href=\"https:\/\/rotary.fi\/rovaniemenrotaryklubi\/en\/presidentin_uutiset\/the-rotary-year-2023-2024-is-halfway-through-have-a-peaceful-christmas\/\">The Rotary year 2023-2024 is halfway through &#8211; have a peaceful Christmas!<\/a> <span class=\"date\">23.12. 2023<\/span><\/li><li class=\"listing-item\"><a class=\"title\" href=\"https:\/\/rotary.fi\/rovaniemenrotaryklubi\/presidentin_uutiset\/rotarivuosi-2023-2024-on-puolivalissa-rauhallista-joulua\/\">Rotarivuosi 2023-2024 on puoliv\u00e4liss\u00e4 &#8211; rauhallista joulua!<\/a> <span class=\"date\">23.12. 2023<\/span><\/li><li class=\"listing-item\"><a class=\"title\" href=\"https:\/\/rotary.fi\/rovaniemenrotaryklubi\/en\/ajankohtaiset\/lets-eradicate-polio-from-the-world-join-the-fundraiser\/\">Let&#8217;s eradicate Polio from the world &#8211; join the fundraiser!<\/a> <span class=\"date\">16.10. 2023<\/span><\/li><li class=\"listing-item\"><a class=\"title\" href=\"https:\/\/rotary.fi\/rovaniemenrotaryklubi\/ajankohtaiset\/havitetaan-polio-maailmasta-osallistu-keraykseen\/\">H\u00e4vitet\u00e4\u00e4n Polio maailmasta &#8211; osallistu ker\u00e4ykseen!<\/a> <span class=\"date\">16.10. 2023<\/span><\/li><li class=\"listing-item\"><a class=\"title\" href=\"https:\/\/rotary.fi\/rovaniemenrotaryklubi\/en\/ajankohtaiset\/the-northern-light-wicket-is-now-open-for-the-joy-of-everybody\/\">The Northern Light Wicket is now open for the joy of everybody!<\/a> <span class=\"date\">16.10. 2023<\/span><\/li><li class=\"listing-item\"><a class=\"title\" href=\"https:\/\/rotary.fi\/rovaniemenrotaryklubi\/ajankohtaiset\/revontulilaavu-on-nyt-avattu-kaikkien-iloksi\/\">Revontulilaavu on nyt avattu kaikkien iloksi!<\/a> <span class=\"date\">16.10. 2023<\/span><\/li><li class=\"listing-item\"><a class=\"title\" href=\"https:\/\/rotary.fi\/rovaniemenrotaryklubi\/en\/ajankohtaiset\/the-opening-of-the-northern-lights-wicket-on-monday-16-october-2023-at-12-oclock\/\">The opening of the Northern Lights Wicket on Monday 16 October 2023 at 12 o&#8217;clock<\/a> <span class=\"date\">8.10. 2023<\/span><\/li><li class=\"listing-item\"><a class=\"title\" href=\"https:\/\/rotary.fi\/rovaniemenrotaryklubi\/ajankohtaiset\/revontulilaavun-avajaiset-maanantaina-16-10-2023-kello-12\/\">Revontulilaavun avajaiset maanantaina 16.10.2023 kello 12<\/a> <span class=\"date\">8.10. 2023<\/span><\/li><li class=\"listing-item\"><a class=\"title\" href=\"https:\/\/rotary.fi\/rovaniemenrotaryklubi\/en\/ajankohtaiset\/in-honor-of-aleksis-kivi-and-finnish-literature-day-check-out-our-open-bookshelf-at-sampokeskus\/\">In honor of Aleksis Kivi and Finnish Literature Day &#8211; check out our open bookshelf at Sampokeskus!<\/a> <span class=\"date\">6.10. 2023<\/span><\/li><li class=\"listing-item\"><a class=\"title\" href=\"https:\/\/rotary.fi\/rovaniemenrotaryklubi\/ajankohtaiset\/aleksis-kiven-ja-suomalaisen-kirjallisuuden-paivan-kunniaksi-tutustu-avoimeen-kirjahyllyymme-sampokeskuksessa\/\">Aleksis Kiven ja suomalaisen kirjallisuuden p\u00e4iv\u00e4n kunniaksi \u2013 tutustu avoimeen kirjahyllyymme Sampokeskuksessa!<\/a> <span class=\"date\">6.10. 2023<\/span><\/li><li class=\"listing-item\"><a class=\"title\" href=\"https:\/\/rotary.fi\/rovaniemenrotaryklubi\/en\/ajankohtaiset\/getting-to-know-companies-and-communities-there-is-strength-in-cooperation\/\">Getting to know companies and communities &#8211; there is strength in cooperation!<\/a> <span class=\"date\">19.9. 2023<\/span><\/li><li class=\"listing-item\"><a class=\"title\" href=\"https:\/\/rotary.fi\/rovaniemenrotaryklubi\/ajankohtaiset\/yrityksiin-ja-yhteisoihin-tutustumassa-yhteistyossa-on-voimaa\/\">Yrityksiin ja yhteis\u00f6ihin tutustumassa &#8211; yhteisty\u00f6ss\u00e4 on voimaa!<\/a> <span class=\"date\">19.9. 2023<\/span><\/li><li class=\"listing-item\"><a class=\"title\" href=\"https:\/\/rotary.fi\/rovaniemenrotaryklubi\/en\/ajankohtaiset\/news-from-the-world-our-exchange-students-pictures-from-colombia\/\">News from the world &#8211; our exchange students&#8217; pictures from Colombia<\/a> <span class=\"date\">12.9. 2023<\/span><\/li><li class=\"listing-item\"><a class=\"title\" href=\"https:\/\/rotary.fi\/rovaniemenrotaryklubi\/ajankohtaiset\/kuulumisia-maailmalta-vaihto-opiskelijamme-kuvia-kolumbiasta\/\">Kuulumisia maailmalta &#8211; vaihto-opiskelijamme kuvia Kolumbiasta<\/a> <span class=\"date\">12.9. 2023<\/span><\/li><li class=\"listing-item\"><a class=\"title\" href=\"https:\/\/rotary.fi\/rovaniemenrotaryklubi\/en\/ajankohtaiset\/happy-international-literacy-day-have-you-checked-out-our-open-bookshelf-yet\/\">Happy International Literacy Day &#8211; have you checked out our open bookshelf yet?<\/a> <span class=\"date\">8.9. 2023<\/span><\/li><li class=\"listing-item\"><a class=\"title\" href=\"https:\/\/rotary.fi\/rovaniemenrotaryklubi\/ajankohtaiset\/hyvaa-kansainvalista-lukutaidonpaivaa-oletko-jo-tutustunut-avoimeen-kirjahyllyymme\/\">Hyv\u00e4\u00e4 kansainv\u00e4list\u00e4 lukutaidonp\u00e4iv\u00e4\u00e4 &#8211; oletko jo tutustunut avoimeen kirjahyllyymme?<\/a> <span class=\"date\">8.9. 2023<\/span><\/li><li class=\"listing-item\"><a class=\"title\" href=\"https:\/\/rotary.fi\/rovaniemenrotaryklubi\/en\/ajankohtaiset\/the-construction-of-the-northern-lights-wicket-is-progressing-the-open-roof-construction-will-continue-on-wednesday-august-30-2023-from-5-p-m\/\">The construction of the Northern Lights wicket is progressing \u2013 the open roof construction will continue on Wednesday, August 30, 2023, from 5 p.m.!<\/a> <span class=\"date\">29.8. 2023<\/span><\/li><li class=\"listing-item\"><a class=\"title\" href=\"https:\/\/rotary.fi\/rovaniemenrotaryklubi\/ajankohtaiset\/revontulilaavun-rakentaminen-etenee-avoimet-kattotalkoot-jatkuvat-keskiviikkona-30-8-2023-kello-17-alkaen\/\">Revontulilaavun rakentaminen etenee \u2013 avoimet kattotalkoot jatkuvat keskiviikkona 30.8.2023 kello 17 alkaen!<\/a> <span class=\"date\">29.8. 2023<\/span><\/li><li class=\"listing-item\"><a class=\"title\" href=\"https:\/\/rotary.fi\/rovaniemenrotaryklubi\/en\/ajankohtaiset\/revontulilaavus-construction-continues-roof-construction-on-august-29-2023-from-5-p-m\/\">Revontulilaavu\u2019s construction continues &#8211; roof construction on August 29, 2023 from 5 p.m.!<\/a> <span class=\"date\">23.8. 2023<\/span><\/li><li class=\"listing-item\"><a class=\"title\" href=\"https:\/\/rotary.fi\/rovaniemenrotaryklubi\/ajankohtaiset\/revontulilaavun-rakentaminen-jatkuu-kattotalkoot-29-8-2023-kello-17-alkaen\/\">Revontulilaavun rakentaminen jatkuu &#8211; kattotalkoot 29.8.2023 kello 17 alkaen!<\/a> <span class=\"date\">23.8. 2023<\/span><\/li><li class=\"listing-item\"><a class=\"title\" href=\"https:\/\/rotary.fi\/rovaniemenrotaryklubi\/en\/ajankohtaiset\/application-period-to-exchange-2024-2025-in-progress\/\">To be an exchange student next year? Application period in progress!<\/a> <span class=\"date\">22.8. 2023<\/span><\/li><li class=\"listing-item\"><a class=\"title\" href=\"https:\/\/rotary.fi\/rovaniemenrotaryklubi\/ajankohtaiset\/haku-nuorisovaihtoon-2024-2025-kaynnissa\/\">Vaihto-oppilaaksi ensi vuonna? Haku nuorisovaihtoon on k\u00e4ynniss\u00e4!<\/a> <span class=\"date\">22.8. 2023<\/span><\/li><li class=\"listing-item\"><a class=\"title\" href=\"https:\/\/rotary.fi\/rovaniemenrotaryklubi\/en\/ajankohtaiset\/rotary-roulette-will-run-in-rovaniemis-old-market-on-august-18-20-2023\/\">Rotary roulette will run in Rovaniemi&#8217;s Old Market on August 18-20, 2023!<\/a> <span class=\"date\">18.8. 2023<\/span><\/li><li class=\"listing-item\"><a class=\"title\" href=\"https:\/\/rotary.fi\/rovaniemenrotaryklubi\/ajankohtaiset\/rotariruletti-pyorii-rovaniemen-wanhoilla-markkinoilla-18-20-8-2023\/\">Rotariruletti py\u00f6rii Rovaniemen Wanhoilla Markkinoilla 18-20.8.2023!<\/a> <span class=\"date\">18.8. 2023<\/span><\/li><li class=\"listing-item\"><a class=\"title\" href=\"https:\/\/rotary.fi\/rovaniemenrotaryklubi\/en\/ajankohtaiset\/the-construction-of-the-northern-lights-wicket-revontulilaavu-starts\/\">The construction of the Northern Lights wicket (Revontulilaavu) starts<\/a> <span class=\"date\">14.8. 2023<\/span><\/li><li class=\"listing-item\"><a class=\"title\" href=\"https:\/\/rotary.fi\/rovaniemenrotaryklubi\/ajankohtaiset\/revontulilaavu-rakenteille\/\">Revontulilaavu rakenteille<\/a> <span class=\"date\">14.8. 2023<\/span><\/li><li class=\"listing-item\"><a class=\"title\" href=\"https:\/\/rotary.fi\/rovaniemenrotaryklubi\/en\/ajankohtaiset\/rotary-forest-park-citizens-joy-take-part-by-buying-a-tree\/\">Rotary Forest Park Citizens&#8217; Joy &#8211; take part by buying a tree!<\/a> <span class=\"date\">15.7. 2023<\/span><\/li><li class=\"listing-item\"><a class=\"title\" href=\"https:\/\/rotary.fi\/rovaniemenrotaryklubi\/ajankohtaiset\/rotarien-puistometsa-kaupunkilaisten-ilona-ota-osaa-ostamalla-puu\/\">Rotarien puistomets\u00e4 kaupunkilaisten ilona \u2013 ota osaa ostamalla puu!<\/a> <span class=\"date\">15.7. 2023<\/span><\/li><li class=\"listing-item\"><a class=\"title\" href=\"https:\/\/rotary.fi\/rovaniemenrotaryklubi\/en\/presidentin_uutiset\/towards-the-rotary-year-2023-2024\/\">Towards the Rotary year 2023-2024<\/a> <span class=\"date\">1.7. 2023<\/span><\/li><li class=\"listing-item\"><a class=\"title\" href=\"https:\/\/rotary.fi\/rovaniemenrotaryklubi\/presidentin_uutiset\/kohti-rotaryvuotta-2023-2024\/\">Kohti rotaryvuotta 2023-2024<\/a> <span class=\"date\">1.7. 2023<\/span><\/li><li class=\"listing-item\"><a class=\"title\" href=\"https:\/\/rotary.fi\/rovaniemenrotaryklubi\/en\/ajankohtaiset\/the-rotary-year-changed-and-the-roles-were-passed-to-future-presidents\/\">The Rotary year changed and the roles were passed to future presidents<\/a> <span class=\"date\">1.7. 2023<\/span><\/li><li class=\"listing-item\"><a class=\"title\" href=\"https:\/\/rotary.fi\/rovaniemenrotaryklubi\/ajankohtaiset\/rotarivuosi-vaihtui-ja-kaadyt-siirtyivat-tuleville-presidenteille\/\">Rotarivuosi vaihtui ja k\u00e4\u00e4dyt siirtyiv\u00e4t tuleville presidenteille<\/a> <span class=\"date\">1.7. 2023<\/span><\/li><li class=\"listing-item\"><a class=\"title\" href=\"https:\/\/rotary.fi\/rovaniemenrotaryklubi\/ajankohtaiset\/rovaniemen-rotaryklubin-www-sivut-uudistuivat\/\">Rovaniemen Rotaryklubin www-sivut uudistuivat<\/a> <span class=\"date\">30.6. 2023<\/span><\/li><li class=\"listing-item\"><a class=\"title\" href=\"https:\/\/rotary.fi\/rovaniemenrotaryklubi\/en\/ajankohtaiset\/rovaniemi-rotary-clubs-website-is-renewed\/\">Rovaniemi Rotary Club&#8217;s website is renewed<\/a> <span class=\"date\">30.6. 2023<\/span><\/li><li class=\"listing-item\"><a class=\"title\" href=\"https:\/\/rotary.fi\/rovaniemenrotaryklubi\/en\/ajankohtaiset\/d1385-district-conference-5-7-5-2023-gathered-more-than-150-active-rotarians-to-rovaniemi\/\">D1385 DISTRICT CONFERENCE 5.-7.5.2023 gathered more than 150 active Rotarians to Rovaniemi!<\/a> <span class=\"date\">10.5. 2023<\/span><\/li><li class=\"listing-item\"><a class=\"title\" href=\"https:\/\/rotary.fi\/rovaniemenrotaryklubi\/ajankohtaiset\/d1385-piirikonferenssi-5-7-5-2023-kerasi-yli-150-rotariaktiivia-rovaniemelle\/\">D1385 piirikonferenssi 5.-7.5.2023 ker\u00e4si yli 150 rotariaktiivia Rovaniemelle!<\/a> <span class=\"date\">10.5. 2023<\/span><\/li><\/ul>[\/et_pb_code][\/et_pb_column_inner][\/et_pb_row_inner][\/et_pb_column][et_pb_column type=&#8221;1_3&#8243; _builder_version=&#8221;4.16&#8243; custom_padding=&#8221;|||&#8221; global_colors_info=&#8221;{}&#8221; custom_padding__hover=&#8221;|||&#8221;][et_pb_sidebar area=&#8221;sidebar-1&#8243; module_class=&#8221;sivupalkki_sisalto&#8221; _builder_version=&#8221;4.16&#8243; global_colors_info=&#8221;{}&#8221;][\/et_pb_sidebar][\/et_pb_column][\/et_pb_section]<\/p>\n","protected":false},"excerpt":{"rendered":"<p>[et_pb_section fb_built=&#8221;1&#8243; module_class=&#8221;jumbotron-page&#8221; _builder_version=&#8221;4.16&#8243; background_image=&#8221;https:\/\/rotary.fi\/wp-content\/uploads\/2018\/02\/paakuva-sisasivu1.jpg&#8221; global_colors_info=&#8221;{}&#8221;][et_pb_row _builder_version=&#8221;4.16&#8243; background_size=&#8221;initial&#8221; background_position=&#8221;top_left&#8221; background_repeat=&#8221;repeat&#8221; global_colors_info=&#8221;{}&#8221;][et_pb_column type=&#8221;4_4&#8243; _builder_version=&#8221;4.16&#8243; custom_padding=&#8221;|||&#8221; global_colors_info=&#8221;{}&#8221; custom_padding__hover=&#8221;|||&#8221;][et_pb_text admin_label=&#8221;P\u00e4\u00e4otsikko&#8221; _builder_version=&#8221;4.16&#8243; text_orientation=&#8221;center&#8221; background_layout=&#8221;dark&#8221; global_colors_info=&#8221;{}&#8221;] News and Features [\/et_pb_text][\/et_pb_column][\/et_pb_row][\/et_pb_section][et_pb_section fb_built=&#8221;1&#8243; specialty=&#8221;on&#8221; module_class_2=&#8221;sivupalkki&#8221; _builder_version=&#8221;4.16&#8243; locked=&#8221;off&#8221; global_colors_info=&#8221;{}&#8221;][et_pb_column type=&#8221;2_3&#8243; specialty_columns=&#8221;2&#8243; _builder_version=&#8221;4.16&#8243; custom_padding=&#8221;|||&#8221; global_colors_info=&#8221;{}&#8221; custom_padding__hover=&#8221;|||&#8221;][et_pb_row_inner admin_label=&#8221;Rivi&#8221; _builder_version=&#8221;4.16&#8243; locked=&#8221;off&#8221; global_colors_info=&#8221;{}&#8221;][et_pb_column_inner saved_specialty_column_type=&#8221;2_3&#8243; _builder_version=&#8221;4.16&#8243; custom_padding=&#8221;|||&#8221; global_colors_info=&#8221;{}&#8221; custom_padding__hover=&#8221;|||&#8221;][et_pb_text admin_label=&#8221;Otsikko&#8221; _builder_version=&#8221;4.16&#8243; text_orientation=&#8221;center&#8221; global_colors_info=&#8221;{}&#8221;] News and Features [\/et_pb_text][et_pb_code admin_label=&#8221;Ajankohtaisten [&hellip;]<\/p>\n","protected":false},"author":654,"featured_media":0,"parent":0,"menu_order":0,"comment_status":"closed","ping_status":"closed","template":"","meta":{"_acf_changed":false,"_et_pb_use_builder":"on","_et_pb_old_content":"","_et_gb_content_width":"","footnotes":""},"class_list":["post-2144","page","type-page","status-publish","hentry"],"acf":[],"yoast_head":"<!-- This site is optimized with the Yoast SEO plugin v27.0 - https:\/\/yoast.com\/product\/yoast-seo-wordpress\/ -->\n<title>News and Features - Rovaniemen Rotaryklubi<\/title>\n<meta name=\"description\" content=\"Rovaniemi Rotary Club&#039;s current news and announcements about our activities, events, visits and charity projects.\" \/>\n<meta name=\"robots\" content=\"index, follow, max-snippet:-1, max-image-preview:large, max-video-preview:-1\" \/>\n<link rel=\"canonical\" href=\"https:\/\/rotary.fi\/rovaniemenrotaryklubi\/en\/news-and-features\/\" \/>\n<meta property=\"og:locale\" content=\"fi_FI\" \/>\n<meta property=\"og:type\" content=\"article\" \/>\n<meta property=\"og:title\" content=\"News and Features - Rovaniemen Rotaryklubi\" \/>\n<meta property=\"og:description\" content=\"Rovaniemi Rotary Club&#039;s current news and announcements about our activities, events, visits and charity projects.\" \/>\n<meta property=\"og:url\" content=\"https:\/\/rotary.fi\/rovaniemenrotaryklubi\/en\/news-and-features\/\" \/>\n<meta property=\"og:site_name\" content=\"Rovaniemen Rotaryklubi\" \/>\n<meta property=\"article:publisher\" content=\"https:\/\/www.facebook.com\/rovaniemirotary\/\" \/>\n<meta property=\"article:modified_time\" content=\"2023-10-13T04:58:09+00:00\" \/>\n<meta name=\"twitter:card\" content=\"summary_large_image\" \/>\n<meta name=\"twitter:label1\" content=\"Arvioitu lukuaika\" \/>\n\t<meta name=\"twitter:data1\" content=\"1 minuutti\" \/>\n<script type=\"application\/ld+json\" class=\"yoast-schema-graph\">{\"@context\":\"https:\/\/schema.org\",\"@graph\":[{\"@type\":\"WebPage\",\"@id\":\"https:\/\/rotary.fi\/rovaniemenrotaryklubi\/en\/news-and-features\/\",\"url\":\"https:\/\/rotary.fi\/rovaniemenrotaryklubi\/en\/news-and-features\/\",\"name\":\"News and Features - Rovaniemen Rotaryklubi\",\"isPartOf\":{\"@id\":\"https:\/\/rotary.fi\/rovaniemenrotaryklubi\/#website\"},\"datePublished\":\"2023-06-30T09:53:00+00:00\",\"dateModified\":\"2023-10-13T04:58:09+00:00\",\"description\":\"Rovaniemi Rotary Club's current news and announcements about our activities, events, visits and charity projects.\",\"breadcrumb\":{\"@id\":\"https:\/\/rotary.fi\/rovaniemenrotaryklubi\/en\/news-and-features\/#breadcrumb\"},\"inLanguage\":\"fi\",\"potentialAction\":[{\"@type\":\"ReadAction\",\"target\":[\"https:\/\/rotary.fi\/rovaniemenrotaryklubi\/en\/news-and-features\/\"]}]},{\"@type\":\"BreadcrumbList\",\"@id\":\"https:\/\/rotary.fi\/rovaniemenrotaryklubi\/en\/news-and-features\/#breadcrumb\",\"itemListElement\":[{\"@type\":\"ListItem\",\"position\":1,\"name\":\"Home\",\"item\":\"https:\/\/rotary.fi\/rovaniemenrotaryklubi\/\"},{\"@type\":\"ListItem\",\"position\":2,\"name\":\"News and Features\"}]},{\"@type\":\"WebSite\",\"@id\":\"https:\/\/rotary.fi\/rovaniemenrotaryklubi\/#website\",\"url\":\"https:\/\/rotary.fi\/rovaniemenrotaryklubi\/\",\"name\":\"Rovaniemen Rotaryklubi\",\"description\":\"Uusi Rotary klubisivusto\",\"publisher\":{\"@id\":\"https:\/\/rotary.fi\/rovaniemenrotaryklubi\/#organization\"},\"potentialAction\":[{\"@type\":\"SearchAction\",\"target\":{\"@type\":\"EntryPoint\",\"urlTemplate\":\"https:\/\/rotary.fi\/rovaniemenrotaryklubi\/?s={search_term_string}\"},\"query-input\":{\"@type\":\"PropertyValueSpecification\",\"valueRequired\":true,\"valueName\":\"search_term_string\"}}],\"inLanguage\":\"fi\"},{\"@type\":\"Organization\",\"@id\":\"https:\/\/rotary.fi\/rovaniemenrotaryklubi\/#organization\",\"name\":\"Rovaniemen Rotaryklubi\",\"url\":\"https:\/\/rotary.fi\/rovaniemenrotaryklubi\/\",\"logo\":{\"@type\":\"ImageObject\",\"inLanguage\":\"fi\",\"@id\":\"https:\/\/rotary.fi\/rovaniemenrotaryklubi\/#\/schema\/logo\/image\/\",\"url\":\"https:\/\/rotary.fi\/rovaniemenrotaryklubi\/wp-content\/uploads\/sites\/212\/2023\/07\/rovaniemen-rotaryklubi.jpg\",\"contentUrl\":\"https:\/\/rotary.fi\/rovaniemenrotaryklubi\/wp-content\/uploads\/sites\/212\/2023\/07\/rovaniemen-rotaryklubi.jpg\",\"width\":465,\"height\":124,\"caption\":\"Rovaniemen Rotaryklubi\"},\"image\":{\"@id\":\"https:\/\/rotary.fi\/rovaniemenrotaryklubi\/#\/schema\/logo\/image\/\"},\"sameAs\":[\"https:\/\/www.facebook.com\/rovaniemirotary\/\"]}]}<\/script>\n<!-- \/ Yoast SEO plugin. -->","yoast_head_json":{"title":"News and Features - Rovaniemen Rotaryklubi","description":"Rovaniemi Rotary Club's current news and announcements about our activities, events, visits and charity projects.","robots":{"index":"index","follow":"follow","max-snippet":"max-snippet:-1","max-image-preview":"max-image-preview:large","max-video-preview":"max-video-preview:-1"},"canonical":"https:\/\/rotary.fi\/rovaniemenrotaryklubi\/en\/news-and-features\/","og_locale":"fi_FI","og_type":"article","og_title":"News and Features - Rovaniemen Rotaryklubi","og_description":"Rovaniemi Rotary Club's current news and announcements about our activities, events, visits and charity projects.","og_url":"https:\/\/rotary.fi\/rovaniemenrotaryklubi\/en\/news-and-features\/","og_site_name":"Rovaniemen Rotaryklubi","article_publisher":"https:\/\/www.facebook.com\/rovaniemirotary\/","article_modified_time":"2023-10-13T04:58:09+00:00","twitter_card":"summary_large_image","twitter_misc":{"Arvioitu lukuaika":"1 minuutti"},"schema":{"@context":"https:\/\/schema.org","@graph":[{"@type":"WebPage","@id":"https:\/\/rotary.fi\/rovaniemenrotaryklubi\/en\/news-and-features\/","url":"https:\/\/rotary.fi\/rovaniemenrotaryklubi\/en\/news-and-features\/","name":"News and Features - Rovaniemen Rotaryklubi","isPartOf":{"@id":"https:\/\/rotary.fi\/rovaniemenrotaryklubi\/#website"},"datePublished":"2023-06-30T09:53:00+00:00","dateModified":"2023-10-13T04:58:09+00:00","description":"Rovaniemi Rotary Club's current news and announcements about our activities, events, visits and charity projects.","breadcrumb":{"@id":"https:\/\/rotary.fi\/rovaniemenrotaryklubi\/en\/news-and-features\/#breadcrumb"},"inLanguage":"fi","potentialAction":[{"@type":"ReadAction","target":["https:\/\/rotary.fi\/rovaniemenrotaryklubi\/en\/news-and-features\/"]}]},{"@type":"BreadcrumbList","@id":"https:\/\/rotary.fi\/rovaniemenrotaryklubi\/en\/news-and-features\/#breadcrumb","itemListElement":[{"@type":"ListItem","position":1,"name":"Home","item":"https:\/\/rotary.fi\/rovaniemenrotaryklubi\/"},{"@type":"ListItem","position":2,"name":"News and Features"}]},{"@type":"WebSite","@id":"https:\/\/rotary.fi\/rovaniemenrotaryklubi\/#website","url":"https:\/\/rotary.fi\/rovaniemenrotaryklubi\/","name":"Rovaniemen Rotaryklubi","description":"Uusi Rotary klubisivusto","publisher":{"@id":"https:\/\/rotary.fi\/rovaniemenrotaryklubi\/#organization"},"potentialAction":[{"@type":"SearchAction","target":{"@type":"EntryPoint","urlTemplate":"https:\/\/rotary.fi\/rovaniemenrotaryklubi\/?s={search_term_string}"},"query-input":{"@type":"PropertyValueSpecification","valueRequired":true,"valueName":"search_term_string"}}],"inLanguage":"fi"},{"@type":"Organization","@id":"https:\/\/rotary.fi\/rovaniemenrotaryklubi\/#organization","name":"Rovaniemen Rotaryklubi","url":"https:\/\/rotary.fi\/rovaniemenrotaryklubi\/","logo":{"@type":"ImageObject","inLanguage":"fi","@id":"https:\/\/rotary.fi\/rovaniemenrotaryklubi\/#\/schema\/logo\/image\/","url":"https:\/\/rotary.fi\/rovaniemenrotaryklubi\/wp-content\/uploads\/sites\/212\/2023\/07\/rovaniemen-rotaryklubi.jpg","contentUrl":"https:\/\/rotary.fi\/rovaniemenrotaryklubi\/wp-content\/uploads\/sites\/212\/2023\/07\/rovaniemen-rotaryklubi.jpg","width":465,"height":124,"caption":"Rovaniemen Rotaryklubi"},"image":{"@id":"https:\/\/rotary.fi\/rovaniemenrotaryklubi\/#\/schema\/logo\/image\/"},"sameAs":["https:\/\/www.facebook.com\/rovaniemirotary\/"]}]}},"lang":"en","translations":{"en":2144,"fi":94},"pll_sync_post":[],"_links":{"self":[{"href":"https:\/\/rotary.fi\/rovaniemenrotaryklubi\/wp-json\/wp\/v2\/pages\/2144","targetHints":{"allow":["GET"]}}],"collection":[{"href":"https:\/\/rotary.fi\/rovaniemenrotaryklubi\/wp-json\/wp\/v2\/pages"}],"about":[{"href":"https:\/\/rotary.fi\/rovaniemenrotaryklubi\/wp-json\/wp\/v2\/types\/page"}],"author":[{"embeddable":true,"href":"https:\/\/rotary.fi\/rovaniemenrotaryklubi\/wp-json\/wp\/v2\/users\/654"}],"replies":[{"embeddable":true,"href":"https:\/\/rotary.fi\/rovaniemenrotaryklubi\/wp-json\/wp\/v2\/comments?post=2144"}],"version-history":[{"count":3,"href":"https:\/\/rotary.fi\/rovaniemenrotaryklubi\/wp-json\/wp\/v2\/pages\/2144\/revisions"}],"predecessor-version":[{"id":2148,"href":"https:\/\/rotary.fi\/rovaniemenrotaryklubi\/wp-json\/wp\/v2\/pages\/2144\/revisions\/2148"}],"wp:attachment":[{"href":"https:\/\/rotary.fi\/rovaniemenrotaryklubi\/wp-json\/wp\/v2\/media?parent=2144"}],"curies":[{"name":"wp","href":"https:\/\/api.w.org\/{rel}","templated":true}]}}