{"id":2091,"date":"2023-06-30T11:33:30","date_gmt":"2023-06-30T08:33:30","guid":{"rendered":"https:\/\/rotary.fi\/rovaniemenrotaryklubi\/?page_id=2091"},"modified":"2025-07-13T12:09:25","modified_gmt":"2025-07-13T09:09:25","slug":"we-belong-to-district-1385","status":"publish","type":"page","link":"https:\/\/rotary.fi\/rovaniemenrotaryklubi\/en\/who-we-are\/we-belong-to-district-1385\/","title":{"rendered":"We Belong to District 1385"},"content":{"rendered":"<p>[et_pb_section fb_built=&#8221;1&#8243; module_class=&#8221;jumbotron-page&#8221; _builder_version=&#8221;4.16&#8243; background_image=&#8221;https:\/\/rotary.fi\/rovaniemenrotaryklubi\/wp-content\/uploads\/sites\/212\/2018\/08\/rotary_klubit_alasivu_paakuva_4.jpg&#8221; global_colors_info=&#8221;{}&#8221;][et_pb_row _builder_version=&#8221;4.16&#8243; background_size=&#8221;initial&#8221; background_position=&#8221;top_left&#8221; background_repeat=&#8221;repeat&#8221; global_colors_info=&#8221;{}&#8221;][et_pb_column type=&#8221;4_4&#8243; _builder_version=&#8221;4.16&#8243; custom_padding=&#8221;|||&#8221; global_colors_info=&#8221;{}&#8221; custom_padding__hover=&#8221;|||&#8221;][et_pb_text admin_label=&#8221;P\u00e4\u00e4otsikko: Olemme osa piiri\u00e4 1385&#8243; _builder_version=&#8221;4.16&#8243; text_orientation=&#8221;center&#8221; background_layout=&#8221;dark&#8221; global_colors_info=&#8221;{}&#8221;]<\/p>\n<h1>We Belong to District 1385<\/h1>\n<p>[\/et_pb_text][\/et_pb_column][\/et_pb_row][\/et_pb_section][et_pb_section fb_built=&#8221;1&#8243; specialty=&#8221;on&#8221; module_class_2=&#8221;sivupalkki&#8221; _builder_version=&#8221;4.16&#8243; global_colors_info=&#8221;{}&#8221;][et_pb_column type=&#8221;2_3&#8243; specialty_columns=&#8221;2&#8243; _builder_version=&#8221;4.16&#8243; custom_padding=&#8221;|||&#8221; global_colors_info=&#8221;{}&#8221; parallax__hover=&#8221;off&#8221; parallax_method__hover=&#8221;on&#8221; custom_padding__hover=&#8221;|||&#8221;][et_pb_row_inner admin_label=&#8221;Rivi&#8221; _builder_version=&#8221;4.16&#8243; global_colors_info=&#8221;{}&#8221;][et_pb_column_inner saved_specialty_column_type=&#8221;2_3&#8243; _builder_version=&#8221;4.16&#8243; custom_padding=&#8221;|||&#8221; global_colors_info=&#8221;{}&#8221; parallax__hover=&#8221;off&#8221; parallax_method__hover=&#8221;on&#8221; custom_padding__hover=&#8221;|||&#8221;][et_pb_text admin_label=&#8221;Rotarypiirit &#8211; Otsikko&#8221; _builder_version=&#8221;4.16&#8243; text_orientation=&#8221;center&#8221; global_colors_info=&#8221;{}&#8221;]<\/p>\n<h1>Rotary Districts<\/h1>\n<p>[\/et_pb_text][et_pb_text _builder_version=&#8221;4.16&#8243; global_colors_info=&#8221;{}&#8221;]<\/p>\n<p>There are five Rotary districts in Finland, which includes Estonia as well as Finland. Each district is headed by a district governor.<\/p>\n<p>The governor of our district D1385 in the operating year 2025-2026 is DG <strong>Tarmo Kokkola <\/strong>from Raahe.<\/p>\n<p>The governor is supported by the district council, committees and commissions, as well as the assistant governors of the various regions of the district. Clubs make proposals for governors, and the district&#8217;s nominating committee selects the most suitable governor from among the governor candidates. The governor-elect will be appointed at the World Conference of Rotary International.<\/p>\n<p>The district organizes several events for clubs during the year. The most important of them is the <span>Presidents-Elect Learning Seminar (PELS) <\/span>for future club presidents and club officers.<\/p>\n<p>The district meeting is usually organized in autumn and the festive district conference in spring.<\/p>\n<p>The district governor&#8217;s goal is to visit all clubs in his district during his year in office. <span>The assistant governors visit the clubs in their own regions.<\/span><\/p>\n<p>[\/et_pb_text][\/et_pb_column_inner][\/et_pb_row_inner][\/et_pb_column][et_pb_column type=&#8221;1_3&#8243; module_class=&#8221;sivupalkki&#8221; _builder_version=&#8221;4.16&#8243; custom_padding=&#8221;|||&#8221; global_colors_info=&#8221;{}&#8221; parallax__hover=&#8221;off&#8221; parallax_method__hover=&#8221;on&#8221; module_class__hover=&#8221;sivupalkki&#8221; custom_padding__hover=&#8221;|||&#8221;][et_pb_sidebar area=&#8221;sidebar-1&#8243; module_class=&#8221;sivupalkki_sisalto&#8221; _builder_version=&#8221;4.16&#8243; locked=&#8221;on&#8221; global_colors_info=&#8221;{}&#8221;][\/et_pb_sidebar][\/et_pb_column][\/et_pb_section]<\/p>\n","protected":false},"excerpt":{"rendered":"<p>We Belong to District 1385Rotary DistrictsThere are five Rotary districts in Finland, which includes Estonia as well as Finland. Each district is headed by a district governor. The governor of our district D1385 in the operating year 2025-2026 is DG Tarmo Kokkola from Raahe. The governor is supported by the district council, committees and commissions, [&hellip;]<\/p>\n","protected":false},"author":654,"featured_media":0,"parent":2054,"menu_order":0,"comment_status":"closed","ping_status":"closed","template":"","meta":{"_acf_changed":false,"_et_pb_use_builder":"on","_et_pb_old_content":"","_et_gb_content_width":"","footnotes":""},"class_list":["post-2091","page","type-page","status-publish","hentry"],"acf":[],"yoast_head":"<!-- This site is optimized with the Yoast SEO plugin v27.4 - https:\/\/yoast.com\/product\/yoast-seo-wordpress\/ -->\n<title>We Belong to District 1385 - Rovaniemen Rotaryklubi<\/title>\n<meta name=\"description\" content=\"Rovaniemi Rotary Club Belongs to District 1385. The governor of our district D1385 in the operating year 2023-2024 is DG Petri Ker\u00e4nen.\" \/>\n<meta name=\"robots\" content=\"index, follow, max-snippet:-1, max-image-preview:large, max-video-preview:-1\" \/>\n<link rel=\"canonical\" href=\"https:\/\/rotary.fi\/rovaniemenrotaryklubi\/en\/who-we-are\/we-belong-to-district-1385\/\" \/>\n<meta property=\"og:locale\" content=\"fi_FI\" \/>\n<meta property=\"og:type\" content=\"article\" \/>\n<meta property=\"og:title\" content=\"We Belong to District 1385 - Rovaniemen Rotaryklubi\" \/>\n<meta property=\"og:description\" content=\"Rovaniemi Rotary Club Belongs to District 1385. The governor of our district D1385 in the operating year 2023-2024 is DG Petri Ker\u00e4nen.\" \/>\n<meta property=\"og:url\" content=\"https:\/\/rotary.fi\/rovaniemenrotaryklubi\/en\/who-we-are\/we-belong-to-district-1385\/\" \/>\n<meta property=\"og:site_name\" content=\"Rovaniemen Rotaryklubi\" \/>\n<meta property=\"article:publisher\" content=\"https:\/\/www.facebook.com\/rovaniemirotary\/\" \/>\n<meta property=\"article:modified_time\" content=\"2025-07-13T09:09:25+00:00\" \/>\n<meta name=\"twitter:card\" content=\"summary_large_image\" \/>\n<meta name=\"twitter:label1\" content=\"Arvioitu lukuaika\" \/>\n\t<meta name=\"twitter:data1\" content=\"2 minuuttia\" \/>\n<script type=\"application\/ld+json\" class=\"yoast-schema-graph\">{\"@context\":\"https:\\\/\\\/schema.org\",\"@graph\":[{\"@type\":\"WebPage\",\"@id\":\"https:\\\/\\\/rotary.fi\\\/rovaniemenrotaryklubi\\\/en\\\/who-we-are\\\/we-belong-to-district-1385\\\/\",\"url\":\"https:\\\/\\\/rotary.fi\\\/rovaniemenrotaryklubi\\\/en\\\/who-we-are\\\/we-belong-to-district-1385\\\/\",\"name\":\"We Belong to District 1385 - Rovaniemen Rotaryklubi\",\"isPartOf\":{\"@id\":\"https:\\\/\\\/rotary.fi\\\/rovaniemenrotaryklubi\\\/#website\"},\"datePublished\":\"2023-06-30T08:33:30+00:00\",\"dateModified\":\"2025-07-13T09:09:25+00:00\",\"description\":\"Rovaniemi Rotary Club Belongs to District 1385. The governor of our district D1385 in the operating year 2023-2024 is DG Petri Ker\u00e4nen.\",\"breadcrumb\":{\"@id\":\"https:\\\/\\\/rotary.fi\\\/rovaniemenrotaryklubi\\\/en\\\/who-we-are\\\/we-belong-to-district-1385\\\/#breadcrumb\"},\"inLanguage\":\"fi\",\"potentialAction\":[{\"@type\":\"ReadAction\",\"target\":[\"https:\\\/\\\/rotary.fi\\\/rovaniemenrotaryklubi\\\/en\\\/who-we-are\\\/we-belong-to-district-1385\\\/\"]}]},{\"@type\":\"BreadcrumbList\",\"@id\":\"https:\\\/\\\/rotary.fi\\\/rovaniemenrotaryklubi\\\/en\\\/who-we-are\\\/we-belong-to-district-1385\\\/#breadcrumb\",\"itemListElement\":[{\"@type\":\"ListItem\",\"position\":1,\"name\":\"Home\",\"item\":\"https:\\\/\\\/rotary.fi\\\/rovaniemenrotaryklubi\\\/\"},{\"@type\":\"ListItem\",\"position\":2,\"name\":\"Who We Are\",\"item\":\"https:\\\/\\\/rotary.fi\\\/rovaniemenrotaryklubi\\\/en\\\/who-we-are\\\/\"},{\"@type\":\"ListItem\",\"position\":3,\"name\":\"We Belong to District 1385\"}]},{\"@type\":\"WebSite\",\"@id\":\"https:\\\/\\\/rotary.fi\\\/rovaniemenrotaryklubi\\\/#website\",\"url\":\"https:\\\/\\\/rotary.fi\\\/rovaniemenrotaryklubi\\\/\",\"name\":\"Rovaniemen Rotaryklubi\",\"description\":\"Uusi Rotary klubisivusto\",\"publisher\":{\"@id\":\"https:\\\/\\\/rotary.fi\\\/rovaniemenrotaryklubi\\\/#organization\"},\"potentialAction\":[{\"@type\":\"SearchAction\",\"target\":{\"@type\":\"EntryPoint\",\"urlTemplate\":\"https:\\\/\\\/rotary.fi\\\/rovaniemenrotaryklubi\\\/?s={search_term_string}\"},\"query-input\":{\"@type\":\"PropertyValueSpecification\",\"valueRequired\":true,\"valueName\":\"search_term_string\"}}],\"inLanguage\":\"fi\"},{\"@type\":\"Organization\",\"@id\":\"https:\\\/\\\/rotary.fi\\\/rovaniemenrotaryklubi\\\/#organization\",\"name\":\"Rovaniemen Rotaryklubi\",\"url\":\"https:\\\/\\\/rotary.fi\\\/rovaniemenrotaryklubi\\\/\",\"logo\":{\"@type\":\"ImageObject\",\"inLanguage\":\"fi\",\"@id\":\"https:\\\/\\\/rotary.fi\\\/rovaniemenrotaryklubi\\\/#\\\/schema\\\/logo\\\/image\\\/\",\"url\":\"https:\\\/\\\/rotary.fi\\\/rovaniemenrotaryklubi\\\/wp-content\\\/uploads\\\/sites\\\/212\\\/2023\\\/07\\\/rovaniemen-rotaryklubi.jpg\",\"contentUrl\":\"https:\\\/\\\/rotary.fi\\\/rovaniemenrotaryklubi\\\/wp-content\\\/uploads\\\/sites\\\/212\\\/2023\\\/07\\\/rovaniemen-rotaryklubi.jpg\",\"width\":465,\"height\":124,\"caption\":\"Rovaniemen Rotaryklubi\"},\"image\":{\"@id\":\"https:\\\/\\\/rotary.fi\\\/rovaniemenrotaryklubi\\\/#\\\/schema\\\/logo\\\/image\\\/\"},\"sameAs\":[\"https:\\\/\\\/www.facebook.com\\\/rovaniemirotary\\\/\"]}]}<\/script>\n<!-- \/ Yoast SEO plugin. -->","yoast_head_json":{"title":"We Belong to District 1385 - Rovaniemen Rotaryklubi","description":"Rovaniemi Rotary Club Belongs to District 1385. The governor of our district D1385 in the operating year 2023-2024 is DG Petri Ker\u00e4nen.","robots":{"index":"index","follow":"follow","max-snippet":"max-snippet:-1","max-image-preview":"max-image-preview:large","max-video-preview":"max-video-preview:-1"},"canonical":"https:\/\/rotary.fi\/rovaniemenrotaryklubi\/en\/who-we-are\/we-belong-to-district-1385\/","og_locale":"fi_FI","og_type":"article","og_title":"We Belong to District 1385 - Rovaniemen Rotaryklubi","og_description":"Rovaniemi Rotary Club Belongs to District 1385. The governor of our district D1385 in the operating year 2023-2024 is DG Petri Ker\u00e4nen.","og_url":"https:\/\/rotary.fi\/rovaniemenrotaryklubi\/en\/who-we-are\/we-belong-to-district-1385\/","og_site_name":"Rovaniemen Rotaryklubi","article_publisher":"https:\/\/www.facebook.com\/rovaniemirotary\/","article_modified_time":"2025-07-13T09:09:25+00:00","twitter_card":"summary_large_image","twitter_misc":{"Arvioitu lukuaika":"2 minuuttia"},"schema":{"@context":"https:\/\/schema.org","@graph":[{"@type":"WebPage","@id":"https:\/\/rotary.fi\/rovaniemenrotaryklubi\/en\/who-we-are\/we-belong-to-district-1385\/","url":"https:\/\/rotary.fi\/rovaniemenrotaryklubi\/en\/who-we-are\/we-belong-to-district-1385\/","name":"We Belong to District 1385 - Rovaniemen Rotaryklubi","isPartOf":{"@id":"https:\/\/rotary.fi\/rovaniemenrotaryklubi\/#website"},"datePublished":"2023-06-30T08:33:30+00:00","dateModified":"2025-07-13T09:09:25+00:00","description":"Rovaniemi Rotary Club Belongs to District 1385. The governor of our district D1385 in the operating year 2023-2024 is DG Petri Ker\u00e4nen.","breadcrumb":{"@id":"https:\/\/rotary.fi\/rovaniemenrotaryklubi\/en\/who-we-are\/we-belong-to-district-1385\/#breadcrumb"},"inLanguage":"fi","potentialAction":[{"@type":"ReadAction","target":["https:\/\/rotary.fi\/rovaniemenrotaryklubi\/en\/who-we-are\/we-belong-to-district-1385\/"]}]},{"@type":"BreadcrumbList","@id":"https:\/\/rotary.fi\/rovaniemenrotaryklubi\/en\/who-we-are\/we-belong-to-district-1385\/#breadcrumb","itemListElement":[{"@type":"ListItem","position":1,"name":"Home","item":"https:\/\/rotary.fi\/rovaniemenrotaryklubi\/"},{"@type":"ListItem","position":2,"name":"Who We Are","item":"https:\/\/rotary.fi\/rovaniemenrotaryklubi\/en\/who-we-are\/"},{"@type":"ListItem","position":3,"name":"We Belong to District 1385"}]},{"@type":"WebSite","@id":"https:\/\/rotary.fi\/rovaniemenrotaryklubi\/#website","url":"https:\/\/rotary.fi\/rovaniemenrotaryklubi\/","name":"Rovaniemen Rotaryklubi","description":"Uusi Rotary klubisivusto","publisher":{"@id":"https:\/\/rotary.fi\/rovaniemenrotaryklubi\/#organization"},"potentialAction":[{"@type":"SearchAction","target":{"@type":"EntryPoint","urlTemplate":"https:\/\/rotary.fi\/rovaniemenrotaryklubi\/?s={search_term_string}"},"query-input":{"@type":"PropertyValueSpecification","valueRequired":true,"valueName":"search_term_string"}}],"inLanguage":"fi"},{"@type":"Organization","@id":"https:\/\/rotary.fi\/rovaniemenrotaryklubi\/#organization","name":"Rovaniemen Rotaryklubi","url":"https:\/\/rotary.fi\/rovaniemenrotaryklubi\/","logo":{"@type":"ImageObject","inLanguage":"fi","@id":"https:\/\/rotary.fi\/rovaniemenrotaryklubi\/#\/schema\/logo\/image\/","url":"https:\/\/rotary.fi\/rovaniemenrotaryklubi\/wp-content\/uploads\/sites\/212\/2023\/07\/rovaniemen-rotaryklubi.jpg","contentUrl":"https:\/\/rotary.fi\/rovaniemenrotaryklubi\/wp-content\/uploads\/sites\/212\/2023\/07\/rovaniemen-rotaryklubi.jpg","width":465,"height":124,"caption":"Rovaniemen Rotaryklubi"},"image":{"@id":"https:\/\/rotary.fi\/rovaniemenrotaryklubi\/#\/schema\/logo\/image\/"},"sameAs":["https:\/\/www.facebook.com\/rovaniemirotary\/"]}]}},"lang":"en","translations":{"en":2091,"fi":273},"pll_sync_post":[],"_links":{"self":[{"href":"https:\/\/rotary.fi\/rovaniemenrotaryklubi\/wp-json\/wp\/v2\/pages\/2091","targetHints":{"allow":["GET"]}}],"collection":[{"href":"https:\/\/rotary.fi\/rovaniemenrotaryklubi\/wp-json\/wp\/v2\/pages"}],"about":[{"href":"https:\/\/rotary.fi\/rovaniemenrotaryklubi\/wp-json\/wp\/v2\/types\/page"}],"author":[{"embeddable":true,"href":"https:\/\/rotary.fi\/rovaniemenrotaryklubi\/wp-json\/wp\/v2\/users\/654"}],"replies":[{"embeddable":true,"href":"https:\/\/rotary.fi\/rovaniemenrotaryklubi\/wp-json\/wp\/v2\/comments?post=2091"}],"version-history":[{"count":5,"href":"https:\/\/rotary.fi\/rovaniemenrotaryklubi\/wp-json\/wp\/v2\/pages\/2091\/revisions"}],"predecessor-version":[{"id":3520,"href":"https:\/\/rotary.fi\/rovaniemenrotaryklubi\/wp-json\/wp\/v2\/pages\/2091\/revisions\/3520"}],"up":[{"embeddable":true,"href":"https:\/\/rotary.fi\/rovaniemenrotaryklubi\/wp-json\/wp\/v2\/pages\/2054"}],"wp:attachment":[{"href":"https:\/\/rotary.fi\/rovaniemenrotaryklubi\/wp-json\/wp\/v2\/media?parent=2091"}],"curies":[{"name":"wp","href":"https:\/\/api.w.org\/{rel}","templated":true}]}}