{"id":2076,"date":"2023-06-30T15:08:05","date_gmt":"2023-06-30T12:08:05","guid":{"rendered":"https:\/\/rotary.fi\/rovaniemenrotaryklubi\/?page_id=2076"},"modified":"2025-07-04T13:08:19","modified_gmt":"2025-07-04T10:08:19","slug":"hallitus-ja-toimihenkilot","status":"publish","type":"page","link":"https:\/\/rotary.fi\/rovaniemenrotaryklubi\/keita-olemme\/hallitus-ja-toimihenkilot\/","title":{"rendered":"Hallitus ja toimihenkil\u00f6t"},"content":{"rendered":"<p>[et_pb_section fb_built=&#8221;1&#8243; module_class=&#8221;jumbotron-page&#8221; _builder_version=&#8221;4.16&#8243; background_image=&#8221;https:\/\/rotary.fi\/rovaniemenrotaryklubi\/wp-content\/uploads\/sites\/212\/2018\/10\/rotary_klubit_alasivu_paakuva_12.jpg&#8221; global_colors_info=&#8221;{}&#8221;][et_pb_row _builder_version=&#8221;4.16&#8243; background_size=&#8221;initial&#8221; background_position=&#8221;top_left&#8221; background_repeat=&#8221;repeat&#8221; global_colors_info=&#8221;{}&#8221;][et_pb_column type=&#8221;4_4&#8243; _builder_version=&#8221;4.16&#8243; custom_padding=&#8221;|||&#8221; global_colors_info=&#8221;{}&#8221; custom_padding__hover=&#8221;|||&#8221;][et_pb_text admin_label=&#8221;P\u00e4\u00e4otsikko&#8221; _builder_version=&#8221;4.16&#8243; text_orientation=&#8221;center&#8221; background_layout=&#8221;dark&#8221; global_colors_info=&#8221;{}&#8221;]<\/p>\n<h1>Hallitus ja toimihenkil\u00f6t<\/h1>\n<p>[\/et_pb_text][\/et_pb_column][\/et_pb_row][\/et_pb_section][et_pb_section fb_built=&#8221;1&#8243; specialty=&#8221;on&#8221; module_class_2=&#8221;sivupalkki&#8221; _builder_version=&#8221;4.16&#8243; global_colors_info=&#8221;{}&#8221;][et_pb_column type=&#8221;2_3&#8243; specialty_columns=&#8221;2&#8243; _builder_version=&#8221;4.16&#8243; custom_padding=&#8221;|||&#8221; global_colors_info=&#8221;{}&#8221; custom_padding__hover=&#8221;|||&#8221;][et_pb_row_inner admin_label=&#8221;Rivi&#8221; _builder_version=&#8221;4.16&#8243; global_colors_info=&#8221;{}&#8221;][et_pb_column_inner saved_specialty_column_type=&#8221;2_3&#8243; _builder_version=&#8221;4.16&#8243; custom_padding=&#8221;|||&#8221; global_colors_info=&#8221;{}&#8221; custom_padding__hover=&#8221;|||&#8221;][et_pb_text admin_label=&#8221;Otsikko&#8221; _builder_version=&#8221;4.16&#8243; text_orientation=&#8221;center&#8221; global_colors_info=&#8221;{}&#8221;]<\/p>\n<h1>Hallitus ja toimihenkil\u00f6t kaudella 2025-2026<\/h1>\n<p>[\/et_pb_text][\/et_pb_column_inner][\/et_pb_row_inner][et_pb_row_inner column_structure=&#8221;1_2,1_2&#8243; admin_label=&#8221;Rivi&#8221; _builder_version=&#8221;4.16&#8243; global_colors_info=&#8221;{}&#8221;][et_pb_column_inner type=&#8221;1_2&#8243; saved_specialty_column_type=&#8221;2_3&#8243; _builder_version=&#8221;4.16&#8243; custom_padding=&#8221;|||&#8221; global_colors_info=&#8221;{}&#8221; custom_padding__hover=&#8221;|||&#8221;][et_pb_team_member name=&#8221;Esa M\u00e4kinen&#8221; position=&#8221;Presidentti 2025-2026&#8243; admin_label=&#8221;Presidentti&#8221; _builder_version=&#8221;4.16&#8243; z_index_tablet=&#8221;500&#8243; header_text_shadow_horizontal_length_tablet=&#8221;0px&#8221; header_text_shadow_vertical_length_tablet=&#8221;0px&#8221; header_text_shadow_blur_strength_tablet=&#8221;1px&#8221; body_text_shadow_horizontal_length_tablet=&#8221;0px&#8221; body_text_shadow_vertical_length_tablet=&#8221;0px&#8221; body_text_shadow_blur_strength_tablet=&#8221;1px&#8221; position_text_shadow_horizontal_length_tablet=&#8221;0px&#8221; position_text_shadow_vertical_length_tablet=&#8221;0px&#8221; position_text_shadow_blur_strength_tablet=&#8221;1px&#8221; body_link_text_shadow_horizontal_length_tablet=&#8221;0px&#8221; body_link_text_shadow_vertical_length_tablet=&#8221;0px&#8221; body_link_text_shadow_blur_strength_tablet=&#8221;1px&#8221; body_ul_text_shadow_horizontal_length_tablet=&#8221;0px&#8221; body_ul_text_shadow_vertical_length_tablet=&#8221;0px&#8221; body_ul_text_shadow_blur_strength_tablet=&#8221;1px&#8221; body_ol_text_shadow_horizontal_length_tablet=&#8221;0px&#8221; body_ol_text_shadow_vertical_length_tablet=&#8221;0px&#8221; body_ol_text_shadow_blur_strength_tablet=&#8221;1px&#8221; body_quote_text_shadow_horizontal_length_tablet=&#8221;0px&#8221; body_quote_text_shadow_vertical_length_tablet=&#8221;0px&#8221; body_quote_text_shadow_blur_strength_tablet=&#8221;1px&#8221; box_shadow_horizontal_tablet=&#8221;0px&#8221; box_shadow_vertical_tablet=&#8221;0px&#8221; box_shadow_blur_tablet=&#8221;40px&#8221; box_shadow_spread_tablet=&#8221;0px&#8221; box_shadow_horizontal_image_tablet=&#8221;0px&#8221; box_shadow_vertical_image_tablet=&#8221;0px&#8221; box_shadow_blur_image_tablet=&#8221;40px&#8221; box_shadow_spread_image_tablet=&#8221;0px&#8221; text_shadow_horizontal_length_tablet=&#8221;0px&#8221; text_shadow_vertical_length_tablet=&#8221;0px&#8221; text_shadow_blur_strength_tablet=&#8221;1px&#8221; global_colors_info=&#8221;{}&#8221;]<\/p>\n<p>Rovaniemi Rotaryklubi\u00a0<\/p>\n<p>sposti: esa.makinen52@gmail.com<\/p>\n<p>&nbsp;<\/p>\n<p>[\/et_pb_team_member][\/et_pb_column_inner][et_pb_column_inner type=&#8221;1_2&#8243; saved_specialty_column_type=&#8221;2_3&#8243; _builder_version=&#8221;4.16&#8243; custom_padding=&#8221;|||&#8221; global_colors_info=&#8221;{}&#8221; custom_padding__hover=&#8221;|||&#8221;][et_pb_text _builder_version=&#8221;4.16&#8243; z_index_tablet=&#8221;500&#8243; text_text_shadow_horizontal_length_tablet=&#8221;0px&#8221; text_text_shadow_vertical_length_tablet=&#8221;0px&#8221; text_text_shadow_blur_strength_tablet=&#8221;1px&#8221; link_text_shadow_horizontal_length_tablet=&#8221;0px&#8221; link_text_shadow_vertical_length_tablet=&#8221;0px&#8221; link_text_shadow_blur_strength_tablet=&#8221;1px&#8221; ul_text_shadow_horizontal_length_tablet=&#8221;0px&#8221; ul_text_shadow_vertical_length_tablet=&#8221;0px&#8221; ul_text_shadow_blur_strength_tablet=&#8221;1px&#8221; ol_text_shadow_horizontal_length_tablet=&#8221;0px&#8221; ol_text_shadow_vertical_length_tablet=&#8221;0px&#8221; ol_text_shadow_blur_strength_tablet=&#8221;1px&#8221; quote_text_shadow_horizontal_length_tablet=&#8221;0px&#8221; quote_text_shadow_vertical_length_tablet=&#8221;0px&#8221; quote_text_shadow_blur_strength_tablet=&#8221;1px&#8221; header_text_shadow_horizontal_length_tablet=&#8221;0px&#8221; header_text_shadow_vertical_length_tablet=&#8221;0px&#8221; header_text_shadow_blur_strength_tablet=&#8221;1px&#8221; header_2_text_shadow_horizontal_length_tablet=&#8221;0px&#8221; header_2_text_shadow_vertical_length_tablet=&#8221;0px&#8221; header_2_text_shadow_blur_strength_tablet=&#8221;1px&#8221; header_3_text_shadow_horizontal_length_tablet=&#8221;0px&#8221; header_3_text_shadow_vertical_length_tablet=&#8221;0px&#8221; header_3_text_shadow_blur_strength_tablet=&#8221;1px&#8221; header_4_text_shadow_horizontal_length_tablet=&#8221;0px&#8221; header_4_text_shadow_vertical_length_tablet=&#8221;0px&#8221; header_4_text_shadow_blur_strength_tablet=&#8221;1px&#8221; header_5_text_shadow_horizontal_length_tablet=&#8221;0px&#8221; header_5_text_shadow_vertical_length_tablet=&#8221;0px&#8221; header_5_text_shadow_blur_strength_tablet=&#8221;1px&#8221; header_6_text_shadow_horizontal_length_tablet=&#8221;0px&#8221; header_6_text_shadow_vertical_length_tablet=&#8221;0px&#8221; header_6_text_shadow_blur_strength_tablet=&#8221;1px&#8221; box_shadow_horizontal_tablet=&#8221;0px&#8221; box_shadow_vertical_tablet=&#8221;0px&#8221; box_shadow_blur_tablet=&#8221;40px&#8221; box_shadow_spread_tablet=&#8221;0px&#8221; global_colors_info=&#8221;{}&#8221;]<\/p>\n<h2>Hallitus<\/h2>\n<p><strong>Presidentti 2025-2026 <\/strong>Esa M\u00e4kinen<strong><br \/><\/strong><strong>Tuleva presidentti <\/strong>Matias Kassala<br \/><strong>Varapresidentti <\/strong>Manu Pajuluoma<br \/><strong>Edellinen presidentti<\/strong> Toni Kurvinen<br \/><strong>1.sihteeri <\/strong>&#8211;<br \/><strong><\/strong> <strong>Rahastonhoitaja<\/strong> Ahti Ylim\u00e4inen<br \/><strong>Nuorisovaihtoasiamies <\/strong>Victoria Mlakar<br \/><strong>Klubimestari\u00a0<\/strong>Antti Etel\u00e4aho<\/p>\n<p><strong><br \/>2. sihteeri <\/strong>&#8211;<strong><br \/>3. sihteeri <\/strong>&#8211;<strong><\/strong><\/p>\n<p><strong> <\/strong><\/p>\n<p><strong><\/strong><strong><\/strong><strong>Toiminnantarkastaja<\/strong> Marko Ruuska, varalla Erkki Kaila<\/p>\n<h2>Julkisuuskuva- ja j\u00e4senyyskomitea<\/h2>\n<p><strong>Puheenjohtaja\u00a0<\/strong>Antti Etel\u00e4aho\u00a0<\/p>\n<h2>Palveluprojektikomitea<\/h2>\n<p><strong>Puheenjohtaja\u00a0<\/strong>Kenneth Karlsson<strong><br \/><\/strong><\/p>\n<h2>Rotarys\u00e4\u00e4ti\u00f6komitea<\/h2>\n<p><strong>Puheenjohtaja\u00a0<\/strong>Tapani Takalo<\/p>\n<h2><\/h2>\n<h2>Nuorisovaihtotiimi<\/h2>\n<p><strong>Puheenjohtaja <\/strong>Victoria Mlakar, Manu Pajuluoma<strong><br \/><\/strong><\/p>\n<h2><\/h2>\n<h2>Puistomets\u00e4n hoitokunta<\/h2>\n<p><strong>Puheenjohtaja<\/strong> Esa M\u00e4kinen, Toni Kurvinen, Manu Pajuluoma<strong><br \/><\/strong><\/p>\n<h2>Klubihallintokomitea<\/h2>\n<p><strong>Puheenjohtaja <\/strong>Esa M\u00e4kinen, Ahti Ylim\u00e4inen<strong><br \/><\/strong><\/p>\n<p><strong><\/strong><\/p>\n<p>&nbsp;<\/p>\n<p>[\/et_pb_text][\/et_pb_column_inner][\/et_pb_row_inner][\/et_pb_column][et_pb_column type=&#8221;1_3&#8243; _builder_version=&#8221;4.16&#8243; custom_padding=&#8221;|||&#8221; global_colors_info=&#8221;{}&#8221; custom_padding__hover=&#8221;|||&#8221;][et_pb_sidebar area=&#8221;sidebar-1&#8243; module_class=&#8221;sivupalkki_sisalto&#8221; _builder_version=&#8221;4.16&#8243; locked=&#8221;on&#8221; global_colors_info=&#8221;{}&#8221;][\/et_pb_sidebar][\/et_pb_column][\/et_pb_section]<\/p>\n","protected":false},"excerpt":{"rendered":"<p>Hallitus ja toimihenkil\u00f6t Hallitus ja toimihenkil\u00f6t kaudella 2025-2026Rovaniemi Rotaryklubi\u00a0 sposti: esa.makinen52@gmail.com &nbsp;Hallitus Presidentti 2025-2026 Esa M\u00e4kinenTuleva presidentti Matias KassalaVarapresidentti Manu PajuluomaEdellinen presidentti Toni Kurvinen1.sihteeri &#8211; Rahastonhoitaja Ahti Ylim\u00e4inenNuorisovaihtoasiamies Victoria MlakarKlubimestari\u00a0Antti Etel\u00e4aho 2. sihteeri -3. sihteeri &#8211; Toiminnantarkastaja Marko Ruuska, varalla Erkki Kaila Julkisuuskuva- ja j\u00e4senyyskomitea Puheenjohtaja\u00a0Antti Etel\u00e4aho\u00a0 Palveluprojektikomitea Puheenjohtaja\u00a0Kenneth Karlsson Rotarys\u00e4\u00e4ti\u00f6komitea Puheenjohtaja\u00a0Tapani Takalo Nuorisovaihtotiimi Puheenjohtaja [&hellip;]<\/p>\n","protected":false},"author":654,"featured_media":0,"parent":129,"menu_order":0,"comment_status":"closed","ping_status":"closed","template":"","meta":{"_acf_changed":false,"_et_pb_use_builder":"on","_et_pb_old_content":"<strong>Hallituksen kokoonpano ja toimihenkil\u00f6t sek\u00e4 komiteoiden j\u00e4senet ja varahenkil\u00f6t vuodelle 2023\u20132024 <\/strong>Hallitus (* = hallituksen j\u00e4sen)\r\n<ul>\r\n \t<li>Presidentti* - Manu Pajuluoma<\/li>\r\n \t<li>Past presidentti* - Kenneth Karlsson<\/li>\r\n \t<li>Varapresidentti* - Erkki Huttunen<\/li>\r\n \t<li>Tuleva presidentti* - Toni Kurvinen<\/li>\r\n \t<li>Sihteeri* - Esa M\u00e4kinen<\/li>\r\n \t<li>Rahastonhoitaja* - Ahti Ylim\u00e4inen<\/li>\r\n \t<li>Nuorisovastaava* - Jari Nyk\u00e4nen<\/li>\r\n \t<li>Klubimestari* - Klaus Kianen<\/li>\r\n \t<li>2. sihteeri - Mirja Kangas<\/li>\r\n \t<li>3. sihteeri - Sakari Pyh\u00e4j\u00e4rvi<\/li>\r\n \t<li>It-vastaava Vesa-Matti Tolonen<\/li>\r\n<\/ul>\r\n\u00a0\r\n<ul>\r\n \t<li>Klubihallintokomitea: Manu Pajuluoma, Esa M\u00e4kinen, Ahti Ylim\u00e4inen<\/li>\r\n \t<li>Julkisuuskuva- ja j\u00e4senyyskomitea: Asko Kivilahti, Erkki Kaila, Klaus Kianen<\/li>\r\n \t<li>Rotarys\u00e4\u00e4ti\u00f6komitea: Tapani Takalo, Liikamaa Terho, Esko Lotvonen<\/li>\r\n \t<li>Palveluprojektikomitea: Kenneth Karlsson, Juhani Juuruspolvi, Sakari Pyh\u00e4j\u00e4rvi<\/li>\r\n \t<li>Puistomets\u00e4n hoitokunta: Manu Pajuluoma, Kenneth Karlsson, Tapani Takalo<\/li>\r\n \t<li>Nuorisovaihtotiimi: Jari Nyk\u00e4nen, Hannu Linjakumpu, Mirja Kangas<\/li>\r\n<\/ul>","_et_gb_content_width":"","footnotes":""},"class_list":["post-2076","page","type-page","status-publish","hentry"],"acf":[],"yoast_head":"<!-- This site is optimized with the Yoast SEO plugin v27.0 - https:\/\/yoast.com\/product\/yoast-seo-wordpress\/ -->\n<title>Hallitus ja toimihenkil\u00f6t - Rovaniemen Rotaryklubi<\/title>\n<meta name=\"description\" content=\"Rovaniemen Rotaryklubi hallitus ja toimihenkil\u00f6t\" \/>\n<meta name=\"robots\" content=\"index, follow, max-snippet:-1, max-image-preview:large, max-video-preview:-1\" \/>\n<link rel=\"canonical\" href=\"https:\/\/rotary.fi\/rovaniemenrotaryklubi\/keita-olemme\/hallitus-ja-toimihenkilot\/\" \/>\n<meta property=\"og:locale\" content=\"fi_FI\" \/>\n<meta property=\"og:type\" content=\"article\" \/>\n<meta property=\"og:title\" content=\"Hallitus ja toimihenkil\u00f6t - Rovaniemen Rotaryklubi\" \/>\n<meta property=\"og:description\" content=\"Rovaniemen Rotaryklubi hallitus ja toimihenkil\u00f6t\" \/>\n<meta property=\"og:url\" content=\"https:\/\/rotary.fi\/rovaniemenrotaryklubi\/keita-olemme\/hallitus-ja-toimihenkilot\/\" \/>\n<meta property=\"og:site_name\" content=\"Rovaniemen Rotaryklubi\" \/>\n<meta property=\"article:publisher\" content=\"https:\/\/www.facebook.com\/rovaniemirotary\/\" \/>\n<meta property=\"article:modified_time\" content=\"2025-07-04T10:08:19+00:00\" \/>\n<meta name=\"twitter:card\" content=\"summary_large_image\" \/>\n<meta name=\"twitter:label1\" content=\"Arvioitu lukuaika\" \/>\n\t<meta name=\"twitter:data1\" content=\"2 minuuttia\" \/>\n<script type=\"application\/ld+json\" class=\"yoast-schema-graph\">{\"@context\":\"https:\/\/schema.org\",\"@graph\":[{\"@type\":\"WebPage\",\"@id\":\"https:\/\/rotary.fi\/rovaniemenrotaryklubi\/keita-olemme\/hallitus-ja-toimihenkilot\/\",\"url\":\"https:\/\/rotary.fi\/rovaniemenrotaryklubi\/keita-olemme\/hallitus-ja-toimihenkilot\/\",\"name\":\"Hallitus ja toimihenkil\u00f6t - Rovaniemen Rotaryklubi\",\"isPartOf\":{\"@id\":\"https:\/\/rotary.fi\/rovaniemenrotaryklubi\/#website\"},\"datePublished\":\"2023-06-30T12:08:05+00:00\",\"dateModified\":\"2025-07-04T10:08:19+00:00\",\"description\":\"Rovaniemen Rotaryklubi hallitus ja toimihenkil\u00f6t\",\"breadcrumb\":{\"@id\":\"https:\/\/rotary.fi\/rovaniemenrotaryklubi\/keita-olemme\/hallitus-ja-toimihenkilot\/#breadcrumb\"},\"inLanguage\":\"fi\",\"potentialAction\":[{\"@type\":\"ReadAction\",\"target\":[\"https:\/\/rotary.fi\/rovaniemenrotaryklubi\/keita-olemme\/hallitus-ja-toimihenkilot\/\"]}]},{\"@type\":\"BreadcrumbList\",\"@id\":\"https:\/\/rotary.fi\/rovaniemenrotaryklubi\/keita-olemme\/hallitus-ja-toimihenkilot\/#breadcrumb\",\"itemListElement\":[{\"@type\":\"ListItem\",\"position\":1,\"name\":\"Home\",\"item\":\"https:\/\/rotary.fi\/rovaniemenrotaryklubi\/\"},{\"@type\":\"ListItem\",\"position\":2,\"name\":\"Keit\u00e4 olemme\",\"item\":\"https:\/\/rotary.fi\/rovaniemenrotaryklubi\/keita-olemme\/\"},{\"@type\":\"ListItem\",\"position\":3,\"name\":\"Hallitus ja toimihenkil\u00f6t\"}]},{\"@type\":\"WebSite\",\"@id\":\"https:\/\/rotary.fi\/rovaniemenrotaryklubi\/#website\",\"url\":\"https:\/\/rotary.fi\/rovaniemenrotaryklubi\/\",\"name\":\"Rovaniemen Rotaryklubi\",\"description\":\"Uusi Rotary klubisivusto\",\"publisher\":{\"@id\":\"https:\/\/rotary.fi\/rovaniemenrotaryklubi\/#organization\"},\"potentialAction\":[{\"@type\":\"SearchAction\",\"target\":{\"@type\":\"EntryPoint\",\"urlTemplate\":\"https:\/\/rotary.fi\/rovaniemenrotaryklubi\/?s={search_term_string}\"},\"query-input\":{\"@type\":\"PropertyValueSpecification\",\"valueRequired\":true,\"valueName\":\"search_term_string\"}}],\"inLanguage\":\"fi\"},{\"@type\":\"Organization\",\"@id\":\"https:\/\/rotary.fi\/rovaniemenrotaryklubi\/#organization\",\"name\":\"Rovaniemen Rotaryklubi\",\"url\":\"https:\/\/rotary.fi\/rovaniemenrotaryklubi\/\",\"logo\":{\"@type\":\"ImageObject\",\"inLanguage\":\"fi\",\"@id\":\"https:\/\/rotary.fi\/rovaniemenrotaryklubi\/#\/schema\/logo\/image\/\",\"url\":\"https:\/\/rotary.fi\/rovaniemenrotaryklubi\/wp-content\/uploads\/sites\/212\/2023\/07\/rovaniemen-rotaryklubi.jpg\",\"contentUrl\":\"https:\/\/rotary.fi\/rovaniemenrotaryklubi\/wp-content\/uploads\/sites\/212\/2023\/07\/rovaniemen-rotaryklubi.jpg\",\"width\":465,\"height\":124,\"caption\":\"Rovaniemen Rotaryklubi\"},\"image\":{\"@id\":\"https:\/\/rotary.fi\/rovaniemenrotaryklubi\/#\/schema\/logo\/image\/\"},\"sameAs\":[\"https:\/\/www.facebook.com\/rovaniemirotary\/\"]}]}<\/script>\n<!-- \/ Yoast SEO plugin. -->","yoast_head_json":{"title":"Hallitus ja toimihenkil\u00f6t - Rovaniemen Rotaryklubi","description":"Rovaniemen Rotaryklubi hallitus ja toimihenkil\u00f6t","robots":{"index":"index","follow":"follow","max-snippet":"max-snippet:-1","max-image-preview":"max-image-preview:large","max-video-preview":"max-video-preview:-1"},"canonical":"https:\/\/rotary.fi\/rovaniemenrotaryklubi\/keita-olemme\/hallitus-ja-toimihenkilot\/","og_locale":"fi_FI","og_type":"article","og_title":"Hallitus ja toimihenkil\u00f6t - Rovaniemen Rotaryklubi","og_description":"Rovaniemen Rotaryklubi hallitus ja toimihenkil\u00f6t","og_url":"https:\/\/rotary.fi\/rovaniemenrotaryklubi\/keita-olemme\/hallitus-ja-toimihenkilot\/","og_site_name":"Rovaniemen Rotaryklubi","article_publisher":"https:\/\/www.facebook.com\/rovaniemirotary\/","article_modified_time":"2025-07-04T10:08:19+00:00","twitter_card":"summary_large_image","twitter_misc":{"Arvioitu lukuaika":"2 minuuttia"},"schema":{"@context":"https:\/\/schema.org","@graph":[{"@type":"WebPage","@id":"https:\/\/rotary.fi\/rovaniemenrotaryklubi\/keita-olemme\/hallitus-ja-toimihenkilot\/","url":"https:\/\/rotary.fi\/rovaniemenrotaryklubi\/keita-olemme\/hallitus-ja-toimihenkilot\/","name":"Hallitus ja toimihenkil\u00f6t - Rovaniemen Rotaryklubi","isPartOf":{"@id":"https:\/\/rotary.fi\/rovaniemenrotaryklubi\/#website"},"datePublished":"2023-06-30T12:08:05+00:00","dateModified":"2025-07-04T10:08:19+00:00","description":"Rovaniemen Rotaryklubi hallitus ja toimihenkil\u00f6t","breadcrumb":{"@id":"https:\/\/rotary.fi\/rovaniemenrotaryklubi\/keita-olemme\/hallitus-ja-toimihenkilot\/#breadcrumb"},"inLanguage":"fi","potentialAction":[{"@type":"ReadAction","target":["https:\/\/rotary.fi\/rovaniemenrotaryklubi\/keita-olemme\/hallitus-ja-toimihenkilot\/"]}]},{"@type":"BreadcrumbList","@id":"https:\/\/rotary.fi\/rovaniemenrotaryklubi\/keita-olemme\/hallitus-ja-toimihenkilot\/#breadcrumb","itemListElement":[{"@type":"ListItem","position":1,"name":"Home","item":"https:\/\/rotary.fi\/rovaniemenrotaryklubi\/"},{"@type":"ListItem","position":2,"name":"Keit\u00e4 olemme","item":"https:\/\/rotary.fi\/rovaniemenrotaryklubi\/keita-olemme\/"},{"@type":"ListItem","position":3,"name":"Hallitus ja toimihenkil\u00f6t"}]},{"@type":"WebSite","@id":"https:\/\/rotary.fi\/rovaniemenrotaryklubi\/#website","url":"https:\/\/rotary.fi\/rovaniemenrotaryklubi\/","name":"Rovaniemen Rotaryklubi","description":"Uusi Rotary klubisivusto","publisher":{"@id":"https:\/\/rotary.fi\/rovaniemenrotaryklubi\/#organization"},"potentialAction":[{"@type":"SearchAction","target":{"@type":"EntryPoint","urlTemplate":"https:\/\/rotary.fi\/rovaniemenrotaryklubi\/?s={search_term_string}"},"query-input":{"@type":"PropertyValueSpecification","valueRequired":true,"valueName":"search_term_string"}}],"inLanguage":"fi"},{"@type":"Organization","@id":"https:\/\/rotary.fi\/rovaniemenrotaryklubi\/#organization","name":"Rovaniemen Rotaryklubi","url":"https:\/\/rotary.fi\/rovaniemenrotaryklubi\/","logo":{"@type":"ImageObject","inLanguage":"fi","@id":"https:\/\/rotary.fi\/rovaniemenrotaryklubi\/#\/schema\/logo\/image\/","url":"https:\/\/rotary.fi\/rovaniemenrotaryklubi\/wp-content\/uploads\/sites\/212\/2023\/07\/rovaniemen-rotaryklubi.jpg","contentUrl":"https:\/\/rotary.fi\/rovaniemenrotaryklubi\/wp-content\/uploads\/sites\/212\/2023\/07\/rovaniemen-rotaryklubi.jpg","width":465,"height":124,"caption":"Rovaniemen Rotaryklubi"},"image":{"@id":"https:\/\/rotary.fi\/rovaniemenrotaryklubi\/#\/schema\/logo\/image\/"},"sameAs":["https:\/\/www.facebook.com\/rovaniemirotary\/"]}]}},"lang":"fi","translations":{"fi":2076,"en":2521},"pll_sync_post":[],"_links":{"self":[{"href":"https:\/\/rotary.fi\/rovaniemenrotaryklubi\/wp-json\/wp\/v2\/pages\/2076","targetHints":{"allow":["GET"]}}],"collection":[{"href":"https:\/\/rotary.fi\/rovaniemenrotaryklubi\/wp-json\/wp\/v2\/pages"}],"about":[{"href":"https:\/\/rotary.fi\/rovaniemenrotaryklubi\/wp-json\/wp\/v2\/types\/page"}],"author":[{"embeddable":true,"href":"https:\/\/rotary.fi\/rovaniemenrotaryklubi\/wp-json\/wp\/v2\/users\/654"}],"replies":[{"embeddable":true,"href":"https:\/\/rotary.fi\/rovaniemenrotaryklubi\/wp-json\/wp\/v2\/comments?post=2076"}],"version-history":[{"count":10,"href":"https:\/\/rotary.fi\/rovaniemenrotaryklubi\/wp-json\/wp\/v2\/pages\/2076\/revisions"}],"predecessor-version":[{"id":3511,"href":"https:\/\/rotary.fi\/rovaniemenrotaryklubi\/wp-json\/wp\/v2\/pages\/2076\/revisions\/3511"}],"up":[{"embeddable":true,"href":"https:\/\/rotary.fi\/rovaniemenrotaryklubi\/wp-json\/wp\/v2\/pages\/129"}],"wp:attachment":[{"href":"https:\/\/rotary.fi\/rovaniemenrotaryklubi\/wp-json\/wp\/v2\/media?parent=2076"}],"curies":[{"name":"wp","href":"https:\/\/api.w.org\/{rel}","templated":true}]}}