{"id":156,"date":"2018-08-13T09:46:59","date_gmt":"2018-08-13T06:46:59","guid":{"rendered":"https:\/\/rotary.fi\/rovaniemenrotaryklubi\/?page_id=156"},"modified":"2024-06-24T10:07:07","modified_gmt":"2024-06-24T07:07:07","slug":"projektit","status":"publish","type":"page","link":"https:\/\/rotary.fi\/rovaniemenrotaryklubi\/mita-teemme\/projektit\/","title":{"rendered":"Projektit"},"content":{"rendered":"<p>[et_pb_section fb_built=&#8221;1&#8243; module_class=&#8221;jumbotron-page&#8221; _builder_version=&#8221;4.16&#8243; background_image=&#8221;https:\/\/rotary.fi\/rovaniemenrotaryklubi\/wp-content\/uploads\/sites\/212\/2021\/10\/laavun-tekijat.jpg&#8221; global_colors_info=&#8221;{}&#8221;][et_pb_row _builder_version=&#8221;4.16&#8243; background_size=&#8221;initial&#8221; background_position=&#8221;top_left&#8221; background_repeat=&#8221;repeat&#8221; global_colors_info=&#8221;{}&#8221;][et_pb_column type=&#8221;4_4&#8243; _builder_version=&#8221;4.16&#8243; custom_padding=&#8221;|||&#8221; global_colors_info=&#8221;{}&#8221; custom_padding__hover=&#8221;|||&#8221;][et_pb_text admin_label=&#8221;P\u00e4\u00e4otsikko&#8221; _builder_version=&#8221;4.16&#8243; text_orientation=&#8221;center&#8221; background_layout=&#8221;dark&#8221; global_colors_info=&#8221;{}&#8221;]<\/p>\n<h1>Projektit<\/h1>\n<p>[\/et_pb_text][\/et_pb_column][\/et_pb_row][\/et_pb_section][et_pb_section fb_built=&#8221;1&#8243; specialty=&#8221;on&#8221; module_class_2=&#8221;sivupalkki&#8221; disabled_on=&#8221;off|off|off&#8221; _builder_version=&#8221;4.16&#8243; custom_margin=&#8221;||-53px|||&#8221; global_colors_info=&#8221;{}&#8221;][et_pb_column type=&#8221;2_3&#8243; specialty_columns=&#8221;2&#8243; _builder_version=&#8221;4.16&#8243; custom_padding=&#8221;|||&#8221; global_colors_info=&#8221;{}&#8221; parallax__hover=&#8221;off&#8221; parallax_method__hover=&#8221;on&#8221; custom_padding__hover=&#8221;|||&#8221;][et_pb_row_inner admin_label=&#8221;Rivi&#8221; _builder_version=&#8221;4.16&#8243; global_colors_info=&#8221;{}&#8221;][et_pb_column_inner saved_specialty_column_type=&#8221;2_3&#8243; _builder_version=&#8221;4.16&#8243; custom_padding=&#8221;|||&#8221; global_colors_info=&#8221;{}&#8221; parallax__hover=&#8221;off&#8221; parallax_method__hover=&#8221;on&#8221; custom_padding__hover=&#8221;|||&#8221;][et_pb_text admin_label=&#8221;Projektit &#8211; Otsikko&#8221; _builder_version=&#8221;4.16&#8243; text_orientation=&#8221;center&#8221; global_colors_info=&#8221;{}&#8221;]<\/p>\n<h1>Projektit<\/h1>\n<p>[\/et_pb_text][et_pb_text admin_label=&#8221;Teksti&#8221; _builder_version=&#8221;4.16&#8243; global_colors_info=&#8221;{}&#8221;]<\/p>\n<p>Rotary on vapaaehtoisj\u00e4rjest\u00f6, jonka muodostaa 1,2 miljoonaa liike- ja ammattiel\u00e4m\u00e4n johtajaa. Noin 33000 rotaryklubia yli 200 maassa ja maantieteellisell\u00e4 alueella k\u00e4ynnist\u00e4v\u00e4t hankkeita, jotka suuntautuvat ajankohtaisiin ongelmiin kuten luku- ja kirjoitustaito, sairaudet, n\u00e4lk\u00e4, k\u00f6yhyys, puhtaan veden puute ja ymp\u00e4rist\u00f6kysymykset.<\/p>\n<p>Rotaryn lippulaiva-ohjelma on polioplus-rokotusohjelma, jonka tarkoituksena on h\u00e4vitt\u00e4\u00e4 polio maailmasta yhdess\u00e4 WHO:n, UNICEFin ja CDC:n kanssa. T\u00e4m\u00e4n lis\u00e4ksi jatkuvina palveluohjelmina toimivat kansainv\u00e4liset nuorisovaihto-ohjelmat: leirivaihto, kes\u00e4vaihto ja vuosivaihto. Rotary osallistuu my\u00f6s \u00e4killisiin avuntarpeisiin kuten Haitin maanj\u00e4ristys -katastrofi tai Filippiinien taifuunikatastrofi. Haitin auttamiseksi suomalaiset rotarit ker\u00e4siv\u00e4t yhdess\u00e4 kuukaudessa 92800 euroa, jotka k\u00e4ytettiin Shelter Boxien hankintaan. N\u00e4it\u00e4 \u201dkoti laatikossa\u201d -tuotteita toimitettiin katastrofialueelle jo ker\u00e4yksen aikana. Nopeus on t\u00e4rke\u00e4\u00e4 t\u00e4llaisissa onnettomuuksissa.<\/p>\n<p>[\/et_pb_text][et_pb_text admin_label=&#8221;Otsikko&#8221; _builder_version=&#8221;4.16&#8243; _module_preset=&#8221;default&#8221; global_colors_info=&#8221;{}&#8221;]<\/p>\n<h5>Rovaniemen rotaryklubien yhteinen puistomets\u00e4<\/h5>\n<p>[\/et_pb_text][\/et_pb_column_inner][\/et_pb_row_inner][et_pb_row_inner column_structure=&#8221;1_2,1_2&#8243; _builder_version=&#8221;4.16&#8243; _module_preset=&#8221;default&#8221; global_colors_info=&#8221;{}&#8221;][et_pb_column_inner type=&#8221;1_2&#8243; saved_specialty_column_type=&#8221;2_3&#8243; _builder_version=&#8221;4.16&#8243; _module_preset=&#8221;default&#8221; global_colors_info=&#8221;{}&#8221;][et_pb_image src=&#8221;https:\/\/rotary.fi\/rovaniemenrotaryklubi\/wp-content\/uploads\/sites\/212\/2021\/05\/rotarypuisto-2-30102017.jpeg&#8221; alt=&#8221;Rotarypuisto talvella. Kuvattu 30.10.2017.&#8221; title_text=&#8221;Rotarypuisto talvella. Kuvattu 30.10.2017.&#8221; _builder_version=&#8221;4.21.0&#8243; _module_preset=&#8221;default&#8221; global_colors_info=&#8221;{}&#8221;][\/et_pb_image][\/et_pb_column_inner][et_pb_column_inner type=&#8221;1_2&#8243; saved_specialty_column_type=&#8221;2_3&#8243; _builder_version=&#8221;4.16&#8243; _module_preset=&#8221;default&#8221; global_colors_info=&#8221;{}&#8221;][et_pb_text admin_label=&#8221;Teksti&#8221; _builder_version=&#8221;4.16&#8243; global_colors_info=&#8221;{}&#8221;]<\/p>\n<p>Rovaniemen klubit ker\u00e4\u00e4v\u00e4t varoja yll\u00e4mainittujen hankkeiden rahoittamiseksi tarjoamalla puistomets\u00e4st\u00e4 lunastettavaksi puita 100 euron hintaan. Puita voi lunastaa itselle, omalle organisaatiolle tai lahjaksi, yhden tai useamman kerrallaan. Puistomets\u00e4 sijaitsee Ounasjoen rantamaisemissa l\u00e4hell\u00e4 Arktikumia ja Rovaniemen kaupungin keskustaa.<\/p>\n<p>[\/et_pb_text][\/et_pb_column_inner][\/et_pb_row_inner][et_pb_row_inner _builder_version=&#8221;4.16&#8243; _module_preset=&#8221;default&#8221; min_height=&#8221;24.9px&#8221; global_colors_info=&#8221;{}&#8221;][et_pb_column_inner saved_specialty_column_type=&#8221;2_3&#8243; _builder_version=&#8221;4.16&#8243; _module_preset=&#8221;default&#8221; global_colors_info=&#8221;{}&#8221;][et_pb_text _builder_version=&#8221;4.16&#8243; _module_preset=&#8221;default&#8221; global_colors_info=&#8221;{}&#8221;]<\/p>\n<h5>Revontulilaavu<\/h5>\n<p>[\/et_pb_text][\/et_pb_column_inner][\/et_pb_row_inner][et_pb_row_inner column_structure=&#8221;1_2,1_2&#8243; _builder_version=&#8221;4.16&#8243; _module_preset=&#8221;default&#8221; custom_margin=&#8221;-20px|auto||auto||&#8221; custom_padding=&#8221;||0px|||&#8221; global_colors_info=&#8221;{}&#8221;][et_pb_column_inner type=&#8221;1_2&#8243; saved_specialty_column_type=&#8221;2_3&#8243; _builder_version=&#8221;4.16&#8243; _module_preset=&#8221;default&#8221; global_colors_info=&#8221;{}&#8221;][et_pb_text _builder_version=&#8221;4.16&#8243; _module_preset=&#8221;default&#8221; global_colors_info=&#8221;{}&#8221;]<\/p>\n<p>Rovaniemen Rotaryklubit rakensivat yhdess\u00e4 Rotarypuistoon Revontulilaavun kes\u00e4n ja syksyn 2021 aikana. Kaupunkilaisten suosima laavu valittiin vuoden 2022 Rovaniemen kaupunkikeskustateoksi, mutta se tuhoutui kev\u00e4\u00e4ll\u00e4 2022. Laavun uudelleen rakennettiin syksyll\u00e4 2023. Olemme saaneet tukea useilta paikallisilta yrityksilt\u00e4 ja yhteis\u00f6ilt\u00e4. Kiitokset heille!<\/p>\n<p>Laavu on tarkoitettu kaupungin asukkaiden ja vierailijoiden k\u00e4ytt\u00f6\u00f6n. Siit\u00e4 on hyv\u00e4 katsella iltapime\u00e4ll\u00e4 revontulia Ounasjoen yli. Hiihtolatu kulkee joella, joten kaakaolle ja makkaranpaistoon on nyt erinomainen mahdollisuus. My\u00f6s pieni lepotauko jokivarren polulla kuntoillessa on mahdollista. Samalla voi vaihtaa pari sanaa muiden laavun k\u00e4ytt\u00e4jien kanssa.<\/p>\n<p>Laavua ei ole mahdollista varata yksityiseen k\u00e4ytt\u00f6\u00f6n. Kaupunki huolehtii infrasta ja puuhuollosta.\u00a0<\/p>\n<p>[\/et_pb_text][\/et_pb_column_inner][et_pb_column_inner type=&#8221;1_2&#8243; saved_specialty_column_type=&#8221;2_3&#8243; _builder_version=&#8221;4.16&#8243; _module_preset=&#8221;default&#8221; global_colors_info=&#8221;{}&#8221;][et_pb_image src=&#8221;https:\/\/rotary.fi\/rovaniemenrotaryklubi\/wp-content\/uploads\/sites\/212\/2023\/10\/rovaniemen-kaupunginhallituksen-puheenjohtaja-susanna-junttila-pitamassa-puhetta.jpg&#8221; alt=&#8221;Rovaniemen kaupunginhallituksen puheenjohtaja Susanna Junttila pit\u00e4m\u00e4ss\u00e4 puhetta.&#8221; title_text=&#8221;Rovaniemen kaupunginhallituksen puheenjohtaja Susanna Junttila pit\u00e4m\u00e4ss\u00e4 puhetta.&#8221; _builder_version=&#8221;4.22.1&#8243; _module_preset=&#8221;default&#8221; global_colors_info=&#8221;{}&#8221;][\/et_pb_image][et_pb_image src=&#8221;https:\/\/rotary.fi\/rovaniemenrotaryklubi\/wp-content\/uploads\/sites\/212\/2023\/10\/presidentti-manu-pajuluoma-sisko-victoria-mlakar-veli-eero-pajula-kuvernoori-petri-keranen-ja-presidentti-jaana-koskela.jpg&#8221; alt=&#8221;Presidentti Manu Pajuluoma, sisko Victoria Mlakar, veli Eero Pajula, kuvern\u00f6\u00f6ri Petri Ker\u00e4nen ja presidentti Jaana Koskela&#8221; title_text=&#8221;Presidentti Manu Pajuluoma, sisko Victoria Mlakar, veli Eero Pajula, kuvern\u00f6\u00f6ri Petri Ker\u00e4nen ja presidentti Jaana Koskela&#8221; _builder_version=&#8221;4.22.1&#8243; _module_preset=&#8221;default&#8221; global_colors_info=&#8221;{}&#8221;][\/et_pb_image][\/et_pb_column_inner][\/et_pb_row_inner][et_pb_row_inner admin_label=&#8221;Rivi&#8221; _builder_version=&#8221;4.16&#8243; _module_preset=&#8221;default&#8221; min_height=&#8221;74.9px&#8221; custom_margin=&#8221;|auto|-22px|auto||&#8221; global_colors_info=&#8221;{}&#8221;][et_pb_column_inner saved_specialty_column_type=&#8221;2_3&#8243; _builder_version=&#8221;4.16&#8243; _module_preset=&#8221;default&#8221; global_colors_info=&#8221;{}&#8221;][et_pb_text admin_label=&#8221;Teksti&#8221; _builder_version=&#8221;4.16&#8243; _module_preset=&#8221;default&#8221; global_colors_info=&#8221;{}&#8221;]<\/p>\n<h5>Kirjahylly<\/h5>\n<p>[\/et_pb_text][\/et_pb_column_inner][\/et_pb_row_inner][et_pb_row_inner column_structure=&#8221;1_2,1_2&#8243; _builder_version=&#8221;4.16&#8243; _module_preset=&#8221;default&#8221; min_height=&#8221;350.1px&#8221; global_colors_info=&#8221;{}&#8221;][et_pb_column_inner type=&#8221;1_2&#8243; saved_specialty_column_type=&#8221;2_3&#8243; _builder_version=&#8221;4.16&#8243; _module_preset=&#8221;default&#8221; global_colors_info=&#8221;{}&#8221;][et_pb_image src=&#8221;https:\/\/rotary.fi\/rovaniemenrotaryklubi\/wp-content\/uploads\/sites\/212\/2021\/05\/unnamed.jpg&#8221; alt=&#8221;Rovaniemen Rotaryklubin kirjahylly Sampokeskuksessa.&#8221; title_text=&#8221;Rovaniemen Rotaryklubin kirjahylly Sampokeskuksessa.&#8221; _builder_version=&#8221;4.21.0&#8243; _module_preset=&#8221;default&#8221; global_colors_info=&#8221;{}&#8221;][\/et_pb_image][\/et_pb_column_inner][et_pb_column_inner type=&#8221;1_2&#8243; saved_specialty_column_type=&#8221;2_3&#8243; _builder_version=&#8221;4.16&#8243; _module_preset=&#8221;default&#8221; global_colors_info=&#8221;{}&#8221;][et_pb_text _builder_version=&#8221;4.16&#8243; _module_preset=&#8221;default&#8221; custom_margin=&#8221;||16px|||&#8221; global_colors_info=&#8221;{}&#8221;]<\/p>\n<p>Rovaniemen Rotaryklubi on sijoittanut rovaniemel\u00e4iseen Sampo kauppakeskukseen kirjahyllyn lukemisen yst\u00e4vien iloksi. Siit\u00e4 voi kuka tahansa k\u00e4vij\u00e4 ottaa mukaansa kirjoja. Siihen voi my\u00f6s lahjoittaa itselleen tarpeettomia kirjoja muiden viet\u00e4v\u00e4ksi. 1-2 kertaa vuodessa meill\u00e4 on tempaus uusien kirjojen saamiseksi hyllyyn. Tavoitteemme on, ett\u00e4 ihmiset oppisivat kierr\u00e4tt\u00e4m\u00e4\u00e4n kirjat. Niist\u00e4 voi olla toiselle ihmiselle viel\u00e4 paljon iloa. T\u00e4m\u00e4 my\u00f6s v\u00e4hent\u00e4\u00e4 j\u00e4tekuormitusta.<\/p>\n<p>Kirjat jotka ihannoivat v\u00e4kivaltaa, loukkaavat sukupuolisivellisyytt\u00e4 tai ihmisarvoa eiv\u00e4t kuulu t\u00e4h\u00e4n hyllyyn ja ne poistetaan.<\/p>\n<p>Toivomme erityisesti Lappi-aiheisia ja erikielisi\u00e4 kirjoja. My\u00f6s lasten- ja nuortenkirjoille on kysynt\u00e4\u00e4.\u00a0<\/p>\n<p>[\/et_pb_text][\/et_pb_column_inner][\/et_pb_row_inner][et_pb_row_inner _builder_version=&#8221;4.16&#8243; _module_preset=&#8221;default&#8221; custom_margin=&#8221;-10px|auto|-56px|auto||&#8221; global_colors_info=&#8221;{}&#8221;][et_pb_column_inner saved_specialty_column_type=&#8221;2_3&#8243; _builder_version=&#8221;4.16&#8243; _module_preset=&#8221;default&#8221; global_colors_info=&#8221;{}&#8221;][et_pb_text _builder_version=&#8221;4.16&#8243; _module_preset=&#8221;default&#8221; global_colors_info=&#8221;{}&#8221;]<\/p>\n<h5>Rotaryruletti<\/h5>\n<p>[\/et_pb_text][\/et_pb_column_inner][\/et_pb_row_inner][et_pb_row_inner column_structure=&#8221;1_2,1_2&#8243; _builder_version=&#8221;4.16&#8243; _module_preset=&#8221;default&#8221; min_height=&#8221;338px&#8221; custom_padding=&#8221;||15px|||&#8221; global_colors_info=&#8221;{}&#8221;][et_pb_column_inner type=&#8221;1_2&#8243; saved_specialty_column_type=&#8221;2_3&#8243; _builder_version=&#8221;4.16&#8243; _module_preset=&#8221;default&#8221; global_colors_info=&#8221;{}&#8221;][et_pb_text _builder_version=&#8221;4.16&#8243; _module_preset=&#8221;default&#8221; global_colors_info=&#8221;{}&#8221;]<\/p>\n<p>Rovaniemen Rotaryklubit ovat yhdess\u00e4 py\u00f6ritt\u00e4neet Rotaryrulettia Wanhoilla markkinoilla elokuussa jo usean vuoden ajan. Kertyneet varat ovat Wanhat markkinat saaneet lyhent\u00e4m\u00e4tt\u00f6m\u00e4n\u00e4 hyv\u00e4ntekev\u00e4isyystoimintaan. Varat lahjoitetaan vuosittain paikallisille toimijoille.<\/p>\n<p>Lis\u00e4tietoa Wanhoista markkinoista l\u00f6ytyy t\u00e4\u00e4lt\u00e4: <a href=\"http:\/\/www.rovaniemenwanhatmarkkinat.fi\/?page_id=25\">http:\/\/www.rovaniemenwanhatmarkkinat.fi\/<\/a><\/p>\n<p>[\/et_pb_text][\/et_pb_column_inner][et_pb_column_inner type=&#8221;1_2&#8243; saved_specialty_column_type=&#8221;2_3&#8243; _builder_version=&#8221;4.16&#8243; _module_preset=&#8221;default&#8221; global_colors_info=&#8221;{}&#8221;][et_pb_image src=&#8221;https:\/\/rotary.fi\/rovaniemenrotaryklubi\/wp-content\/uploads\/sites\/212\/2023\/10\/petra-kurtti-rotaryruletissa-vuonna-2023.jpg&#8221; alt=&#8221;Petra Kurtti Rotaryruletissa vuonna 2023.&#8221; title_text=&#8221;Petra Kurtti Rotaryruletissa vuonna 2023.&#8221; _builder_version=&#8221;4.22.1&#8243; _module_preset=&#8221;default&#8221; width=&#8221;61%&#8221; min_height=&#8221;330.6px&#8221; global_colors_info=&#8221;{}&#8221;][\/et_pb_image][\/et_pb_column_inner][\/et_pb_row_inner][\/et_pb_column][et_pb_column type=&#8221;1_3&#8243; module_class=&#8221;sivupalkki&#8221; _builder_version=&#8221;4.16&#8243; custom_padding=&#8221;|||&#8221; global_colors_info=&#8221;{}&#8221; parallax__hover=&#8221;off&#8221; parallax_method__hover=&#8221;on&#8221; module_class__hover=&#8221;sivupalkki&#8221; custom_padding__hover=&#8221;|||&#8221;][et_pb_sidebar area=&#8221;sidebar-1&#8243; module_class=&#8221;sivupalkki_sisalto&#8221; _builder_version=&#8221;4.16&#8243; locked=&#8221;on&#8221; global_colors_info=&#8221;{}&#8221;][\/et_pb_sidebar][\/et_pb_column][\/et_pb_section]<\/p>\n","protected":false},"excerpt":{"rendered":"<p>Projektit Projektit Rotary on vapaaehtoisj\u00e4rjest\u00f6, jonka muodostaa 1,2 miljoonaa liike- ja ammattiel\u00e4m\u00e4n johtajaa. Noin 33000 rotaryklubia yli 200 maassa ja maantieteellisell\u00e4 alueella k\u00e4ynnist\u00e4v\u00e4t hankkeita, jotka suuntautuvat ajankohtaisiin ongelmiin kuten luku- ja kirjoitustaito, sairaudet, n\u00e4lk\u00e4, k\u00f6yhyys, puhtaan veden puute ja ymp\u00e4rist\u00f6kysymykset. Rotaryn lippulaiva-ohjelma on polioplus-rokotusohjelma, jonka tarkoituksena on h\u00e4vitt\u00e4\u00e4 polio maailmasta yhdess\u00e4 WHO:n, UNICEFin ja CDC:n [&hellip;]<\/p>\n","protected":false},"author":1,"featured_media":0,"parent":77,"menu_order":0,"comment_status":"closed","ping_status":"closed","template":"","meta":{"_acf_changed":false,"_et_pb_use_builder":"on","_et_pb_old_content":"","_et_gb_content_width":"","footnotes":""},"class_list":["post-156","page","type-page","status-publish","hentry"],"acf":[],"yoast_head":"<!-- This site is optimized with the Yoast SEO plugin v27.0 - https:\/\/yoast.com\/product\/yoast-seo-wordpress\/ -->\n<title>Projektit - Rovaniemen Rotaryklubi<\/title>\n<meta name=\"description\" content=\"Rovaniemen Rotaryklubilla on projekteina Puistomets\u00e4, Revontulilaavu, Kirjahylly, Rotaryruletti, Polio-ker\u00e4ys sek\u00e4 Nuorisovaihto-ohjelmat.\" \/>\n<meta name=\"robots\" content=\"index, follow, max-snippet:-1, max-image-preview:large, max-video-preview:-1\" \/>\n<link rel=\"canonical\" href=\"https:\/\/rotary.fi\/rovaniemenrotaryklubi\/mita-teemme\/projektit\/\" \/>\n<meta property=\"og:locale\" content=\"fi_FI\" \/>\n<meta property=\"og:type\" content=\"article\" \/>\n<meta property=\"og:title\" content=\"Projektit - Rovaniemen Rotaryklubi\" \/>\n<meta property=\"og:description\" content=\"Rovaniemen Rotaryklubilla on projekteina Puistomets\u00e4, Revontulilaavu, Kirjahylly, Rotaryruletti, Polio-ker\u00e4ys sek\u00e4 Nuorisovaihto-ohjelmat.\" \/>\n<meta property=\"og:url\" content=\"https:\/\/rotary.fi\/rovaniemenrotaryklubi\/mita-teemme\/projektit\/\" \/>\n<meta property=\"og:site_name\" content=\"Rovaniemen Rotaryklubi\" \/>\n<meta property=\"article:publisher\" content=\"https:\/\/www.facebook.com\/rovaniemirotary\/\" \/>\n<meta property=\"article:modified_time\" content=\"2024-06-24T07:07:07+00:00\" \/>\n<meta name=\"twitter:card\" content=\"summary_large_image\" \/>\n<meta name=\"twitter:label1\" content=\"Arvioitu lukuaika\" \/>\n\t<meta name=\"twitter:data1\" content=\"5 minuuttia\" \/>\n<script type=\"application\/ld+json\" class=\"yoast-schema-graph\">{\"@context\":\"https:\/\/schema.org\",\"@graph\":[{\"@type\":\"WebPage\",\"@id\":\"https:\/\/rotary.fi\/rovaniemenrotaryklubi\/mita-teemme\/projektit\/\",\"url\":\"https:\/\/rotary.fi\/rovaniemenrotaryklubi\/mita-teemme\/projektit\/\",\"name\":\"Projektit - Rovaniemen Rotaryklubi\",\"isPartOf\":{\"@id\":\"https:\/\/rotary.fi\/rovaniemenrotaryklubi\/#website\"},\"datePublished\":\"2018-08-13T06:46:59+00:00\",\"dateModified\":\"2024-06-24T07:07:07+00:00\",\"description\":\"Rovaniemen Rotaryklubilla on projekteina Puistomets\u00e4, Revontulilaavu, Kirjahylly, Rotaryruletti, Polio-ker\u00e4ys sek\u00e4 Nuorisovaihto-ohjelmat.\",\"breadcrumb\":{\"@id\":\"https:\/\/rotary.fi\/rovaniemenrotaryklubi\/mita-teemme\/projektit\/#breadcrumb\"},\"inLanguage\":\"fi\",\"potentialAction\":[{\"@type\":\"ReadAction\",\"target\":[\"https:\/\/rotary.fi\/rovaniemenrotaryklubi\/mita-teemme\/projektit\/\"]}]},{\"@type\":\"BreadcrumbList\",\"@id\":\"https:\/\/rotary.fi\/rovaniemenrotaryklubi\/mita-teemme\/projektit\/#breadcrumb\",\"itemListElement\":[{\"@type\":\"ListItem\",\"position\":1,\"name\":\"Home\",\"item\":\"https:\/\/rotary.fi\/rovaniemenrotaryklubi\/\"},{\"@type\":\"ListItem\",\"position\":2,\"name\":\"Mit\u00e4 teemme\",\"item\":\"https:\/\/rotary.fi\/rovaniemenrotaryklubi\/mita-teemme\/\"},{\"@type\":\"ListItem\",\"position\":3,\"name\":\"Projektit\"}]},{\"@type\":\"WebSite\",\"@id\":\"https:\/\/rotary.fi\/rovaniemenrotaryklubi\/#website\",\"url\":\"https:\/\/rotary.fi\/rovaniemenrotaryklubi\/\",\"name\":\"Rovaniemen Rotaryklubi\",\"description\":\"Uusi Rotary klubisivusto\",\"publisher\":{\"@id\":\"https:\/\/rotary.fi\/rovaniemenrotaryklubi\/#organization\"},\"potentialAction\":[{\"@type\":\"SearchAction\",\"target\":{\"@type\":\"EntryPoint\",\"urlTemplate\":\"https:\/\/rotary.fi\/rovaniemenrotaryklubi\/?s={search_term_string}\"},\"query-input\":{\"@type\":\"PropertyValueSpecification\",\"valueRequired\":true,\"valueName\":\"search_term_string\"}}],\"inLanguage\":\"fi\"},{\"@type\":\"Organization\",\"@id\":\"https:\/\/rotary.fi\/rovaniemenrotaryklubi\/#organization\",\"name\":\"Rovaniemen Rotaryklubi\",\"url\":\"https:\/\/rotary.fi\/rovaniemenrotaryklubi\/\",\"logo\":{\"@type\":\"ImageObject\",\"inLanguage\":\"fi\",\"@id\":\"https:\/\/rotary.fi\/rovaniemenrotaryklubi\/#\/schema\/logo\/image\/\",\"url\":\"https:\/\/rotary.fi\/rovaniemenrotaryklubi\/wp-content\/uploads\/sites\/212\/2023\/07\/rovaniemen-rotaryklubi.jpg\",\"contentUrl\":\"https:\/\/rotary.fi\/rovaniemenrotaryklubi\/wp-content\/uploads\/sites\/212\/2023\/07\/rovaniemen-rotaryklubi.jpg\",\"width\":465,\"height\":124,\"caption\":\"Rovaniemen Rotaryklubi\"},\"image\":{\"@id\":\"https:\/\/rotary.fi\/rovaniemenrotaryklubi\/#\/schema\/logo\/image\/\"},\"sameAs\":[\"https:\/\/www.facebook.com\/rovaniemirotary\/\"]}]}<\/script>\n<!-- \/ Yoast SEO plugin. -->","yoast_head_json":{"title":"Projektit - Rovaniemen Rotaryklubi","description":"Rovaniemen Rotaryklubilla on projekteina Puistomets\u00e4, Revontulilaavu, Kirjahylly, Rotaryruletti, Polio-ker\u00e4ys sek\u00e4 Nuorisovaihto-ohjelmat.","robots":{"index":"index","follow":"follow","max-snippet":"max-snippet:-1","max-image-preview":"max-image-preview:large","max-video-preview":"max-video-preview:-1"},"canonical":"https:\/\/rotary.fi\/rovaniemenrotaryklubi\/mita-teemme\/projektit\/","og_locale":"fi_FI","og_type":"article","og_title":"Projektit - Rovaniemen Rotaryklubi","og_description":"Rovaniemen Rotaryklubilla on projekteina Puistomets\u00e4, Revontulilaavu, Kirjahylly, Rotaryruletti, Polio-ker\u00e4ys sek\u00e4 Nuorisovaihto-ohjelmat.","og_url":"https:\/\/rotary.fi\/rovaniemenrotaryklubi\/mita-teemme\/projektit\/","og_site_name":"Rovaniemen Rotaryklubi","article_publisher":"https:\/\/www.facebook.com\/rovaniemirotary\/","article_modified_time":"2024-06-24T07:07:07+00:00","twitter_card":"summary_large_image","twitter_misc":{"Arvioitu lukuaika":"5 minuuttia"},"schema":{"@context":"https:\/\/schema.org","@graph":[{"@type":"WebPage","@id":"https:\/\/rotary.fi\/rovaniemenrotaryklubi\/mita-teemme\/projektit\/","url":"https:\/\/rotary.fi\/rovaniemenrotaryklubi\/mita-teemme\/projektit\/","name":"Projektit - Rovaniemen Rotaryklubi","isPartOf":{"@id":"https:\/\/rotary.fi\/rovaniemenrotaryklubi\/#website"},"datePublished":"2018-08-13T06:46:59+00:00","dateModified":"2024-06-24T07:07:07+00:00","description":"Rovaniemen Rotaryklubilla on projekteina Puistomets\u00e4, Revontulilaavu, Kirjahylly, Rotaryruletti, Polio-ker\u00e4ys sek\u00e4 Nuorisovaihto-ohjelmat.","breadcrumb":{"@id":"https:\/\/rotary.fi\/rovaniemenrotaryklubi\/mita-teemme\/projektit\/#breadcrumb"},"inLanguage":"fi","potentialAction":[{"@type":"ReadAction","target":["https:\/\/rotary.fi\/rovaniemenrotaryklubi\/mita-teemme\/projektit\/"]}]},{"@type":"BreadcrumbList","@id":"https:\/\/rotary.fi\/rovaniemenrotaryklubi\/mita-teemme\/projektit\/#breadcrumb","itemListElement":[{"@type":"ListItem","position":1,"name":"Home","item":"https:\/\/rotary.fi\/rovaniemenrotaryklubi\/"},{"@type":"ListItem","position":2,"name":"Mit\u00e4 teemme","item":"https:\/\/rotary.fi\/rovaniemenrotaryklubi\/mita-teemme\/"},{"@type":"ListItem","position":3,"name":"Projektit"}]},{"@type":"WebSite","@id":"https:\/\/rotary.fi\/rovaniemenrotaryklubi\/#website","url":"https:\/\/rotary.fi\/rovaniemenrotaryklubi\/","name":"Rovaniemen Rotaryklubi","description":"Uusi Rotary klubisivusto","publisher":{"@id":"https:\/\/rotary.fi\/rovaniemenrotaryklubi\/#organization"},"potentialAction":[{"@type":"SearchAction","target":{"@type":"EntryPoint","urlTemplate":"https:\/\/rotary.fi\/rovaniemenrotaryklubi\/?s={search_term_string}"},"query-input":{"@type":"PropertyValueSpecification","valueRequired":true,"valueName":"search_term_string"}}],"inLanguage":"fi"},{"@type":"Organization","@id":"https:\/\/rotary.fi\/rovaniemenrotaryklubi\/#organization","name":"Rovaniemen Rotaryklubi","url":"https:\/\/rotary.fi\/rovaniemenrotaryklubi\/","logo":{"@type":"ImageObject","inLanguage":"fi","@id":"https:\/\/rotary.fi\/rovaniemenrotaryklubi\/#\/schema\/logo\/image\/","url":"https:\/\/rotary.fi\/rovaniemenrotaryklubi\/wp-content\/uploads\/sites\/212\/2023\/07\/rovaniemen-rotaryklubi.jpg","contentUrl":"https:\/\/rotary.fi\/rovaniemenrotaryklubi\/wp-content\/uploads\/sites\/212\/2023\/07\/rovaniemen-rotaryklubi.jpg","width":465,"height":124,"caption":"Rovaniemen Rotaryklubi"},"image":{"@id":"https:\/\/rotary.fi\/rovaniemenrotaryklubi\/#\/schema\/logo\/image\/"},"sameAs":["https:\/\/www.facebook.com\/rovaniemirotary\/"]}]}},"lang":"fi","translations":{"fi":156,"en":2488},"pll_sync_post":[],"_links":{"self":[{"href":"https:\/\/rotary.fi\/rovaniemenrotaryklubi\/wp-json\/wp\/v2\/pages\/156","targetHints":{"allow":["GET"]}}],"collection":[{"href":"https:\/\/rotary.fi\/rovaniemenrotaryklubi\/wp-json\/wp\/v2\/pages"}],"about":[{"href":"https:\/\/rotary.fi\/rovaniemenrotaryklubi\/wp-json\/wp\/v2\/types\/page"}],"author":[{"embeddable":true,"href":"https:\/\/rotary.fi\/rovaniemenrotaryklubi\/wp-json\/wp\/v2\/users\/1"}],"replies":[{"embeddable":true,"href":"https:\/\/rotary.fi\/rovaniemenrotaryklubi\/wp-json\/wp\/v2\/comments?post=156"}],"version-history":[{"count":10,"href":"https:\/\/rotary.fi\/rovaniemenrotaryklubi\/wp-json\/wp\/v2\/pages\/156\/revisions"}],"predecessor-version":[{"id":3334,"href":"https:\/\/rotary.fi\/rovaniemenrotaryklubi\/wp-json\/wp\/v2\/pages\/156\/revisions\/3334"}],"up":[{"embeddable":true,"href":"https:\/\/rotary.fi\/rovaniemenrotaryklubi\/wp-json\/wp\/v2\/pages\/77"}],"wp:attachment":[{"href":"https:\/\/rotary.fi\/rovaniemenrotaryklubi\/wp-json\/wp\/v2\/media?parent=156"}],"curies":[{"name":"wp","href":"https:\/\/api.w.org\/{rel}","templated":true}]}}