{"id":129,"date":"2018-08-10T13:41:39","date_gmt":"2018-08-10T10:41:39","guid":{"rendered":"https:\/\/rotary.fi\/klubi2\/?page_id=129"},"modified":"2023-07-18T22:42:40","modified_gmt":"2023-07-18T19:42:40","slug":"keita-olemme","status":"publish","type":"page","link":"https:\/\/rotary.fi\/rovaniemenrotaryklubi\/keita-olemme\/","title":{"rendered":"Keit\u00e4 olemme"},"content":{"rendered":"<p>[et_pb_section fb_built=&#8221;1&#8243; module_class=&#8221;jumbotron-page&#8221; _builder_version=&#8221;4.16&#8243; background_image=&#8221;https:\/\/rotary.fi\/rovaniemenrotaryklubi\/wp-content\/uploads\/sites\/212\/2018\/10\/rotary_klubit_alasivu_paakuva_12.jpg&#8221; global_colors_info=&#8221;{}&#8221;][et_pb_row _builder_version=&#8221;4.16&#8243; background_size=&#8221;initial&#8221; background_position=&#8221;top_left&#8221; background_repeat=&#8221;repeat&#8221; global_colors_info=&#8221;{}&#8221;][et_pb_column type=&#8221;4_4&#8243; _builder_version=&#8221;4.16&#8243; custom_padding=&#8221;|||&#8221; global_colors_info=&#8221;{}&#8221; custom_padding__hover=&#8221;|||&#8221;][et_pb_text admin_label=&#8221;P\u00e4\u00e4otsikko&#8221; _builder_version=&#8221;4.16&#8243; text_orientation=&#8221;center&#8221; background_layout=&#8221;dark&#8221; global_colors_info=&#8221;{}&#8221;]<\/p>\n<h1>Keit\u00e4 olemme<\/h1>\n<p>[\/et_pb_text][\/et_pb_column][\/et_pb_row][\/et_pb_section][et_pb_section fb_built=&#8221;1&#8243; specialty=&#8221;on&#8221; module_class_2=&#8221;sivupalkki&#8221; _builder_version=&#8221;4.16&#8243; global_colors_info=&#8221;{}&#8221;][et_pb_column type=&#8221;2_3&#8243; specialty_columns=&#8221;2&#8243; _builder_version=&#8221;4.16&#8243; custom_padding=&#8221;|||&#8221; global_colors_info=&#8221;{}&#8221; custom_padding__hover=&#8221;|||&#8221;][et_pb_row_inner admin_label=&#8221;Rivi&#8221; _builder_version=&#8221;4.16&#8243; global_colors_info=&#8221;{}&#8221;][et_pb_column_inner saved_specialty_column_type=&#8221;2_3&#8243; _builder_version=&#8221;4.16&#8243; custom_padding=&#8221;|||&#8221; global_colors_info=&#8221;{}&#8221; custom_padding__hover=&#8221;|||&#8221;][et_pb_text admin_label=&#8221;Otsikko&#8221; _builder_version=&#8221;4.16&#8243; text_orientation=&#8221;center&#8221; global_colors_info=&#8221;{}&#8221;]<\/p>\n<h1>Keit\u00e4 olemme<\/h1>\n<p>[\/et_pb_text][et_pb_text _builder_version=&#8221;4.21.0&#8243; global_colors_info=&#8221;{}&#8221;]<\/p>\n<p>Olemme Rovaniemell\u00e4 eri ammateissa toimivia ihmisi\u00e4 ja kokoonnumme yhteen viikottain reilun tunnin ajaksi keskustelemaan, sek\u00e4 kuuntelemaan mielenkiintoisia ja ajankohtaisia esitelmi\u00e4. Klubimme Rovaniemen Rotaryklubi ry on perustettu joulukuussa 1946.<\/p>\n<p>Toteutamme kaikessa toiminnassamme hyv\u00e4\u00e4 palvelua ja hyv\u00e4ntekev\u00e4isyytt\u00e4. Haluamme auttaa omalla esimerkill\u00e4mme kaikkia tuen tarvitsijoita, perheit\u00e4 ja yhteis\u00f6j\u00e4 Rovaniemen alueella. Lahjoitamme varoja mm. Rovaniemen seurakunnan diakoniaty\u00f6h\u00f6n. Olemme my\u00f6s osaltamme mukana Rovaniemen Wanhoilla markkinoilla ker\u00e4\u00e4m\u00e4ss\u00e4 rahaa tapahtuman valitsemaan hyv\u00e4ntekev\u00e4isyyskohteeseen. Paikalliset yritysvierailut tuovat lis\u00e4mausteen Rotary -toimintaamme.<\/p>\n<p>Olet l\u00e4mpim\u00e4sti tervetullut tutustumaan toimintaamme esimerkiksi vierailemalla kokouksissamme. Mik\u00e4li et p\u00e4\u00e4se paikalle, voit osallistua kokouksiimme my\u00f6s et\u00e4yhteyden v\u00e4lityksell\u00e4.<\/p>\n<p>[\/et_pb_text][\/et_pb_column_inner][\/et_pb_row_inner][\/et_pb_column][et_pb_column type=&#8221;1_3&#8243; _builder_version=&#8221;4.16&#8243; custom_padding=&#8221;|||&#8221; global_colors_info=&#8221;{}&#8221; custom_padding__hover=&#8221;|||&#8221;][et_pb_sidebar area=&#8221;sidebar-1&#8243; module_class=&#8221;sivupalkki_sisalto&#8221; _builder_version=&#8221;4.16&#8243; locked=&#8221;on&#8221; global_colors_info=&#8221;{}&#8221;][\/et_pb_sidebar][\/et_pb_column][\/et_pb_section]<\/p>\n","protected":false},"excerpt":{"rendered":"<p>Keit\u00e4 olemme Keit\u00e4 olemme Olemme Rovaniemell\u00e4 eri ammateissa toimivia ihmisi\u00e4 ja kokoonnumme yhteen viikottain reilun tunnin ajaksi keskustelemaan, sek\u00e4 kuuntelemaan mielenkiintoisia ja ajankohtaisia esitelmi\u00e4. Klubimme Rovaniemen Rotaryklubi ry on perustettu joulukuussa 1946. Toteutamme kaikessa toiminnassamme hyv\u00e4\u00e4 palvelua ja hyv\u00e4ntekev\u00e4isyytt\u00e4. Haluamme auttaa omalla esimerkill\u00e4mme kaikkia tuen tarvitsijoita, perheit\u00e4 ja yhteis\u00f6j\u00e4 Rovaniemen alueella. Lahjoitamme varoja mm. Rovaniemen [&hellip;]<\/p>\n","protected":false},"author":1,"featured_media":0,"parent":0,"menu_order":0,"comment_status":"closed","ping_status":"closed","template":"","meta":{"_acf_changed":false,"_et_pb_use_builder":"on","_et_pb_old_content":"","_et_gb_content_width":"","footnotes":""},"class_list":["post-129","page","type-page","status-publish","hentry"],"acf":[],"yoast_head":"<!-- This site is optimized with the Yoast SEO plugin v27.0 - https:\/\/yoast.com\/product\/yoast-seo-wordpress\/ -->\n<title>Keit\u00e4 olemme - Rovaniemen Rotaryklubi<\/title>\n<meta name=\"description\" content=\"Keit\u00e4 olemme? Olemme Rovaniemell\u00e4 eri ammateissa toimivia ihmisi\u00e4 ja kokoonnumme yhteen viikottain. Toteutamme hyv\u00e4\u00e4 palvelua ja hyv\u00e4ntekev\u00e4isyytt\u00e4.\" \/>\n<meta name=\"robots\" content=\"index, follow, max-snippet:-1, max-image-preview:large, max-video-preview:-1\" \/>\n<link rel=\"canonical\" href=\"https:\/\/rotary.fi\/rovaniemenrotaryklubi\/keita-olemme\/\" \/>\n<meta property=\"og:locale\" content=\"fi_FI\" \/>\n<meta property=\"og:type\" content=\"article\" \/>\n<meta property=\"og:title\" content=\"Keit\u00e4 olemme - Rovaniemen Rotaryklubi\" \/>\n<meta property=\"og:description\" content=\"Keit\u00e4 olemme? Olemme Rovaniemell\u00e4 eri ammateissa toimivia ihmisi\u00e4 ja kokoonnumme yhteen viikottain. Toteutamme hyv\u00e4\u00e4 palvelua ja hyv\u00e4ntekev\u00e4isyytt\u00e4.\" \/>\n<meta property=\"og:url\" content=\"https:\/\/rotary.fi\/rovaniemenrotaryklubi\/keita-olemme\/\" \/>\n<meta property=\"og:site_name\" content=\"Rovaniemen Rotaryklubi\" \/>\n<meta property=\"article:publisher\" content=\"https:\/\/www.facebook.com\/rovaniemirotary\/\" \/>\n<meta property=\"article:modified_time\" content=\"2023-07-18T19:42:40+00:00\" \/>\n<meta name=\"twitter:card\" content=\"summary_large_image\" \/>\n<meta name=\"twitter:label1\" content=\"Arvioitu lukuaika\" \/>\n\t<meta name=\"twitter:data1\" content=\"1 minuutti\" \/>\n<script type=\"application\/ld+json\" class=\"yoast-schema-graph\">{\"@context\":\"https:\/\/schema.org\",\"@graph\":[{\"@type\":\"WebPage\",\"@id\":\"https:\/\/rotary.fi\/rovaniemenrotaryklubi\/keita-olemme\/\",\"url\":\"https:\/\/rotary.fi\/rovaniemenrotaryklubi\/keita-olemme\/\",\"name\":\"Keit\u00e4 olemme - Rovaniemen Rotaryklubi\",\"isPartOf\":{\"@id\":\"https:\/\/rotary.fi\/rovaniemenrotaryklubi\/#website\"},\"datePublished\":\"2018-08-10T10:41:39+00:00\",\"dateModified\":\"2023-07-18T19:42:40+00:00\",\"description\":\"Keit\u00e4 olemme? Olemme Rovaniemell\u00e4 eri ammateissa toimivia ihmisi\u00e4 ja kokoonnumme yhteen viikottain. Toteutamme hyv\u00e4\u00e4 palvelua ja hyv\u00e4ntekev\u00e4isyytt\u00e4.\",\"breadcrumb\":{\"@id\":\"https:\/\/rotary.fi\/rovaniemenrotaryklubi\/keita-olemme\/#breadcrumb\"},\"inLanguage\":\"fi\",\"potentialAction\":[{\"@type\":\"ReadAction\",\"target\":[\"https:\/\/rotary.fi\/rovaniemenrotaryklubi\/keita-olemme\/\"]}]},{\"@type\":\"BreadcrumbList\",\"@id\":\"https:\/\/rotary.fi\/rovaniemenrotaryklubi\/keita-olemme\/#breadcrumb\",\"itemListElement\":[{\"@type\":\"ListItem\",\"position\":1,\"name\":\"Home\",\"item\":\"https:\/\/rotary.fi\/rovaniemenrotaryklubi\/\"},{\"@type\":\"ListItem\",\"position\":2,\"name\":\"Keit\u00e4 olemme\"}]},{\"@type\":\"WebSite\",\"@id\":\"https:\/\/rotary.fi\/rovaniemenrotaryklubi\/#website\",\"url\":\"https:\/\/rotary.fi\/rovaniemenrotaryklubi\/\",\"name\":\"Rovaniemen Rotaryklubi\",\"description\":\"Uusi Rotary klubisivusto\",\"publisher\":{\"@id\":\"https:\/\/rotary.fi\/rovaniemenrotaryklubi\/#organization\"},\"potentialAction\":[{\"@type\":\"SearchAction\",\"target\":{\"@type\":\"EntryPoint\",\"urlTemplate\":\"https:\/\/rotary.fi\/rovaniemenrotaryklubi\/?s={search_term_string}\"},\"query-input\":{\"@type\":\"PropertyValueSpecification\",\"valueRequired\":true,\"valueName\":\"search_term_string\"}}],\"inLanguage\":\"fi\"},{\"@type\":\"Organization\",\"@id\":\"https:\/\/rotary.fi\/rovaniemenrotaryklubi\/#organization\",\"name\":\"Rovaniemen Rotaryklubi\",\"url\":\"https:\/\/rotary.fi\/rovaniemenrotaryklubi\/\",\"logo\":{\"@type\":\"ImageObject\",\"inLanguage\":\"fi\",\"@id\":\"https:\/\/rotary.fi\/rovaniemenrotaryklubi\/#\/schema\/logo\/image\/\",\"url\":\"https:\/\/rotary.fi\/rovaniemenrotaryklubi\/wp-content\/uploads\/sites\/212\/2023\/07\/rovaniemen-rotaryklubi.jpg\",\"contentUrl\":\"https:\/\/rotary.fi\/rovaniemenrotaryklubi\/wp-content\/uploads\/sites\/212\/2023\/07\/rovaniemen-rotaryklubi.jpg\",\"width\":465,\"height\":124,\"caption\":\"Rovaniemen Rotaryklubi\"},\"image\":{\"@id\":\"https:\/\/rotary.fi\/rovaniemenrotaryklubi\/#\/schema\/logo\/image\/\"},\"sameAs\":[\"https:\/\/www.facebook.com\/rovaniemirotary\/\"]}]}<\/script>\n<!-- \/ Yoast SEO plugin. -->","yoast_head_json":{"title":"Keit\u00e4 olemme - Rovaniemen Rotaryklubi","description":"Keit\u00e4 olemme? Olemme Rovaniemell\u00e4 eri ammateissa toimivia ihmisi\u00e4 ja kokoonnumme yhteen viikottain. Toteutamme hyv\u00e4\u00e4 palvelua ja hyv\u00e4ntekev\u00e4isyytt\u00e4.","robots":{"index":"index","follow":"follow","max-snippet":"max-snippet:-1","max-image-preview":"max-image-preview:large","max-video-preview":"max-video-preview:-1"},"canonical":"https:\/\/rotary.fi\/rovaniemenrotaryklubi\/keita-olemme\/","og_locale":"fi_FI","og_type":"article","og_title":"Keit\u00e4 olemme - Rovaniemen Rotaryklubi","og_description":"Keit\u00e4 olemme? Olemme Rovaniemell\u00e4 eri ammateissa toimivia ihmisi\u00e4 ja kokoonnumme yhteen viikottain. Toteutamme hyv\u00e4\u00e4 palvelua ja hyv\u00e4ntekev\u00e4isyytt\u00e4.","og_url":"https:\/\/rotary.fi\/rovaniemenrotaryklubi\/keita-olemme\/","og_site_name":"Rovaniemen Rotaryklubi","article_publisher":"https:\/\/www.facebook.com\/rovaniemirotary\/","article_modified_time":"2023-07-18T19:42:40+00:00","twitter_card":"summary_large_image","twitter_misc":{"Arvioitu lukuaika":"1 minuutti"},"schema":{"@context":"https:\/\/schema.org","@graph":[{"@type":"WebPage","@id":"https:\/\/rotary.fi\/rovaniemenrotaryklubi\/keita-olemme\/","url":"https:\/\/rotary.fi\/rovaniemenrotaryklubi\/keita-olemme\/","name":"Keit\u00e4 olemme - Rovaniemen Rotaryklubi","isPartOf":{"@id":"https:\/\/rotary.fi\/rovaniemenrotaryklubi\/#website"},"datePublished":"2018-08-10T10:41:39+00:00","dateModified":"2023-07-18T19:42:40+00:00","description":"Keit\u00e4 olemme? Olemme Rovaniemell\u00e4 eri ammateissa toimivia ihmisi\u00e4 ja kokoonnumme yhteen viikottain. Toteutamme hyv\u00e4\u00e4 palvelua ja hyv\u00e4ntekev\u00e4isyytt\u00e4.","breadcrumb":{"@id":"https:\/\/rotary.fi\/rovaniemenrotaryklubi\/keita-olemme\/#breadcrumb"},"inLanguage":"fi","potentialAction":[{"@type":"ReadAction","target":["https:\/\/rotary.fi\/rovaniemenrotaryklubi\/keita-olemme\/"]}]},{"@type":"BreadcrumbList","@id":"https:\/\/rotary.fi\/rovaniemenrotaryklubi\/keita-olemme\/#breadcrumb","itemListElement":[{"@type":"ListItem","position":1,"name":"Home","item":"https:\/\/rotary.fi\/rovaniemenrotaryklubi\/"},{"@type":"ListItem","position":2,"name":"Keit\u00e4 olemme"}]},{"@type":"WebSite","@id":"https:\/\/rotary.fi\/rovaniemenrotaryklubi\/#website","url":"https:\/\/rotary.fi\/rovaniemenrotaryklubi\/","name":"Rovaniemen Rotaryklubi","description":"Uusi Rotary klubisivusto","publisher":{"@id":"https:\/\/rotary.fi\/rovaniemenrotaryklubi\/#organization"},"potentialAction":[{"@type":"SearchAction","target":{"@type":"EntryPoint","urlTemplate":"https:\/\/rotary.fi\/rovaniemenrotaryklubi\/?s={search_term_string}"},"query-input":{"@type":"PropertyValueSpecification","valueRequired":true,"valueName":"search_term_string"}}],"inLanguage":"fi"},{"@type":"Organization","@id":"https:\/\/rotary.fi\/rovaniemenrotaryklubi\/#organization","name":"Rovaniemen Rotaryklubi","url":"https:\/\/rotary.fi\/rovaniemenrotaryklubi\/","logo":{"@type":"ImageObject","inLanguage":"fi","@id":"https:\/\/rotary.fi\/rovaniemenrotaryklubi\/#\/schema\/logo\/image\/","url":"https:\/\/rotary.fi\/rovaniemenrotaryklubi\/wp-content\/uploads\/sites\/212\/2023\/07\/rovaniemen-rotaryklubi.jpg","contentUrl":"https:\/\/rotary.fi\/rovaniemenrotaryklubi\/wp-content\/uploads\/sites\/212\/2023\/07\/rovaniemen-rotaryklubi.jpg","width":465,"height":124,"caption":"Rovaniemen Rotaryklubi"},"image":{"@id":"https:\/\/rotary.fi\/rovaniemenrotaryklubi\/#\/schema\/logo\/image\/"},"sameAs":["https:\/\/www.facebook.com\/rovaniemirotary\/"]}]}},"lang":"fi","translations":{"fi":129,"en":2054},"pll_sync_post":[],"_links":{"self":[{"href":"https:\/\/rotary.fi\/rovaniemenrotaryklubi\/wp-json\/wp\/v2\/pages\/129","targetHints":{"allow":["GET"]}}],"collection":[{"href":"https:\/\/rotary.fi\/rovaniemenrotaryklubi\/wp-json\/wp\/v2\/pages"}],"about":[{"href":"https:\/\/rotary.fi\/rovaniemenrotaryklubi\/wp-json\/wp\/v2\/types\/page"}],"author":[{"embeddable":true,"href":"https:\/\/rotary.fi\/rovaniemenrotaryklubi\/wp-json\/wp\/v2\/users\/1"}],"replies":[{"embeddable":true,"href":"https:\/\/rotary.fi\/rovaniemenrotaryklubi\/wp-json\/wp\/v2\/comments?post=129"}],"version-history":[{"count":11,"href":"https:\/\/rotary.fi\/rovaniemenrotaryklubi\/wp-json\/wp\/v2\/pages\/129\/revisions"}],"predecessor-version":[{"id":2712,"href":"https:\/\/rotary.fi\/rovaniemenrotaryklubi\/wp-json\/wp\/v2\/pages\/129\/revisions\/2712"}],"wp:attachment":[{"href":"https:\/\/rotary.fi\/rovaniemenrotaryklubi\/wp-json\/wp\/v2\/media?parent=129"}],"curies":[{"name":"wp","href":"https:\/\/api.w.org\/{rel}","templated":true}]}}