{"id":98,"date":"2018-08-09T15:17:32","date_gmt":"2018-08-09T12:17:32","guid":{"rendered":"https:\/\/rotary.fi\/klubi2\/?page_id=98"},"modified":"2026-01-26T22:03:35","modified_gmt":"2026-01-26T20:03:35","slug":"yhteystiedot","status":"publish","type":"page","link":"https:\/\/rotary.fi\/rotakids\/yhteystiedot\/","title":{"rendered":"Yhteystiedot"},"content":{"rendered":"<p>[et_pb_section fb_built=&#8221;1&#8243; module_class=&#8221;jumbotron-page&#8221; _builder_version=&#8221;4.27.4&#8243; background_image=&#8221;https:\/\/rotary.fi\/rotakids\/wp-content\/uploads\/sites\/264\/2025\/04\/img-2411.jpg&#8221; global_colors_info=&#8221;{}&#8221;][et_pb_row _builder_version=&#8221;4.16&#8243; background_size=&#8221;initial&#8221; background_position=&#8221;top_left&#8221; background_repeat=&#8221;repeat&#8221; global_colors_info=&#8221;{}&#8221;][et_pb_column type=&#8221;4_4&#8243; _builder_version=&#8221;4.16&#8243; custom_padding=&#8221;|||&#8221; global_colors_info=&#8221;{}&#8221; custom_padding__hover=&#8221;|||&#8221;][et_pb_text admin_label=&#8221;P\u00e4\u00e4otsikko&#8221; _builder_version=&#8221;4.16&#8243; text_orientation=&#8221;center&#8221; background_layout=&#8221;dark&#8221; global_colors_info=&#8221;{}&#8221;]<\/p>\n<h1>Yhteystiedot<\/h1>\n<p>[\/et_pb_text][\/et_pb_column][\/et_pb_row][\/et_pb_section][et_pb_section fb_built=&#8221;1&#8243; _builder_version=&#8221;4.27.4&#8243; _module_preset=&#8221;default&#8221; global_colors_info=&#8221;{}&#8221;][et_pb_row admin_label=&#8221;Rivi&#8221; _builder_version=&#8221;4.16&#8243; global_colors_info=&#8221;{}&#8221;][et_pb_column type=&#8221;4_4&#8243; _builder_version=&#8221;4.16&#8243; custom_padding=&#8221;|||&#8221; global_colors_info=&#8221;{}&#8221; custom_padding__hover=&#8221;|||&#8221;][et_pb_text admin_label=&#8221;Otsikko ennen teksti\u00e4 &#8211; Yhteystiedot&#8221; _builder_version=&#8221;4.27.4&#8243; text_orientation=&#8221;center&#8221; global_colors_info=&#8221;{}&#8221;]<\/p>\n<h3><strong>Olethan yhteydess\u00e4!<\/strong><\/h3>\n<p>[\/et_pb_text][et_pb_text _builder_version=&#8221;4.27.4&#8243; global_colors_info=&#8221;{}&#8221;]<\/p>\n<p class=\"zfr3Q CDt4Ke \" dir=\"ltr\">Haluatko, ett\u00e4 lapsesi p\u00e4\u00e4see mukaan hauskaan ja merkitykselliseen tekemiseen yhdess\u00e4 muiden kanssa?<span class=\"C9DxTc \"><\/span><\/p>\n<p class=\"zfr3Q CDt4Ke \" dir=\"ltr\"><span class=\"C9DxTc \">Haluatko mukaan RotaKids -ty\u00f6ryhm\u00e4\u00e4n tai Rotaryklubisi on kiinnostunut j\u00e4rjest\u00e4m\u00e4\u00e4n RotaKids -tapahtuman, -leirin tai -kerhon?<\/span><\/p>\n<p class=\"zfr3Q CDt4Ke \" dir=\"ltr\"><span class=\"C9DxTc \">\u00a0<\/span><span style=\"font-size: 16px\">Ota rohkeasti yhteytt\u00e4!\u00a0 <\/span><span style=\"font-size: 16px\">Voit olla suoraan yhteydess\u00e4 oman piirisi RotaKids yhteyshenkil\u00f6\u00f6n tai kehen tahansa meist\u00e4 ty\u00f6ryhm\u00e4n j\u00e4senist\u00e4.<\/span><\/p>\n<p class=\"zfr3Q CDt4Ke \" dir=\"ltr\"><span class=\"C9DxTc \">Suunnitellaan tapahtumaa yhdess\u00e4!<\/span><\/p>\n<h5><strong><\/strong><\/h5>\n<h5><strong>Ty\u00f6ryhm\u00e4n j\u00e4senet<\/strong><\/h5>\n<p class=\"zfr3Q CDt4Ke \" dir=\"ltr\"><span class=\"C9DxTc \">Mari Numminen D1385<br \/><\/span><span class=\"C9DxTc \">s-posti\u00a0<\/span><a class=\"XqQF9c\" href=\"mailto:pt.team.mari@gmail.com\" target=\"_blank\" rel=\"noopener\"><span class=\"C9DxTc \">pt.team.mari@gmail.com<\/span><\/a><span class=\"C9DxTc \"><br \/><\/span>puh. +358 40 589 6476<\/p>\n<p class=\"zfr3Q CDt4Ke \" dir=\"ltr\"><span class=\"C9DxTc \">Kaija Reiman-Salminen D1390<br \/><\/span><span class=\"C9DxTc \">s-posti\u00a0<\/span><a class=\"XqQF9c\" href=\"mailto:reimansalminen@gmail.com\" target=\"_blank\" rel=\"noopener\"><span class=\"C9DxTc \">reimansalminen@gmail.com<\/span><\/a><span class=\"C9DxTc \"><br \/><\/span>puh. +358 50 566 9917<\/p>\n<p dir=\"ltr\">Satu Tuomikoski D1390<br \/>s-posti satu.tuomikoski@liikenneturva.fi<br \/>puh. +358 40 0610 742<\/p>\n<p class=\"zfr3Q CDt4Ke \" dir=\"ltr\"><span class=\"C9DxTc \">Tiina Pyh\u00e4ranta D1410<br \/><\/span><span class=\"C9DxTc \">s-posti\u00a0<\/span><a class=\"XqQF9c\" href=\"mailto:tiina.malkamo.rotary@gmail.com\" target=\"_blank\" rel=\"noopener\"><span class=\"C9DxTc \">tiina.rotary@gmail.com<\/span><\/a><span class=\"C9DxTc \"><br \/><\/span>puh. +358 44 290 0329<\/p>\n<p dir=\"ltr\">Emma Jalasjoki D1410<br \/>s-posti emmajalasjoki@gmail.com<br \/>puh. +358 50 599 4690<\/p>\n<p class=\"zfr3Q CDt4Ke \" dir=\"ltr\"><span class=\"C9DxTc \">Katja Jalasjoki D1410<br \/><\/span><span class=\"C9DxTc \">s-posti\u00a0<\/span><a class=\"XqQF9c\" href=\"mailto:katja.jalasjoki@gmail.com\" target=\"_blank\" rel=\"noopener\"><span class=\"C9DxTc aw5Odc \">katja.jalasjoki@gmail.com<\/span><\/a><br \/>puh. +358 40 527 4196<\/p>\n<p dir=\"ltr\">Leena-Maija P\u00e4rssinen D1410<br \/>s-posti <a href=\"_wp_link_placeholder\" data-wplink-edit=\"true\">leena-maija.parssinen@trival.fi<\/a><br \/>puh. 044 700 9000<\/p>\n<p class=\"zfr3Q CDt4Ke \" dir=\"ltr\"><span class=\"C9DxTc \">Heidi-Maria Akkala D1420<br \/><\/span><span class=\"C9DxTc \">s-posti\u00a0<\/span><a class=\"XqQF9c\" href=\"mailto:heltsu.panula@gmail.com\" target=\"_blank\" rel=\"noopener\"><span class=\"C9DxTc aw5Odc \">heltsu.panula@gmail.com<\/span><\/a><br \/>+358 40 745 0111<span class=\"C9DxTc \">\u00a0<\/span><\/p>\n<p class=\"zfr3Q CDt4Ke \" dir=\"ltr\"><span class=\"C9DxTc \">Maire Huopalainen D1430<br \/><\/span><span class=\"C9DxTc \">s-posti\u00a0<\/span><a class=\"XqQF9c\" href=\"mailto:maire@huopalainen.net\" target=\"_blank\" rel=\"noopener\"><span class=\"C9DxTc aw5Odc \">mair<\/span><span class=\"C9DxTc aw5Odc \">e@huopalainen.net<\/span><\/a><br \/>puh. +358 40 561 1612<\/p>\n<p dir=\"ltr\"><span class=\"C9DxTc \">Tavoitat meid\u00e4t kaikki my\u00f6s s-postilla <\/span><a class=\"XqQF9c\" href=\"mailto:rotakidsfinland@gmail.com\" target=\"_blank\" rel=\"noopener\"><span class=\"C9DxTc aw5Odc \">rotakidsfinland@gmail.com<\/span><\/a><span class=\"C9DxTc \">\u00a0<\/span><span class=\"C9DxTc \">\u00a0<\/span><\/p>\n<p>[\/et_pb_text][\/et_pb_column][\/et_pb_row][et_pb_row column_structure=&#8221;1_2,1_2&#8243; admin_label=&#8221;Rivi&#8221; _builder_version=&#8221;4.16&#8243; custom_margin=&#8221;||20px|&#8221; custom_padding=&#8221;||20px|&#8221; border_width_bottom=&#8221;1px&#8221; border_color_bottom=&#8221;#d8d8d8&#8243; global_colors_info=&#8221;{}&#8221;][et_pb_column type=&#8221;1_2&#8243; _builder_version=&#8221;4.16&#8243; custom_padding=&#8221;||20px|&#8221; global_colors_info=&#8221;{}&#8221; custom_padding__hover=&#8221;|||&#8221;][\/et_pb_column][et_pb_column type=&#8221;1_2&#8243; _builder_version=&#8221;4.16&#8243; custom_padding=&#8221;||20px|&#8221; global_colors_info=&#8221;{}&#8221; custom_padding__hover=&#8221;|||&#8221;][\/et_pb_column][\/et_pb_row][et_pb_row column_structure=&#8221;1_2,1_2&#8243; admin_label=&#8221;Rivi&#8221; _builder_version=&#8221;4.27.4&#8243; custom_margin=&#8221;20px||20px|&#8221; custom_padding=&#8221;20px||20px|&#8221; global_colors_info=&#8221;{}&#8221;][et_pb_column type=&#8221;1_2&#8243; _builder_version=&#8221;4.16&#8243; custom_padding=&#8221;||20px|&#8221; global_colors_info=&#8221;{}&#8221; custom_padding__hover=&#8221;|||&#8221;][\/et_pb_column][et_pb_column type=&#8221;1_2&#8243; _builder_version=&#8221;4.16&#8243; custom_padding=&#8221;||20px|&#8221; global_colors_info=&#8221;{}&#8221; custom_padding__hover=&#8221;|||&#8221;][\/et_pb_column][\/et_pb_row][et_pb_row admin_label=&#8221;Rivi&#8221; _builder_version=&#8221;4.16&#8243; global_colors_info=&#8221;{}&#8221;][et_pb_column type=&#8221;4_4&#8243; _builder_version=&#8221;4.16&#8243; custom_padding=&#8221;|||&#8221; global_colors_info=&#8221;{}&#8221; custom_padding__hover=&#8221;|||&#8221;][\/et_pb_column][\/et_pb_row][\/et_pb_section]<\/p>\n","protected":false},"excerpt":{"rendered":"<p>Yhteystiedot Olethan yhteydess\u00e4!Haluatko, ett\u00e4 lapsesi p\u00e4\u00e4see mukaan hauskaan ja merkitykselliseen tekemiseen yhdess\u00e4 muiden kanssa? Haluatko mukaan RotaKids -ty\u00f6ryhm\u00e4\u00e4n tai Rotaryklubisi on kiinnostunut j\u00e4rjest\u00e4m\u00e4\u00e4n RotaKids -tapahtuman, -leirin tai -kerhon? \u00a0Ota rohkeasti yhteytt\u00e4!\u00a0 Voit olla suoraan yhteydess\u00e4 oman piirisi RotaKids yhteyshenkil\u00f6\u00f6n tai kehen tahansa meist\u00e4 ty\u00f6ryhm\u00e4n j\u00e4senist\u00e4. Suunnitellaan tapahtumaa yhdess\u00e4! Ty\u00f6ryhm\u00e4n j\u00e4senet Mari Numminen D1385s-posti\u00a0pt.team.mari@gmail.compuh. +358 40 [&hellip;]<\/p>\n","protected":false},"author":1,"featured_media":0,"parent":0,"menu_order":0,"comment_status":"closed","ping_status":"closed","template":"","meta":{"_acf_changed":false,"_et_pb_use_builder":"on","_et_pb_old_content":"","_et_gb_content_width":"","footnotes":""},"class_list":["post-98","page","type-page","status-publish","hentry"],"acf":[],"yoast_head":"<!-- This site is optimized with the Yoast SEO plugin v27.4 - https:\/\/yoast.com\/product\/yoast-seo-wordpress\/ -->\n<title>Yhteystiedot - RotaKids<\/title>\n<meta name=\"robots\" content=\"noindex, follow, max-snippet:-1, max-image-preview:large, max-video-preview:-1\" \/>\n<meta property=\"og:locale\" content=\"fi_FI\" \/>\n<meta property=\"og:type\" content=\"article\" \/>\n<meta property=\"og:title\" content=\"Yhteystiedot - RotaKids\" \/>\n<meta property=\"og:description\" content=\"Yhteystiedot Olethan yhteydess\u00e4!Haluatko, ett\u00e4 lapsesi p\u00e4\u00e4see mukaan hauskaan ja merkitykselliseen tekemiseen yhdess\u00e4 muiden kanssa? Haluatko mukaan RotaKids -ty\u00f6ryhm\u00e4\u00e4n tai Rotaryklubisi on kiinnostunut j\u00e4rjest\u00e4m\u00e4\u00e4n RotaKids -tapahtuman, -leirin tai -kerhon? \u00a0Ota rohkeasti yhteytt\u00e4!\u00a0 Voit olla suoraan yhteydess\u00e4 oman piirisi RotaKids yhteyshenkil\u00f6\u00f6n tai kehen tahansa meist\u00e4 ty\u00f6ryhm\u00e4n j\u00e4senist\u00e4. Suunnitellaan tapahtumaa yhdess\u00e4! Ty\u00f6ryhm\u00e4n j\u00e4senet Mari Numminen D1385s-posti\u00a0pt.team.mari@gmail.compuh. +358 40 [&hellip;]\" \/>\n<meta property=\"og:url\" content=\"https:\/\/rotary.fi\/rotakids\/yhteystiedot\/\" \/>\n<meta property=\"og:site_name\" content=\"RotaKids\" \/>\n<meta property=\"article:modified_time\" content=\"2026-01-26T20:03:35+00:00\" \/>\n<meta name=\"twitter:card\" content=\"summary_large_image\" \/>\n<meta name=\"twitter:label1\" content=\"Arvioitu lukuaika\" \/>\n\t<meta name=\"twitter:data1\" content=\"1 minuutti\" \/>\n<script type=\"application\/ld+json\" class=\"yoast-schema-graph\">{\"@context\":\"https:\\\/\\\/schema.org\",\"@graph\":[{\"@type\":\"WebPage\",\"@id\":\"https:\\\/\\\/rotary.fi\\\/rotakids\\\/yhteystiedot\\\/\",\"url\":\"https:\\\/\\\/rotary.fi\\\/rotakids\\\/yhteystiedot\\\/\",\"name\":\"Yhteystiedot - RotaKids\",\"isPartOf\":{\"@id\":\"https:\\\/\\\/rotary.fi\\\/rotakids\\\/#website\"},\"datePublished\":\"2018-08-09T12:17:32+00:00\",\"dateModified\":\"2026-01-26T20:03:35+00:00\",\"breadcrumb\":{\"@id\":\"https:\\\/\\\/rotary.fi\\\/rotakids\\\/yhteystiedot\\\/#breadcrumb\"},\"inLanguage\":\"fi\",\"potentialAction\":[{\"@type\":\"ReadAction\",\"target\":[\"https:\\\/\\\/rotary.fi\\\/rotakids\\\/yhteystiedot\\\/\"]}]},{\"@type\":\"BreadcrumbList\",\"@id\":\"https:\\\/\\\/rotary.fi\\\/rotakids\\\/yhteystiedot\\\/#breadcrumb\",\"itemListElement\":[{\"@type\":\"ListItem\",\"position\":1,\"name\":\"Home\",\"item\":\"https:\\\/\\\/rotary.fi\\\/rotakids\\\/\"},{\"@type\":\"ListItem\",\"position\":2,\"name\":\"Yhteystiedot\"}]},{\"@type\":\"WebSite\",\"@id\":\"https:\\\/\\\/rotary.fi\\\/rotakids\\\/#website\",\"url\":\"https:\\\/\\\/rotary.fi\\\/rotakids\\\/\",\"name\":\"RotaKids\",\"description\":\"Uusi Rotary klubisivusto\",\"potentialAction\":[{\"@type\":\"SearchAction\",\"target\":{\"@type\":\"EntryPoint\",\"urlTemplate\":\"https:\\\/\\\/rotary.fi\\\/rotakids\\\/?s={search_term_string}\"},\"query-input\":{\"@type\":\"PropertyValueSpecification\",\"valueRequired\":true,\"valueName\":\"search_term_string\"}}],\"inLanguage\":\"fi\"}]}<\/script>\n<!-- \/ Yoast SEO plugin. -->","yoast_head_json":{"title":"Yhteystiedot - RotaKids","robots":{"index":"noindex","follow":"follow","max-snippet":"max-snippet:-1","max-image-preview":"max-image-preview:large","max-video-preview":"max-video-preview:-1"},"og_locale":"fi_FI","og_type":"article","og_title":"Yhteystiedot - RotaKids","og_description":"Yhteystiedot Olethan yhteydess\u00e4!Haluatko, ett\u00e4 lapsesi p\u00e4\u00e4see mukaan hauskaan ja merkitykselliseen tekemiseen yhdess\u00e4 muiden kanssa? Haluatko mukaan RotaKids -ty\u00f6ryhm\u00e4\u00e4n tai Rotaryklubisi on kiinnostunut j\u00e4rjest\u00e4m\u00e4\u00e4n RotaKids -tapahtuman, -leirin tai -kerhon? \u00a0Ota rohkeasti yhteytt\u00e4!\u00a0 Voit olla suoraan yhteydess\u00e4 oman piirisi RotaKids yhteyshenkil\u00f6\u00f6n tai kehen tahansa meist\u00e4 ty\u00f6ryhm\u00e4n j\u00e4senist\u00e4. Suunnitellaan tapahtumaa yhdess\u00e4! Ty\u00f6ryhm\u00e4n j\u00e4senet Mari Numminen D1385s-posti\u00a0pt.team.mari@gmail.compuh. +358 40 [&hellip;]","og_url":"https:\/\/rotary.fi\/rotakids\/yhteystiedot\/","og_site_name":"RotaKids","article_modified_time":"2026-01-26T20:03:35+00:00","twitter_card":"summary_large_image","twitter_misc":{"Arvioitu lukuaika":"1 minuutti"},"schema":{"@context":"https:\/\/schema.org","@graph":[{"@type":"WebPage","@id":"https:\/\/rotary.fi\/rotakids\/yhteystiedot\/","url":"https:\/\/rotary.fi\/rotakids\/yhteystiedot\/","name":"Yhteystiedot - RotaKids","isPartOf":{"@id":"https:\/\/rotary.fi\/rotakids\/#website"},"datePublished":"2018-08-09T12:17:32+00:00","dateModified":"2026-01-26T20:03:35+00:00","breadcrumb":{"@id":"https:\/\/rotary.fi\/rotakids\/yhteystiedot\/#breadcrumb"},"inLanguage":"fi","potentialAction":[{"@type":"ReadAction","target":["https:\/\/rotary.fi\/rotakids\/yhteystiedot\/"]}]},{"@type":"BreadcrumbList","@id":"https:\/\/rotary.fi\/rotakids\/yhteystiedot\/#breadcrumb","itemListElement":[{"@type":"ListItem","position":1,"name":"Home","item":"https:\/\/rotary.fi\/rotakids\/"},{"@type":"ListItem","position":2,"name":"Yhteystiedot"}]},{"@type":"WebSite","@id":"https:\/\/rotary.fi\/rotakids\/#website","url":"https:\/\/rotary.fi\/rotakids\/","name":"RotaKids","description":"Uusi Rotary klubisivusto","potentialAction":[{"@type":"SearchAction","target":{"@type":"EntryPoint","urlTemplate":"https:\/\/rotary.fi\/rotakids\/?s={search_term_string}"},"query-input":{"@type":"PropertyValueSpecification","valueRequired":true,"valueName":"search_term_string"}}],"inLanguage":"fi"}]}},"lang":"fi","translations":{"fi":98},"pll_sync_post":[],"_links":{"self":[{"href":"https:\/\/rotary.fi\/rotakids\/wp-json\/wp\/v2\/pages\/98","targetHints":{"allow":["GET"]}}],"collection":[{"href":"https:\/\/rotary.fi\/rotakids\/wp-json\/wp\/v2\/pages"}],"about":[{"href":"https:\/\/rotary.fi\/rotakids\/wp-json\/wp\/v2\/types\/page"}],"author":[{"embeddable":true,"href":"https:\/\/rotary.fi\/rotakids\/wp-json\/wp\/v2\/users\/1"}],"replies":[{"embeddable":true,"href":"https:\/\/rotary.fi\/rotakids\/wp-json\/wp\/v2\/comments?post=98"}],"version-history":[{"count":10,"href":"https:\/\/rotary.fi\/rotakids\/wp-json\/wp\/v2\/pages\/98\/revisions"}],"predecessor-version":[{"id":2126,"href":"https:\/\/rotary.fi\/rotakids\/wp-json\/wp\/v2\/pages\/98\/revisions\/2126"}],"wp:attachment":[{"href":"https:\/\/rotary.fi\/rotakids\/wp-json\/wp\/v2\/media?parent=98"}],"curies":[{"name":"wp","href":"https:\/\/api.w.org\/{rel}","templated":true}]}}