{"id":77,"date":"2018-08-09T14:01:56","date_gmt":"2018-08-09T11:01:56","guid":{"rendered":"https:\/\/rotary.fi\/klubi2\/?page_id=77"},"modified":"2026-02-16T19:11:38","modified_gmt":"2026-02-16T17:11:38","slug":"mita-teemme","status":"publish","type":"page","link":"https:\/\/rotary.fi\/rotakids\/mita-teemme\/","title":{"rendered":"Mit\u00e4 teemme"},"content":{"rendered":"<p>[et_pb_section fb_built=&#8221;1&#8243; module_class=&#8221;jumbotron-page&#8221; _builder_version=&#8221;4.27.4&#8243; background_image=&#8221;https:\/\/rotary.fi\/rotakids\/wp-content\/uploads\/sites\/264\/2025\/04\/img-20230708-104713370.jpg&#8221; global_colors_info=&#8221;{}&#8221;][et_pb_row _builder_version=&#8221;4.16&#8243; background_size=&#8221;initial&#8221; background_position=&#8221;top_left&#8221; background_repeat=&#8221;repeat&#8221; global_colors_info=&#8221;{}&#8221;][et_pb_column type=&#8221;4_4&#8243; _builder_version=&#8221;4.16&#8243; custom_padding=&#8221;|||&#8221; global_colors_info=&#8221;{}&#8221; custom_padding__hover=&#8221;|||&#8221;][et_pb_text admin_label=&#8221;P\u00e4\u00e4otsikko&#8221; _builder_version=&#8221;4.27.4&#8243; text_orientation=&#8221;center&#8221; background_layout=&#8221;dark&#8221; global_colors_info=&#8221;{}&#8221;]<\/p>\n<h1>Turvallista ja innostavaa toimintaa lapsille<\/h1>\n<p>[\/et_pb_text][\/et_pb_column][\/et_pb_row][\/et_pb_section][et_pb_section fb_built=&#8221;1&#8243; _builder_version=&#8221;4.27.4&#8243; _module_preset=&#8221;default&#8221; global_colors_info=&#8221;{}&#8221;][et_pb_row admin_label=&#8221;Rivi&#8221; _builder_version=&#8221;4.16&#8243; custom_margin=&#8221;|auto||186px||&#8221; global_colors_info=&#8221;{}&#8221;][et_pb_column type=&#8221;4_4&#8243; _builder_version=&#8221;4.16&#8243; custom_padding=&#8221;|||&#8221; global_colors_info=&#8221;{}&#8221; custom_padding__hover=&#8221;|||&#8221;][et_pb_text admin_label=&#8221;Otsikko&#8221; _builder_version=&#8221;4.27.4&#8243; text_orientation=&#8221;center&#8221; global_colors_info=&#8221;{}&#8221;]<\/p>\n<h3 style=\"text-align: left\">Pienet teot, suuret vaikutukset<\/h3>\n<p>[\/et_pb_text][et_pb_text _builder_version=&#8221;4.27.4&#8243; custom_padding=&#8221;0px|||||&#8221; global_colors_info=&#8221;{}&#8221;]<\/p>\n<p dir=\"auto\">RotaKids tarjoaa tekemist\u00e4 ja merkityst\u00e4 alle 12-vuotiaille.<\/p>\n<p dir=\"auto\">Toiminnan\u00a0<strong>tarkoituksena on antaa lapsille mahdollisuus vaikuttaa ja tehd\u00e4 hyv\u00e4\u00e4 omassa yhteis\u00f6ss\u00e4\u00e4n<\/strong>. Teemoina toiminnassa ovat esimerkiksi\u00a0<strong>yst\u00e4vyys, kiusaamisen ehk\u00e4iseminen, sosiaaliset suhteet, aktiivinen kansalaisuus, rauha, kulttuurien moninaisuus ja ymp\u00e4rist\u00f6ty\u00f6.<\/strong><\/p>\n<p dir=\"auto\">RotaKids toiminnan tuomiseksi Suomeen on kev\u00e4\u00e4ll\u00e4 2021 perustettu ty\u00f6ryhm\u00e4, jossa on edustajia jokaisesta Suomen Rotarypiirist\u00e4. Ty\u00f6ryhm\u00e4n tavoitteena on ollut jakaa tietoa RotaKids-toiminnasta, kannustaa Suomen Rotaryklubeja mukaan kehitt\u00e4m\u00e4\u00e4n lasten toimintaa, sek\u00e4 konkreettisesti aloittaa RotaKids-toiminta Suomessa Rotaryvuoden 2021-2022 aikana.<\/p>\n<p dir=\"auto\">Ensimm\u00e4inen muoto RotaKids-toiminnalle Suomessa oli STEP-koulutuksen kanssa yhteisty\u00f6ss\u00e4 j\u00e4rjestett\u00e4v\u00e4t Rotakids Weekend perheleirit, jossa lapset vanhempiensa kanssa p\u00e4\u00e4siv\u00e4t tutustumaan Rotarytoimintaan, uusiin yst\u00e4viin ja pit\u00e4m\u00e4\u00e4n hauskaa yhdess\u00e4.<\/p>\n<p dir=\"auto\">Ensimm\u00e4inen\u00a0<strong>RotaKids Weekend perheleiri pidettiin Kaustisella 18-20.2.2022<\/strong>. Aurinkoisessa talvis\u00e4\u00e4ss\u00e4 p\u00e4\u00e4stiin nauttimaan kivoista teht\u00e4vist\u00e4 ja leikeist\u00e4, niin ulkona kuin sis\u00e4ll\u00e4 ja saatiin uusia yst\u00e4vi\u00e4 ymp\u00e4ri Suomen. Leirin osallistujat saapuivat Kaustiselle kolmen Rotarypiirin alueelta ja mukana oli tasaisesti sek\u00e4 Rotareita, ett\u00e4 ei Rotareita lapsineen.<\/p>\n<p dir=\"auto\">Jos olet kiinnostunut tulemaan mukaan toimintaan ty\u00f6ryhm\u00e4n j\u00e4seneksi tai jos klubisi haluaa j\u00e4rjest\u00e4\u00e4 vaikkapa tapahtuman <strong>RotaKids teemalla<\/strong>,\u00a0<a href=\"https:\/\/rotary.fi\/rotakids\/yhteystiedot\/\"><strong>otathan yhteytt\u00e4. Kerromme mielell\u00e4mme lis\u00e4\u00e4.<\/strong><\/a><\/p>\n<p dir=\"auto\"><strong><\/strong><\/p>\n<p dir=\"auto\"><strong>RotaKids kasvattaa tulevaisuuden vaikuttajia!<\/strong><\/p>\n<p><img loading=\"lazy\" decoding=\"async\" class=\"wp-image-2147 alignnone size-full\" src=\"https:\/\/rotary.fi\/rotakids\/wp-content\/uploads\/sites\/264\/2026\/02\/img-20250705-141741476-hdr.jpg\" alt=\"\" width=\"657\" height=\"522\" srcset=\"https:\/\/rotary.fi\/rotakids\/wp-content\/uploads\/sites\/264\/2026\/02\/img-20250705-141741476-hdr.jpg 657w, https:\/\/rotary.fi\/rotakids\/wp-content\/uploads\/sites\/264\/2026\/02\/img-20250705-141741476-hdr-480x381.jpg 480w\" sizes=\"(min-width: 0px) and (max-width: 480px) 480px, (min-width: 481px) 657px, 100vw\" \/><\/p>\n<p dir=\"auto\"><b>Tule mukaan ja k\u00e4yt\u00e4 RotaKids-logoa!<\/b><\/p>\n<p><span style=\"font-weight: 400\">Muistathan, ett\u00e4 voit k\u00e4ytt\u00e4\u00e4 RotaKids-logoa kaikessa lapsille ja lapsiperheille suunnatussa toiminnassanne. Tutustu materiaaleihin ja inspiroidu uusista ideoista!<\/span><\/p>\n<p>&nbsp;<\/p>\n<p>[\/et_pb_text][\/et_pb_column][\/et_pb_row][\/et_pb_section]<\/p>\n","protected":false},"excerpt":{"rendered":"<p>Turvallista ja innostavaa toimintaa lapsillePienet teot, suuret vaikutuksetRotaKids tarjoaa tekemist\u00e4 ja merkityst\u00e4 alle 12-vuotiaille. Toiminnan\u00a0tarkoituksena on antaa lapsille mahdollisuus vaikuttaa ja tehd\u00e4 hyv\u00e4\u00e4 omassa yhteis\u00f6ss\u00e4\u00e4n. Teemoina toiminnassa ovat esimerkiksi\u00a0yst\u00e4vyys, kiusaamisen ehk\u00e4iseminen, sosiaaliset suhteet, aktiivinen kansalaisuus, rauha, kulttuurien moninaisuus ja ymp\u00e4rist\u00f6ty\u00f6. RotaKids toiminnan tuomiseksi Suomeen on kev\u00e4\u00e4ll\u00e4 2021 perustettu ty\u00f6ryhm\u00e4, jossa on edustajia jokaisesta Suomen Rotarypiirist\u00e4. [&hellip;]<\/p>\n","protected":false},"author":1,"featured_media":0,"parent":0,"menu_order":0,"comment_status":"closed","ping_status":"closed","template":"","meta":{"_acf_changed":false,"_et_pb_use_builder":"on","_et_pb_old_content":"","_et_gb_content_width":"","footnotes":""},"class_list":["post-77","page","type-page","status-publish","hentry"],"acf":[],"yoast_head":"<!-- This site is optimized with the Yoast SEO plugin v27.4 - https:\/\/yoast.com\/product\/yoast-seo-wordpress\/ -->\n<title>Mit\u00e4 teemme - RotaKids<\/title>\n<meta name=\"robots\" content=\"noindex, follow, max-snippet:-1, max-image-preview:large, max-video-preview:-1\" \/>\n<meta property=\"og:locale\" content=\"fi_FI\" \/>\n<meta property=\"og:type\" content=\"article\" \/>\n<meta property=\"og:title\" content=\"Mit\u00e4 teemme - RotaKids\" \/>\n<meta property=\"og:description\" content=\"Turvallista ja innostavaa toimintaa lapsillePienet teot, suuret vaikutuksetRotaKids tarjoaa tekemist\u00e4 ja merkityst\u00e4 alle 12-vuotiaille. Toiminnan\u00a0tarkoituksena on antaa lapsille mahdollisuus vaikuttaa ja tehd\u00e4 hyv\u00e4\u00e4 omassa yhteis\u00f6ss\u00e4\u00e4n. Teemoina toiminnassa ovat esimerkiksi\u00a0yst\u00e4vyys, kiusaamisen ehk\u00e4iseminen, sosiaaliset suhteet, aktiivinen kansalaisuus, rauha, kulttuurien moninaisuus ja ymp\u00e4rist\u00f6ty\u00f6. RotaKids toiminnan tuomiseksi Suomeen on kev\u00e4\u00e4ll\u00e4 2021 perustettu ty\u00f6ryhm\u00e4, jossa on edustajia jokaisesta Suomen Rotarypiirist\u00e4. [&hellip;]\" \/>\n<meta property=\"og:url\" content=\"https:\/\/rotary.fi\/rotakids\/mita-teemme\/\" \/>\n<meta property=\"og:site_name\" content=\"RotaKids\" \/>\n<meta property=\"article:modified_time\" content=\"2026-02-16T17:11:38+00:00\" \/>\n<meta property=\"og:image\" content=\"https:\/\/rotary.fi\/rotakids\/wp-content\/uploads\/sites\/264\/2026\/02\/img-20250705-141741476-hdr.jpg\" \/>\n\t<meta property=\"og:image:width\" content=\"657\" \/>\n\t<meta property=\"og:image:height\" content=\"522\" \/>\n\t<meta property=\"og:image:type\" content=\"image\/jpeg\" \/>\n<meta name=\"twitter:card\" content=\"summary_large_image\" \/>\n<meta name=\"twitter:label1\" content=\"Arvioitu lukuaika\" \/>\n\t<meta name=\"twitter:data1\" content=\"2 minuuttia\" \/>\n<script type=\"application\/ld+json\" class=\"yoast-schema-graph\">{\"@context\":\"https:\\\/\\\/schema.org\",\"@graph\":[{\"@type\":\"WebPage\",\"@id\":\"https:\\\/\\\/rotary.fi\\\/rotakids\\\/mita-teemme\\\/\",\"url\":\"https:\\\/\\\/rotary.fi\\\/rotakids\\\/mita-teemme\\\/\",\"name\":\"Mit\u00e4 teemme - RotaKids\",\"isPartOf\":{\"@id\":\"https:\\\/\\\/rotary.fi\\\/rotakids\\\/#website\"},\"primaryImageOfPage\":{\"@id\":\"https:\\\/\\\/rotary.fi\\\/rotakids\\\/mita-teemme\\\/#primaryimage\"},\"image\":{\"@id\":\"https:\\\/\\\/rotary.fi\\\/rotakids\\\/mita-teemme\\\/#primaryimage\"},\"thumbnailUrl\":\"https:\\\/\\\/rotary.fi\\\/rotakids\\\/wp-content\\\/uploads\\\/sites\\\/264\\\/2026\\\/02\\\/img-20250705-141741476-hdr.jpg\",\"datePublished\":\"2018-08-09T11:01:56+00:00\",\"dateModified\":\"2026-02-16T17:11:38+00:00\",\"breadcrumb\":{\"@id\":\"https:\\\/\\\/rotary.fi\\\/rotakids\\\/mita-teemme\\\/#breadcrumb\"},\"inLanguage\":\"fi\",\"potentialAction\":[{\"@type\":\"ReadAction\",\"target\":[\"https:\\\/\\\/rotary.fi\\\/rotakids\\\/mita-teemme\\\/\"]}]},{\"@type\":\"ImageObject\",\"inLanguage\":\"fi\",\"@id\":\"https:\\\/\\\/rotary.fi\\\/rotakids\\\/mita-teemme\\\/#primaryimage\",\"url\":\"https:\\\/\\\/rotary.fi\\\/rotakids\\\/wp-content\\\/uploads\\\/sites\\\/264\\\/2026\\\/02\\\/img-20250705-141741476-hdr.jpg\",\"contentUrl\":\"https:\\\/\\\/rotary.fi\\\/rotakids\\\/wp-content\\\/uploads\\\/sites\\\/264\\\/2026\\\/02\\\/img-20250705-141741476-hdr.jpg\",\"width\":657,\"height\":522},{\"@type\":\"BreadcrumbList\",\"@id\":\"https:\\\/\\\/rotary.fi\\\/rotakids\\\/mita-teemme\\\/#breadcrumb\",\"itemListElement\":[{\"@type\":\"ListItem\",\"position\":1,\"name\":\"Home\",\"item\":\"https:\\\/\\\/rotary.fi\\\/rotakids\\\/\"},{\"@type\":\"ListItem\",\"position\":2,\"name\":\"Mit\u00e4 teemme\"}]},{\"@type\":\"WebSite\",\"@id\":\"https:\\\/\\\/rotary.fi\\\/rotakids\\\/#website\",\"url\":\"https:\\\/\\\/rotary.fi\\\/rotakids\\\/\",\"name\":\"RotaKids\",\"description\":\"Uusi Rotary klubisivusto\",\"potentialAction\":[{\"@type\":\"SearchAction\",\"target\":{\"@type\":\"EntryPoint\",\"urlTemplate\":\"https:\\\/\\\/rotary.fi\\\/rotakids\\\/?s={search_term_string}\"},\"query-input\":{\"@type\":\"PropertyValueSpecification\",\"valueRequired\":true,\"valueName\":\"search_term_string\"}}],\"inLanguage\":\"fi\"}]}<\/script>\n<!-- \/ Yoast SEO plugin. -->","yoast_head_json":{"title":"Mit\u00e4 teemme - RotaKids","robots":{"index":"noindex","follow":"follow","max-snippet":"max-snippet:-1","max-image-preview":"max-image-preview:large","max-video-preview":"max-video-preview:-1"},"og_locale":"fi_FI","og_type":"article","og_title":"Mit\u00e4 teemme - RotaKids","og_description":"Turvallista ja innostavaa toimintaa lapsillePienet teot, suuret vaikutuksetRotaKids tarjoaa tekemist\u00e4 ja merkityst\u00e4 alle 12-vuotiaille. Toiminnan\u00a0tarkoituksena on antaa lapsille mahdollisuus vaikuttaa ja tehd\u00e4 hyv\u00e4\u00e4 omassa yhteis\u00f6ss\u00e4\u00e4n. Teemoina toiminnassa ovat esimerkiksi\u00a0yst\u00e4vyys, kiusaamisen ehk\u00e4iseminen, sosiaaliset suhteet, aktiivinen kansalaisuus, rauha, kulttuurien moninaisuus ja ymp\u00e4rist\u00f6ty\u00f6. RotaKids toiminnan tuomiseksi Suomeen on kev\u00e4\u00e4ll\u00e4 2021 perustettu ty\u00f6ryhm\u00e4, jossa on edustajia jokaisesta Suomen Rotarypiirist\u00e4. [&hellip;]","og_url":"https:\/\/rotary.fi\/rotakids\/mita-teemme\/","og_site_name":"RotaKids","article_modified_time":"2026-02-16T17:11:38+00:00","og_image":[{"width":657,"height":522,"url":"https:\/\/rotary.fi\/rotakids\/wp-content\/uploads\/sites\/264\/2026\/02\/img-20250705-141741476-hdr.jpg","type":"image\/jpeg"}],"twitter_card":"summary_large_image","twitter_misc":{"Arvioitu lukuaika":"2 minuuttia"},"schema":{"@context":"https:\/\/schema.org","@graph":[{"@type":"WebPage","@id":"https:\/\/rotary.fi\/rotakids\/mita-teemme\/","url":"https:\/\/rotary.fi\/rotakids\/mita-teemme\/","name":"Mit\u00e4 teemme - RotaKids","isPartOf":{"@id":"https:\/\/rotary.fi\/rotakids\/#website"},"primaryImageOfPage":{"@id":"https:\/\/rotary.fi\/rotakids\/mita-teemme\/#primaryimage"},"image":{"@id":"https:\/\/rotary.fi\/rotakids\/mita-teemme\/#primaryimage"},"thumbnailUrl":"https:\/\/rotary.fi\/rotakids\/wp-content\/uploads\/sites\/264\/2026\/02\/img-20250705-141741476-hdr.jpg","datePublished":"2018-08-09T11:01:56+00:00","dateModified":"2026-02-16T17:11:38+00:00","breadcrumb":{"@id":"https:\/\/rotary.fi\/rotakids\/mita-teemme\/#breadcrumb"},"inLanguage":"fi","potentialAction":[{"@type":"ReadAction","target":["https:\/\/rotary.fi\/rotakids\/mita-teemme\/"]}]},{"@type":"ImageObject","inLanguage":"fi","@id":"https:\/\/rotary.fi\/rotakids\/mita-teemme\/#primaryimage","url":"https:\/\/rotary.fi\/rotakids\/wp-content\/uploads\/sites\/264\/2026\/02\/img-20250705-141741476-hdr.jpg","contentUrl":"https:\/\/rotary.fi\/rotakids\/wp-content\/uploads\/sites\/264\/2026\/02\/img-20250705-141741476-hdr.jpg","width":657,"height":522},{"@type":"BreadcrumbList","@id":"https:\/\/rotary.fi\/rotakids\/mita-teemme\/#breadcrumb","itemListElement":[{"@type":"ListItem","position":1,"name":"Home","item":"https:\/\/rotary.fi\/rotakids\/"},{"@type":"ListItem","position":2,"name":"Mit\u00e4 teemme"}]},{"@type":"WebSite","@id":"https:\/\/rotary.fi\/rotakids\/#website","url":"https:\/\/rotary.fi\/rotakids\/","name":"RotaKids","description":"Uusi Rotary klubisivusto","potentialAction":[{"@type":"SearchAction","target":{"@type":"EntryPoint","urlTemplate":"https:\/\/rotary.fi\/rotakids\/?s={search_term_string}"},"query-input":{"@type":"PropertyValueSpecification","valueRequired":true,"valueName":"search_term_string"}}],"inLanguage":"fi"}]}},"lang":"fi","translations":{"fi":77},"pll_sync_post":[],"_links":{"self":[{"href":"https:\/\/rotary.fi\/rotakids\/wp-json\/wp\/v2\/pages\/77","targetHints":{"allow":["GET"]}}],"collection":[{"href":"https:\/\/rotary.fi\/rotakids\/wp-json\/wp\/v2\/pages"}],"about":[{"href":"https:\/\/rotary.fi\/rotakids\/wp-json\/wp\/v2\/types\/page"}],"author":[{"embeddable":true,"href":"https:\/\/rotary.fi\/rotakids\/wp-json\/wp\/v2\/users\/1"}],"replies":[{"embeddable":true,"href":"https:\/\/rotary.fi\/rotakids\/wp-json\/wp\/v2\/comments?post=77"}],"version-history":[{"count":10,"href":"https:\/\/rotary.fi\/rotakids\/wp-json\/wp\/v2\/pages\/77\/revisions"}],"predecessor-version":[{"id":2151,"href":"https:\/\/rotary.fi\/rotakids\/wp-json\/wp\/v2\/pages\/77\/revisions\/2151"}],"wp:attachment":[{"href":"https:\/\/rotary.fi\/rotakids\/wp-json\/wp\/v2\/media?parent=77"}],"curies":[{"name":"wp","href":"https:\/\/api.w.org\/{rel}","templated":true}]}}