{"id":2023,"date":"2025-05-22T10:38:07","date_gmt":"2025-05-22T07:38:07","guid":{"rendered":"https:\/\/rotary.fi\/rotakids\/?page_id=2023"},"modified":"2025-05-22T10:42:40","modified_gmt":"2025-05-22T07:42:40","slug":"vapaaehtoisten-rikostaustan-selvittaminen","status":"publish","type":"page","link":"https:\/\/rotary.fi\/rotakids\/vapaaehtoisten-rikostaustan-selvittaminen\/","title":{"rendered":"Vapaaehtoisten rikostaustan selvitt\u00e4minen"},"content":{"rendered":"<p>[et_pb_section fb_built=&#8221;1&#8243; module_class=&#8221;jumbotron-page&#8221; _builder_version=&#8221;4.27.4&#8243; background_image=&#8221;https:\/\/rotary.fi\/rotakids\/wp-content\/uploads\/sites\/264\/2025\/04\/rotakids-pieksamaki-1-1.jpg&#8221; background_position=&#8221;top_center&#8221; locked=&#8221;off&#8221; global_colors_info=&#8221;{}&#8221;][et_pb_row _builder_version=&#8221;4.27.4&#8243; background_size=&#8221;initial&#8221; background_position=&#8221;top_center&#8221; background_repeat=&#8221;repeat&#8221; global_colors_info=&#8221;{}&#8221;][et_pb_column type=&#8221;4_4&#8243; _builder_version=&#8221;4.16&#8243; custom_padding=&#8221;|||&#8221; global_colors_info=&#8221;{}&#8221; custom_padding__hover=&#8221;|||&#8221;][et_pb_text admin_label=&#8221;P\u00e4\u00e4otsikko&#8221; _builder_version=&#8221;4.27.4&#8243; text_orientation=&#8221;center&#8221; background_layout=&#8221;dark&#8221; global_colors_info=&#8221;{}&#8221;]<\/p>\n<h1>Vapaaehtoisten rikostaustan selvitt\u00e4minen<\/h1>\n<p>[\/et_pb_text][\/et_pb_column][\/et_pb_row][\/et_pb_section][et_pb_section fb_built=&#8221;1&#8243; _builder_version=&#8221;4.27.4&#8243; _module_preset=&#8221;default&#8221; locked=&#8221;off&#8221; global_colors_info=&#8221;{}&#8221;][et_pb_row _builder_version=&#8221;4.27.4&#8243; _module_preset=&#8221;default&#8221; global_colors_info=&#8221;{}&#8221; locked=&#8221;off&#8221;][et_pb_column type=&#8221;4_4&#8243; _builder_version=&#8221;4.27.4&#8243; _module_preset=&#8221;default&#8221; global_colors_info=&#8221;{}&#8221;][et_pb_text _builder_version=&#8221;4.27.4&#8243; _module_preset=&#8221;default&#8221; hover_enabled=&#8221;0&#8243; global_colors_info=&#8221;{}&#8221; sticky_enabled=&#8221;0&#8243;]<\/p>\n<h4 class=\"zfr3Q CDt4Ke \" dir=\"ltr\"><span class=\"C9DxTc \">VAPAAEHTOISTEN RIKOSTAUSTAN SELVITT\u00c4MINEN<\/span><\/h4>\n<p class=\"zfr3Q CDt4Ke \" dir=\"ltr\"><span class=\"C9DxTc \">\u00a0<\/span><\/p>\n<p class=\"zfr3Q CDt4Ke \" dir=\"ltr\"><span class=\"C9DxTc \">Laki lasten kanssa toimivien vapaaehtoisten rikostaustan selvitt\u00e4misest\u00e4 on tullut voimaan 1.5.2014. Lain tarkoituksena on suojella alaik\u00e4isten henkil\u00f6kohtaista koskemattomuutta ja siten edist\u00e4\u00e4 ja turvata alaik\u00e4isten kasvua, kehityst\u00e4 ja hyvinvointia.<\/span><\/p>\n<p class=\"zfr3Q CDt4Ke \" dir=\"ltr\"><span class=\"C9DxTc \">\u00a0<\/span><\/p>\n<p class=\"zfr3Q CDt4Ke \" dir=\"ltr\"><span class=\"C9DxTc \">RotaKids -toiminnassa rotaryklubit sitoutuvat lasten turvallisuutta ja koskemattomuutta edist\u00e4viin toimintatapoihin toiminnassaan. T\u00e4m\u00e4 tarkoittaa sit\u00e4, ett\u00e4 klubin hallitus k\u00e4sittelee ja p\u00e4\u00e4tt\u00e4\u00e4 ohjeen soveltamisesta toiminnassaan. P\u00e4\u00e4t\u00f6kseen sis\u00e4ltyy vapaaehtoisen rikostaustan tarkistaminen \u2013 asiakirjan hyv\u00e4ksyminen.<\/span><\/p>\n<p class=\"zfr3Q CDt4Ke \" dir=\"ltr\"><span class=\"C9DxTc \">\u00a0<\/span><\/p>\n<p class=\"zfr3Q CDt4Ke \" dir=\"ltr\"><span class=\"C9DxTc \">Olemme laatineet k\u00e4ytt\u00f6\u00f6nne ohjeistuksen ja vapaaehtoisen suostumuksen. Ohjeistus noudattaa Oikeusrekisterikeskuksen ohjeistusta.<\/span><\/p>\n<p>[\/et_pb_text][et_pb_button button_url=&#8221;@ET-DC@eyJkeW5hbWljIjp0cnVlLCJjb250ZW50IjoicG9zdF9saW5rX3VybF9hdHRhY2htZW50Iiwic2V0dGluZ3MiOnsicG9zdF9pZCI6IjE2MzYiLCJlbmFibGVfaHRtbCI6Im9mZiJ9fQ==@&#8221; url_new_window=&#8221;on&#8221; button_text=&#8221;VAPAAEHTOISEN RIKOSTAUSTAN SELVITT\u00c4MINEN&#8221; _builder_version=&#8221;4.27.4&#8243; _dynamic_attributes=&#8221;button_url&#8221; _module_preset=&#8221;default&#8221; locked=&#8221;off&#8221; global_colors_info=&#8221;{}&#8221;][\/et_pb_button][et_pb_button button_url=&#8221;@ET-DC@eyJkeW5hbWljIjp0cnVlLCJjb250ZW50IjoicG9zdF9saW5rX3VybF9hdHRhY2htZW50Iiwic2V0dGluZ3MiOnsicG9zdF9pZCI6IjE2MzUiLCJlbmFibGVfaHRtbCI6Im9mZiJ9fQ==@&#8221; url_new_window=&#8221;on&#8221; button_text=&#8221;VAPAAEHTOISEN SUOSTUMUS RIKOSREKISTERIOTTEEN HAKEMINEN&#8221; _builder_version=&#8221;4.27.4&#8243; _dynamic_attributes=&#8221;button_url&#8221; _module_preset=&#8221;default&#8221; locked=&#8221;off&#8221; global_colors_info=&#8221;{}&#8221;][\/et_pb_button][\/et_pb_column][\/et_pb_row][\/et_pb_section]<\/p>\n","protected":false},"excerpt":{"rendered":"<p>Vapaaehtoisten rikostaustan selvitt\u00e4minenVAPAAEHTOISTEN RIKOSTAUSTAN SELVITT\u00c4MINEN \u00a0 Laki lasten kanssa toimivien vapaaehtoisten rikostaustan selvitt\u00e4misest\u00e4 on tullut voimaan 1.5.2014. Lain tarkoituksena on suojella alaik\u00e4isten henkil\u00f6kohtaista koskemattomuutta ja siten edist\u00e4\u00e4 ja turvata alaik\u00e4isten kasvua, kehityst\u00e4 ja hyvinvointia. \u00a0 RotaKids -toiminnassa rotaryklubit sitoutuvat lasten turvallisuutta ja koskemattomuutta edist\u00e4viin toimintatapoihin toiminnassaan. T\u00e4m\u00e4 tarkoittaa sit\u00e4, ett\u00e4 klubin hallitus k\u00e4sittelee ja p\u00e4\u00e4tt\u00e4\u00e4 [&hellip;]<\/p>\n","protected":false},"author":11,"featured_media":0,"parent":0,"menu_order":0,"comment_status":"closed","ping_status":"closed","template":"","meta":{"_acf_changed":false,"_et_pb_use_builder":"on","_et_pb_old_content":"","_et_gb_content_width":"","footnotes":""},"class_list":["post-2023","page","type-page","status-publish","hentry"],"acf":[],"yoast_head":"<!-- This site is optimized with the Yoast SEO plugin v27.4 - https:\/\/yoast.com\/product\/yoast-seo-wordpress\/ -->\n<title>Vapaaehtoisten rikostaustan selvitt\u00e4minen - RotaKids<\/title>\n<meta name=\"robots\" content=\"noindex, follow, max-snippet:-1, max-image-preview:large, max-video-preview:-1\" \/>\n<meta property=\"og:locale\" content=\"fi_FI\" \/>\n<meta property=\"og:type\" content=\"article\" \/>\n<meta property=\"og:title\" content=\"Vapaaehtoisten rikostaustan selvitt\u00e4minen - RotaKids\" \/>\n<meta property=\"og:description\" content=\"Vapaaehtoisten rikostaustan selvitt\u00e4minenVAPAAEHTOISTEN RIKOSTAUSTAN SELVITT\u00c4MINEN \u00a0 Laki lasten kanssa toimivien vapaaehtoisten rikostaustan selvitt\u00e4misest\u00e4 on tullut voimaan 1.5.2014. Lain tarkoituksena on suojella alaik\u00e4isten henkil\u00f6kohtaista koskemattomuutta ja siten edist\u00e4\u00e4 ja turvata alaik\u00e4isten kasvua, kehityst\u00e4 ja hyvinvointia. \u00a0 RotaKids -toiminnassa rotaryklubit sitoutuvat lasten turvallisuutta ja koskemattomuutta edist\u00e4viin toimintatapoihin toiminnassaan. T\u00e4m\u00e4 tarkoittaa sit\u00e4, ett\u00e4 klubin hallitus k\u00e4sittelee ja p\u00e4\u00e4tt\u00e4\u00e4 [&hellip;]\" \/>\n<meta property=\"og:url\" content=\"https:\/\/rotary.fi\/rotakids\/vapaaehtoisten-rikostaustan-selvittaminen\/\" \/>\n<meta property=\"og:site_name\" content=\"RotaKids\" \/>\n<meta property=\"article:modified_time\" content=\"2025-05-22T07:42:40+00:00\" \/>\n<meta name=\"twitter:card\" content=\"summary_large_image\" \/>\n<meta name=\"twitter:label1\" content=\"Arvioitu lukuaika\" \/>\n\t<meta name=\"twitter:data1\" content=\"1 minuutti\" \/>\n<script type=\"application\/ld+json\" class=\"yoast-schema-graph\">{\"@context\":\"https:\\\/\\\/schema.org\",\"@graph\":[{\"@type\":\"WebPage\",\"@id\":\"https:\\\/\\\/rotary.fi\\\/rotakids\\\/vapaaehtoisten-rikostaustan-selvittaminen\\\/\",\"url\":\"https:\\\/\\\/rotary.fi\\\/rotakids\\\/vapaaehtoisten-rikostaustan-selvittaminen\\\/\",\"name\":\"Vapaaehtoisten rikostaustan selvitt\u00e4minen - RotaKids\",\"isPartOf\":{\"@id\":\"https:\\\/\\\/rotary.fi\\\/rotakids\\\/#website\"},\"datePublished\":\"2025-05-22T07:38:07+00:00\",\"dateModified\":\"2025-05-22T07:42:40+00:00\",\"breadcrumb\":{\"@id\":\"https:\\\/\\\/rotary.fi\\\/rotakids\\\/vapaaehtoisten-rikostaustan-selvittaminen\\\/#breadcrumb\"},\"inLanguage\":\"fi\",\"potentialAction\":[{\"@type\":\"ReadAction\",\"target\":[\"https:\\\/\\\/rotary.fi\\\/rotakids\\\/vapaaehtoisten-rikostaustan-selvittaminen\\\/\"]}]},{\"@type\":\"BreadcrumbList\",\"@id\":\"https:\\\/\\\/rotary.fi\\\/rotakids\\\/vapaaehtoisten-rikostaustan-selvittaminen\\\/#breadcrumb\",\"itemListElement\":[{\"@type\":\"ListItem\",\"position\":1,\"name\":\"Home\",\"item\":\"https:\\\/\\\/rotary.fi\\\/rotakids\\\/\"},{\"@type\":\"ListItem\",\"position\":2,\"name\":\"Vapaaehtoisten rikostaustan selvitt\u00e4minen\"}]},{\"@type\":\"WebSite\",\"@id\":\"https:\\\/\\\/rotary.fi\\\/rotakids\\\/#website\",\"url\":\"https:\\\/\\\/rotary.fi\\\/rotakids\\\/\",\"name\":\"RotaKids\",\"description\":\"Uusi Rotary klubisivusto\",\"potentialAction\":[{\"@type\":\"SearchAction\",\"target\":{\"@type\":\"EntryPoint\",\"urlTemplate\":\"https:\\\/\\\/rotary.fi\\\/rotakids\\\/?s={search_term_string}\"},\"query-input\":{\"@type\":\"PropertyValueSpecification\",\"valueRequired\":true,\"valueName\":\"search_term_string\"}}],\"inLanguage\":\"fi\"}]}<\/script>\n<!-- \/ Yoast SEO plugin. -->","yoast_head_json":{"title":"Vapaaehtoisten rikostaustan selvitt\u00e4minen - RotaKids","robots":{"index":"noindex","follow":"follow","max-snippet":"max-snippet:-1","max-image-preview":"max-image-preview:large","max-video-preview":"max-video-preview:-1"},"og_locale":"fi_FI","og_type":"article","og_title":"Vapaaehtoisten rikostaustan selvitt\u00e4minen - RotaKids","og_description":"Vapaaehtoisten rikostaustan selvitt\u00e4minenVAPAAEHTOISTEN RIKOSTAUSTAN SELVITT\u00c4MINEN \u00a0 Laki lasten kanssa toimivien vapaaehtoisten rikostaustan selvitt\u00e4misest\u00e4 on tullut voimaan 1.5.2014. Lain tarkoituksena on suojella alaik\u00e4isten henkil\u00f6kohtaista koskemattomuutta ja siten edist\u00e4\u00e4 ja turvata alaik\u00e4isten kasvua, kehityst\u00e4 ja hyvinvointia. \u00a0 RotaKids -toiminnassa rotaryklubit sitoutuvat lasten turvallisuutta ja koskemattomuutta edist\u00e4viin toimintatapoihin toiminnassaan. T\u00e4m\u00e4 tarkoittaa sit\u00e4, ett\u00e4 klubin hallitus k\u00e4sittelee ja p\u00e4\u00e4tt\u00e4\u00e4 [&hellip;]","og_url":"https:\/\/rotary.fi\/rotakids\/vapaaehtoisten-rikostaustan-selvittaminen\/","og_site_name":"RotaKids","article_modified_time":"2025-05-22T07:42:40+00:00","twitter_card":"summary_large_image","twitter_misc":{"Arvioitu lukuaika":"1 minuutti"},"schema":{"@context":"https:\/\/schema.org","@graph":[{"@type":"WebPage","@id":"https:\/\/rotary.fi\/rotakids\/vapaaehtoisten-rikostaustan-selvittaminen\/","url":"https:\/\/rotary.fi\/rotakids\/vapaaehtoisten-rikostaustan-selvittaminen\/","name":"Vapaaehtoisten rikostaustan selvitt\u00e4minen - RotaKids","isPartOf":{"@id":"https:\/\/rotary.fi\/rotakids\/#website"},"datePublished":"2025-05-22T07:38:07+00:00","dateModified":"2025-05-22T07:42:40+00:00","breadcrumb":{"@id":"https:\/\/rotary.fi\/rotakids\/vapaaehtoisten-rikostaustan-selvittaminen\/#breadcrumb"},"inLanguage":"fi","potentialAction":[{"@type":"ReadAction","target":["https:\/\/rotary.fi\/rotakids\/vapaaehtoisten-rikostaustan-selvittaminen\/"]}]},{"@type":"BreadcrumbList","@id":"https:\/\/rotary.fi\/rotakids\/vapaaehtoisten-rikostaustan-selvittaminen\/#breadcrumb","itemListElement":[{"@type":"ListItem","position":1,"name":"Home","item":"https:\/\/rotary.fi\/rotakids\/"},{"@type":"ListItem","position":2,"name":"Vapaaehtoisten rikostaustan selvitt\u00e4minen"}]},{"@type":"WebSite","@id":"https:\/\/rotary.fi\/rotakids\/#website","url":"https:\/\/rotary.fi\/rotakids\/","name":"RotaKids","description":"Uusi Rotary klubisivusto","potentialAction":[{"@type":"SearchAction","target":{"@type":"EntryPoint","urlTemplate":"https:\/\/rotary.fi\/rotakids\/?s={search_term_string}"},"query-input":{"@type":"PropertyValueSpecification","valueRequired":true,"valueName":"search_term_string"}}],"inLanguage":"fi"}]}},"lang":"fi","translations":{"fi":2023},"pll_sync_post":[],"_links":{"self":[{"href":"https:\/\/rotary.fi\/rotakids\/wp-json\/wp\/v2\/pages\/2023","targetHints":{"allow":["GET"]}}],"collection":[{"href":"https:\/\/rotary.fi\/rotakids\/wp-json\/wp\/v2\/pages"}],"about":[{"href":"https:\/\/rotary.fi\/rotakids\/wp-json\/wp\/v2\/types\/page"}],"author":[{"embeddable":true,"href":"https:\/\/rotary.fi\/rotakids\/wp-json\/wp\/v2\/users\/11"}],"replies":[{"embeddable":true,"href":"https:\/\/rotary.fi\/rotakids\/wp-json\/wp\/v2\/comments?post=2023"}],"version-history":[{"count":4,"href":"https:\/\/rotary.fi\/rotakids\/wp-json\/wp\/v2\/pages\/2023\/revisions"}],"predecessor-version":[{"id":2030,"href":"https:\/\/rotary.fi\/rotakids\/wp-json\/wp\/v2\/pages\/2023\/revisions\/2030"}],"wp:attachment":[{"href":"https:\/\/rotary.fi\/rotakids\/wp-json\/wp\/v2\/media?parent=2023"}],"curies":[{"name":"wp","href":"https:\/\/api.w.org\/{rel}","templated":true}]}}