{"id":160,"date":"2018-08-13T09:49:16","date_gmt":"2018-08-13T06:49:16","guid":{"rendered":"https:\/\/rotary.fi\/rotakids\/?page_id=160"},"modified":"2025-05-23T11:33:01","modified_gmt":"2025-05-23T08:33:01","slug":"materiaalipankki","status":"publish","type":"page","link":"https:\/\/rotary.fi\/rotakids\/mita-teemme\/materiaalipankki\/","title":{"rendered":"RotaKids tuotteet"},"content":{"rendered":"<p>[et_pb_section fb_built=&#8221;1&#8243; module_class=&#8221;jumbotron-page&#8221; _builder_version=&#8221;4.27.4&#8243; background_image=&#8221;https:\/\/rotary.fi\/rotakids\/wp-content\/uploads\/sites\/264\/2025\/04\/img-20250315-110908762-hdr.jpg&#8221; global_colors_info=&#8221;{}&#8221;][et_pb_row _builder_version=&#8221;4.16&#8243; background_size=&#8221;initial&#8221; background_position=&#8221;top_left&#8221; background_repeat=&#8221;repeat&#8221; global_colors_info=&#8221;{}&#8221;][et_pb_column type=&#8221;4_4&#8243; _builder_version=&#8221;4.16&#8243; custom_padding=&#8221;|||&#8221; global_colors_info=&#8221;{}&#8221; custom_padding__hover=&#8221;|||&#8221;][et_pb_text admin_label=&#8221;P\u00e4\u00e4otsikko&#8221; _builder_version=&#8221;4.27.4&#8243; text_orientation=&#8221;center&#8221; background_layout=&#8221;dark&#8221; global_colors_info=&#8221;{}&#8221;]<\/p>\n<h1>RotaKids tuotteet<\/h1>\n<p>[\/et_pb_text][\/et_pb_column][\/et_pb_row][\/et_pb_section][et_pb_section fb_built=&#8221;1&#8243; _builder_version=&#8221;4.27.4&#8243; _module_preset=&#8221;default&#8221; global_colors_info=&#8221;{}&#8221;][et_pb_row _builder_version=&#8221;4.27.4&#8243; _module_preset=&#8221;default&#8221; global_colors_info=&#8221;{}&#8221;][et_pb_column type=&#8221;4_4&#8243; _builder_version=&#8221;4.27.4&#8243; _module_preset=&#8221;default&#8221; global_colors_info=&#8221;{}&#8221;][et_pb_text _builder_version=&#8221;4.27.4&#8243; _module_preset=&#8221;default&#8221; global_colors_info=&#8221;{}&#8221;]<\/p>\n<h4 dir=\"ltr\">RotaKids rintaneulat ja tarrat<\/h4>\n<p>&nbsp;<\/p>\n<p class=\"zfr3Q CDt4Ke \" dir=\"ltr\"><span class=\"C9DxTc \">Voit tilata tapahtumaan <strong>RotaKids<\/strong>\u00a0<strong>rintaneuloja tai tarroja<\/strong>\u00a0ja tukea n\u00e4in Suomen RotaKids toimintaa:<\/span><\/p>\n<p class=\"zfr3Q CDt4Ke \" dir=\"ltr\"><span class=\"C9DxTc \"><\/span><\/p>\n<p dir=\"ltr\">\n<ul class=\"n8H08c UVNKR \">\n<li class=\"zfr3Q TYR86d eD0Rn \" dir=\"ltr\">\n<p class=\"zfr3Q CDt4Ke \" dir=\"ltr\" role=\"presentation\"><span class=\"C9DxTc \">Rintaneulan halkaisija on 45mm ja hinta 1,50\u20ac \/ kpl + postimaksu\u00a0<\/span><\/p>\n<\/li>\n<li class=\"zfr3Q TYR86d eD0Rn \" dir=\"ltr\">\n<p class=\"zfr3Q CDt4Ke \" dir=\"ltr\" role=\"presentation\"><span class=\"C9DxTc \">Rintaneuloja myyd\u00e4\u00e4n my\u00f6s 10kpl \/10\u20ac + postimaksu (voit tilata 10, 20, 30 jne.)\u00a0<\/span><\/p>\n<\/li>\n<\/ul>\n<ul class=\"n8H08c UVNKR \">\n<li class=\"zfr3Q TYR86d eD0Rn \" dir=\"ltr\">\n<p class=\"zfr3Q CDt4Ke \" dir=\"ltr\" role=\"presentation\"><span class=\"C9DxTc \">Tarran halkaisija on 38mm ja hinta. 8\u20ac \/ 24 kpl arkki + postimaksu (voit tilata 1, 2, 3 jne. arkkia)<\/span><\/p>\n<\/li>\n<li class=\"zfr3Q TYR86d eD0Rn \" dir=\"ltr\">\n<p class=\"zfr3Q CDt4Ke \" dir=\"ltr\" role=\"presentation\"><span class=\"C9DxTc \">Rintaneulat ja tarrat tilataan s\u00e4hk\u00f6postilla osoitteesta\u00a0<\/span><span class=\"C9DxTc \">rotakidsfinland@gmail.com<\/span><span class=\"C9DxTc \">\u00a0<\/span><\/p>\n<\/li>\n<\/ul>\n<ul class=\"n8H08c UVNKR \">\n<li class=\"zfr3Q TYR86d eD0Rn \" dir=\"ltr\">\n<p class=\"zfr3Q CDt4Ke \" dir=\"ltr\" role=\"presentation\"><span class=\"C9DxTc \">ilmoita viestiss\u00e4 tilaajaklubi, yhteyshenkil\u00f6, toimitusosoite, puhelinnumero, tilattavien tuotteiden kappalem\u00e4\u00e4r\u00e4\u00a0<\/span><\/p>\n<\/li>\n<\/ul>\n<ul class=\"n8H08c UVNKR \">\n<li class=\"zfr3Q TYR86d eD0Rn \" dir=\"ltr\">\n<p class=\"zfr3Q CDt4Ke \" dir=\"ltr\" role=\"presentation\"><span class=\"C9DxTc \">Odota vahvistusviesti\u00e4 ja maksa sen j\u00e4lkeen tilattavat tuotteet\u00a0<\/span><\/p>\n<\/li>\n<\/ul>\n<ul class=\"n8H08c UVNKR \">\n<li class=\"zfr3Q TYR86d eD0Rn \" dir=\"ltr\">\n<p class=\"zfr3Q CDt4Ke \" dir=\"ltr\" role=\"presentation\"><span class=\"C9DxTc \">Tilaus on teht\u00e4v\u00e4 viimeist\u00e4\u00e4n 3 viikkoa ennen toivottua tapahtumaa ja tulet saamaan laskun s\u00e4hk\u00f6postiin tilatuista tuotteista<\/span><\/p>\n<\/li>\n<\/ul>\n<p>[\/et_pb_text][\/et_pb_column][\/et_pb_row][et_pb_row column_structure=&#8221;1_2,1_2&#8243; _builder_version=&#8221;4.27.4&#8243; _module_preset=&#8221;default&#8221; global_colors_info=&#8221;{}&#8221; locked=&#8221;off&#8221;][et_pb_column type=&#8221;1_2&#8243; _builder_version=&#8221;4.27.4&#8243; _module_preset=&#8221;default&#8221; global_colors_info=&#8221;{}&#8221;][et_pb_image src=&#8221;https:\/\/rotary.fi\/rotakids\/wp-content\/uploads\/sites\/264\/2025\/04\/untitled.jpg&#8221; title_text=&#8221;Untitled&#8221; _builder_version=&#8221;4.27.4&#8243; _module_preset=&#8221;default&#8221; min_height=&#8221;726.6px&#8221; global_colors_info=&#8221;{}&#8221;][\/et_pb_image][et_pb_text _builder_version=&#8221;4.27.4&#8243; _module_preset=&#8221;default&#8221; global_colors_info=&#8221;{}&#8221;]<\/p>\n<h4 class=\"zfr3Q CDt4Ke \" dir=\"ltr\">\u00a0<\/h4>\n<p class=\"zfr3Q CDt4Ke \" dir=\"ltr\"><span class=\"C9DxTc \">\u00a0<\/span><\/p>\n<p class=\"zfr3Q CDt4Ke \" dir=\"ltr\">\n<p class=\"zfr3Q CDt4Ke \" dir=\"ltr\"><span class=\"C9DxTc \">\u00a0<\/span><\/p>\n<p class=\"zfr3Q CDt4Ke \" dir=\"ltr\">\n<p>&nbsp;<\/p>\n<p class=\"zfr3Q CDt4Ke \" dir=\"ltr\">[\/et_pb_text][\/et_pb_column][et_pb_column type=&#8221;1_2&#8243; _builder_version=&#8221;4.27.4&#8243; _module_preset=&#8221;default&#8221; global_colors_info=&#8221;{}&#8221;][et_pb_image src=&#8221;https:\/\/rotary.fi\/rotakids\/wp-content\/uploads\/sites\/264\/2025\/04\/nayttokuva-2023-5-8-kello-152450.png&#8221; title_text=&#8221;N\u00e4ytt\u00f6kuva 2023-5-8 kello 15.24.50&#8243; _builder_version=&#8221;4.27.4&#8243; _module_preset=&#8221;default&#8221; global_colors_info=&#8221;{}&#8221;][\/et_pb_image][\/et_pb_column][\/et_pb_row][\/et_pb_section]<\/p>\n","protected":false},"excerpt":{"rendered":"<p>RotaKids tuotteetRotaKids rintaneulat ja tarrat &nbsp; Voit tilata tapahtumaan RotaKids\u00a0rintaneuloja tai tarroja\u00a0ja tukea n\u00e4in Suomen RotaKids toimintaa: Rintaneulan halkaisija on 45mm ja hinta 1,50\u20ac \/ kpl + postimaksu\u00a0 Rintaneuloja myyd\u00e4\u00e4n my\u00f6s 10kpl \/10\u20ac + postimaksu (voit tilata 10, 20, 30 jne.)\u00a0 Tarran halkaisija on 38mm ja hinta. 8\u20ac \/ 24 kpl arkki + postimaksu (voit [&hellip;]<\/p>\n","protected":false},"author":1,"featured_media":0,"parent":77,"menu_order":0,"comment_status":"closed","ping_status":"closed","template":"","meta":{"_acf_changed":false,"_et_pb_use_builder":"on","_et_pb_old_content":"","_et_gb_content_width":"","footnotes":""},"class_list":["post-160","page","type-page","status-publish","hentry"],"acf":[],"yoast_head":"<!-- This site is optimized with the Yoast SEO plugin v27.4 - https:\/\/yoast.com\/product\/yoast-seo-wordpress\/ -->\n<title>RotaKids tuotteet - RotaKids<\/title>\n<meta name=\"robots\" content=\"noindex, follow, max-snippet:-1, max-image-preview:large, max-video-preview:-1\" \/>\n<meta property=\"og:locale\" content=\"fi_FI\" \/>\n<meta property=\"og:type\" content=\"article\" \/>\n<meta property=\"og:title\" content=\"RotaKids tuotteet - RotaKids\" \/>\n<meta property=\"og:description\" content=\"RotaKids tuotteetRotaKids rintaneulat ja tarrat &nbsp; Voit tilata tapahtumaan RotaKids\u00a0rintaneuloja tai tarroja\u00a0ja tukea n\u00e4in Suomen RotaKids toimintaa: Rintaneulan halkaisija on 45mm ja hinta 1,50\u20ac \/ kpl + postimaksu\u00a0 Rintaneuloja myyd\u00e4\u00e4n my\u00f6s 10kpl \/10\u20ac + postimaksu (voit tilata 10, 20, 30 jne.)\u00a0 Tarran halkaisija on 38mm ja hinta. 8\u20ac \/ 24 kpl arkki + postimaksu (voit [&hellip;]\" \/>\n<meta property=\"og:url\" content=\"https:\/\/rotary.fi\/rotakids\/mita-teemme\/materiaalipankki\/\" \/>\n<meta property=\"og:site_name\" content=\"RotaKids\" \/>\n<meta property=\"article:modified_time\" content=\"2025-05-23T08:33:01+00:00\" \/>\n<meta name=\"twitter:card\" content=\"summary_large_image\" \/>\n<meta name=\"twitter:label1\" content=\"Arvioitu lukuaika\" \/>\n\t<meta name=\"twitter:data1\" content=\"2 minuuttia\" \/>\n<script type=\"application\/ld+json\" class=\"yoast-schema-graph\">{\"@context\":\"https:\\\/\\\/schema.org\",\"@graph\":[{\"@type\":\"WebPage\",\"@id\":\"https:\\\/\\\/rotary.fi\\\/rotakids\\\/mita-teemme\\\/materiaalipankki\\\/\",\"url\":\"https:\\\/\\\/rotary.fi\\\/rotakids\\\/mita-teemme\\\/materiaalipankki\\\/\",\"name\":\"RotaKids tuotteet - RotaKids\",\"isPartOf\":{\"@id\":\"https:\\\/\\\/rotary.fi\\\/rotakids\\\/#website\"},\"datePublished\":\"2018-08-13T06:49:16+00:00\",\"dateModified\":\"2025-05-23T08:33:01+00:00\",\"breadcrumb\":{\"@id\":\"https:\\\/\\\/rotary.fi\\\/rotakids\\\/mita-teemme\\\/materiaalipankki\\\/#breadcrumb\"},\"inLanguage\":\"fi\",\"potentialAction\":[{\"@type\":\"ReadAction\",\"target\":[\"https:\\\/\\\/rotary.fi\\\/rotakids\\\/mita-teemme\\\/materiaalipankki\\\/\"]}]},{\"@type\":\"BreadcrumbList\",\"@id\":\"https:\\\/\\\/rotary.fi\\\/rotakids\\\/mita-teemme\\\/materiaalipankki\\\/#breadcrumb\",\"itemListElement\":[{\"@type\":\"ListItem\",\"position\":1,\"name\":\"Home\",\"item\":\"https:\\\/\\\/rotary.fi\\\/rotakids\\\/\"},{\"@type\":\"ListItem\",\"position\":2,\"name\":\"Mit\u00e4 teemme\",\"item\":\"https:\\\/\\\/rotary.fi\\\/rotakids\\\/mita-teemme\\\/\"},{\"@type\":\"ListItem\",\"position\":3,\"name\":\"RotaKids tuotteet\"}]},{\"@type\":\"WebSite\",\"@id\":\"https:\\\/\\\/rotary.fi\\\/rotakids\\\/#website\",\"url\":\"https:\\\/\\\/rotary.fi\\\/rotakids\\\/\",\"name\":\"RotaKids\",\"description\":\"Uusi Rotary klubisivusto\",\"potentialAction\":[{\"@type\":\"SearchAction\",\"target\":{\"@type\":\"EntryPoint\",\"urlTemplate\":\"https:\\\/\\\/rotary.fi\\\/rotakids\\\/?s={search_term_string}\"},\"query-input\":{\"@type\":\"PropertyValueSpecification\",\"valueRequired\":true,\"valueName\":\"search_term_string\"}}],\"inLanguage\":\"fi\"}]}<\/script>\n<!-- \/ Yoast SEO plugin. -->","yoast_head_json":{"title":"RotaKids tuotteet - RotaKids","robots":{"index":"noindex","follow":"follow","max-snippet":"max-snippet:-1","max-image-preview":"max-image-preview:large","max-video-preview":"max-video-preview:-1"},"og_locale":"fi_FI","og_type":"article","og_title":"RotaKids tuotteet - RotaKids","og_description":"RotaKids tuotteetRotaKids rintaneulat ja tarrat &nbsp; Voit tilata tapahtumaan RotaKids\u00a0rintaneuloja tai tarroja\u00a0ja tukea n\u00e4in Suomen RotaKids toimintaa: Rintaneulan halkaisija on 45mm ja hinta 1,50\u20ac \/ kpl + postimaksu\u00a0 Rintaneuloja myyd\u00e4\u00e4n my\u00f6s 10kpl \/10\u20ac + postimaksu (voit tilata 10, 20, 30 jne.)\u00a0 Tarran halkaisija on 38mm ja hinta. 8\u20ac \/ 24 kpl arkki + postimaksu (voit [&hellip;]","og_url":"https:\/\/rotary.fi\/rotakids\/mita-teemme\/materiaalipankki\/","og_site_name":"RotaKids","article_modified_time":"2025-05-23T08:33:01+00:00","twitter_card":"summary_large_image","twitter_misc":{"Arvioitu lukuaika":"2 minuuttia"},"schema":{"@context":"https:\/\/schema.org","@graph":[{"@type":"WebPage","@id":"https:\/\/rotary.fi\/rotakids\/mita-teemme\/materiaalipankki\/","url":"https:\/\/rotary.fi\/rotakids\/mita-teemme\/materiaalipankki\/","name":"RotaKids tuotteet - RotaKids","isPartOf":{"@id":"https:\/\/rotary.fi\/rotakids\/#website"},"datePublished":"2018-08-13T06:49:16+00:00","dateModified":"2025-05-23T08:33:01+00:00","breadcrumb":{"@id":"https:\/\/rotary.fi\/rotakids\/mita-teemme\/materiaalipankki\/#breadcrumb"},"inLanguage":"fi","potentialAction":[{"@type":"ReadAction","target":["https:\/\/rotary.fi\/rotakids\/mita-teemme\/materiaalipankki\/"]}]},{"@type":"BreadcrumbList","@id":"https:\/\/rotary.fi\/rotakids\/mita-teemme\/materiaalipankki\/#breadcrumb","itemListElement":[{"@type":"ListItem","position":1,"name":"Home","item":"https:\/\/rotary.fi\/rotakids\/"},{"@type":"ListItem","position":2,"name":"Mit\u00e4 teemme","item":"https:\/\/rotary.fi\/rotakids\/mita-teemme\/"},{"@type":"ListItem","position":3,"name":"RotaKids tuotteet"}]},{"@type":"WebSite","@id":"https:\/\/rotary.fi\/rotakids\/#website","url":"https:\/\/rotary.fi\/rotakids\/","name":"RotaKids","description":"Uusi Rotary klubisivusto","potentialAction":[{"@type":"SearchAction","target":{"@type":"EntryPoint","urlTemplate":"https:\/\/rotary.fi\/rotakids\/?s={search_term_string}"},"query-input":{"@type":"PropertyValueSpecification","valueRequired":true,"valueName":"search_term_string"}}],"inLanguage":"fi"}]}},"lang":"fi","translations":{"fi":160},"pll_sync_post":[],"_links":{"self":[{"href":"https:\/\/rotary.fi\/rotakids\/wp-json\/wp\/v2\/pages\/160","targetHints":{"allow":["GET"]}}],"collection":[{"href":"https:\/\/rotary.fi\/rotakids\/wp-json\/wp\/v2\/pages"}],"about":[{"href":"https:\/\/rotary.fi\/rotakids\/wp-json\/wp\/v2\/types\/page"}],"author":[{"embeddable":true,"href":"https:\/\/rotary.fi\/rotakids\/wp-json\/wp\/v2\/users\/1"}],"replies":[{"embeddable":true,"href":"https:\/\/rotary.fi\/rotakids\/wp-json\/wp\/v2\/comments?post=160"}],"version-history":[{"count":9,"href":"https:\/\/rotary.fi\/rotakids\/wp-json\/wp\/v2\/pages\/160\/revisions"}],"predecessor-version":[{"id":2048,"href":"https:\/\/rotary.fi\/rotakids\/wp-json\/wp\/v2\/pages\/160\/revisions\/2048"}],"up":[{"embeddable":true,"href":"https:\/\/rotary.fi\/rotakids\/wp-json\/wp\/v2\/pages\/77"}],"wp:attachment":[{"href":"https:\/\/rotary.fi\/rotakids\/wp-json\/wp\/v2\/media?parent=160"}],"curies":[{"name":"wp","href":"https:\/\/api.w.org\/{rel}","templated":true}]}}